{"id":4412,"date":"2025-09-28T11:22:37","date_gmt":"2025-09-28T10:22:37","guid":{"rendered":"https:\/\/medicaltravel.at\/hasta-hikayeleri\/eski-hasta-raporlari\/benim-istanbuldaki-lasik-ameliyati-deneyimim-28-ekim-2007-pazar-tarihli-rapor\/"},"modified":"2026-01-13T18:14:44","modified_gmt":"2026-01-13T17:14:44","slug":"benim-istanbuldaki-lasik-ameliyati-deneyimim-28-ekim-2007-pazar-tarihli-rapor","status":"publish","type":"page","link":"https:\/\/medicaltravel.at\/tr\/hasta-hikayeleri\/eski-hasta-raporlari\/benim-istanbuldaki-lasik-ameliyati-deneyimim-28-ekim-2007-pazar-tarihli-rapor\/","title":{"rendered":"Benim \u0130stanbul\u2019daki LASIK Ameliyat\u0131 Deneyimim \u2013 28 Ekim 2007 Pazar tarihli rapor"},"content":{"rendered":"\n<h3 class=\"wp-block-heading\">Benim \u0130stanbul\u2019daki LASIK Ameliyat\u0131 Deneyimim \u2013 28 Ekim 2007 Pazar tarihli rapor<\/h3>\n\n<p>NE, AKLINIZIMI KAYBETT\u0130N\u0130Z? Buna benzer bir \u015fey. <\/p>\n\n<p>Ba\u015far\u0131l\u0131 bir lazer ameliyat\u0131mdan sonra dedi ki\u2026<\/p>\n\n<p>Tan\u0131d\u0131klar\u0131ma, i\u015flemi \u0130svi\u00e7re\u2019de yapt\u0131rmad\u0131\u011f\u0131m\u0131 anlat\u0131yorum.<\/p>\n\n<p>ama \u0130stanbul\u2019da yapt\u0131rd\u0131\u011f\u0131m\u0131 s\u00f6yledim. Kabul etmeliyim ki\u2026 <\/p>\n\n<p>\u0130stanbul\u2019a gitmeden \u00f6nce biraz tedirgin hissetmi\u015ftim. Benim\u2026 <\/p>\n\n<p>Endi\u015felerim, 12 Temmuz\u2019da \u0130stanbul\u2019a indikten k\u0131sa s\u00fcre sonra yersiz oldu\u011funu g\u00f6sterdi; kendimi hemen \u00e7ok iyi bak\u0131ld\u0131\u011f\u0131n\u0131 ve harika bir \u015fekilde ilgilenildi\u011fimi hissettim. Ameliyat sorunsuz ge\u00e7ti, ancak\u2026 <\/p>\n\n<p>ameliyattan sonraki ilk 12 saat olduk\u00e7a rahats\u0131z ediciydi, ama hi\u00e7\u2026<\/p>\n\n<p>24 y\u0131l boyunca ya\u015fad\u0131\u011f\u0131m rahats\u0131zl\u0131klarla kar\u015f\u0131la\u015ft\u0131r\u0131ld\u0131\u011f\u0131nda\u2026<\/p>\n\n<p>yar\u0131 sert kontakt lenslerle ya\u015fad\u0131\u011f\u0131m sorunlara k\u0131yasla. Ameliyattan sonraki ilk sabah\u2026 <\/p>\n\n<p>tam anlam\u0131yla b\u00fcy\u00fcleyiciydi ve kendimi Harikalar Diyar\u0131\u2019ndaki Alice gibi hissettim, g\u00f6rd\u00fc\u011f\u00fcm \u015feyler\u2026<\/p>\n\n<p>\u0130stanbul\u2019u adeta bamba\u015fka g\u00f6zlerle g\u00f6rd\u00fcm. Co\u015fku, zamanla\u2026 <\/p>\n\n<p>azald\u0131, \u00e7\u00fcnk\u00fc birka\u00e7 hafta boyunca g\u00f6r\u00fc\u015f dalgalanmalar\u0131 ya\u015fad\u0131m.<\/p>\n\n<p>ve g\u00f6zlerimle ben, yeni duruma \u00f6nce al\u0131\u015fmaya \u00e7al\u0131\u015ft\u0131k.<\/p>\n\n<p>al\u0131\u015fmam\u0131z gerekiyordu. Ba\u015f a\u011fr\u0131s\u0131, \u0131\u015f\u0131\u011fa hassasiyet ve sorunlar\u2026 <\/p>\n\n<p>ya\u015fa ba\u011fl\u0131 hipermetropi (uza\u011f\u0131 g\u00f6rememe) nedeniyle baz\u0131 zorluklar ya\u015fatt\u0131.<\/p>\n\n<p>Z\u00fcrih\u2019teki kontrol muayenesinde bana\u2026 <\/p>\n\n<p>g\u00f6z doktoru bunun tamamen normal oldu\u011funu s\u00f6yledi (yakla\u015f\u0131k 6 ay s\u00fcrece\u011fi tahmin ediliyor)\u2026<\/p>\n\n<p>g\u00f6r\u00fc\u015f\u00fcn oturmas\u0131 i\u00e7in) ve g\u00f6zlerin sorunsuz bir \u015fekilde ameliyat edildi\u011fini belirtti.<\/p>\n\n<p>Ameliyattan bu yana 4 ay ge\u00e7ti ve benim\u2026<\/p>\n\n<p>g\u00f6rme keskinli\u011fim %100\u2019e oturdu ve ba\u015flang\u0131\u00e7taki rahats\u0131zl\u0131klar\u2026<\/p>\n\n<p>neredeyse tamamen kayboldu. Biraz sab\u0131r gerekiyor, ama\u2026 <\/p>\n\n<p>daha \u00f6nce s\u00f6yledi\u011fim gibi, bu rahats\u0131zl\u0131klar\u0131 k\u0131sa s\u00fcreli\u011fine memnuniyetle katland\u0131m.<\/p>\n\n<p>\u00e7\u00fcnk\u00fc ya\u015fam kalitem ciddi \u015fekilde artt\u0131. Ben\u2026 <\/p>\n\n<p>ameliyat\u0131 HER ZAMAN tekrar yapard\u0131m ve sadece \u015funu d\u00fc\u015f\u00fcn\u00fcyorum ki\u2026<\/p>\n\n<p>\u00e7ok daha \u00f6nce ameliyat olmad\u0131\u011f\u0131m i\u00e7in pi\u015fman\u0131m. \u0130nsan\u2026 <\/p>\n\n<p>sadece bunun fark\u0131nda olmal\u0131 ki, durumlara ba\u011fl\u0131 olarak biraz daha uzun ya da k\u0131sa s\u00fcrebilir\u2026<\/p>\n\n<p>g\u00f6r\u00fc\u015f\u00fcn tamamen oturmas\u0131. Yine de, ben\u2026 keyfini \u00e7\u0131kar\u0131yorum. <\/p>\n\n<p>her g\u00fcn\u00fc, nefret etti\u011fim g\u00f6zl\u00fck veya kontakt lens olmadan ya\u015f\u0131yorum. VAR\u2026 <\/p>\n\n<p>\u0130STANBUL\u2019A G\u0130TMEMEK VE AMEL\u0130YATI YAPTIRMAMAK \u0130\u00c7\u0130N H\u0130\u00c7B\u0130R SEBEP YOK.<\/p>\n\n<p>AMEL\u0130YATI YAPTIRMAK \u0130\u00c7\u0130N. SWISSLASIK.CH\u2019E TE\u015eEKK\u00dcR EDER\u0130M!!!!!!! <\/p>\n\n<p>Simone Hofstetter<\/p>\n\n<div class=\"wp-block-group is-layout-grid wp-container-core-group-is-layout-baef362d wp-block-group-is-layout-grid\">\n<p><a href=\"https:\/\/medicaltravel.at\/home\/agb\/\" data-type=\"page\" data-id=\"2191\"><\/a><a href=\"https:\/\/medicaltravel.at\/tr\/hasta-hikayeleri\/eski-hasta-raporlari\/istanbuldaki-goez-lazer-ameliyatim-29-ekim-2007-pazartesi-tarihli-rapor\/\" data-type=\"link\" data-id=\"https:\/\/medicaltravel.at\/berichte-von-patienten\/altere-patientenberichte\/meine-augenlaser-op-in-istanbul-bericht-vom-montag-29-oktober-2007\/\">\u00d6nceki Rapor<\/a><\/p>\n\n\n\n<p class=\"has-text-align-right wp-container-content-5e2576f9\"><a href=\"https:\/\/medicaltravel.at\/home\/impressum\/\" data-type=\"page\" data-id=\"2193\"><\/a><a href=\"https:\/\/medicaltravel.at\/home\/berichte-von-patienten\/erfahrungsberichte\/erfahrungsbericht-zahnbehandlung-in-istanbul\/\" data-type=\"page\" data-id=\"981\"><\/a><a href=\"https:\/\/medicaltravel.at\/tr\/hasta-hikayeleri\/eski-hasta-raporlari\/goez-lazeri-deneyim-raporu-tuerkiye-02-ekim-2007-sali-tarihli-rapor\/\" data-type=\"link\" data-id=\"https:\/\/medicaltravel.at\/berichte-von-patienten\/altere-patientenberichte\/erfahrungsbericht-augen-lasern-turkei-bericht-vom-dienstag-02-oktober-2007\/\">Sonraki Rapor<\/a><\/p>\n<\/div>\n","protected":false},"excerpt":{"rendered":"<p>Benim \u0130stanbul\u2019daki LASIK Ameliyat\u0131 Deneyimim \u2013 28 Ekim 2007 Pazar tarihli rapor NE, AKLINIZIMI KAYBETT\u0130N\u0130Z? Buna benzer bir \u015fey. Ba\u015far\u0131l\u0131 bir lazer ameliyat\u0131mdan sonra dedi ki\u2026 Tan\u0131d\u0131klar\u0131ma, i\u015flemi \u0130svi\u00e7re\u2019de yapt\u0131rmad\u0131\u011f\u0131m\u0131 anlat\u0131yorum. ama \u0130stanbul\u2019da yapt\u0131rd\u0131\u011f\u0131m\u0131 s\u00f6yledim. Kabul etmeliyim ki\u2026 \u0130stanbul\u2019a gitmeden \u00f6nce biraz tedirgin hissetmi\u015ftim. Benim\u2026 Endi\u015felerim, 12 Temmuz\u2019da \u0130stanbul\u2019a indikten k\u0131sa s\u00fcre sonra yersiz oldu\u011funu g\u00f6sterdi; kendimi hemen \u00e7ok iyi bak\u0131ld\u0131\u011f\u0131n\u0131 ve harika bir \u015fekilde ilgilenildi\u011fimi hissettim. Ameliyat sorunsuz ge\u00e7ti, ancak\u2026 ameliyattan sonraki ilk 12 saat olduk\u00e7a rahats\u0131z ediciydi, ama hi\u00e7\u2026 24 y\u0131l boyunca ya\u015fad\u0131\u011f\u0131m rahats\u0131zl\u0131klarla kar\u015f\u0131la\u015ft\u0131r\u0131ld\u0131\u011f\u0131nda\u2026 yar\u0131 sert kontakt lenslerle ya\u015fad\u0131\u011f\u0131m sorunlara k\u0131yasla. Ameliyattan sonraki ilk sabah\u2026 tam anlam\u0131yla b\u00fcy\u00fcleyiciydi ve kendimi Harikalar Diyar\u0131\u2019ndaki Alice gibi hissettim, g\u00f6rd\u00fc\u011f\u00fcm \u015feyler\u2026 \u0130stanbul\u2019u adeta bamba\u015fka g\u00f6zlerle g\u00f6rd\u00fcm. Co\u015fku, zamanla\u2026 azald\u0131, \u00e7\u00fcnk\u00fc birka\u00e7 hafta boyunca g\u00f6r\u00fc\u015f dalgalanmalar\u0131 ya\u015fad\u0131m. ve g\u00f6zlerimle ben, yeni duruma \u00f6nce al\u0131\u015fmaya \u00e7al\u0131\u015ft\u0131k. al\u0131\u015fmam\u0131z gerekiyordu. Ba\u015f a\u011fr\u0131s\u0131, \u0131\u015f\u0131\u011fa hassasiyet ve sorunlar\u2026 ya\u015fa ba\u011fl\u0131 hipermetropi (uza\u011f\u0131 g\u00f6rememe) nedeniyle baz\u0131 zorluklar ya\u015fatt\u0131. Z\u00fcrih\u2019teki kontrol muayenesinde bana\u2026 g\u00f6z doktoru bunun tamamen normal oldu\u011funu s\u00f6yledi (yakla\u015f\u0131k 6 ay s\u00fcrece\u011fi tahmin ediliyor)\u2026 g\u00f6r\u00fc\u015f\u00fcn oturmas\u0131 i\u00e7in) ve g\u00f6zlerin sorunsuz bir \u015fekilde ameliyat edildi\u011fini belirtti. Ameliyattan bu yana 4 ay ge\u00e7ti ve benim\u2026 g\u00f6rme keskinli\u011fim %100\u2019e oturdu ve ba\u015flang\u0131\u00e7taki rahats\u0131zl\u0131klar\u2026 neredeyse tamamen kayboldu. Biraz sab\u0131r gerekiyor, ama\u2026 daha \u00f6nce s\u00f6yledi\u011fim gibi, bu rahats\u0131zl\u0131klar\u0131 k\u0131sa s\u00fcreli\u011fine memnuniyetle katland\u0131m. \u00e7\u00fcnk\u00fc ya\u015fam kalitem ciddi \u015fekilde artt\u0131. Ben\u2026 ameliyat\u0131 HER ZAMAN tekrar yapard\u0131m ve sadece \u015funu d\u00fc\u015f\u00fcn\u00fcyorum ki\u2026 \u00e7ok daha \u00f6nce ameliyat olmad\u0131\u011f\u0131m i\u00e7in pi\u015fman\u0131m. \u0130nsan\u2026 sadece bunun fark\u0131nda olmal\u0131 ki, durumlara ba\u011fl\u0131 olarak biraz daha uzun ya da k\u0131sa s\u00fcrebilir\u2026 g\u00f6r\u00fc\u015f\u00fcn tamamen oturmas\u0131. Yine de, ben\u2026 keyfini \u00e7\u0131kar\u0131yorum. her g\u00fcn\u00fc, nefret etti\u011fim g\u00f6zl\u00fck veya kontakt lens olmadan ya\u015f\u0131yorum. VAR\u2026 \u0130STANBUL\u2019A G\u0130TMEMEK VE AMEL\u0130YATI YAPTIRMAMAK \u0130\u00c7\u0130N H\u0130\u00c7B\u0130R SEBEP YOK. AMEL\u0130YATI YAPTIRMAK \u0130\u00c7\u0130N. SWISSLASIK.CH\u2019E TE\u015eEKK\u00dcR EDER\u0130M!!!!!!! Simone Hofstetter \u00d6nceki Rapor Sonraki Rapor<\/p>\n","protected":false},"author":4,"featured_media":0,"parent":4243,"menu_order":0,"comment_status":"closed","ping_status":"closed","template":"","meta":{"_joinchat":[],"footnotes":""},"class_list":["post-4412","page","type-page","status-publish","hentry"],"acf":[],"_links":{"self":[{"href":"https:\/\/medicaltravel.at\/tr\/wp-json\/wp\/v2\/pages\/4412","targetHints":{"allow":["GET"]}}],"collection":[{"href":"https:\/\/medicaltravel.at\/tr\/wp-json\/wp\/v2\/pages"}],"about":[{"href":"https:\/\/medicaltravel.at\/tr\/wp-json\/wp\/v2\/types\/page"}],"author":[{"embeddable":true,"href":"https:\/\/medicaltravel.at\/tr\/wp-json\/wp\/v2\/users\/4"}],"replies":[{"embeddable":true,"href":"https:\/\/medicaltravel.at\/tr\/wp-json\/wp\/v2\/comments?post=4412"}],"version-history":[{"count":1,"href":"https:\/\/medicaltravel.at\/tr\/wp-json\/wp\/v2\/pages\/4412\/revisions"}],"predecessor-version":[{"id":4413,"href":"https:\/\/medicaltravel.at\/tr\/wp-json\/wp\/v2\/pages\/4412\/revisions\/4413"}],"up":[{"embeddable":true,"href":"https:\/\/medicaltravel.at\/tr\/wp-json\/wp\/v2\/pages\/4243"}],"wp:attachment":[{"href":"https:\/\/medicaltravel.at\/tr\/wp-json\/wp\/v2\/media?parent=4412"}],"curies":[{"name":"wp","href":"https:\/\/api.w.org\/{rel}","templated":true}]}}