{"id":4408,"date":"2025-09-28T11:22:09","date_gmt":"2025-09-28T10:22:09","guid":{"rendered":"https:\/\/medicaltravel.at\/hasta-hikayeleri\/eski-hasta-raporlari\/istanbuldaki-goez-lazer-ameliyatim-29-ekim-2007-pazartesi-tarihli-rapor\/"},"modified":"2026-01-13T18:13:50","modified_gmt":"2026-01-13T17:13:50","slug":"istanbuldaki-goez-lazer-ameliyatim-29-ekim-2007-pazartesi-tarihli-rapor","status":"publish","type":"page","link":"https:\/\/medicaltravel.at\/tr\/hasta-hikayeleri\/eski-hasta-raporlari\/istanbuldaki-goez-lazer-ameliyatim-29-ekim-2007-pazartesi-tarihli-rapor\/","title":{"rendered":"\u0130stanbul\u2019daki G\u00f6z Lazer Ameliyat\u0131m \u2013 29 Ekim 2007 Pazartesi tarihli rapor"},"content":{"rendered":"\n<h3 class=\"wp-block-heading\">\u0130stanbul\u2019daki G\u00f6z Lazer Ameliyat\u0131m \u2013 29 Ekim 2007 Pazartesi tarihli rapor<\/h3>\n\n<p>\u00d6ncelikle Eyestar ekibine b\u00fcy\u00fck bir \u00f6vg\u00fcde bulunmak istiyorum. T\u00fcm organizasyon i\u00e7in Bay Karaagacli\u2019ye de i\u00e7ten te\u015fekk\u00fcr ederim; onsuz bunlar\u0131n hi\u00e7biri m\u00fcmk\u00fcn olmazd\u0131. <\/p>\n\n<p>Planlama Z\u00fcrih\u2019ten yap\u0131ld\u0131. \u00d6nce g\u00f6z doktoruna \u00f6n muayene i\u00e7in gitmem gerekiyordu; burada g\u00f6zlerimin lazer i\u00e7in uygun olup olmad\u0131\u011f\u0131na bak\u0131ld\u0131. (Benim miyop de\u011ferlerim -8,0 ve -9,5 diyoptriydi)  <\/p>\n\n<p>Organizasyon i\u00e7in benim bir katk\u0131m gerekmedi, \u00e7\u00fcnk\u00fc Bay Karaagacli her \u015feyi benim i\u00e7in d\u00fczenledi (otel, u\u00e7u\u015f ve klinikteki randevular). <\/p>\n\n<p>K\u0131z\u0131m ve ben \u0130stanbul\u2019a indi\u011fimizde, \u00e7ok iyi Almanca konu\u015fan Birol taraf\u0131ndan s\u0131cak bir \u015fekilde kar\u015f\u0131land\u0131k. Sonras\u0131nda bizi havaliman\u0131ndan 20 kilometre uzakl\u0131ktaki otelimize g\u00f6t\u00fcrd\u00fc. <\/p>\n\n<p>Otel ile klinik aras\u0131ndaki y\u00fcr\u00fcy\u00fc\u015f yakla\u015f\u0131k 1 dakika s\u00fcr\u00fcyor.<\/p>\n\n<p>Ertesi g\u00fcn, \u0130svi\u00e7re Almancas\u0131n\u0131 \u00e7ok iyi ve ak\u0131c\u0131 bir \u015fekilde konu\u015fan Fred bizi otelden ald\u0131. Bizi klini\u011fe g\u00f6t\u00fcrd\u00fc ve orada \u00e7ok s\u0131cak bir \u015fekilde kar\u015f\u0131land\u0131k. Klini\u011fin atmosferi \u00e7ok iyiydi, personel \u00e7ok g\u00fcler y\u00fczl\u00fcyd\u00fc. Eyestar\u2019da kendimi hemen g\u00fcvende hissettim.   <\/p>\n\n<p>\u00d6n muayene biraz s\u00fcrd\u00fc ama sorunsuz ge\u00e7ti ve cerrah ameliyat saatini 14:00 olarak belirledi.<\/p>\n\n<p>Zaman\u0131 geldi\u011finde hi\u00e7 gergin de\u011fildim. Aksine, ameliyat\u0131 sab\u0131rs\u0131zl\u0131kla bekliyordum. S\u00fcrekli bana e\u015flik eden Fred bana g\u00fcven verdi.  <\/p>\n\n<p>Ameliyat haz\u0131rl\u0131\u011f\u0131 s\u0131ras\u0131nda cerrah, o anda neler yap\u0131ld\u0131\u011f\u0131n\u0131 \u0130ngilizce olarak anlatt\u0131 ve cerrah\u0131n s\u00f6ylediklerinin hepsini Fred terc\u00fcme etti. Operasyon s\u0131ras\u0131nda hi\u00e7bir \u015fey hissetmedim ve sonras\u0131nda da a\u011fr\u0131m olmad\u0131. \u0130nan\u0131lmaz ama ger\u00e7ek!  <\/p>\n\n<p>Ameliyattan sonra cerrah g\u00f6zlerimi tekrar muayene etti ve g\u00f6r\u00fc\u015f mesafemi kontrol etti. \u0130nanamad\u0131m, g\u00f6zl\u00fck ve lens olmadan her \u015feyi net bir \u015fekilde g\u00f6rebiliyordum. <\/p>\n\n<p>Ertesi g\u00fcn kontrol muayenesi i\u00e7in tekrar klini\u011fe gitmemiz gerekti. Her \u015fey \u00e7ok iyiydi, g\u00f6rme g\u00fcc\u00fcm %100\u2019d\u00fc. <\/p>\n\n<p>Kontrol muayenesinden sonra Birol klinikte bizi bekliyordu. Bize \u015fehri ve baz\u0131 turistik yerleri gezdirdi ve bizi \u00e7ar\u015f\u0131ya g\u00f6t\u00fcrd\u00fc. Ger\u00e7ekten \u00e7ok g\u00fczel bir hizmetti! <\/p>\n\n<p>Ertesi g\u00fcn Birol bizi otelden ald\u0131 ve sabah\u0131n erken saatlerinde havaalan\u0131na g\u00f6t\u00fcrd\u00fc. Zaman\u0131nda u\u00e7a\u011fa bindik ve aktarmadan sonra \u0130stanbul \u00fczerinden tekrar Z\u00fcrih\u2019e indik. Ama bir fark vard\u0131: sanki iki yeni g\u00f6ze kavu\u015fmu\u015ftum.  <\/p>\n\n<p>Tan\u0131d\u0131klar\u0131ma sizin i\u00e7in \u00e7ok reklam yapt\u0131m, \u00e7\u00fcnk\u00fc daha iyi bir hizmet ve daha fazla uzmanl\u0131k olamaz! Hem de bu fiyata! \u0130lk e-postamdan bug\u00fcne kadar her a\u015famada m\u00fckemmel bir \u015fekilde dan\u0131\u015fmanl\u0131k ald\u0131\u011f\u0131m\u0131 hissettim, her \u015fey harika organize edilmi\u015fti ve her zaman en iyi uzman ellerde oldu\u011fumdan emin oldum.  <\/p>\n\n<p>\u00c7ok te\u015fekk\u00fcr ederim, Kati Stettler 20 Ekim 2007<\/p>\n\n<div class=\"wp-block-group is-layout-grid wp-container-core-group-is-layout-baef362d wp-block-group-is-layout-grid\">\n<p><a href=\"https:\/\/medicaltravel.at\/home\/agb\/\" data-type=\"page\" data-id=\"2191\"><\/a><a href=\"https:\/\/medicaltravel.at\/tr\/hasta-hikayeleri\/eski-hasta-raporlari\/goez-ameliyati-istanbulda-19-kasim-2007-pazartesi-tarihli-rapor\/\" data-type=\"link\" data-id=\"https:\/\/medicaltravel.at\/berichte-von-patienten\/altere-patientenberichte\/altere-patientenberichte-augen-op-in-istanbul-bericht-vom-montag-19-november-2007\/\">\u00d6nceki Rapor<\/a><\/p>\n\n\n\n<p class=\"has-text-align-right wp-container-content-5e2576f9\"><a href=\"https:\/\/medicaltravel.at\/home\/impressum\/\" data-type=\"page\" data-id=\"2193\"><\/a><a href=\"https:\/\/medicaltravel.at\/home\/berichte-von-patienten\/erfahrungsberichte\/erfahrungsbericht-zahnbehandlung-in-istanbul\/\" data-type=\"page\" data-id=\"981\"><\/a><a href=\"https:\/\/medicaltravel.at\/tr\/hasta-hikayeleri\/eski-hasta-raporlari\/benim-istanbuldaki-lasik-ameliyati-deneyimim-28-ekim-2007-pazar-tarihli-rapor\/\" data-type=\"link\" data-id=\"https:\/\/medicaltravel.at\/berichte-von-patienten\/altere-patientenberichte\/meine-erfahrung-in-istanbul-fur-lasik-op-bericht-vom-sonntag-28-oktober-2007\/\">Sonraki Rapor<\/a><\/p>\n<\/div>\n","protected":false},"excerpt":{"rendered":"<p>\u0130stanbul\u2019daki G\u00f6z Lazer Ameliyat\u0131m \u2013 29 Ekim 2007 Pazartesi tarihli rapor \u00d6ncelikle Eyestar ekibine b\u00fcy\u00fck bir \u00f6vg\u00fcde bulunmak istiyorum. T\u00fcm organizasyon i\u00e7in Bay Karaagacli\u2019ye de i\u00e7ten te\u015fekk\u00fcr ederim; onsuz bunlar\u0131n hi\u00e7biri m\u00fcmk\u00fcn olmazd\u0131. Planlama Z\u00fcrih\u2019ten yap\u0131ld\u0131. \u00d6nce g\u00f6z doktoruna \u00f6n muayene i\u00e7in gitmem gerekiyordu; burada g\u00f6zlerimin lazer i\u00e7in uygun olup olmad\u0131\u011f\u0131na bak\u0131ld\u0131. (Benim miyop de\u011ferlerim -8,0 ve -9,5 diyoptriydi) Organizasyon i\u00e7in benim bir katk\u0131m gerekmedi, \u00e7\u00fcnk\u00fc Bay Karaagacli her \u015feyi benim i\u00e7in d\u00fczenledi (otel, u\u00e7u\u015f ve klinikteki randevular). K\u0131z\u0131m ve ben \u0130stanbul\u2019a indi\u011fimizde, \u00e7ok iyi Almanca konu\u015fan Birol taraf\u0131ndan s\u0131cak bir \u015fekilde kar\u015f\u0131land\u0131k. Sonras\u0131nda bizi havaliman\u0131ndan 20 kilometre uzakl\u0131ktaki otelimize g\u00f6t\u00fcrd\u00fc. Otel ile klinik aras\u0131ndaki y\u00fcr\u00fcy\u00fc\u015f yakla\u015f\u0131k 1 dakika s\u00fcr\u00fcyor. Ertesi g\u00fcn, \u0130svi\u00e7re Almancas\u0131n\u0131 \u00e7ok iyi ve ak\u0131c\u0131 bir \u015fekilde konu\u015fan Fred bizi otelden ald\u0131. Bizi klini\u011fe g\u00f6t\u00fcrd\u00fc ve orada \u00e7ok s\u0131cak bir \u015fekilde kar\u015f\u0131land\u0131k. Klini\u011fin atmosferi \u00e7ok iyiydi, personel \u00e7ok g\u00fcler y\u00fczl\u00fcyd\u00fc. Eyestar\u2019da kendimi hemen g\u00fcvende hissettim. \u00d6n muayene biraz s\u00fcrd\u00fc ama sorunsuz ge\u00e7ti ve cerrah ameliyat saatini 14:00 olarak belirledi. Zaman\u0131 geldi\u011finde hi\u00e7 gergin de\u011fildim. Aksine, ameliyat\u0131 sab\u0131rs\u0131zl\u0131kla bekliyordum. S\u00fcrekli bana e\u015flik eden Fred bana g\u00fcven verdi. Ameliyat haz\u0131rl\u0131\u011f\u0131 s\u0131ras\u0131nda cerrah, o anda neler yap\u0131ld\u0131\u011f\u0131n\u0131 \u0130ngilizce olarak anlatt\u0131 ve cerrah\u0131n s\u00f6ylediklerinin hepsini Fred terc\u00fcme etti. Operasyon s\u0131ras\u0131nda hi\u00e7bir \u015fey hissetmedim ve sonras\u0131nda da a\u011fr\u0131m olmad\u0131. \u0130nan\u0131lmaz ama ger\u00e7ek! Ameliyattan sonra cerrah g\u00f6zlerimi tekrar muayene etti ve g\u00f6r\u00fc\u015f mesafemi kontrol etti. \u0130nanamad\u0131m, g\u00f6zl\u00fck ve lens olmadan her \u015feyi net bir \u015fekilde g\u00f6rebiliyordum. Ertesi g\u00fcn kontrol muayenesi i\u00e7in tekrar klini\u011fe gitmemiz gerekti. Her \u015fey \u00e7ok iyiydi, g\u00f6rme g\u00fcc\u00fcm %100\u2019d\u00fc. Kontrol muayenesinden sonra Birol klinikte bizi bekliyordu. Bize \u015fehri ve baz\u0131 turistik yerleri gezdirdi ve bizi \u00e7ar\u015f\u0131ya g\u00f6t\u00fcrd\u00fc. Ger\u00e7ekten \u00e7ok g\u00fczel bir hizmetti! Ertesi g\u00fcn Birol bizi otelden ald\u0131 ve sabah\u0131n erken saatlerinde havaalan\u0131na g\u00f6t\u00fcrd\u00fc. Zaman\u0131nda u\u00e7a\u011fa bindik ve aktarmadan sonra \u0130stanbul \u00fczerinden tekrar Z\u00fcrih\u2019e indik. Ama bir fark vard\u0131: sanki iki yeni g\u00f6ze kavu\u015fmu\u015ftum. Tan\u0131d\u0131klar\u0131ma sizin i\u00e7in \u00e7ok reklam yapt\u0131m, \u00e7\u00fcnk\u00fc daha iyi bir hizmet ve daha fazla uzmanl\u0131k olamaz! Hem de bu fiyata! \u0130lk e-postamdan bug\u00fcne kadar her a\u015famada m\u00fckemmel bir \u015fekilde dan\u0131\u015fmanl\u0131k ald\u0131\u011f\u0131m\u0131 hissettim, her \u015fey harika organize edilmi\u015fti ve her zaman en iyi uzman ellerde oldu\u011fumdan emin oldum. \u00c7ok te\u015fekk\u00fcr ederim, Kati Stettler 20 Ekim 2007 \u00d6nceki Rapor Sonraki Rapor<\/p>\n","protected":false},"author":4,"featured_media":0,"parent":4243,"menu_order":0,"comment_status":"closed","ping_status":"closed","template":"","meta":{"_joinchat":[],"footnotes":""},"class_list":["post-4408","page","type-page","status-publish","hentry"],"acf":[],"_links":{"self":[{"href":"https:\/\/medicaltravel.at\/tr\/wp-json\/wp\/v2\/pages\/4408","targetHints":{"allow":["GET"]}}],"collection":[{"href":"https:\/\/medicaltravel.at\/tr\/wp-json\/wp\/v2\/pages"}],"about":[{"href":"https:\/\/medicaltravel.at\/tr\/wp-json\/wp\/v2\/types\/page"}],"author":[{"embeddable":true,"href":"https:\/\/medicaltravel.at\/tr\/wp-json\/wp\/v2\/users\/4"}],"replies":[{"embeddable":true,"href":"https:\/\/medicaltravel.at\/tr\/wp-json\/wp\/v2\/comments?post=4408"}],"version-history":[{"count":3,"href":"https:\/\/medicaltravel.at\/tr\/wp-json\/wp\/v2\/pages\/4408\/revisions"}],"predecessor-version":[{"id":5524,"href":"https:\/\/medicaltravel.at\/tr\/wp-json\/wp\/v2\/pages\/4408\/revisions\/5524"}],"up":[{"embeddable":true,"href":"https:\/\/medicaltravel.at\/tr\/wp-json\/wp\/v2\/pages\/4243"}],"wp:attachment":[{"href":"https:\/\/medicaltravel.at\/tr\/wp-json\/wp\/v2\/media?parent=4408"}],"curies":[{"name":"wp","href":"https:\/\/api.w.org\/{rel}","templated":true}]}}