{"id":4406,"date":"2025-09-28T11:15:08","date_gmt":"2025-09-28T10:15:08","guid":{"rendered":"https:\/\/medicaltravel.at\/hasta-hikayeleri\/eski-hasta-raporlari\/benim-goez-lasik-ameliyatim-istanbul-08-04-08-17-nisan-2008-persembe-tarihli-rapor\/"},"modified":"2026-01-13T18:02:00","modified_gmt":"2026-01-13T17:02:00","slug":"benim-goez-lasik-ameliyatim-istanbul-08-04-08-17-nisan-2008-persembe-tarihli-rapor","status":"publish","type":"page","link":"https:\/\/medicaltravel.at\/tr\/hasta-hikayeleri\/eski-hasta-raporlari\/benim-goez-lasik-ameliyatim-istanbul-08-04-08-17-nisan-2008-persembe-tarihli-rapor\/","title":{"rendered":"Benim G\u00f6z LASIK Ameliyat\u0131m \u0130stanbul 08.04.08 \u2013 17 Nisan 2008 Per\u015fembe tarihli rapor"},"content":{"rendered":"\n<h3 class=\"wp-block-heading\">Benim G\u00f6z LASIK Ameliyat\u0131m \u0130stanbul 08.04.08 \u2013 17 Nisan 2008 Per\u015fembe tarihli rapor<\/h3>\n\n<p>8 Nisan 2008\u2019de \u0130stanbul\u2019da yapt\u0131rd\u0131\u011f\u0131m g\u00f6z (LASIK) ameliyat\u0131m<\/p>\n\n<p>Yakla\u015f\u0131k bir y\u0131l \u00f6nce, k\u0131z karde\u015fim g\u00f6zlerini \u0130stanbul\u2019da lazerle tedavi ettirme plan\u0131n\u0131 anlatm\u0131\u015ft\u0131. O s\u0131rada ona bu \u201csa\u00e7mal\u0131\u011f\u0131\u201d unutturmak istemi\u015ftim, ama 8 Nisan 2008\u2019den itibaren ben de \u201c\u0130stanbul\u2019da lazer yapt\u0131ranlar\u201d aras\u0131na kat\u0131ld\u0131m ve o g\u00fcnden beri g\u00fcnl\u00fck hayat\u0131m\u0131 g\u00f6rme yard\u0131m\u0131 olmadan s\u00fcrd\u00fcr\u00fcyorum. <\/p>\n\n<p>K\u0131z karde\u015fimin \u0130stanbul\u2019daki Eyestar\u2019da ya\u015fad\u0131\u011f\u0131 olumlu deneyimden sonra, do\u011fu\u015ftan gelen kornea e\u011frili\u011fim ve ilk okul doktoru kontrol\u00fcnden beri g\u00f6zl\u00fck tak\u0131yor olmam nedeniyle g\u00f6rme kusurumu d\u00fczelttirme fikri art\u0131k akl\u0131mdan \u00e7\u0131kmamaya ba\u015flad\u0131.<\/p>\n\n<p>2008\u2019in \u201cyeni y\u0131l karar\u0131\u201d olarak, ameliyat i\u00e7in Swisslasik\u2019e ba\u015fvurdum. T\u00fcm rezervasyon i\u015flemleri h\u0131zl\u0131ca tamamland\u0131 ve ameliyat i\u00e7in \u00e7ok heyecanland\u0131m. Sadece bir \u015fey heyecan\u0131m\u0131 biraz g\u00f6lgeliyordu: Ameliyattan \u00fc\u00e7 hafta \u00f6nce lens takamamam ve sevmedi\u011fim g\u00f6zl\u00fckle insan i\u00e7ine \u00e7\u0131kmak zorunda olmam.  <\/p>\n\n<p>E\u015fim bana \u0130stanbul\u2019a e\u015flik etti. Havaliman\u0131nda Birol Cayli taraf\u0131ndan kar\u015f\u0131land\u0131k ve otele giderken, bizi do\u011frudan klini\u011fe g\u00f6t\u00fcreceklerini ve ameliyat\u0131n zaten o g\u00fcn yap\u0131laca\u011f\u0131n\u0131, \u00f6nceden planland\u0131\u011f\u0131 gibi ertesi g\u00fcn olmayaca\u011f\u0131n\u0131 \u00f6\u011frendik. <\/p>\n\n<p>Klinikte bizi bekliyorlard\u0131 ve hemen \u00f6n muayeneye ba\u015fland\u0131; \u0130stanbul\u2019a ini\u015fimin \u00fczerinden d\u00f6rt saat bile ge\u00e7meden ameliyat salonundayd\u0131m. Ameliyat i\u00e7in \u00e7ok heyecanl\u0131yd\u0131m ve her \u015fey bana ilgin\u00e7 ve heyecan verici geldi. E\u015fim, b\u00fcy\u00fck bir cam pencere arac\u0131l\u0131\u011f\u0131yla b\u00fcy\u00fck ekrandan ameliyat\u0131 izleyebildi ve hatta dijital kameram\u0131zla kaydedebildi.  <\/p>\n\n<p>\u0130\u015flem a\u011fr\u0131s\u0131z ge\u00e7ti, tek rahats\u0131z edici olan g\u00f6z sabitleyicisinin yerle\u015ftirilmesiydi.<\/p>\n\n<p>Ameliyattan sonra g\u00f6zlerim biraz yand\u0131. Art\u0131k ak\u015fam oldu\u011fu i\u00e7in uyuma ve g\u00f6zlerimi kapal\u0131 tutma iste\u011fimi, klini\u011fin kar\u015f\u0131s\u0131ndaki otelde olmam\u0131z sayesinde h\u0131zl\u0131ca ger\u00e7ekle\u015ftirebildim. <\/p>\n\n<p>Ertesi sabah g\u00fcne\u015f g\u00f6zl\u00fc\u011f\u00fcm\u00fc takt\u0131m ve \u0130stanbul\u2019un eski \u015fehir b\u00f6lgesini ke\u015ffe \u00e7\u0131kabildim. Kontrol muayenesi \u00f6\u011fleden sonra yap\u0131ld\u0131 ve ameliyat\u0131n ba\u015far\u0131l\u0131 oldu\u011fu do\u011fruland\u0131. Eyestar Klini\u011fi\u2019ndeki ilgi m\u00fckemmeldi; gerekirse Fred \u00d6zakatan ve Birol Cayli terc\u00fcme yapt\u0131, doktor ve doktor asistan\u0131 ise \u00e7ok iyi \u0130ngilizce konu\u015fuyordu.  <\/p>\n\n<p>\u0130stanbul\u2019da 3 g\u00fcn daha ge\u00e7irdim \u2013 art\u0131k hasta de\u011fil, g\u00f6rebilen bir turist olarak!<\/p>\n\n<p>G\u00f6rme yetim hen\u00fcz tam olarak sabit de\u011fil \u2013 ama bu normal. Bazen \u00e7ok k\u00fc\u00e7\u00fck yaz\u0131lar\u0131 net g\u00f6rebiliyorum, sonra her \u015fey biraz bulan\u0131k g\u00f6r\u00fcnebiliyor. Ancak k\u0131z karde\u015fimden biliyorum ki bu konuda sab\u0131rl\u0131 olmam gerekiyor ve birka\u00e7 hafta veya ay i\u00e7inde g\u00f6rme yetim sabitlenecek.  <\/p>\n\n<p>Bu arada g\u00f6zl\u00fcklerimi son g\u00fcn Bo\u011faz\u2019a att\u0131m \u2013 40 y\u0131l\u0131 a\u015fk\u0131n s\u00fcredir g\u00f6zl\u00fck takt\u0131ktan sonra bunu \u201ctemizleyici\u201d bir eylem olarak yapt\u0131m!<\/p>\n\n<p>Irene Staub-Hofstetter<\/p>\n\n<p>Kr\u00e4iligen<\/p>\n\n<p>irene.staub@bwdbern.ch<\/p>\n\n<div class=\"wp-block-group is-layout-grid wp-container-core-group-is-layout-baef362d wp-block-group-is-layout-grid\">\n<p><a href=\"https:\/\/medicaltravel.at\/home\/agb\/\" data-type=\"page\" data-id=\"2191\"><\/a><a href=\"https:\/\/medicaltravel.at\/tr\/hasta-hikayeleri\/eski-hasta-raporlari\/goez-lazeri-deneyim-raporu-istanbul-24-nisan-2008-persembe-tarihli-rapor\/\" data-type=\"link\" data-id=\"https:\/\/medicaltravel.at\/berichte-von-patienten\/altere-patientenberichte\/altere-patientenberichte-erfahrungsbericht-augenlaser-istanbul-bericht-vom-donnerstag-24-april-2008\/\">\u00d6nceki Rapor<\/a><\/p>\n\n\n\n<p class=\"has-text-align-right wp-container-content-5e2576f9\"><a href=\"https:\/\/medicaltravel.at\/home\/impressum\/\" data-type=\"page\" data-id=\"2193\"><\/a><a href=\"https:\/\/medicaltravel.at\/home\/berichte-von-patienten\/erfahrungsberichte\/erfahrungsbericht-zahnbehandlung-in-istanbul\/\" data-type=\"page\" data-id=\"981\"><\/a><a href=\"https:\/\/medicaltravel.at\/tr\/hasta-hikayeleri\/eski-hasta-raporlari\/benim-ameliyatimla-ilgili-deneyim-raporum-15-nisan-2008-sali-tarihli-rapor\/\" data-type=\"link\" data-id=\"https:\/\/medicaltravel.at\/berichte-von-patienten\/altere-patientenberichte\/mein-erfahrungsbericht-uber-meine-op-bericht-vom-dienstag-15-april-2008\/\">Sonraki Rapor<\/a><\/p>\n<\/div>\n","protected":false},"excerpt":{"rendered":"<p>Benim G\u00f6z LASIK Ameliyat\u0131m \u0130stanbul 08.04.08 \u2013 17 Nisan 2008 Per\u015fembe tarihli rapor 8 Nisan 2008\u2019de \u0130stanbul\u2019da yapt\u0131rd\u0131\u011f\u0131m g\u00f6z (LASIK) ameliyat\u0131m Yakla\u015f\u0131k bir y\u0131l \u00f6nce, k\u0131z karde\u015fim g\u00f6zlerini \u0130stanbul\u2019da lazerle tedavi ettirme plan\u0131n\u0131 anlatm\u0131\u015ft\u0131. O s\u0131rada ona bu \u201csa\u00e7mal\u0131\u011f\u0131\u201d unutturmak istemi\u015ftim, ama 8 Nisan 2008\u2019den itibaren ben de \u201c\u0130stanbul\u2019da lazer yapt\u0131ranlar\u201d aras\u0131na kat\u0131ld\u0131m ve o g\u00fcnden beri g\u00fcnl\u00fck hayat\u0131m\u0131 g\u00f6rme yard\u0131m\u0131 olmadan s\u00fcrd\u00fcr\u00fcyorum. K\u0131z karde\u015fimin \u0130stanbul\u2019daki Eyestar\u2019da ya\u015fad\u0131\u011f\u0131 olumlu deneyimden sonra, do\u011fu\u015ftan gelen kornea e\u011frili\u011fim ve ilk okul doktoru kontrol\u00fcnden beri g\u00f6zl\u00fck tak\u0131yor olmam nedeniyle g\u00f6rme kusurumu d\u00fczelttirme fikri art\u0131k akl\u0131mdan \u00e7\u0131kmamaya ba\u015flad\u0131. 2008\u2019in \u201cyeni y\u0131l karar\u0131\u201d olarak, ameliyat i\u00e7in Swisslasik\u2019e ba\u015fvurdum. T\u00fcm rezervasyon i\u015flemleri h\u0131zl\u0131ca tamamland\u0131 ve ameliyat i\u00e7in \u00e7ok heyecanland\u0131m. Sadece bir \u015fey heyecan\u0131m\u0131 biraz g\u00f6lgeliyordu: Ameliyattan \u00fc\u00e7 hafta \u00f6nce lens takamamam ve sevmedi\u011fim g\u00f6zl\u00fckle insan i\u00e7ine \u00e7\u0131kmak zorunda olmam. E\u015fim bana \u0130stanbul\u2019a e\u015flik etti. Havaliman\u0131nda Birol Cayli taraf\u0131ndan kar\u015f\u0131land\u0131k ve otele giderken, bizi do\u011frudan klini\u011fe g\u00f6t\u00fcreceklerini ve ameliyat\u0131n zaten o g\u00fcn yap\u0131laca\u011f\u0131n\u0131, \u00f6nceden planland\u0131\u011f\u0131 gibi ertesi g\u00fcn olmayaca\u011f\u0131n\u0131 \u00f6\u011frendik. Klinikte bizi bekliyorlard\u0131 ve hemen \u00f6n muayeneye ba\u015fland\u0131; \u0130stanbul\u2019a ini\u015fimin \u00fczerinden d\u00f6rt saat bile ge\u00e7meden ameliyat salonundayd\u0131m. Ameliyat i\u00e7in \u00e7ok heyecanl\u0131yd\u0131m ve her \u015fey bana ilgin\u00e7 ve heyecan verici geldi. E\u015fim, b\u00fcy\u00fck bir cam pencere arac\u0131l\u0131\u011f\u0131yla b\u00fcy\u00fck ekrandan ameliyat\u0131 izleyebildi ve hatta dijital kameram\u0131zla kaydedebildi. \u0130\u015flem a\u011fr\u0131s\u0131z ge\u00e7ti, tek rahats\u0131z edici olan g\u00f6z sabitleyicisinin yerle\u015ftirilmesiydi. Ameliyattan sonra g\u00f6zlerim biraz yand\u0131. Art\u0131k ak\u015fam oldu\u011fu i\u00e7in uyuma ve g\u00f6zlerimi kapal\u0131 tutma iste\u011fimi, klini\u011fin kar\u015f\u0131s\u0131ndaki otelde olmam\u0131z sayesinde h\u0131zl\u0131ca ger\u00e7ekle\u015ftirebildim. Ertesi sabah g\u00fcne\u015f g\u00f6zl\u00fc\u011f\u00fcm\u00fc takt\u0131m ve \u0130stanbul\u2019un eski \u015fehir b\u00f6lgesini ke\u015ffe \u00e7\u0131kabildim. Kontrol muayenesi \u00f6\u011fleden sonra yap\u0131ld\u0131 ve ameliyat\u0131n ba\u015far\u0131l\u0131 oldu\u011fu do\u011fruland\u0131. Eyestar Klini\u011fi\u2019ndeki ilgi m\u00fckemmeldi; gerekirse Fred \u00d6zakatan ve Birol Cayli terc\u00fcme yapt\u0131, doktor ve doktor asistan\u0131 ise \u00e7ok iyi \u0130ngilizce konu\u015fuyordu. \u0130stanbul\u2019da 3 g\u00fcn daha ge\u00e7irdim \u2013 art\u0131k hasta de\u011fil, g\u00f6rebilen bir turist olarak! G\u00f6rme yetim hen\u00fcz tam olarak sabit de\u011fil \u2013 ama bu normal. Bazen \u00e7ok k\u00fc\u00e7\u00fck yaz\u0131lar\u0131 net g\u00f6rebiliyorum, sonra her \u015fey biraz bulan\u0131k g\u00f6r\u00fcnebiliyor. Ancak k\u0131z karde\u015fimden biliyorum ki bu konuda sab\u0131rl\u0131 olmam gerekiyor ve birka\u00e7 hafta veya ay i\u00e7inde g\u00f6rme yetim sabitlenecek. Bu arada g\u00f6zl\u00fcklerimi son g\u00fcn Bo\u011faz\u2019a att\u0131m \u2013 40 y\u0131l\u0131 a\u015fk\u0131n s\u00fcredir g\u00f6zl\u00fck takt\u0131ktan sonra bunu \u201ctemizleyici\u201d bir eylem olarak yapt\u0131m! Irene Staub-Hofstetter Kr\u00e4iligen irene.staub@bwdbern.ch \u00d6nceki Rapor Sonraki Rapor<\/p>\n","protected":false},"author":4,"featured_media":0,"parent":4243,"menu_order":0,"comment_status":"closed","ping_status":"closed","template":"","meta":{"_joinchat":[],"footnotes":""},"class_list":["post-4406","page","type-page","status-publish","hentry"],"acf":[],"_links":{"self":[{"href":"https:\/\/medicaltravel.at\/tr\/wp-json\/wp\/v2\/pages\/4406","targetHints":{"allow":["GET"]}}],"collection":[{"href":"https:\/\/medicaltravel.at\/tr\/wp-json\/wp\/v2\/pages"}],"about":[{"href":"https:\/\/medicaltravel.at\/tr\/wp-json\/wp\/v2\/types\/page"}],"author":[{"embeddable":true,"href":"https:\/\/medicaltravel.at\/tr\/wp-json\/wp\/v2\/users\/4"}],"replies":[{"embeddable":true,"href":"https:\/\/medicaltravel.at\/tr\/wp-json\/wp\/v2\/comments?post=4406"}],"version-history":[{"count":3,"href":"https:\/\/medicaltravel.at\/tr\/wp-json\/wp\/v2\/pages\/4406\/revisions"}],"predecessor-version":[{"id":4438,"href":"https:\/\/medicaltravel.at\/tr\/wp-json\/wp\/v2\/pages\/4406\/revisions\/4438"}],"up":[{"embeddable":true,"href":"https:\/\/medicaltravel.at\/tr\/wp-json\/wp\/v2\/pages\/4243"}],"wp:attachment":[{"href":"https:\/\/medicaltravel.at\/tr\/wp-json\/wp\/v2\/media?parent=4406"}],"curies":[{"name":"wp","href":"https:\/\/api.w.org\/{rel}","templated":true}]}}