{"id":4404,"date":"2025-09-28T11:19:35","date_gmt":"2025-09-28T10:19:35","guid":{"rendered":"https:\/\/medicaltravel.at\/hasta-hikayeleri\/eski-hasta-raporlari\/benim-aralik-ayinda-tuerkiyedeki-lasik-ameliyatim-04-ocak-2008-cuma-tarihli-rapor\/"},"modified":"2026-01-13T18:11:06","modified_gmt":"2026-01-13T17:11:06","slug":"benim-aralik-ayinda-tuerkiyedeki-lasik-ameliyatim-04-ocak-2008-cuma-tarihli-rapor","status":"publish","type":"page","link":"https:\/\/medicaltravel.at\/tr\/hasta-hikayeleri\/eski-hasta-raporlari\/benim-aralik-ayinda-tuerkiyedeki-lasik-ameliyatim-04-ocak-2008-cuma-tarihli-rapor\/","title":{"rendered":"Benim Aral\u0131k Ay\u0131nda T\u00fcrkiye\u2019deki LASIK Ameliyat\u0131m \u2013 04 Ocak 2008 Cuma tarihli rapor"},"content":{"rendered":"\n<h3 class=\"wp-block-heading\">Benim Aral\u0131k Ay\u0131nda T\u00fcrkiye\u2019deki LASIK Ameliyat\u0131m \u2013 04 Ocak 2008 Cuma tarihli rapor<\/h3>\n\n<p>\u0130yi g\u00fcnler ve yeni y\u0131l\u0131n\u0131z kutlu olsun!<\/p>\n\n<p>Her \u015fey sorunsuz ge\u00e7ti.<\/p>\n\n<p>Kendimi iyi hissediyorum ve art\u0131k s\u00fcrekli g\u00f6zl\u00fck aramak zorunda kalmadan okuyabiliyorum.<\/p>\n\n<p>Uzak g\u00f6r\u00fc\u015f (sa\u011f g\u00f6z) hen\u00fcz tam iyi de\u011fil, ama doktorun s\u00f6yledi\u011fine g\u00f6re zamanla dengelenecek.<\/p>\n\n<p>Swisslasik ve Eyestar \u00e7ok iyi organize edilmi\u015f; ilgilenen ki\u015filer yetkin, yard\u0131msever ve dost canl\u0131s\u0131.<\/p>\n\n<p>Hizmetlerden \u00e7ok memnunum, sadece Elite Hotel\u2019i hafif uyuyan hastalara tavsiye edemem; odalar \u00e7ok ses ge\u00e7iyor ve oda kap\u0131lar\u0131n\u0131n kapanmas\u0131yla s\u00fcrekli uyan\u0131yorsunuz. Ancak kahvalt\u0131 b\u00fcfesi harika. <\/p>\n\n<p>Eyestar\u2019daki siz ve ekibinize kusursuz organizasyon ve ilgileri i\u00e7in i\u00e7ten te\u015fekk\u00fcr etmek istiyorum. Beni referans listenize ekleyebilirsiniz. <\/p>\n\n<p>Sayg\u0131lar\u0131mla<\/p>\n\n<p>Hermann Steck<\/p>\n\n<div class=\"wp-block-group is-layout-grid wp-container-core-group-is-layout-baef362d wp-block-group-is-layout-grid\">\n<p><a href=\"https:\/\/medicaltravel.at\/home\/agb\/\" data-type=\"page\" data-id=\"2191\"><\/a><a href=\"https:\/\/medicaltravel.at\/tr\/hasta-hikayeleri\/eski-hasta-raporlari\/benim-lasik-ameliyatimla-ilgili-deneyim-raporum-05-ocak-2008-cumartesi-tarihli-rapor\/\" data-type=\"link\" data-id=\"https:\/\/medicaltravel.at\/berichte-von-patienten\/altere-patientenberichte\/erfahrungsbericht-zu-meiner-lasik-op-bericht-vom-samstag-05-januar-2008\/\">\u00d6nceki Rapor<\/a><\/p>\n\n\n\n<p class=\"has-text-align-right wp-container-content-5e2576f9\"><a href=\"https:\/\/medicaltravel.at\/home\/impressum\/\" data-type=\"page\" data-id=\"2193\"><\/a><a href=\"https:\/\/medicaltravel.at\/home\/berichte-von-patienten\/erfahrungsberichte\/erfahrungsbericht-zahnbehandlung-in-istanbul\/\" data-type=\"page\" data-id=\"981\"><\/a><a href=\"https:\/\/medicaltravel.at\/tr\/hasta-hikayeleri\/eski-hasta-raporlari\/goez-lazeri-14-aralik-2007-cuma-tarihli-rapor\/\" data-type=\"link\" data-id=\"https:\/\/medicaltravel.at\/berichte-von-patienten\/altere-patientenberichte\/augenlaser-bericht-vom-freitag-14-dezember-2007\/\">Sonraki Rapor<\/a><\/p>\n<\/div>\n","protected":false},"excerpt":{"rendered":"<p>Benim Aral\u0131k Ay\u0131nda T\u00fcrkiye\u2019deki LASIK Ameliyat\u0131m \u2013 04 Ocak 2008 Cuma tarihli rapor \u0130yi g\u00fcnler ve yeni y\u0131l\u0131n\u0131z kutlu olsun! Her \u015fey sorunsuz ge\u00e7ti. Kendimi iyi hissediyorum ve art\u0131k s\u00fcrekli g\u00f6zl\u00fck aramak zorunda kalmadan okuyabiliyorum. Uzak g\u00f6r\u00fc\u015f (sa\u011f g\u00f6z) hen\u00fcz tam iyi de\u011fil, ama doktorun s\u00f6yledi\u011fine g\u00f6re zamanla dengelenecek. Swisslasik ve Eyestar \u00e7ok iyi organize edilmi\u015f; ilgilenen ki\u015filer yetkin, yard\u0131msever ve dost canl\u0131s\u0131. Hizmetlerden \u00e7ok memnunum, sadece Elite Hotel\u2019i hafif uyuyan hastalara tavsiye edemem; odalar \u00e7ok ses ge\u00e7iyor ve oda kap\u0131lar\u0131n\u0131n kapanmas\u0131yla s\u00fcrekli uyan\u0131yorsunuz. Ancak kahvalt\u0131 b\u00fcfesi harika. Eyestar\u2019daki siz ve ekibinize kusursuz organizasyon ve ilgileri i\u00e7in i\u00e7ten te\u015fekk\u00fcr etmek istiyorum. Beni referans listenize ekleyebilirsiniz. Sayg\u0131lar\u0131mla Hermann Steck \u00d6nceki Rapor Sonraki Rapor<\/p>\n","protected":false},"author":4,"featured_media":0,"parent":4243,"menu_order":0,"comment_status":"closed","ping_status":"closed","template":"","meta":{"_joinchat":[],"footnotes":""},"class_list":["post-4404","page","type-page","status-publish","hentry"],"acf":[],"_links":{"self":[{"href":"https:\/\/medicaltravel.at\/tr\/wp-json\/wp\/v2\/pages\/4404","targetHints":{"allow":["GET"]}}],"collection":[{"href":"https:\/\/medicaltravel.at\/tr\/wp-json\/wp\/v2\/pages"}],"about":[{"href":"https:\/\/medicaltravel.at\/tr\/wp-json\/wp\/v2\/types\/page"}],"author":[{"embeddable":true,"href":"https:\/\/medicaltravel.at\/tr\/wp-json\/wp\/v2\/users\/4"}],"replies":[{"embeddable":true,"href":"https:\/\/medicaltravel.at\/tr\/wp-json\/wp\/v2\/comments?post=4404"}],"version-history":[{"count":3,"href":"https:\/\/medicaltravel.at\/tr\/wp-json\/wp\/v2\/pages\/4404\/revisions"}],"predecessor-version":[{"id":4436,"href":"https:\/\/medicaltravel.at\/tr\/wp-json\/wp\/v2\/pages\/4404\/revisions\/4436"}],"up":[{"embeddable":true,"href":"https:\/\/medicaltravel.at\/tr\/wp-json\/wp\/v2\/pages\/4243"}],"wp:attachment":[{"href":"https:\/\/medicaltravel.at\/tr\/wp-json\/wp\/v2\/media?parent=4404"}],"curies":[{"name":"wp","href":"https:\/\/api.w.org\/{rel}","templated":true}]}}