{"id":4402,"date":"2025-09-28T11:15:48","date_gmt":"2025-09-28T10:15:48","guid":{"rendered":"https:\/\/medicaltravel.at\/hasta-hikayeleri\/eski-hasta-raporlari\/benim-ameliyatimla-ilgili-deneyim-raporum-15-nisan-2008-sali-tarihli-rapor\/"},"modified":"2026-01-13T18:02:54","modified_gmt":"2026-01-13T17:02:54","slug":"benim-ameliyatimla-ilgili-deneyim-raporum-15-nisan-2008-sali-tarihli-rapor","status":"publish","type":"page","link":"https:\/\/medicaltravel.at\/tr\/hasta-hikayeleri\/eski-hasta-raporlari\/benim-ameliyatimla-ilgili-deneyim-raporum-15-nisan-2008-sali-tarihli-rapor\/","title":{"rendered":"Benim Ameliyat\u0131mla \u0130lgili Deneyim Raporum \u2013 15 Nisan 2008 Sal\u0131 tarihli rapor"},"content":{"rendered":"\n<h3 class=\"wp-block-heading\">Benim Ameliyat\u0131mla \u0130lgili Deneyim Raporum \u2013 15 Nisan 2008 Sal\u0131 tarihli rapor<\/h3>\n\n\n\n<p>9 ya\u015f\u0131ndan beri g\u00f6zl\u00fck takmak zorundayd\u0131m ve 15 ya\u015f\u0131nda lens kullanmaya ba\u015flad\u0131m ama bu pratik de\u011fildi ve zahmetliydi. G\u00f6zlerimi ameliyat ettirmeyi d\u00fc\u015f\u00fcnd\u00fcm ama \u00e7ok gen\u00e7tim ve g\u00f6rme yetim sabit de\u011fildi, bu y\u00fczden biraz beklemem gerekti. <\/p>\n\n\n\n<p>Ameliyat\u0131 \u0130svi\u00e7re\u2019de yapt\u0131rmak istiyordum ve internetten \u0130svi\u00e7re veya Fransa\u2019daki imkanlar\u0131 ara\u015ft\u0131r\u0131yordum, bu s\u0131rada swisslasik.ch sitesine rastlad\u0131m ve hemen ilgimi \u00e7ekti.<\/p>\n\n\n\n<p>Daha fazla bilgi istedim ve 4 g\u00fcn sonra bro\u015f\u00fcr\u00fc ald\u0131m. Sonra bu ameliyat i\u00e7in uygun olup olmad\u0131\u011f\u0131m\u0131 \u00f6\u011frenmek istedim. \u00d6n muayene i\u00e7in bir randevu ald\u0131m ve her \u015fey yolunda gitti. <\/p>\n\n\n\n<p>3 hafta sonra, hem bu g\u00fczel \u015fehri gezmek istedi\u011fim i\u00e7in hem de heyecanla \u0130stanbul\u2019a u\u00e7tum.<\/p>\n\n\n\n<p>Servis tam zaman\u0131nda geldi ve beni otele g\u00f6t\u00fcrd\u00fc, annem orada beni bekliyordu (benden 5 saat \u00f6nce gelmi\u015fti). Oda \u00e7ok k\u00fc\u00e7\u00fckt\u00fc ama benim i\u00e7in \u00f6nemli olan otelin klinikle do\u011frudan kar\u015f\u0131 kar\u015f\u0131ya olmas\u0131yd\u0131; ameliyattan sonra \u00e7ok rahat oldu. <\/p>\n\n\n\n<p>Ertesi g\u00fcn, Birol (klinik \u00e7al\u0131\u015fan\u0131) ve bir g\u00fcn \u00f6nce ameliyat olmu\u015f ba\u015fka bir hasta ile birlikte eski \u015fehir turu yapt\u0131k.<\/p>\n\n\n\n<p>Ameliyatla ilgili t\u00fcm sorular\u0131m\u0131 ona sordum ve zaten formda olmas\u0131na \u015fa\u015f\u0131rd\u0131m, bu da beni rahatlatt\u0131.<\/p>\n\n\n\n<p>Ertesi g\u00fcn saat 10\u2019da \u00f6n muayenem vard\u0131 ve saat 12\u2019de ameliyat ger\u00e7ekle\u015fti.<\/p>\n\n\n\n<p>Ameliyattan \u00f6nce bana bir sakinle\u015ftirici verdiler ve sonra bir masaj koltu\u011funa oturdum (Harika bir \u015fey!!!!!!!!!). Burada g\u00f6zlerim dezenfekte edildi, k\u0131sa s\u00fcre sonra ameliyat odas\u0131na ge\u00e7tim ve bir yata\u011fa yatt\u0131m (biraz korkmu\u015ftum:-)). G\u00f6zlerim a\u00e7\u0131ld\u0131 ve lazer s\u0131ras\u0131nda istemsizce kapanmamas\u0131 i\u00e7in bir cihazla sabitlendi. Sonra rahatlayabildim ve korkuyu yenmek i\u00e7in g\u00fczel \u015feyler d\u00fc\u015f\u00fcnmeye ba\u015flad\u0131m, tabii ye\u015fil \u0131\u015f\u0131\u011fa da odaklanmam gerekiyordu.<\/p>\n\n\n\n<p>Ameliyat \u00e7ok h\u0131zl\u0131 ge\u00e7ti ve hi\u00e7 a\u011fr\u0131 hissetmedim. Doktor taraf\u0131ndan k\u0131sa bir kontrol\u00fcn ard\u0131ndan g\u00f6zlerimi dinlendirmek i\u00e7in otele gittim.<\/p>\n\n\n\n<p>4 saat derin bir uyku uyudum, sonra g\u00f6zlerimi a\u00e7t\u0131m ve ne hissetti\u011fimi anlatamam\u2014\u00e7ok mutluydum \u00e7\u00fcnk\u00fc zaten harika g\u00f6rebiliyordum ama g\u00f6zlerimi yormak istemedim.<\/p>\n\n\n\n<p>Ertesi g\u00fcn k\u0131sa bir kontrol muayenem vard\u0131 ve her \u015fey m\u00fckemmeldi!<\/p>\n\n\n\n<p>\u0130stanbul\u2019un tad\u0131n\u0131 4 g\u00fcn daha \u00e7\u0131karabildim ama hava pek iyi olmad\u0131\u011f\u0131 i\u00e7in biraz \u00fcz\u00fcld\u00fcm.<\/p>\n\n\n\n<p>4 g\u00fcn \u00f6nce Z\u00fcrih\u2019te ilk kontrol muayenem vard\u0131. Sa\u011f g\u00f6zde bir e\u011frilik oldu\u011fu ve bunun g\u00f6r\u00fc\u015f keskinli\u011fini biraz azaltt\u0131\u011f\u0131 tespit edildi. <\/p>\n\n\n\n<p>Ameliyat sonucundan \u00e7ok memnunum, g\u00f6rme yard\u0131m\u0131 olmadan hayat\u0131n tad\u0131n\u0131 daha iyi \u00e7\u0131kar\u0131yorum \ud83d\ude42<\/p>\n\n\n\n<p>Swisslasik\u2019i ve Eyestar Klini\u011fi\u2019ni kesinlikle tavsiye edebilirim ve Bay Karaagacli\u2019ye m\u00fckemmel hizmeti i\u00e7in, ayr\u0131ca Eyestar Klini\u011fi\u2019nin t\u00fcm bak\u0131m ekibine (\u00f6zellikle Birol ve Fred\u2019e) te\u015fekk\u00fcr ederim.<\/p>\n\n\n\n<p>H.Chocou<\/p>\n\n\n\n<div class=\"wp-block-group is-layout-grid wp-container-core-group-is-layout-baef362d wp-block-group-is-layout-grid\">\n<p><a href=\"https:\/\/medicaltravel.at\/home\/agb\/\" data-type=\"page\" data-id=\"2191\"><\/a><a href=\"https:\/\/medicaltravel.at\/tr\/hasta-hikayeleri\/eski-hasta-raporlari\/benim-goez-lasik-ameliyatim-istanbul-08-04-08-17-nisan-2008-persembe-tarihli-rapor\/\" data-type=\"link\" data-id=\"https:\/\/medicaltravel.at\/tr\/hasta-hikayeleri\/eski-hasta-raporlari\/benim-goez-lasik-ameliyatim-istanbul-08-04-08-17-nisan-2008-persembe-tarihli-rapor\/\">\u00d6nceki Rapor<\/a><\/p>\n\n\n\n<p class=\"has-text-align-right wp-container-content-5e2576f9\"><a href=\"https:\/\/medicaltravel.at\/home\/impressum\/\" data-type=\"page\" data-id=\"2193\"><\/a><a href=\"https:\/\/medicaltravel.at\/home\/berichte-von-patienten\/erfahrungsberichte\/erfahrungsbericht-zahnbehandlung-in-istanbul\/\" data-type=\"page\" data-id=\"981\"><\/a><a href=\"https:\/\/medicaltravel.at\/tr\/hasta-hikayeleri\/eski-hasta-raporlari\/benim-goez-lazeri-ameliyati-deneyimim-26-mart-2008-carsamba-tarihli-rapor\/\" data-type=\"link\" data-id=\"https:\/\/medicaltravel.at\/tr\/hasta-hikayeleri\/eski-hasta-raporlari\/benim-goez-lazeri-ameliyati-deneyimim-26-mart-2008-carsamba-tarihli-rapor\/\">Sonraki Rapor<\/a><\/p>\n<\/div>\n","protected":false},"excerpt":{"rendered":"<p>Benim Ameliyat\u0131mla \u0130lgili Deneyim Raporum \u2013 15 Nisan 2008 Sal\u0131 tarihli rapor 9 ya\u015f\u0131ndan beri g\u00f6zl\u00fck takmak zorundayd\u0131m ve 15 ya\u015f\u0131nda lens kullanmaya ba\u015flad\u0131m ama bu pratik de\u011fildi ve zahmetliydi. G\u00f6zlerimi ameliyat ettirmeyi d\u00fc\u015f\u00fcnd\u00fcm ama \u00e7ok gen\u00e7tim ve g\u00f6rme yetim sabit de\u011fildi, bu y\u00fczden biraz beklemem gerekti. Ameliyat\u0131 \u0130svi\u00e7re\u2019de yapt\u0131rmak istiyordum ve internetten \u0130svi\u00e7re veya Fransa\u2019daki imkanlar\u0131 ara\u015ft\u0131r\u0131yordum, bu s\u0131rada swisslasik.ch sitesine rastlad\u0131m ve hemen ilgimi \u00e7ekti. Daha fazla bilgi istedim ve 4 g\u00fcn sonra bro\u015f\u00fcr\u00fc ald\u0131m. Sonra bu ameliyat i\u00e7in uygun olup olmad\u0131\u011f\u0131m\u0131 \u00f6\u011frenmek istedim. \u00d6n muayene i\u00e7in bir randevu ald\u0131m ve her \u015fey yolunda gitti. 3 hafta sonra, hem bu g\u00fczel \u015fehri gezmek istedi\u011fim i\u00e7in hem de heyecanla \u0130stanbul\u2019a u\u00e7tum. Servis tam zaman\u0131nda geldi ve beni otele g\u00f6t\u00fcrd\u00fc, annem orada beni bekliyordu (benden 5 saat \u00f6nce gelmi\u015fti). Oda \u00e7ok k\u00fc\u00e7\u00fckt\u00fc ama benim i\u00e7in \u00f6nemli olan otelin klinikle do\u011frudan kar\u015f\u0131 kar\u015f\u0131ya olmas\u0131yd\u0131; ameliyattan sonra \u00e7ok rahat oldu. Ertesi g\u00fcn, Birol (klinik \u00e7al\u0131\u015fan\u0131) ve bir g\u00fcn \u00f6nce ameliyat olmu\u015f ba\u015fka bir hasta ile birlikte eski \u015fehir turu yapt\u0131k. Ameliyatla ilgili t\u00fcm sorular\u0131m\u0131 ona sordum ve zaten formda olmas\u0131na \u015fa\u015f\u0131rd\u0131m, bu da beni rahatlatt\u0131. Ertesi g\u00fcn saat 10\u2019da \u00f6n muayenem vard\u0131 ve saat 12\u2019de ameliyat ger\u00e7ekle\u015fti. Ameliyattan \u00f6nce bana bir sakinle\u015ftirici verdiler ve sonra bir masaj koltu\u011funa oturdum (Harika bir \u015fey!!!!!!!!!). Burada g\u00f6zlerim dezenfekte edildi, k\u0131sa s\u00fcre sonra ameliyat odas\u0131na ge\u00e7tim ve bir yata\u011fa yatt\u0131m (biraz korkmu\u015ftum:-)). G\u00f6zlerim a\u00e7\u0131ld\u0131 ve lazer s\u0131ras\u0131nda istemsizce kapanmamas\u0131 i\u00e7in bir cihazla sabitlendi. Sonra rahatlayabildim ve korkuyu yenmek i\u00e7in g\u00fczel \u015feyler d\u00fc\u015f\u00fcnmeye ba\u015flad\u0131m, tabii ye\u015fil \u0131\u015f\u0131\u011fa da odaklanmam gerekiyordu. Ameliyat \u00e7ok h\u0131zl\u0131 ge\u00e7ti ve hi\u00e7 a\u011fr\u0131 hissetmedim. Doktor taraf\u0131ndan k\u0131sa bir kontrol\u00fcn ard\u0131ndan g\u00f6zlerimi dinlendirmek i\u00e7in otele gittim. 4 saat derin bir uyku uyudum, sonra g\u00f6zlerimi a\u00e7t\u0131m ve ne hissetti\u011fimi anlatamam\u2014\u00e7ok mutluydum \u00e7\u00fcnk\u00fc zaten harika g\u00f6rebiliyordum ama g\u00f6zlerimi yormak istemedim. Ertesi g\u00fcn k\u0131sa bir kontrol muayenem vard\u0131 ve her \u015fey m\u00fckemmeldi! \u0130stanbul\u2019un tad\u0131n\u0131 4 g\u00fcn daha \u00e7\u0131karabildim ama hava pek iyi olmad\u0131\u011f\u0131 i\u00e7in biraz \u00fcz\u00fcld\u00fcm. 4 g\u00fcn \u00f6nce Z\u00fcrih\u2019te ilk kontrol muayenem vard\u0131. Sa\u011f g\u00f6zde bir e\u011frilik oldu\u011fu ve bunun g\u00f6r\u00fc\u015f keskinli\u011fini biraz azaltt\u0131\u011f\u0131 tespit edildi. Ameliyat sonucundan \u00e7ok memnunum, g\u00f6rme yard\u0131m\u0131 olmadan hayat\u0131n tad\u0131n\u0131 daha iyi \u00e7\u0131kar\u0131yorum \ud83d\ude42 Swisslasik\u2019i ve Eyestar Klini\u011fi\u2019ni kesinlikle tavsiye edebilirim ve Bay Karaagacli\u2019ye m\u00fckemmel hizmeti i\u00e7in, ayr\u0131ca Eyestar Klini\u011fi\u2019nin t\u00fcm bak\u0131m ekibine (\u00f6zellikle Birol ve Fred\u2019e) te\u015fekk\u00fcr ederim. H.Chocou \u00d6nceki Rapor Sonraki Rapor<\/p>\n","protected":false},"author":4,"featured_media":0,"parent":4243,"menu_order":0,"comment_status":"closed","ping_status":"closed","template":"","meta":{"_joinchat":[],"footnotes":""},"class_list":["post-4402","page","type-page","status-publish","hentry"],"acf":[],"_links":{"self":[{"href":"https:\/\/medicaltravel.at\/tr\/wp-json\/wp\/v2\/pages\/4402","targetHints":{"allow":["GET"]}}],"collection":[{"href":"https:\/\/medicaltravel.at\/tr\/wp-json\/wp\/v2\/pages"}],"about":[{"href":"https:\/\/medicaltravel.at\/tr\/wp-json\/wp\/v2\/types\/page"}],"author":[{"embeddable":true,"href":"https:\/\/medicaltravel.at\/tr\/wp-json\/wp\/v2\/users\/4"}],"replies":[{"embeddable":true,"href":"https:\/\/medicaltravel.at\/tr\/wp-json\/wp\/v2\/comments?post=4402"}],"version-history":[{"count":2,"href":"https:\/\/medicaltravel.at\/tr\/wp-json\/wp\/v2\/pages\/4402\/revisions"}],"predecessor-version":[{"id":5860,"href":"https:\/\/medicaltravel.at\/tr\/wp-json\/wp\/v2\/pages\/4402\/revisions\/5860"}],"up":[{"embeddable":true,"href":"https:\/\/medicaltravel.at\/tr\/wp-json\/wp\/v2\/pages\/4243"}],"wp:attachment":[{"href":"https:\/\/medicaltravel.at\/tr\/wp-json\/wp\/v2\/media?parent=4402"}],"curies":[{"name":"wp","href":"https:\/\/api.w.org\/{rel}","templated":true}]}}