{"id":4400,"date":"2025-09-28T11:12:54","date_gmt":"2025-09-28T10:12:54","guid":{"rendered":"https:\/\/medicaltravel.at\/hasta-hikayeleri\/eski-hasta-raporlari\/benim-lasik-istanbul-deneyim-raporum-28-mayis-2008-carsamba-tarihli-rapor\/"},"modified":"2026-01-13T17:57:54","modified_gmt":"2026-01-13T16:57:54","slug":"benim-lasik-istanbul-deneyim-raporum-28-mayis-2008-carsamba-tarihli-rapor","status":"publish","type":"page","link":"https:\/\/medicaltravel.at\/tr\/hasta-hikayeleri\/eski-hasta-raporlari\/benim-lasik-istanbul-deneyim-raporum-28-mayis-2008-carsamba-tarihli-rapor\/","title":{"rendered":"Benim LASIK \u0130STANBUL Deneyim Raporum \u2013 28 May\u0131s 2008 \u00c7ar\u015famba tarihli rapor"},"content":{"rendered":"\n<h3 class=\"wp-block-heading\">Benim LASIK \u0130STANBUL Deneyim Raporum \u2013 28 May\u0131s 2008 \u00c7ar\u015famba tarihli rapor<\/h3>\n\n<p>G\u00f6z lazer ameliyat\u0131m hakk\u0131nda deneyim raporu<\/p>\n\n<p>Ba\u015flang\u0131\u00e7<\/p>\n\n<p>Bu y\u0131l\u0131n Nisan ba\u015f\u0131nda e\u015fimle birlikte Asya gezisinden eve d\u00f6nd\u00fck. Orada ayr\u0131ca s\u00f6rf yapt\u0131m ve g\u00fcn boyu lenslerle u\u011fra\u015fmak zorunda kald\u0131m, \u00e7\u00fcnk\u00fc genellikle g\u00f6zl\u00fck tak\u0131yorum (miyopi, 1,25 diyoptri). Ak\u015famlar\u0131 dal\u0131\u015f s\u0131ras\u0131nda kaybetmedi\u011fim s\u00fcrece lenslerimi ar\u0131yordum. Eve d\u00f6nd\u00fc\u011f\u00fcmde net bir iste\u011fim vard\u0131: Gelecekte g\u00f6zl\u00fcks\u00fcz ya\u015famak!   <\/p>\n\n<p>Eve d\u00f6nd\u00fckten sonra g\u00f6zl\u00fck\u00e7\u00fcye gittik (g\u00fcne\u015f g\u00f6zl\u00fc\u011f\u00fc i\u00e7in) ve ona, d\u00fczeltme de\u011ferlerim i\u00e7in lazer ameliyat\u0131n\u0131n m\u00fcmk\u00fcn olup olmad\u0131\u011f\u0131n\u0131 sordum. Evet dedi, ancak \u00f6nceden bir inceleme yap\u0131lmas\u0131 gerekti\u011fini belirtti. Konu maliyete de geldi ve bana g\u00f6zlerini T\u00fcrkiye\u2019de ameliyat ettiren bir m\u00fc\u015fterisinden bahsetti. T\u00fcrkiye?! Bunu daha \u00f6nce hi\u00e7 d\u00fc\u015f\u00fcnmemi\u015ftim, \u00e7\u00fcnk\u00fc ameliyat ve T\u00fcrkiye kelimeleri benim i\u00e7in pek uyu\u015fmuyordu. Ama ilgim uyand\u0131. Bunun hakk\u0131nda daha fazla bilgi almak istedim.      <\/p>\n\n<p>Evde internet \u00fczerinde ara\u015ft\u0131rma yapt\u0131m. H\u0131zl\u0131ca www.swisslasik.ch sitesine rastlad\u0131m. T\u00fcm web sitesini yazd\u0131rd\u0131m, okudum ve i\u00e7eriklerini \u0130svi\u00e7re\u2019deki kliniklerin bilgileriyle kar\u015f\u0131la\u015ft\u0131rd\u0131m. T\u00fcm okumalar\u0131mdan sonra \u015funa karar verdim: Bir ameliyat\u0131n ba\u015far\u0131l\u0131 olmas\u0131 i\u00e7in birka\u00e7 fakt\u00f6r \u00f6nemlidir.   <\/p>\n\n<p>-Lazer i\u00e7in \u00f6n muayene ve d\u00fczeltme de\u011ferlerinin belirlenmesi<br\/>-Doktorun deneyimi<br\/>-Lazer cihazlar\u0131n\u0131n teknik durumu<br\/>-Ameliyat ortam\u0131n\u0131n sterilitesi<\/p>\n\n<p>Forumlar\u0131, deneyim yaz\u0131lar\u0131n\u0131 ve gazete makalelerini inceledikten sonra, T\u00fcrkiye\u2019de bir ameliyat\u0131n bir se\u00e7enek olabilece\u011fine karar verdim. Ancak tan\u0131mad\u0131\u011f\u0131m kliniklere ve maceralara kesinlikle girip risk almak istemedim. Genel olarak Swisslasik\u2019in sundu\u011fu se\u00e7enek bana ikna edici geldi: \u0130svi\u00e7re\u2019de \u00f6n ve sonras\u0131 muayene, t\u00fcm seyahat organizasyonu, Almanca konu\u015fan irtibat ki\u015fisi, uzun s\u00fcredir faaliyet g\u00f6steren bir klinik, en modern cihazlar ve \u00e7ok nitelikli, deneyimli doktorlar. Karar\u0131m k\u0131sa s\u00fcrede kesinle\u015fti: bunu yapmak istiyorum. Zaman\u0131 do\u011fru ve art\u0131k ileri gitme vakti.    <\/p>\n\n<p>Bir sonraki ad\u0131m, Swisslasik ile ileti\u015fime ge\u00e7mekti. Bay Karaagacli\u2019nin ilgisini \u00e7ok dostane, yard\u0131msever, sorunsuz ve bask\u0131 yapmayan buldum. 3 g\u00fcn i\u00e7inde Z\u00fcrih\u2019te bir \u00f6n muayene yapabildim. Bu muayene, g\u00f6z kusurum i\u00e7in lazer ameliyat\u0131n\u0131n m\u00fcmk\u00fcn oldu\u011funu g\u00f6sterdi. Ancak g\u00f6z doktoru bana risklerden de bahsetti ve gerekirse okuma g\u00f6zl\u00fc\u011f\u00fc kullanmam gerekebilece\u011fini belirtti. Bu nedenle karar\u0131n iyi d\u00fc\u015f\u00fcn\u00fclmesi gerekti\u011fini s\u00f6yledi. 2 g\u00fcn sonra karar\u0131m\u0131 verdim: evet, ameliyat olmak istiyordum. M\u00fcmk\u00fcn oldu\u011funca erken, b\u00f6ylece g\u00f6zler yazdan \u00f6nce iyile\u015fmi\u015f olur.       <\/p>\n\n<p>K\u0131sa s\u00fcrede Bay Karaagacli ile 1 May\u0131s\u2019tan sonraki hafta sonu i\u00e7in bir randevu bulabildik. U\u00e7u\u015fu kendim ayarlad\u0131m, geri kalan her \u015feyi o halletti. <\/p>\n\n<p>Ameliyat<\/p>\n\n<p>U\u00e7u\u015f (Swiss), otel ve benzeri detaylar\u0131 \u015fimdilik bir kenara b\u0131rak\u0131yorum ve klinikteki g\u00fcne devam etmek istiyorum. \u0130stanbul\u2019da bo\u015f bir Per\u015fembe g\u00fcn\u00fcnden sonra art\u0131k vakit gelmi\u015fti: \u00d6\u011fle civar\u0131nda al\u0131nd\u0131k ve Eyestar Klinik\u2019e g\u00f6t\u00fcr\u00fcld\u00fck. Binan\u0131n d\u0131\u015f\u0131 ve merdivenler pek etkileyici de\u011fil; ancak taksi \u015fof\u00f6r\u00fc bizi \u00f6nceden bilgilendirdi, binan\u0131n sahibinin bir tadilat planlad\u0131\u011f\u0131n\u0131 s\u00f6yledi. Klinikte i\u00e7eri girince her \u015fey farkl\u0131: Fred bizi en iyi Berner Almancas\u0131yla kar\u015f\u0131lad\u0131, her \u015feyi anlatt\u0131 ve hastalarla i\u00e7ten ilgilendi. Fred, klini\u011fin adeta ruhu gibiydi. Onun yan\u0131nda kendinizi g\u00fcvende hissediyorsunuz. Bir s\u00fcre sonra optik cihazlarla \u00f6n muayene ba\u015flad\u0131. Ard\u0131ndan g\u00f6zler, daha ileri kontroller i\u00e7in pupil geni\u015fletici damlalarla damlat\u0131ld\u0131. Sonras\u0131nda, ileride lazer ameliyat\u0131n\u0131 yapacak doktor taraf\u0131ndan muayene yap\u0131ld\u0131. \u0130ngilizce konu\u015ftuk, Fred her zaman yan\u0131m\u0131zda terc\u00fcman olarak yard\u0131mc\u0131 oldu. H\u0131zl\u0131ca doktora g\u00fcven duydum: bana son derece deneyimli, emin ve rahat g\u00f6r\u00fcnd\u00fc. 25 binden fazla lazer ameliyat\u0131 yapm\u0131\u015f. Bu da bana ameliyat i\u00e7in g\u00fcven ve huzur verdi. Bekleme aralar\u0131nda s\u00fcrekli \u00e7ay, kola ve benzeri ikramlar sunuluyor. Yar\u0131m daire \u015feklindeki, ayd\u0131nl\u0131k bekleme salonunda neredeyse aile ortam\u0131 vard\u0131. Birka\u00e7 \u015faka ile birbirimizi ne\u015felendirdik ve ara s\u0131ra Fred\u2019le dalga ge\u00e7tik. Bu, rahatlamaya yard\u0131mc\u0131 oldu.                <\/p>\n\n<p>\u00d6n muayene, Z\u00fcrih\u2019te yap\u0131lan muayenenin sonucunu do\u011frulad\u0131. Ameliyat yap\u0131labilir. \u00d6n muayeneden sonra biraz yemek yemek i\u00e7in zaman\u0131m\u0131z oldu.  <\/p>\n\n<p>Saat 16.30\u2019da klini\u011fe geri d\u00f6nd\u00fck. Bir s\u00fcre sonra ameliyat salonunun bulundu\u011fu \u00fcst kata \u00e7\u0131kt\u0131k. Ameliyat i\u00e7in s\u0131radaki bendim. Fred beni steril k\u0131yafet, ba\u015fl\u0131k giydirerek haz\u0131rlad\u0131, g\u00f6zlerime damlalar damlatt\u0131 ve neler olaca\u011f\u0131n\u0131 anlatt\u0131. Kendi \u015fa\u015fk\u0131nl\u0131\u011f\u0131ma g\u00f6re biraz gergindim ama i\u00e7ten i\u00e7e sakindim. \u015eimdiye kadar ya\u015fad\u0131klar\u0131ma dayanarak klini\u011fe ve personeline tam g\u00fcvenim vard\u0131.<br\/><br\/>Ameliyat salonunda \u00f6nce v\u00fccut ve ba\u015f ameliyat yata\u011f\u0131na do\u011fru \u015fekilde yerle\u015ftirildi. Ard\u0131ndan ba\u015f\u0131n \u00fczerine bir \u00f6rt\u00fc yerle\u015ftirildi (d\u0131\u015far\u0131y\u0131 g\u00f6rebiliyorsunuz) ve g\u00f6z kapaklar\u0131 sabitlendi. Sonra g\u00f6ze bir halka ile vakum uyguland\u0131, b\u00f6ylece keratom ile \u201cflap\u201d kald\u0131r\u0131labiliyor. Vakum uygulamas\u0131 rahats\u0131z edici, \u00e7\u00fcnk\u00fc g\u00f6z \u00fczerine bask\u0131 yap\u0131l\u0131yor. Lazer do\u011fru konumdayken (g\u00f6z\u00fcn do\u011fru pozisyonunu kontrol etmek i\u00e7in ye\u015fil \u0131\u015f\u0131klara bak\u0131l\u0131yor), doktor \u201c\u015eimdi pozisyonu koru\u201d komutunu veriyor. Lazer a\u00e7\u0131l\u0131yor, g\u00f6r\u00fc\u015f k\u0131sa s\u00fcreli\u011fine bulan\u0131kla\u015f\u0131yor ama ayn\u0131 y\u00f6nde bakmaya devam ediyorum ve pozisyonu koruyorum. Benim 1,25\u2019lik hafif d\u00fczeltmem i\u00e7in lazer i\u015flemi yakla\u015f\u0131k 10 saniye s\u00fcr\u00fcyor. Hi\u00e7 a\u011fr\u0131 hissetmedim. Sonra ayn\u0131 i\u015flem di\u011fer g\u00f6zde tekrar ediliyor. Ameliyat yata\u011f\u0131nda maksimum 10 dakika i\u00e7inde i\u015flem tamamlan\u0131yor.<br\/><br\/>Fred bana yard\u0131m ederek beni az \u0131\u015f\u0131kl\u0131 yan odaya g\u00f6t\u00fcr\u00fcyor ve uzanmam sa\u011flan\u0131yor. Sonraki yakla\u015f\u0131k 3 saat sab\u0131rl\u0131 olman\u0131z gerekiyor: g\u00f6zler \u0131\u015f\u0131\u011fa hassas ve biraz yan\u0131yor. Dayan\u0131labilir, ama m\u00fcmk\u00fcn oldu\u011funca \u0131\u015f\u0131k kaynaklar\u0131ndan uzak durmak gerekiyor. T\u00fcm i\u015flemler tamamland\u0131ktan sonra tekrar alt kata iniyoruz. Burada ameliyat\u0131 yapan doktor taraf\u0131ndan kontrol muayenesi yap\u0131l\u0131yor. Fred, verilen g\u00f6z damlalar\u0131n\u0131n nas\u0131l uygulanaca\u011f\u0131n\u0131 g\u00f6steriyor. Ard\u0131ndan otele geri g\u00f6t\u00fcr\u00fcl\u00fcyoruz. Yatabilmekten mutluyum. G\u00f6zleri korumak i\u00e7in ilk gece i\u00e7in g\u00f6z band\u0131 veriliyor.<br\/>Erken sabah g\u00f6z band\u0131n\u0131 \u00e7\u0131kard\u0131\u011f\u0131mda art\u0131k yanma yok ve g\u00f6r\u00fc\u015f net! Otel odas\u0131ndaki duvar ka\u011f\u0131d\u0131n\u0131n dokular\u0131n\u0131 g\u00f6rebiliyorum ve bu kadar net g\u00f6rebildi\u011fim i\u00e7in i\u00e7ten i\u00e7e \u00e7ok mutlu oluyorum.                            <\/p>\n\n<p>Sonras\u0131nda<\/p>\n\n<p>Ameliyat g\u00fcn\u00fcnden sonraki \u00f6\u011fle civar\u0131nda, kontrol muayenesi i\u00e7in al\u0131n\u0131yoruz. Klinik i\u00e7inde b\u00fcy\u00fck bir merhaba havas\u0131 var ve herkes sabah nas\u0131l hissetti\u011fini anlat\u0131yor. <\/p>\n\n<p>Ard\u0131ndan, optik cihazlar ve doktor yard\u0131m\u0131yla muayene yap\u0131l\u0131yor. Her \u015fey yolunda ve iyi durumda. G\u00f6r\u00fc\u015f net ve keskin. Art\u0131k g\u00f6zlere \u00f6zen g\u00f6stermek, damlalar\u0131 d\u00fczenli kullanmak ve kesinlikle g\u00f6zleri ovu\u015fturmamak gerekiyor. Ba\u015fta fark\u0131nda olmadan g\u00f6zlerimi ovu\u015fturabilece\u011fimden endi\u015felendim. Ancak ba\u015flang\u0131\u00e7 d\u00f6neminden sonra ve birka\u00e7 \u201czihinsel egzersiz\u201dle bu endi\u015fe b\u00fcy\u00fck \u00f6l\u00e7\u00fcde ge\u00e7ti. Yine de ameliyattan sonraki ilk 2 hafta m\u00fcmk\u00fcn oldu\u011funca dikkatli olmaya \u00e7al\u0131\u015ft\u0131m. Ameliyat\u0131n iyi sonucunu dikkatsiz davran\u0131\u015fla bozmak istemedim.       <\/p>\n\n<p>Art\u0131k ameliyattan bu yana neredeyse d\u00f6rt hafta ge\u00e7ti. Ameliyattan sonraki iki g\u00fcn boyunca \u0130stanbul\u2019da dola\u015ft\u0131k ve keyfini \u00e7\u0131kard\u0131k. Gelecek hafta \u0130svi\u00e7re\u2019de ilk kontrol muayenesi yap\u0131lacak. Her \u015feyin yolunda oldu\u011funa eminim. G\u00f6r\u00fc\u015f keskinli\u011fi, benim anlay\u0131\u015f\u0131ma g\u00f6re, g\u00f6zl\u00fckl\u00fcyken oldu\u011fundan \u00e7ok da farkl\u0131 de\u011fil ve olduk\u00e7a iyi. Ameliyattan sonraki ilk g\u00fcnlerde g\u00f6zler biraz \u0131\u015f\u0131\u011fa hassast\u0131, ancak bu k\u0131sa s\u00fcrede ge\u00e7ti. \u0130\u015f nedeniyle bilgisayar kullan\u0131m\u0131, ameliyattan 3 g\u00fcn sonra rahatl\u0131kla m\u00fcmk\u00fcn oldu. \u015eimdi yeniden spor yapmaya da ba\u015flad\u0131m. G\u00f6zl\u00fcks\u00fcz her \u015feyi net \u015fekilde g\u00f6rebilmenin keyfini \u00e7\u0131kar\u0131yorum ve ameliyat ile \u015fimdiye kadarki iyile\u015fmenin bu kadar iyi gitmesinden dolay\u0131 mutluyum.        <\/p>\n\n<p>Swisslasik\u2019i ve Eyestar Klini\u011fi\u2019ni tavsiye edebilirim. Lasik ameliyat\u0131 olmak isteyenler, bu iki yere g\u00fcvenebilir. Lasik ameliyat\u0131 yap\u0131p yapt\u0131rmama karar\u0131 hastaya aittir: E\u011fer ki\u015fi t\u00fcm bilinen riskleri kabul ederek i\u00e7ten bir \u015fekilde \u201cevet\u201d diyebiliyorsa (bu riskler evde de vard\u0131r), Eyestar Klini\u011fi\u2019nde ameliyat\u0131 d\u00fc\u015f\u00fcnebilir. Benim i\u00e7in de sonras\u0131nda bak\u0131ld\u0131\u011f\u0131nda iyi bir karar oldu.   <\/p>\n\n<p>Ameliyat olmay\u0131 d\u00fc\u015f\u00fcnen herkese bol \u015fans ve keskin g\u00f6r\u00fc\u015fler dilerim!<\/p>\n\n<p>S. Grossen, 26.05.2008<\/p>\n\n<div class=\"wp-block-group is-layout-grid wp-container-core-group-is-layout-baef362d wp-block-group-is-layout-grid\">\n<p><a href=\"https:\/\/medicaltravel.at\/home\/agb\/\" data-type=\"page\" data-id=\"2191\"><\/a><a href=\"https:\/\/medicaltravel.at\/tr\/hasta-hikayeleri\/eski-hasta-raporlari\/ameliyatimin-deneyim-raporu-istanbulda-04-temmuz-2008-cuma-tarihli-rapor\/\" data-type=\"link\" data-id=\"https:\/\/medicaltravel.at\/berichte-von-patienten\/altere-patientenberichte\/erfahrungsbericht-meiner-op-in-istanbul-bericht-vom-freitag-04-juli-2008\/\">\u00d6nceki Rapor<\/a><\/p>\n\n\n\n<p class=\"has-text-align-right wp-container-content-5e2576f9\"><a href=\"https:\/\/medicaltravel.at\/home\/impressum\/\" data-type=\"page\" data-id=\"2193\"><\/a><a href=\"https:\/\/medicaltravel.at\/home\/berichte-von-patienten\/erfahrungsberichte\/erfahrungsbericht-zahnbehandlung-in-istanbul\/\" data-type=\"page\" data-id=\"981\"><\/a><a href=\"https:\/\/medicaltravel.at\/tr\/hasta-hikayeleri\/eski-hasta-raporlari\/goezler-lazerlendi-nihayet-27-mayis-2008-sali-tarihli-rapor\/\" data-type=\"link\" data-id=\"https:\/\/medicaltravel.at\/berichte-von-patienten\/altere-patientenberichte\/altere-patientenberichte-augen-gelasert-endlich-bericht-vom-dienstag-27-mai-2008\/\">Sonraki Rapor<\/a><\/p>\n<\/div>\n","protected":false},"excerpt":{"rendered":"<p>Benim LASIK \u0130STANBUL Deneyim Raporum \u2013 28 May\u0131s 2008 \u00c7ar\u015famba tarihli rapor G\u00f6z lazer ameliyat\u0131m hakk\u0131nda deneyim raporu Ba\u015flang\u0131\u00e7 Bu y\u0131l\u0131n Nisan ba\u015f\u0131nda e\u015fimle birlikte Asya gezisinden eve d\u00f6nd\u00fck. Orada ayr\u0131ca s\u00f6rf yapt\u0131m ve g\u00fcn boyu lenslerle u\u011fra\u015fmak zorunda kald\u0131m, \u00e7\u00fcnk\u00fc genellikle g\u00f6zl\u00fck tak\u0131yorum (miyopi, 1,25 diyoptri). Ak\u015famlar\u0131 dal\u0131\u015f s\u0131ras\u0131nda kaybetmedi\u011fim s\u00fcrece lenslerimi ar\u0131yordum. Eve d\u00f6nd\u00fc\u011f\u00fcmde net bir iste\u011fim vard\u0131: Gelecekte g\u00f6zl\u00fcks\u00fcz ya\u015famak! Eve d\u00f6nd\u00fckten sonra g\u00f6zl\u00fck\u00e7\u00fcye gittik (g\u00fcne\u015f g\u00f6zl\u00fc\u011f\u00fc i\u00e7in) ve ona, d\u00fczeltme de\u011ferlerim i\u00e7in lazer ameliyat\u0131n\u0131n m\u00fcmk\u00fcn olup olmad\u0131\u011f\u0131n\u0131 sordum. Evet dedi, ancak \u00f6nceden bir inceleme yap\u0131lmas\u0131 gerekti\u011fini belirtti. Konu maliyete de geldi ve bana g\u00f6zlerini T\u00fcrkiye\u2019de ameliyat ettiren bir m\u00fc\u015fterisinden bahsetti. T\u00fcrkiye?! Bunu daha \u00f6nce hi\u00e7 d\u00fc\u015f\u00fcnmemi\u015ftim, \u00e7\u00fcnk\u00fc ameliyat ve T\u00fcrkiye kelimeleri benim i\u00e7in pek uyu\u015fmuyordu. Ama ilgim uyand\u0131. Bunun hakk\u0131nda daha fazla bilgi almak istedim. Evde internet \u00fczerinde ara\u015ft\u0131rma yapt\u0131m. H\u0131zl\u0131ca www.swisslasik.ch sitesine rastlad\u0131m. T\u00fcm web sitesini yazd\u0131rd\u0131m, okudum ve i\u00e7eriklerini \u0130svi\u00e7re\u2019deki kliniklerin bilgileriyle kar\u015f\u0131la\u015ft\u0131rd\u0131m. T\u00fcm okumalar\u0131mdan sonra \u015funa karar verdim: Bir ameliyat\u0131n ba\u015far\u0131l\u0131 olmas\u0131 i\u00e7in birka\u00e7 fakt\u00f6r \u00f6nemlidir. -Lazer i\u00e7in \u00f6n muayene ve d\u00fczeltme de\u011ferlerinin belirlenmesi-Doktorun deneyimi-Lazer cihazlar\u0131n\u0131n teknik durumu-Ameliyat ortam\u0131n\u0131n sterilitesi Forumlar\u0131, deneyim yaz\u0131lar\u0131n\u0131 ve gazete makalelerini inceledikten sonra, T\u00fcrkiye\u2019de bir ameliyat\u0131n bir se\u00e7enek olabilece\u011fine karar verdim. Ancak tan\u0131mad\u0131\u011f\u0131m kliniklere ve maceralara kesinlikle girip risk almak istemedim. Genel olarak Swisslasik\u2019in sundu\u011fu se\u00e7enek bana ikna edici geldi: \u0130svi\u00e7re\u2019de \u00f6n ve sonras\u0131 muayene, t\u00fcm seyahat organizasyonu, Almanca konu\u015fan irtibat ki\u015fisi, uzun s\u00fcredir faaliyet g\u00f6steren bir klinik, en modern cihazlar ve \u00e7ok nitelikli, deneyimli doktorlar. Karar\u0131m k\u0131sa s\u00fcrede kesinle\u015fti: bunu yapmak istiyorum. Zaman\u0131 do\u011fru ve art\u0131k ileri gitme vakti. Bir sonraki ad\u0131m, Swisslasik ile ileti\u015fime ge\u00e7mekti. Bay Karaagacli\u2019nin ilgisini \u00e7ok dostane, yard\u0131msever, sorunsuz ve bask\u0131 yapmayan buldum. 3 g\u00fcn i\u00e7inde Z\u00fcrih\u2019te bir \u00f6n muayene yapabildim. Bu muayene, g\u00f6z kusurum i\u00e7in lazer ameliyat\u0131n\u0131n m\u00fcmk\u00fcn oldu\u011funu g\u00f6sterdi. Ancak g\u00f6z doktoru bana risklerden de bahsetti ve gerekirse okuma g\u00f6zl\u00fc\u011f\u00fc kullanmam gerekebilece\u011fini belirtti. Bu nedenle karar\u0131n iyi d\u00fc\u015f\u00fcn\u00fclmesi gerekti\u011fini s\u00f6yledi. 2 g\u00fcn sonra karar\u0131m\u0131 verdim: evet, ameliyat olmak istiyordum. M\u00fcmk\u00fcn oldu\u011funca erken, b\u00f6ylece g\u00f6zler yazdan \u00f6nce iyile\u015fmi\u015f olur. K\u0131sa s\u00fcrede Bay Karaagacli ile 1 May\u0131s\u2019tan sonraki hafta sonu i\u00e7in bir randevu bulabildik. U\u00e7u\u015fu kendim ayarlad\u0131m, geri kalan her \u015feyi o halletti. Ameliyat U\u00e7u\u015f (Swiss), otel ve benzeri detaylar\u0131 \u015fimdilik bir kenara b\u0131rak\u0131yorum ve klinikteki g\u00fcne devam etmek istiyorum. \u0130stanbul\u2019da bo\u015f bir Per\u015fembe g\u00fcn\u00fcnden sonra art\u0131k vakit gelmi\u015fti: \u00d6\u011fle civar\u0131nda al\u0131nd\u0131k ve Eyestar Klinik\u2019e g\u00f6t\u00fcr\u00fcld\u00fck. Binan\u0131n d\u0131\u015f\u0131 ve merdivenler pek etkileyici de\u011fil; ancak taksi \u015fof\u00f6r\u00fc bizi \u00f6nceden bilgilendirdi, binan\u0131n sahibinin bir tadilat planlad\u0131\u011f\u0131n\u0131 s\u00f6yledi. Klinikte i\u00e7eri girince her \u015fey farkl\u0131: Fred bizi en iyi Berner Almancas\u0131yla kar\u015f\u0131lad\u0131, her \u015feyi anlatt\u0131 ve hastalarla i\u00e7ten ilgilendi. Fred, klini\u011fin adeta ruhu gibiydi. Onun yan\u0131nda kendinizi g\u00fcvende hissediyorsunuz. Bir s\u00fcre sonra optik cihazlarla \u00f6n muayene ba\u015flad\u0131. Ard\u0131ndan g\u00f6zler, daha ileri kontroller i\u00e7in pupil geni\u015fletici damlalarla damlat\u0131ld\u0131. Sonras\u0131nda, ileride lazer ameliyat\u0131n\u0131 yapacak doktor taraf\u0131ndan muayene yap\u0131ld\u0131. \u0130ngilizce konu\u015ftuk, Fred her zaman yan\u0131m\u0131zda terc\u00fcman olarak yard\u0131mc\u0131 oldu. H\u0131zl\u0131ca doktora g\u00fcven duydum: bana son derece deneyimli, emin ve rahat g\u00f6r\u00fcnd\u00fc. 25 binden fazla lazer ameliyat\u0131 yapm\u0131\u015f. Bu da bana ameliyat i\u00e7in g\u00fcven ve huzur verdi. Bekleme aralar\u0131nda s\u00fcrekli \u00e7ay, kola ve benzeri ikramlar sunuluyor. Yar\u0131m daire \u015feklindeki, ayd\u0131nl\u0131k bekleme salonunda neredeyse aile ortam\u0131 vard\u0131. Birka\u00e7 \u015faka ile birbirimizi ne\u015felendirdik ve ara s\u0131ra Fred\u2019le dalga ge\u00e7tik. Bu, rahatlamaya yard\u0131mc\u0131 oldu. \u00d6n muayene, Z\u00fcrih\u2019te yap\u0131lan muayenenin sonucunu do\u011frulad\u0131. Ameliyat yap\u0131labilir. \u00d6n muayeneden sonra biraz yemek yemek i\u00e7in zaman\u0131m\u0131z oldu. Saat 16.30\u2019da klini\u011fe geri d\u00f6nd\u00fck. Bir s\u00fcre sonra ameliyat salonunun bulundu\u011fu \u00fcst kata \u00e7\u0131kt\u0131k. Ameliyat i\u00e7in s\u0131radaki bendim. Fred beni steril k\u0131yafet, ba\u015fl\u0131k giydirerek haz\u0131rlad\u0131, g\u00f6zlerime damlalar damlatt\u0131 ve neler olaca\u011f\u0131n\u0131 anlatt\u0131. Kendi \u015fa\u015fk\u0131nl\u0131\u011f\u0131ma g\u00f6re biraz gergindim ama i\u00e7ten i\u00e7e sakindim. \u015eimdiye kadar ya\u015fad\u0131klar\u0131ma dayanarak klini\u011fe ve personeline tam g\u00fcvenim vard\u0131. Ameliyat salonunda \u00f6nce v\u00fccut ve ba\u015f ameliyat yata\u011f\u0131na do\u011fru \u015fekilde yerle\u015ftirildi. Ard\u0131ndan ba\u015f\u0131n \u00fczerine bir \u00f6rt\u00fc yerle\u015ftirildi (d\u0131\u015far\u0131y\u0131 g\u00f6rebiliyorsunuz) ve g\u00f6z kapaklar\u0131 sabitlendi. Sonra g\u00f6ze bir halka ile vakum uyguland\u0131, b\u00f6ylece keratom ile \u201cflap\u201d kald\u0131r\u0131labiliyor. Vakum uygulamas\u0131 rahats\u0131z edici, \u00e7\u00fcnk\u00fc g\u00f6z \u00fczerine bask\u0131 yap\u0131l\u0131yor. Lazer do\u011fru konumdayken (g\u00f6z\u00fcn do\u011fru pozisyonunu kontrol etmek i\u00e7in ye\u015fil \u0131\u015f\u0131klara bak\u0131l\u0131yor), doktor \u201c\u015eimdi pozisyonu koru\u201d komutunu veriyor. Lazer a\u00e7\u0131l\u0131yor, g\u00f6r\u00fc\u015f k\u0131sa s\u00fcreli\u011fine bulan\u0131kla\u015f\u0131yor ama ayn\u0131 y\u00f6nde bakmaya devam ediyorum ve pozisyonu koruyorum. Benim 1,25\u2019lik hafif d\u00fczeltmem i\u00e7in lazer i\u015flemi yakla\u015f\u0131k 10 saniye s\u00fcr\u00fcyor. Hi\u00e7 a\u011fr\u0131 hissetmedim. Sonra ayn\u0131 i\u015flem di\u011fer g\u00f6zde tekrar ediliyor. Ameliyat yata\u011f\u0131nda maksimum 10 dakika i\u00e7inde i\u015flem tamamlan\u0131yor. Fred bana yard\u0131m ederek beni az \u0131\u015f\u0131kl\u0131 yan odaya g\u00f6t\u00fcr\u00fcyor ve uzanmam sa\u011flan\u0131yor. Sonraki yakla\u015f\u0131k 3 saat sab\u0131rl\u0131 olman\u0131z gerekiyor: g\u00f6zler \u0131\u015f\u0131\u011fa hassas ve biraz yan\u0131yor. Dayan\u0131labilir, ama m\u00fcmk\u00fcn oldu\u011funca \u0131\u015f\u0131k kaynaklar\u0131ndan uzak durmak gerekiyor. T\u00fcm i\u015flemler tamamland\u0131ktan sonra tekrar alt kata iniyoruz. Burada ameliyat\u0131 yapan doktor taraf\u0131ndan kontrol muayenesi yap\u0131l\u0131yor. Fred, verilen g\u00f6z damlalar\u0131n\u0131n nas\u0131l uygulanaca\u011f\u0131n\u0131 g\u00f6steriyor. Ard\u0131ndan otele geri g\u00f6t\u00fcr\u00fcl\u00fcyoruz. Yatabilmekten mutluyum. G\u00f6zleri korumak i\u00e7in ilk gece i\u00e7in g\u00f6z band\u0131 veriliyor.Erken sabah g\u00f6z band\u0131n\u0131 \u00e7\u0131kard\u0131\u011f\u0131mda art\u0131k yanma yok ve g\u00f6r\u00fc\u015f net! Otel odas\u0131ndaki duvar ka\u011f\u0131d\u0131n\u0131n dokular\u0131n\u0131 g\u00f6rebiliyorum ve bu kadar net g\u00f6rebildi\u011fim i\u00e7in i\u00e7ten i\u00e7e \u00e7ok mutlu oluyorum. Sonras\u0131nda Ameliyat g\u00fcn\u00fcnden sonraki \u00f6\u011fle civar\u0131nda, kontrol muayenesi i\u00e7in al\u0131n\u0131yoruz. Klinik i\u00e7inde b\u00fcy\u00fck bir merhaba havas\u0131 var ve herkes sabah nas\u0131l hissetti\u011fini anlat\u0131yor. Ard\u0131ndan, optik cihazlar ve doktor yard\u0131m\u0131yla muayene yap\u0131l\u0131yor. Her \u015fey yolunda ve iyi durumda. G\u00f6r\u00fc\u015f net ve keskin. Art\u0131k g\u00f6zlere \u00f6zen g\u00f6stermek, damlalar\u0131 d\u00fczenli kullanmak ve kesinlikle g\u00f6zleri ovu\u015fturmamak gerekiyor. Ba\u015fta fark\u0131nda olmadan g\u00f6zlerimi ovu\u015fturabilece\u011fimden endi\u015felendim. Ancak ba\u015flang\u0131\u00e7 d\u00f6neminden sonra ve birka\u00e7 \u201czihinsel egzersiz\u201dle bu endi\u015fe b\u00fcy\u00fck \u00f6l\u00e7\u00fcde ge\u00e7ti. Yine de ameliyattan sonraki ilk 2 hafta m\u00fcmk\u00fcn oldu\u011funca dikkatli olmaya \u00e7al\u0131\u015ft\u0131m. Ameliyat\u0131n iyi sonucunu dikkatsiz davran\u0131\u015fla bozmak istemedim. Art\u0131k ameliyattan bu yana neredeyse d\u00f6rt hafta ge\u00e7ti. Ameliyattan sonraki iki g\u00fcn boyunca \u0130stanbul\u2019da dola\u015ft\u0131k ve keyfini \u00e7\u0131kard\u0131k. Gelecek hafta \u0130svi\u00e7re\u2019de ilk kontrol muayenesi yap\u0131lacak. Her \u015feyin yolunda oldu\u011funa eminim. G\u00f6r\u00fc\u015f keskinli\u011fi, benim anlay\u0131\u015f\u0131ma g\u00f6re, g\u00f6zl\u00fckl\u00fcyken oldu\u011fundan \u00e7ok da farkl\u0131 de\u011fil ve olduk\u00e7a iyi. Ameliyattan sonraki ilk g\u00fcnlerde g\u00f6zler biraz \u0131\u015f\u0131\u011fa hassast\u0131, ancak bu k\u0131sa s\u00fcrede ge\u00e7ti. \u0130\u015f nedeniyle bilgisayar kullan\u0131m\u0131, ameliyattan 3 g\u00fcn sonra rahatl\u0131kla m\u00fcmk\u00fcn oldu. \u015eimdi yeniden spor yapmaya da ba\u015flad\u0131m. G\u00f6zl\u00fcks\u00fcz her \u015feyi net \u015fekilde g\u00f6rebilmenin keyfini \u00e7\u0131kar\u0131yorum ve ameliyat ile \u015fimdiye kadarki iyile\u015fmenin bu kadar iyi gitmesinden dolay\u0131 mutluyum. Swisslasik\u2019i ve Eyestar Klini\u011fi\u2019ni tavsiye edebilirim. Lasik ameliyat\u0131 olmak<\/p>\n","protected":false},"author":4,"featured_media":0,"parent":4243,"menu_order":0,"comment_status":"closed","ping_status":"closed","template":"","meta":{"_joinchat":[],"footnotes":""},"class_list":["post-4400","page","type-page","status-publish","hentry"],"acf":[],"_links":{"self":[{"href":"https:\/\/medicaltravel.at\/tr\/wp-json\/wp\/v2\/pages\/4400","targetHints":{"allow":["GET"]}}],"collection":[{"href":"https:\/\/medicaltravel.at\/tr\/wp-json\/wp\/v2\/pages"}],"about":[{"href":"https:\/\/medicaltravel.at\/tr\/wp-json\/wp\/v2\/types\/page"}],"author":[{"embeddable":true,"href":"https:\/\/medicaltravel.at\/tr\/wp-json\/wp\/v2\/users\/4"}],"replies":[{"embeddable":true,"href":"https:\/\/medicaltravel.at\/tr\/wp-json\/wp\/v2\/comments?post=4400"}],"version-history":[{"count":1,"href":"https:\/\/medicaltravel.at\/tr\/wp-json\/wp\/v2\/pages\/4400\/revisions"}],"predecessor-version":[{"id":4401,"href":"https:\/\/medicaltravel.at\/tr\/wp-json\/wp\/v2\/pages\/4400\/revisions\/4401"}],"up":[{"embeddable":true,"href":"https:\/\/medicaltravel.at\/tr\/wp-json\/wp\/v2\/pages\/4243"}],"wp:attachment":[{"href":"https:\/\/medicaltravel.at\/tr\/wp-json\/wp\/v2\/media?parent=4400"}],"curies":[{"name":"wp","href":"https:\/\/api.w.org\/{rel}","templated":true}]}}