{"id":4398,"date":"2025-09-28T11:28:03","date_gmt":"2025-09-28T10:28:03","guid":{"rendered":"https:\/\/medicaltravel.at\/hasta-hikayeleri\/eski-hasta-raporlari\/lasik-ameliyati-istanbulda-05-aralik-2006-sali-tarihli-rapor\/"},"modified":"2026-01-13T18:24:14","modified_gmt":"2026-01-13T17:24:14","slug":"lasik-ameliyati-istanbulda-05-aralik-2006-sali-tarihli-rapor","status":"publish","type":"page","link":"https:\/\/medicaltravel.at\/tr\/hasta-hikayeleri\/eski-hasta-raporlari\/lasik-ameliyati-istanbulda-05-aralik-2006-sali-tarihli-rapor\/","title":{"rendered":"LASIK Ameliyat\u0131 \u0130stanbul\u2019da \u2013 05 Aral\u0131k 2006 Sal\u0131 tarihli rapor"},"content":{"rendered":"\n<h3 class=\"wp-block-heading\">LASIK Ameliyat\u0131 \u0130stanbul\u2019da \u2013 05 Aral\u0131k 2006 Sal\u0131 tarihli rapor<\/h3>\n\n<p>Merhaba<\/p>\n\n<p>Eyl\u00fcl ay\u0131nda zaten \u0130stanbul\u2019dayd\u0131m. swisslasik.ch benim i\u00e7in her \u015feyi \u00e7ok iyi organize etti <\/p>\n\n<p>\u0130svi\u00e7re\u2019de \u00d6n Muayene<\/p>\n\n<p>U\u00e7u\u015f<\/p>\n\n<p>Havaalan\u0131-Hotel-Havaalan\u0131 Transferi<\/p>\n\n<p>Otel<\/p>\n\n<p>Klinik vb.<\/p>\n\n<p>Biz normal LASIK\u2019i tercih ettik. Doktor, de\u011ferlerimin femto LASIK i\u00e7in tam olarak uygun olmad\u0131\u011f\u0131n\u0131 s\u00f6yledi. (San\u0131r\u0131m ona inan\u0131yorum, \u00e7\u00fcnk\u00fc femto LASIK yapsayd\u0131m hatta daha fazla \u00f6demem gerekirdi)  <\/p>\n\n<p>\u0130lk hafta bazen sorunlar ya\u015fad\u0131m. Ama \u015fimdi sonu\u00e7tan memnunum. Lens kullanmadan ya\u015fayabilmek! Bu benim i\u00e7in harika!<\/p>\n\n<div class=\"wp-block-group is-layout-grid wp-container-core-group-is-layout-baef362d wp-block-group-is-layout-grid\">\n<p><a href=\"https:\/\/medicaltravel.at\/home\/agb\/\" data-type=\"page\" data-id=\"2191\"><\/a><a href=\"https:\/\/medicaltravel.at\/tr\/hasta-hikayeleri\/eski-hasta-raporlari\/goez-lazeri-deneyim-raporu-istanbul-29-ocak-2007-pazartesi-tarihli-rapor\/\" data-type=\"link\" data-id=\"https:\/\/medicaltravel.at\/berichte-von-patienten\/altere-patientenberichte\/erfahrungsbericht-augenlaser-istanbul-bericht-vom-montag-29-januar-2007\/\">\u00d6nceki Rapor<\/a><\/p>\n\n\n\n<p class=\"has-text-align-right wp-container-content-5e2576f9\"><a href=\"https:\/\/medicaltravel.at\/home\/impressum\/\" data-type=\"page\" data-id=\"2193\"><\/a><a href=\"https:\/\/medicaltravel.at\/home\/berichte-von-patienten\/erfahrungsberichte\/erfahrungsbericht-zahnbehandlung-in-istanbul\/\" data-type=\"page\" data-id=\"981\"><\/a><a href=\"https:\/\/medicaltravel.at\/tr\/hasta-hikayeleri\/eski-hasta-raporlari\/lasik-istanbul-deneyim-raporu-29-kasim-2006-carsamba-tarihli-rapor\/\" data-type=\"link\" data-id=\"https:\/\/medicaltravel.at\/berichte-von-patienten\/altere-patientenberichte\/erfahrungsbericht-lasik-istanbul-bericht-vom-mittwoch-29-november-2006\/\">Sonraki Rapor<\/a><\/p>\n<\/div>\n","protected":false},"excerpt":{"rendered":"<p>LASIK Ameliyat\u0131 \u0130stanbul\u2019da \u2013 05 Aral\u0131k 2006 Sal\u0131 tarihli rapor Merhaba Eyl\u00fcl ay\u0131nda zaten \u0130stanbul\u2019dayd\u0131m. swisslasik.ch benim i\u00e7in her \u015feyi \u00e7ok iyi organize etti \u0130svi\u00e7re\u2019de \u00d6n Muayene U\u00e7u\u015f Havaalan\u0131-Hotel-Havaalan\u0131 Transferi Otel Klinik vb. Biz normal LASIK\u2019i tercih ettik. Doktor, de\u011ferlerimin femto LASIK i\u00e7in tam olarak uygun olmad\u0131\u011f\u0131n\u0131 s\u00f6yledi. (San\u0131r\u0131m ona inan\u0131yorum, \u00e7\u00fcnk\u00fc femto LASIK yapsayd\u0131m hatta daha fazla \u00f6demem gerekirdi) \u0130lk hafta bazen sorunlar ya\u015fad\u0131m. Ama \u015fimdi sonu\u00e7tan memnunum. Lens kullanmadan ya\u015fayabilmek! Bu benim i\u00e7in harika! \u00d6nceki Rapor Sonraki Rapor<\/p>\n","protected":false},"author":4,"featured_media":0,"parent":4243,"menu_order":0,"comment_status":"closed","ping_status":"closed","template":"","meta":{"_joinchat":[],"footnotes":""},"class_list":["post-4398","page","type-page","status-publish","hentry"],"acf":[],"_links":{"self":[{"href":"https:\/\/medicaltravel.at\/tr\/wp-json\/wp\/v2\/pages\/4398","targetHints":{"allow":["GET"]}}],"collection":[{"href":"https:\/\/medicaltravel.at\/tr\/wp-json\/wp\/v2\/pages"}],"about":[{"href":"https:\/\/medicaltravel.at\/tr\/wp-json\/wp\/v2\/types\/page"}],"author":[{"embeddable":true,"href":"https:\/\/medicaltravel.at\/tr\/wp-json\/wp\/v2\/users\/4"}],"replies":[{"embeddable":true,"href":"https:\/\/medicaltravel.at\/tr\/wp-json\/wp\/v2\/comments?post=4398"}],"version-history":[{"count":1,"href":"https:\/\/medicaltravel.at\/tr\/wp-json\/wp\/v2\/pages\/4398\/revisions"}],"predecessor-version":[{"id":4399,"href":"https:\/\/medicaltravel.at\/tr\/wp-json\/wp\/v2\/pages\/4398\/revisions\/4399"}],"up":[{"embeddable":true,"href":"https:\/\/medicaltravel.at\/tr\/wp-json\/wp\/v2\/pages\/4243"}],"wp:attachment":[{"href":"https:\/\/medicaltravel.at\/tr\/wp-json\/wp\/v2\/media?parent=4398"}],"curies":[{"name":"wp","href":"https:\/\/api.w.org\/{rel}","templated":true}]}}