{"id":4394,"date":"2025-09-28T11:17:29","date_gmt":"2025-09-28T10:17:29","guid":{"rendered":"https:\/\/medicaltravel.at\/hasta-hikayeleri\/eski-hasta-raporlari\/kisa-ve-neredeyse-agrisiz-24-mart-2008-pazartesi-tarihli-rapor\/"},"modified":"2026-01-13T18:08:10","modified_gmt":"2026-01-13T17:08:10","slug":"kisa-ve-neredeyse-agrisiz-24-mart-2008-pazartesi-tarihli-rapor","status":"publish","type":"page","link":"https:\/\/medicaltravel.at\/tr\/hasta-hikayeleri\/eski-hasta-raporlari\/kisa-ve-neredeyse-agrisiz-24-mart-2008-pazartesi-tarihli-rapor\/","title":{"rendered":"K\u0131sa ve (neredeyse) A\u011fr\u0131s\u0131z \u2013 24 Mart 2008 Pazartesi tarihli rapor"},"content":{"rendered":"\n<h3 class=\"wp-block-heading\">K\u0131sa ve (neredeyse) A\u011fr\u0131s\u0131z \u2013 24 Mart 2008 Pazartesi tarihli rapor<\/h3>\n\n<p>K\u0131sa ve (neredeyse) a\u011fr\u0131s\u0131z<\/p>\n\n<p>\u0130\u015fte \u201c\u0130stanbul\u2019da G\u00f6z Lazer Ameliyat\u0131\u201d projesini b\u00f6yle \u00f6zetliyorum!<br\/><br\/>Ge\u00e7en Cumartesi, \u0130stanbul\u2019dan bir\u00e7ok yeni izlenim ve deneyimle d\u00f6nd\u00fcm, ve en \u00f6nemlisi g\u00f6rme yard\u0131m\u0131na gerek duymadan tamamen net bir g\u00f6r\u00fc\u015fle!<br\/><br\/>Deneyimlerimi sizlerle payla\u015fmaktan mutluluk duyuyorum:  <\/p>\n\n<p>Bir s\u00fcredir g\u00f6zlerimi lazerle d\u00fczeltme d\u00fc\u015f\u00fcncesiyle ilgileniyordum. Yakla\u015f\u0131k 15 y\u0131ld\u0131r g\u00f6zl\u00fck veya kontakt lens kullan\u0131yordum. Yakla\u015f\u0131k bir y\u0131l \u00f6nce, lensleri \u00e7ok uzun s\u00fcre takmam nedeniyle k\u00f6t\u00fc bir kornea enfeksiyonu ge\u00e7irdim.<br\/><br\/>Ne diyebilirim, hatalardan \u00f6\u011freniyoruz! Her hal\u00fckarda daha dikkatli oldum ve art\u0131k g\u00f6zl\u00fc\u011f\u00fc daha s\u0131k takmaya ba\u015flad\u0131m, ama bu asl\u0131nda beni rahats\u0131z ediyordu.<br\/><br\/>Yakla\u015f\u0131k iki ay \u00f6nce \u201cg\u00f6z lazeri\u201d kelimesini Google\u2019a yazd\u0131m ve h\u0131zla Swisslasik\u2019in web sitesine ula\u015ft\u0131m, oradan da Z\u00fcrih\u2019te \u00f6n muayene i\u00e7in kay\u0131t yapt\u0131rd\u0131m.<br\/><br\/>Bay Karaagacli hemen benimle ileti\u015fime ge\u00e7ti ve Z\u00fcrih\u2019e muayene i\u00e7in gidebilece\u011fim birka\u00e7 tarihi s\u00f6yledim. O da beni g\u00f6z doktoruna y\u00f6nlendirdi.<br\/>\u00d6n muayenede, temel t\u0131bbi kontrollerin yan\u0131 s\u0131ra lazerin avantajlar\u0131 ve dezavantajlar\u0131 hakk\u0131nda da bilgilendirildim. Art\u0131k bunu bir kez daha d\u00fc\u015f\u00fcnme f\u0131rsat\u0131m vard\u0131.<br\/><br\/>Kornea enfeksiyonu nedeniyle sa\u011f g\u00f6z\u00fcmde bir iz vard\u0131, bu da belli bir risk olu\u015fturuyordu. Ama onun d\u0131\u015f\u0131nda, bilgilendirildim ki komplikasyon riski neredeyse s\u0131f\u0131rd\u0131.<br\/><br\/>Birka\u00e7 g\u00fcn boyunca gidip geldim. \u00c7evrem elbette bunu yapmamam\u0131 tavsiye etti. \u201cYa bir \u015fey ters giderse\u2026!\u201d gibi yorumlar\u0131 s\u00fcrekli duyuyordum.               <\/p>\n\n<p>Ama g\u00f6zl\u00fcks\u00fcz bir hayat d\u00fc\u015f\u00fcncesi beni b\u0131rakmad\u0131. Ayr\u0131ca bir mirastan biraz para ald\u0131m ve ameliyat\u0131 bu parayla kar\u015f\u0131layabildim.<br\/><br\/>Swisslasik\u2019in web sitesinde biraz daha gezindim ve baz\u0131 deneyim payla\u015f\u0131mlar\u0131n\u0131 okudum; bunlar beni ikna etti ve sonunda kesin olarak karar verdim. Ve \u015fimdi s\u00f6yleyebilirim ki, hi\u00e7 pi\u015fman olmad\u0131m!<br\/><br\/>Her \u015fey Bay Karaagacli taraf\u0131ndan m\u00fckemmel bir \u015fekilde organize edildi: u\u00e7ak, otel, ameliyat\u2014her \u015fey onun taraf\u0131ndan ayarland\u0131 ve hepsi \u00e7ok k\u0131sa bir s\u00fcrede!<br\/><br\/>\u0130stanbul\u2019daki konaklamam i\u00e7in gerekli t\u00fcm bilgileri i\u00e7eren ve ki\u015fisel olarak bana verilen bir Swisslasik kart\u0131 ald\u0131m.<br\/><br\/>Ayr\u0131ca Bay Karaagacli\u2019nin telefon ve e-postalarda g\u00f6sterdi\u011fi samimi yakla\u015f\u0131m\u0131 da mutlaka belirtmeliyim!      <\/p>\n\n<p>Ge\u00e7en \u00c7ar\u015famba \u0130stanbul\u2019a u\u00e7tum; a\u00e7\u0131k\u00e7as\u0131 midemde hafif bir gerginlik vard\u0131.<br\/><br\/>Ama havaalan\u0131nda, Swisslasik ile g\u00f6z lazeri ameliyat\u0131 olmaya karar vermi\u015f iki ba\u015fka \u0130svi\u00e7reli ile kar\u015f\u0131la\u015f\u0131nca biraz rahatlad\u0131m.<br\/><br\/>Ayr\u0131ca Bay Cayli bizi kar\u015f\u0131lad\u0131 ve otele g\u00f6t\u00fcrd\u00fc. Almanca\u2019y\u0131 ak\u0131c\u0131 konu\u015fuyordu ve yolda bize \u201cEyeStar\u201d g\u00f6z enstit\u00fcs\u00fc ve g\u00f6zlerimizi lazerle tedavi edecek doktor hakk\u0131nda bilgi verdi. EyeStar d\u00fcnya \u00e7ap\u0131nda en iyi kliniklerden biriymi\u015f ve doktor zaten yakla\u015f\u0131k 20.000 ameliyat yapm\u0131\u015f. Bu elbette \u00e7ok g\u00fcven vericiydi!<br\/><br\/>Otelde s\u0131cak bir \u015fekilde kar\u015f\u0131land\u0131k ve ertesi g\u00fcn tam zaman\u0131nda al\u0131n\u0131p klini\u011fe g\u00f6t\u00fcr\u00fcld\u00fck. G\u00f6zlerimiz detayl\u0131 bir \u015fekilde muayene edildi. Ard\u0131ndan k\u0131sa bir \u00f6\u011fle aras\u0131 verildi ve \u00f6\u011fleden sonra ameliyat zaman\u0131 geldi!<br\/><br\/>Her \u015fey ger\u00e7ekten sorunsuz ilerledi. S\u00fcrekli iyi bilgilendirildik ve ilgilenildik; ortam her zaman huzurlu ve dostaneydi.<br\/><br\/>Ameliyat s\u0131ras\u0131nda k\u0131sa bir s\u00fcre daha yo\u011fun bir a\u011fr\u0131 hissettim, ameliyat sonras\u0131 g\u00f6zlerim biraz yand\u0131. Ancak k\u0131sa s\u00fcre sonra verilen damlalar yanmay\u0131 hafifletti.<br\/><br\/>K\u0131sa bir s\u00fcre sonra otele geri g\u00f6t\u00fcr\u00fcld\u00fck ve dinlendik. \u00dc\u00e7 saat sonra kendimi \u00e7ok iyi hissettim ve k\u0131sa bir metni okuyabiliyordum. Lazer sonras\u0131 g\u00f6r\u00fc\u015f\u00fcm hemen netle\u015fti.<br\/><br\/>Sonu\u00e7tan \u00e7ok memnunum! Art\u0131k geride kald\u0131; optik yard\u0131mc\u0131 olmadan \u201cyeni g\u00f6r\u00fc\u015f\u201d\u00fcm\u00fcn tad\u0131n\u0131 \u00e7\u0131kar\u0131yorum ve bunu ger\u00e7ekten herkese tavsiye ederim!                <\/p>\n\n<p>Ama hik\u00e2ye hen\u00fcz tamamen bitmedi: Ertesi g\u00fcn doktor taraf\u0131ndan son bir kontrol yap\u0131ld\u0131. Her \u015fey yolundayd\u0131!<br\/><br\/>G\u00fcn\u00fcn geri kalan\u0131n\u0131 serbest\u00e7e de\u011ferlendirebildik ve b\u00f6ylece bir sonraki g\u00fcn \u0130svi\u00e7re\u2019ye d\u00f6nmeden \u00f6nce \u0130stanbul\u2019u gezmek i\u00e7in biraz zaman\u0131m\u0131z oldu.<br\/>\u015eu anda bir s\u00fcre g\u00f6z damlas\u0131 kullanmam gerekiyor, ama hi\u00e7bir \u015fik\u00e2yetim yok ve g\u00f6r\u00fc\u015f\u00fcm tamamen net.<br\/><br\/>Buna katk\u0131da bulunan herkese y\u00fcrekten te\u015fekk\u00fcr ederim.    <\/p>\n\n<p>B\u00f6gli, 25.3.08<\/p>\n\n<div class=\"wp-block-group is-layout-grid wp-container-core-group-is-layout-baef362d wp-block-group-is-layout-grid\">\n<p><a href=\"https:\/\/medicaltravel.at\/home\/agb\/\" data-type=\"page\" data-id=\"2191\"><\/a><a href=\"https:\/\/medicaltravel.at\/tr\/hasta-hikayeleri\/eski-hasta-raporlari\/benim-goez-lazeri-ameliyati-deneyimim-26-mart-2008-carsamba-tarihli-rapor\/\" data-type=\"link\" data-id=\"https:\/\/medicaltravel.at\/berichte-von-patienten\/altere-patientenberichte\/meine-erfahrung-uber-die-augenlaser-op-bericht-vom-mittwoch-26-marz-2008\/\">\u00d6nceki Rapor<\/a><\/p>\n\n\n\n<p class=\"has-text-align-right wp-container-content-5e2576f9\"><a href=\"https:\/\/medicaltravel.at\/home\/impressum\/\" data-type=\"page\" data-id=\"2193\"><\/a><a href=\"https:\/\/medicaltravel.at\/home\/berichte-von-patienten\/erfahrungsberichte\/erfahrungsbericht-zahnbehandlung-in-istanbul\/\" data-type=\"page\" data-id=\"981\"><\/a><a href=\"https:\/\/medicaltravel.at\/tr\/hasta-hikayeleri\/eski-hasta-raporlari\/yaptim-17-mart-2008-pazartesi-tarihli-rapor\/\" data-type=\"link\" data-id=\"https:\/\/medicaltravel.at\/berichte-von-patienten\/altere-patientenberichte\/ich-habs-getan-bericht-vom-montag-17-marz-2008\/\">Sonraki Rapor<\/a><\/p>\n<\/div>\n","protected":false},"excerpt":{"rendered":"<p>K\u0131sa ve (neredeyse) A\u011fr\u0131s\u0131z \u2013 24 Mart 2008 Pazartesi tarihli rapor K\u0131sa ve (neredeyse) a\u011fr\u0131s\u0131z \u0130\u015fte \u201c\u0130stanbul\u2019da G\u00f6z Lazer Ameliyat\u0131\u201d projesini b\u00f6yle \u00f6zetliyorum! Ge\u00e7en Cumartesi, \u0130stanbul\u2019dan bir\u00e7ok yeni izlenim ve deneyimle d\u00f6nd\u00fcm, ve en \u00f6nemlisi g\u00f6rme yard\u0131m\u0131na gerek duymadan tamamen net bir g\u00f6r\u00fc\u015fle! Deneyimlerimi sizlerle payla\u015fmaktan mutluluk duyuyorum: Bir s\u00fcredir g\u00f6zlerimi lazerle d\u00fczeltme d\u00fc\u015f\u00fcncesiyle ilgileniyordum. Yakla\u015f\u0131k 15 y\u0131ld\u0131r g\u00f6zl\u00fck veya kontakt lens kullan\u0131yordum. Yakla\u015f\u0131k bir y\u0131l \u00f6nce, lensleri \u00e7ok uzun s\u00fcre takmam nedeniyle k\u00f6t\u00fc bir kornea enfeksiyonu ge\u00e7irdim. Ne diyebilirim, hatalardan \u00f6\u011freniyoruz! Her hal\u00fckarda daha dikkatli oldum ve art\u0131k g\u00f6zl\u00fc\u011f\u00fc daha s\u0131k takmaya ba\u015flad\u0131m, ama bu asl\u0131nda beni rahats\u0131z ediyordu. Yakla\u015f\u0131k iki ay \u00f6nce \u201cg\u00f6z lazeri\u201d kelimesini Google\u2019a yazd\u0131m ve h\u0131zla Swisslasik\u2019in web sitesine ula\u015ft\u0131m, oradan da Z\u00fcrih\u2019te \u00f6n muayene i\u00e7in kay\u0131t yapt\u0131rd\u0131m. Bay Karaagacli hemen benimle ileti\u015fime ge\u00e7ti ve Z\u00fcrih\u2019e muayene i\u00e7in gidebilece\u011fim birka\u00e7 tarihi s\u00f6yledim. O da beni g\u00f6z doktoruna y\u00f6nlendirdi.\u00d6n muayenede, temel t\u0131bbi kontrollerin yan\u0131 s\u0131ra lazerin avantajlar\u0131 ve dezavantajlar\u0131 hakk\u0131nda da bilgilendirildim. Art\u0131k bunu bir kez daha d\u00fc\u015f\u00fcnme f\u0131rsat\u0131m vard\u0131. Kornea enfeksiyonu nedeniyle sa\u011f g\u00f6z\u00fcmde bir iz vard\u0131, bu da belli bir risk olu\u015fturuyordu. Ama onun d\u0131\u015f\u0131nda, bilgilendirildim ki komplikasyon riski neredeyse s\u0131f\u0131rd\u0131. Birka\u00e7 g\u00fcn boyunca gidip geldim. \u00c7evrem elbette bunu yapmamam\u0131 tavsiye etti. \u201cYa bir \u015fey ters giderse\u2026!\u201d gibi yorumlar\u0131 s\u00fcrekli duyuyordum. Ama g\u00f6zl\u00fcks\u00fcz bir hayat d\u00fc\u015f\u00fcncesi beni b\u0131rakmad\u0131. Ayr\u0131ca bir mirastan biraz para ald\u0131m ve ameliyat\u0131 bu parayla kar\u015f\u0131layabildim. Swisslasik\u2019in web sitesinde biraz daha gezindim ve baz\u0131 deneyim payla\u015f\u0131mlar\u0131n\u0131 okudum; bunlar beni ikna etti ve sonunda kesin olarak karar verdim. Ve \u015fimdi s\u00f6yleyebilirim ki, hi\u00e7 pi\u015fman olmad\u0131m! Her \u015fey Bay Karaagacli taraf\u0131ndan m\u00fckemmel bir \u015fekilde organize edildi: u\u00e7ak, otel, ameliyat\u2014her \u015fey onun taraf\u0131ndan ayarland\u0131 ve hepsi \u00e7ok k\u0131sa bir s\u00fcrede! \u0130stanbul\u2019daki konaklamam i\u00e7in gerekli t\u00fcm bilgileri i\u00e7eren ve ki\u015fisel olarak bana verilen bir Swisslasik kart\u0131 ald\u0131m. Ayr\u0131ca Bay Karaagacli\u2019nin telefon ve e-postalarda g\u00f6sterdi\u011fi samimi yakla\u015f\u0131m\u0131 da mutlaka belirtmeliyim! Ge\u00e7en \u00c7ar\u015famba \u0130stanbul\u2019a u\u00e7tum; a\u00e7\u0131k\u00e7as\u0131 midemde hafif bir gerginlik vard\u0131. Ama havaalan\u0131nda, Swisslasik ile g\u00f6z lazeri ameliyat\u0131 olmaya karar vermi\u015f iki ba\u015fka \u0130svi\u00e7reli ile kar\u015f\u0131la\u015f\u0131nca biraz rahatlad\u0131m. Ayr\u0131ca Bay Cayli bizi kar\u015f\u0131lad\u0131 ve otele g\u00f6t\u00fcrd\u00fc. Almanca\u2019y\u0131 ak\u0131c\u0131 konu\u015fuyordu ve yolda bize \u201cEyeStar\u201d g\u00f6z enstit\u00fcs\u00fc ve g\u00f6zlerimizi lazerle tedavi edecek doktor hakk\u0131nda bilgi verdi. EyeStar d\u00fcnya \u00e7ap\u0131nda en iyi kliniklerden biriymi\u015f ve doktor zaten yakla\u015f\u0131k 20.000 ameliyat yapm\u0131\u015f. Bu elbette \u00e7ok g\u00fcven vericiydi! Otelde s\u0131cak bir \u015fekilde kar\u015f\u0131land\u0131k ve ertesi g\u00fcn tam zaman\u0131nda al\u0131n\u0131p klini\u011fe g\u00f6t\u00fcr\u00fcld\u00fck. G\u00f6zlerimiz detayl\u0131 bir \u015fekilde muayene edildi. Ard\u0131ndan k\u0131sa bir \u00f6\u011fle aras\u0131 verildi ve \u00f6\u011fleden sonra ameliyat zaman\u0131 geldi! Her \u015fey ger\u00e7ekten sorunsuz ilerledi. S\u00fcrekli iyi bilgilendirildik ve ilgilenildik; ortam her zaman huzurlu ve dostaneydi. Ameliyat s\u0131ras\u0131nda k\u0131sa bir s\u00fcre daha yo\u011fun bir a\u011fr\u0131 hissettim, ameliyat sonras\u0131 g\u00f6zlerim biraz yand\u0131. Ancak k\u0131sa s\u00fcre sonra verilen damlalar yanmay\u0131 hafifletti. K\u0131sa bir s\u00fcre sonra otele geri g\u00f6t\u00fcr\u00fcld\u00fck ve dinlendik. \u00dc\u00e7 saat sonra kendimi \u00e7ok iyi hissettim ve k\u0131sa bir metni okuyabiliyordum. Lazer sonras\u0131 g\u00f6r\u00fc\u015f\u00fcm hemen netle\u015fti. Sonu\u00e7tan \u00e7ok memnunum! Art\u0131k geride kald\u0131; optik yard\u0131mc\u0131 olmadan \u201cyeni g\u00f6r\u00fc\u015f\u201d\u00fcm\u00fcn tad\u0131n\u0131 \u00e7\u0131kar\u0131yorum ve bunu ger\u00e7ekten herkese tavsiye ederim! Ama hik\u00e2ye hen\u00fcz tamamen bitmedi: Ertesi g\u00fcn doktor taraf\u0131ndan son bir kontrol yap\u0131ld\u0131. Her \u015fey yolundayd\u0131! G\u00fcn\u00fcn geri kalan\u0131n\u0131 serbest\u00e7e de\u011ferlendirebildik ve b\u00f6ylece bir sonraki g\u00fcn \u0130svi\u00e7re\u2019ye d\u00f6nmeden \u00f6nce \u0130stanbul\u2019u gezmek i\u00e7in biraz zaman\u0131m\u0131z oldu.\u015eu anda bir s\u00fcre g\u00f6z damlas\u0131 kullanmam gerekiyor, ama hi\u00e7bir \u015fik\u00e2yetim yok ve g\u00f6r\u00fc\u015f\u00fcm tamamen net. Buna katk\u0131da bulunan herkese y\u00fcrekten te\u015fekk\u00fcr ederim. B\u00f6gli, 25.3.08 \u00d6nceki Rapor Sonraki Rapor<\/p>\n","protected":false},"author":4,"featured_media":0,"parent":4243,"menu_order":0,"comment_status":"closed","ping_status":"closed","template":"","meta":{"_joinchat":[],"footnotes":""},"class_list":["post-4394","page","type-page","status-publish","hentry"],"acf":[],"_links":{"self":[{"href":"https:\/\/medicaltravel.at\/tr\/wp-json\/wp\/v2\/pages\/4394","targetHints":{"allow":["GET"]}}],"collection":[{"href":"https:\/\/medicaltravel.at\/tr\/wp-json\/wp\/v2\/pages"}],"about":[{"href":"https:\/\/medicaltravel.at\/tr\/wp-json\/wp\/v2\/types\/page"}],"author":[{"embeddable":true,"href":"https:\/\/medicaltravel.at\/tr\/wp-json\/wp\/v2\/users\/4"}],"replies":[{"embeddable":true,"href":"https:\/\/medicaltravel.at\/tr\/wp-json\/wp\/v2\/comments?post=4394"}],"version-history":[{"count":5,"href":"https:\/\/medicaltravel.at\/tr\/wp-json\/wp\/v2\/pages\/4394\/revisions"}],"predecessor-version":[{"id":5526,"href":"https:\/\/medicaltravel.at\/tr\/wp-json\/wp\/v2\/pages\/4394\/revisions\/5526"}],"up":[{"embeddable":true,"href":"https:\/\/medicaltravel.at\/tr\/wp-json\/wp\/v2\/pages\/4243"}],"wp:attachment":[{"href":"https:\/\/medicaltravel.at\/tr\/wp-json\/wp\/v2\/media?parent=4394"}],"curies":[{"name":"wp","href":"https:\/\/api.w.org\/{rel}","templated":true}]}}