{"id":4392,"date":"2025-09-28T11:14:06","date_gmt":"2025-09-28T10:14:06","guid":{"rendered":"https:\/\/medicaltravel.at\/hasta-hikayeleri\/eski-hasta-raporlari\/her-sey-lise-yillarinda-basladi-16-mayis-2008-cuma-tarihli-rapor\/"},"modified":"2026-01-13T17:59:34","modified_gmt":"2026-01-13T16:59:34","slug":"her-sey-lise-yillarinda-basladi-16-mayis-2008-cuma-tarihli-rapor","status":"publish","type":"page","link":"https:\/\/medicaltravel.at\/tr\/hasta-hikayeleri\/eski-hasta-raporlari\/her-sey-lise-yillarinda-basladi-16-mayis-2008-cuma-tarihli-rapor\/","title":{"rendered":"Her \u015eey Lise Y\u0131llar\u0131nda Ba\u015flad\u0131\u2026 \u2013 16 May\u0131s 2008 Cuma tarihli rapor"},"content":{"rendered":"\n<h3 class=\"wp-block-heading\">Her \u015eey Lise Y\u0131llar\u0131nda Ba\u015flad\u0131\u2026 \u2013 16 May\u0131s 2008 Cuma tarihli rapor<\/h3>\n\n<p>Her \u015fey lise d\u00f6neminde ba\u015flad\u0131. Bir anda, tahtadaki yaz\u0131lar\u0131 okuyamaz olmu\u015ftum.<br\/><br\/>Bu, g\u00f6zl\u00fck takmam gerekti\u011fini net bir \u015fekilde g\u00f6steriyordu. Ne yaz\u0131k ki, g\u00f6rme g\u00fcc\u00fcm giderek k\u00f6t\u00fcle\u015fti.<br\/><br\/>Bir noktada lens takmaya karar verdim. G\u00f6zlerim \u00e7ok hassas oldu\u011fu i\u00e7in, takabilece\u011fim lensleri bulmam yakla\u015f\u0131k yar\u0131m y\u0131l s\u00fcrd\u00fc.<br\/><br\/>Ba\u015flang\u0131\u00e7ta her \u015fey iyiydi. Ama bir s\u00fcre sonra \u00e7e\u015fitli konjonktivitler (g\u00f6z iltihaplar\u0131) ba\u015flad\u0131. Bunlar \u00e7ok rahats\u0131z ediciydi ve a\u011fr\u0131l\u0131yd\u0131.<br\/><br\/>Sonunda tamamen bunalm\u0131\u015f ve hayal k\u0131r\u0131kl\u0131\u011f\u0131na u\u011fram\u0131\u015ft\u0131m. G\u00f6zl\u00fckle kendimi hi\u00e7 rahat hissetmiyordum.<br\/><br\/>Televizyonda o raporu g\u00f6rd\u00fc\u011f\u00fcmde, bunun benim sorunumun \u00e7\u00f6z\u00fcm\u00fc olmas\u0131 gerekti\u011fi kesinle\u015fti.<br\/> <br\/>           <\/p>\n\n<p>\u00d6nce internetten bilgi ald\u0131m. www.swisslasik.ch sitesine ula\u015ft\u0131m.<br\/><br\/>Hemen bir bilgi paketi sipari\u015f ettim. \u00c7ok \u015fa\u015f\u0131rd\u0131m \u00e7\u00fcnk\u00fc bunu sadece iki g\u00fcn sonra ald\u0131m. Hemen incelemeye ba\u015flad\u0131m.<br\/><br\/>H\u00e2l\u00e2 birka\u00e7 ek sorum vard\u0131, bu y\u00fczden Bay Karaagacli-Leoni\u2019ye e-posta yoluyla ula\u015ft\u0131m.<br\/><br\/>Uzun s\u00fcrmedi ve sorular\u0131m\u0131n cevaplar\u0131n\u0131 ald\u0131m.<br\/><br\/>Bu bana do\u011fru yerde oldu\u011fumu g\u00f6sterdi.       <\/p>\n\n<p>30.04.2008\u2019de \u0130stanbul\u2019a u\u00e7akla gittik. Havaalan\u0131nda kar\u015f\u0131land\u0131k ve otelimize g\u00f6t\u00fcr\u00fcld\u00fck. <\/p>\n\n<p>01.05.2008 sabah erken saatlerde otelden al\u0131narak Eyestar Klini\u011fi\u2019ne g\u00f6t\u00fcr\u00fcld\u00fcm. Orada \u00e7ok s\u0131cak bir \u015fekilde kar\u015f\u0131land\u0131m. <\/p>\n\n<p>Hemen \u00f6n muayeneler ba\u015flad\u0131.<br\/><br\/>Ard\u0131ndan doktorla bir g\u00f6r\u00fc\u015fme yapt\u0131m. Bana durumumu ve hangi y\u00f6ntemin uygulanaca\u011f\u0131n\u0131 anlatt\u0131.<br\/><br\/>Sorular\u0131m olursa sormama da izin verildi.<br\/>   <\/p>\n\n<p>Daha sonra bir kat yukar\u0131 \u00e7\u0131kt\u0131k. Orada ameliyathane vard\u0131. Yava\u015f yava\u015f heyecanlanmaya ba\u015flad\u0131m. Hem\u015fire, beni sakinle\u015ftirmek i\u00e7in elinden geleni yapt\u0131.<br\/><br\/>Nihayet an geldi. Ameliyat kap\u0131s\u0131 a\u00e7\u0131ld\u0131 ve i\u015flem ba\u015flad\u0131. Yakla\u015f\u0131k 10 dakika sonra her \u015fey bitti. \u015ea\u015f\u0131rt\u0131c\u0131 bir \u015fekilde hi\u00e7 a\u011fr\u0131 hissetmedim. G\u00f6zlerim sadece biraz suland\u0131.<br\/><br\/>Ard\u0131ndan b\u00fcy\u00fck \u015fezlonglarda dinlenmemize izin verildi. Yakla\u015f\u0131k 10 dakika sonra damlalar verildi. G\u00f6zya\u015f\u0131 durdu ve net g\u00f6rebildim.<br\/><br\/>Tamamen \u015fa\u015fk\u0131n bir \u015fekilde, sonras\u0131nda tekrar a\u015fa\u011f\u0131ya, kontrol muayenesi i\u00e7in indik. Ard\u0131ndan otele gidip dinlendim. 4 saat sonra uyand\u0131m.<br\/><br\/>\u0130nanamad\u0131m ama g\u00f6r\u00fc\u015f\u00fcm m\u00fckemmeldi. Her \u015feyi g\u00f6rebiliyordum ve g\u00f6rme yard\u0131m\u0131na ihtiya\u00e7 duymuyordum. Harika bir histi.                 <\/p>\n\n<p>Ameliyat\u0131 sadece tavsiye edebilirim. G\u00f6zl\u00fcks\u00fcz kendimi tamamen rahat hissediyorum. <\/p>\n\n<p>Ayr\u0131ca t\u00fcm ekibe \u00e7ok b\u00fcy\u00fck bir \u00f6vg\u00fc! Klini\u011fe kendimi \u00e7ok rahat hissettim! <\/p>\n\n<p>Jasmine Kreier, Eschlikon, 15\/05\/2008<\/p>\n\n<div class=\"wp-block-group is-layout-grid wp-container-core-group-is-layout-baef362d wp-block-group-is-layout-grid\">\n<p><a href=\"https:\/\/medicaltravel.at\/home\/agb\/\" data-type=\"page\" data-id=\"2191\"><\/a><a href=\"https:\/\/medicaltravel.at\/tr\/hasta-hikayeleri\/eski-hasta-raporlari\/goezler-lazerlendi-nihayet-27-mayis-2008-sali-tarihli-rapor\/\" data-type=\"link\" data-id=\"https:\/\/medicaltravel.at\/berichte-von-patienten\/altere-patientenberichte\/altere-patientenberichte-augen-gelasert-endlich-bericht-vom-dienstag-27-mai-2008\/\">\u00d6nceki Rapor<\/a><\/p>\n\n\n\n<p class=\"has-text-align-right wp-container-content-5e2576f9\"><a href=\"https:\/\/medicaltravel.at\/home\/impressum\/\" data-type=\"page\" data-id=\"2193\"><\/a><a href=\"https:\/\/medicaltravel.at\/home\/berichte-von-patienten\/erfahrungsberichte\/erfahrungsbericht-zahnbehandlung-in-istanbul\/\" data-type=\"page\" data-id=\"981\"><\/a><a href=\"https:\/\/medicaltravel.at\/tr\/hasta-hikayeleri\/eski-hasta-raporlari\/goez-lazeri-deneyim-raporu-istanbul-24-nisan-2008-persembe-tarihli-rapor\/\" data-type=\"link\" data-id=\"https:\/\/medicaltravel.at\/berichte-von-patienten\/altere-patientenberichte\/altere-patientenberichte-erfahrungsbericht-augenlaser-istanbul-bericht-vom-donnerstag-24-april-2008\/\">Sonraki Rapor<\/a><\/p>\n<\/div>\n","protected":false},"excerpt":{"rendered":"<p>Her \u015eey Lise Y\u0131llar\u0131nda Ba\u015flad\u0131\u2026 \u2013 16 May\u0131s 2008 Cuma tarihli rapor Her \u015fey lise d\u00f6neminde ba\u015flad\u0131. Bir anda, tahtadaki yaz\u0131lar\u0131 okuyamaz olmu\u015ftum. Bu, g\u00f6zl\u00fck takmam gerekti\u011fini net bir \u015fekilde g\u00f6steriyordu. Ne yaz\u0131k ki, g\u00f6rme g\u00fcc\u00fcm giderek k\u00f6t\u00fcle\u015fti. Bir noktada lens takmaya karar verdim. G\u00f6zlerim \u00e7ok hassas oldu\u011fu i\u00e7in, takabilece\u011fim lensleri bulmam yakla\u015f\u0131k yar\u0131m y\u0131l s\u00fcrd\u00fc. Ba\u015flang\u0131\u00e7ta her \u015fey iyiydi. Ama bir s\u00fcre sonra \u00e7e\u015fitli konjonktivitler (g\u00f6z iltihaplar\u0131) ba\u015flad\u0131. Bunlar \u00e7ok rahats\u0131z ediciydi ve a\u011fr\u0131l\u0131yd\u0131. Sonunda tamamen bunalm\u0131\u015f ve hayal k\u0131r\u0131kl\u0131\u011f\u0131na u\u011fram\u0131\u015ft\u0131m. G\u00f6zl\u00fckle kendimi hi\u00e7 rahat hissetmiyordum. Televizyonda o raporu g\u00f6rd\u00fc\u011f\u00fcmde, bunun benim sorunumun \u00e7\u00f6z\u00fcm\u00fc olmas\u0131 gerekti\u011fi kesinle\u015fti. \u00d6nce internetten bilgi ald\u0131m. www.swisslasik.ch sitesine ula\u015ft\u0131m. Hemen bir bilgi paketi sipari\u015f ettim. \u00c7ok \u015fa\u015f\u0131rd\u0131m \u00e7\u00fcnk\u00fc bunu sadece iki g\u00fcn sonra ald\u0131m. Hemen incelemeye ba\u015flad\u0131m. H\u00e2l\u00e2 birka\u00e7 ek sorum vard\u0131, bu y\u00fczden Bay Karaagacli-Leoni\u2019ye e-posta yoluyla ula\u015ft\u0131m. Uzun s\u00fcrmedi ve sorular\u0131m\u0131n cevaplar\u0131n\u0131 ald\u0131m. Bu bana do\u011fru yerde oldu\u011fumu g\u00f6sterdi. 30.04.2008\u2019de \u0130stanbul\u2019a u\u00e7akla gittik. Havaalan\u0131nda kar\u015f\u0131land\u0131k ve otelimize g\u00f6t\u00fcr\u00fcld\u00fck. 01.05.2008 sabah erken saatlerde otelden al\u0131narak Eyestar Klini\u011fi\u2019ne g\u00f6t\u00fcr\u00fcld\u00fcm. Orada \u00e7ok s\u0131cak bir \u015fekilde kar\u015f\u0131land\u0131m. Hemen \u00f6n muayeneler ba\u015flad\u0131. Ard\u0131ndan doktorla bir g\u00f6r\u00fc\u015fme yapt\u0131m. Bana durumumu ve hangi y\u00f6ntemin uygulanaca\u011f\u0131n\u0131 anlatt\u0131. Sorular\u0131m olursa sormama da izin verildi. Daha sonra bir kat yukar\u0131 \u00e7\u0131kt\u0131k. Orada ameliyathane vard\u0131. Yava\u015f yava\u015f heyecanlanmaya ba\u015flad\u0131m. Hem\u015fire, beni sakinle\u015ftirmek i\u00e7in elinden geleni yapt\u0131. Nihayet an geldi. Ameliyat kap\u0131s\u0131 a\u00e7\u0131ld\u0131 ve i\u015flem ba\u015flad\u0131. Yakla\u015f\u0131k 10 dakika sonra her \u015fey bitti. \u015ea\u015f\u0131rt\u0131c\u0131 bir \u015fekilde hi\u00e7 a\u011fr\u0131 hissetmedim. G\u00f6zlerim sadece biraz suland\u0131. Ard\u0131ndan b\u00fcy\u00fck \u015fezlonglarda dinlenmemize izin verildi. Yakla\u015f\u0131k 10 dakika sonra damlalar verildi. G\u00f6zya\u015f\u0131 durdu ve net g\u00f6rebildim. Tamamen \u015fa\u015fk\u0131n bir \u015fekilde, sonras\u0131nda tekrar a\u015fa\u011f\u0131ya, kontrol muayenesi i\u00e7in indik. Ard\u0131ndan otele gidip dinlendim. 4 saat sonra uyand\u0131m. \u0130nanamad\u0131m ama g\u00f6r\u00fc\u015f\u00fcm m\u00fckemmeldi. Her \u015feyi g\u00f6rebiliyordum ve g\u00f6rme yard\u0131m\u0131na ihtiya\u00e7 duymuyordum. Harika bir histi. Ameliyat\u0131 sadece tavsiye edebilirim. G\u00f6zl\u00fcks\u00fcz kendimi tamamen rahat hissediyorum. Ayr\u0131ca t\u00fcm ekibe \u00e7ok b\u00fcy\u00fck bir \u00f6vg\u00fc! Klini\u011fe kendimi \u00e7ok rahat hissettim! Jasmine Kreier, Eschlikon, 15\/05\/2008 \u00d6nceki Rapor Sonraki Rapor<\/p>\n","protected":false},"author":4,"featured_media":0,"parent":4243,"menu_order":0,"comment_status":"closed","ping_status":"closed","template":"","meta":{"_joinchat":[],"footnotes":""},"class_list":["post-4392","page","type-page","status-publish","hentry"],"acf":[],"_links":{"self":[{"href":"https:\/\/medicaltravel.at\/tr\/wp-json\/wp\/v2\/pages\/4392","targetHints":{"allow":["GET"]}}],"collection":[{"href":"https:\/\/medicaltravel.at\/tr\/wp-json\/wp\/v2\/pages"}],"about":[{"href":"https:\/\/medicaltravel.at\/tr\/wp-json\/wp\/v2\/types\/page"}],"author":[{"embeddable":true,"href":"https:\/\/medicaltravel.at\/tr\/wp-json\/wp\/v2\/users\/4"}],"replies":[{"embeddable":true,"href":"https:\/\/medicaltravel.at\/tr\/wp-json\/wp\/v2\/comments?post=4392"}],"version-history":[{"count":1,"href":"https:\/\/medicaltravel.at\/tr\/wp-json\/wp\/v2\/pages\/4392\/revisions"}],"predecessor-version":[{"id":4393,"href":"https:\/\/medicaltravel.at\/tr\/wp-json\/wp\/v2\/pages\/4392\/revisions\/4393"}],"up":[{"embeddable":true,"href":"https:\/\/medicaltravel.at\/tr\/wp-json\/wp\/v2\/pages\/4243"}],"wp:attachment":[{"href":"https:\/\/medicaltravel.at\/tr\/wp-json\/wp\/v2\/media?parent=4392"}],"curies":[{"name":"wp","href":"https:\/\/api.w.org\/{rel}","templated":true}]}}