{"id":4390,"date":"2025-09-28T11:18:09","date_gmt":"2025-09-28T10:18:09","guid":{"rendered":"https:\/\/medicaltravel.at\/hasta-hikayeleri\/eski-hasta-raporlari\/yaptim-17-mart-2008-pazartesi-tarihli-rapor\/"},"modified":"2026-01-13T18:08:39","modified_gmt":"2026-01-13T17:08:39","slug":"yaptim-17-mart-2008-pazartesi-tarihli-rapor","status":"publish","type":"page","link":"https:\/\/medicaltravel.at\/tr\/hasta-hikayeleri\/eski-hasta-raporlari\/yaptim-17-mart-2008-pazartesi-tarihli-rapor\/","title":{"rendered":"Yapt\u0131m!!! \u2013 17 Mart 2008 Pazartesi tarihli rapor"},"content":{"rendered":"\n<h3 class=\"wp-block-heading\">Yapt\u0131m!!! \u2013 17 Mart 2008 Pazartesi tarihli rapor<\/h3>\n\n\n\n<p>Aman Tanr\u0131m, T\u00fcrkiye\u2019de lazer ameliyat\u0131 m\u0131, deli misin! B\u00f6yle bir tepkiyi tan\u0131yor musunuz! Hi\u00e7 gerek yok!!!<br><br>Cesurlara ve cesur olmayanlara, teredd\u00fct edenlere ve karars\u0131zlara: Ben yapt\u0131m ve sadece tavsiye edebilirim!<br><br>Tam 8 y\u0131l boyunca bir LASIK ameliyat\u0131na karar vermem gerekti. Ve zaman daralmaya ba\u015flam\u0131\u015ft\u0131; sonu\u00e7ta 45. ya\u015f g\u00fcn\u00fcm yakla\u015f\u0131yordu ve okuma g\u00f6zl\u00fc\u011f\u00fc de kap\u0131y\u0131 \u00e7al\u0131yordu. Kendime \u201cHadi, \u015fimdi ya da hi\u00e7\u201d dedim ve \u0130stanbul\u2019a u\u00e7tum.<br><br>Bir g\u00fcn sonra, 5,5 ve 4,75 diyoptrilerim 0,0\u2019a d\u00f6n\u00fc\u015ft\u00fc. Daha da iyisi, g\u00f6r\u00fc\u015f\u00fcm art\u0131k %125! Yani neredeyse bir kartal gibi son derece keskin g\u00f6r\u00fcyorum.<br><br>Ameliyattan \u00f6nce ya\u011fmurlu gecelerde net g\u00f6remekte zorlan\u0131yordum. Bunun daha da k\u00f6t\u00fcle\u015fece\u011fini d\u00fc\u015f\u00fcnm\u00fc\u015ft\u00fcm, ama hi\u00e7 \u00f6yle olmad\u0131! Bug\u00fcn tamamen parlamaya kar\u015f\u0131 diren\u00e7liyim.<br><br>Ameliyattan sonra g\u00f6zlerimin \u00e7ok kuru olaca\u011f\u0131 endi\u015fesi yaln\u0131zca k\u0131smen ve \u00e7ok az bir \u00f6l\u00e7\u00fcde ger\u00e7ekle\u015fti.<br><br>\u0130nan\u0131yorum ki bu durum zamanla tamamen ge\u00e7ecek; \u00e7\u00fcnk\u00fc ameliyat daha sadece 3 hafta \u00f6nce oldu.              <\/p>\n\n\n\n<p>\u0130stanbul\u2019daki klinik hakk\u0131nda \u015funlar\u0131 s\u00f6yleyebilirim: \u00c7ok dostane, \u00e7ok ilgili ve son derece yetkin ve titizler (ben \u0130svi\u00e7reliyim, bu y\u00fczden beklentilerim var).<br><br>Bir personel bile \u0130svi\u00e7re Almancas\u0131 konu\u015fuyordu, di\u011ferleri ise \u0130ngilizce.<br>Prosed\u00fcr bana defalarca a\u00e7\u0131kland\u0131 ve personel her zaman sorular\u0131m i\u00e7in haz\u0131rd\u0131.<br><br>Doktor bana \u20130,5 diyoptri ve belki minimal bir okuma g\u00f6zl\u00fc\u011f\u00fc olabilece\u011fini s\u00f6yledi, ama bunda kesin de\u011fil.<br><br>\u00d6nden s\u00f6yleyeyim: Okuma g\u00f6zl\u00fc\u011f\u00fc birka\u00e7 y\u0131l daha bekleyebilir ve miyopi konusundaki durumu zaten biliyorsunuz.      <\/p>\n\n\n\n<p>Ameliyat: Bana 10 dakika gibi geldi, e\u015fime saatler gibi. Biz 30 dakikada anla\u015ft\u0131k (ameliyat \u00f6ncesi haz\u0131rl\u0131klar dahil: g\u00f6z damlalar\u0131, ameliyat k\u0131yafeti ve \u015firin ba\u015fl\u0131k takmak, s\u0131rt masaj\u0131 vb.). A\u011fr\u0131 yoktu, garip kokular da yoktu. Makinenin v\u0131z\u0131lt\u0131s\u0131n\u0131 duyuyorsunuz ve g\u00f6ze dokunuluyor. TAMAMEN a\u011fr\u0131s\u0131z, yemin ederim!<br><br>Ameliyattan sonra hafif bir yanma oldu. G\u00f6zlerimi hemen a\u00e7abildim ve makinenin arkas\u0131ndaki maskeli fig\u00fcrleri hafif bir perde \u00fczerinden g\u00f6rebildim. Her g\u00f6ze bir damla damlatt\u0131ktan sonra yanma hemen ge\u00e7ti ve ameliyattan bir saat sonra k\u0131sa bir g\u00f6rme testi yap\u0131ld\u0131; \u00e7ok net g\u00f6rebiliyordum.<br><br>Sonra kal\u0131n g\u00fcne\u015f g\u00f6zl\u00fc\u011f\u00fcn\u00fc tak\u0131p otele y\u00fcr\u00fcy\u00fc\u015f yapt\u0131m, her saatte g\u00f6zlerime damla damlatt\u0131m ve uyudum, uyudum, uyudum.<br><br>Ertesi sabah klinikte kontrol ve sonra \u0130stanbul\u2019un \u015fehir hayat\u0131na dal\u0131\u015f.         <\/p>\n\n\n\n<p>Ben ger\u00e7ekten \u00e7ok iyiyim, yani bu rapor i\u00e7in para alm\u0131yorum, s\u00f6z veriyorum!<br><br>E\u015fim ise olduk\u00e7a k\u0131skan\u0131yor; h\u00e2l\u00e2 g\u00f6zl\u00fck tak\u0131yor. \u201cMaalesef\u201d yeterince miyop de\u011fil ve doktor da \u00f6nermedi.<br><br>\u00c7\u00fcnk\u00fc bizim ya\u015f\u0131m\u0131zda g\u00fc\u00e7l\u00fc bir okuma g\u00f6zl\u00fc\u011f\u00fc takma riski y\u00fcksek oluyor. Burada dikkatlice de\u011ferlendirmek gerekiyor!   <\/p>\n\n\n\n<p>Bir de k\u00fc\u00e7\u00fck bir kolayl\u0131k: T\u00fcm a\u015f\u00e7\u0131lar ve hobi a\u015f\u00e7\u0131lar (erkekler ve kad\u0131nlar) i\u00e7in\u2014so\u011fan do\u011framak art\u0131k g\u00f6z ya\u015fartmadan oluyor!<br><br>Ama bu ayn\u0131 zamanda dezavantaj da olabilir; ameliyattan \u00f6nce bunu hep e\u015fim yapard\u0131\u2026 <\/p>\n\n\n\n<div class=\"wp-block-group is-layout-grid wp-container-core-group-is-layout-baef362d wp-block-group-is-layout-grid\">\n<p><a href=\"https:\/\/medicaltravel.at\/home\/agb\/\" data-type=\"page\" data-id=\"2191\"><\/a><a href=\"https:\/\/medicaltravel.at\/tr\/hasta-hikayeleri\/eski-hasta-raporlari\/kisa-ve-neredeyse-agrisiz-24-mart-2008-pazartesi-tarihli-rapor\/\" data-type=\"link\" data-id=\"https:\/\/medicaltravel.at\/tr\/hasta-hikayeleri\/eski-hasta-raporlari\/kisa-ve-neredeyse-agrisiz-24-mart-2008-pazartesi-tarihli-rapor\/\">\u00d6nceki Rapor<\/a><\/p>\n\n\n\n<p class=\"has-text-align-right wp-container-content-5e2576f9\"><a href=\"https:\/\/medicaltravel.at\/home\/impressum\/\" data-type=\"page\" data-id=\"2193\"><\/a><a href=\"https:\/\/medicaltravel.at\/home\/berichte-von-patienten\/erfahrungsberichte\/erfahrungsbericht-zahnbehandlung-in-istanbul\/\" data-type=\"page\" data-id=\"981\"><\/a><a href=\"https:\/\/medicaltravel.at\/tr\/hasta-hikayeleri\/eski-hasta-raporlari\/bizim-lasik-deneyimimiz-istanbulda-06-mart-2008-persembe-tarihli-rapor\/\" data-type=\"link\" data-id=\"https:\/\/medicaltravel.at\/tr\/hasta-hikayeleri\/eski-hasta-raporlari\/bizim-lasik-deneyimimiz-istanbulda-06-mart-2008-persembe-tarihli-rapor\/\">Sonraki Rapor<\/a><\/p>\n<\/div>\n","protected":false},"excerpt":{"rendered":"<p>Yapt\u0131m!!! \u2013 17 Mart 2008 Pazartesi tarihli rapor Aman Tanr\u0131m, T\u00fcrkiye\u2019de lazer ameliyat\u0131 m\u0131, deli misin! B\u00f6yle bir tepkiyi tan\u0131yor musunuz! Hi\u00e7 gerek yok!!! Cesurlara ve cesur olmayanlara, teredd\u00fct edenlere ve karars\u0131zlara: Ben yapt\u0131m ve sadece tavsiye edebilirim! Tam 8 y\u0131l boyunca bir LASIK ameliyat\u0131na karar vermem gerekti. Ve zaman daralmaya ba\u015flam\u0131\u015ft\u0131; sonu\u00e7ta 45. ya\u015f g\u00fcn\u00fcm yakla\u015f\u0131yordu ve okuma g\u00f6zl\u00fc\u011f\u00fc de kap\u0131y\u0131 \u00e7al\u0131yordu. Kendime \u201cHadi, \u015fimdi ya da hi\u00e7\u201d dedim ve \u0130stanbul\u2019a u\u00e7tum. Bir g\u00fcn sonra, 5,5 ve 4,75 diyoptrilerim 0,0\u2019a d\u00f6n\u00fc\u015ft\u00fc. Daha da iyisi, g\u00f6r\u00fc\u015f\u00fcm art\u0131k %125! Yani neredeyse bir kartal gibi son derece keskin g\u00f6r\u00fcyorum. Ameliyattan \u00f6nce ya\u011fmurlu gecelerde net g\u00f6remekte zorlan\u0131yordum. Bunun daha da k\u00f6t\u00fcle\u015fece\u011fini d\u00fc\u015f\u00fcnm\u00fc\u015ft\u00fcm, ama hi\u00e7 \u00f6yle olmad\u0131! Bug\u00fcn tamamen parlamaya kar\u015f\u0131 diren\u00e7liyim. Ameliyattan sonra g\u00f6zlerimin \u00e7ok kuru olaca\u011f\u0131 endi\u015fesi yaln\u0131zca k\u0131smen ve \u00e7ok az bir \u00f6l\u00e7\u00fcde ger\u00e7ekle\u015fti. \u0130nan\u0131yorum ki bu durum zamanla tamamen ge\u00e7ecek; \u00e7\u00fcnk\u00fc ameliyat daha sadece 3 hafta \u00f6nce oldu. \u0130stanbul\u2019daki klinik hakk\u0131nda \u015funlar\u0131 s\u00f6yleyebilirim: \u00c7ok dostane, \u00e7ok ilgili ve son derece yetkin ve titizler (ben \u0130svi\u00e7reliyim, bu y\u00fczden beklentilerim var). Bir personel bile \u0130svi\u00e7re Almancas\u0131 konu\u015fuyordu, di\u011ferleri ise \u0130ngilizce.Prosed\u00fcr bana defalarca a\u00e7\u0131kland\u0131 ve personel her zaman sorular\u0131m i\u00e7in haz\u0131rd\u0131. Doktor bana \u20130,5 diyoptri ve belki minimal bir okuma g\u00f6zl\u00fc\u011f\u00fc olabilece\u011fini s\u00f6yledi, ama bunda kesin de\u011fil. \u00d6nden s\u00f6yleyeyim: Okuma g\u00f6zl\u00fc\u011f\u00fc birka\u00e7 y\u0131l daha bekleyebilir ve miyopi konusundaki durumu zaten biliyorsunuz. Ameliyat: Bana 10 dakika gibi geldi, e\u015fime saatler gibi. Biz 30 dakikada anla\u015ft\u0131k (ameliyat \u00f6ncesi haz\u0131rl\u0131klar dahil: g\u00f6z damlalar\u0131, ameliyat k\u0131yafeti ve \u015firin ba\u015fl\u0131k takmak, s\u0131rt masaj\u0131 vb.). A\u011fr\u0131 yoktu, garip kokular da yoktu. Makinenin v\u0131z\u0131lt\u0131s\u0131n\u0131 duyuyorsunuz ve g\u00f6ze dokunuluyor. TAMAMEN a\u011fr\u0131s\u0131z, yemin ederim! Ameliyattan sonra hafif bir yanma oldu. G\u00f6zlerimi hemen a\u00e7abildim ve makinenin arkas\u0131ndaki maskeli fig\u00fcrleri hafif bir perde \u00fczerinden g\u00f6rebildim. Her g\u00f6ze bir damla damlatt\u0131ktan sonra yanma hemen ge\u00e7ti ve ameliyattan bir saat sonra k\u0131sa bir g\u00f6rme testi yap\u0131ld\u0131; \u00e7ok net g\u00f6rebiliyordum. Sonra kal\u0131n g\u00fcne\u015f g\u00f6zl\u00fc\u011f\u00fcn\u00fc tak\u0131p otele y\u00fcr\u00fcy\u00fc\u015f yapt\u0131m, her saatte g\u00f6zlerime damla damlatt\u0131m ve uyudum, uyudum, uyudum. Ertesi sabah klinikte kontrol ve sonra \u0130stanbul\u2019un \u015fehir hayat\u0131na dal\u0131\u015f. Ben ger\u00e7ekten \u00e7ok iyiyim, yani bu rapor i\u00e7in para alm\u0131yorum, s\u00f6z veriyorum! E\u015fim ise olduk\u00e7a k\u0131skan\u0131yor; h\u00e2l\u00e2 g\u00f6zl\u00fck tak\u0131yor. \u201cMaalesef\u201d yeterince miyop de\u011fil ve doktor da \u00f6nermedi. \u00c7\u00fcnk\u00fc bizim ya\u015f\u0131m\u0131zda g\u00fc\u00e7l\u00fc bir okuma g\u00f6zl\u00fc\u011f\u00fc takma riski y\u00fcksek oluyor. Burada dikkatlice de\u011ferlendirmek gerekiyor! Bir de k\u00fc\u00e7\u00fck bir kolayl\u0131k: T\u00fcm a\u015f\u00e7\u0131lar ve hobi a\u015f\u00e7\u0131lar (erkekler ve kad\u0131nlar) i\u00e7in\u2014so\u011fan do\u011framak art\u0131k g\u00f6z ya\u015fartmadan oluyor! Ama bu ayn\u0131 zamanda dezavantaj da olabilir; ameliyattan \u00f6nce bunu hep e\u015fim yapard\u0131\u2026 \u00d6nceki Rapor Sonraki Rapor<\/p>\n","protected":false},"author":4,"featured_media":0,"parent":4243,"menu_order":0,"comment_status":"closed","ping_status":"closed","template":"","meta":{"_joinchat":[],"footnotes":""},"class_list":["post-4390","page","type-page","status-publish","hentry"],"acf":[],"_links":{"self":[{"href":"https:\/\/medicaltravel.at\/tr\/wp-json\/wp\/v2\/pages\/4390","targetHints":{"allow":["GET"]}}],"collection":[{"href":"https:\/\/medicaltravel.at\/tr\/wp-json\/wp\/v2\/pages"}],"about":[{"href":"https:\/\/medicaltravel.at\/tr\/wp-json\/wp\/v2\/types\/page"}],"author":[{"embeddable":true,"href":"https:\/\/medicaltravel.at\/tr\/wp-json\/wp\/v2\/users\/4"}],"replies":[{"embeddable":true,"href":"https:\/\/medicaltravel.at\/tr\/wp-json\/wp\/v2\/comments?post=4390"}],"version-history":[{"count":2,"href":"https:\/\/medicaltravel.at\/tr\/wp-json\/wp\/v2\/pages\/4390\/revisions"}],"predecessor-version":[{"id":5861,"href":"https:\/\/medicaltravel.at\/tr\/wp-json\/wp\/v2\/pages\/4390\/revisions\/5861"}],"up":[{"embeddable":true,"href":"https:\/\/medicaltravel.at\/tr\/wp-json\/wp\/v2\/pages\/4243"}],"wp:attachment":[{"href":"https:\/\/medicaltravel.at\/tr\/wp-json\/wp\/v2\/media?parent=4390"}],"curies":[{"name":"wp","href":"https:\/\/api.w.org\/{rel}","templated":true}]}}