{"id":4388,"date":"2025-09-28T11:11:24","date_gmt":"2025-09-28T10:11:24","guid":{"rendered":"https:\/\/medicaltravel.at\/hasta-hikayeleri\/eski-hasta-raporlari\/goez-lazeri-deneyim-raporu-istanbulda-19-ekim-2008-pazar-tarihli-rapor\/"},"modified":"2026-01-13T17:54:03","modified_gmt":"2026-01-13T16:54:03","slug":"goez-lazeri-deneyim-raporu-istanbulda-19-ekim-2008-pazar-tarihli-rapor","status":"publish","type":"page","link":"https:\/\/medicaltravel.at\/tr\/hasta-hikayeleri\/eski-hasta-raporlari\/goez-lazeri-deneyim-raporu-istanbulda-19-ekim-2008-pazar-tarihli-rapor\/","title":{"rendered":"G\u00d6Z LAZER\u0130 Deneyim Raporu \u0130stanbul\u2019da \u2013 19 Ekim 2008 Pazar tarihli rapor"},"content":{"rendered":"\n<h3 class=\"wp-block-heading\">G\u00d6Z LAZER\u0130 Deneyim Raporu \u0130stanbul\u2019da \u2013 19 Ekim 2008 Pazar tarihli rapor<\/h3>\n\n\n\n<p>Eve giderken post otob\u00fcs\u00fcndeyim\u2026Manzara yan\u0131mdan ak\u0131p gidiyor\u2026Bu kadar net g\u00f6rmek \u00e7ok g\u00fczel!  <\/p>\n\n\n\n<p>K\u0131z\u0131m\u0131z art\u0131k bir ya\u015f\u0131nda ve benim i\u00e7in \u015fimdi \u0130stanbul\u2019a gitmek, sonunda gece g\u00fcnd\u00fcz her \u015feyi tam net g\u00f6r\u00fcp kontrol edebilmek i\u00e7in ideal bir zaman.<br>Art\u0131k annesinin burnundan g\u00f6zl\u00fc\u011f\u00fcn\u00fc kapmak da m\u00fcmk\u00fcn de\u011fil \ud83d\ude42 <\/p>\n\n\n\n<p>\u00d6nce e\u015fim ve k\u0131z\u0131m\u0131zla birlikte seyahat etmeyi d\u00fc\u015f\u00fcnd\u00fcm. Ama ameliyata ve sonras\u0131ndaki biraz zor olan ilk g\u00fcnlere tamamen odaklanmak istedi\u011fim i\u00e7in bundan vazge\u00e7tim. <\/p>\n\n\n\n<p>\u0130yi bir arkada\u015f\u0131m, yapt\u0131\u011f\u0131 m\u00fcdahaleden bana bir y\u0131ldan uzun s\u00fcre \u00f6nce bahsetmi\u015fti.<br><br>Eski bir ameliyathane hem\u015firesi olan bu arkada\u015f\u0131m, anlatt\u0131klar\u0131yla beni hemen ikna etti.<br><br>T\u0131bbi a\u00e7\u0131dan bak\u0131ld\u0131\u011f\u0131nda benim i\u00e7in ameliyat \u015fart de\u011fil (iki g\u00f6z\u00fcm de yakla\u015f\u0131k \u20135,5 miyop), ama hayat kalitesini inan\u0131lmaz derecede art\u0131racak bir \u015fey ve bunu hem istiyorum hem de kar\u015f\u0131layabiliyorum.<br><br>Bunun bana iki kere s\u00f6ylenmesine gerek yok.<br><br>7 ya\u015f\u0131mdan beri g\u00f6zl\u00fck kullanan biri olarak, bir g\u00f6rme yard\u0131m\u0131na ba\u011fl\u0131 olmadan ya\u015famak m\u0131?<br><br>Ameliyat olmaya \u00e7ok k\u0131sa s\u00fcrede karar verdim.     <\/p>\n\n\n\n<p>\u0130svi\u00e7re\u2019deki t\u0131bbi bak\u0131m, d\u00fcnyan\u0131n ba\u015fka yerlerine g\u00f6re daha m\u0131 iyi?<br><br>Yurt d\u0131\u015f\u0131nda iki kez uzun s\u00fcre ya\u015fad\u0131\u011f\u0131m i\u00e7in \u015funu biliyorum ki, gerekli maddi imk\u00e2nlar varsa d\u00fcnyan\u0131n her yerinde iyi sa\u011fl\u0131k hizmeti almak m\u00fcmk\u00fcn.<br><br>Ancak yerel halk i\u00e7in durum \u00e7o\u011fu zaman farkl\u0131 oluyor, \u00e7\u00fcnk\u00fc tedaviyi kar\u015f\u0131layacak g\u00fc\u00e7leri olmuyor.  <\/p>\n\n\n\n<p>Bence \u0130stanbul\u2019daki klinik, havaalan\u0131ndan alma, ameliyat \u00f6ncesi, ameliyat s\u0131ras\u0131nda ve sonras\u0131 bak\u0131m dahil olmak \u00fczere m\u00fckemmel bir hizmet sunuyor.<br><br>Doktorlar ve personel hem profesyonel hem de samimi, s\u0131cak ve anlay\u0131\u015fl\u0131 davran\u0131yorlar.<br><br>Ameliyat \u00f6ncesi ve sonras\u0131 \u0130svi\u00e7re\u2019de g\u00f6z doktoru ve Swisslasik taraf\u0131ndan verilen bak\u0131m da olduk\u00e7a pratik.<br><br>Bu durum klini\u011fe g\u00fcveni art\u0131r\u0131yor ve bir t\u00fcr g\u00fcvenlik hissi veriyor.<br><br>K\u0131sa s\u00fcre \u00f6nce \u0130svi\u00e7re\u2019de ilk kontrol i\u00e7in g\u00f6z doktoruna gittim.<br><br>\u0130stanbul\u2019daki cerrah ertesi g\u00fcn sonucu olumlu de\u011ferlendirmi\u015f olmas\u0131na ra\u011fmen, yakla\u015f\u0131k iki hafta sonra g\u00f6zlerimin tekrar kontrol edilmesinden memnunum.<br><br>Her \u015feyin h\u00e2l\u00e2 en iyi durumda oldu\u011funu g\u00f6rmek beni \u00e7ok rahatlat\u0131yor.      <\/p>\n\n\n\n<p>Bence, birka\u00e7 g\u00fcn ara verip g\u00f6zlerime tamamen odaklanabilmek \u00e7ok ideal. (Seyahat dahil 6 g\u00fcn kald\u0131m.)<br><br>Ameliyat\u0131 \u0130svi\u00e7re\u2019de yapt\u0131rsayd\u0131m, k\u0131sa s\u00fcrede tekrar k\u0131z\u0131mla ve ev i\u015fleriyle ilgilenmem beklenirdi.<br><br>Kendime b\u00f6yle bir mola vermek \u00e7ok daha zor olurdu.<br><br>\u0130stanbul, devasa tarihi yap\u0131lar\u0131, samimi sokak kafeleri ve iyi al\u0131\u015fveri\u015f imk\u00e2nlar\u0131yla heyecan verici ve modern bir \u015fehir.<br><br>\u0130stanbul\u2019a tekrar gidece\u011fim ve o zaman klini\u011fe u\u011fray\u0131p bir kahve i\u00e7meyi d\u00f6rt g\u00f6zle bekliyorum.     <\/p>\n\n\n\n<p>Annette L\u00fcthi, 3 Ekim 2008<\/p>\n\n\n\n<div class=\"wp-block-group is-layout-grid wp-container-core-group-is-layout-baef362d wp-block-group-is-layout-grid\">\n<p><a href=\"https:\/\/medicaltravel.at\/home\/agb\/\" data-type=\"page\" data-id=\"2191\"><\/a><a href=\"https:\/\/medicaltravel.at\/tr\/hasta-hikayeleri\/eski-hasta-raporlari\/goez-lazeri-yolculugumla-ilgili-notlarim-19-ekim-2008-pazar-tarihli-rapor\/\" data-type=\"link\" data-id=\"https:\/\/medicaltravel.at\/tr\/hasta-hikayeleri\/eski-hasta-raporlari\/goez-lazeri-yolculugumla-ilgili-notlarim-19-ekim-2008-pazar-tarihli-rapor\/\">\u00d6nceki Rapor<\/a><\/p>\n\n\n\n<p class=\"has-text-align-right wp-container-content-5e2576f9\"><a href=\"https:\/\/medicaltravel.at\/home\/impressum\/\" data-type=\"page\" data-id=\"2193\"><\/a><a href=\"https:\/\/medicaltravel.at\/home\/berichte-von-patienten\/erfahrungsberichte\/erfahrungsbericht-zahnbehandlung-in-istanbul\/\" data-type=\"page\" data-id=\"981\"><\/a><a href=\"https:\/\/medicaltravel.at\/tr\/hasta-hikayeleri\/eski-hasta-raporlari\/goez-lazeri-paket-duezenlemesi-09-agustos-2008-cumartesi-tarihli-rapor\/\" data-type=\"link\" data-id=\"https:\/\/medicaltravel.at\/berichte-von-patienten\/altere-patientenberichte\/das-augenlaser-pauschalarrangement-bericht-vom-samstag-09-august-2008\/\">Sonraki Rapor<\/a><\/p>\n<\/div>\n","protected":false},"excerpt":{"rendered":"<p>G\u00d6Z LAZER\u0130 Deneyim Raporu \u0130stanbul\u2019da \u2013 19 Ekim 2008 Pazar tarihli rapor Eve giderken post otob\u00fcs\u00fcndeyim\u2026Manzara yan\u0131mdan ak\u0131p gidiyor\u2026Bu kadar net g\u00f6rmek \u00e7ok g\u00fczel! K\u0131z\u0131m\u0131z art\u0131k bir ya\u015f\u0131nda ve benim i\u00e7in \u015fimdi \u0130stanbul\u2019a gitmek, sonunda gece g\u00fcnd\u00fcz her \u015feyi tam net g\u00f6r\u00fcp kontrol edebilmek i\u00e7in ideal bir zaman.Art\u0131k annesinin burnundan g\u00f6zl\u00fc\u011f\u00fcn\u00fc kapmak da m\u00fcmk\u00fcn de\u011fil \ud83d\ude42 \u00d6nce e\u015fim ve k\u0131z\u0131m\u0131zla birlikte seyahat etmeyi d\u00fc\u015f\u00fcnd\u00fcm. Ama ameliyata ve sonras\u0131ndaki biraz zor olan ilk g\u00fcnlere tamamen odaklanmak istedi\u011fim i\u00e7in bundan vazge\u00e7tim. \u0130yi bir arkada\u015f\u0131m, yapt\u0131\u011f\u0131 m\u00fcdahaleden bana bir y\u0131ldan uzun s\u00fcre \u00f6nce bahsetmi\u015fti. Eski bir ameliyathane hem\u015firesi olan bu arkada\u015f\u0131m, anlatt\u0131klar\u0131yla beni hemen ikna etti. T\u0131bbi a\u00e7\u0131dan bak\u0131ld\u0131\u011f\u0131nda benim i\u00e7in ameliyat \u015fart de\u011fil (iki g\u00f6z\u00fcm de yakla\u015f\u0131k \u20135,5 miyop), ama hayat kalitesini inan\u0131lmaz derecede art\u0131racak bir \u015fey ve bunu hem istiyorum hem de kar\u015f\u0131layabiliyorum. Bunun bana iki kere s\u00f6ylenmesine gerek yok. 7 ya\u015f\u0131mdan beri g\u00f6zl\u00fck kullanan biri olarak, bir g\u00f6rme yard\u0131m\u0131na ba\u011fl\u0131 olmadan ya\u015famak m\u0131? Ameliyat olmaya \u00e7ok k\u0131sa s\u00fcrede karar verdim. \u0130svi\u00e7re\u2019deki t\u0131bbi bak\u0131m, d\u00fcnyan\u0131n ba\u015fka yerlerine g\u00f6re daha m\u0131 iyi? Yurt d\u0131\u015f\u0131nda iki kez uzun s\u00fcre ya\u015fad\u0131\u011f\u0131m i\u00e7in \u015funu biliyorum ki, gerekli maddi imk\u00e2nlar varsa d\u00fcnyan\u0131n her yerinde iyi sa\u011fl\u0131k hizmeti almak m\u00fcmk\u00fcn. Ancak yerel halk i\u00e7in durum \u00e7o\u011fu zaman farkl\u0131 oluyor, \u00e7\u00fcnk\u00fc tedaviyi kar\u015f\u0131layacak g\u00fc\u00e7leri olmuyor. Bence \u0130stanbul\u2019daki klinik, havaalan\u0131ndan alma, ameliyat \u00f6ncesi, ameliyat s\u0131ras\u0131nda ve sonras\u0131 bak\u0131m dahil olmak \u00fczere m\u00fckemmel bir hizmet sunuyor. Doktorlar ve personel hem profesyonel hem de samimi, s\u0131cak ve anlay\u0131\u015fl\u0131 davran\u0131yorlar. Ameliyat \u00f6ncesi ve sonras\u0131 \u0130svi\u00e7re\u2019de g\u00f6z doktoru ve Swisslasik taraf\u0131ndan verilen bak\u0131m da olduk\u00e7a pratik. Bu durum klini\u011fe g\u00fcveni art\u0131r\u0131yor ve bir t\u00fcr g\u00fcvenlik hissi veriyor. K\u0131sa s\u00fcre \u00f6nce \u0130svi\u00e7re\u2019de ilk kontrol i\u00e7in g\u00f6z doktoruna gittim. \u0130stanbul\u2019daki cerrah ertesi g\u00fcn sonucu olumlu de\u011ferlendirmi\u015f olmas\u0131na ra\u011fmen, yakla\u015f\u0131k iki hafta sonra g\u00f6zlerimin tekrar kontrol edilmesinden memnunum. Her \u015feyin h\u00e2l\u00e2 en iyi durumda oldu\u011funu g\u00f6rmek beni \u00e7ok rahatlat\u0131yor. Bence, birka\u00e7 g\u00fcn ara verip g\u00f6zlerime tamamen odaklanabilmek \u00e7ok ideal. (Seyahat dahil 6 g\u00fcn kald\u0131m.) Ameliyat\u0131 \u0130svi\u00e7re\u2019de yapt\u0131rsayd\u0131m, k\u0131sa s\u00fcrede tekrar k\u0131z\u0131mla ve ev i\u015fleriyle ilgilenmem beklenirdi. Kendime b\u00f6yle bir mola vermek \u00e7ok daha zor olurdu. \u0130stanbul, devasa tarihi yap\u0131lar\u0131, samimi sokak kafeleri ve iyi al\u0131\u015fveri\u015f imk\u00e2nlar\u0131yla heyecan verici ve modern bir \u015fehir. \u0130stanbul\u2019a tekrar gidece\u011fim ve o zaman klini\u011fe u\u011fray\u0131p bir kahve i\u00e7meyi d\u00f6rt g\u00f6zle bekliyorum. Annette L\u00fcthi, 3 Ekim 2008 \u00d6nceki Rapor Sonraki Rapor<\/p>\n","protected":false},"author":4,"featured_media":0,"parent":4243,"menu_order":0,"comment_status":"closed","ping_status":"closed","template":"","meta":{"_joinchat":[],"footnotes":""},"class_list":["post-4388","page","type-page","status-publish","hentry"],"acf":[],"_links":{"self":[{"href":"https:\/\/medicaltravel.at\/tr\/wp-json\/wp\/v2\/pages\/4388","targetHints":{"allow":["GET"]}}],"collection":[{"href":"https:\/\/medicaltravel.at\/tr\/wp-json\/wp\/v2\/pages"}],"about":[{"href":"https:\/\/medicaltravel.at\/tr\/wp-json\/wp\/v2\/types\/page"}],"author":[{"embeddable":true,"href":"https:\/\/medicaltravel.at\/tr\/wp-json\/wp\/v2\/users\/4"}],"replies":[{"embeddable":true,"href":"https:\/\/medicaltravel.at\/tr\/wp-json\/wp\/v2\/comments?post=4388"}],"version-history":[{"count":2,"href":"https:\/\/medicaltravel.at\/tr\/wp-json\/wp\/v2\/pages\/4388\/revisions"}],"predecessor-version":[{"id":5856,"href":"https:\/\/medicaltravel.at\/tr\/wp-json\/wp\/v2\/pages\/4388\/revisions\/5856"}],"up":[{"embeddable":true,"href":"https:\/\/medicaltravel.at\/tr\/wp-json\/wp\/v2\/pages\/4243"}],"wp:attachment":[{"href":"https:\/\/medicaltravel.at\/tr\/wp-json\/wp\/v2\/media?parent=4388"}],"curies":[{"name":"wp","href":"https:\/\/api.w.org\/{rel}","templated":true}]}}