{"id":4386,"date":"2025-09-28T11:08:23","date_gmt":"2025-09-28T10:08:23","guid":{"rendered":"https:\/\/medicaltravel.at\/hasta-hikayeleri\/eski-hasta-raporlari\/goez-lazeri-deneyim-raporu-istanbul-22-aralik-2008-pazartesi-tarihli-rapor\/"},"modified":"2026-01-13T17:50:03","modified_gmt":"2026-01-13T16:50:03","slug":"goez-lazeri-deneyim-raporu-istanbul-22-aralik-2008-pazartesi-tarihli-rapor","status":"publish","type":"page","link":"https:\/\/medicaltravel.at\/tr\/hasta-hikayeleri\/eski-hasta-raporlari\/goez-lazeri-deneyim-raporu-istanbul-22-aralik-2008-pazartesi-tarihli-rapor\/","title":{"rendered":"G\u00f6z Lazeri Deneyim Raporu \u0130STANBUL \u2013 22 Aral\u0131k 2008 Pazartesi tarihli rapor"},"content":{"rendered":"\n<h3 class=\"wp-block-heading\">G\u00f6z Lazeri Deneyim Raporu \u0130STANBUL \u2013 22 Aral\u0131k 2008 Pazartesi tarihli rapor<\/h3>\n\n\n\n<p>Karar s\u00fcreci:<\/p>\n\n\n\n<p>Bir tan\u0131d\u0131\u011f\u0131m arac\u0131l\u0131\u011f\u0131yla, kendisi Nisan 2008\u2019de operasyonu yapt\u0131rm\u0131\u015f ve sonu\u00e7tan \u00e7ok memnun kald\u0131\u011f\u0131 i\u00e7in, ben\u2026<\/p>\n\n\n\n<p>Swisslasik\u2019e dikkatimi \u00e7ekti ve ilgilenmeye ba\u015flad\u0131m, \u00e7\u00fcnk\u00fc \u00e7ocuklu\u011fumdan beri bir\u2026<\/p>\n\n\n\n<p>G\u00f6zl\u00fck tak\u0131yorum. D\u00fczeltme de\u011ferim y\u0131llard\u0131r +4,0 ile hipermetropi (uza\u011f\u0131 g\u00f6rememe) i\u00e7in sabit, ancak g\u00f6zl\u00fck takmak beni\u2026 <\/p>\n\n\n\n<p>bir\u00e7ok aktivitede (faaliyette) ciddi \u015fekilde k\u0131s\u0131tl\u0131yor ve g\u00f6zl\u00fck \u00e7er\u00e7evesi d\u00fczg\u00fcn oturmad\u0131\u011f\u0131nda, bask\u0131 yap\u0131yor ve kay\u0131yor; bu da\u2026<\/p>\n\n\n\n<p>ger\u00e7ekten \u00e7ok rahats\u0131z edici oluyor. Bu y\u00fczden yaz aylar\u0131nda \u00f6n muayeneyi yapt\u0131rmaya karar verdim. Web sitesinde zaten\u2026  <\/p>\n\n\n\n<p>yaz\u0131yor ki, bu t\u00fcr bir operasyon i\u00e7in ki\u015filerin %90\u2019\u0131ndan fazlas\u0131 uygun, yani ben de muhtemelen uygun olmayanlardan olmayaca\u011f\u0131m.<\/p>\n\n\n\n<p>%10\u2019luk grupta olmamal\u0131y\u0131m, \u00e7\u00fcnk\u00fc g\u00f6z d\u00fczeltmem normal, daha \u00f6nce herhangi bir hastal\u0131k veya sorun ya\u015famam\u0131\u015ft\u0131m. <\/p>\n\n\n\n<p>G\u00f6z doktorundaki sonu\u00e7 ise beni daha da hayal k\u0131r\u0131kl\u0131\u011f\u0131na u\u011fratt\u0131, \u00e7\u00fcnk\u00fc doktor d\u00fczeltmemin \u00e7ok y\u00fcksek oldu\u011funu a\u00e7\u0131klad\u0131.<\/p>\n\n\n\n<p>Lasik ameliyat\u0131n\u0131n ba\u015far\u0131l\u0131 olabilmesi i\u00e7in. Birka\u00e7 g\u00fcn d\u00fc\u015f\u00fcnd\u00fckten sonra, \u0130svi\u00e7re\u2019deki ileti\u015fim ki\u015fisini bilgilendirdim, <\/p>\n\n\n\n<p>Bay Karaa\u011fa\u00e7l\u0131, bana klinikte detayl\u0131 bir muayene yap\u0131laca\u011f\u0131n\u0131 garanti etti. Birka\u00e7 g\u00fcn sonra haber ald\u0131m, <\/p>\n\n\n\n<p>Swisslasik daha \u00f6nce b\u00f6yle bir d\u00fczeltmeyi ba\u015far\u0131yla bir\u00e7ok kez ger\u00e7ekle\u015ftirdi ve bu operasyonu yapmada herhangi bir sorun g\u00f6rm\u00fcyor.<\/p>\n\n\n\n<p>Ayn\u0131 g\u00fcn, \u0130stanbul\u2019a yap\u0131lacak yolculuk i\u00e7in kayd\u0131m\u0131 yapt\u0131rd\u0131m.<\/p>\n\n\n\n<p>Yolculuk ve Var\u0131\u015f:<\/p>\n\n\n\n<p>Gerekli belgeler ve bilgiler, seyahat \u00fccretini \u00f6dedikten sadece birka\u00e7 g\u00fcn i\u00e7inde elime ula\u015ft\u0131.<\/p>\n\n\n\n<p>Seyahat, konaklama ve bilinmesi gereken t\u00fcm \u00f6nemli bilgiler i\u00e7in gerekli evraklar da elime ula\u015ft\u0131.<\/p>\n\n\n\n<p>Biraz huzursuz bir u\u00e7u\u015fun ard\u0131ndan \u0130stanbul\u2019a ula\u015ft\u0131k ve havaalan\u0131nda bizimle ilgilenen g\u00f6revli taraf\u0131ndan kar\u015f\u0131land\u0131k. <\/p>\n\n\n\n<p>Otel, \u0130stanbul\u2019un merkezinde olmas\u0131na ra\u011fmen sakin bir konumdayd\u0131 ve hem benim hem de yan\u0131mdaki ki\u015finin beklentilerini kar\u015f\u0131lad\u0131.<\/p>\n\n\n\n<p>Ameliyat G\u00fcn\u00fc:<\/p>\n\n\n\n<p>\u00d6\u011fle civar\u0131nda otelden al\u0131nd\u0131k ve y\u00fcr\u00fcme mesafesinde, hemen k\u00f6\u015fede olan klini\u011fe g\u00f6t\u00fcr\u00fcld\u00fck.<\/p>\n\n\n\n<p>ula\u015f\u0131labiliyordu. T\u00fcm bilgiler tekrar kontrol edildi ve sonunda bana operasyonun uygun oldu\u011fu s\u00f6ylendi. <\/p>\n\n\n\n<p>sorunsuz bir \u015fekilde yap\u0131labilece\u011fini onaylad\u0131. Her \u015feyin tekrar kontrol edilmesi ve operasyondan sorumlu doktorun onay\u0131, insana g\u00fcven veriyor. <\/p>\n\n\n\n<p>Kendi onay\u0131n\u0131 da veriyor.<\/p>\n\n\n\n<p>Muayenelerden sonra yakla\u015f\u0131k 2 saat boyunca eski g\u00f6zl\u00fc\u011f\u00fcn\u00fczle \u0130stanbul\u2019da dola\u015fma imk\u00e2n\u0131n\u0131z oluyor.<\/p>\n\n\n\n<p>ve bir kez daha g\u00f6zl\u00fckle, \u0130stanbul\u2019daki say\u0131s\u0131z restorandan birinde men\u00fcye bak\u0131p yemek se\u00e7me \u015fans\u0131na sahip oluyorsunuz.<\/p>\n\n\n\n<p>bir\u00e7ok lezzetli yemekten sipari\u015f verme \u015fans\u0131na. Bu g\u00fcn, g\u00f6zl\u00fckle son kez olacak. <\/p>\n\n\n\n<p>Ak\u015fam tekrar klinikte bulu\u015fuluyor. Heyecan art\u0131yor, biraz tedirgin bir his var ama \u00e7al\u0131\u015fanlar\u2026 <\/p>\n\n\n\n<p>huzur verici bir \u015fekilde sakinlik yay\u0131yorlar ve bu g\u00fcvenli bir his veriyor. G\u00f6zler bir kez daha kontrol ediliyor ve ard\u0131ndan\u2026 <\/p>\n\n\n\n<p>haz\u0131rl\u0131k odas\u0131na g\u00f6t\u00fcr\u00fcl\u00fcp ameliyat i\u00e7in haz\u0131rlan\u0131yorsunuz. Sonras\u0131 asl\u0131nda \u00e7ok h\u0131zl\u0131 ilerliyor, <\/p>\n\n\n\n<p>g\u00f6zlerinizle u\u011fra\u015f\u0131ld\u0131\u011f\u0131n\u0131 hissediyorsunuz, ama hi\u00e7 ac\u0131 yok. Yakla\u015f\u0131k 15 dakika sonra her \u015fey bitiyor. Art\u0131k g\u00f6zlerinizi  <\/p>\n\n\n\n<p>ameliyat\u0131 bitirmi\u015f oluyorsunuz. G\u00f6zlerim o kadar \u0131\u015f\u0131\u011fa hassast\u0131 ki neredeyse g\u00f6zlerimi a\u00e7maya cesaret edemedim. Ba\u015fka bir  <\/p>\n\n\n\n<p>Ancak hasta ameliyattan \u00e7\u0131kt\u0131ktan sonra cep telefonuyla mesaj yazmaya ba\u015flad\u0131. \u00dcstelik bu tamamen g\u00f6zl\u00fcks\u00fcz olarak yap\u0131ld\u0131. <\/p>\n\n\n\n<p>Bir kontrol muayenesinden sonra her \u015feyin yolunda oldu\u011fu teyit edildi ve klini\u011fi terk edebildik. Ben ise do\u011frudan\u2026 <\/p>\n\n\n\n<p>Otel odama do\u011frudan gidip uyudum, g\u00f6zlerimi m\u00fcmk\u00fcn oldu\u011funca dinlendirmek i\u00e7in.<\/p>\n\n\n\n<p>\u0130lk g\u00fcn g\u00f6zl\u00fcks\u00fcz:<\/p>\n\n\n\n<p>Sabah uyand\u0131\u011f\u0131mda olduk\u00e7a \u015fa\u015f\u0131rd\u0131m, fark etti\u011fim ilk \u015fey, art\u0131k saatimi g\u00f6rebiliyor olmamd\u0131.<\/p>\n\n\n\n<p>Televizyona entegre olan saati bile art\u0131k g\u00f6zl\u00fcks\u00fcz g\u00f6rebiliyor ve okuyabiliyordum. \u00c7ok mutluydum. Kahvalt\u0131dan sonra\u2026  <\/p>\n\n\n\n<p>ilk kontrole gitmek \u00fczere klini\u011fe gittim; burada her iki g\u00f6z\u00fcm\u00fcn birlikte %100 g\u00f6rme yetisine sahip oldu\u011fum onayland\u0131.<\/p>\n\n\n\n<p>Onayland\u0131.<\/p>\n\n\n\n<p>Muayeneden sonra ger\u00e7ekten enerjik hissettim ve \u0130stanbul\u2019da ilgin\u00e7 bir gezi turuna \u00e7\u0131kmaya karar verdim. \u00c7\u00fcnk\u00fc <\/p>\n\n\n\n<p>G\u00fczel hava nedeniyle, bu gezi i\u00e7in \u00f6zel olarak al\u0131nan (numaras\u0131z) g\u00fcne\u015f g\u00f6zl\u00fc\u011f\u00fc kullan\u0131ld\u0131.<\/p>\n\n\n\n<p>D\u00f6n\u00fc\u015f Yolculu\u011fu:<\/p>\n\n\n\n<p>Burada anlatacak pek bir \u015fey yok, maalesef \u0130stanbul\u2019dan \u00e7ok erken ayr\u0131lmak zorunda kald\u0131k, h\u00e2l\u00e2 ke\u015ffedilecek \u00e7ok \u015fey vard\u0131.<\/p>\n\n\n\n<p>G\u00f6revlimiz bizi tam zaman\u0131nda ald\u0131 ve havaalan\u0131na g\u00f6t\u00fcrd\u00fc. <\/p>\n\n\n\n<p>Evdeki ilk Zamanlar:<\/p>\n\n\n\n<p>Art\u0131k tamamen yeni bir ya\u015fam hissini ya\u015fayabiliyorum. Ameliyat sonras\u0131 iyile\u015fme s\u00fcreci devam ediyor ve g\u00f6r\u00fc\u015f\u00fcm giderek netle\u015fiyor. <\/p>\n\n\n\n<p>G\u00f6r\u00fc\u015f\u00fcm zaman zaman biraz de\u011fi\u015fiyor, ama bu a\u00e7\u0131k\u00e7a normal. Yakla\u015f\u0131k 14 g\u00fcn sonra fark ettim ki\u2026 <\/p>\n\n\n\n<p>ama g\u00f6zl\u00fck olmadan okurken biraz zorland\u0131\u011f\u0131m\u0131 fark ettim, (ya\u015fa ba\u011fl\u0131 g\u00f6rme kusuru \u015fu anda d\u00fczeltilemiyor)<\/p>\n\n\n\n<p>bu y\u00fczden bir okuma g\u00f6zl\u00fc\u011f\u00fc almaya karar verdim (bunu gazete bayilerinden uygun fiyata bulabilirsiniz). <\/p>\n\n\n\n<p>Yakla\u015f\u0131k 4 hafta sonra g\u00f6r\u00fc\u015f\u00fcm\u00fcn biraz d\u00fc\u015ft\u00fc\u011f\u00fcn\u00fc fark ettim, fakat sonras\u0131nda stabil kald\u0131. \u0130lk <\/p>\n\n\n\n<p>\u0130svi\u00e7re\u2019deki g\u00f6z doktorunda yapt\u0131rd\u0131\u011f\u0131m kontroller, hislerimi do\u011frulad\u0131. G\u00f6zlerimin art\u0131k g\u00f6rme g\u00fcc\u00fc %80 <\/p>\n\n\n\n<p>+70%). Bu yine de g\u00f6zl\u00fck olmadan hayat\u0131 s\u00fcrd\u00fcrebilmek i\u00e7in yeterli ve yakla\u015f\u0131k olarak -2 diyoptriye denk geliyor.<\/p>\n\n\n\n<p>Yani +1 \u2013 +1,25 civar\u0131nda. G\u00f6z doktorum hakl\u0131 \u00e7\u0131kt\u0131; g\u00f6zlerimin d\u00fczeltme de\u011feri biraz fazlaym\u0131\u015f. Bir d\u00fczeltme  <\/p>\n\n\n\n<p>+3 diyoptriye kadar d\u00fczeltme sorunsuz m\u00fcmk\u00fcn, bundan fazlas\u0131nda ise ba\u015far\u0131 garanti edilemiyor.<\/p>\n\n\n\n<p>Yine de ameliyat\u0131 hi\u00e7 pi\u015fman de\u011filim; belki 2\u20133 y\u0131l i\u00e7inde 5 y\u0131ll\u0131k garanti hakk\u0131m\u0131 kullan\u0131r\u0131m ve\u2026<\/p>\n\n\n\n<p>kalan g\u00f6rme kusurunu d\u00fczeltmeyi deneyece\u011fim.<\/p>\n\n\n\n<p>bir \u015fekilde memnun olmayanlara Eyestar Klini\u011fi\u2019ni \u0130stanbul\u2019da g\u00f6n\u00fcl rahatl\u0131\u011f\u0131yla \u00f6nerebilirim ve umar\u0131m bir\u00e7ok ki\u015fi de bu f\u0131rsat\u0131 de\u011ferlendirir.<\/p>\n\n\n\n<p>G\u00f6zl\u00fck kullananlara da bu ad\u0131m\u0131 atacak cesareti vermesini diliyorum.<\/p>\n\n\n\n<p>Referans bilgisi istenirse ad\u0131m\u0131n payla\u015f\u0131lmas\u0131na izin veriyorum.<\/p>\n\n\n\n<p>Sayg\u0131lar\u0131mla<\/p>\n\n\n\n<p>K. Althoff<\/p>\n\n\n\n<div class=\"wp-block-group is-layout-grid wp-container-core-group-is-layout-baef362d wp-block-group-is-layout-grid\">\n<p><a href=\"https:\/\/medicaltravel.at\/home\/agb\/\" data-type=\"page\" data-id=\"2191\"><\/a><a href=\"https:\/\/medicaltravel.at\/tr\/hasta-hikayeleri\/eski-hasta-raporlari\/benim-lasik-ameliyatim-istanbulda-29-aralik-2008-pazartesi-tarihli-rapor\/\" data-type=\"link\" data-id=\"https:\/\/medicaltravel.at\/tr\/hasta-hikayeleri\/eski-hasta-raporlari\/benim-lasik-ameliyatim-istanbulda-29-aralik-2008-pazartesi-tarihli-rapor\/\">\u00d6nceki Rapor<\/a><\/p>\n\n\n\n<p class=\"has-text-align-right wp-container-content-5e2576f9\"><a href=\"https:\/\/medicaltravel.at\/home\/impressum\/\" data-type=\"page\" data-id=\"2193\"><\/a><a href=\"https:\/\/medicaltravel.at\/home\/berichte-von-patienten\/erfahrungsberichte\/erfahrungsbericht-zahnbehandlung-in-istanbul\/\" data-type=\"page\" data-id=\"981\"><\/a><a href=\"https:\/\/medicaltravel.at\/tr\/hasta-hikayeleri\/eski-hasta-raporlari\/goez-lazeri-deneyim-raporu-istanbul-03-aralik-2008-carsamba-tarihli-rapor\/\" data-type=\"link\" data-id=\"https:\/\/medicaltravel.at\/berichte-von-patienten\/altere-patientenberichte\/erfahrungsbericht-augen-laser-istanbul-bericht-vom-mittwoch-03-dezember-2008\/\">Sonraki Rapor<\/a><\/p>\n<\/div>\n","protected":false},"excerpt":{"rendered":"<p>G\u00f6z Lazeri Deneyim Raporu \u0130STANBUL \u2013 22 Aral\u0131k 2008 Pazartesi tarihli rapor Karar s\u00fcreci: Bir tan\u0131d\u0131\u011f\u0131m arac\u0131l\u0131\u011f\u0131yla, kendisi Nisan 2008\u2019de operasyonu yapt\u0131rm\u0131\u015f ve sonu\u00e7tan \u00e7ok memnun kald\u0131\u011f\u0131 i\u00e7in, ben\u2026 Swisslasik\u2019e dikkatimi \u00e7ekti ve ilgilenmeye ba\u015flad\u0131m, \u00e7\u00fcnk\u00fc \u00e7ocuklu\u011fumdan beri bir\u2026 G\u00f6zl\u00fck tak\u0131yorum. D\u00fczeltme de\u011ferim y\u0131llard\u0131r +4,0 ile hipermetropi (uza\u011f\u0131 g\u00f6rememe) i\u00e7in sabit, ancak g\u00f6zl\u00fck takmak beni\u2026 bir\u00e7ok aktivitede (faaliyette) ciddi \u015fekilde k\u0131s\u0131tl\u0131yor ve g\u00f6zl\u00fck \u00e7er\u00e7evesi d\u00fczg\u00fcn oturmad\u0131\u011f\u0131nda, bask\u0131 yap\u0131yor ve kay\u0131yor; bu da\u2026 ger\u00e7ekten \u00e7ok rahats\u0131z edici oluyor. Bu y\u00fczden yaz aylar\u0131nda \u00f6n muayeneyi yapt\u0131rmaya karar verdim. Web sitesinde zaten\u2026 yaz\u0131yor ki, bu t\u00fcr bir operasyon i\u00e7in ki\u015filerin %90\u2019\u0131ndan fazlas\u0131 uygun, yani ben de muhtemelen uygun olmayanlardan olmayaca\u011f\u0131m. %10\u2019luk grupta olmamal\u0131y\u0131m, \u00e7\u00fcnk\u00fc g\u00f6z d\u00fczeltmem normal, daha \u00f6nce herhangi bir hastal\u0131k veya sorun ya\u015famam\u0131\u015ft\u0131m. G\u00f6z doktorundaki sonu\u00e7 ise beni daha da hayal k\u0131r\u0131kl\u0131\u011f\u0131na u\u011fratt\u0131, \u00e7\u00fcnk\u00fc doktor d\u00fczeltmemin \u00e7ok y\u00fcksek oldu\u011funu a\u00e7\u0131klad\u0131. Lasik ameliyat\u0131n\u0131n ba\u015far\u0131l\u0131 olabilmesi i\u00e7in. Birka\u00e7 g\u00fcn d\u00fc\u015f\u00fcnd\u00fckten sonra, \u0130svi\u00e7re\u2019deki ileti\u015fim ki\u015fisini bilgilendirdim, Bay Karaa\u011fa\u00e7l\u0131, bana klinikte detayl\u0131 bir muayene yap\u0131laca\u011f\u0131n\u0131 garanti etti. Birka\u00e7 g\u00fcn sonra haber ald\u0131m, Swisslasik daha \u00f6nce b\u00f6yle bir d\u00fczeltmeyi ba\u015far\u0131yla bir\u00e7ok kez ger\u00e7ekle\u015ftirdi ve bu operasyonu yapmada herhangi bir sorun g\u00f6rm\u00fcyor. Ayn\u0131 g\u00fcn, \u0130stanbul\u2019a yap\u0131lacak yolculuk i\u00e7in kayd\u0131m\u0131 yapt\u0131rd\u0131m. Yolculuk ve Var\u0131\u015f: Gerekli belgeler ve bilgiler, seyahat \u00fccretini \u00f6dedikten sadece birka\u00e7 g\u00fcn i\u00e7inde elime ula\u015ft\u0131. Seyahat, konaklama ve bilinmesi gereken t\u00fcm \u00f6nemli bilgiler i\u00e7in gerekli evraklar da elime ula\u015ft\u0131. Biraz huzursuz bir u\u00e7u\u015fun ard\u0131ndan \u0130stanbul\u2019a ula\u015ft\u0131k ve havaalan\u0131nda bizimle ilgilenen g\u00f6revli taraf\u0131ndan kar\u015f\u0131land\u0131k. Otel, \u0130stanbul\u2019un merkezinde olmas\u0131na ra\u011fmen sakin bir konumdayd\u0131 ve hem benim hem de yan\u0131mdaki ki\u015finin beklentilerini kar\u015f\u0131lad\u0131. Ameliyat G\u00fcn\u00fc: \u00d6\u011fle civar\u0131nda otelden al\u0131nd\u0131k ve y\u00fcr\u00fcme mesafesinde, hemen k\u00f6\u015fede olan klini\u011fe g\u00f6t\u00fcr\u00fcld\u00fck. ula\u015f\u0131labiliyordu. T\u00fcm bilgiler tekrar kontrol edildi ve sonunda bana operasyonun uygun oldu\u011fu s\u00f6ylendi. sorunsuz bir \u015fekilde yap\u0131labilece\u011fini onaylad\u0131. Her \u015feyin tekrar kontrol edilmesi ve operasyondan sorumlu doktorun onay\u0131, insana g\u00fcven veriyor. Kendi onay\u0131n\u0131 da veriyor. Muayenelerden sonra yakla\u015f\u0131k 2 saat boyunca eski g\u00f6zl\u00fc\u011f\u00fcn\u00fczle \u0130stanbul\u2019da dola\u015fma imk\u00e2n\u0131n\u0131z oluyor. ve bir kez daha g\u00f6zl\u00fckle, \u0130stanbul\u2019daki say\u0131s\u0131z restorandan birinde men\u00fcye bak\u0131p yemek se\u00e7me \u015fans\u0131na sahip oluyorsunuz. bir\u00e7ok lezzetli yemekten sipari\u015f verme \u015fans\u0131na. Bu g\u00fcn, g\u00f6zl\u00fckle son kez olacak. Ak\u015fam tekrar klinikte bulu\u015fuluyor. Heyecan art\u0131yor, biraz tedirgin bir his var ama \u00e7al\u0131\u015fanlar\u2026 huzur verici bir \u015fekilde sakinlik yay\u0131yorlar ve bu g\u00fcvenli bir his veriyor. G\u00f6zler bir kez daha kontrol ediliyor ve ard\u0131ndan\u2026 haz\u0131rl\u0131k odas\u0131na g\u00f6t\u00fcr\u00fcl\u00fcp ameliyat i\u00e7in haz\u0131rlan\u0131yorsunuz. Sonras\u0131 asl\u0131nda \u00e7ok h\u0131zl\u0131 ilerliyor, g\u00f6zlerinizle u\u011fra\u015f\u0131ld\u0131\u011f\u0131n\u0131 hissediyorsunuz, ama hi\u00e7 ac\u0131 yok. Yakla\u015f\u0131k 15 dakika sonra her \u015fey bitiyor. Art\u0131k g\u00f6zlerinizi ameliyat\u0131 bitirmi\u015f oluyorsunuz. G\u00f6zlerim o kadar \u0131\u015f\u0131\u011fa hassast\u0131 ki neredeyse g\u00f6zlerimi a\u00e7maya cesaret edemedim. Ba\u015fka bir Ancak hasta ameliyattan \u00e7\u0131kt\u0131ktan sonra cep telefonuyla mesaj yazmaya ba\u015flad\u0131. \u00dcstelik bu tamamen g\u00f6zl\u00fcks\u00fcz olarak yap\u0131ld\u0131. Bir kontrol muayenesinden sonra her \u015feyin yolunda oldu\u011fu teyit edildi ve klini\u011fi terk edebildik. Ben ise do\u011frudan\u2026 Otel odama do\u011frudan gidip uyudum, g\u00f6zlerimi m\u00fcmk\u00fcn oldu\u011funca dinlendirmek i\u00e7in. \u0130lk g\u00fcn g\u00f6zl\u00fcks\u00fcz: Sabah uyand\u0131\u011f\u0131mda olduk\u00e7a \u015fa\u015f\u0131rd\u0131m, fark etti\u011fim ilk \u015fey, art\u0131k saatimi g\u00f6rebiliyor olmamd\u0131. Televizyona entegre olan saati bile art\u0131k g\u00f6zl\u00fcks\u00fcz g\u00f6rebiliyor ve okuyabiliyordum. \u00c7ok mutluydum. Kahvalt\u0131dan sonra\u2026 ilk kontrole gitmek \u00fczere klini\u011fe gittim; burada her iki g\u00f6z\u00fcm\u00fcn birlikte %100 g\u00f6rme yetisine sahip oldu\u011fum onayland\u0131. Onayland\u0131. Muayeneden sonra ger\u00e7ekten enerjik hissettim ve \u0130stanbul\u2019da ilgin\u00e7 bir gezi turuna \u00e7\u0131kmaya karar verdim. \u00c7\u00fcnk\u00fc G\u00fczel hava nedeniyle, bu gezi i\u00e7in \u00f6zel olarak al\u0131nan (numaras\u0131z) g\u00fcne\u015f g\u00f6zl\u00fc\u011f\u00fc kullan\u0131ld\u0131. D\u00f6n\u00fc\u015f Yolculu\u011fu: Burada anlatacak pek bir \u015fey yok, maalesef \u0130stanbul\u2019dan \u00e7ok erken ayr\u0131lmak zorunda kald\u0131k, h\u00e2l\u00e2 ke\u015ffedilecek \u00e7ok \u015fey vard\u0131. G\u00f6revlimiz bizi tam zaman\u0131nda ald\u0131 ve havaalan\u0131na g\u00f6t\u00fcrd\u00fc. Evdeki ilk Zamanlar: Art\u0131k tamamen yeni bir ya\u015fam hissini ya\u015fayabiliyorum. Ameliyat sonras\u0131 iyile\u015fme s\u00fcreci devam ediyor ve g\u00f6r\u00fc\u015f\u00fcm giderek netle\u015fiyor. G\u00f6r\u00fc\u015f\u00fcm zaman zaman biraz de\u011fi\u015fiyor, ama bu a\u00e7\u0131k\u00e7a normal. Yakla\u015f\u0131k 14 g\u00fcn sonra fark ettim ki\u2026 ama g\u00f6zl\u00fck olmadan okurken biraz zorland\u0131\u011f\u0131m\u0131 fark ettim, (ya\u015fa ba\u011fl\u0131 g\u00f6rme kusuru \u015fu anda d\u00fczeltilemiyor) bu y\u00fczden bir okuma g\u00f6zl\u00fc\u011f\u00fc almaya karar verdim (bunu gazete bayilerinden uygun fiyata bulabilirsiniz). Yakla\u015f\u0131k 4 hafta sonra g\u00f6r\u00fc\u015f\u00fcm\u00fcn biraz d\u00fc\u015ft\u00fc\u011f\u00fcn\u00fc fark ettim, fakat sonras\u0131nda stabil kald\u0131. \u0130lk \u0130svi\u00e7re\u2019deki g\u00f6z doktorunda yapt\u0131rd\u0131\u011f\u0131m kontroller, hislerimi do\u011frulad\u0131. G\u00f6zlerimin art\u0131k g\u00f6rme g\u00fcc\u00fc %80 +70%). Bu yine de g\u00f6zl\u00fck olmadan hayat\u0131 s\u00fcrd\u00fcrebilmek i\u00e7in yeterli ve yakla\u015f\u0131k olarak -2 diyoptriye denk geliyor. Yani +1 \u2013 +1,25 civar\u0131nda. G\u00f6z doktorum hakl\u0131 \u00e7\u0131kt\u0131; g\u00f6zlerimin d\u00fczeltme de\u011feri biraz fazlaym\u0131\u015f. Bir d\u00fczeltme +3 diyoptriye kadar d\u00fczeltme sorunsuz m\u00fcmk\u00fcn, bundan fazlas\u0131nda ise ba\u015far\u0131 garanti edilemiyor. Yine de ameliyat\u0131 hi\u00e7 pi\u015fman de\u011filim; belki 2\u20133 y\u0131l i\u00e7inde 5 y\u0131ll\u0131k garanti hakk\u0131m\u0131 kullan\u0131r\u0131m ve\u2026 kalan g\u00f6rme kusurunu d\u00fczeltmeyi deneyece\u011fim. bir \u015fekilde memnun olmayanlara Eyestar Klini\u011fi\u2019ni \u0130stanbul\u2019da g\u00f6n\u00fcl rahatl\u0131\u011f\u0131yla \u00f6nerebilirim ve umar\u0131m bir\u00e7ok ki\u015fi de bu f\u0131rsat\u0131 de\u011ferlendirir. G\u00f6zl\u00fck kullananlara da bu ad\u0131m\u0131 atacak cesareti vermesini diliyorum. Referans bilgisi istenirse ad\u0131m\u0131n payla\u015f\u0131lmas\u0131na izin veriyorum. Sayg\u0131lar\u0131mla K. Althoff \u00d6nceki Rapor Sonraki Rapor<\/p>\n","protected":false},"author":4,"featured_media":0,"parent":4243,"menu_order":0,"comment_status":"closed","ping_status":"closed","template":"","meta":{"_joinchat":[],"footnotes":""},"class_list":["post-4386","page","type-page","status-publish","hentry"],"acf":[],"_links":{"self":[{"href":"https:\/\/medicaltravel.at\/tr\/wp-json\/wp\/v2\/pages\/4386","targetHints":{"allow":["GET"]}}],"collection":[{"href":"https:\/\/medicaltravel.at\/tr\/wp-json\/wp\/v2\/pages"}],"about":[{"href":"https:\/\/medicaltravel.at\/tr\/wp-json\/wp\/v2\/types\/page"}],"author":[{"embeddable":true,"href":"https:\/\/medicaltravel.at\/tr\/wp-json\/wp\/v2\/users\/4"}],"replies":[{"embeddable":true,"href":"https:\/\/medicaltravel.at\/tr\/wp-json\/wp\/v2\/comments?post=4386"}],"version-history":[{"count":2,"href":"https:\/\/medicaltravel.at\/tr\/wp-json\/wp\/v2\/pages\/4386\/revisions"}],"predecessor-version":[{"id":5851,"href":"https:\/\/medicaltravel.at\/tr\/wp-json\/wp\/v2\/pages\/4386\/revisions\/5851"}],"up":[{"embeddable":true,"href":"https:\/\/medicaltravel.at\/tr\/wp-json\/wp\/v2\/pages\/4243"}],"wp:attachment":[{"href":"https:\/\/medicaltravel.at\/tr\/wp-json\/wp\/v2\/media?parent=4386"}],"curies":[{"name":"wp","href":"https:\/\/api.w.org\/{rel}","templated":true}]}}