{"id":4384,"date":"2025-09-28T11:19:05","date_gmt":"2025-09-28T10:19:05","guid":{"rendered":"https:\/\/medicaltravel.at\/hasta-hikayeleri\/eski-hasta-raporlari\/benim-lasik-ameliyatimla-ilgili-deneyim-raporum-05-ocak-2008-cumartesi-tarihli-rapor\/"},"modified":"2026-01-13T18:10:02","modified_gmt":"2026-01-13T17:10:02","slug":"benim-lasik-ameliyatimla-ilgili-deneyim-raporum-05-ocak-2008-cumartesi-tarihli-rapor","status":"publish","type":"page","link":"https:\/\/medicaltravel.at\/tr\/hasta-hikayeleri\/eski-hasta-raporlari\/benim-lasik-ameliyatimla-ilgili-deneyim-raporum-05-ocak-2008-cumartesi-tarihli-rapor\/","title":{"rendered":"Benim LASIK ameliyat\u0131mla ilgili deneyim raporum \u2013 05 Ocak 2008 Cumartesi tarihli rapor"},"content":{"rendered":"\n<h3 class=\"wp-block-heading\">Benim LASIK ameliyat\u0131mla ilgili deneyim raporum \u2013 05 Ocak 2008 Cumartesi tarihli rapor<\/h3>\n\n\n\n<p>Say\u0131n Bay Karaa\u011fa\u00e7l\u0131-Leoni<\/p>\n\n\n\n<p>\u0130stanbul\u2019daki EyeSTAR Klini\u011fi\u2019nde her iki g\u00f6z\u00fcm i\u00e7in ba\u015far\u0131l\u0131 LASIK ameliyat\u0131ndan neredeyse 11 ay sonra size nihayet deneyim raporumu g\u00f6nderiyorum.<\/p>\n\n\n\n<p>\u00d6ncelikle size \u015funu iletmek istiyorum: Ameliyat sonucu ile son derece memnunum. Bir g\u00f6zdeki g\u00f6rme kusuru %100 d\u00fczeltildi, di\u011fer g\u00f6zde ise yakla\u015f\u0131k %99 d\u00fczeltildi. \u0130kinci g\u00f6zde tam %100 ba\u015far\u0131 elde edilememesi, o g\u00f6zdeki g\u00f6rme kusurunun do\u011fas\u0131ndan kaynaklan\u0131yordu. Ameliyat sonucu beklentilerimin \u00e7ok \u00fczerinde oldu ve bug\u00fcn uzak ya da yak\u0131na bakarken g\u00f6zl\u00fck kullanmadan m\u00fckemmel g\u00f6rebiliyorum.   <\/p>\n\n\n\n<p>Ameliyat sonras\u0131 iyile\u015fme s\u00fcreci, swisslasik ve EyeSTAR Klinik\u2019in a\u00e7\u0131klad\u0131\u011f\u0131 gibi oldu. Ameliyattan hemen sonra g\u00f6rme yetim belirgin \u015fekilde iyile\u015fti ve art\u0131k g\u00f6zl\u00fc\u011fe ihtiyac\u0131m kalmad\u0131. Sonras\u0131nda EyeSTAR Klinik\u2019in talimatlar\u0131na harfiyen uydum; g\u00f6zlerimi verilen ila\u00e7lar ve damlalarla korudum ve g\u00f6zlerimi m\u00fcmk\u00fcn oldu\u011funca az yordum (ovmamak, su de\u011fdirmemek, toza maruz b\u0131rakmamak vb.). \u0130svi\u00e7re\u2019ye d\u00f6nd\u00fc\u011f\u00fcmde, swisslasik\u2019in g\u00fcvenilir doktorunda \u00f6nerilen d\u00f6rt kontrollere d\u00fczenli olarak gittim ve hi\u00e7bir komplikasyon ya\u015fanmad\u0131. Bug\u00fcn h\u00e2l\u00e2 ara s\u0131ra kuru g\u00f6zler i\u00e7in damla kullanmam gerekiyor, ama bu sorun de\u011fil. \u00d6zetle, her \u015fey beklentilerimin \u00e7ok \u00fcst\u00fcnde ger\u00e7ekle\u015fti. Swisslasik\u2019e ve \u0130stanbul\u2019daki EyeSTAR Klinik ekibine \u00e7ok te\u015fekk\u00fcr ederim.      <\/p>\n\n\n\n<p>2007\u2019nin sonunda, gelecekte g\u00f6zl\u00fck kullanmamak i\u00e7in g\u00f6zlerimi lazer ameliyat\u0131na sokmay\u0131 d\u00fc\u015f\u00fcnd\u00fcm. \u00d6nce g\u00f6z doktoruma lazer ameliyat\u0131n\u0131n m\u00fcmk\u00fcn olup olmad\u0131\u011f\u0131n\u0131 sordum, ard\u0131ndan internetten lazer ameliyat\u0131 se\u00e7eneklerini ara\u015ft\u0131rd\u0131m. \u00c7e\u015fitli teklifleri ald\u0131ktan sonra, g\u00f6zlerimi \u0130stanbul\u2019daki EyeSTAR Klinik\u2019te Swisslasik arac\u0131l\u0131\u011f\u0131yla ameliyat ettirmeye karar verdim. Benim i\u00e7in belirleyici olanlar, Swisslasik\u2019in (www.swisslasik.ch) sundu\u011fu uzman bilgisi, referanslar, EyeSTAR Klinik\u2019in profesyonel izlenimi (www.lasikinistanbul.com), ameliyat ve seyahatin tek bir elden iyi organizasyonu (e\u015fimin e\u015flik etmesi dahil) ve son olarak fiyat oldu.    <\/p>\n\n\n\n<p>Swisslasik\u2019in talebiyle g\u00f6z doktorum taraf\u0131ndan yap\u0131lan \u00f6n muayene ve lazer ameliyat\u0131n\u0131n uygulanabilirli\u011finin onaylanmas\u0131ndan sonra, Swisslasik ile s\u00f6zle\u015fme imzaland\u0131. Bay Karaagacli-Leoni\u2019nin kusursuz organizasyonu sayesinde, ben ve e\u015fim bir Per\u015fembe sabah\u0131 Z\u00fcrih\u2019ten \u0130stanbul\u2019a yola \u00e7\u0131kt\u0131k. \u0130stanbul\u2019a \u00f6\u011fleden sonra vard\u0131\u011f\u0131m\u0131zda, havaliman\u0131nda Almanca konu\u015fan bir klinik g\u00f6revlisi taraf\u0131ndan kar\u015f\u0131land\u0131k ve do\u011frudan EyeStar Klinik\u2019e g\u00f6t\u00fcr\u00fcld\u00fck. Yol boyunca \u0130stanbul hakk\u0131nda ilk ilgin\u00e7 izlenimlerimizi edinmi\u015f olduk. EyeStar Klinik\u2019e vard\u0131\u011f\u0131m\u0131zda, oradaki ekip bizi \u00e7ok s\u0131cak kar\u015f\u0131lad\u0131 ve g\u00fczel bir \u00e7ay ikram edildi. Klinik, hastalarla en iyi \u015fekilde ileti\u015fim kurmay\u0131 \u00e7ok \u00f6nemseyen bir yerdi; bizim durumumuzda bir \u00e7al\u0131\u015fan hatta \u0130svi\u00e7re Almancas\u0131 konu\u015fabiliyordu, tebrikler. Kay\u0131t i\u015flemlerinden sonra, bize s\u00fcrecin geri kalan\u0131 ayr\u0131nt\u0131l\u0131 \u015fekilde a\u00e7\u0131kland\u0131. \u00d6n muayenelerin olumlu ge\u00e7mesinin ard\u0131ndan, ameliyat i\u00e7in operasyon alan\u0131nda haz\u0131rl\u0131k yap\u0131ld\u0131 ve s\u00fcrecin ilerleyi\u015fi hakk\u0131nda s\u00fcrekli bilgilendirildim. Haz\u0131r olduktan sonra, aseptik operasyon odas\u0131na ge\u00e7i\u015f yapt\u0131m ve ameliyat, Dr. Cezmi KAHVECIOGLU y\u00f6netimindeki operasyon ekibi taraf\u0131ndan profesyonel ve a\u011fr\u0131s\u0131z bir \u015fekilde ger\u00e7ekle\u015ftirildi. E\u015fim, operasyonu bir pencereden ve ekran arac\u0131l\u0131\u011f\u0131yla takip edebildi. Ameliyat\u0131n tamamlanmas\u0131n\u0131n ard\u0131ndan, hemen ilk kontroller yap\u0131ld\u0131 ve olumlu bir sonu\u00e7 do\u011fruland\u0131.            <\/p>\n\n\n\n<p>Tam bilgilendirilmi\u015f ve gerekli ila\u00e7larla donat\u0131lm\u0131\u015f olarak, saat 19:00\u2019da yak\u0131nlardaki otele g\u00f6t\u00fcr\u00fcld\u00fck. \u0130yi bir uyku ve g\u00fczel bir kahvalt\u0131n\u0131n ard\u0131ndan, ertesi sabah saat 09:30\u2019da ilk kontrol muayenesi yap\u0131ld\u0131. Muayene, ameliyat\u0131n ba\u015far\u0131l\u0131 ge\u00e7ti\u011fini do\u011frulad\u0131. Olas\u0131 komplikasyonlarda derhal geri d\u00f6nmemiz gerekti\u011fi uyar\u0131s\u0131yla taburcu edildik ve ilgin\u00e7 \u0130stanbul\u2019u hem y\u00fcr\u00fcyerek hem de tramvayla ke\u015ffetme f\u0131rsat\u0131 bulduk. \u0130stanbul\u2019da ge\u00e7irdi\u011fimiz bir di\u011fer g\u00fcn\u00fcn ard\u0131ndan, Pazar sabah\u0131 mutlu ve memnun bir \u015fekilde \u0130svi\u00e7re\u2019ye geri u\u00e7tuk.    <\/p>\n\n\n\n<p>\u0130stanbul\u2019daki EyeStar Klini\u011fi\u2019nden edindi\u011fimiz izlenim son derece profesyonel ve yetkin oldu; tesisler, de\u011ferlendirilebildi\u011fi kadar\u0131yla en son teknolojiye sahipti ve temizlik ile hijyen bir g\u00f6z klini\u011fi standartlar\u0131na uygundu. T\u00fcm doktorlar ve personel son derece yetkin, nazik ve yard\u0131mseverdi; ekibe tam g\u00fcvenimiz vard\u0131. EyeStar Klini\u011fi\u2019ni g\u00f6n\u00fcl rahatl\u0131\u011f\u0131yla tavsiye edebiliriz.  <\/p>\n\n\n\n<p>Bu vesileyle, EyeStar Klini\u011fi\u2019nin t\u00fcm ekibine bir kez daha i\u00e7ten te\u015fekk\u00fcrlerimizi sunmak istiyoruz; g\u00f6sterdikleri \u00e7ok iyi, son derece samimi ve olduk\u00e7a yard\u0131mc\u0131 olan ilgi ve hizmet i\u00e7in minnettar\u0131z.<\/p>\n\n\n\n<p>\u00c7ok Te\u015fekk\u00fcr Ederim.<\/p>\n\n\n\n<p>Geovanna ve Hanspeter Gsell-Arenas<\/p>\n\n\n\n<div class=\"wp-block-group is-layout-grid wp-container-core-group-is-layout-baef362d wp-block-group-is-layout-grid\">\n<p><a href=\"https:\/\/medicaltravel.at\/home\/agb\/\" data-type=\"page\" data-id=\"2191\"><\/a><a href=\"https:\/\/medicaltravel.at\/tr\/hasta-hikayeleri\/eski-hasta-raporlari\/bizim-lasik-deneyimimiz-istanbulda-06-mart-2008-persembe-tarihli-rapor\/\" data-type=\"link\" data-id=\"https:\/\/medicaltravel.at\/tr\/hasta-hikayeleri\/eski-hasta-raporlari\/bizim-lasik-deneyimimiz-istanbulda-06-mart-2008-persembe-tarihli-rapor\/\">\u00d6nceki Rapor<\/a><\/p>\n\n\n\n<p class=\"has-text-align-right wp-container-content-5e2576f9\"><a href=\"https:\/\/medicaltravel.at\/home\/impressum\/\" data-type=\"page\" data-id=\"2193\"><\/a><a href=\"https:\/\/medicaltravel.at\/home\/berichte-von-patienten\/erfahrungsberichte\/erfahrungsbericht-zahnbehandlung-in-istanbul\/\" data-type=\"page\" data-id=\"981\"><\/a><a href=\"https:\/\/medicaltravel.at\/tr\/hasta-hikayeleri\/eski-hasta-raporlari\/benim-aralik-ayinda-tuerkiyedeki-lasik-ameliyatim-04-ocak-2008-cuma-tarihli-rapor\/\" data-type=\"link\" data-id=\"https:\/\/medicaltravel.at\/tr\/hasta-hikayeleri\/eski-hasta-raporlari\/benim-aralik-ayinda-tuerkiyedeki-lasik-ameliyatim-04-ocak-2008-cuma-tarihli-rapor\/\">Sonraki Rapor<\/a><\/p>\n<\/div>\n","protected":false},"excerpt":{"rendered":"<p>Benim LASIK ameliyat\u0131mla ilgili deneyim raporum \u2013 05 Ocak 2008 Cumartesi tarihli rapor Say\u0131n Bay Karaa\u011fa\u00e7l\u0131-Leoni \u0130stanbul\u2019daki EyeSTAR Klini\u011fi\u2019nde her iki g\u00f6z\u00fcm i\u00e7in ba\u015far\u0131l\u0131 LASIK ameliyat\u0131ndan neredeyse 11 ay sonra size nihayet deneyim raporumu g\u00f6nderiyorum. \u00d6ncelikle size \u015funu iletmek istiyorum: Ameliyat sonucu ile son derece memnunum. Bir g\u00f6zdeki g\u00f6rme kusuru %100 d\u00fczeltildi, di\u011fer g\u00f6zde ise yakla\u015f\u0131k %99 d\u00fczeltildi. \u0130kinci g\u00f6zde tam %100 ba\u015far\u0131 elde edilememesi, o g\u00f6zdeki g\u00f6rme kusurunun do\u011fas\u0131ndan kaynaklan\u0131yordu. Ameliyat sonucu beklentilerimin \u00e7ok \u00fczerinde oldu ve bug\u00fcn uzak ya da yak\u0131na bakarken g\u00f6zl\u00fck kullanmadan m\u00fckemmel g\u00f6rebiliyorum. Ameliyat sonras\u0131 iyile\u015fme s\u00fcreci, swisslasik ve EyeSTAR Klinik\u2019in a\u00e7\u0131klad\u0131\u011f\u0131 gibi oldu. Ameliyattan hemen sonra g\u00f6rme yetim belirgin \u015fekilde iyile\u015fti ve art\u0131k g\u00f6zl\u00fc\u011fe ihtiyac\u0131m kalmad\u0131. Sonras\u0131nda EyeSTAR Klinik\u2019in talimatlar\u0131na harfiyen uydum; g\u00f6zlerimi verilen ila\u00e7lar ve damlalarla korudum ve g\u00f6zlerimi m\u00fcmk\u00fcn oldu\u011funca az yordum (ovmamak, su de\u011fdirmemek, toza maruz b\u0131rakmamak vb.). \u0130svi\u00e7re\u2019ye d\u00f6nd\u00fc\u011f\u00fcmde, swisslasik\u2019in g\u00fcvenilir doktorunda \u00f6nerilen d\u00f6rt kontrollere d\u00fczenli olarak gittim ve hi\u00e7bir komplikasyon ya\u015fanmad\u0131. Bug\u00fcn h\u00e2l\u00e2 ara s\u0131ra kuru g\u00f6zler i\u00e7in damla kullanmam gerekiyor, ama bu sorun de\u011fil. \u00d6zetle, her \u015fey beklentilerimin \u00e7ok \u00fcst\u00fcnde ger\u00e7ekle\u015fti. Swisslasik\u2019e ve \u0130stanbul\u2019daki EyeSTAR Klinik ekibine \u00e7ok te\u015fekk\u00fcr ederim. 2007\u2019nin sonunda, gelecekte g\u00f6zl\u00fck kullanmamak i\u00e7in g\u00f6zlerimi lazer ameliyat\u0131na sokmay\u0131 d\u00fc\u015f\u00fcnd\u00fcm. \u00d6nce g\u00f6z doktoruma lazer ameliyat\u0131n\u0131n m\u00fcmk\u00fcn olup olmad\u0131\u011f\u0131n\u0131 sordum, ard\u0131ndan internetten lazer ameliyat\u0131 se\u00e7eneklerini ara\u015ft\u0131rd\u0131m. \u00c7e\u015fitli teklifleri ald\u0131ktan sonra, g\u00f6zlerimi \u0130stanbul\u2019daki EyeSTAR Klinik\u2019te Swisslasik arac\u0131l\u0131\u011f\u0131yla ameliyat ettirmeye karar verdim. Benim i\u00e7in belirleyici olanlar, Swisslasik\u2019in (www.swisslasik.ch) sundu\u011fu uzman bilgisi, referanslar, EyeSTAR Klinik\u2019in profesyonel izlenimi (www.lasikinistanbul.com), ameliyat ve seyahatin tek bir elden iyi organizasyonu (e\u015fimin e\u015flik etmesi dahil) ve son olarak fiyat oldu. Swisslasik\u2019in talebiyle g\u00f6z doktorum taraf\u0131ndan yap\u0131lan \u00f6n muayene ve lazer ameliyat\u0131n\u0131n uygulanabilirli\u011finin onaylanmas\u0131ndan sonra, Swisslasik ile s\u00f6zle\u015fme imzaland\u0131. Bay Karaagacli-Leoni\u2019nin kusursuz organizasyonu sayesinde, ben ve e\u015fim bir Per\u015fembe sabah\u0131 Z\u00fcrih\u2019ten \u0130stanbul\u2019a yola \u00e7\u0131kt\u0131k. \u0130stanbul\u2019a \u00f6\u011fleden sonra vard\u0131\u011f\u0131m\u0131zda, havaliman\u0131nda Almanca konu\u015fan bir klinik g\u00f6revlisi taraf\u0131ndan kar\u015f\u0131land\u0131k ve do\u011frudan EyeStar Klinik\u2019e g\u00f6t\u00fcr\u00fcld\u00fck. Yol boyunca \u0130stanbul hakk\u0131nda ilk ilgin\u00e7 izlenimlerimizi edinmi\u015f olduk. EyeStar Klinik\u2019e vard\u0131\u011f\u0131m\u0131zda, oradaki ekip bizi \u00e7ok s\u0131cak kar\u015f\u0131lad\u0131 ve g\u00fczel bir \u00e7ay ikram edildi. Klinik, hastalarla en iyi \u015fekilde ileti\u015fim kurmay\u0131 \u00e7ok \u00f6nemseyen bir yerdi; bizim durumumuzda bir \u00e7al\u0131\u015fan hatta \u0130svi\u00e7re Almancas\u0131 konu\u015fabiliyordu, tebrikler. Kay\u0131t i\u015flemlerinden sonra, bize s\u00fcrecin geri kalan\u0131 ayr\u0131nt\u0131l\u0131 \u015fekilde a\u00e7\u0131kland\u0131. \u00d6n muayenelerin olumlu ge\u00e7mesinin ard\u0131ndan, ameliyat i\u00e7in operasyon alan\u0131nda haz\u0131rl\u0131k yap\u0131ld\u0131 ve s\u00fcrecin ilerleyi\u015fi hakk\u0131nda s\u00fcrekli bilgilendirildim. Haz\u0131r olduktan sonra, aseptik operasyon odas\u0131na ge\u00e7i\u015f yapt\u0131m ve ameliyat, Dr. Cezmi KAHVECIOGLU y\u00f6netimindeki operasyon ekibi taraf\u0131ndan profesyonel ve a\u011fr\u0131s\u0131z bir \u015fekilde ger\u00e7ekle\u015ftirildi. E\u015fim, operasyonu bir pencereden ve ekran arac\u0131l\u0131\u011f\u0131yla takip edebildi. Ameliyat\u0131n tamamlanmas\u0131n\u0131n ard\u0131ndan, hemen ilk kontroller yap\u0131ld\u0131 ve olumlu bir sonu\u00e7 do\u011fruland\u0131. Tam bilgilendirilmi\u015f ve gerekli ila\u00e7larla donat\u0131lm\u0131\u015f olarak, saat 19:00\u2019da yak\u0131nlardaki otele g\u00f6t\u00fcr\u00fcld\u00fck. \u0130yi bir uyku ve g\u00fczel bir kahvalt\u0131n\u0131n ard\u0131ndan, ertesi sabah saat 09:30\u2019da ilk kontrol muayenesi yap\u0131ld\u0131. Muayene, ameliyat\u0131n ba\u015far\u0131l\u0131 ge\u00e7ti\u011fini do\u011frulad\u0131. Olas\u0131 komplikasyonlarda derhal geri d\u00f6nmemiz gerekti\u011fi uyar\u0131s\u0131yla taburcu edildik ve ilgin\u00e7 \u0130stanbul\u2019u hem y\u00fcr\u00fcyerek hem de tramvayla ke\u015ffetme f\u0131rsat\u0131 bulduk. \u0130stanbul\u2019da ge\u00e7irdi\u011fimiz bir di\u011fer g\u00fcn\u00fcn ard\u0131ndan, Pazar sabah\u0131 mutlu ve memnun bir \u015fekilde \u0130svi\u00e7re\u2019ye geri u\u00e7tuk. \u0130stanbul\u2019daki EyeStar Klini\u011fi\u2019nden edindi\u011fimiz izlenim son derece profesyonel ve yetkin oldu; tesisler, de\u011ferlendirilebildi\u011fi kadar\u0131yla en son teknolojiye sahipti ve temizlik ile hijyen bir g\u00f6z klini\u011fi standartlar\u0131na uygundu. T\u00fcm doktorlar ve personel son derece yetkin, nazik ve yard\u0131mseverdi; ekibe tam g\u00fcvenimiz vard\u0131. EyeStar Klini\u011fi\u2019ni g\u00f6n\u00fcl rahatl\u0131\u011f\u0131yla tavsiye edebiliriz. Bu vesileyle, EyeStar Klini\u011fi\u2019nin t\u00fcm ekibine bir kez daha i\u00e7ten te\u015fekk\u00fcrlerimizi sunmak istiyoruz; g\u00f6sterdikleri \u00e7ok iyi, son derece samimi ve olduk\u00e7a yard\u0131mc\u0131 olan ilgi ve hizmet i\u00e7in minnettar\u0131z. \u00c7ok Te\u015fekk\u00fcr Ederim. Geovanna ve Hanspeter Gsell-Arenas \u00d6nceki Rapor Sonraki Rapor<\/p>\n","protected":false},"author":4,"featured_media":0,"parent":4243,"menu_order":0,"comment_status":"closed","ping_status":"closed","template":"","meta":{"_joinchat":[],"footnotes":""},"class_list":["post-4384","page","type-page","status-publish","hentry"],"acf":[],"_links":{"self":[{"href":"https:\/\/medicaltravel.at\/tr\/wp-json\/wp\/v2\/pages\/4384","targetHints":{"allow":["GET"]}}],"collection":[{"href":"https:\/\/medicaltravel.at\/tr\/wp-json\/wp\/v2\/pages"}],"about":[{"href":"https:\/\/medicaltravel.at\/tr\/wp-json\/wp\/v2\/types\/page"}],"author":[{"embeddable":true,"href":"https:\/\/medicaltravel.at\/tr\/wp-json\/wp\/v2\/users\/4"}],"replies":[{"embeddable":true,"href":"https:\/\/medicaltravel.at\/tr\/wp-json\/wp\/v2\/comments?post=4384"}],"version-history":[{"count":2,"href":"https:\/\/medicaltravel.at\/tr\/wp-json\/wp\/v2\/pages\/4384\/revisions"}],"predecessor-version":[{"id":5862,"href":"https:\/\/medicaltravel.at\/tr\/wp-json\/wp\/v2\/pages\/4384\/revisions\/5862"}],"up":[{"embeddable":true,"href":"https:\/\/medicaltravel.at\/tr\/wp-json\/wp\/v2\/pages\/4243"}],"wp:attachment":[{"href":"https:\/\/medicaltravel.at\/tr\/wp-json\/wp\/v2\/media?parent=4384"}],"curies":[{"name":"wp","href":"https:\/\/api.w.org\/{rel}","templated":true}]}}