{"id":4380,"date":"2025-09-28T11:12:23","date_gmt":"2025-09-28T10:12:23","guid":{"rendered":"https:\/\/medicaltravel.at\/hasta-hikayeleri\/eski-hasta-raporlari\/ameliyatimin-deneyim-raporu-istanbulda-04-temmuz-2008-cuma-tarihli-rapor\/"},"modified":"2026-01-13T17:56:05","modified_gmt":"2026-01-13T16:56:05","slug":"ameliyatimin-deneyim-raporu-istanbulda-04-temmuz-2008-cuma-tarihli-rapor","status":"publish","type":"page","link":"https:\/\/medicaltravel.at\/tr\/hasta-hikayeleri\/eski-hasta-raporlari\/ameliyatimin-deneyim-raporu-istanbulda-04-temmuz-2008-cuma-tarihli-rapor\/","title":{"rendered":"Ameliyat\u0131m\u0131n Deneyim Raporu Istanbul\u2019da \u2013 04 Temmuz 2008 Cuma tarihli rapor"},"content":{"rendered":"\n<h3 class=\"wp-block-heading\">Ameliyat\u0131m\u0131n Deneyim Raporu Istanbul\u2019da \u2013 04 Temmuz 2008 Cuma tarihli rapor<\/h3>\n\n\n\n<p>Her \u015fey 24 y\u0131l \u00f6nce ba\u015flad\u0131. \u0130lk g\u00f6zl\u00fc\u011f\u00fcm\u00fc almak zorunda kald\u0131m ve g\u00f6z numaram her y\u0131l biraz daha bozuldu, ta ki iki g\u00f6z\u00fcm de -7.00 diyoptriye gelene kadar. Ondan sonra art\u0131k ilerlemedi. \u0130lk \u00e7\u0131rakl\u0131k maa\u015f\u0131mla ilk kontakt lenslerimi ald\u0131m. Ama bir s\u00fcre sonra maalesef lensleri tolere edemez oldum ve tekrar g\u00f6zl\u00fc\u011fe d\u00f6nmek zorunda kald\u0131m.<br><br>Y\u0131llar sonra bir ara g\u00f6zlerimi lazer yapt\u0131rma fikri akl\u0131ma gelmi\u015fti ama benim i\u00e7in \u00e7ok pahal\u0131yd\u0131. Yakla\u015f\u0131k 2 y\u0131l \u00f6nce karde\u015fim, i\u015f arkada\u015flar\u0131ndan birka\u00e7\u0131n\u0131n \u0130stanbul\u2019da lazer operasyonu yapt\u0131rd\u0131\u011f\u0131n\u0131 ve \u00e7ok memnun kald\u0131klar\u0131n\u0131 anlatt\u0131. K\u0131sa bir s\u00fcre sonra \u201cPuls\u201d program\u0131nda da bununla ilgili bir haber \u00e7\u0131kt\u0131, onu da b\u00fcy\u00fck bir ilgiyle izledim. Tesad\u00fcf bu ya, ge\u00e7en y\u0131l bir i\u015f arkada\u015f\u0131m da \u0130stanbul\u2019a gidip g\u00f6zlerini lazer yapt\u0131rd\u0131. Onun anlatt\u0131klar\u0131ndan sonra, benim de \u0130stanbul\u2019a gidece\u011fim kesinle\u015fti.         <\/p>\n\n\n\n<p>Z\u00fcrih\u2019te yap\u0131lan \u00f6n muayenede operasyon i\u00e7in onay\u0131 ald\u0131ktan sonra, 25 May\u0131s 2008 g\u00fcn\u00fc geldi \u00e7att\u0131 ve \u0130stanbul\u2019a u\u00e7tum. Havaalan\u0131nda Birol taraf\u0131ndan \u00e7ok s\u0131cak bir \u015fekilde ve Almanca kar\u015f\u0131land\u0131m, ard\u0131ndan otele g\u00f6t\u00fcr\u00fcld\u00fcm. Ertesi sabah saat 11 civar\u0131nda Fred beni otelden ald\u0131 ve direkt klini\u011fe gittik. Orada da \u00e7ok samimi bir \u015fekilde kar\u015f\u0131land\u0131m ve her \u015fey bana Almanca olarak anlat\u0131ld\u0131. \u00d6n muayene olduk\u00e7a h\u0131zl\u0131 yap\u0131ld\u0131 ve saat 13.00\u2019te operasyon i\u00e7in hi\u00e7bir engel olmad\u0131\u011f\u0131 s\u00f6ylendi. Bana biraz yemek yemem gerekti\u011fi ve operasyonun saat 16.00\u2019da yap\u0131laca\u011f\u0131 bildirildi.<br><br>G\u00f6z bebeklerimi b\u00fcy\u00fcten damlalardan dolay\u0131 g\u00f6zlerim h\u00e2l\u00e2 \u00e7ok \u0131\u015f\u0131\u011fa duyarl\u0131 oldu\u011fu i\u00e7in \u00f6nce otele d\u00f6n\u00fcp biraz uzanmaya karar verdim. Bir s\u00fcre sonra d\u0131\u015far\u0131 \u00e7\u0131k\u0131p bir \u015feyler yedim ve ard\u0131ndan direkt Eyestar Klini\u011fi\u2019ne gittim. \u0130\u015fte o zaman ger\u00e7ekten heyecanlanmaya ba\u015flad\u0131m. Eyestar klini\u011finden bir \u00e7al\u0131\u015fan\u0131n bana sakinle\u015ftirici bir hap getirmesine \u00e7ok sevindim.<br><br>K\u0131sa bir s\u00fcre sonra bir kat yukar\u0131 \u00e7\u0131kt\u0131k. O s\u0131rada fark ettim ki \u0131\u015f\u0131klar yoktu, yani elektrik kesintisi vard\u0131. Ama \u00e7al\u0131\u015fan beni rahatlatt\u0131 ve ameliyathanede b\u00f6yle riskler i\u00e7in jenerat\u00f6r bulundu\u011funu s\u00f6yledi. Yukar\u0131 \u00e7\u0131kt\u0131\u011f\u0131m\u0131zda bone ve bir \u00f6nl\u00fck giymem gerekti. Ard\u0131ndan bir masaj koltu\u011funa oturdum, bu s\u0131rada g\u00f6revli y\u00fcz\u00fcm\u00fc dezenfektanla temizledi.<br>Sonra operasyon ba\u015flad\u0131. G\u00f6zl\u00fcks\u00fcz \u015fekilde lazer cihaz\u0131n\u0131n oldu\u011fu yere g\u00f6t\u00fcr\u00fcld\u00fcm ve uzand\u0131m. G\u00f6revli, doktorun yapt\u0131\u011f\u0131 her ad\u0131m\u0131 bana Almanca olarak anlatt\u0131. A\u00e7\u0131k\u00e7as\u0131 operasyondan \u00e7ok fazla bir \u015fey hissetmedim. Sadece g\u00f6z\u00fcn y\u0131kanmas\u0131 ve kurulanmas\u0131 biraz rahats\u0131z ediciydi. Onun d\u0131\u015f\u0131nda kesinlikle a\u011fr\u0131 yoktu. Operasyon \u00e7ok h\u0131zl\u0131 bitti ve sedyeden kalkt\u0131\u011f\u0131mda her \u015feyi \u015fimdiden \u00e7ok net g\u00f6rebildi\u011fime \u015fa\u015f\u0131rd\u0131m.<br><br>Daha sonra b\u00fcy\u00fck bir dinlenme koltu\u011funa al\u0131nd\u0131m. Karanl\u0131kta biraz m\u00fczik dinleyip rahatlayabildim. K\u0131sa bir s\u00fcre sonra a\u015fa\u011f\u0131 kata indirildim. G\u00f6zlerim \u00e7ok \u0131\u015f\u0131\u011fa hassas oldu\u011fu i\u00e7in hemen g\u00fcne\u015f g\u00f6zl\u00fc\u011f\u00fcm\u00fc takt\u0131m. Ard\u0131ndan bir kontrol daha yap\u0131ld\u0131 ve her \u015fey yolundayd\u0131. Bunun \u00fczerine direkt otel odas\u0131na gidip uyudum. G\u00f6zlerim biraz suland\u0131 ama onun d\u0131\u015f\u0131nda hi\u00e7bir a\u011fr\u0131m yoktu.<br><br>Ertesi sabah uyand\u0131\u011f\u0131mda her \u015feyi bu kadar net ve a\u00e7\u0131k g\u00f6rebildi\u011fim i\u00e7in inan\u0131lmaz mutluydum. Tekrar klini\u011fe gidip kontrol oldum. Doktor g\u00f6zlerimden \u00e7ok memnundu. O an de\u011ferlerim hatta art\u0131 taraftayd\u0131 ama bunun zamanla de\u011fi\u015fece\u011fini ve en sonunda yakla\u015f\u0131k -0.50 diyoptriye oturaca\u011f\u0131n\u0131 s\u00f6yledi. Yani art\u0131k g\u00f6zl\u00fc\u011fe ihtiyac\u0131m olmayacak! \ud83d\ude42<br>Sonras\u0131nda Birol beni al\u0131p havaalan\u0131na g\u00f6t\u00fcrd\u00fc.                                   <\/p>\n\n\n\n<p>Operasyonumun \u00fczerinden \u015fu an 9 g\u00fcn ge\u00e7ti ve h\u00e2l\u00e2 \u00e7ok iyiyim. G\u00f6zl\u00fck ya da kontakt lens olmadan yeni hayat\u0131m\u0131n tad\u0131n\u0131 \u00e7\u0131kar\u0131yorum. \u0130stanbul\u2019daki bu operasyonu herkese g\u00f6n\u00fcl rahatl\u0131\u011f\u0131yla tavsiye edebilirim. \u0130stanbul\u2019dan ya da T\u00fcrkiye\u2019den kesinlikle korkman\u0131za gerek yok. swisslasik.ch ve Eyestar Klini\u011fi\u2019nin ilgisi ve bak\u0131m\u0131 ger\u00e7ekten m\u00fckemmel!    <\/p>\n\n\n\n<p>\u0130stanbul\u2019daki t\u00fcm ekibe ve Swisslasik.ch\u2019den Bay Serdar Karaa\u011fa\u00e7l\u0131-Leoni\u2019ye \u00e7ok te\u015fekk\u00fcr ederim.<\/p>\n\n\n\n<p>Daniela M\u00e4chler-Broger<\/p>\n\n\n\n<div class=\"wp-block-group is-layout-grid wp-container-core-group-is-layout-baef362d wp-block-group-is-layout-grid\">\n<p><a href=\"https:\/\/medicaltravel.at\/home\/agb\/\" data-type=\"page\" data-id=\"2191\"><\/a><a href=\"https:\/\/medicaltravel.at\/tr\/hasta-hikayeleri\/eski-hasta-raporlari\/goez-lazeri-paket-duezenlemesi-09-agustos-2008-cumartesi-tarihli-rapor\/\" data-type=\"link\" data-id=\"https:\/\/medicaltravel.at\/berichte-von-patienten\/altere-patientenberichte\/das-augenlaser-pauschalarrangement-bericht-vom-samstag-09-august-2008\/\">\u00d6nceki Rapor<\/a><\/p>\n\n\n\n<p class=\"has-text-align-right wp-container-content-5e2576f9\"><a href=\"https:\/\/medicaltravel.at\/home\/impressum\/\" data-type=\"page\" data-id=\"2193\"><\/a><a href=\"https:\/\/medicaltravel.at\/home\/berichte-von-patienten\/erfahrungsberichte\/erfahrungsbericht-zahnbehandlung-in-istanbul\/\" data-type=\"page\" data-id=\"981\"><\/a><a href=\"https:\/\/medicaltravel.at\/tr\/hasta-hikayeleri\/eski-hasta-raporlari\/benim-lasik-istanbul-deneyim-raporum-28-mayis-2008-carsamba-tarihli-rapor\/\" data-type=\"link\" data-id=\"https:\/\/medicaltravel.at\/tr\/hasta-hikayeleri\/eski-hasta-raporlari\/benim-lasik-istanbul-deneyim-raporum-28-mayis-2008-carsamba-tarihli-rapor\/\">Sonraki Rapor<\/a><\/p>\n<\/div>\n","protected":false},"excerpt":{"rendered":"<p>Ameliyat\u0131m\u0131n Deneyim Raporu Istanbul\u2019da \u2013 04 Temmuz 2008 Cuma tarihli rapor Her \u015fey 24 y\u0131l \u00f6nce ba\u015flad\u0131. \u0130lk g\u00f6zl\u00fc\u011f\u00fcm\u00fc almak zorunda kald\u0131m ve g\u00f6z numaram her y\u0131l biraz daha bozuldu, ta ki iki g\u00f6z\u00fcm de -7.00 diyoptriye gelene kadar. Ondan sonra art\u0131k ilerlemedi. \u0130lk \u00e7\u0131rakl\u0131k maa\u015f\u0131mla ilk kontakt lenslerimi ald\u0131m. Ama bir s\u00fcre sonra maalesef lensleri tolere edemez oldum ve tekrar g\u00f6zl\u00fc\u011fe d\u00f6nmek zorunda kald\u0131m. Y\u0131llar sonra bir ara g\u00f6zlerimi lazer yapt\u0131rma fikri akl\u0131ma gelmi\u015fti ama benim i\u00e7in \u00e7ok pahal\u0131yd\u0131. Yakla\u015f\u0131k 2 y\u0131l \u00f6nce karde\u015fim, i\u015f arkada\u015flar\u0131ndan birka\u00e7\u0131n\u0131n \u0130stanbul\u2019da lazer operasyonu yapt\u0131rd\u0131\u011f\u0131n\u0131 ve \u00e7ok memnun kald\u0131klar\u0131n\u0131 anlatt\u0131. K\u0131sa bir s\u00fcre sonra \u201cPuls\u201d program\u0131nda da bununla ilgili bir haber \u00e7\u0131kt\u0131, onu da b\u00fcy\u00fck bir ilgiyle izledim. Tesad\u00fcf bu ya, ge\u00e7en y\u0131l bir i\u015f arkada\u015f\u0131m da \u0130stanbul\u2019a gidip g\u00f6zlerini lazer yapt\u0131rd\u0131. Onun anlatt\u0131klar\u0131ndan sonra, benim de \u0130stanbul\u2019a gidece\u011fim kesinle\u015fti. Z\u00fcrih\u2019te yap\u0131lan \u00f6n muayenede operasyon i\u00e7in onay\u0131 ald\u0131ktan sonra, 25 May\u0131s 2008 g\u00fcn\u00fc geldi \u00e7att\u0131 ve \u0130stanbul\u2019a u\u00e7tum. Havaalan\u0131nda Birol taraf\u0131ndan \u00e7ok s\u0131cak bir \u015fekilde ve Almanca kar\u015f\u0131land\u0131m, ard\u0131ndan otele g\u00f6t\u00fcr\u00fcld\u00fcm. Ertesi sabah saat 11 civar\u0131nda Fred beni otelden ald\u0131 ve direkt klini\u011fe gittik. Orada da \u00e7ok samimi bir \u015fekilde kar\u015f\u0131land\u0131m ve her \u015fey bana Almanca olarak anlat\u0131ld\u0131. \u00d6n muayene olduk\u00e7a h\u0131zl\u0131 yap\u0131ld\u0131 ve saat 13.00\u2019te operasyon i\u00e7in hi\u00e7bir engel olmad\u0131\u011f\u0131 s\u00f6ylendi. Bana biraz yemek yemem gerekti\u011fi ve operasyonun saat 16.00\u2019da yap\u0131laca\u011f\u0131 bildirildi. G\u00f6z bebeklerimi b\u00fcy\u00fcten damlalardan dolay\u0131 g\u00f6zlerim h\u00e2l\u00e2 \u00e7ok \u0131\u015f\u0131\u011fa duyarl\u0131 oldu\u011fu i\u00e7in \u00f6nce otele d\u00f6n\u00fcp biraz uzanmaya karar verdim. Bir s\u00fcre sonra d\u0131\u015far\u0131 \u00e7\u0131k\u0131p bir \u015feyler yedim ve ard\u0131ndan direkt Eyestar Klini\u011fi\u2019ne gittim. \u0130\u015fte o zaman ger\u00e7ekten heyecanlanmaya ba\u015flad\u0131m. Eyestar klini\u011finden bir \u00e7al\u0131\u015fan\u0131n bana sakinle\u015ftirici bir hap getirmesine \u00e7ok sevindim. K\u0131sa bir s\u00fcre sonra bir kat yukar\u0131 \u00e7\u0131kt\u0131k. O s\u0131rada fark ettim ki \u0131\u015f\u0131klar yoktu, yani elektrik kesintisi vard\u0131. Ama \u00e7al\u0131\u015fan beni rahatlatt\u0131 ve ameliyathanede b\u00f6yle riskler i\u00e7in jenerat\u00f6r bulundu\u011funu s\u00f6yledi. Yukar\u0131 \u00e7\u0131kt\u0131\u011f\u0131m\u0131zda bone ve bir \u00f6nl\u00fck giymem gerekti. Ard\u0131ndan bir masaj koltu\u011funa oturdum, bu s\u0131rada g\u00f6revli y\u00fcz\u00fcm\u00fc dezenfektanla temizledi.Sonra operasyon ba\u015flad\u0131. G\u00f6zl\u00fcks\u00fcz \u015fekilde lazer cihaz\u0131n\u0131n oldu\u011fu yere g\u00f6t\u00fcr\u00fcld\u00fcm ve uzand\u0131m. G\u00f6revli, doktorun yapt\u0131\u011f\u0131 her ad\u0131m\u0131 bana Almanca olarak anlatt\u0131. A\u00e7\u0131k\u00e7as\u0131 operasyondan \u00e7ok fazla bir \u015fey hissetmedim. Sadece g\u00f6z\u00fcn y\u0131kanmas\u0131 ve kurulanmas\u0131 biraz rahats\u0131z ediciydi. Onun d\u0131\u015f\u0131nda kesinlikle a\u011fr\u0131 yoktu. Operasyon \u00e7ok h\u0131zl\u0131 bitti ve sedyeden kalkt\u0131\u011f\u0131mda her \u015feyi \u015fimdiden \u00e7ok net g\u00f6rebildi\u011fime \u015fa\u015f\u0131rd\u0131m. Daha sonra b\u00fcy\u00fck bir dinlenme koltu\u011funa al\u0131nd\u0131m. Karanl\u0131kta biraz m\u00fczik dinleyip rahatlayabildim. K\u0131sa bir s\u00fcre sonra a\u015fa\u011f\u0131 kata indirildim. G\u00f6zlerim \u00e7ok \u0131\u015f\u0131\u011fa hassas oldu\u011fu i\u00e7in hemen g\u00fcne\u015f g\u00f6zl\u00fc\u011f\u00fcm\u00fc takt\u0131m. Ard\u0131ndan bir kontrol daha yap\u0131ld\u0131 ve her \u015fey yolundayd\u0131. Bunun \u00fczerine direkt otel odas\u0131na gidip uyudum. G\u00f6zlerim biraz suland\u0131 ama onun d\u0131\u015f\u0131nda hi\u00e7bir a\u011fr\u0131m yoktu. Ertesi sabah uyand\u0131\u011f\u0131mda her \u015feyi bu kadar net ve a\u00e7\u0131k g\u00f6rebildi\u011fim i\u00e7in inan\u0131lmaz mutluydum. Tekrar klini\u011fe gidip kontrol oldum. Doktor g\u00f6zlerimden \u00e7ok memnundu. O an de\u011ferlerim hatta art\u0131 taraftayd\u0131 ama bunun zamanla de\u011fi\u015fece\u011fini ve en sonunda yakla\u015f\u0131k -0.50 diyoptriye oturaca\u011f\u0131n\u0131 s\u00f6yledi. Yani art\u0131k g\u00f6zl\u00fc\u011fe ihtiyac\u0131m olmayacak! \ud83d\ude42Sonras\u0131nda Birol beni al\u0131p havaalan\u0131na g\u00f6t\u00fcrd\u00fc. Operasyonumun \u00fczerinden \u015fu an 9 g\u00fcn ge\u00e7ti ve h\u00e2l\u00e2 \u00e7ok iyiyim. G\u00f6zl\u00fck ya da kontakt lens olmadan yeni hayat\u0131m\u0131n tad\u0131n\u0131 \u00e7\u0131kar\u0131yorum. \u0130stanbul\u2019daki bu operasyonu herkese g\u00f6n\u00fcl rahatl\u0131\u011f\u0131yla tavsiye edebilirim. \u0130stanbul\u2019dan ya da T\u00fcrkiye\u2019den kesinlikle korkman\u0131za gerek yok. swisslasik.ch ve Eyestar Klini\u011fi\u2019nin ilgisi ve bak\u0131m\u0131 ger\u00e7ekten m\u00fckemmel! \u0130stanbul\u2019daki t\u00fcm ekibe ve Swisslasik.ch\u2019den Bay Serdar Karaa\u011fa\u00e7l\u0131-Leoni\u2019ye \u00e7ok te\u015fekk\u00fcr ederim. Daniela M\u00e4chler-Broger \u00d6nceki Rapor Sonraki Rapor<\/p>\n","protected":false},"author":4,"featured_media":0,"parent":4243,"menu_order":0,"comment_status":"closed","ping_status":"closed","template":"","meta":{"_joinchat":[],"footnotes":""},"class_list":["post-4380","page","type-page","status-publish","hentry"],"acf":[],"_links":{"self":[{"href":"https:\/\/medicaltravel.at\/tr\/wp-json\/wp\/v2\/pages\/4380","targetHints":{"allow":["GET"]}}],"collection":[{"href":"https:\/\/medicaltravel.at\/tr\/wp-json\/wp\/v2\/pages"}],"about":[{"href":"https:\/\/medicaltravel.at\/tr\/wp-json\/wp\/v2\/types\/page"}],"author":[{"embeddable":true,"href":"https:\/\/medicaltravel.at\/tr\/wp-json\/wp\/v2\/users\/4"}],"replies":[{"embeddable":true,"href":"https:\/\/medicaltravel.at\/tr\/wp-json\/wp\/v2\/comments?post=4380"}],"version-history":[{"count":2,"href":"https:\/\/medicaltravel.at\/tr\/wp-json\/wp\/v2\/pages\/4380\/revisions"}],"predecessor-version":[{"id":5858,"href":"https:\/\/medicaltravel.at\/tr\/wp-json\/wp\/v2\/pages\/4380\/revisions\/5858"}],"up":[{"embeddable":true,"href":"https:\/\/medicaltravel.at\/tr\/wp-json\/wp\/v2\/pages\/4243"}],"wp:attachment":[{"href":"https:\/\/medicaltravel.at\/tr\/wp-json\/wp\/v2\/media?parent=4380"}],"curies":[{"name":"wp","href":"https:\/\/api.w.org\/{rel}","templated":true}]}}