{"id":4376,"date":"2025-09-28T11:24:43","date_gmt":"2025-09-28T10:24:43","guid":{"rendered":"https:\/\/medicaltravel.at\/hasta-hikayeleri\/eski-hasta-raporlari\/lasik-istanbul-tuerkiye-deneyim-raporu-25-haziran-2007-pazartesi-tarihli-rapor\/"},"modified":"2026-01-13T18:17:34","modified_gmt":"2026-01-13T17:17:34","slug":"lasik-istanbul-tuerkiye-deneyim-raporu-25-haziran-2007-pazartesi-tarihli-rapor","status":"publish","type":"page","link":"https:\/\/medicaltravel.at\/tr\/hasta-hikayeleri\/eski-hasta-raporlari\/lasik-istanbul-tuerkiye-deneyim-raporu-25-haziran-2007-pazartesi-tarihli-rapor\/","title":{"rendered":"LASIK \u0130STANBUL \/ T\u00fcrkiye Deneyim Raporu \u2013 25 Haziran 2007 Pazartesi tarihli rapor"},"content":{"rendered":"\n<h3 class=\"wp-block-heading\">LASIK \u0130STANBUL \/ T\u00fcrkiye Deneyim Raporu \u2013 25 Haziran 2007 Pazartesi tarihli rapor<\/h3>\n\n<p>Merhaba,<\/p>\n\n<p>BEN YEN\u0130 B\u0130R \u0130NSANIM!!! D\u00fcn (Cumartesi, 23 Haziran 2007) \u0130stanbul\u2019dan d\u00f6nd\u00fcm ve s\u00f6ylemeliyim ki, tamamen yeni bir ya\u015fam hissi! Yakla\u015f\u0131k 17 y\u0131l boyunca g\u00f6zl\u00fck veya kontakt lens kulland\u0131ktan sonra b\u0131kt\u0131m ve lazer operasyonu yapt\u0131rmaya karar verdim. Uzun bir ara\u015ft\u0131rma ve bilgi toplaman\u0131n ard\u0131ndan SWISSLASIK.CH ile kar\u015f\u0131la\u015ft\u0131m. Ve s\u00f6ylemeliyim ki, hayat\u0131m\u0131n en iyi karar\u0131yd\u0131!!! \u0130lk ileti\u015fimden, operasyona ve eve d\u00f6n\u00fc\u015fe kadar her \u015fey m\u00fckemmel \u015fekilde organize edilmi\u015fti\u2026 Ger\u00e7ekten s\u00f6ylemeliyim\u2026 SAYGI DUYUYORUM!!! \u0130lgi ve destek o kadar iyiydi ki, ASLA yaln\u0131z hissetmedim.<\/p>\n\n<p>Bay Karaagacli-Leoni \u0130svi\u00e7re\u2019den her \u015feyi \u00f6yle harika organize etti ki, her \u015fey sorunsuz ilerledi (Z\u00fcrih\u2019te \u00f6n muayene, \u0130stanbul\u2019a u\u00e7u\u015f, otel rezervasyonu, \u0130stanbul\u2019daki ekip taraf\u0131ndan destek, operasyon, sonras\u0131 bak\u0131m ve nihayet d\u00f6n\u00fc\u015f u\u00e7u\u015fu). \u0130stanbul\u2019da Almanca konu\u015fan destek sayesinde H\u0130\u00c7B\u0130R sorun ya\u015fanmad\u0131. <\/p>\n\n<p>Operasyon g\u00fcn\u00fc, saat 12:30\u2019da Bay Elik taraf\u0131ndan otelden al\u0131nd\u0131k ve otelden sadece birka\u00e7 metre uzakl\u0131ktaki klini\u011fe g\u00f6t\u00fcr\u00fcld\u00fck. S\u0131ras\u0131yla \u00f6n muayene i\u00e7in \u00e7a\u011fr\u0131ld\u0131k. Uzun bekleme s\u00fcresi, bol \u00e7ay, kahve ve di\u011fer ikramlarla keyifli hale getirildi. Ayr\u0131ca televizyon izleyebiliyor veya EYEStar taraf\u0131ndan sa\u011flanan kendi diz\u00fcst\u00fc bilgisayar\u0131m\u0131zla internette gezinebiliyorduk. \u00d6n muayeneden sonra yakla\u015f\u0131k 1 saatimiz vard\u0131, yemek yemeye gidebildik; sonras\u0131nda bir\u00e7ok ki\u015fi i\u00e7in bu m\u00fcmk\u00fcn olmayacakt\u0131.    <\/p>\n\n<p>Daha sonra hepimiz \u00e7ok konforlu bekleme salonuna g\u00f6t\u00fcr\u00fcld\u00fck ve operasyonumuzu bekledik. K\u0131sa bir s\u00fcre sonra benim ad\u0131m \u00e7a\u011fr\u0131ld\u0131. \u00d6n odaya girdim ve harika bir masaj koltu\u011funa oturma \u015fans\u0131 buldum. Muhte\u015femdi!! Burada g\u00f6zlerim temizlendi ve dezenfekte edildi. K\u0131sa bir s\u00fcre sonra ameliyat masas\u0131na al\u0131nd\u0131m. Ve s\u00f6ylemeliyim ki, bu kadar h\u0131zl\u0131 olaca\u011f\u0131n\u0131 hi\u00e7 d\u00fc\u015f\u00fcnmemi\u015ftim. Hi\u00e7 a\u011fr\u0131 hissetmedim; daha \u00e7ok g\u00f6zde bir bask\u0131 hissi vard\u0131. Benim i\u00e7in tek rahats\u0131z edici olan, g\u00f6z kapaklar\u0131n\u0131 a\u00e7\u0131p sabitleyen aparat\u0131 takmakt\u0131 (g\u00f6z k\u0131rpmak m\u00fcmk\u00fcn olmuyordu). Ama sorun de\u011fil. As\u0131l lazer uygulamas\u0131 sadece birka\u00e7 saniye s\u00fcrd\u00fc ve sonra her \u015fey bitti. Ayn\u0131 i\u015flem di\u011fer g\u00f6zde de yap\u0131ld\u0131. Yakla\u015f\u0131k 15 dakika sonra her \u015fey tamamland\u0131!! K\u0131sa bir s\u00fcre dinlenme odas\u0131nda kald\u0131ktan sonra, beni bekleyen di\u011ferlerine geri g\u00f6t\u00fcrd\u00fcler. Burada bir s\u00fcre g\u00f6zlem alt\u0131nda kald\u0131k, her \u015feyin durumu izlendi. G\u00f6z damlalar\u0131 verildi ve tekrar \u00e7ay ikram edildi. Burada da s\u00f6ylemeliyim ki, bak\u0131m M\u00dcKEMMELD\u0130!!!                 <\/p>\n\n<p>Sadece g\u00f6zlerimde sulanma ve hafif bir yanma d\u0131\u015f\u0131nda hi\u00e7bir \u015fey hissetmedim. Doktorun k\u0131sa bir kontrol\u00fcnden sonra otele gidip dinlenmek veya uyumak zorundayd\u0131k. <\/p>\n\n<p>Orada benim i\u00e7in tek olumsuz \u015fey ba\u015flad\u0131. Olduk\u00e7a ba\u015f a\u011fr\u0131s\u0131 \u00e7ektim, ama klini\u011fin iyi a\u011fr\u0131 kesicileri sayesinde h\u0131zla rahatlad\u0131m. Sonra nihayet uyuyabildim.  <\/p>\n\n<p>Ertesi sabah her \u015fey bitmi\u015fti. Kalkt\u0131m ve g\u00f6rebiliyordum!!! WOW!!! Ne his! \u00c7ok mutluydum ve inanamad\u0131m. Klini\u011fe k\u0131sa bir kontrole gittikten sonra, hepimiz g\u00f6zl\u00fck ve kontakt lenssiz yeni bir hayata b\u0131rak\u0131ld\u0131k!!   <\/p>\n\n<p>Kalan zaman\u0131 \u0130stanbul\u2019da gezip al\u0131\u015fveri\u015f yaparak ge\u00e7irdim, ta ki ertesi sabah Bay Elik beni al\u0131p havaalan\u0131na g\u00f6t\u00fcrene kadar.<\/p>\n\n<p>\u015eimdi otelimle ilgili birka\u00e7 \u015feyden bahsedeyim.<\/p>\n\n<p>CRYSTAL Otel\u2019de kald\u0131m. Genel olarak memnunum. Sadece kahvalt\u0131 hi\u00e7 tad\u0131na yak\u0131\u015fmad\u0131! Ama bence t\u00fcm di\u011fer ba\u015far\u0131lar\u0131 d\u00fc\u015f\u00fcn\u00fcnce buna katlan\u0131labilir!! Odalar temiz ve sessizdi. Servis de iyiydi.     <\/p>\n\n<p>Genel olarak, bu ad\u0131m\u0131 att\u0131\u011f\u0131m i\u00e7in mutluyum. Ve tekrar yapard\u0131m!!! <\/p>\n\n<p>Te\u015fekk\u00fcrler Sevgili Bay Karaa\u011fa\u00e7l\u0131-Leoni,<\/p>\n\n<p>Te\u015fekk\u00fcrler sevgili EYEStar ekibi (\u00f6zellikle Arif ve Fred) harika ilgileri ve destekleri i\u00e7in. Ayr\u0131ca \u0130stanbul\u2019da ge\u00e7irdi\u011fimiz g\u00fczel zaman i\u00e7in de \u00e7ok te\u015fekk\u00fcrler. <\/p>\n\n<p>Sascha Andreas M\u00fcller, Almanya\u2019dan<\/p>\n\n<div class=\"wp-block-group is-layout-grid wp-container-core-group-is-layout-baef362d wp-block-group-is-layout-grid\">\n<p><a href=\"https:\/\/medicaltravel.at\/home\/agb\/\" data-type=\"page\" data-id=\"2191\"><\/a><a href=\"https:\/\/medicaltravel.at\/tr\/hasta-hikayeleri\/eski-hasta-raporlari\/istanbulda-goez-lazeri-raporu-09-temmuz-2007-pazartesi-tarihli-rapor\/\" data-type=\"link\" data-id=\"https:\/\/medicaltravel.at\/berichte-von-patienten\/altere-patientenberichte\/bericht-aus-istanbul-augenlasern-bericht-vom-montag-09-juli-2007\/\">\u00d6nceki Rapor<\/a><\/p>\n\n\n\n<p class=\"has-text-align-right wp-container-content-5e2576f9\"><a href=\"https:\/\/medicaltravel.at\/home\/impressum\/\" data-type=\"page\" data-id=\"2193\"><\/a><a href=\"https:\/\/medicaltravel.at\/home\/berichte-von-patienten\/erfahrungsberichte\/erfahrungsbericht-zahnbehandlung-in-istanbul\/\" data-type=\"page\" data-id=\"981\"><\/a><a href=\"https:\/\/medicaltravel.at\/tr\/hasta-hikayeleri\/eski-hasta-raporlari\/benim-goez-lazeri-deneyimim-tuerkiye-15-haziran-2007-cuma-tarihli-rapor\/\" data-type=\"link\" data-id=\"https:\/\/medicaltravel.at\/berichte-von-patienten\/altere-patientenberichte\/meine-erfahrung-augenlaser-turkei-bericht-vom-freitag-15-juni-2007\/\">Sonraki Rapor<\/a><\/p>\n<\/div>\n","protected":false},"excerpt":{"rendered":"<p>LASIK \u0130STANBUL \/ T\u00fcrkiye Deneyim Raporu \u2013 25 Haziran 2007 Pazartesi tarihli rapor Merhaba, BEN YEN\u0130 B\u0130R \u0130NSANIM!!! D\u00fcn (Cumartesi, 23 Haziran 2007) \u0130stanbul\u2019dan d\u00f6nd\u00fcm ve s\u00f6ylemeliyim ki, tamamen yeni bir ya\u015fam hissi! Yakla\u015f\u0131k 17 y\u0131l boyunca g\u00f6zl\u00fck veya kontakt lens kulland\u0131ktan sonra b\u0131kt\u0131m ve lazer operasyonu yapt\u0131rmaya karar verdim. Uzun bir ara\u015ft\u0131rma ve bilgi toplaman\u0131n ard\u0131ndan SWISSLASIK.CH ile kar\u015f\u0131la\u015ft\u0131m. Ve s\u00f6ylemeliyim ki, hayat\u0131m\u0131n en iyi karar\u0131yd\u0131!!! \u0130lk ileti\u015fimden, operasyona ve eve d\u00f6n\u00fc\u015fe kadar her \u015fey m\u00fckemmel \u015fekilde organize edilmi\u015fti\u2026 Ger\u00e7ekten s\u00f6ylemeliyim\u2026 SAYGI DUYUYORUM!!! \u0130lgi ve destek o kadar iyiydi ki, ASLA yaln\u0131z hissetmedim. Bay Karaagacli-Leoni \u0130svi\u00e7re\u2019den her \u015feyi \u00f6yle harika organize etti ki, her \u015fey sorunsuz ilerledi (Z\u00fcrih\u2019te \u00f6n muayene, \u0130stanbul\u2019a u\u00e7u\u015f, otel rezervasyonu, \u0130stanbul\u2019daki ekip taraf\u0131ndan destek, operasyon, sonras\u0131 bak\u0131m ve nihayet d\u00f6n\u00fc\u015f u\u00e7u\u015fu). \u0130stanbul\u2019da Almanca konu\u015fan destek sayesinde H\u0130\u00c7B\u0130R sorun ya\u015fanmad\u0131. Operasyon g\u00fcn\u00fc, saat 12:30\u2019da Bay Elik taraf\u0131ndan otelden al\u0131nd\u0131k ve otelden sadece birka\u00e7 metre uzakl\u0131ktaki klini\u011fe g\u00f6t\u00fcr\u00fcld\u00fck. S\u0131ras\u0131yla \u00f6n muayene i\u00e7in \u00e7a\u011fr\u0131ld\u0131k. Uzun bekleme s\u00fcresi, bol \u00e7ay, kahve ve di\u011fer ikramlarla keyifli hale getirildi. Ayr\u0131ca televizyon izleyebiliyor veya EYEStar taraf\u0131ndan sa\u011flanan kendi diz\u00fcst\u00fc bilgisayar\u0131m\u0131zla internette gezinebiliyorduk. \u00d6n muayeneden sonra yakla\u015f\u0131k 1 saatimiz vard\u0131, yemek yemeye gidebildik; sonras\u0131nda bir\u00e7ok ki\u015fi i\u00e7in bu m\u00fcmk\u00fcn olmayacakt\u0131. Daha sonra hepimiz \u00e7ok konforlu bekleme salonuna g\u00f6t\u00fcr\u00fcld\u00fck ve operasyonumuzu bekledik. K\u0131sa bir s\u00fcre sonra benim ad\u0131m \u00e7a\u011fr\u0131ld\u0131. \u00d6n odaya girdim ve harika bir masaj koltu\u011funa oturma \u015fans\u0131 buldum. Muhte\u015femdi!! Burada g\u00f6zlerim temizlendi ve dezenfekte edildi. K\u0131sa bir s\u00fcre sonra ameliyat masas\u0131na al\u0131nd\u0131m. Ve s\u00f6ylemeliyim ki, bu kadar h\u0131zl\u0131 olaca\u011f\u0131n\u0131 hi\u00e7 d\u00fc\u015f\u00fcnmemi\u015ftim. Hi\u00e7 a\u011fr\u0131 hissetmedim; daha \u00e7ok g\u00f6zde bir bask\u0131 hissi vard\u0131. Benim i\u00e7in tek rahats\u0131z edici olan, g\u00f6z kapaklar\u0131n\u0131 a\u00e7\u0131p sabitleyen aparat\u0131 takmakt\u0131 (g\u00f6z k\u0131rpmak m\u00fcmk\u00fcn olmuyordu). Ama sorun de\u011fil. As\u0131l lazer uygulamas\u0131 sadece birka\u00e7 saniye s\u00fcrd\u00fc ve sonra her \u015fey bitti. Ayn\u0131 i\u015flem di\u011fer g\u00f6zde de yap\u0131ld\u0131. Yakla\u015f\u0131k 15 dakika sonra her \u015fey tamamland\u0131!! K\u0131sa bir s\u00fcre dinlenme odas\u0131nda kald\u0131ktan sonra, beni bekleyen di\u011ferlerine geri g\u00f6t\u00fcrd\u00fcler. Burada bir s\u00fcre g\u00f6zlem alt\u0131nda kald\u0131k, her \u015feyin durumu izlendi. G\u00f6z damlalar\u0131 verildi ve tekrar \u00e7ay ikram edildi. Burada da s\u00f6ylemeliyim ki, bak\u0131m M\u00dcKEMMELD\u0130!!! Sadece g\u00f6zlerimde sulanma ve hafif bir yanma d\u0131\u015f\u0131nda hi\u00e7bir \u015fey hissetmedim. Doktorun k\u0131sa bir kontrol\u00fcnden sonra otele gidip dinlenmek veya uyumak zorundayd\u0131k. Orada benim i\u00e7in tek olumsuz \u015fey ba\u015flad\u0131. Olduk\u00e7a ba\u015f a\u011fr\u0131s\u0131 \u00e7ektim, ama klini\u011fin iyi a\u011fr\u0131 kesicileri sayesinde h\u0131zla rahatlad\u0131m. Sonra nihayet uyuyabildim. Ertesi sabah her \u015fey bitmi\u015fti. Kalkt\u0131m ve g\u00f6rebiliyordum!!! WOW!!! Ne his! \u00c7ok mutluydum ve inanamad\u0131m. Klini\u011fe k\u0131sa bir kontrole gittikten sonra, hepimiz g\u00f6zl\u00fck ve kontakt lenssiz yeni bir hayata b\u0131rak\u0131ld\u0131k!! Kalan zaman\u0131 \u0130stanbul\u2019da gezip al\u0131\u015fveri\u015f yaparak ge\u00e7irdim, ta ki ertesi sabah Bay Elik beni al\u0131p havaalan\u0131na g\u00f6t\u00fcrene kadar. \u015eimdi otelimle ilgili birka\u00e7 \u015feyden bahsedeyim. CRYSTAL Otel\u2019de kald\u0131m. Genel olarak memnunum. Sadece kahvalt\u0131 hi\u00e7 tad\u0131na yak\u0131\u015fmad\u0131! Ama bence t\u00fcm di\u011fer ba\u015far\u0131lar\u0131 d\u00fc\u015f\u00fcn\u00fcnce buna katlan\u0131labilir!! Odalar temiz ve sessizdi. Servis de iyiydi. Genel olarak, bu ad\u0131m\u0131 att\u0131\u011f\u0131m i\u00e7in mutluyum. Ve tekrar yapard\u0131m!!! Te\u015fekk\u00fcrler Sevgili Bay Karaa\u011fa\u00e7l\u0131-Leoni, Te\u015fekk\u00fcrler sevgili EYEStar ekibi (\u00f6zellikle Arif ve Fred) harika ilgileri ve destekleri i\u00e7in. Ayr\u0131ca \u0130stanbul\u2019da ge\u00e7irdi\u011fimiz g\u00fczel zaman i\u00e7in de \u00e7ok te\u015fekk\u00fcrler. Sascha Andreas M\u00fcller, Almanya\u2019dan \u00d6nceki Rapor Sonraki Rapor<\/p>\n","protected":false},"author":4,"featured_media":0,"parent":4243,"menu_order":0,"comment_status":"closed","ping_status":"closed","template":"","meta":{"_joinchat":[],"footnotes":""},"class_list":["post-4376","page","type-page","status-publish","hentry"],"acf":[],"_links":{"self":[{"href":"https:\/\/medicaltravel.at\/tr\/wp-json\/wp\/v2\/pages\/4376","targetHints":{"allow":["GET"]}}],"collection":[{"href":"https:\/\/medicaltravel.at\/tr\/wp-json\/wp\/v2\/pages"}],"about":[{"href":"https:\/\/medicaltravel.at\/tr\/wp-json\/wp\/v2\/types\/page"}],"author":[{"embeddable":true,"href":"https:\/\/medicaltravel.at\/tr\/wp-json\/wp\/v2\/users\/4"}],"replies":[{"embeddable":true,"href":"https:\/\/medicaltravel.at\/tr\/wp-json\/wp\/v2\/comments?post=4376"}],"version-history":[{"count":4,"href":"https:\/\/medicaltravel.at\/tr\/wp-json\/wp\/v2\/pages\/4376\/revisions"}],"predecessor-version":[{"id":5529,"href":"https:\/\/medicaltravel.at\/tr\/wp-json\/wp\/v2\/pages\/4376\/revisions\/5529"}],"up":[{"embeddable":true,"href":"https:\/\/medicaltravel.at\/tr\/wp-json\/wp\/v2\/pages\/4243"}],"wp:attachment":[{"href":"https:\/\/medicaltravel.at\/tr\/wp-json\/wp\/v2\/media?parent=4376"}],"curies":[{"name":"wp","href":"https:\/\/api.w.org\/{rel}","templated":true}]}}