{"id":4370,"date":"2025-09-28T11:28:37","date_gmt":"2025-09-28T10:28:37","guid":{"rendered":"https:\/\/medicaltravel.at\/hasta-hikayeleri\/eski-hasta-raporlari\/lasik-istanbul-deneyim-raporu-29-kasim-2006-carsamba-tarihli-rapor\/"},"modified":"2026-01-13T18:24:14","modified_gmt":"2026-01-13T17:24:14","slug":"lasik-istanbul-deneyim-raporu-29-kasim-2006-carsamba-tarihli-rapor","status":"publish","type":"page","link":"https:\/\/medicaltravel.at\/tr\/hasta-hikayeleri\/eski-hasta-raporlari\/lasik-istanbul-deneyim-raporu-29-kasim-2006-carsamba-tarihli-rapor\/","title":{"rendered":"LASIK \u0130STANBUL Deneyim Raporu \u2013 29 Kas\u0131m 2006 \u00c7ar\u015famba tarihli rapor"},"content":{"rendered":"\n<h3 class=\"wp-block-heading\">LASIK \u0130STANBUL Deneyim Raporu \u2013 29 Kas\u0131m 2006 \u00c7ar\u015famba tarihli rapor<\/h3>\n\n\n\n<p>Bunu bize hastam\u0131z C. Eberli yazd\u0131.<\/p>\n\n\n\n<p>Alt\u0131 y\u0131l boyunca kontakt lens kulland\u0131m. Uza\u011f\u0131 g\u00f6remiyordum, yakla\u015f\u0131k -1,5 diyoptri. Bir\u00e7ok durumda kontakt lensler rahats\u0131z ediciydi, \u00f6zellikle r\u00fczg\u00e2r, duman (\u00f6rne\u011fin diskolarda) veya ak\u015fam ge\u00e7 saatlere kadar takt\u0131\u011f\u0131mda. Estetik nedenlerle g\u00f6zl\u00fck benim i\u00e7in hi\u00e7 se\u00e7enek olmad\u0131.   <\/p>\n\n\n\n<p>Bir g\u00f6z doktoru bana, kontakt lensleri bu kadar s\u0131k kullanmaya devam edersem y\u0131llar i\u00e7inde g\u00f6zlerim i\u00e7in iyi olmayaca\u011f\u0131n\u0131 s\u00f6yledi. Bunun \u00fczerine ba\u015fka se\u00e7eneklere bakmaya ba\u015flad\u0131m ve g\u00f6z lazer operasyonuna dikkatimi verdim. <\/p>\n\n\n\n<p>2006 y\u0131l\u0131nda Winterthur\u2019da k\u0131sa bir test yapt\u0131rmak i\u00e7in gittim, bilgi almak ama\u00e7l\u0131. Operasyonun benim i\u00e7in sorun olmayaca\u011f\u0131 ortaya \u00e7\u0131kt\u0131. Yine de fiyat biraz \u015fok ediciydi. \u0130ki g\u00f6z i\u00e7in 8.000 CHF kadar bir \u00fccret \u00f6demem gerekecekti. Bunu kar\u015f\u0131layamazd\u0131m. \u0130nternette ba\u015fka \u00fclkelerde daha uygun se\u00e7enekler olup olmad\u0131\u011f\u0131na bakt\u0131m.     <\/p>\n\n\n\n<p>B\u00f6ylece www.swisslasik.ch sitesini buldum. Web sitesi bana \u00e7ok profesyonel ve ayr\u0131nt\u0131l\u0131 g\u00f6r\u00fcnd\u00fc. Hemen Bay Karaa\u011fa\u00e7l\u0131-Leoni ile ileti\u015fime ge\u00e7tim. Bana, g\u00f6z ameliyat\u0131 i\u00e7in giderek daha fazla insan\u0131n \u0130stanbul\u2019u tercih etti\u011fini, \u00e7\u00fcnk\u00fc buran\u0131n bu konuda tan\u0131nd\u0131\u011f\u0131n\u0131 ve \u00e7ok fazla deneyime sahip olduklar\u0131n\u0131 anlatt\u0131. Baz\u0131 T\u00fcrklerle de ne d\u00fc\u015f\u00fcnd\u00fcklerini sordum ve sadece olumlu \u015feyler duydum. B\u00f6ylece Swisslasik\u2019i tercih etmeye karar verdim.<br><br>Bay Karaa\u011fa\u00e7l\u0131-Leoni benim i\u00e7in her \u015feyi organize etti: Z\u00fcrih\u2019teki \u00f6n muayene, u\u00e7u\u015flar, otel, \u0130stanbul\u2019da \u015fehir turu vb. S\u00f6zle\u015fmeyi imzalad\u0131ktan sonra bir Swisslasik pasaportu ald\u0131m. Bu pasaport, \u0130stanbul\u2019daki seyahat ve konaklama i\u00e7in gereken t\u00fcm bilgileri i\u00e7eriyordu.<br><br>Eyl\u00fcl 2006\u2019da bir refakat\u00e7i ile \u0130stanbul\u2019a u\u00e7tum. Havaliman\u0131nda bizi Almanca konu\u015fan bir T\u00fcrk kar\u015f\u0131lad\u0131, \u00e7ok nazik davrand\u0131 ve otele g\u00f6t\u00fcrd\u00fc. Daha uygun fiyatl\u0131 G\u00fcl Otel\u2019i se\u00e7mi\u015ftik; basit ama sahibi Almanca konu\u015fan, samimi bir oteldi.<br><br>Ertesi g\u00fcn tekrar al\u0131nd\u0131k ve \u015fehir turu yapt\u0131k. \u0130stanbul\u2019un merkezinde Sultanahmet Camii, Yerebatan Sarn\u0131c\u0131 ve di\u011fer turistik yerleri gezdik. Ertesi g\u00fcn operasyon g\u00fcn\u00fcyd\u00fc. Taksi ile hastaneye g\u00f6t\u00fcr\u00fcld\u00fck. \u00d6n muayene yap\u0131ld\u0131 ve her \u015fey tekrar detayl\u0131 \u015fekilde kontrol edildi. Almanca-T\u00fcrk\u00e7e konu\u015fan refakat\u00e7i bana her \u015feyi terc\u00fcme etti, b\u00f6ylece doktorlarla anla\u015fabildim. Lasek operasyonunu yapmaya karar verdik.<br><br>\u00d6n muayeneden sonra operasyon odas\u0131na ge\u00e7ildi. G\u00f6zlerimi ameliyat eden doktor hep \u00e7ok sakindi. Bu t\u00fcr operasyonlar\u0131 defalarca yapt\u0131\u011f\u0131n\u0131 belli ediyordu, bu da beni rahatlatt\u0131. \u00d6nce y\u00fcz\u00fcme steril bir \u00f6rt\u00fc kondu ve g\u00f6zlerim dezenfekte edildi. Ard\u0131ndan k\u00fc\u00e7\u00fck bir aletle g\u00f6z kapaklar\u0131m a\u00e7\u0131ld\u0131 ve sabitlendi, b\u00f6ylece operasyon s\u0131ras\u0131nda g\u00f6zlerimi kapatamad\u0131m. Sonra flap denilen kornea tabakas\u0131 kald\u0131r\u0131ld\u0131 ve yana do\u011fru al\u0131nd\u0131. Lazerle kornea dokusu al\u0131nd\u0131, bu sadece yakla\u015f\u0131k 10 saniye s\u00fcrd\u00fc. Her \u015fey tamamen a\u011fr\u0131s\u0131z ve sorunsuzdu. \u0130kinci g\u00f6z hemen ard\u0131ndan operasyon edildi. Yakla\u015f\u0131k 20 dakika sonra ameliyat odas\u0131ndan \u00e7\u0131kabildim. K\u0131sa bir kontrol\u00fcn ard\u0131ndan otele geri g\u00f6t\u00fcr\u00fcld\u00fck.<br><br>Ertesi g\u00fcn ayn\u0131 hastanede ilk kontrol yap\u0131ld\u0131. G\u00f6z damlalar\u0131 ve a\u011fr\u0131 kesici verildi. \u0130lk birka\u00e7 g\u00fcn hafif batma ve sulanma oldu. Ayr\u0131ca operasyon sonras\u0131 ilk alt\u0131 g\u00fcn g\u00f6rme keskinli\u011fim k\u00f6t\u00fcyd\u00fc, ancak yakla\u015f\u0131k bir hafta sonra giderek iyile\u015fti. Z\u00fcrih\u2019te operasyon sonras\u0131 bir hafta ve d\u00f6rt hafta sonra kontrollerime gittim. Her \u015fey m\u00fckemmel ge\u00e7mi\u015fti. D\u00f6rt hafta sonra g\u00f6zlerim \u00e7ok iyi g\u00f6r\u00fcyordu.                                  Sadece karanl\u0131kta kontrast hen\u00fcz tam olarak optimal de\u011fildi, ama bu normalmi\u015f. Z\u00fcrih\u2019teki doktor, nihai g\u00f6rme keskinli\u011finin yakla\u015f\u0131k 3 ay sonra olu\u015faca\u011f\u0131n\u0131 a\u00e7\u0131klad\u0131.<br><br>Geriye d\u00f6n\u00fcp bak\u0131nca \u015funu s\u00f6yleyebilirim: Bu operasyonu hemen tekrar yapard\u0131m. G\u00f6rme yard\u0131m\u0131na ba\u011f\u0131ml\u0131 olmamak, benim i\u00e7in daha rahat bir ya\u015fam\u0131n ba\u015flamas\u0131 demekti. Swisslasik etraf\u0131ndaki t\u00fcm organizasyon \u00e7ok iyiydi. Bay Karaa\u011fa\u00e7l\u0131-Leoni b\u00fcy\u00fck bir \u00f6zveri g\u00f6sterdi ve her zaman yan\u0131mda oldu. Sonu\u00e7 olarak, t\u00fcm bu s\u00fcre\u00e7 bana sadece 3000 \u0130svi\u00e7re Frang\u0131 mal oldu.     <\/p>\n\n\n\n<div class=\"wp-block-group is-layout-grid wp-container-core-group-is-layout-baef362d wp-block-group-is-layout-grid\">\n<p><a href=\"https:\/\/medicaltravel.at\/home\/agb\/\" data-type=\"page\" data-id=\"2191\"><\/a><a href=\"https:\/\/medicaltravel.at\/tr\/hasta-hikayeleri\/eski-hasta-raporlari\/lasik-ameliyati-istanbulda-05-aralik-2006-sali-tarihli-rapor\/\" data-type=\"link\" data-id=\"https:\/\/medicaltravel.at\/tr\/hasta-hikayeleri\/eski-hasta-raporlari\/lasik-ameliyati-istanbulda-05-aralik-2006-sali-tarihli-rapor\/\">\u00d6nceki Rapor<\/a><\/p>\n\n\n\n<p class=\"has-text-align-right wp-container-content-5e2576f9\"><\/p>\n<\/div>\n","protected":false},"excerpt":{"rendered":"<p>LASIK \u0130STANBUL Deneyim Raporu \u2013 29 Kas\u0131m 2006 \u00c7ar\u015famba tarihli rapor Bunu bize hastam\u0131z C. Eberli yazd\u0131. Alt\u0131 y\u0131l boyunca kontakt lens kulland\u0131m. Uza\u011f\u0131 g\u00f6remiyordum, yakla\u015f\u0131k -1,5 diyoptri. Bir\u00e7ok durumda kontakt lensler rahats\u0131z ediciydi, \u00f6zellikle r\u00fczg\u00e2r, duman (\u00f6rne\u011fin diskolarda) veya ak\u015fam ge\u00e7 saatlere kadar takt\u0131\u011f\u0131mda. Estetik nedenlerle g\u00f6zl\u00fck benim i\u00e7in hi\u00e7 se\u00e7enek olmad\u0131. Bir g\u00f6z doktoru bana, kontakt lensleri bu kadar s\u0131k kullanmaya devam edersem y\u0131llar i\u00e7inde g\u00f6zlerim i\u00e7in iyi olmayaca\u011f\u0131n\u0131 s\u00f6yledi. Bunun \u00fczerine ba\u015fka se\u00e7eneklere bakmaya ba\u015flad\u0131m ve g\u00f6z lazer operasyonuna dikkatimi verdim. 2006 y\u0131l\u0131nda Winterthur\u2019da k\u0131sa bir test yapt\u0131rmak i\u00e7in gittim, bilgi almak ama\u00e7l\u0131. Operasyonun benim i\u00e7in sorun olmayaca\u011f\u0131 ortaya \u00e7\u0131kt\u0131. Yine de fiyat biraz \u015fok ediciydi. \u0130ki g\u00f6z i\u00e7in 8.000 CHF kadar bir \u00fccret \u00f6demem gerekecekti. Bunu kar\u015f\u0131layamazd\u0131m. \u0130nternette ba\u015fka \u00fclkelerde daha uygun se\u00e7enekler olup olmad\u0131\u011f\u0131na bakt\u0131m. B\u00f6ylece www.swisslasik.ch sitesini buldum. Web sitesi bana \u00e7ok profesyonel ve ayr\u0131nt\u0131l\u0131 g\u00f6r\u00fcnd\u00fc. Hemen Bay Karaa\u011fa\u00e7l\u0131-Leoni ile ileti\u015fime ge\u00e7tim. Bana, g\u00f6z ameliyat\u0131 i\u00e7in giderek daha fazla insan\u0131n \u0130stanbul\u2019u tercih etti\u011fini, \u00e7\u00fcnk\u00fc buran\u0131n bu konuda tan\u0131nd\u0131\u011f\u0131n\u0131 ve \u00e7ok fazla deneyime sahip olduklar\u0131n\u0131 anlatt\u0131. Baz\u0131 T\u00fcrklerle de ne d\u00fc\u015f\u00fcnd\u00fcklerini sordum ve sadece olumlu \u015feyler duydum. B\u00f6ylece Swisslasik\u2019i tercih etmeye karar verdim. Bay Karaa\u011fa\u00e7l\u0131-Leoni benim i\u00e7in her \u015feyi organize etti: Z\u00fcrih\u2019teki \u00f6n muayene, u\u00e7u\u015flar, otel, \u0130stanbul\u2019da \u015fehir turu vb. S\u00f6zle\u015fmeyi imzalad\u0131ktan sonra bir Swisslasik pasaportu ald\u0131m. Bu pasaport, \u0130stanbul\u2019daki seyahat ve konaklama i\u00e7in gereken t\u00fcm bilgileri i\u00e7eriyordu. Eyl\u00fcl 2006\u2019da bir refakat\u00e7i ile \u0130stanbul\u2019a u\u00e7tum. Havaliman\u0131nda bizi Almanca konu\u015fan bir T\u00fcrk kar\u015f\u0131lad\u0131, \u00e7ok nazik davrand\u0131 ve otele g\u00f6t\u00fcrd\u00fc. Daha uygun fiyatl\u0131 G\u00fcl Otel\u2019i se\u00e7mi\u015ftik; basit ama sahibi Almanca konu\u015fan, samimi bir oteldi. Ertesi g\u00fcn tekrar al\u0131nd\u0131k ve \u015fehir turu yapt\u0131k. \u0130stanbul\u2019un merkezinde Sultanahmet Camii, Yerebatan Sarn\u0131c\u0131 ve di\u011fer turistik yerleri gezdik. Ertesi g\u00fcn operasyon g\u00fcn\u00fcyd\u00fc. Taksi ile hastaneye g\u00f6t\u00fcr\u00fcld\u00fck. \u00d6n muayene yap\u0131ld\u0131 ve her \u015fey tekrar detayl\u0131 \u015fekilde kontrol edildi. Almanca-T\u00fcrk\u00e7e konu\u015fan refakat\u00e7i bana her \u015feyi terc\u00fcme etti, b\u00f6ylece doktorlarla anla\u015fabildim. Lasek operasyonunu yapmaya karar verdik. \u00d6n muayeneden sonra operasyon odas\u0131na ge\u00e7ildi. G\u00f6zlerimi ameliyat eden doktor hep \u00e7ok sakindi. Bu t\u00fcr operasyonlar\u0131 defalarca yapt\u0131\u011f\u0131n\u0131 belli ediyordu, bu da beni rahatlatt\u0131. \u00d6nce y\u00fcz\u00fcme steril bir \u00f6rt\u00fc kondu ve g\u00f6zlerim dezenfekte edildi. Ard\u0131ndan k\u00fc\u00e7\u00fck bir aletle g\u00f6z kapaklar\u0131m a\u00e7\u0131ld\u0131 ve sabitlendi, b\u00f6ylece operasyon s\u0131ras\u0131nda g\u00f6zlerimi kapatamad\u0131m. Sonra flap denilen kornea tabakas\u0131 kald\u0131r\u0131ld\u0131 ve yana do\u011fru al\u0131nd\u0131. Lazerle kornea dokusu al\u0131nd\u0131, bu sadece yakla\u015f\u0131k 10 saniye s\u00fcrd\u00fc. Her \u015fey tamamen a\u011fr\u0131s\u0131z ve sorunsuzdu. \u0130kinci g\u00f6z hemen ard\u0131ndan operasyon edildi. Yakla\u015f\u0131k 20 dakika sonra ameliyat odas\u0131ndan \u00e7\u0131kabildim. K\u0131sa bir kontrol\u00fcn ard\u0131ndan otele geri g\u00f6t\u00fcr\u00fcld\u00fck. Ertesi g\u00fcn ayn\u0131 hastanede ilk kontrol yap\u0131ld\u0131. G\u00f6z damlalar\u0131 ve a\u011fr\u0131 kesici verildi. \u0130lk birka\u00e7 g\u00fcn hafif batma ve sulanma oldu. Ayr\u0131ca operasyon sonras\u0131 ilk alt\u0131 g\u00fcn g\u00f6rme keskinli\u011fim k\u00f6t\u00fcyd\u00fc, ancak yakla\u015f\u0131k bir hafta sonra giderek iyile\u015fti. Z\u00fcrih\u2019te operasyon sonras\u0131 bir hafta ve d\u00f6rt hafta sonra kontrollerime gittim. Her \u015fey m\u00fckemmel ge\u00e7mi\u015fti. D\u00f6rt hafta sonra g\u00f6zlerim \u00e7ok iyi g\u00f6r\u00fcyordu. Sadece karanl\u0131kta kontrast hen\u00fcz tam olarak optimal de\u011fildi, ama bu normalmi\u015f. Z\u00fcrih\u2019teki doktor, nihai g\u00f6rme keskinli\u011finin yakla\u015f\u0131k 3 ay sonra olu\u015faca\u011f\u0131n\u0131 a\u00e7\u0131klad\u0131. Geriye d\u00f6n\u00fcp bak\u0131nca \u015funu s\u00f6yleyebilirim: Bu operasyonu hemen tekrar yapard\u0131m. G\u00f6rme yard\u0131m\u0131na ba\u011f\u0131ml\u0131 olmamak, benim i\u00e7in daha rahat bir ya\u015fam\u0131n ba\u015flamas\u0131 demekti. Swisslasik etraf\u0131ndaki t\u00fcm organizasyon \u00e7ok iyiydi. Bay Karaa\u011fa\u00e7l\u0131-Leoni b\u00fcy\u00fck bir \u00f6zveri g\u00f6sterdi ve her zaman yan\u0131mda oldu. Sonu\u00e7 olarak, t\u00fcm bu s\u00fcre\u00e7 bana sadece 3000 \u0130svi\u00e7re Frang\u0131 mal oldu. \u00d6nceki Rapor<\/p>\n","protected":false},"author":4,"featured_media":0,"parent":4243,"menu_order":0,"comment_status":"closed","ping_status":"closed","template":"","meta":{"_joinchat":[],"footnotes":""},"class_list":["post-4370","page","type-page","status-publish","hentry"],"acf":[],"_links":{"self":[{"href":"https:\/\/medicaltravel.at\/tr\/wp-json\/wp\/v2\/pages\/4370","targetHints":{"allow":["GET"]}}],"collection":[{"href":"https:\/\/medicaltravel.at\/tr\/wp-json\/wp\/v2\/pages"}],"about":[{"href":"https:\/\/medicaltravel.at\/tr\/wp-json\/wp\/v2\/types\/page"}],"author":[{"embeddable":true,"href":"https:\/\/medicaltravel.at\/tr\/wp-json\/wp\/v2\/users\/4"}],"replies":[{"embeddable":true,"href":"https:\/\/medicaltravel.at\/tr\/wp-json\/wp\/v2\/comments?post=4370"}],"version-history":[{"count":2,"href":"https:\/\/medicaltravel.at\/tr\/wp-json\/wp\/v2\/pages\/4370\/revisions"}],"predecessor-version":[{"id":5868,"href":"https:\/\/medicaltravel.at\/tr\/wp-json\/wp\/v2\/pages\/4370\/revisions\/5868"}],"up":[{"embeddable":true,"href":"https:\/\/medicaltravel.at\/tr\/wp-json\/wp\/v2\/pages\/4243"}],"wp:attachment":[{"href":"https:\/\/medicaltravel.at\/tr\/wp-json\/wp\/v2\/media?parent=4370"}],"curies":[{"name":"wp","href":"https:\/\/api.w.org\/{rel}","templated":true}]}}