{"id":4368,"date":"2025-09-28T11:23:45","date_gmt":"2025-09-28T10:23:45","guid":{"rendered":"https:\/\/medicaltravel.at\/hasta-hikayeleri\/eski-hasta-raporlari\/goez-lazeri-deneyim-raporu-tuerkiye-27-temmuz-2007-cuma-tarihli-rapor\/"},"modified":"2026-01-13T18:16:18","modified_gmt":"2026-01-13T17:16:18","slug":"goez-lazeri-deneyim-raporu-tuerkiye-27-temmuz-2007-cuma-tarihli-rapor","status":"publish","type":"page","link":"https:\/\/medicaltravel.at\/tr\/hasta-hikayeleri\/eski-hasta-raporlari\/goez-lazeri-deneyim-raporu-tuerkiye-27-temmuz-2007-cuma-tarihli-rapor\/","title":{"rendered":"G\u00f6z Lazeri Deneyim Raporu T\u00fcrkiye \u2013 27 Temmuz 2007 Cuma tarihli rapor"},"content":{"rendered":"\n<h3 class=\"wp-block-heading\">G\u00f6z Lazeri Deneyim Raporu T\u00fcrkiye \u2013 27 Temmuz 2007 Cuma tarihli rapor<\/h3>\n\n<p>Art\u0131k \u0130stanbul\u2019daki Eyestar Klini\u011fi\u2019nde g\u00f6zlerimi lazer yapt\u0131rmam\u0131n \u00fczerinden bir hafta ge\u00e7ti. H\u00e2l\u00e2 akl\u0131ma tam oturmad\u0131; ak\u015famlar\u0131 lensleri \u00e7\u0131kar\u0131p u\u011fra\u015fmak yerine direkt yata\u011fa d\u00fc\u015febiliyorum. Sabah uyand\u0131\u011f\u0131mda art\u0131k banyoya k\u00f6r gibi s\u00fcr\u00fcnm\u00fcyorum, d\u00fcnya bana net bir \u015fekilde g\u00f6r\u00fcn\u00fcyor. Ger\u00e7ekten harika!!!!! Art\u0131k tatile giderken \u00e7antaya g\u00f6zl\u00fck, d\u00fczeltmeli g\u00fcne\u015f g\u00f6zl\u00fc\u011f\u00fc, lens, lens kab\u0131, lens temizleme s\u0131v\u0131s\u0131 ve normal g\u00fcne\u015f g\u00f6zl\u00fc\u011f\u00fc doldurmak zorunda de\u011filim!!! Gece b\u00f6cek av\u0131na \u00e7\u0131kmak ve o b\u00f6cekleri ger\u00e7ekten g\u00f6rmek, sadece duymak de\u011fil!!!! Muhte\u015fem bir his!   <\/p>\n\n<p>Eyestar ve Swisslasik\u2019i kesinlikle tavsiye edebilirim. Profesyonellikleri daha \u00f6nceden beni ikna etmi\u015fti ve \u0130stanbul\u2019da da bunu do\u011frulad\u0131lar. Ayn\u0131 zamanda \u0130svi\u00e7re\u2019deki bir klinik hakk\u0131nda da lazer operasyonu ara\u015ft\u0131rmas\u0131 yapm\u0131\u015ft\u0131m. \u0130zlenimim, Eyestar ile \u0130svi\u00e7re klini\u011finin kalitede birbirinden geri kalmad\u0131\u011f\u0131, fakat fiyat fark\u0131n\u0131n olduk\u00e7a belirgin oldu\u011fu y\u00f6n\u00fcndeydi. Bu y\u00fczden operasyonu \u0130stanbul\u2019da yapt\u0131rmam benim i\u00e7in kesinle\u015fmi\u015fti. Swisslasik ayr\u0131ca ilgimi \u00e7ekti \u00e7\u00fcnk\u00fc her \u015fey organize ediliyordu ve benim hi\u00e7 bir \u015feyle u\u011fra\u015fmama gerek kalm\u0131yordu.     <\/p>\n\n<p>\u00d6n muayenemi \u0130svi\u00e7re\u2019de yapt\u0131rd\u0131m ve bunu da kesinlikle tavsiye edebilirim. B\u00f6ylece \u0130stanbul\u2019a geldi\u011finizde, e\u011fer birden fazla lazer y\u00f6ntemi s\u00f6z konusu olursa stres ya\u015fam\u0131yorsunuz ve e\u011fer lazer operasyonu i\u00e7in uygun de\u011filseniz bo\u015funa T\u00fcrkiye\u2019ye gitmi\u015f olmuyorsunuz. Ben \u015fahsen, de\u011ferlendirmelerin tamamen tarafs\u0131z yap\u0131lmas\u0131n\u0131 ve hi\u00e7 kimsenin sizi operasyon yapmaya zorlamamas\u0131n\u0131, ya da operasyonu a\u015f\u0131r\u0131 cazip g\u00f6stermemesini \u00e7ok takdir ettim. Ne Swisslasik ne de Z\u00fcrih\u2019teki doktor bunu yap\u0131yor.   <\/p>\n\n<p>\u0130stanbul\u2019da her \u015fey de \u00e7ok iyi ge\u00e7ti. Ben ve yan\u0131mdaki ki\u015fi havaalan\u0131ndan tam zaman\u0131nda al\u0131nd\u0131k ve otele g\u00f6t\u00fcr\u00fcld\u00fck. Rezervasyon yapt\u0131\u011f\u0131m otelin dolu olmas\u0131 ve beni 2 sokak \u00f6tedeki ba\u015fka bir otele yerle\u015ftirmeleri benim i\u00e7in sorun olmad\u0131. Klinik yine de sadece k\u0131sa bir mesafedeydi, bu da operasyon sonras\u0131 \u00f6zellikle \u00e7ok rahat. Klinikteki ortam \u00e7ok samimi ve \u00f6zellikle Fred inan\u0131lmaz ilgileniyor. Berner Almancas\u0131yla ve T\u00fcrk aksan\u0131yla hemen evinizde gibi hissediyorsunuz. Her \u015fey olduk\u00e7a h\u0131zl\u0131 ilerliyor ve evraklar\u0131 incelemeye pek zaman kalm\u0131yor. Tekrar yap\u0131lan \u00f6n muayene \u00e7ok fazla zaman almad\u0131. En uzun s\u00fcren k\u0131sm\u0131, g\u00f6z damlalar\u0131n\u0131n etkisinin ba\u015flamas\u0131n\u0131 beklemekti; bu damlalar g\u00f6z bebeklerini geni\u015fletiyor ve sonra tekrar normale d\u00f6n\u00fcyor. \u00d6n muayeneden sonra yemek i\u00e7in zaman\u0131n\u0131z oluyor (bu arada klini\u011fin hemen alt\u0131ndaki \u0130talyan kafesi olduk\u00e7a iyi bir se\u00e7enek).         <\/p>\n\n<p>Ve operasyon yava\u015f yava\u015f yakla\u015f\u0131r. Mutlak olarak en keyifli k\u0131s\u0131m, operasyon \u00f6ncesi biraz rahatlaman\u0131z\u0131 sa\u011flayan masaj koltu\u011fu. Bu alet ger\u00e7ekten harika! Sonra operasyon odas\u0131na giriliyor. Burada da her \u015fey \u00e7ok h\u0131zl\u0131 ilerliyor ve ne oldu\u011funu anlamadan operasyon bitmi\u015f oluyor. En rahats\u0131z edici k\u0131s\u0131m, kornea kapa\u011f\u0131 i\u00e7in yap\u0131lan kesi. Lazer k\u0131sm\u0131 ise olduk\u00e7a k\u0131sa s\u00fcr\u00fcyor. En \u00f6nemli \u015fey m\u00fcmk\u00fcn oldu\u011funca rahat olmak ve her zaman ye\u015fil noktaya bakmak. Operasyondan sonra k\u0131sa bir s\u00fcre dinlenmek i\u00e7in karanl\u0131k bir odaya al\u0131n\u0131yorsunuz ve Fred size g\u00f6z damlalar\u0131 veriyor. K\u0131sa bir kontrollerden sonra her \u015fey bitmi\u015f oluyor ve otele d\u00f6n\u00fcp sonunda uzan\u0131p g\u00f6zlerinizi kapatabiliyorsunuz. \u00c7\u00fcnk\u00fc yanma ve sulanma nedeniyle g\u00f6zleri a\u00e7\u0131k tutmak \u00e7ok zor ve hemen uzan\u0131rsan\u0131z en k\u00f6t\u00fc k\u0131sm\u0131 \u00e7abuk ge\u00e7iyor. Sadece 2 saat sonra yanma azald\u0131, kendimi \u00e7ok daha iyi hissettim ve tekrar net g\u00f6rmeye ba\u015flad\u0131m.           <\/p>\n\n<p>Ertesi sabah bir kontrol daha yap\u0131l\u0131yor ve her \u015fey yolundaysa \u0130stanbul\u2019un tad\u0131n\u0131 biraz daha \u00e7\u0131karabilirsiniz. Ben zaten ertesi g\u00fcn g\u00f6zlerimi \u00e7ok net g\u00f6rebiliyordum. <\/p>\n\n<p>D\u00fcn \u0130svi\u00e7re\u2019de ilk kontrole gittim. Sol g\u00f6z\u00fcm\u00fcn biraz fazla d\u00fczeltildi\u011fi, bunun da g\u00f6rme keskinli\u011fini biraz azaltt\u0131\u011f\u0131 tespit edildi. Onun d\u0131\u015f\u0131nda her \u015fey yolunda ve lazer operasyonu konusunda tek pi\u015fmanl\u0131\u011f\u0131m \u015fu: Allah a\u015fk\u0131na, neden bu fikri \u00e7ok daha \u00f6nce akl\u0131ma getirmedim???  <\/p>\n\n<div class=\"wp-block-group is-layout-grid wp-container-core-group-is-layout-baef362d wp-block-group-is-layout-grid\">\n<p><a href=\"https:\/\/medicaltravel.at\/home\/agb\/\" data-type=\"page\" data-id=\"2191\"><\/a><a href=\"https:\/\/medicaltravel.at\/tr\/hasta-hikayeleri\/eski-hasta-raporlari\/goez-lazeri-deneyim-raporu-tuerkiye-02-ekim-2007-sali-tarihli-rapor\/\" data-type=\"link\" data-id=\"https:\/\/medicaltravel.at\/berichte-von-patienten\/altere-patientenberichte\/erfahrungsbericht-augen-lasern-turkei-bericht-vom-dienstag-02-oktober-2007\/\">\u00d6nceki Rapor<\/a><\/p>\n\n\n\n<p class=\"has-text-align-right wp-container-content-5e2576f9\"><a href=\"https:\/\/medicaltravel.at\/home\/impressum\/\" data-type=\"page\" data-id=\"2193\"><\/a><a href=\"https:\/\/medicaltravel.at\/home\/berichte-von-patienten\/erfahrungsberichte\/erfahrungsbericht-zahnbehandlung-in-istanbul\/\" data-type=\"page\" data-id=\"981\"><\/a><a href=\"https:\/\/medicaltravel.at\/tr\/hasta-hikayeleri\/eski-hasta-raporlari\/istanbulda-goez-lazeri-raporu-09-temmuz-2007-pazartesi-tarihli-rapor\/\" data-type=\"link\" data-id=\"https:\/\/medicaltravel.at\/berichte-von-patienten\/altere-patientenberichte\/bericht-aus-istanbul-augenlasern-bericht-vom-montag-09-juli-2007\/\">Sonraki Rapor<\/a><\/p>\n<\/div>\n","protected":false},"excerpt":{"rendered":"<p>G\u00f6z Lazeri Deneyim Raporu T\u00fcrkiye \u2013 27 Temmuz 2007 Cuma tarihli rapor Art\u0131k \u0130stanbul\u2019daki Eyestar Klini\u011fi\u2019nde g\u00f6zlerimi lazer yapt\u0131rmam\u0131n \u00fczerinden bir hafta ge\u00e7ti. H\u00e2l\u00e2 akl\u0131ma tam oturmad\u0131; ak\u015famlar\u0131 lensleri \u00e7\u0131kar\u0131p u\u011fra\u015fmak yerine direkt yata\u011fa d\u00fc\u015febiliyorum. Sabah uyand\u0131\u011f\u0131mda art\u0131k banyoya k\u00f6r gibi s\u00fcr\u00fcnm\u00fcyorum, d\u00fcnya bana net bir \u015fekilde g\u00f6r\u00fcn\u00fcyor. Ger\u00e7ekten harika!!!!! Art\u0131k tatile giderken \u00e7antaya g\u00f6zl\u00fck, d\u00fczeltmeli g\u00fcne\u015f g\u00f6zl\u00fc\u011f\u00fc, lens, lens kab\u0131, lens temizleme s\u0131v\u0131s\u0131 ve normal g\u00fcne\u015f g\u00f6zl\u00fc\u011f\u00fc doldurmak zorunda de\u011filim!!! Gece b\u00f6cek av\u0131na \u00e7\u0131kmak ve o b\u00f6cekleri ger\u00e7ekten g\u00f6rmek, sadece duymak de\u011fil!!!! Muhte\u015fem bir his! Eyestar ve Swisslasik\u2019i kesinlikle tavsiye edebilirim. Profesyonellikleri daha \u00f6nceden beni ikna etmi\u015fti ve \u0130stanbul\u2019da da bunu do\u011frulad\u0131lar. Ayn\u0131 zamanda \u0130svi\u00e7re\u2019deki bir klinik hakk\u0131nda da lazer operasyonu ara\u015ft\u0131rmas\u0131 yapm\u0131\u015ft\u0131m. \u0130zlenimim, Eyestar ile \u0130svi\u00e7re klini\u011finin kalitede birbirinden geri kalmad\u0131\u011f\u0131, fakat fiyat fark\u0131n\u0131n olduk\u00e7a belirgin oldu\u011fu y\u00f6n\u00fcndeydi. Bu y\u00fczden operasyonu \u0130stanbul\u2019da yapt\u0131rmam benim i\u00e7in kesinle\u015fmi\u015fti. Swisslasik ayr\u0131ca ilgimi \u00e7ekti \u00e7\u00fcnk\u00fc her \u015fey organize ediliyordu ve benim hi\u00e7 bir \u015feyle u\u011fra\u015fmama gerek kalm\u0131yordu. \u00d6n muayenemi \u0130svi\u00e7re\u2019de yapt\u0131rd\u0131m ve bunu da kesinlikle tavsiye edebilirim. B\u00f6ylece \u0130stanbul\u2019a geldi\u011finizde, e\u011fer birden fazla lazer y\u00f6ntemi s\u00f6z konusu olursa stres ya\u015fam\u0131yorsunuz ve e\u011fer lazer operasyonu i\u00e7in uygun de\u011filseniz bo\u015funa T\u00fcrkiye\u2019ye gitmi\u015f olmuyorsunuz. Ben \u015fahsen, de\u011ferlendirmelerin tamamen tarafs\u0131z yap\u0131lmas\u0131n\u0131 ve hi\u00e7 kimsenin sizi operasyon yapmaya zorlamamas\u0131n\u0131, ya da operasyonu a\u015f\u0131r\u0131 cazip g\u00f6stermemesini \u00e7ok takdir ettim. Ne Swisslasik ne de Z\u00fcrih\u2019teki doktor bunu yap\u0131yor. \u0130stanbul\u2019da her \u015fey de \u00e7ok iyi ge\u00e7ti. Ben ve yan\u0131mdaki ki\u015fi havaalan\u0131ndan tam zaman\u0131nda al\u0131nd\u0131k ve otele g\u00f6t\u00fcr\u00fcld\u00fck. Rezervasyon yapt\u0131\u011f\u0131m otelin dolu olmas\u0131 ve beni 2 sokak \u00f6tedeki ba\u015fka bir otele yerle\u015ftirmeleri benim i\u00e7in sorun olmad\u0131. Klinik yine de sadece k\u0131sa bir mesafedeydi, bu da operasyon sonras\u0131 \u00f6zellikle \u00e7ok rahat. Klinikteki ortam \u00e7ok samimi ve \u00f6zellikle Fred inan\u0131lmaz ilgileniyor. Berner Almancas\u0131yla ve T\u00fcrk aksan\u0131yla hemen evinizde gibi hissediyorsunuz. Her \u015fey olduk\u00e7a h\u0131zl\u0131 ilerliyor ve evraklar\u0131 incelemeye pek zaman kalm\u0131yor. Tekrar yap\u0131lan \u00f6n muayene \u00e7ok fazla zaman almad\u0131. En uzun s\u00fcren k\u0131sm\u0131, g\u00f6z damlalar\u0131n\u0131n etkisinin ba\u015flamas\u0131n\u0131 beklemekti; bu damlalar g\u00f6z bebeklerini geni\u015fletiyor ve sonra tekrar normale d\u00f6n\u00fcyor. \u00d6n muayeneden sonra yemek i\u00e7in zaman\u0131n\u0131z oluyor (bu arada klini\u011fin hemen alt\u0131ndaki \u0130talyan kafesi olduk\u00e7a iyi bir se\u00e7enek). Ve operasyon yava\u015f yava\u015f yakla\u015f\u0131r. Mutlak olarak en keyifli k\u0131s\u0131m, operasyon \u00f6ncesi biraz rahatlaman\u0131z\u0131 sa\u011flayan masaj koltu\u011fu. Bu alet ger\u00e7ekten harika! Sonra operasyon odas\u0131na giriliyor. Burada da her \u015fey \u00e7ok h\u0131zl\u0131 ilerliyor ve ne oldu\u011funu anlamadan operasyon bitmi\u015f oluyor. En rahats\u0131z edici k\u0131s\u0131m, kornea kapa\u011f\u0131 i\u00e7in yap\u0131lan kesi. Lazer k\u0131sm\u0131 ise olduk\u00e7a k\u0131sa s\u00fcr\u00fcyor. En \u00f6nemli \u015fey m\u00fcmk\u00fcn oldu\u011funca rahat olmak ve her zaman ye\u015fil noktaya bakmak. Operasyondan sonra k\u0131sa bir s\u00fcre dinlenmek i\u00e7in karanl\u0131k bir odaya al\u0131n\u0131yorsunuz ve Fred size g\u00f6z damlalar\u0131 veriyor. K\u0131sa bir kontrollerden sonra her \u015fey bitmi\u015f oluyor ve otele d\u00f6n\u00fcp sonunda uzan\u0131p g\u00f6zlerinizi kapatabiliyorsunuz. \u00c7\u00fcnk\u00fc yanma ve sulanma nedeniyle g\u00f6zleri a\u00e7\u0131k tutmak \u00e7ok zor ve hemen uzan\u0131rsan\u0131z en k\u00f6t\u00fc k\u0131sm\u0131 \u00e7abuk ge\u00e7iyor. Sadece 2 saat sonra yanma azald\u0131, kendimi \u00e7ok daha iyi hissettim ve tekrar net g\u00f6rmeye ba\u015flad\u0131m. Ertesi sabah bir kontrol daha yap\u0131l\u0131yor ve her \u015fey yolundaysa \u0130stanbul\u2019un tad\u0131n\u0131 biraz daha \u00e7\u0131karabilirsiniz. Ben zaten ertesi g\u00fcn g\u00f6zlerimi \u00e7ok net g\u00f6rebiliyordum. D\u00fcn \u0130svi\u00e7re\u2019de ilk kontrole gittim. Sol g\u00f6z\u00fcm\u00fcn biraz fazla d\u00fczeltildi\u011fi, bunun da g\u00f6rme keskinli\u011fini biraz azaltt\u0131\u011f\u0131 tespit edildi. Onun d\u0131\u015f\u0131nda her \u015fey yolunda ve lazer operasyonu konusunda tek pi\u015fmanl\u0131\u011f\u0131m \u015fu: Allah a\u015fk\u0131na, neden bu fikri \u00e7ok daha \u00f6nce akl\u0131ma getirmedim??? \u00d6nceki Rapor Sonraki Rapor<\/p>\n","protected":false},"author":4,"featured_media":0,"parent":4243,"menu_order":0,"comment_status":"closed","ping_status":"closed","template":"","meta":{"_joinchat":[],"footnotes":""},"class_list":["post-4368","page","type-page","status-publish","hentry"],"acf":[],"_links":{"self":[{"href":"https:\/\/medicaltravel.at\/tr\/wp-json\/wp\/v2\/pages\/4368","targetHints":{"allow":["GET"]}}],"collection":[{"href":"https:\/\/medicaltravel.at\/tr\/wp-json\/wp\/v2\/pages"}],"about":[{"href":"https:\/\/medicaltravel.at\/tr\/wp-json\/wp\/v2\/types\/page"}],"author":[{"embeddable":true,"href":"https:\/\/medicaltravel.at\/tr\/wp-json\/wp\/v2\/users\/4"}],"replies":[{"embeddable":true,"href":"https:\/\/medicaltravel.at\/tr\/wp-json\/wp\/v2\/comments?post=4368"}],"version-history":[{"count":1,"href":"https:\/\/medicaltravel.at\/tr\/wp-json\/wp\/v2\/pages\/4368\/revisions"}],"predecessor-version":[{"id":4369,"href":"https:\/\/medicaltravel.at\/tr\/wp-json\/wp\/v2\/pages\/4368\/revisions\/4369"}],"up":[{"embeddable":true,"href":"https:\/\/medicaltravel.at\/tr\/wp-json\/wp\/v2\/pages\/4243"}],"wp:attachment":[{"href":"https:\/\/medicaltravel.at\/tr\/wp-json\/wp\/v2\/media?parent=4368"}],"curies":[{"name":"wp","href":"https:\/\/api.w.org\/{rel}","templated":true}]}}