{"id":4364,"date":"2025-09-28T11:26:51","date_gmt":"2025-09-28T10:26:51","guid":{"rendered":"https:\/\/medicaltravel.at\/hasta-hikayeleri\/eski-hasta-raporlari\/goez-lazeri-deneyim-raporu-istanbul-29-ocak-2007-pazartesi-tarihli-rapor\/"},"modified":"2026-01-13T18:21:45","modified_gmt":"2026-01-13T17:21:45","slug":"goez-lazeri-deneyim-raporu-istanbul-29-ocak-2007-pazartesi-tarihli-rapor","status":"publish","type":"page","link":"https:\/\/medicaltravel.at\/tr\/hasta-hikayeleri\/eski-hasta-raporlari\/goez-lazeri-deneyim-raporu-istanbul-29-ocak-2007-pazartesi-tarihli-rapor\/","title":{"rendered":"G\u00f6z Lazeri Deneyim Raporu \u0130stanbul \u2013 29 Ocak 2007 Pazartesi tarihli rapor"},"content":{"rendered":"\n<h3 class=\"wp-block-heading\">G\u00f6z Lazeri Deneyim Raporu \u0130stanbul \u2013 29 Ocak 2007 Pazartesi tarihli rapor<\/h3>\n\n\n\n<p>Hastam\u0131z I. Hiltbrunner, Walterswil\u2019den, 29.01.2007 saat 21:22\u2019de bize \u015f\u00f6yle yazd\u0131:<\/p>\n\n\n\n<p>\u2014\u2013Orijinal Mesaj\u2014\u2013<\/p>\n\n\n\n<p>G\u00f6nderilme: Pazartesi, 29 Ocak 2007 21:22<br>Al\u0131c\u0131: info@swisslasik.ch<br>Konu: Deneyim Raporu<\/p>\n\n\n\n<p>Say\u0131n Bay Karaa\u011fa\u00e7l\u0131<\/p>\n\n\n\n<p>Size a\u015fa\u011f\u0131da deneyim raporumu sunuyorum; dilerseniz bunu internet \u00fczerinde de yay\u0131mlayabilirsiniz.<\/p>\n\n\n\n<p>Deneyim Raporu: \u0130stanbul\u2019da LASIK<\/p>\n\n\n\n<p>30 y\u0131ldan uzun s\u00fcredir g\u00f6rme yard\u0131m\u0131na ihtiya\u00e7 duyuyorum, miyopiyam 3,25 ile 3,75 diyopter aras\u0131nda. Kontakt lensleri iyi tolere edemedi\u011fim i\u00e7in LASIK konusunu daha \u00f6nce birka\u00e7 kez d\u00fc\u015f\u00fcnd\u00fcm, ancak maliyet nedeniyle \u015fimdiye kadar m\u00fcmk\u00fcn olmad\u0131. <\/p>\n\n\n\n<p>40\u2019l\u0131 ya\u015flar\u0131m\u0131n ortas\u0131nda oldu\u011fum i\u00e7in \u015fimdiden ya\u015fa ba\u011fl\u0131 uza\u011f\u0131 g\u00f6rememe (presbiyopi) ba\u015flam\u0131\u015ft\u0131 ve yak\u0131nda progresif lensli bir g\u00f6zl\u00fc\u011fe ihtiyac\u0131m olacakt\u0131. Bu da beni LASIK konusunu tekrar d\u00fc\u015f\u00fcnmeye y\u00f6neltti. <\/p>\n\n\n\n<p>\u0130nternet \u00fczerinden \u00f6\u011frendim ki LASIK T\u00fcrkiye\u2019de burada oldu\u011fundan \u00e7ok daha ucuz ve b\u00f6ylece Swisslasik\u2019in web sitesine ula\u015ft\u0131m.<\/p>\n\n\n\n<p>\u0130svi\u00e7re\u2019de birka\u00e7 kontrol ve \u00f6n muayenenin ard\u0131ndan, ameliyat\u0131 Swisslasik \u00fczerinden rezervasyon yapmaya karar verdim; bunu, miyop olan o\u011flumla birlikte yapt\u0131k. S\u00f6zle\u015fmeyi imzalad\u0131k ve ard\u0131ndan seyahatimizle ilgili bir\u00e7ok de\u011ferli bilgi i\u00e7eren SwissLasik Pasaportunu ald\u0131k. <\/p>\n\n\n\n<p>B\u00f6ylece 13.12.2006\u2019da o\u011flumla birlikte \u0130stanbul\u2019a u\u00e7tuk. U\u00e7akta, \u0130svi\u00e7re\u2019de ya\u015fayan bir T\u00fcrk kad\u0131n\u0131n yan\u0131na oturduk. Kendisi Eyestar Klini\u011fi\u2019ni duyumdan biliyordu ve T\u00fcrkiye\u2019de g\u00f6z ameliyatlar\u0131 i\u00e7in en iyi klinik oldu\u011funu s\u00f6yledi! Yani yolculu\u011fumuzun ba\u015flang\u0131c\u0131 olduk\u00e7a umut vericiydi.   <\/p>\n\n\n\n<p>Havaliman\u0131nda bizi, m\u00fckemmel Almanca konu\u015fan ve ameliyatla ilgili her konuda yan\u0131m\u0131zda olan Dogan kar\u015f\u0131lad\u0131. Bizi g\u00fcvenli bir \u015fekilde otele g\u00f6t\u00fcrd\u00fc ve ertesi g\u00fcn tekrar al\u0131p klini\u011fe g\u00f6t\u00fcrd\u00fc. <\/p>\n\n\n\n<p>Oraya vard\u0131\u011f\u0131m\u0131zda g\u00f6zlerimiz \u00e7e\u015fitli cihazlarla detayl\u0131 \u015fekilde muayene edildi; gece karanl\u0131\u011f\u0131nda pupil b\u00fcy\u00fckl\u00fc\u011f\u00fc de test edildi. Dogan her zaman yan\u0131m\u0131zdayd\u0131 ve bize terc\u00fcmanl\u0131k yapt\u0131. Doktor \u00e7ok iyi \u0130ngilizce konu\u015ftu\u011fu i\u00e7in onunla bu dilde de ileti\u015fim kurmak m\u00fcmk\u00fcnd\u00fc.  <\/p>\n\n\n\n<p>Sa\u011f g\u00f6z\u00fcmde kornea biraz in\u00e7eydi (491\u202f\u00b5m), bu y\u00fczden doktor benim durumumda mikrokeratomla kesim yapman\u0131n m\u00fcmk\u00fcn olup olmad\u0131\u011f\u0131n\u0131 veya Femto-LASIK gibi ba\u015fka bir y\u00f6nteme ge\u00e7ilip ge\u00e7ilmeyece\u011fini iyi hesaplamak zorundayd\u0131. Sonunda normal LASIK, yani mikrokeratomla kesim yap\u0131lmas\u0131na karar verdi; \u00fcstelik bu klinik i\u00e7in 400 Euro daha fazla kazan\u00e7 demek olmas\u0131na ra\u011fmen. Sebep olarak, Femto\u2019nun hen\u00fcz uzun vadeli deneyimlerinin olmad\u0131\u011f\u0131n\u0131 ve klini\u011fin en yeni mikrokeratom cihaz\u0131na sahip oldu\u011funu, bu sayede flap kal\u0131nl\u0131\u011f\u0131n\u0131n sadece yakla\u015f\u0131k 100\u202f\u00b5m oldu\u011funu belirtti.  <\/p>\n\n\n\n<p>\u00d6n muayene ile ameliyat aras\u0131nda g\u00f6zlerimizin dinlenmeye ihtiyac\u0131 oldu\u011fundan, biraz yemek yedik ve sonra Taksim b\u00f6lgesini ke\u015ffe \u00e7\u0131kt\u0131k.<\/p>\n\n\n\n<p>Sonras\u0131nda ameliyat zaman\u0131 geldi. O\u011flum ameliyattan biraz korktu\u011fu i\u00e7in (g\u00f6zlerine dokunulmas\u0131ndan nefret eder ve bir noktaya uzun s\u00fcre bakmakta zorlan\u0131r) ona sakinle\u015ftirici bir tablet verildi. Ameliyattan \u00f6nce masaj koltu\u011funa da uzanabiliyorsunuz, bu da rahatlamaya yard\u0131mc\u0131 oluyor. Bu haz\u0131rl\u0131klarla o\u011flum benden \u00f6nce ameliyata girmeye cesaret etti. O\u011flum Roman, ameliyat\u0131n\u0131 filme almam\u0131 istedi. Bu, ameliyathane odas\u0131na bakan bir pencereden ve duvardaki monit\u00f6rde tedavi edilen g\u00f6z ve i\u015flemleri g\u00f6rebilece\u011fimiz \u015fekilde m\u00fcmk\u00fcnd\u00fc. <br>    <\/p>\n\n\n\n<p>Masaj koltu\u011funda k\u0131sa bir s\u00fcre dinlendikten sonra s\u0131ra bana geldi. Burada da Dogan yan\u0131mdayd\u0131 ve ameliyat s\u0131ras\u0131nda her ad\u0131m\u0131 bana anlatt\u0131. Flap\u2019\u0131 kesmek i\u00e7in k\u0131sa s\u00fcre uygulanan emme halkas\u0131 ve g\u00f6zleri a\u00e7\u0131k tutmak i\u00e7in kullan\u0131lan kelep\u00e7eler d\u0131\u015f\u0131nda ameliyat s\u0131ras\u0131nda hi\u00e7bir \u015fey hissetmedim. Yakla\u015f\u0131k 20 dakika sonra her \u015fey bitmi\u015fti ve karart\u0131lm\u0131\u015f bir dinlenme odas\u0131na g\u00f6t\u00fcr\u00fcld\u00fcm. Yakla\u015f\u0131k 20 dakika sonra ilk kontroller yap\u0131ld\u0131 ve ard\u0131ndan otele geri g\u00f6t\u00fcr\u00fcld\u00fck. Ameliyattan sonra g\u00f6zler \u00e7ok \u0131\u015f\u0131\u011fa duyarl\u0131 oldu\u011fundan bize g\u00fcne\u015f g\u00f6zl\u00fc\u011f\u00fc de verildi.    <\/p>\n\n\n\n<p>Ameliyattan sonraki ilk 4 saatte g\u00f6zlerimiz suland\u0131, yand\u0131 ve bat\u0131yordu. Uyumaya \u00e7al\u0131\u015ft\u0131k ve k\u0131smen uyuyabildik. Bir saat daha g\u00f6zlerimiz \u00e7ok \u0131\u015f\u0131\u011fa duyarl\u0131yd\u0131 ve sonra rahats\u0131zl\u0131k tamamen ge\u00e7ti.  <\/p>\n\n\n\n<p>Ya\u015fa ba\u011fl\u0131 uza\u011f\u0131 g\u00f6rememe (presbiyopi) nedeniyle monovision y\u00f6ntemi se\u00e7mi\u015ftim ve ba\u015ftan itibaren kendimi bununla olduk\u00e7a rahat hissettim. Monovision biraz al\u0131\u015fma s\u00fcresi gerektiriyor; yapt\u0131\u011f\u0131n\u0131z i\u015fe g\u00f6re ya hi\u00e7 fark etmiyorsunuz ya da biraz hissediyorsunuz. Ama hi\u00e7bir zaman sorun olmad\u0131.  <\/p>\n\n\n\n<p>Ertesi g\u00fcn bir kontrol randevusu vard\u0131 ve Dogan bizi tekrar al\u0131p hastaneye g\u00f6t\u00fcrd\u00fc. G\u00f6rme keskinli\u011fimiz zaten neredeyse %100\u2019d\u00fc. Art\u0131k yeni g\u00f6zlerimizle \u0130stanbul\u2019u ke\u015ffedebiliyorduk \u2013 ne harika bir duyguydu!  <\/p>\n\n\n\n<p>\u015eu ana kadar hi\u00e7bir rahats\u0131zl\u0131k ya\u015famad\u0131k, sadece ara s\u0131ra hafif kuru g\u00f6zler oluyor, ama bu giderek azal\u0131yor. \u00d6zellikle 40 ya\u015f \u00fcst\u00fc kad\u0131nlarda bu durum bir s\u00fcre normal kabul ediliyor. Gece araba kullanmak da sorunsuz, yani halo veya parlamalar yok. G\u00f6rme keskinli\u011fimiz g\u00f6zl\u00fckl\u00fc halimizden biraz daha d\u00fc\u015f\u00fck, ama g\u00fcnl\u00fck hayat i\u00e7in h\u00e2l\u00e2 fazlas\u0131yla yeterli.   <\/p>\n\n\n\n<p>Roman benden daha iyi g\u00f6r\u00fcyor; monovision nedeniyle ben biraz keskinlik kaybettim maalesef. Ama dedi\u011fim gibi, yine de g\u00fcnl\u00fck i\u015fleri halletmek i\u00e7in yeterince iyi, ister ofiste, ister arabada, ister ev i\u015flerinde. <\/p>\n\n\n\n<p>\u0130kimiz de g\u00f6zl\u00fcks\u00fcz olmaktan \u00e7ok memnunuz.<\/p>\n\n\n\n<p>Bu noktada, klinik ve siz Bay Karaagacli\u2019ye tekrar iyi ilgiden dolay\u0131 te\u015fekk\u00fcr etmek istiyoruz. <\/p>\n\n\n\n<p>\u015eubat ba\u015f\u0131nda \u0130svi\u00e7re\u2019de ilk kontrol\u00fcm\u00fcz var; sonras\u0131nda size durumu bildirece\u011fim.<\/p>\n\n\n\n<p>O zamana kadar, Walterswil\u2019den selamlar<\/p>\n\n\n\n<p>I. Hiltbrunner<\/p>\n\n\n\n<p>P.S. Bu ger\u00e7ek bir rapordur. \u0130stenirse, kan\u0131t\u0131n\u0131 info@swisslasik.ch adressinden sorabilirsiniz: <\/p>\n\n\n\n<div class=\"wp-block-group is-layout-grid wp-container-core-group-is-layout-baef362d wp-block-group-is-layout-grid\">\n<p><a href=\"https:\/\/medicaltravel.at\/tr\/hasta-hikayeleri\/eski-hasta-raporlari\/lasik-tuerkiye-hasta-raporu-20-mart-2007-sali-tarihli-rapor\/\" data-type=\"link\" data-id=\"https:\/\/medicaltravel.at\/berichte-von-patienten\/altere-patientenberichte\/patientenbericht-lasik-turkei-bericht-vom-dienstag-20-marz-2007\/\">\u00d6nceki Rapor<\/a><\/p>\n\n\n\n<p class=\"has-text-align-right wp-container-content-5e2576f9\"><a href=\"https:\/\/medicaltravel.at\/tr\/hasta-hikayeleri\/eski-hasta-raporlari\/lasik-ameliyati-istanbulda-05-aralik-2006-sali-tarihli-rapor\/\" data-type=\"link\" data-id=\"https:\/\/medicaltravel.at\/tr\/hasta-hikayeleri\/eski-hasta-raporlari\/lasik-ameliyati-istanbulda-05-aralik-2006-sali-tarihli-rapor\/\">Sonraki Rapor<\/a><\/p>\n<\/div>\n","protected":false},"excerpt":{"rendered":"<p>G\u00f6z Lazeri Deneyim Raporu \u0130stanbul \u2013 29 Ocak 2007 Pazartesi tarihli rapor Hastam\u0131z I. Hiltbrunner, Walterswil\u2019den, 29.01.2007 saat 21:22\u2019de bize \u015f\u00f6yle yazd\u0131: \u2014\u2013Orijinal Mesaj\u2014\u2013 G\u00f6nderilme: Pazartesi, 29 Ocak 2007 21:22Al\u0131c\u0131: info@swisslasik.chKonu: Deneyim Raporu Say\u0131n Bay Karaa\u011fa\u00e7l\u0131 Size a\u015fa\u011f\u0131da deneyim raporumu sunuyorum; dilerseniz bunu internet \u00fczerinde de yay\u0131mlayabilirsiniz. Deneyim Raporu: \u0130stanbul\u2019da LASIK 30 y\u0131ldan uzun s\u00fcredir g\u00f6rme yard\u0131m\u0131na ihtiya\u00e7 duyuyorum, miyopiyam 3,25 ile 3,75 diyopter aras\u0131nda. Kontakt lensleri iyi tolere edemedi\u011fim i\u00e7in LASIK konusunu daha \u00f6nce birka\u00e7 kez d\u00fc\u015f\u00fcnd\u00fcm, ancak maliyet nedeniyle \u015fimdiye kadar m\u00fcmk\u00fcn olmad\u0131. 40\u2019l\u0131 ya\u015flar\u0131m\u0131n ortas\u0131nda oldu\u011fum i\u00e7in \u015fimdiden ya\u015fa ba\u011fl\u0131 uza\u011f\u0131 g\u00f6rememe (presbiyopi) ba\u015flam\u0131\u015ft\u0131 ve yak\u0131nda progresif lensli bir g\u00f6zl\u00fc\u011fe ihtiyac\u0131m olacakt\u0131. Bu da beni LASIK konusunu tekrar d\u00fc\u015f\u00fcnmeye y\u00f6neltti. \u0130nternet \u00fczerinden \u00f6\u011frendim ki LASIK T\u00fcrkiye\u2019de burada oldu\u011fundan \u00e7ok daha ucuz ve b\u00f6ylece Swisslasik\u2019in web sitesine ula\u015ft\u0131m. \u0130svi\u00e7re\u2019de birka\u00e7 kontrol ve \u00f6n muayenenin ard\u0131ndan, ameliyat\u0131 Swisslasik \u00fczerinden rezervasyon yapmaya karar verdim; bunu, miyop olan o\u011flumla birlikte yapt\u0131k. S\u00f6zle\u015fmeyi imzalad\u0131k ve ard\u0131ndan seyahatimizle ilgili bir\u00e7ok de\u011ferli bilgi i\u00e7eren SwissLasik Pasaportunu ald\u0131k. B\u00f6ylece 13.12.2006\u2019da o\u011flumla birlikte \u0130stanbul\u2019a u\u00e7tuk. U\u00e7akta, \u0130svi\u00e7re\u2019de ya\u015fayan bir T\u00fcrk kad\u0131n\u0131n yan\u0131na oturduk. Kendisi Eyestar Klini\u011fi\u2019ni duyumdan biliyordu ve T\u00fcrkiye\u2019de g\u00f6z ameliyatlar\u0131 i\u00e7in en iyi klinik oldu\u011funu s\u00f6yledi! Yani yolculu\u011fumuzun ba\u015flang\u0131c\u0131 olduk\u00e7a umut vericiydi. Havaliman\u0131nda bizi, m\u00fckemmel Almanca konu\u015fan ve ameliyatla ilgili her konuda yan\u0131m\u0131zda olan Dogan kar\u015f\u0131lad\u0131. Bizi g\u00fcvenli bir \u015fekilde otele g\u00f6t\u00fcrd\u00fc ve ertesi g\u00fcn tekrar al\u0131p klini\u011fe g\u00f6t\u00fcrd\u00fc. Oraya vard\u0131\u011f\u0131m\u0131zda g\u00f6zlerimiz \u00e7e\u015fitli cihazlarla detayl\u0131 \u015fekilde muayene edildi; gece karanl\u0131\u011f\u0131nda pupil b\u00fcy\u00fckl\u00fc\u011f\u00fc de test edildi. Dogan her zaman yan\u0131m\u0131zdayd\u0131 ve bize terc\u00fcmanl\u0131k yapt\u0131. Doktor \u00e7ok iyi \u0130ngilizce konu\u015ftu\u011fu i\u00e7in onunla bu dilde de ileti\u015fim kurmak m\u00fcmk\u00fcnd\u00fc. Sa\u011f g\u00f6z\u00fcmde kornea biraz in\u00e7eydi (491\u202f\u00b5m), bu y\u00fczden doktor benim durumumda mikrokeratomla kesim yapman\u0131n m\u00fcmk\u00fcn olup olmad\u0131\u011f\u0131n\u0131 veya Femto-LASIK gibi ba\u015fka bir y\u00f6nteme ge\u00e7ilip ge\u00e7ilmeyece\u011fini iyi hesaplamak zorundayd\u0131. Sonunda normal LASIK, yani mikrokeratomla kesim yap\u0131lmas\u0131na karar verdi; \u00fcstelik bu klinik i\u00e7in 400 Euro daha fazla kazan\u00e7 demek olmas\u0131na ra\u011fmen. Sebep olarak, Femto\u2019nun hen\u00fcz uzun vadeli deneyimlerinin olmad\u0131\u011f\u0131n\u0131 ve klini\u011fin en yeni mikrokeratom cihaz\u0131na sahip oldu\u011funu, bu sayede flap kal\u0131nl\u0131\u011f\u0131n\u0131n sadece yakla\u015f\u0131k 100\u202f\u00b5m oldu\u011funu belirtti. \u00d6n muayene ile ameliyat aras\u0131nda g\u00f6zlerimizin dinlenmeye ihtiyac\u0131 oldu\u011fundan, biraz yemek yedik ve sonra Taksim b\u00f6lgesini ke\u015ffe \u00e7\u0131kt\u0131k. Sonras\u0131nda ameliyat zaman\u0131 geldi. O\u011flum ameliyattan biraz korktu\u011fu i\u00e7in (g\u00f6zlerine dokunulmas\u0131ndan nefret eder ve bir noktaya uzun s\u00fcre bakmakta zorlan\u0131r) ona sakinle\u015ftirici bir tablet verildi. Ameliyattan \u00f6nce masaj koltu\u011funa da uzanabiliyorsunuz, bu da rahatlamaya yard\u0131mc\u0131 oluyor. Bu haz\u0131rl\u0131klarla o\u011flum benden \u00f6nce ameliyata girmeye cesaret etti. O\u011flum Roman, ameliyat\u0131n\u0131 filme almam\u0131 istedi. Bu, ameliyathane odas\u0131na bakan bir pencereden ve duvardaki monit\u00f6rde tedavi edilen g\u00f6z ve i\u015flemleri g\u00f6rebilece\u011fimiz \u015fekilde m\u00fcmk\u00fcnd\u00fc. Masaj koltu\u011funda k\u0131sa bir s\u00fcre dinlendikten sonra s\u0131ra bana geldi. Burada da Dogan yan\u0131mdayd\u0131 ve ameliyat s\u0131ras\u0131nda her ad\u0131m\u0131 bana anlatt\u0131. Flap\u2019\u0131 kesmek i\u00e7in k\u0131sa s\u00fcre uygulanan emme halkas\u0131 ve g\u00f6zleri a\u00e7\u0131k tutmak i\u00e7in kullan\u0131lan kelep\u00e7eler d\u0131\u015f\u0131nda ameliyat s\u0131ras\u0131nda hi\u00e7bir \u015fey hissetmedim. Yakla\u015f\u0131k 20 dakika sonra her \u015fey bitmi\u015fti ve karart\u0131lm\u0131\u015f bir dinlenme odas\u0131na g\u00f6t\u00fcr\u00fcld\u00fcm. Yakla\u015f\u0131k 20 dakika sonra ilk kontroller yap\u0131ld\u0131 ve ard\u0131ndan otele geri g\u00f6t\u00fcr\u00fcld\u00fck. Ameliyattan sonra g\u00f6zler \u00e7ok \u0131\u015f\u0131\u011fa duyarl\u0131 oldu\u011fundan bize g\u00fcne\u015f g\u00f6zl\u00fc\u011f\u00fc de verildi. Ameliyattan sonraki ilk 4 saatte g\u00f6zlerimiz suland\u0131, yand\u0131 ve bat\u0131yordu. Uyumaya \u00e7al\u0131\u015ft\u0131k ve k\u0131smen uyuyabildik. Bir saat daha g\u00f6zlerimiz \u00e7ok \u0131\u015f\u0131\u011fa duyarl\u0131yd\u0131 ve sonra rahats\u0131zl\u0131k tamamen ge\u00e7ti. Ya\u015fa ba\u011fl\u0131 uza\u011f\u0131 g\u00f6rememe (presbiyopi) nedeniyle monovision y\u00f6ntemi se\u00e7mi\u015ftim ve ba\u015ftan itibaren kendimi bununla olduk\u00e7a rahat hissettim. Monovision biraz al\u0131\u015fma s\u00fcresi gerektiriyor; yapt\u0131\u011f\u0131n\u0131z i\u015fe g\u00f6re ya hi\u00e7 fark etmiyorsunuz ya da biraz hissediyorsunuz. Ama hi\u00e7bir zaman sorun olmad\u0131. Ertesi g\u00fcn bir kontrol randevusu vard\u0131 ve Dogan bizi tekrar al\u0131p hastaneye g\u00f6t\u00fcrd\u00fc. G\u00f6rme keskinli\u011fimiz zaten neredeyse %100\u2019d\u00fc. Art\u0131k yeni g\u00f6zlerimizle \u0130stanbul\u2019u ke\u015ffedebiliyorduk \u2013 ne harika bir duyguydu! \u015eu ana kadar hi\u00e7bir rahats\u0131zl\u0131k ya\u015famad\u0131k, sadece ara s\u0131ra hafif kuru g\u00f6zler oluyor, ama bu giderek azal\u0131yor. \u00d6zellikle 40 ya\u015f \u00fcst\u00fc kad\u0131nlarda bu durum bir s\u00fcre normal kabul ediliyor. Gece araba kullanmak da sorunsuz, yani halo veya parlamalar yok. G\u00f6rme keskinli\u011fimiz g\u00f6zl\u00fckl\u00fc halimizden biraz daha d\u00fc\u015f\u00fck, ama g\u00fcnl\u00fck hayat i\u00e7in h\u00e2l\u00e2 fazlas\u0131yla yeterli. Roman benden daha iyi g\u00f6r\u00fcyor; monovision nedeniyle ben biraz keskinlik kaybettim maalesef. Ama dedi\u011fim gibi, yine de g\u00fcnl\u00fck i\u015fleri halletmek i\u00e7in yeterince iyi, ister ofiste, ister arabada, ister ev i\u015flerinde. \u0130kimiz de g\u00f6zl\u00fcks\u00fcz olmaktan \u00e7ok memnunuz. Bu noktada, klinik ve siz Bay Karaagacli\u2019ye tekrar iyi ilgiden dolay\u0131 te\u015fekk\u00fcr etmek istiyoruz. \u015eubat ba\u015f\u0131nda \u0130svi\u00e7re\u2019de ilk kontrol\u00fcm\u00fcz var; sonras\u0131nda size durumu bildirece\u011fim. O zamana kadar, Walterswil\u2019den selamlar I. Hiltbrunner P.S. Bu ger\u00e7ek bir rapordur. \u0130stenirse, kan\u0131t\u0131n\u0131 info@swisslasik.ch adressinden sorabilirsiniz: \u00d6nceki Rapor Sonraki Rapor<\/p>\n","protected":false},"author":4,"featured_media":0,"parent":4243,"menu_order":0,"comment_status":"closed","ping_status":"closed","template":"","meta":{"_joinchat":[],"footnotes":""},"class_list":["post-4364","page","type-page","status-publish","hentry"],"acf":[],"_links":{"self":[{"href":"https:\/\/medicaltravel.at\/tr\/wp-json\/wp\/v2\/pages\/4364","targetHints":{"allow":["GET"]}}],"collection":[{"href":"https:\/\/medicaltravel.at\/tr\/wp-json\/wp\/v2\/pages"}],"about":[{"href":"https:\/\/medicaltravel.at\/tr\/wp-json\/wp\/v2\/types\/page"}],"author":[{"embeddable":true,"href":"https:\/\/medicaltravel.at\/tr\/wp-json\/wp\/v2\/users\/4"}],"replies":[{"embeddable":true,"href":"https:\/\/medicaltravel.at\/tr\/wp-json\/wp\/v2\/comments?post=4364"}],"version-history":[{"count":5,"href":"https:\/\/medicaltravel.at\/tr\/wp-json\/wp\/v2\/pages\/4364\/revisions"}],"predecessor-version":[{"id":5867,"href":"https:\/\/medicaltravel.at\/tr\/wp-json\/wp\/v2\/pages\/4364\/revisions\/5867"}],"up":[{"embeddable":true,"href":"https:\/\/medicaltravel.at\/tr\/wp-json\/wp\/v2\/pages\/4243"}],"wp:attachment":[{"href":"https:\/\/medicaltravel.at\/tr\/wp-json\/wp\/v2\/media?parent=4364"}],"curies":[{"name":"wp","href":"https:\/\/api.w.org\/{rel}","templated":true}]}}