{"id":4350,"date":"2025-09-28T11:14:41","date_gmt":"2025-09-28T10:14:41","guid":{"rendered":"https:\/\/medicaltravel.at\/hasta-hikayeleri\/eski-hasta-raporlari\/goez-lazeri-deneyim-raporu-istanbul-24-nisan-2008-persembe-tarihli-rapor\/"},"modified":"2026-01-13T18:01:20","modified_gmt":"2026-01-13T17:01:20","slug":"goez-lazeri-deneyim-raporu-istanbul-24-nisan-2008-persembe-tarihli-rapor","status":"publish","type":"page","link":"https:\/\/medicaltravel.at\/tr\/hasta-hikayeleri\/eski-hasta-raporlari\/goez-lazeri-deneyim-raporu-istanbul-24-nisan-2008-persembe-tarihli-rapor\/","title":{"rendered":"G\u00f6z Lazeri Deneyim Raporu \u0130stanbul \u2013 24 Nisan 2008 Per\u015fembe tarihli rapor"},"content":{"rendered":"\n<h3 class=\"wp-block-heading\">G\u00f6z Lazeri Deneyim Raporu \u0130stanbul \u2013 24 Nisan 2008 Per\u015fembe tarihli rapor<\/h3>\n\n\n\n<p>\u0130stanbul\u2019da G\u00f6z Lazer Tedavisi Deneyim Raporu<\/p>\n\n\n\n<p>Yakla\u015f\u0131k 22 ya\u015f\u0131ndayken araba kullanmak i\u00e7in bir g\u00f6rme yard\u0131m\u0131na, yani g\u00f6zl\u00fc\u011fe ihtiya\u00e7 duymaya ba\u015flad\u0131m. Ba\u015fta g\u00f6zl\u00fc\u011f\u00fc sadece araba kullan\u0131rken ya da sinemada tak\u0131yordum. G\u00fcn\u00fcn geri kalan\u0131nda g\u00f6zl\u00fc\u011fe ihtiyac\u0131m olmuyordu. Zamanla g\u00f6zlerim daha da zay\u0131flad\u0131 ve g\u00f6zl\u00fc\u011f\u00fc g\u00fcn boyu takmaya ba\u015flad\u0131m. Baz\u0131 spor dallar\u0131nda (\u00f6rne\u011fin y\u00fczme ya da ko\u015fu yaparken) g\u00f6zl\u00fck rahats\u0131z edici oldu\u011fu i\u00e7in ayl\u0131k kontakt lens kullanmaya karar verdim. Ayl\u0131k lenslerle kendimi daha \u00f6zg\u00fcr ve k\u0131s\u0131tlanmam\u0131\u015f hissettim. Yeni bir duyguydu. Ancak ayl\u0131k lenslerle de ara s\u0131ra rahats\u0131z edici durumlar oluyordu. Ama ne yapal\u0131m, kozmetik sebeplerden dolay\u0131 art\u0131k g\u00f6zl\u00fck takmak istemedi\u011fim i\u00e7in buna bir \u015fekilde katlanmam gerekiyordu. Yakla\u015f\u0131k 3 y\u0131l \u00f6nce, \u00e7e\u015fitli dergilerde her yerde g\u00f6z lazer tedavileriyle ilgili reklamlar \u00e7\u0131kmaya ba\u015flad\u0131. Hepsini \u00e7ok dikkatli bir \u015fekilde okudum ve bu konuya \u00e7ok ilgi duydum. Daha sonra iyi bir arkada\u015f\u0131m Bern\u2019de yapt\u0131rd\u0131\u011f\u0131 g\u00f6z lazer ameliyat\u0131 ile ilgili deneyimlerini benimle payla\u015ft\u0131 ve her konuda bilgi verdi; ayr\u0131ca yakla\u015f\u0131k 8000 \u0130svi\u00e7re frang\u0131 masraf olaca\u011f\u0131n\u0131 da s\u00f6yledi. Ancak o a\u015famaya gelene kadar \u00f6nce B\u0130R\u0130KT\u0130RMEK gerekiyordu.              <\/p>\n\n\n\n<p>Tesad\u00fcfen 25 Haziran 2007\u2019de \u0130svi\u00e7re televizyonunda PULS program\u0131nda \u0130stanbul\u2019da yap\u0131lan g\u00f6z lazeriyle ilgili bir belgesel izledim. Bu sayede www.swisslasik.ch internet sitesine ula\u015ft\u0131m. Uzun s\u00fcre gidip geldikten sonra, eyl\u00fcl ay\u0131n\u0131n sonunda Z\u00fcrih\u2019te \u00f6n muayeneye kaydolmaya karar verdim. Yap\u0131lan kontroller sonucunda benim i\u00e7in ameliyat\u0131n bir sorun olmayaca\u011f\u0131 ortaya \u00e7\u0131kt\u0131. G\u00f6z doktoru, gerekli tetkiklerin yan\u0131 s\u0131ra lazer ameliyat\u0131n\u0131n avantajlar\u0131 ve dezavantajlar\u0131 hakk\u0131nda da beni bilgilendirdi.<br><br>Z\u00fcrih\u2019teki muayeneden sonra h\u00e2l\u00e2 tam olarak ikna olmam\u0131\u015ft\u0131m. \u00c7evremdeki insanlardan da \u201c\u0130stanbul\u2019da g\u00f6z m\u00fc lazerletilir, normal misin, \u00e7ok tehlikeli\u201d gibi s\u00f6zler d\u0131\u015f\u0131nda pek olumlu yorumlar gelmedi. Buna ra\u011fmen Swisslasik forumundaki deneyim yaz\u0131lar\u0131n\u0131 tekrar tekrar okudum. Okudu\u011fum her olumlu deneyimle birlikte karar\u0131m daha da netle\u015fti: ya \u015fimdi ya hi\u00e7.<br><br>Ocak 2008\u2019in ba\u015f\u0131nda Bay Karaagacli ile ileti\u015fime ge\u00e7tim ve 31 Mart 2008 tarihinde \u0130stanbul\u2019da g\u00f6z lazer ameliyat\u0131 olmak istedi\u011fimi bildirdim. Bay Karaagacli u\u00e7ak biletini, oteli (Taskim G\u00f6nen) ve ameliyat randevusunu organize etti. Her \u015fey d\u00f6rt d\u00f6rtl\u00fckt\u00fc. Mart ay\u0131n\u0131n ba\u015f\u0131nda ise \u0130stanbul\u2019daki kal\u0131\u015f\u0131m i\u00e7in gerekli ve faydal\u0131 t\u00fcm bilgileri i\u00e7eren, bana \u00f6zel haz\u0131rlanm\u0131\u015f Swisslasik pasaportunu ald\u0131m. H\u0131zl\u0131 ve nazik e-postalar\u0131 ve \u00e7ok iyi organizasyon i\u00e7in Bay Karaagacli\u2019ye \u00e7ok te\u015fekk\u00fcr ederim.             <\/p>\n\n\n\n<p>B\u00f6ylece 30 Mart 2008 Pazar g\u00fcn\u00fc e\u015fimle birlikte \u0130stanbul\u2019a u\u00e7tuk. Havaliman\u0131nda bizi Bay Cayli kar\u015f\u0131lad\u0131 ve otele g\u00f6t\u00fcrd\u00fc. Kendisi \u00e7ok ak\u0131c\u0131 Almanca konu\u015fuyordu ve yakla\u015f\u0131k 25 dakikal\u0131k araba yolculu\u011fu s\u0131ras\u0131nda EyeStar g\u00f6z klini\u011fi ve ameliyat\u0131n nas\u0131l ilerleyece\u011fi hakk\u0131nda bizi bilgilendirdi. Ameliyat pazartesi g\u00fcn\u00fc planland\u0131\u011f\u0131 i\u00e7in pazar \u00f6\u011fleden sonra serbest zaman\u0131m\u0131z vard\u0131 ve Taksim Meydan\u0131 \u00e7evresindeki sokaklar\u0131 gezdik.<br><br>Ertesi sabah, 31 Mart 2008 Pazartesi g\u00fcn\u00fc saat 11.00\u2019de Fred bizi otelden ald\u0131. G\u00f6z klini\u011fine y\u00fcr\u00fcyerek sadece yakla\u015f\u0131k 200 metre vard\u0131. Yolda, benim gibi ameliyat\u0131 o g\u00fcn planlanan Almanya\u2019dan iki bayan daha bize kat\u0131ld\u0131. Klinikte bizi s\u0131cak ve rahat bir \u015fekilde kar\u015f\u0131lad\u0131lar. \u00d6nce birer fincan kahve i\u00e7tik, ard\u0131ndan g\u00f6zlerimiz detayl\u0131 \u015fekilde muayene edildi. Sonra \u00f6\u011fle aras\u0131 verildi ve \u00f6\u011fleden sonra yakla\u015f\u0131k saat 15.30\u2019da s\u0131ra bana geldi. Bana ye\u015fil bir \u00f6nl\u00fck ve sa\u00e7 bonesi giydirildi, ard\u0131ndan masaj koltu\u011funa oturdum. Burada Bay Cayli g\u00f6zlerimi dezenfekte etti ve beni sakinle\u015ftirici s\u00f6zlerle rahatlatt\u0131.            <\/p>\n\n\n\n<p>Sonra lazer i\u00e7in ameliyathaneye ge\u00e7ildi. Her ad\u0131m g\u00f6z doktoru taraf\u0131ndan \u0130ngilizce olarak kaydedildi ve Bay Fred t\u00fcm talimatlar\u0131 Almancaya \u00e7evirdi. G\u00f6z kapa\u011f\u0131 a\u00e7\u0131c\u0131 ve g\u00f6zleri sabitleyen k\u00fc\u00e7\u00fck alet tak\u0131l\u0131rken hafif bir bas\u0131n\u00e7 hissettim. Bunun d\u0131\u015f\u0131nda her \u015fey sorunsuz ilerledi. \u0130ki g\u00f6z ard\u0131\u015f\u0131k \u015fekilde ameliyat edildi.    <\/p>\n\n\n\n<p>Ameliyattan yakla\u015f\u0131k 10 dakika sonra e\u015fimle birlikte otele geri d\u00f6nd\u00fcm. G\u00f6zlerim biraz sulansa da hi\u00e7bir a\u011fr\u0131 hissetmedim. \u015eimdi yap\u0131lacak tek \u015fey uyumakt\u0131, her saat g\u00f6z damlas\u0131 uygulamak ve sadece uyumak, uyumak\u2026  <\/p>\n\n\n\n<p>Ertesi sabah g\u00f6zlerim zaten tam g\u00f6r\u00fcyordu ve hi\u00e7bir rahats\u0131zl\u0131k hissetmiyordum. Kontrol muayenesinde g\u00f6z doktoru da bana %100 g\u00f6rme yetene\u011fime ula\u015ft\u0131\u011f\u0131m\u0131 do\u011frulad\u0131. Ne harika bir duyguydu: tam g\u00f6r\u00fc\u015f, hi\u00e7 rahats\u0131zl\u0131k veya a\u011fr\u0131 yok, g\u00f6zlerde sulanma veya yanma yok \u2014 t\u00fcm bunlar ameliyattan sadece bir g\u00fcn sonra, inan\u0131lmaz.  <\/p>\n\n\n\n<p>G\u00fcn\u00fcn geri kalan\u0131 bize serbest b\u0131rak\u0131ld\u0131, bu y\u00fczden \u0130stanbul\u2019un gezilecek yerlerini g\u00f6rmeye h\u00e2l\u00e2 zaman\u0131m\u0131z oldu ve ertesi g\u00fcn tekrar \u0130svi\u00e7re\u2019ye u\u00e7tuk.<\/p>\n\n\n\n<p>Sonradan geriye d\u00f6n\u00fcp bakt\u0131\u011f\u0131mda, \u0130stanbul\u2019a gitme yolculu\u011funu kesinlikle de\u011ferli buldu\u011fumu g\u00f6n\u00fcl rahatl\u0131\u011f\u0131yla s\u00f6yleyebilirim. Her \u015fey m\u00fckemmel bir \u015fekilde organize edilmi\u015fti ve g\u00f6z klini\u011findeki herkes de dostane, yard\u0131msever ve profesyoneldi. Art\u0131k g\u00f6rme yard\u0131m\u0131na ihtiya\u00e7 duymadan bir hayat ba\u015flayabilir\u2026.  <\/p>\n\n\n\n<p>Salzmann Ingrid, Baltschieder, 20 Nisan 2008<\/p>\n\n\n\n<div class=\"wp-block-group is-layout-grid wp-container-core-group-is-layout-baef362d wp-block-group-is-layout-grid\">\n<p><a href=\"https:\/\/medicaltravel.at\/home\/agb\/\" data-type=\"page\" data-id=\"2191\"><\/a><a href=\"https:\/\/medicaltravel.at\/tr\/hasta-hikayeleri\/eski-hasta-raporlari\/her-sey-lise-yillarinda-basladi-16-mayis-2008-cuma-tarihli-rapor\/\" data-type=\"link\" data-id=\"https:\/\/medicaltravel.at\/tr\/hasta-hikayeleri\/eski-hasta-raporlari\/her-sey-lise-yillarinda-basladi-16-mayis-2008-cuma-tarihli-rapor\/\">\u00d6nceki Rapor<\/a><\/p>\n\n\n\n<p class=\"has-text-align-right wp-container-content-5e2576f9\"><a href=\"https:\/\/medicaltravel.at\/home\/impressum\/\" data-type=\"page\" data-id=\"2193\"><\/a><a href=\"https:\/\/medicaltravel.at\/home\/berichte-von-patienten\/erfahrungsberichte\/erfahrungsbericht-zahnbehandlung-in-istanbul\/\" data-type=\"page\" data-id=\"981\"><\/a><a href=\"https:\/\/medicaltravel.at\/tr\/hasta-hikayeleri\/eski-hasta-raporlari\/benim-goez-lasik-ameliyatim-istanbul-08-04-08-17-nisan-2008-persembe-tarihli-rapor\/\" data-type=\"link\" data-id=\"https:\/\/medicaltravel.at\/tr\/hasta-hikayeleri\/eski-hasta-raporlari\/benim-goez-lasik-ameliyatim-istanbul-08-04-08-17-nisan-2008-persembe-tarihli-rapor\/\">Sonraki Rapor<\/a><\/p>\n<\/div>\n\n\n\n<p><\/p>\n","protected":false},"excerpt":{"rendered":"<p>G\u00f6z Lazeri Deneyim Raporu \u0130stanbul \u2013 24 Nisan 2008 Per\u015fembe tarihli rapor \u0130stanbul\u2019da G\u00f6z Lazer Tedavisi Deneyim Raporu Yakla\u015f\u0131k 22 ya\u015f\u0131ndayken araba kullanmak i\u00e7in bir g\u00f6rme yard\u0131m\u0131na, yani g\u00f6zl\u00fc\u011fe ihtiya\u00e7 duymaya ba\u015flad\u0131m. Ba\u015fta g\u00f6zl\u00fc\u011f\u00fc sadece araba kullan\u0131rken ya da sinemada tak\u0131yordum. G\u00fcn\u00fcn geri kalan\u0131nda g\u00f6zl\u00fc\u011fe ihtiyac\u0131m olmuyordu. Zamanla g\u00f6zlerim daha da zay\u0131flad\u0131 ve g\u00f6zl\u00fc\u011f\u00fc g\u00fcn boyu takmaya ba\u015flad\u0131m. Baz\u0131 spor dallar\u0131nda (\u00f6rne\u011fin y\u00fczme ya da ko\u015fu yaparken) g\u00f6zl\u00fck rahats\u0131z edici oldu\u011fu i\u00e7in ayl\u0131k kontakt lens kullanmaya karar verdim. Ayl\u0131k lenslerle kendimi daha \u00f6zg\u00fcr ve k\u0131s\u0131tlanmam\u0131\u015f hissettim. Yeni bir duyguydu. Ancak ayl\u0131k lenslerle de ara s\u0131ra rahats\u0131z edici durumlar oluyordu. Ama ne yapal\u0131m, kozmetik sebeplerden dolay\u0131 art\u0131k g\u00f6zl\u00fck takmak istemedi\u011fim i\u00e7in buna bir \u015fekilde katlanmam gerekiyordu. Yakla\u015f\u0131k 3 y\u0131l \u00f6nce, \u00e7e\u015fitli dergilerde her yerde g\u00f6z lazer tedavileriyle ilgili reklamlar \u00e7\u0131kmaya ba\u015flad\u0131. Hepsini \u00e7ok dikkatli bir \u015fekilde okudum ve bu konuya \u00e7ok ilgi duydum. Daha sonra iyi bir arkada\u015f\u0131m Bern\u2019de yapt\u0131rd\u0131\u011f\u0131 g\u00f6z lazer ameliyat\u0131 ile ilgili deneyimlerini benimle payla\u015ft\u0131 ve her konuda bilgi verdi; ayr\u0131ca yakla\u015f\u0131k 8000 \u0130svi\u00e7re frang\u0131 masraf olaca\u011f\u0131n\u0131 da s\u00f6yledi. Ancak o a\u015famaya gelene kadar \u00f6nce B\u0130R\u0130KT\u0130RMEK gerekiyordu. Tesad\u00fcfen 25 Haziran 2007\u2019de \u0130svi\u00e7re televizyonunda PULS program\u0131nda \u0130stanbul\u2019da yap\u0131lan g\u00f6z lazeriyle ilgili bir belgesel izledim. Bu sayede www.swisslasik.ch internet sitesine ula\u015ft\u0131m. Uzun s\u00fcre gidip geldikten sonra, eyl\u00fcl ay\u0131n\u0131n sonunda Z\u00fcrih\u2019te \u00f6n muayeneye kaydolmaya karar verdim. Yap\u0131lan kontroller sonucunda benim i\u00e7in ameliyat\u0131n bir sorun olmayaca\u011f\u0131 ortaya \u00e7\u0131kt\u0131. G\u00f6z doktoru, gerekli tetkiklerin yan\u0131 s\u0131ra lazer ameliyat\u0131n\u0131n avantajlar\u0131 ve dezavantajlar\u0131 hakk\u0131nda da beni bilgilendirdi. Z\u00fcrih\u2019teki muayeneden sonra h\u00e2l\u00e2 tam olarak ikna olmam\u0131\u015ft\u0131m. \u00c7evremdeki insanlardan da \u201c\u0130stanbul\u2019da g\u00f6z m\u00fc lazerletilir, normal misin, \u00e7ok tehlikeli\u201d gibi s\u00f6zler d\u0131\u015f\u0131nda pek olumlu yorumlar gelmedi. Buna ra\u011fmen Swisslasik forumundaki deneyim yaz\u0131lar\u0131n\u0131 tekrar tekrar okudum. Okudu\u011fum her olumlu deneyimle birlikte karar\u0131m daha da netle\u015fti: ya \u015fimdi ya hi\u00e7. Ocak 2008\u2019in ba\u015f\u0131nda Bay Karaagacli ile ileti\u015fime ge\u00e7tim ve 31 Mart 2008 tarihinde \u0130stanbul\u2019da g\u00f6z lazer ameliyat\u0131 olmak istedi\u011fimi bildirdim. Bay Karaagacli u\u00e7ak biletini, oteli (Taskim G\u00f6nen) ve ameliyat randevusunu organize etti. Her \u015fey d\u00f6rt d\u00f6rtl\u00fckt\u00fc. Mart ay\u0131n\u0131n ba\u015f\u0131nda ise \u0130stanbul\u2019daki kal\u0131\u015f\u0131m i\u00e7in gerekli ve faydal\u0131 t\u00fcm bilgileri i\u00e7eren, bana \u00f6zel haz\u0131rlanm\u0131\u015f Swisslasik pasaportunu ald\u0131m. H\u0131zl\u0131 ve nazik e-postalar\u0131 ve \u00e7ok iyi organizasyon i\u00e7in Bay Karaagacli\u2019ye \u00e7ok te\u015fekk\u00fcr ederim. B\u00f6ylece 30 Mart 2008 Pazar g\u00fcn\u00fc e\u015fimle birlikte \u0130stanbul\u2019a u\u00e7tuk. Havaliman\u0131nda bizi Bay Cayli kar\u015f\u0131lad\u0131 ve otele g\u00f6t\u00fcrd\u00fc. Kendisi \u00e7ok ak\u0131c\u0131 Almanca konu\u015fuyordu ve yakla\u015f\u0131k 25 dakikal\u0131k araba yolculu\u011fu s\u0131ras\u0131nda EyeStar g\u00f6z klini\u011fi ve ameliyat\u0131n nas\u0131l ilerleyece\u011fi hakk\u0131nda bizi bilgilendirdi. Ameliyat pazartesi g\u00fcn\u00fc planland\u0131\u011f\u0131 i\u00e7in pazar \u00f6\u011fleden sonra serbest zaman\u0131m\u0131z vard\u0131 ve Taksim Meydan\u0131 \u00e7evresindeki sokaklar\u0131 gezdik. Ertesi sabah, 31 Mart 2008 Pazartesi g\u00fcn\u00fc saat 11.00\u2019de Fred bizi otelden ald\u0131. G\u00f6z klini\u011fine y\u00fcr\u00fcyerek sadece yakla\u015f\u0131k 200 metre vard\u0131. Yolda, benim gibi ameliyat\u0131 o g\u00fcn planlanan Almanya\u2019dan iki bayan daha bize kat\u0131ld\u0131. Klinikte bizi s\u0131cak ve rahat bir \u015fekilde kar\u015f\u0131lad\u0131lar. \u00d6nce birer fincan kahve i\u00e7tik, ard\u0131ndan g\u00f6zlerimiz detayl\u0131 \u015fekilde muayene edildi. Sonra \u00f6\u011fle aras\u0131 verildi ve \u00f6\u011fleden sonra yakla\u015f\u0131k saat 15.30\u2019da s\u0131ra bana geldi. Bana ye\u015fil bir \u00f6nl\u00fck ve sa\u00e7 bonesi giydirildi, ard\u0131ndan masaj koltu\u011funa oturdum. Burada Bay Cayli g\u00f6zlerimi dezenfekte etti ve beni sakinle\u015ftirici s\u00f6zlerle rahatlatt\u0131. Sonra lazer i\u00e7in ameliyathaneye ge\u00e7ildi. Her ad\u0131m g\u00f6z doktoru taraf\u0131ndan \u0130ngilizce olarak kaydedildi ve Bay Fred t\u00fcm talimatlar\u0131 Almancaya \u00e7evirdi. G\u00f6z kapa\u011f\u0131 a\u00e7\u0131c\u0131 ve g\u00f6zleri sabitleyen k\u00fc\u00e7\u00fck alet tak\u0131l\u0131rken hafif bir bas\u0131n\u00e7 hissettim. Bunun d\u0131\u015f\u0131nda her \u015fey sorunsuz ilerledi. \u0130ki g\u00f6z ard\u0131\u015f\u0131k \u015fekilde ameliyat edildi. Ameliyattan yakla\u015f\u0131k 10 dakika sonra e\u015fimle birlikte otele geri d\u00f6nd\u00fcm. G\u00f6zlerim biraz sulansa da hi\u00e7bir a\u011fr\u0131 hissetmedim. \u015eimdi yap\u0131lacak tek \u015fey uyumakt\u0131, her saat g\u00f6z damlas\u0131 uygulamak ve sadece uyumak, uyumak\u2026 Ertesi sabah g\u00f6zlerim zaten tam g\u00f6r\u00fcyordu ve hi\u00e7bir rahats\u0131zl\u0131k hissetmiyordum. Kontrol muayenesinde g\u00f6z doktoru da bana %100 g\u00f6rme yetene\u011fime ula\u015ft\u0131\u011f\u0131m\u0131 do\u011frulad\u0131. Ne harika bir duyguydu: tam g\u00f6r\u00fc\u015f, hi\u00e7 rahats\u0131zl\u0131k veya a\u011fr\u0131 yok, g\u00f6zlerde sulanma veya yanma yok \u2014 t\u00fcm bunlar ameliyattan sadece bir g\u00fcn sonra, inan\u0131lmaz. G\u00fcn\u00fcn geri kalan\u0131 bize serbest b\u0131rak\u0131ld\u0131, bu y\u00fczden \u0130stanbul\u2019un gezilecek yerlerini g\u00f6rmeye h\u00e2l\u00e2 zaman\u0131m\u0131z oldu ve ertesi g\u00fcn tekrar \u0130svi\u00e7re\u2019ye u\u00e7tuk. Sonradan geriye d\u00f6n\u00fcp bakt\u0131\u011f\u0131mda, \u0130stanbul\u2019a gitme yolculu\u011funu kesinlikle de\u011ferli buldu\u011fumu g\u00f6n\u00fcl rahatl\u0131\u011f\u0131yla s\u00f6yleyebilirim. Her \u015fey m\u00fckemmel bir \u015fekilde organize edilmi\u015fti ve g\u00f6z klini\u011findeki herkes de dostane, yard\u0131msever ve profesyoneldi. Art\u0131k g\u00f6rme yard\u0131m\u0131na ihtiya\u00e7 duymadan bir hayat ba\u015flayabilir\u2026. Salzmann Ingrid, Baltschieder, 20 Nisan 2008 \u00d6nceki Rapor Sonraki Rapor<\/p>\n","protected":false},"author":4,"featured_media":0,"parent":4243,"menu_order":0,"comment_status":"closed","ping_status":"closed","template":"","meta":{"_joinchat":[],"footnotes":""},"class_list":["post-4350","page","type-page","status-publish","hentry"],"acf":[],"_links":{"self":[{"href":"https:\/\/medicaltravel.at\/tr\/wp-json\/wp\/v2\/pages\/4350","targetHints":{"allow":["GET"]}}],"collection":[{"href":"https:\/\/medicaltravel.at\/tr\/wp-json\/wp\/v2\/pages"}],"about":[{"href":"https:\/\/medicaltravel.at\/tr\/wp-json\/wp\/v2\/types\/page"}],"author":[{"embeddable":true,"href":"https:\/\/medicaltravel.at\/tr\/wp-json\/wp\/v2\/users\/4"}],"replies":[{"embeddable":true,"href":"https:\/\/medicaltravel.at\/tr\/wp-json\/wp\/v2\/comments?post=4350"}],"version-history":[{"count":2,"href":"https:\/\/medicaltravel.at\/tr\/wp-json\/wp\/v2\/pages\/4350\/revisions"}],"predecessor-version":[{"id":5859,"href":"https:\/\/medicaltravel.at\/tr\/wp-json\/wp\/v2\/pages\/4350\/revisions\/5859"}],"up":[{"embeddable":true,"href":"https:\/\/medicaltravel.at\/tr\/wp-json\/wp\/v2\/pages\/4243"}],"wp:attachment":[{"href":"https:\/\/medicaltravel.at\/tr\/wp-json\/wp\/v2\/media?parent=4350"}],"curies":[{"name":"wp","href":"https:\/\/api.w.org\/{rel}","templated":true}]}}