{"id":4326,"date":"2025-09-28T11:23:14","date_gmt":"2025-09-28T10:23:14","guid":{"rendered":"https:\/\/medicaltravel.at\/hasta-hikayeleri\/eski-hasta-raporlari\/goez-lazeri-deneyim-raporu-tuerkiye-02-ekim-2007-sali-tarihli-rapor\/"},"modified":"2026-01-13T18:15:44","modified_gmt":"2026-01-13T17:15:44","slug":"goez-lazeri-deneyim-raporu-tuerkiye-02-ekim-2007-sali-tarihli-rapor","status":"publish","type":"page","link":"https:\/\/medicaltravel.at\/tr\/hasta-hikayeleri\/eski-hasta-raporlari\/goez-lazeri-deneyim-raporu-tuerkiye-02-ekim-2007-sali-tarihli-rapor\/","title":{"rendered":"G\u00f6z Lazeri Deneyim Raporu T\u00fcrkiye \u2013 02 Ekim 2007 Sal\u0131 tarihli rapor"},"content":{"rendered":"\n<h3 class=\"wp-block-heading\">G\u00f6z Lazeri Deneyim Raporu T\u00fcrkiye \u2013 02 Ekim 2007 Sal\u0131 tarihli rapor<\/h3>\n\n\n\n<p>\u201cNe? \u0130stanbul\u2019da g\u00f6z ameliyat\u0131 m\u0131? Ak\u0131l var mant\u0131k var, bunu orada m\u0131 yapt\u0131racaks\u0131n? Ben asla yapmam! Senin sadece iki g\u00f6z\u00fcn var!\u201d \u2013 Ben Eye-Star Klini\u011fi\u2019nde \u0130stanbul\u2019da g\u00f6zlerimi ameliyat ettirmeyi planlad\u0131\u011f\u0131m\u0131 ilk kez payla\u015ft\u0131\u011f\u0131m ki\u015filerden duydu\u011fum \u015feyler genellikle b\u00f6yle veya buna benzerdi. Kendim kararl\u0131 olsam da biraz gergindim, bu y\u00fczden ba\u015fkalar\u0131na bundan bahsetmemeye karar verdim. Bu t\u00fcr yorumlar beni hi\u00e7 rahatlatmad\u0131. Her \u015fey bittikten sonra diledi\u011fim gibi anlatabilirdim.   <\/p>\n\n\n\n<p>Birka\u00e7 y\u0131l \u00f6nce miyopumu lazer ameliyat\u0131 ile d\u00fczelttirmeyi d\u00fc\u015f\u00fcnm\u00fc\u015ft\u00fcm, ama maliyetlerin y\u00fcksek olmas\u0131 nedeniyle bu fikri daha sonra b\u0131rakm\u0131\u015ft\u0131m.<\/p>\n\n\n\n<p>\u0130svi\u00e7re televizyonundaki \u201cPuls\u201d program\u0131 sayesinde Swisslasik\u2019i fark etti\u011fimde ve ayr\u0131ca \u201cFacts\u201d dergisinde yay\u0131mlanan bir haberi okudu\u011fumda, karar\u0131m\u0131 h\u0131zla verdim.<\/p>\n\n\n\n<p>Z\u00fcrih\u2019te bir g\u00f6z doktorundan \u00f6n muayene randevusu ald\u0131m. \u00c7ok ileri derecede miyop oldu\u011fum i\u00e7in operasyonun m\u00fcmk\u00fcn olup olmayaca\u011f\u0131ndan emin de\u011fildim. E\u011fer sonu\u00e7 olumlu olursa \u0130stanbul\u2019a gitmeyi planl\u0131yordum; olumsuz olursa konu benim i\u00e7in kapanm\u0131\u015f olacakt\u0131.  <\/p>\n\n\n\n<p>Bu muayenede g\u00f6zlerim detayl\u0131 \u015fekilde incelendi ve \u00f6l\u00e7\u00fcld\u00fc, ve lazer operasyonunun m\u00fcmk\u00fcn oldu\u011fu onay\u0131n\u0131 ald\u0131m.<\/p>\n\n\n\n<p>Bunun \u00fczerine Swisslasik\u2019ten Bay Karaaga\u00e7li-Leoni ile ileti\u015fime ge\u00e7tim. Bay Karaaga\u00e7li-Leoni, operasyonu \u00e7ok h\u0131zl\u0131 ve profesyonel bir \u015fekilde organize etti ve \u0130stanbul\u2019daki konaklama ile operasyonla ilgili t\u00fcm sorular\u0131m\u0131 her zaman hemen ve son derece nazik bir \u015fekilde yan\u0131tlad\u0131. <\/p>\n\n\n\n<p>\u0130stanbul\u2019da kald\u0131\u011f\u0131m s\u00fcre boyunca\u2014hem \u00f6ncesinde, hem s\u0131ras\u0131nda, hem de sonras\u0131nda\u2014kendimi \u00e7ok iyi bir \u015fekilde desteklenmi\u015f ve bilgilendirilmi\u015f hissettim; bu benim i\u00e7in ger\u00e7ekten \u00e7ok \u00f6nemliydi!<\/p>\n\n\n\n<p>Eye-Star Klini\u011fi personeli, hem benim hem de yan\u0131mdaki ki\u015finin rahat etmesi i\u00e7in elinden geleni yapt\u0131. Bizi \u00e7ok s\u0131cak kar\u015f\u0131lad\u0131lar ve \u00e7al\u0131\u015fanlar\u0131n yabanc\u0131 dil bilgisi beni ger\u00e7ekten etkiledi. \u0130svi\u00e7re Almancas\u0131, Almanca, \u0130ngilizce, Frans\u0131zca\u2014sanki hepsini konu\u015fabiliyorlard\u0131!  <\/p>\n\n\n\n<p>Bizi her zaman tam zaman\u0131nda al\u0131yorlard\u0131 ve transfer hizmetinin tad\u0131n\u0131 \u00e7ok \u00e7\u0131kard\u0131k!<\/p>\n\n\n\n<p>Klinikte, g\u00f6zlerini zaten ameliyat ettirmi\u015f ve kontrol i\u00e7in gelen birka\u00e7 ki\u015fiyle de kar\u015f\u0131la\u015ft\u0131m. Onlar\u0131n heyecanl\u0131 ve olumlu deneyimlerini duymak, ameliyat \u00f6ncesi beni ekstra rahatlatm\u0131\u015ft\u0131. <\/p>\n\n\n\n<p>\u015eimdi \u0130stanbul\u2019dan d\u00f6nd\u00fcm ve tek pi\u015fmanl\u0131\u011f\u0131m, bu ameliyat\u0131 \u00e7ok daha \u00f6nce yapt\u0131rmam\u0131\u015f olmam! Ameliyattan sadece birka\u00e7 saat sonra \u0130stanbul\u2019da dola\u015f\u0131yor ve sokak tabelalar\u0131n\u0131 okuyabiliyordum. 20 y\u0131l\u0131 a\u015fk\u0131n s\u00fcredir ilk kez ne g\u00f6zl\u00fck ne de kontakt lens kullanmam gerekiyor; g\u00fcn\u00fcn 24 saati net g\u00f6rebiliyorum \u2013 hem de -8 diyoptri miyopluk ile! Ameliyat %100 ba\u015far\u0131l\u0131 ge\u00e7ti ve g\u00f6rme yard\u0131mc\u0131lar\u0131 olmadan hayat\u0131m i\u00e7in \u00e7ok mutluyum. D\u00fc\u015fen bir lensi ararken veya sabah\u0131n erken saatlerinde g\u00f6zl\u00fc\u011f\u00fcm\u00fc ararken banyoda s\u00fcr\u00fcnmek tarihe kar\u0131\u015ft\u0131! Gelecek yaz ilk kez lenslerle u\u011fra\u015fmadan y\u00fczebilece\u011fim ve lens sol\u00fcsyonu vs. ta\u015f\u0131madan seyahat edebilece\u011fim.     <\/p>\n\n\n\n<p>Swisslasik ve Eye-Star Klini\u011fini herkese i\u00e7tenlikle tavsiye edebilirim ve umar\u0131m bu rapor, baz\u0131 ilgilenen ki\u015filerin T\u00fcrkiye\u2019de g\u00f6z ameliyat\u0131yla ilgili \u00f6nyarg\u0131lar\u0131n\u0131 azaltmaya yard\u0131mc\u0131 olur.<\/p>\n\n\n\n<p>Ve son olarak \u015funu da ekleyeyim: \u0130stanbul, bir g\u00fcn tekrar geri d\u00f6nece\u011fim, muhte\u015fem ve b\u00fcy\u00fcleyici bir \u015fehir!<\/p>\n\n\n\n<p>En \u0130\u00e7ten Selamlar\u0131mla<\/p>\n\n\n\n<p>Eva Thoma<\/p>\n\n\n\n<div class=\"wp-block-group is-layout-grid wp-container-core-group-is-layout-baef362d wp-block-group-is-layout-grid\">\n<p><a href=\"https:\/\/medicaltravel.at\/home\/agb\/\" data-type=\"page\" data-id=\"2191\"><\/a><a href=\"https:\/\/medicaltravel.at\/tr\/hasta-hikayeleri\/eski-hasta-raporlari\/benim-istanbuldaki-lasik-ameliyati-deneyimim-28-ekim-2007-pazar-tarihli-rapor\/\" data-type=\"link\" data-id=\"https:\/\/medicaltravel.at\/tr\/hasta-hikayeleri\/eski-hasta-raporlari\/benim-istanbuldaki-lasik-ameliyati-deneyimim-28-ekim-2007-pazar-tarihli-rapor\/\">\u00d6nceki Rapor<\/a><\/p>\n\n\n\n<p class=\"has-text-align-right wp-container-content-5e2576f9\"><a href=\"https:\/\/medicaltravel.at\/home\/impressum\/\" data-type=\"page\" data-id=\"2193\"><\/a><a href=\"https:\/\/medicaltravel.at\/home\/berichte-von-patienten\/erfahrungsberichte\/erfahrungsbericht-zahnbehandlung-in-istanbul\/\" data-type=\"page\" data-id=\"981\"><\/a><a href=\"https:\/\/medicaltravel.at\/tr\/hasta-hikayeleri\/eski-hasta-raporlari\/goez-lazeri-deneyim-raporu-tuerkiye-27-temmuz-2007-cuma-tarihli-rapor\/\" data-type=\"link\" data-id=\"https:\/\/medicaltravel.at\/tr\/hasta-hikayeleri\/eski-hasta-raporlari\/goez-lazeri-deneyim-raporu-tuerkiye-27-temmuz-2007-cuma-tarihli-rapor\/\">Sonraki Rapor<\/a><\/p>\n<\/div>\n","protected":false},"excerpt":{"rendered":"<p>G\u00f6z Lazeri Deneyim Raporu T\u00fcrkiye \u2013 02 Ekim 2007 Sal\u0131 tarihli rapor \u201cNe? \u0130stanbul\u2019da g\u00f6z ameliyat\u0131 m\u0131? Ak\u0131l var mant\u0131k var, bunu orada m\u0131 yapt\u0131racaks\u0131n? Ben asla yapmam! Senin sadece iki g\u00f6z\u00fcn var!\u201d \u2013 Ben Eye-Star Klini\u011fi\u2019nde \u0130stanbul\u2019da g\u00f6zlerimi ameliyat ettirmeyi planlad\u0131\u011f\u0131m\u0131 ilk kez payla\u015ft\u0131\u011f\u0131m ki\u015filerden duydu\u011fum \u015feyler genellikle b\u00f6yle veya buna benzerdi. Kendim kararl\u0131 olsam da biraz gergindim, bu y\u00fczden ba\u015fkalar\u0131na bundan bahsetmemeye karar verdim. Bu t\u00fcr yorumlar beni hi\u00e7 rahatlatmad\u0131. Her \u015fey bittikten sonra diledi\u011fim gibi anlatabilirdim. Birka\u00e7 y\u0131l \u00f6nce miyopumu lazer ameliyat\u0131 ile d\u00fczelttirmeyi d\u00fc\u015f\u00fcnm\u00fc\u015ft\u00fcm, ama maliyetlerin y\u00fcksek olmas\u0131 nedeniyle bu fikri daha sonra b\u0131rakm\u0131\u015ft\u0131m. \u0130svi\u00e7re televizyonundaki \u201cPuls\u201d program\u0131 sayesinde Swisslasik\u2019i fark etti\u011fimde ve ayr\u0131ca \u201cFacts\u201d dergisinde yay\u0131mlanan bir haberi okudu\u011fumda, karar\u0131m\u0131 h\u0131zla verdim. Z\u00fcrih\u2019te bir g\u00f6z doktorundan \u00f6n muayene randevusu ald\u0131m. \u00c7ok ileri derecede miyop oldu\u011fum i\u00e7in operasyonun m\u00fcmk\u00fcn olup olmayaca\u011f\u0131ndan emin de\u011fildim. E\u011fer sonu\u00e7 olumlu olursa \u0130stanbul\u2019a gitmeyi planl\u0131yordum; olumsuz olursa konu benim i\u00e7in kapanm\u0131\u015f olacakt\u0131. Bu muayenede g\u00f6zlerim detayl\u0131 \u015fekilde incelendi ve \u00f6l\u00e7\u00fcld\u00fc, ve lazer operasyonunun m\u00fcmk\u00fcn oldu\u011fu onay\u0131n\u0131 ald\u0131m. Bunun \u00fczerine Swisslasik\u2019ten Bay Karaaga\u00e7li-Leoni ile ileti\u015fime ge\u00e7tim. Bay Karaaga\u00e7li-Leoni, operasyonu \u00e7ok h\u0131zl\u0131 ve profesyonel bir \u015fekilde organize etti ve \u0130stanbul\u2019daki konaklama ile operasyonla ilgili t\u00fcm sorular\u0131m\u0131 her zaman hemen ve son derece nazik bir \u015fekilde yan\u0131tlad\u0131. \u0130stanbul\u2019da kald\u0131\u011f\u0131m s\u00fcre boyunca\u2014hem \u00f6ncesinde, hem s\u0131ras\u0131nda, hem de sonras\u0131nda\u2014kendimi \u00e7ok iyi bir \u015fekilde desteklenmi\u015f ve bilgilendirilmi\u015f hissettim; bu benim i\u00e7in ger\u00e7ekten \u00e7ok \u00f6nemliydi! Eye-Star Klini\u011fi personeli, hem benim hem de yan\u0131mdaki ki\u015finin rahat etmesi i\u00e7in elinden geleni yapt\u0131. Bizi \u00e7ok s\u0131cak kar\u015f\u0131lad\u0131lar ve \u00e7al\u0131\u015fanlar\u0131n yabanc\u0131 dil bilgisi beni ger\u00e7ekten etkiledi. \u0130svi\u00e7re Almancas\u0131, Almanca, \u0130ngilizce, Frans\u0131zca\u2014sanki hepsini konu\u015fabiliyorlard\u0131! Bizi her zaman tam zaman\u0131nda al\u0131yorlard\u0131 ve transfer hizmetinin tad\u0131n\u0131 \u00e7ok \u00e7\u0131kard\u0131k! Klinikte, g\u00f6zlerini zaten ameliyat ettirmi\u015f ve kontrol i\u00e7in gelen birka\u00e7 ki\u015fiyle de kar\u015f\u0131la\u015ft\u0131m. Onlar\u0131n heyecanl\u0131 ve olumlu deneyimlerini duymak, ameliyat \u00f6ncesi beni ekstra rahatlatm\u0131\u015ft\u0131. \u015eimdi \u0130stanbul\u2019dan d\u00f6nd\u00fcm ve tek pi\u015fmanl\u0131\u011f\u0131m, bu ameliyat\u0131 \u00e7ok daha \u00f6nce yapt\u0131rmam\u0131\u015f olmam! Ameliyattan sadece birka\u00e7 saat sonra \u0130stanbul\u2019da dola\u015f\u0131yor ve sokak tabelalar\u0131n\u0131 okuyabiliyordum. 20 y\u0131l\u0131 a\u015fk\u0131n s\u00fcredir ilk kez ne g\u00f6zl\u00fck ne de kontakt lens kullanmam gerekiyor; g\u00fcn\u00fcn 24 saati net g\u00f6rebiliyorum \u2013 hem de -8 diyoptri miyopluk ile! Ameliyat %100 ba\u015far\u0131l\u0131 ge\u00e7ti ve g\u00f6rme yard\u0131mc\u0131lar\u0131 olmadan hayat\u0131m i\u00e7in \u00e7ok mutluyum. D\u00fc\u015fen bir lensi ararken veya sabah\u0131n erken saatlerinde g\u00f6zl\u00fc\u011f\u00fcm\u00fc ararken banyoda s\u00fcr\u00fcnmek tarihe kar\u0131\u015ft\u0131! Gelecek yaz ilk kez lenslerle u\u011fra\u015fmadan y\u00fczebilece\u011fim ve lens sol\u00fcsyonu vs. ta\u015f\u0131madan seyahat edebilece\u011fim. Swisslasik ve Eye-Star Klini\u011fini herkese i\u00e7tenlikle tavsiye edebilirim ve umar\u0131m bu rapor, baz\u0131 ilgilenen ki\u015filerin T\u00fcrkiye\u2019de g\u00f6z ameliyat\u0131yla ilgili \u00f6nyarg\u0131lar\u0131n\u0131 azaltmaya yard\u0131mc\u0131 olur. Ve son olarak \u015funu da ekleyeyim: \u0130stanbul, bir g\u00fcn tekrar geri d\u00f6nece\u011fim, muhte\u015fem ve b\u00fcy\u00fcleyici bir \u015fehir! En \u0130\u00e7ten Selamlar\u0131mla Eva Thoma \u00d6nceki Rapor Sonraki Rapor<\/p>\n","protected":false},"author":4,"featured_media":0,"parent":4243,"menu_order":0,"comment_status":"closed","ping_status":"closed","template":"","meta":{"_joinchat":[],"footnotes":""},"class_list":["post-4326","page","type-page","status-publish","hentry"],"acf":[],"_links":{"self":[{"href":"https:\/\/medicaltravel.at\/tr\/wp-json\/wp\/v2\/pages\/4326","targetHints":{"allow":["GET"]}}],"collection":[{"href":"https:\/\/medicaltravel.at\/tr\/wp-json\/wp\/v2\/pages"}],"about":[{"href":"https:\/\/medicaltravel.at\/tr\/wp-json\/wp\/v2\/types\/page"}],"author":[{"embeddable":true,"href":"https:\/\/medicaltravel.at\/tr\/wp-json\/wp\/v2\/users\/4"}],"replies":[{"embeddable":true,"href":"https:\/\/medicaltravel.at\/tr\/wp-json\/wp\/v2\/comments?post=4326"}],"version-history":[{"count":4,"href":"https:\/\/medicaltravel.at\/tr\/wp-json\/wp\/v2\/pages\/4326\/revisions"}],"predecessor-version":[{"id":5846,"href":"https:\/\/medicaltravel.at\/tr\/wp-json\/wp\/v2\/pages\/4326\/revisions\/5846"}],"up":[{"embeddable":true,"href":"https:\/\/medicaltravel.at\/tr\/wp-json\/wp\/v2\/pages\/4243"}],"wp:attachment":[{"href":"https:\/\/medicaltravel.at\/tr\/wp-json\/wp\/v2\/media?parent=4326"}],"curies":[{"name":"wp","href":"https:\/\/api.w.org\/{rel}","templated":true}]}}