{"id":4318,"date":"2025-09-28T11:08:57","date_gmt":"2025-09-28T10:08:57","guid":{"rendered":"https:\/\/medicaltravel.at\/hasta-hikayeleri\/eski-hasta-raporlari\/goez-lazeri-deneyim-raporu-istanbul-03-aralik-2008-carsamba-tarihli-rapor\/"},"modified":"2026-01-13T17:51:37","modified_gmt":"2026-01-13T16:51:37","slug":"goez-lazeri-deneyim-raporu-istanbul-03-aralik-2008-carsamba-tarihli-rapor","status":"publish","type":"page","link":"https:\/\/medicaltravel.at\/tr\/hasta-hikayeleri\/eski-hasta-raporlari\/goez-lazeri-deneyim-raporu-istanbul-03-aralik-2008-carsamba-tarihli-rapor\/","title":{"rendered":"G\u00f6z Lazeri Deneyim Raporu \u0130stanbul \u2013 03 Aral\u0131k 2008 \u00c7ar\u015famba tarihli rapor"},"content":{"rendered":"\n<h3 class=\"wp-block-heading\">G\u00f6z Lazeri Deneyim Raporu \u0130stanbul \u2013 03 Aral\u0131k 2008 \u00c7ar\u015famba tarihli rapor<\/h3>\n\n\n\n<p>P. Tarnutzer\u2019in Deneyim Yaz\u0131s\u0131<\/p>\n\n\n\n<p>Her \u015fey b\u00f6yle ba\u015flad\u0131\u2026<\/p>\n\n\n\n<p>2. S\u0131n\u0131ftan itibaren g\u00f6zlerim her y\u0131l k\u00f6t\u00fcle\u015fti ve nihayetinde astigmatizma ile birlikte -7,50 diyoptride durdu.<\/p>\n\n\n\n<p>Ne yaparsam yapay\u0131m, g\u00f6rmek i\u00e7in yard\u0131mc\u0131 ara\u00e7lara ba\u011f\u0131ml\u0131 kald\u0131m\u2026<\/p>\n\n\n\n<p>Tabii, ara s\u0131ra g\u00f6z ameliyatlar\u0131ndan duyuyordum. Ama g\u00f6zlerimi direkt ameliyat ettirmek mi? Ya bir \u015fey olursa? Riskler neler? Maliyet ne olacak, vs.?    <\/p>\n\n\n\n<p>Bu sorulara cevap bulmak istedim ve internetten biraz ara\u015ft\u0131rma yapt\u0131m, b\u00f6ylece Swisslasik sitesine rastlad\u0131m. Tabii hemen bilgi belgelerini sipari\u015f ettim ve birka\u00e7 g\u00fcn i\u00e7inde posta kutumda buldum. Bu, bir y\u0131ldan fazla bir s\u00fcre \u00f6nceydi!  <\/p>\n\n\n\n<p>Belgeleri dikkatle inceledim ve ameliyat, teklif ve T\u00fcrkiye hakk\u0131nda \u00e7ok etkilendim. Bu co\u015fkuyla aileme ve arkada\u015f \u00e7evreme s\u00fcrekli anlat\u0131p \u00f6vg\u00fcde bulundum. <\/p>\n\n\n\n<p>Ama bu heyecan\u0131m olduk\u00e7a s\u0131n\u0131rl\u0131 kald\u0131, \u00f6zellikle \u201c\u0130stanbul\u2019da lazer\u201d dedi\u011fimde. \u0130nsanlar tekrar endi\u015felenmeye ba\u015flad\u0131 ve sonunda belgeleri bir \u00e7ekmeceye koydum. <\/p>\n\n\n\n<p>Yakla\u015f\u0131k 2 ay \u00f6nce tesad\u00fcfen annemin bir i\u015f arkada\u015f\u0131n\u0131n \u0130stanbul\u2019da bu g\u00f6z ameliyat\u0131n\u0131 yapt\u0131rd\u0131\u011f\u0131n\u0131 ve \u00e7ok memnun kald\u0131\u011f\u0131n\u0131 \u00f6\u011frendim. Tabii ertesi g\u00fcn bu i\u015f arkada\u015f\u0131n\u0131 ziyaret ettim ve her \u015feyi \u00f6\u011frendim. Bu heyecan bana da ge\u00e7ti ve ertesi g\u00fcn Bay Serdar Karaaga\u00e7li-Leoni ile ileti\u015fime ge\u00e7tim. K\u0131sa s\u00fcre sonra, ameliyat\u0131n m\u00fcmk\u00fcn olup olmad\u0131\u011f\u0131n\u0131 kontrol etmek i\u00e7in bir g\u00f6z doktorundan \u00f6n muayene randevusu ald\u0131m.   <\/p>\n\n\n\n<p>Neyse ki, bu ameliyat\u0131 yapt\u0131rabildim. Ayn\u0131 hafta i\u00e7inde Bay Serdar Karaa\u011fa\u00e7l\u0131-Leoni ile tekrar ileti\u015fime ge\u00e7tim, olas\u0131 ameliyat randevusu, u\u00e7u\u015f ve otel i\u00e7in. Art\u0131k her \u015feyin h\u0131zl\u0131ca ilerlemesi gerekiyordu, sab\u0131rs\u0131zlan\u0131yordum.  <\/p>\n\n\n\n<p>Bay Serdar Karaa\u011fa\u00e7l\u0131-Leoni sayesinde bir hafta i\u00e7inde \u0130stanbul\u2019a u\u00e7abilmem m\u00fcmk\u00fcn oldu.<\/p>\n\n\n\n<p>Ak\u015fam ge\u00e7 saatlerde \u0130stanbul\u2019a vard\u0131\u011f\u0131mda Bisol beni bekliyordu. \u00c7ok ho\u015f ve dostane bir insand\u0131. Otele giderken, \u0130stanbul\u2019da nelere dikkat etmem gerekti\u011fine dair k\u00fc\u00e7\u00fck ipu\u00e7lar\u0131 verdi ve ertesi sabah \u00f6n muayene i\u00e7in beni ne zaman alaca\u011f\u0131n\u0131 s\u00f6yledi. Tabii hepsi Almanca ;-). <br>   <\/p>\n\n\n\n<p>Ertesi sabah geldi, otel penceresinden bir bak\u0131\u015f \u2013 muhte\u015fem manzara, ger\u00e7ekten harika. Resepsiyona indim, Bisol \u00e7oktan oradayd\u0131. Yakla\u015f\u0131k 10 dakikal\u0131k bir y\u00fcr\u00fcy\u00fc\u015f\u00fcn ard\u0131ndan EyeSTAR Klini\u011fi\u2019ne vard\u0131k. Buradaki kar\u015f\u0131lama ve EyeSTAR ekibinin dostane tav\u0131rlar\u0131 da m\u00fckemmeldi. Kendinizi hemen rahat hissettiriyorlard\u0131.    <\/p>\n\n\n\n<p>\u00d6n muayenenin ard\u0131ndan, ameliyata haz\u0131rlanana kadar yakla\u015f\u0131k 2 saat bo\u015f zaman vard\u0131. Nihayet, o 2 saat ge\u00e7ti ve kalp at\u0131\u015flar\u0131m biraz h\u0131zland\u0131.<br> <br> <\/p>\n\n\n\n<p>Ameliyata haz\u0131rl\u0131\u011f\u0131n ard\u0131ndan, sizi do\u011frudan yan odadaki, lazerin alt\u0131na yatman\u0131z gereken odaya g\u00f6t\u00fcrd\u00fcler.<\/p>\n\n\n\n<p>Ameliyat ba\u015flad\u0131 ve daha ba\u015flamadan bitmi\u015f gibi oldu. Sadece k\u0131sa bir s\u00fcre, g\u00f6zde hafif bir bask\u0131 hissettim, ba\u015fka hi\u00e7bir \u015fey, ger\u00e7ekten hi\u00e7bir \u015fey. <\/p>\n\n\n\n<p>\u015eimdi karanl\u0131k bir odaya g\u00f6t\u00fcr\u00fcld\u00fcn\u00fcz, g\u00f6z damlas\u0131 verildi ve bir s\u00fcre yatman\u0131z gerekiyordu. Ancak gitmeden \u00f6nce, her \u015feyin ger\u00e7ekten yolunda olup olmad\u0131\u011f\u0131 kontrol edildi. <\/p>\n\n\n\n<p>Bunu kafan\u0131zda canland\u0131rmal\u0131s\u0131n\u0131z. Klin\u011fe bir g\u00f6rme yard\u0131m\u0131yla giriyorsunuz ve klinikten g\u00f6rme yard\u0131m\u0131 olmadan \u00e7\u0131k\u0131yorsunuz. Burada takman\u0131z gereken tek \u015fey, g\u00f6zleri korumak i\u00e7in bir g\u00fcne\u015f g\u00f6zl\u00fc\u011f\u00fc.  <\/p>\n\n\n\n<p>Do\u011frudan otele gittim ve uyumaya \u00e7al\u0131\u015ft\u0131m, yani g\u00f6zlerimi dinlendirmek i\u00e7in.<\/p>\n\n\n\n<p>Ertesi g\u00fcn ya\u015fad\u0131klar\u0131n\u0131z tarif edilemez\u2026 bir hayal ger\u00e7ek oldu. 20 y\u0131ldan fazla bir s\u00fcreden sonra art\u0131k hi\u00e7bir g\u00f6rme yard\u0131m\u0131na ihtiya\u00e7 yok.<\/p>\n\n\n\n<p>EyeSTAR Klini\u011fi\u2019nde k\u0131sa bir kontrol muayenesinden ge\u00e7tim, ard\u0131ndan eve d\u00f6nmeden \u00f6nce \u0130stanbul\u2019u bir g\u00fcn boyunca daha ke\u015ffetme f\u0131rsat\u0131m oldu.<\/p>\n\n\n\n<p>Burada ele\u015ftirebilece\u011fim ya da ele\u015ftirmek isteyece\u011fim hi\u00e7bir \u015fey yok. Her \u015fey m\u00fckemmel organize edilmi\u015fti ve ilgi m\u00fcthi\u015fti, hem de tamamen Almanca olarak. \u0130ster Bay Serdar Karaa\u011fa\u00e7l\u0131-Leoni\u2019den, ister EyeSTAR ekibinden olsun, asla yaln\u0131z hissetmedim ve bu, b\u00f6yle bir operasyon i\u00e7in kesinlikle \u00e7ok \u00f6nemli bir nokta!  <\/p>\n\n\n\n<p>Bir de \u015funu ekleyeyim\u2026 \u015eu anda bir g\u00f6z\u00fcm neredeyse %100 g\u00f6r\u00fcyor, di\u011fer g\u00f6z\u00fcm ise yakla\u015f\u0131k %85, umar\u0131m o da zamanla %100\u2019e ula\u015f\u0131r.<\/p>\n\n\n\n<p>Bir kez daha i\u00e7ten te\u015fekk\u00fcrlerimi sunuyorum!<\/p>\n\n\n\n<p>P.Tarnutzer, 01.12.08<\/p>\n\n\n\n<div class=\"wp-block-group is-layout-grid wp-container-core-group-is-layout-baef362d wp-block-group-is-layout-grid\">\n<p><a href=\"https:\/\/medicaltravel.at\/home\/agb\/\" data-type=\"page\" data-id=\"2191\"><\/a><a href=\"https:\/\/medicaltravel.at\/tr\/hasta-hikayeleri\/eski-hasta-raporlari\/goez-lazeri-deneyim-raporu-istanbul-22-aralik-2008-pazartesi-tarihli-rapor\/\" data-type=\"link\" data-id=\"https:\/\/medicaltravel.at\/tr\/hasta-hikayeleri\/eski-hasta-raporlari\/goez-lazeri-deneyim-raporu-istanbul-22-aralik-2008-pazartesi-tarihli-rapor\/\">\u00d6nceki Rapor<\/a><\/p>\n\n\n\n<p class=\"has-text-align-right wp-container-content-5e2576f9\"><a href=\"https:\/\/medicaltravel.at\/home\/impressum\/\" data-type=\"page\" data-id=\"2193\"><\/a><a href=\"https:\/\/medicaltravel.at\/home\/berichte-von-patienten\/erfahrungsberichte\/erfahrungsbericht-zahnbehandlung-in-istanbul\/\" data-type=\"page\" data-id=\"981\"><\/a><a href=\"https:\/\/medicaltravel.at\/tr\/hasta-hikayeleri\/eski-hasta-raporlari\/bir-hayal-gercek-oldu-16-kasim-2008-pazar-tarihli-rapor\/\" data-type=\"link\" data-id=\"https:\/\/medicaltravel.at\/berichte-von-patienten\/altere-patientenberichte\/altere-patientenberichte-ein-traum-wurde-wahr-bericht-vom-sonntag-16-november-2008\/\">Sonraki Rapor<\/a><\/p>\n<\/div>\n","protected":false},"excerpt":{"rendered":"<p>G\u00f6z Lazeri Deneyim Raporu \u0130stanbul \u2013 03 Aral\u0131k 2008 \u00c7ar\u015famba tarihli rapor P. Tarnutzer\u2019in Deneyim Yaz\u0131s\u0131 Her \u015fey b\u00f6yle ba\u015flad\u0131\u2026 2. S\u0131n\u0131ftan itibaren g\u00f6zlerim her y\u0131l k\u00f6t\u00fcle\u015fti ve nihayetinde astigmatizma ile birlikte -7,50 diyoptride durdu. Ne yaparsam yapay\u0131m, g\u00f6rmek i\u00e7in yard\u0131mc\u0131 ara\u00e7lara ba\u011f\u0131ml\u0131 kald\u0131m\u2026 Tabii, ara s\u0131ra g\u00f6z ameliyatlar\u0131ndan duyuyordum. Ama g\u00f6zlerimi direkt ameliyat ettirmek mi? Ya bir \u015fey olursa? Riskler neler? Maliyet ne olacak, vs.? Bu sorulara cevap bulmak istedim ve internetten biraz ara\u015ft\u0131rma yapt\u0131m, b\u00f6ylece Swisslasik sitesine rastlad\u0131m. Tabii hemen bilgi belgelerini sipari\u015f ettim ve birka\u00e7 g\u00fcn i\u00e7inde posta kutumda buldum. Bu, bir y\u0131ldan fazla bir s\u00fcre \u00f6nceydi! Belgeleri dikkatle inceledim ve ameliyat, teklif ve T\u00fcrkiye hakk\u0131nda \u00e7ok etkilendim. Bu co\u015fkuyla aileme ve arkada\u015f \u00e7evreme s\u00fcrekli anlat\u0131p \u00f6vg\u00fcde bulundum. Ama bu heyecan\u0131m olduk\u00e7a s\u0131n\u0131rl\u0131 kald\u0131, \u00f6zellikle \u201c\u0130stanbul\u2019da lazer\u201d dedi\u011fimde. \u0130nsanlar tekrar endi\u015felenmeye ba\u015flad\u0131 ve sonunda belgeleri bir \u00e7ekmeceye koydum. Yakla\u015f\u0131k 2 ay \u00f6nce tesad\u00fcfen annemin bir i\u015f arkada\u015f\u0131n\u0131n \u0130stanbul\u2019da bu g\u00f6z ameliyat\u0131n\u0131 yapt\u0131rd\u0131\u011f\u0131n\u0131 ve \u00e7ok memnun kald\u0131\u011f\u0131n\u0131 \u00f6\u011frendim. Tabii ertesi g\u00fcn bu i\u015f arkada\u015f\u0131n\u0131 ziyaret ettim ve her \u015feyi \u00f6\u011frendim. Bu heyecan bana da ge\u00e7ti ve ertesi g\u00fcn Bay Serdar Karaaga\u00e7li-Leoni ile ileti\u015fime ge\u00e7tim. K\u0131sa s\u00fcre sonra, ameliyat\u0131n m\u00fcmk\u00fcn olup olmad\u0131\u011f\u0131n\u0131 kontrol etmek i\u00e7in bir g\u00f6z doktorundan \u00f6n muayene randevusu ald\u0131m. Neyse ki, bu ameliyat\u0131 yapt\u0131rabildim. Ayn\u0131 hafta i\u00e7inde Bay Serdar Karaa\u011fa\u00e7l\u0131-Leoni ile tekrar ileti\u015fime ge\u00e7tim, olas\u0131 ameliyat randevusu, u\u00e7u\u015f ve otel i\u00e7in. Art\u0131k her \u015feyin h\u0131zl\u0131ca ilerlemesi gerekiyordu, sab\u0131rs\u0131zlan\u0131yordum. Bay Serdar Karaa\u011fa\u00e7l\u0131-Leoni sayesinde bir hafta i\u00e7inde \u0130stanbul\u2019a u\u00e7abilmem m\u00fcmk\u00fcn oldu. Ak\u015fam ge\u00e7 saatlerde \u0130stanbul\u2019a vard\u0131\u011f\u0131mda Bisol beni bekliyordu. \u00c7ok ho\u015f ve dostane bir insand\u0131. Otele giderken, \u0130stanbul\u2019da nelere dikkat etmem gerekti\u011fine dair k\u00fc\u00e7\u00fck ipu\u00e7lar\u0131 verdi ve ertesi sabah \u00f6n muayene i\u00e7in beni ne zaman alaca\u011f\u0131n\u0131 s\u00f6yledi. Tabii hepsi Almanca ;-). Ertesi sabah geldi, otel penceresinden bir bak\u0131\u015f \u2013 muhte\u015fem manzara, ger\u00e7ekten harika. Resepsiyona indim, Bisol \u00e7oktan oradayd\u0131. Yakla\u015f\u0131k 10 dakikal\u0131k bir y\u00fcr\u00fcy\u00fc\u015f\u00fcn ard\u0131ndan EyeSTAR Klini\u011fi\u2019ne vard\u0131k. Buradaki kar\u015f\u0131lama ve EyeSTAR ekibinin dostane tav\u0131rlar\u0131 da m\u00fckemmeldi. Kendinizi hemen rahat hissettiriyorlard\u0131. \u00d6n muayenenin ard\u0131ndan, ameliyata haz\u0131rlanana kadar yakla\u015f\u0131k 2 saat bo\u015f zaman vard\u0131. Nihayet, o 2 saat ge\u00e7ti ve kalp at\u0131\u015flar\u0131m biraz h\u0131zland\u0131. Ameliyata haz\u0131rl\u0131\u011f\u0131n ard\u0131ndan, sizi do\u011frudan yan odadaki, lazerin alt\u0131na yatman\u0131z gereken odaya g\u00f6t\u00fcrd\u00fcler. Ameliyat ba\u015flad\u0131 ve daha ba\u015flamadan bitmi\u015f gibi oldu. Sadece k\u0131sa bir s\u00fcre, g\u00f6zde hafif bir bask\u0131 hissettim, ba\u015fka hi\u00e7bir \u015fey, ger\u00e7ekten hi\u00e7bir \u015fey. \u015eimdi karanl\u0131k bir odaya g\u00f6t\u00fcr\u00fcld\u00fcn\u00fcz, g\u00f6z damlas\u0131 verildi ve bir s\u00fcre yatman\u0131z gerekiyordu. Ancak gitmeden \u00f6nce, her \u015feyin ger\u00e7ekten yolunda olup olmad\u0131\u011f\u0131 kontrol edildi. Bunu kafan\u0131zda canland\u0131rmal\u0131s\u0131n\u0131z. Klin\u011fe bir g\u00f6rme yard\u0131m\u0131yla giriyorsunuz ve klinikten g\u00f6rme yard\u0131m\u0131 olmadan \u00e7\u0131k\u0131yorsunuz. Burada takman\u0131z gereken tek \u015fey, g\u00f6zleri korumak i\u00e7in bir g\u00fcne\u015f g\u00f6zl\u00fc\u011f\u00fc. Do\u011frudan otele gittim ve uyumaya \u00e7al\u0131\u015ft\u0131m, yani g\u00f6zlerimi dinlendirmek i\u00e7in. Ertesi g\u00fcn ya\u015fad\u0131klar\u0131n\u0131z tarif edilemez\u2026 bir hayal ger\u00e7ek oldu. 20 y\u0131ldan fazla bir s\u00fcreden sonra art\u0131k hi\u00e7bir g\u00f6rme yard\u0131m\u0131na ihtiya\u00e7 yok. EyeSTAR Klini\u011fi\u2019nde k\u0131sa bir kontrol muayenesinden ge\u00e7tim, ard\u0131ndan eve d\u00f6nmeden \u00f6nce \u0130stanbul\u2019u bir g\u00fcn boyunca daha ke\u015ffetme f\u0131rsat\u0131m oldu. Burada ele\u015ftirebilece\u011fim ya da ele\u015ftirmek isteyece\u011fim hi\u00e7bir \u015fey yok. Her \u015fey m\u00fckemmel organize edilmi\u015fti ve ilgi m\u00fcthi\u015fti, hem de tamamen Almanca olarak. \u0130ster Bay Serdar Karaa\u011fa\u00e7l\u0131-Leoni\u2019den, ister EyeSTAR ekibinden olsun, asla yaln\u0131z hissetmedim ve bu, b\u00f6yle bir operasyon i\u00e7in kesinlikle \u00e7ok \u00f6nemli bir nokta! Bir de \u015funu ekleyeyim\u2026 \u015eu anda bir g\u00f6z\u00fcm neredeyse %100 g\u00f6r\u00fcyor, di\u011fer g\u00f6z\u00fcm ise yakla\u015f\u0131k %85, umar\u0131m o da zamanla %100\u2019e ula\u015f\u0131r. Bir kez daha i\u00e7ten te\u015fekk\u00fcrlerimi sunuyorum! P.Tarnutzer, 01.12.08 \u00d6nceki Rapor Sonraki Rapor<\/p>\n","protected":false},"author":4,"featured_media":0,"parent":4243,"menu_order":0,"comment_status":"closed","ping_status":"closed","template":"","meta":{"_joinchat":[],"footnotes":""},"class_list":["post-4318","page","type-page","status-publish","hentry"],"acf":[],"_links":{"self":[{"href":"https:\/\/medicaltravel.at\/tr\/wp-json\/wp\/v2\/pages\/4318","targetHints":{"allow":["GET"]}}],"collection":[{"href":"https:\/\/medicaltravel.at\/tr\/wp-json\/wp\/v2\/pages"}],"about":[{"href":"https:\/\/medicaltravel.at\/tr\/wp-json\/wp\/v2\/types\/page"}],"author":[{"embeddable":true,"href":"https:\/\/medicaltravel.at\/tr\/wp-json\/wp\/v2\/users\/4"}],"replies":[{"embeddable":true,"href":"https:\/\/medicaltravel.at\/tr\/wp-json\/wp\/v2\/comments?post=4318"}],"version-history":[{"count":6,"href":"https:\/\/medicaltravel.at\/tr\/wp-json\/wp\/v2\/pages\/4318\/revisions"}],"predecessor-version":[{"id":5853,"href":"https:\/\/medicaltravel.at\/tr\/wp-json\/wp\/v2\/pages\/4318\/revisions\/5853"}],"up":[{"embeddable":true,"href":"https:\/\/medicaltravel.at\/tr\/wp-json\/wp\/v2\/pages\/4243"}],"wp:attachment":[{"href":"https:\/\/medicaltravel.at\/tr\/wp-json\/wp\/v2\/media?parent=4318"}],"curies":[{"name":"wp","href":"https:\/\/api.w.org\/{rel}","templated":true}]}}