{"id":4312,"date":"2025-09-28T11:09:26","date_gmt":"2025-09-28T10:09:26","guid":{"rendered":"https:\/\/medicaltravel.at\/hasta-hikayeleri\/eski-hasta-raporlari\/bir-hayal-gercek-oldu-16-kasim-2008-pazar-tarihli-rapor\/"},"modified":"2026-01-13T17:52:04","modified_gmt":"2026-01-13T16:52:04","slug":"bir-hayal-gercek-oldu-16-kasim-2008-pazar-tarihli-rapor","status":"publish","type":"page","link":"https:\/\/medicaltravel.at\/tr\/hasta-hikayeleri\/eski-hasta-raporlari\/bir-hayal-gercek-oldu-16-kasim-2008-pazar-tarihli-rapor\/","title":{"rendered":"Bir Hayal Ger\u00e7ek Oldu! \u2013 16 Kas\u0131m 2008 Pazar tarihli rapor"},"content":{"rendered":"\n<h3 class=\"wp-block-heading\">Bir Hayal Ger\u00e7ek Oldu! \u2013 16 Kas\u0131m 2008 Pazar tarihli rapor <\/h3>\n\n\n\n<p>Bir Hayal Ger\u00e7ek Oldu!<\/p>\n\n\n\n<p>Alt\u0131 ya\u015f\u0131mdan beri g\u00f6zl\u00fck takmak zorundayd\u0131m. Bir \u015feyi asla unutamam: G\u00f6zl\u00fckle ilk kez anaokuluna gitti\u011fimde, s\u0131n\u0131f arkada\u015flar\u0131mdan biri bana \u201cg\u00f6zl\u00fck y\u0131lan\u0131\u201d dedi. Bu lakap, lenslere ge\u00e7ene kadar benimle kald\u0131, ki lenslere hi\u00e7 uyum sa\u011flayamad\u0131m. Sahnedeki mesle\u011fim i\u00e7in g\u00f6zl\u00fck hi\u00e7 uygun de\u011fildi. Bu, g\u00f6zlerimi lazerle tedavi ettirmeye karar vermemdeki nedenlerden biriydi.    <\/p>\n\n\n\n<p>Bir arkada\u015f\u0131m bana Swisslasik\u2019ten randevu almam\u0131 tavsiye etti. Ba\u015flang\u0131\u00e7ta, g\u00f6zlerim gibi \u00f6nemli bir \u015feyi T\u00fcrkiye\u2019de tedavi ettirmenin ak\u0131ll\u0131ca olup olmayaca\u011f\u0131n\u0131 d\u00fc\u015f\u00fcnd\u00fcm. Bu y\u00fczden iyi ara\u015ft\u0131rma yapt\u0131m ve \u00e7e\u015fitli raporlar okudum. \u00d6zellikle Facts dergisindeki rapor beni ikna etti. B\u00f6ylece operasyon i\u00e7in kaydoldum. Seyahat planland\u0131 ve \u0130stanbul\u2019daki havaliman\u0131nda bizi s\u0131cak bir \u015fekilde kar\u015f\u0131lad\u0131lar. Otele giderken \u015fehrin ve sakinlerinin en \u00f6nemli bilgileri hakk\u0131nda bilgilendirildik. Ayr\u0131ca yemek al\u0131\u015fkanl\u0131klar\u0131 hakk\u0131nda da bilgilendirildik\u2026<br><br>Klinik konusunda biraz gergindim ve d\u0131\u015far\u0131dan bakt\u0131\u011f\u0131mda Facts\u2019ta g\u00f6rd\u00fc\u011f\u00fcm gibi hi\u00e7 g\u00f6r\u00fcnm\u00fcyordu. \u0130\u00e7imde hafif bir huzursuzluk hissettim. Yan\u0131m\u0131zdaki rehberimiz, ki kendisi ak\u0131c\u0131 Almanca konu\u015fuyordu, binan\u0131n koruma alt\u0131nda oldu\u011funu ve bu y\u00fczden modernize edilemeyece\u011fini a\u00e7\u0131klad\u0131. Nihayet futuristik g\u00f6r\u00fcn\u00fcml\u00fc, otomatik bir kap\u0131dan klinik alan\u0131na girdi\u011fimizde i\u00e7im rahatlad\u0131. Her \u015fey modern, samimi ve temizdi. Ekip kendini tan\u0131tt\u0131 ve bizi kar\u015f\u0131lad\u0131. Bir\u00e7o\u011fu Almanca konu\u015fuyordu. G\u00f6zlerim muayene edildi ve i\u015flemin nas\u0131l ilerleyece\u011fi bana anlat\u0131ld\u0131. B\u00fct\u00fcn g\u00f6rme kusurumu tamamen d\u00fczeltebilece\u011fi kesin de\u011fildi. Ne yaz\u0131k ki, korneam olduk\u00e7a inceydi ve ek olarak astigmatizman\u0131n da d\u00fczeltilmesi gerekiyordu. Operasyonumu yapacak doktor, verileri bilgisayarla bir kez daha kontrol edece\u011fini ve ertesi g\u00fcn ne yapaca\u011f\u0131na karar verece\u011fini s\u00f6yledi. Ertesi g\u00fcn \u00e7ok gergin bir \u015fekilde klini\u011fe geri gittim. Neyse ki elimi tutacak ba\u015fka bir hasta vard\u0131\u2026                   <\/p>\n\n\n\n<p>Ameliyattan \u00f6nce beni bir masaj koltu\u011funa oturttular, her \u015fey bir kez daha anlat\u0131ld\u0131 ve s\u00fcrekli yan\u0131m\u0131zda olan rehberimiz bizi m\u00fcmk\u00fcn oldu\u011funca sakinle\u015ftirmeye \u00e7al\u0131\u015ft\u0131. Ameliyat\u0131n kendisi olduk\u00e7a zordu. G\u00f6z\u00fcn\u00fczle bir \u015feyler yap\u0131l\u0131rken olu\u015fan his ger\u00e7ekten garip. Tamamen gergindim. Neyse ki k\u0131sa s\u00fcrd\u00fc. K\u0131sa s\u00fcre sonra otelimize geri d\u00f6nd\u00fck. Orada \u00f6nce d\u00f6rt saat dinlenmek zorundayd\u0131k. G\u00f6zlerim a\u011fr\u0131yordu ve ovu\u015fturmam yasakt\u0131\u2026 uyumaktan s\u00f6z etmek m\u00fcmk\u00fcn de\u011fildi. Sonras\u0131nda g\u00fcne\u015f g\u00f6zl\u00fckleriyle bir ak\u015fam yeme\u011fi yedik ve ard\u0131ndan k\u0131sa s\u00fcre sonra uyuduk.<br><br>Kontrol muayenesi, operasyonun \u00e7ok ba\u015far\u0131l\u0131 ge\u00e7ti\u011fini ve art\u0131k lenslerle bile g\u00f6rebildi\u011fimden daha iyi g\u00f6rd\u00fc\u011f\u00fcm\u00fc do\u011frulad\u0131. Art\u0131k hayat\u0131m g\u00f6rme yard\u0131m\u0131na ihtiya\u00e7 duymadan ba\u015flayabilir. Tabii ki, ba\u015flang\u0131\u00e7ta g\u00fcne\u015f g\u00f6zl\u00fc\u011f\u00fcm hep yan\u0131mdayd\u0131. G\u00f6zlerim olduk\u00e7a hassast\u0131 ve \u0131\u015f\u0131\u011fa dayanamazd\u0131. Yine de \u015fehri gezmekten kendimi al\u0131koymad\u0131m. G\u00f6r\u00fclecek \u00e7ok ilgin\u00e7 \u015fey vard\u0131. Bunu ilk g\u00fcn \u00f6n muayene i\u00e7in damlalar\u0131n etkisiyle olduk\u00e7a a\u00e7\u0131k g\u00f6zlerle, son g\u00fcn ise biraz hassas ama tamamen yeni g\u00f6zlerle yapt\u0131m!<br><br>Ve \u015fimdi, bir s\u00fcre sonra, sabah uyan\u0131p her \u015feyi hemen net g\u00f6rebilmeyi \u00e7ok keyif al\u0131yorum. Ak\u015famlar\u0131 yatakta uzan\u0131p y\u0131ld\u0131zlar\u0131 g\u00f6rebiliyorum!! Kontak lenslerin getirdi\u011fi s\u00fcrekli stres olmadan her \u015feyi net g\u00f6rmek ger\u00e7ekten muazzam bir hediye. Bunu kesinlikle tavsiye ediyorum. Klinik kesinlikle tavsiye edilesi ve operasyonumu yapan doktor beni \u00e7ok etkiledi. Bu benim i\u00e7in \u00e7ok \u00f6nemliydi. \u0130lk andan itibaren ona g\u00fcven duydum. Bunu tekrar yapard\u0131m. Bu ameliyat\u0131 yapt\u0131rmak \u00e7ok do\u011fru bir karard\u0131.                         <\/p>\n\n\n\n<p>Tina, Ameliyat Eyl\u00fcl 2008<\/p>\n\n\n\n<div class=\"wp-block-group is-layout-grid wp-container-core-group-is-layout-baef362d wp-block-group-is-layout-grid\">\n<p><a href=\"https:\/\/medicaltravel.at\/home\/agb\/\" data-type=\"page\" data-id=\"2191\"><\/a><a href=\"https:\/\/medicaltravel.at\/tr\/hasta-hikayeleri\/eski-hasta-raporlari\/goez-lazeri-deneyim-raporu-istanbul-03-aralik-2008-carsamba-tarihli-rapor\/\" data-type=\"link\" data-id=\"https:\/\/medicaltravel.at\/tr\/hasta-hikayeleri\/eski-hasta-raporlari\/goez-lazeri-deneyim-raporu-istanbul-03-aralik-2008-carsamba-tarihli-rapor\/\">\u00d6nceki Rapor<\/a><\/p>\n\n\n\n<p class=\"has-text-align-right wp-container-content-5e2576f9\"><a href=\"https:\/\/medicaltravel.at\/home\/impressum\/\" data-type=\"page\" data-id=\"2193\"><\/a><a href=\"https:\/\/medicaltravel.at\/home\/berichte-von-patienten\/erfahrungsberichte\/erfahrungsbericht-zahnbehandlung-in-istanbul\/\" data-type=\"page\" data-id=\"981\"><\/a><a href=\"https:\/\/medicaltravel.at\/tr\/hasta-hikayeleri\/eski-hasta-raporlari\/sevincten-agladim-28-ekim-2008-sali-tarihli-rapor\/\" data-type=\"link\" data-id=\"https:\/\/medicaltravel.at\/tr\/hasta-hikayeleri\/eski-hasta-raporlari\/sevincten-agladim-28-ekim-2008-sali-tarihli-rapor\/\">Sonraki Rapor<\/a><\/p>\n<\/div>\n","protected":false},"excerpt":{"rendered":"<p>Bir Hayal Ger\u00e7ek Oldu! \u2013 16 Kas\u0131m 2008 Pazar tarihli rapor Bir Hayal Ger\u00e7ek Oldu! Alt\u0131 ya\u015f\u0131mdan beri g\u00f6zl\u00fck takmak zorundayd\u0131m. Bir \u015feyi asla unutamam: G\u00f6zl\u00fckle ilk kez anaokuluna gitti\u011fimde, s\u0131n\u0131f arkada\u015flar\u0131mdan biri bana \u201cg\u00f6zl\u00fck y\u0131lan\u0131\u201d dedi. Bu lakap, lenslere ge\u00e7ene kadar benimle kald\u0131, ki lenslere hi\u00e7 uyum sa\u011flayamad\u0131m. Sahnedeki mesle\u011fim i\u00e7in g\u00f6zl\u00fck hi\u00e7 uygun de\u011fildi. Bu, g\u00f6zlerimi lazerle tedavi ettirmeye karar vermemdeki nedenlerden biriydi. Bir arkada\u015f\u0131m bana Swisslasik\u2019ten randevu almam\u0131 tavsiye etti. Ba\u015flang\u0131\u00e7ta, g\u00f6zlerim gibi \u00f6nemli bir \u015feyi T\u00fcrkiye\u2019de tedavi ettirmenin ak\u0131ll\u0131ca olup olmayaca\u011f\u0131n\u0131 d\u00fc\u015f\u00fcnd\u00fcm. Bu y\u00fczden iyi ara\u015ft\u0131rma yapt\u0131m ve \u00e7e\u015fitli raporlar okudum. \u00d6zellikle Facts dergisindeki rapor beni ikna etti. B\u00f6ylece operasyon i\u00e7in kaydoldum. Seyahat planland\u0131 ve \u0130stanbul\u2019daki havaliman\u0131nda bizi s\u0131cak bir \u015fekilde kar\u015f\u0131lad\u0131lar. Otele giderken \u015fehrin ve sakinlerinin en \u00f6nemli bilgileri hakk\u0131nda bilgilendirildik. Ayr\u0131ca yemek al\u0131\u015fkanl\u0131klar\u0131 hakk\u0131nda da bilgilendirildik\u2026 Klinik konusunda biraz gergindim ve d\u0131\u015far\u0131dan bakt\u0131\u011f\u0131mda Facts\u2019ta g\u00f6rd\u00fc\u011f\u00fcm gibi hi\u00e7 g\u00f6r\u00fcnm\u00fcyordu. \u0130\u00e7imde hafif bir huzursuzluk hissettim. Yan\u0131m\u0131zdaki rehberimiz, ki kendisi ak\u0131c\u0131 Almanca konu\u015fuyordu, binan\u0131n koruma alt\u0131nda oldu\u011funu ve bu y\u00fczden modernize edilemeyece\u011fini a\u00e7\u0131klad\u0131. Nihayet futuristik g\u00f6r\u00fcn\u00fcml\u00fc, otomatik bir kap\u0131dan klinik alan\u0131na girdi\u011fimizde i\u00e7im rahatlad\u0131. Her \u015fey modern, samimi ve temizdi. Ekip kendini tan\u0131tt\u0131 ve bizi kar\u015f\u0131lad\u0131. Bir\u00e7o\u011fu Almanca konu\u015fuyordu. G\u00f6zlerim muayene edildi ve i\u015flemin nas\u0131l ilerleyece\u011fi bana anlat\u0131ld\u0131. B\u00fct\u00fcn g\u00f6rme kusurumu tamamen d\u00fczeltebilece\u011fi kesin de\u011fildi. Ne yaz\u0131k ki, korneam olduk\u00e7a inceydi ve ek olarak astigmatizman\u0131n da d\u00fczeltilmesi gerekiyordu. Operasyonumu yapacak doktor, verileri bilgisayarla bir kez daha kontrol edece\u011fini ve ertesi g\u00fcn ne yapaca\u011f\u0131na karar verece\u011fini s\u00f6yledi. Ertesi g\u00fcn \u00e7ok gergin bir \u015fekilde klini\u011fe geri gittim. Neyse ki elimi tutacak ba\u015fka bir hasta vard\u0131\u2026 Ameliyattan \u00f6nce beni bir masaj koltu\u011funa oturttular, her \u015fey bir kez daha anlat\u0131ld\u0131 ve s\u00fcrekli yan\u0131m\u0131zda olan rehberimiz bizi m\u00fcmk\u00fcn oldu\u011funca sakinle\u015ftirmeye \u00e7al\u0131\u015ft\u0131. Ameliyat\u0131n kendisi olduk\u00e7a zordu. G\u00f6z\u00fcn\u00fczle bir \u015feyler yap\u0131l\u0131rken olu\u015fan his ger\u00e7ekten garip. Tamamen gergindim. Neyse ki k\u0131sa s\u00fcrd\u00fc. K\u0131sa s\u00fcre sonra otelimize geri d\u00f6nd\u00fck. Orada \u00f6nce d\u00f6rt saat dinlenmek zorundayd\u0131k. G\u00f6zlerim a\u011fr\u0131yordu ve ovu\u015fturmam yasakt\u0131\u2026 uyumaktan s\u00f6z etmek m\u00fcmk\u00fcn de\u011fildi. Sonras\u0131nda g\u00fcne\u015f g\u00f6zl\u00fckleriyle bir ak\u015fam yeme\u011fi yedik ve ard\u0131ndan k\u0131sa s\u00fcre sonra uyuduk. Kontrol muayenesi, operasyonun \u00e7ok ba\u015far\u0131l\u0131 ge\u00e7ti\u011fini ve art\u0131k lenslerle bile g\u00f6rebildi\u011fimden daha iyi g\u00f6rd\u00fc\u011f\u00fcm\u00fc do\u011frulad\u0131. Art\u0131k hayat\u0131m g\u00f6rme yard\u0131m\u0131na ihtiya\u00e7 duymadan ba\u015flayabilir. Tabii ki, ba\u015flang\u0131\u00e7ta g\u00fcne\u015f g\u00f6zl\u00fc\u011f\u00fcm hep yan\u0131mdayd\u0131. G\u00f6zlerim olduk\u00e7a hassast\u0131 ve \u0131\u015f\u0131\u011fa dayanamazd\u0131. Yine de \u015fehri gezmekten kendimi al\u0131koymad\u0131m. G\u00f6r\u00fclecek \u00e7ok ilgin\u00e7 \u015fey vard\u0131. Bunu ilk g\u00fcn \u00f6n muayene i\u00e7in damlalar\u0131n etkisiyle olduk\u00e7a a\u00e7\u0131k g\u00f6zlerle, son g\u00fcn ise biraz hassas ama tamamen yeni g\u00f6zlerle yapt\u0131m! Ve \u015fimdi, bir s\u00fcre sonra, sabah uyan\u0131p her \u015feyi hemen net g\u00f6rebilmeyi \u00e7ok keyif al\u0131yorum. Ak\u015famlar\u0131 yatakta uzan\u0131p y\u0131ld\u0131zlar\u0131 g\u00f6rebiliyorum!! Kontak lenslerin getirdi\u011fi s\u00fcrekli stres olmadan her \u015feyi net g\u00f6rmek ger\u00e7ekten muazzam bir hediye. Bunu kesinlikle tavsiye ediyorum. Klinik kesinlikle tavsiye edilesi ve operasyonumu yapan doktor beni \u00e7ok etkiledi. Bu benim i\u00e7in \u00e7ok \u00f6nemliydi. \u0130lk andan itibaren ona g\u00fcven duydum. Bunu tekrar yapard\u0131m. Bu ameliyat\u0131 yapt\u0131rmak \u00e7ok do\u011fru bir karard\u0131. Tina, Ameliyat Eyl\u00fcl 2008 \u00d6nceki Rapor Sonraki Rapor<\/p>\n","protected":false},"author":4,"featured_media":0,"parent":4243,"menu_order":0,"comment_status":"closed","ping_status":"closed","template":"","meta":{"_joinchat":[],"footnotes":""},"class_list":["post-4312","page","type-page","status-publish","hentry"],"acf":[],"_links":{"self":[{"href":"https:\/\/medicaltravel.at\/tr\/wp-json\/wp\/v2\/pages\/4312","targetHints":{"allow":["GET"]}}],"collection":[{"href":"https:\/\/medicaltravel.at\/tr\/wp-json\/wp\/v2\/pages"}],"about":[{"href":"https:\/\/medicaltravel.at\/tr\/wp-json\/wp\/v2\/types\/page"}],"author":[{"embeddable":true,"href":"https:\/\/medicaltravel.at\/tr\/wp-json\/wp\/v2\/users\/4"}],"replies":[{"embeddable":true,"href":"https:\/\/medicaltravel.at\/tr\/wp-json\/wp\/v2\/comments?post=4312"}],"version-history":[{"count":2,"href":"https:\/\/medicaltravel.at\/tr\/wp-json\/wp\/v2\/pages\/4312\/revisions"}],"predecessor-version":[{"id":5854,"href":"https:\/\/medicaltravel.at\/tr\/wp-json\/wp\/v2\/pages\/4312\/revisions\/5854"}],"up":[{"embeddable":true,"href":"https:\/\/medicaltravel.at\/tr\/wp-json\/wp\/v2\/pages\/4243"}],"wp:attachment":[{"href":"https:\/\/medicaltravel.at\/tr\/wp-json\/wp\/v2\/media?parent=4312"}],"curies":[{"name":"wp","href":"https:\/\/api.w.org\/{rel}","templated":true}]}}