{"id":4308,"date":"2025-09-28T11:11:54","date_gmt":"2025-09-28T10:11:54","guid":{"rendered":"https:\/\/medicaltravel.at\/hasta-hikayeleri\/eski-hasta-raporlari\/goez-lazeri-paket-duezenlemesi-09-agustos-2008-cumartesi-tarihli-rapor\/"},"modified":"2026-01-13T17:54:52","modified_gmt":"2026-01-13T16:54:52","slug":"goez-lazeri-paket-duezenlemesi-09-agustos-2008-cumartesi-tarihli-rapor","status":"publish","type":"page","link":"https:\/\/medicaltravel.at\/tr\/hasta-hikayeleri\/eski-hasta-raporlari\/goez-lazeri-paket-duezenlemesi-09-agustos-2008-cumartesi-tarihli-rapor\/","title":{"rendered":"G\u00f6z Lazeri Paket D\u00fczenlemesi \u2013 09 A\u011fustos 2008 Cumartesi tarihli rapor"},"content":{"rendered":"\n<h3 class=\"wp-block-heading\">G\u00f6z Lazeri Paket D\u00fczenlemesi \u2013 09 A\u011fustos 2008 Cumartesi tarihli rapor<\/h3>\n\n\n\n<p>G\u00f6zl\u00fckle gittim &#8211; g\u00f6zl\u00fcks\u00fcz d\u00f6nd\u00fcm.<br> <br><\/p>\n\n\n\n<p>\u0130stanbul ziyaret etmeye de\u011fer, bunun iki sebebi var. Muhte\u015fem camilerin, mistik Bo\u011faz\u2019\u0131n ve reng\u00e2renk \u00e7ar\u015f\u0131lar\u0131n ard\u0131nda, iki k\u0131tada yer alan bu \u015fehre gitmenin as\u0131l nedeni yat\u0131yor: g\u00f6z lazer tedavisi. G\u00f6zlerinizi tedavi ettirmeyi siz de daha \u00f6nce birka\u00e7 kez d\u00fc\u015f\u00fcnd\u00fcn\u00fcz m\u00fc? O h\u00e2lde teredd\u00fct etmeyin ve \u0130stanbul\u2019a gidin.   <\/p>\n\n\n\n<p>swisslasik.ch\u2019e g\u00fcvenin!<\/p>\n\n\n\n<p>swisslasik.ch i\u015f orta\u011f\u0131yla bu i\u015f \u00e7ocuk oyunca\u011f\u0131na d\u00f6n\u00fc\u015f\u00fcyor: internet \u00fczerinden ileti\u015fim, rezervasyon, u\u00e7u\u015f, lazer i\u015flemi \u2013 her \u015fey d\u00e2hil. \u00d6nceden i\u00e7inizin daha rahat olmas\u0131n\u0131 isterseniz, swisslasik.ch \u0130svi\u00e7re\u2019de \u00f6zel fiyatla bir \u00f6n muayene de sunuyor. Ben VEDIS G\u00f6z Klini\u011fi\u2019nde sadece k\u0131sa bir test yapt\u0131rd\u0131m, ard\u0131ndan \u0130stanbul\u2019a u\u00e7tum ve Eyestar Klini\u011fi\u2019nde hem \u00f6n muayeneyi hem de tedaviyi oldum. Elbette yolculuk \u00f6ncesinde ve s\u0131ras\u0131nda insan\u0131n akl\u0131na s\u00fcrekli \u015f\u00fcpheler geliyor: do\u011fru karar m\u0131? Bazen insan\u0131n i\u00e7ine bir huzursuzluk \u00e7\u00f6kmesi \u00e7ok normal. Bu deneyim yaz\u0131s\u0131yla size sadece \u015funu s\u00f6yleyebilirim: do\u011fru olan\u0131 yap\u0131yorsunuz! Elbette bir g\u00f6z tedavisi olmak keyifli bir \u015fey de\u011fil, ama swisslasik.ch ve Eyestar Klini\u011fi ekibi her \u015feyi olabildi\u011fince rahat ge\u00e7irmenizi sa\u011fl\u0131yor. Sonu\u00e7 ise ger\u00e7ekten m\u00fckemmel ve rakipsiz.       <\/p>\n\n\n\n<p>\u0130yi ara\u015ft\u0131r\u0131n, kendinizi iyice bilgilendirin!<\/p>\n\n\n\n<p>\u00d6nemli olan, farkl\u0131 tedavi y\u00f6ntemlerini \u00f6nceden detayl\u0131 \u015fekilde incelemenizdir. S\u00fcrekli sorular sormaktan \u00e7ekinmeyin; ister \u0130svi\u00e7re\u2019de swisslasik.ch\u2019e, ister Eyestar Klini\u011fi\u2019ne. Tedaviyi ne kadar iyi hayal edebilirseniz, lazerin alt\u0131nda yatmak o kadar az rahats\u0131z eder. Ve inan\u0131n bana, \u0130stanbul\u2019da m\u0131 yoksa \u0130svi\u00e7re\u2019de mi ameliyathane odas\u0131na g\u00f6t\u00fcr\u00fclece\u011finiz hi\u00e7 fark etmez. Her hal\u00fckarda biraz sallant\u0131l\u0131 hissedeceksiniz \u2013 bu normal! Ama size kim s\u00f6yl\u00fcyor \u0130svi\u00e7reliler daha iyi yap\u0131yor diye? \u0130stanbul\u2019daki doktorlar ayn\u0131 e\u011fitimi ald\u0131lar ve cihazlar baz\u0131 durumlarda daha yeni olabilir! Deneyim ustal\u0131k kazand\u0131r\u0131r ve burada \u0130stanbul\u2019daki doktorlar\u0131n kesinlikle avantaj\u0131 var, \u00e7\u00fcnk\u00fc \u00e7ok daha fazla hastay\u0131 tedavi ediyorlar.        <\/p>\n\n\n\n<p>\u015eehir gezisi ve tedavi <br><\/p>\n\n\n\n<p>\u0130stanbul\u2019a indi\u011finizde her \u015fey \u00e7ok h\u0131zl\u0131 ilerliyor. Otele transferinizin ard\u0131ndan klini\u011fe yap\u0131lacak \u00f6n muayene randevunuzu \u00f6\u011freniyorsunuz ve o zamana kadar \u015fehri ke\u015ffetmek i\u00e7in serbest zaman\u0131n\u0131z oluyor. Benim \u015fans\u0131m, \u00f6n muayenem yaln\u0131zca ertesi g\u00fcn ak\u015fam be\u015f civar\u0131nda oldu\u011fu i\u00e7in tedavi de hemen sonras\u0131nda ger\u00e7ekle\u015fti. B\u00f6ylece ilk 1,5 g\u00fcn boyunca \u0130stanbul sokaklar\u0131nda dola\u015f\u0131p mezeler yedim ve ayran i\u00e7tim (T\u00fcrk yo\u011furt i\u00e7ece\u011fi \u2013 mutlaka tavsiye edilir).<br><br>\u00d6n muayene sorunsuz ge\u00e7ti ve k\u0131sa s\u00fcre sonra ameliyathanenin bir kat \u00fcst\u00fcnde haz\u0131r bulundum. H\u00e2l\u00e2 o odadaki so\u011fu\u011fu hat\u0131rl\u0131yorum \u2013 ama klima sayesinde odalar neredeyse mikropsuz tutuluyor. Ameliyat ba\u015fl\u0131\u011f\u0131 ve \u00f6nl\u00fck giyildikten sonra masaj koltu\u011funda rahatl\u0131yorsunuz ve i\u015flem ba\u015fl\u0131yor! Benim i\u00e7in en zor olan k\u0131s\u0131m \u0131\u015f\u0131\u011f\u0131n parlakl\u0131\u011f\u0131yd\u0131, ama ikinci g\u00f6zde bu \u00e7ok daha az rahats\u0131z ediciydi. Her hal\u00fckarda, a\u011fr\u0131 konusunda endi\u015felenmenize gerek yok; hi\u00e7 ac\u0131 yok! Ameliyat \u00e7ok h\u0131zl\u0131 ge\u00e7iyor ve fark etmeden zaten daha s\u0131cak bekleme odas\u0131na d\u00f6nm\u00fc\u015f oluyorsunuz. Sonras\u0131nda hak etti\u011fim uykuyu almak i\u00e7in otele geri d\u00f6nd\u00fcm ve adeta bir mucize gibi \u2013 art\u0131k g\u00f6zl\u00fck veya lens olmadan net g\u00f6rebiliyordum!           <\/p>\n\n\n\n<p>En i\u00e7ten selamlar<br>C. Hasler<\/p>\n\n\n\n<div class=\"wp-block-group is-layout-grid wp-container-core-group-is-layout-baef362d wp-block-group-is-layout-grid\">\n<p><a href=\"https:\/\/medicaltravel.at\/home\/agb\/\" data-type=\"page\" data-id=\"2191\"><\/a><a href=\"https:\/\/medicaltravel.at\/tr\/hasta-hikayeleri\/eski-hasta-raporlari\/goez-lazeri-deneyim-raporu-istanbulda-19-ekim-2008-pazar-tarihli-rapor\/\" data-type=\"link\" data-id=\"https:\/\/medicaltravel.at\/tr\/hasta-hikayeleri\/eski-hasta-raporlari\/goez-lazeri-deneyim-raporu-istanbulda-19-ekim-2008-pazar-tarihli-rapor\/\">\u00d6nceki Rapor<\/a><\/p>\n\n\n\n<p class=\"has-text-align-right wp-container-content-5e2576f9\"><a href=\"https:\/\/medicaltravel.at\/home\/impressum\/\" data-type=\"page\" data-id=\"2193\"><\/a><a href=\"https:\/\/medicaltravel.at\/home\/berichte-von-patienten\/erfahrungsberichte\/erfahrungsbericht-zahnbehandlung-in-istanbul\/\" data-type=\"page\" data-id=\"981\"><\/a><a href=\"https:\/\/medicaltravel.at\/tr\/hasta-hikayeleri\/eski-hasta-raporlari\/ameliyatimin-deneyim-raporu-istanbulda-04-temmuz-2008-cuma-tarihli-rapor\/\" data-type=\"link\" data-id=\"https:\/\/medicaltravel.at\/tr\/hasta-hikayeleri\/eski-hasta-raporlari\/ameliyatimin-deneyim-raporu-istanbulda-04-temmuz-2008-cuma-tarihli-rapor\/\">Sonraki Rapor<\/a><\/p>\n<\/div>\n","protected":false},"excerpt":{"rendered":"<p>G\u00f6z Lazeri Paket D\u00fczenlemesi \u2013 09 A\u011fustos 2008 Cumartesi tarihli rapor G\u00f6zl\u00fckle gittim &#8211; g\u00f6zl\u00fcks\u00fcz d\u00f6nd\u00fcm. \u0130stanbul ziyaret etmeye de\u011fer, bunun iki sebebi var. Muhte\u015fem camilerin, mistik Bo\u011faz\u2019\u0131n ve reng\u00e2renk \u00e7ar\u015f\u0131lar\u0131n ard\u0131nda, iki k\u0131tada yer alan bu \u015fehre gitmenin as\u0131l nedeni yat\u0131yor: g\u00f6z lazer tedavisi. G\u00f6zlerinizi tedavi ettirmeyi siz de daha \u00f6nce birka\u00e7 kez d\u00fc\u015f\u00fcnd\u00fcn\u00fcz m\u00fc? O h\u00e2lde teredd\u00fct etmeyin ve \u0130stanbul\u2019a gidin. swisslasik.ch\u2019e g\u00fcvenin! swisslasik.ch i\u015f orta\u011f\u0131yla bu i\u015f \u00e7ocuk oyunca\u011f\u0131na d\u00f6n\u00fc\u015f\u00fcyor: internet \u00fczerinden ileti\u015fim, rezervasyon, u\u00e7u\u015f, lazer i\u015flemi \u2013 her \u015fey d\u00e2hil. \u00d6nceden i\u00e7inizin daha rahat olmas\u0131n\u0131 isterseniz, swisslasik.ch \u0130svi\u00e7re\u2019de \u00f6zel fiyatla bir \u00f6n muayene de sunuyor. Ben VEDIS G\u00f6z Klini\u011fi\u2019nde sadece k\u0131sa bir test yapt\u0131rd\u0131m, ard\u0131ndan \u0130stanbul\u2019a u\u00e7tum ve Eyestar Klini\u011fi\u2019nde hem \u00f6n muayeneyi hem de tedaviyi oldum. Elbette yolculuk \u00f6ncesinde ve s\u0131ras\u0131nda insan\u0131n akl\u0131na s\u00fcrekli \u015f\u00fcpheler geliyor: do\u011fru karar m\u0131? Bazen insan\u0131n i\u00e7ine bir huzursuzluk \u00e7\u00f6kmesi \u00e7ok normal. Bu deneyim yaz\u0131s\u0131yla size sadece \u015funu s\u00f6yleyebilirim: do\u011fru olan\u0131 yap\u0131yorsunuz! Elbette bir g\u00f6z tedavisi olmak keyifli bir \u015fey de\u011fil, ama swisslasik.ch ve Eyestar Klini\u011fi ekibi her \u015feyi olabildi\u011fince rahat ge\u00e7irmenizi sa\u011fl\u0131yor. Sonu\u00e7 ise ger\u00e7ekten m\u00fckemmel ve rakipsiz. \u0130yi ara\u015ft\u0131r\u0131n, kendinizi iyice bilgilendirin! \u00d6nemli olan, farkl\u0131 tedavi y\u00f6ntemlerini \u00f6nceden detayl\u0131 \u015fekilde incelemenizdir. S\u00fcrekli sorular sormaktan \u00e7ekinmeyin; ister \u0130svi\u00e7re\u2019de swisslasik.ch\u2019e, ister Eyestar Klini\u011fi\u2019ne. Tedaviyi ne kadar iyi hayal edebilirseniz, lazerin alt\u0131nda yatmak o kadar az rahats\u0131z eder. Ve inan\u0131n bana, \u0130stanbul\u2019da m\u0131 yoksa \u0130svi\u00e7re\u2019de mi ameliyathane odas\u0131na g\u00f6t\u00fcr\u00fclece\u011finiz hi\u00e7 fark etmez. Her hal\u00fckarda biraz sallant\u0131l\u0131 hissedeceksiniz \u2013 bu normal! Ama size kim s\u00f6yl\u00fcyor \u0130svi\u00e7reliler daha iyi yap\u0131yor diye? \u0130stanbul\u2019daki doktorlar ayn\u0131 e\u011fitimi ald\u0131lar ve cihazlar baz\u0131 durumlarda daha yeni olabilir! Deneyim ustal\u0131k kazand\u0131r\u0131r ve burada \u0130stanbul\u2019daki doktorlar\u0131n kesinlikle avantaj\u0131 var, \u00e7\u00fcnk\u00fc \u00e7ok daha fazla hastay\u0131 tedavi ediyorlar. \u015eehir gezisi ve tedavi \u0130stanbul\u2019a indi\u011finizde her \u015fey \u00e7ok h\u0131zl\u0131 ilerliyor. Otele transferinizin ard\u0131ndan klini\u011fe yap\u0131lacak \u00f6n muayene randevunuzu \u00f6\u011freniyorsunuz ve o zamana kadar \u015fehri ke\u015ffetmek i\u00e7in serbest zaman\u0131n\u0131z oluyor. Benim \u015fans\u0131m, \u00f6n muayenem yaln\u0131zca ertesi g\u00fcn ak\u015fam be\u015f civar\u0131nda oldu\u011fu i\u00e7in tedavi de hemen sonras\u0131nda ger\u00e7ekle\u015fti. B\u00f6ylece ilk 1,5 g\u00fcn boyunca \u0130stanbul sokaklar\u0131nda dola\u015f\u0131p mezeler yedim ve ayran i\u00e7tim (T\u00fcrk yo\u011furt i\u00e7ece\u011fi \u2013 mutlaka tavsiye edilir). \u00d6n muayene sorunsuz ge\u00e7ti ve k\u0131sa s\u00fcre sonra ameliyathanenin bir kat \u00fcst\u00fcnde haz\u0131r bulundum. H\u00e2l\u00e2 o odadaki so\u011fu\u011fu hat\u0131rl\u0131yorum \u2013 ama klima sayesinde odalar neredeyse mikropsuz tutuluyor. Ameliyat ba\u015fl\u0131\u011f\u0131 ve \u00f6nl\u00fck giyildikten sonra masaj koltu\u011funda rahatl\u0131yorsunuz ve i\u015flem ba\u015fl\u0131yor! Benim i\u00e7in en zor olan k\u0131s\u0131m \u0131\u015f\u0131\u011f\u0131n parlakl\u0131\u011f\u0131yd\u0131, ama ikinci g\u00f6zde bu \u00e7ok daha az rahats\u0131z ediciydi. Her hal\u00fckarda, a\u011fr\u0131 konusunda endi\u015felenmenize gerek yok; hi\u00e7 ac\u0131 yok! Ameliyat \u00e7ok h\u0131zl\u0131 ge\u00e7iyor ve fark etmeden zaten daha s\u0131cak bekleme odas\u0131na d\u00f6nm\u00fc\u015f oluyorsunuz. Sonras\u0131nda hak etti\u011fim uykuyu almak i\u00e7in otele geri d\u00f6nd\u00fcm ve adeta bir mucize gibi \u2013 art\u0131k g\u00f6zl\u00fck veya lens olmadan net g\u00f6rebiliyordum! En i\u00e7ten selamlarC. Hasler \u00d6nceki Rapor Sonraki Rapor<\/p>\n","protected":false},"author":4,"featured_media":0,"parent":4243,"menu_order":0,"comment_status":"closed","ping_status":"closed","template":"","meta":{"_joinchat":[],"footnotes":""},"class_list":["post-4308","page","type-page","status-publish","hentry"],"acf":[],"_links":{"self":[{"href":"https:\/\/medicaltravel.at\/tr\/wp-json\/wp\/v2\/pages\/4308","targetHints":{"allow":["GET"]}}],"collection":[{"href":"https:\/\/medicaltravel.at\/tr\/wp-json\/wp\/v2\/pages"}],"about":[{"href":"https:\/\/medicaltravel.at\/tr\/wp-json\/wp\/v2\/types\/page"}],"author":[{"embeddable":true,"href":"https:\/\/medicaltravel.at\/tr\/wp-json\/wp\/v2\/users\/4"}],"replies":[{"embeddable":true,"href":"https:\/\/medicaltravel.at\/tr\/wp-json\/wp\/v2\/comments?post=4308"}],"version-history":[{"count":2,"href":"https:\/\/medicaltravel.at\/tr\/wp-json\/wp\/v2\/pages\/4308\/revisions"}],"predecessor-version":[{"id":5857,"href":"https:\/\/medicaltravel.at\/tr\/wp-json\/wp\/v2\/pages\/4308\/revisions\/5857"}],"up":[{"embeddable":true,"href":"https:\/\/medicaltravel.at\/tr\/wp-json\/wp\/v2\/pages\/4243"}],"wp:attachment":[{"href":"https:\/\/medicaltravel.at\/tr\/wp-json\/wp\/v2\/media?parent=4308"}],"curies":[{"name":"wp","href":"https:\/\/api.w.org\/{rel}","templated":true}]}}