{"id":4304,"date":"2025-09-28T11:24:11","date_gmt":"2025-09-28T10:24:11","guid":{"rendered":"https:\/\/medicaltravel.at\/hasta-hikayeleri\/eski-hasta-raporlari\/istanbulda-goez-lazeri-raporu-09-temmuz-2007-pazartesi-tarihli-rapor\/"},"modified":"2026-01-13T18:17:00","modified_gmt":"2026-01-13T17:17:00","slug":"istanbulda-goez-lazeri-raporu-09-temmuz-2007-pazartesi-tarihli-rapor","status":"publish","type":"page","link":"https:\/\/medicaltravel.at\/tr\/hasta-hikayeleri\/eski-hasta-raporlari\/istanbulda-goez-lazeri-raporu-09-temmuz-2007-pazartesi-tarihli-rapor\/","title":{"rendered":"\u0130stanbul\u2019da G\u00f6z Lazeri Raporu \u2013 09 Temmuz 2007 Pazartesi tarihli rapor"},"content":{"rendered":"\n<h3 class=\"wp-block-heading\">\u0130stanbul\u2019da G\u00f6z Lazeri Raporu \u2013 09 Temmuz 2007 Pazartesi tarihli rapor<\/h3>\n\n\n\n<p>\u00d6ncelikle hemen s\u00f6ylemeliyim, \u0130stanbul\u2019daki LASIK\u2019ten ger\u00e7ekten \u00e7ok memnunum. Ameliyattan bu yana 11 g\u00fcn ge\u00e7ti ve neredeyse her \u015fey yolunda. <\/p>\n\n\n\n<p>\u0130stanbul\u2019a indi\u011fimde neredeyse daha u\u00e7a\u011f\u0131n i\u00e7indeyken telefonum \u00e7ald\u0131, arayan Arif\u2019ti; beni kar\u015f\u0131layacak olan oydu. Almanca konu\u015fuyor, yani sorun yok. Arif \u00e7ok dost canl\u0131s\u0131yd\u0131 ve beni hemen otele g\u00f6t\u00fcrd\u00fc. Otel yolunda bana \u0130stanbul hakk\u0131nda bir\u00e7ok ipucu da verdi.  <\/p>\n\n\n\n<p>Ertesi g\u00fcn ameliyat g\u00fcn\u00fcyd\u00fc. Fred beni almaya geldi; Bern Almancas\u0131 konu\u015fuyor, oysa klinik sadece 50 metre uzaktayd\u0131. Klinikte \u00e7ok s\u0131cak kar\u015f\u0131land\u0131m ve her \u015fey bana anlat\u0131ld\u0131, tabii ki Bern Almancas\u0131yla! \u00d6n muayene de sorunsuz ge\u00e7ti ve ameliyata yava\u015f yava\u015f haz\u0131rlanabildim. \u00d6nce bana ameliyattan sonra d\u0131\u015far\u0131 \u00e7\u0131kmamam gerekti\u011fi i\u00e7in biraz yemek yemem tavsiye edildi. Ameliyat yakla\u015f\u0131k 17:30\u2019da planlanm\u0131\u015ft\u0131.    <\/p>\n\n\n\n<p>Ameliyata \u00e7a\u011fr\u0131ld\u0131\u011f\u0131mda biraz gergindim. \u00d6nce birka\u00e7 dakika bir masaj koltu\u011funda dinlenebildim, sonra ameliyat masas\u0131na yatmam gerekti. Fred de yan\u0131mdayd\u0131; bana neler olaca\u011f\u0131n\u0131 ve neler yap\u0131laca\u011f\u0131n\u0131 anlatt\u0131, bu \u00e7ok iyiydi ve ben de kendimi buna b\u0131rakt\u0131m. \u015ea\u015f\u0131rt\u0131c\u0131 bir \u015fekilde \u00e7ok bir \u015fey hissetmedim, ac\u0131 hi\u00e7 yoktu. Sadece g\u00f6zde yap\u0131lan kesim biraz rahats\u0131z ediciydi.<br><br>Sonras\u0131nda kalk\u0131p yan odadaki \u00e7ok karanl\u0131k bir odaya ge\u00e7ebildim ve orada g\u00fczel m\u00fczik e\u015fli\u011finde yakla\u015f\u0131k on be\u015f dakika dinlendim. Sonra tekrar klini\u011fin normal alan\u0131na d\u00f6nd\u00fcm.     <\/p>\n\n\n\n<p>\u015ea\u015f\u0131rt\u0131c\u0131 bir \u015fekilde, zaten olduk\u00e7a iyi g\u00f6rebiliyordum ve \u0131\u015f\u0131k beni d\u00fc\u015f\u00fcnd\u00fc\u011f\u00fcm kadar rahats\u0131z etmedi.<\/p>\n\n\n\n<p>Yakla\u015f\u0131k bir saat sonra g\u00f6zlerim tekrar muayene edildi, tabii ki Fred de yan\u0131mdayd\u0131! Her \u015fey yolundayd\u0131, harika. <\/p>\n\n\n\n<p>Art\u0131k otele d\u00f6nebilirdim, tabii ki g\u00fcne\u015f g\u00f6zl\u00fc\u011f\u00fcyle, \u00e7\u00fcnk\u00fc d\u0131\u015far\u0131s\u0131 olduk\u00e7a parlakt\u0131.<\/p>\n\n\n\n<p>Ertesi g\u00fcn \u0130stanbul\u2019u ke\u015ffe \u00e7\u0131kt\u0131m. Zaten ne kadar iyi g\u00f6rebildi\u011fim harikayd\u0131. <\/p>\n\n\n\n<p>Biraz tats\u0131z bir olay: bir taksi \u015fof\u00f6r\u00fc taraf\u0131ndan olduk\u00e7a aleni bir \u015fekilde kand\u0131r\u0131ld\u0131m ve kaz\u0131kland\u0131m. Neyse ki, anla\u015f\u0131lan bu s\u0131k\u00e7a oluyormu\u015f. <\/p>\n\n\n\n<p>\u00d6\u011fleden sonra tekrar klinikte kontrole gitmem gerekiyordu. Herkes yine \u00e7ok dost canl\u0131s\u0131yd\u0131. Fred ve Arif oradayd\u0131.  <\/p>\n\n\n\n<p>Her \u015fey m\u00fckemmel, %100 g\u00f6rme. \u00d6nceden her iki g\u00f6z\u00fcmde de -2.00 miyop vard\u0131. <\/p>\n\n\n\n<p>\u015eimdi de sevindirici bir \u015fey: Taksi \u015fof\u00f6r\u00fcnden bahsetti\u011fimde Arif hemen benimle bir \u015fehir turu yapmay\u0131 teklif etti. Onunla bu harikayd\u0131. Ancak gece yar\u0131s\u0131 otele geri d\u00f6nebildim. Arif ile \u00e7ok \u015fey ya\u015fad\u0131m.  <\/p>\n\n\n\n<p>Ertesi g\u00fcn Arif beni otelden al\u0131p havaalan\u0131na g\u00f6t\u00fcrd\u00fc. \u0130stanbul gezisi sona ermi\u015fti. <\/p>\n\n\n\n<p>Yani, g\u00f6zlerini lazerle tedavi ettirmek isteyen herkese bunu yapmalar\u0131n\u0131 kesinlikle tavsiye edebilirim. \u0130stanbul ve T\u00fcrkiye\u2019den korkmay\u0131n. Swisslasik.ch\u2019in ilgisi de \u00e7ok iyi. Yani \u0130svi\u00e7re\u2019de \u00e7ok daha fazla para \u00f6demenin bir sebebi yok.   <\/p>\n\n\n\n<p>\u0130stanbul\u2019daki ekibe ve Swisslasik.ch\u2019e \u00e7ok te\u015fekk\u00fcr ederim.<\/p>\n\n\n\n<div class=\"wp-block-group is-layout-grid wp-container-core-group-is-layout-baef362d wp-block-group-is-layout-grid\">\n<p><a href=\"https:\/\/medicaltravel.at\/home\/agb\/\" data-type=\"page\" data-id=\"2191\"><\/a><a href=\"https:\/\/medicaltravel.at\/tr\/hasta-hikayeleri\/eski-hasta-raporlari\/goez-lazeri-deneyim-raporu-tuerkiye-27-temmuz-2007-cuma-tarihli-rapor\/\" data-type=\"link\" data-id=\"https:\/\/medicaltravel.at\/tr\/hasta-hikayeleri\/eski-hasta-raporlari\/goez-lazeri-deneyim-raporu-tuerkiye-27-temmuz-2007-cuma-tarihli-rapor\/\">\u00d6nceki Rapor<\/a><\/p>\n\n\n\n<p class=\"has-text-align-right wp-container-content-5e2576f9\"><a href=\"https:\/\/medicaltravel.at\/home\/impressum\/\" data-type=\"page\" data-id=\"2193\"><\/a><a href=\"https:\/\/medicaltravel.at\/home\/berichte-von-patienten\/erfahrungsberichte\/erfahrungsbericht-zahnbehandlung-in-istanbul\/\" data-type=\"page\" data-id=\"981\"><\/a><a href=\"https:\/\/medicaltravel.at\/tr\/hasta-hikayeleri\/eski-hasta-raporlari\/lasik-istanbul-tuerkiye-deneyim-raporu-25-haziran-2007-pazartesi-tarihli-rapor\/\" data-type=\"link\" data-id=\"https:\/\/medicaltravel.at\/tr\/hasta-hikayeleri\/eski-hasta-raporlari\/lasik-istanbul-tuerkiye-deneyim-raporu-25-haziran-2007-pazartesi-tarihli-rapor\/\">Sonraki Rapor<\/a><\/p>\n<\/div>\n","protected":false},"excerpt":{"rendered":"<p>\u0130stanbul\u2019da G\u00f6z Lazeri Raporu \u2013 09 Temmuz 2007 Pazartesi tarihli rapor \u00d6ncelikle hemen s\u00f6ylemeliyim, \u0130stanbul\u2019daki LASIK\u2019ten ger\u00e7ekten \u00e7ok memnunum. Ameliyattan bu yana 11 g\u00fcn ge\u00e7ti ve neredeyse her \u015fey yolunda. \u0130stanbul\u2019a indi\u011fimde neredeyse daha u\u00e7a\u011f\u0131n i\u00e7indeyken telefonum \u00e7ald\u0131, arayan Arif\u2019ti; beni kar\u015f\u0131layacak olan oydu. Almanca konu\u015fuyor, yani sorun yok. Arif \u00e7ok dost canl\u0131s\u0131yd\u0131 ve beni hemen otele g\u00f6t\u00fcrd\u00fc. Otel yolunda bana \u0130stanbul hakk\u0131nda bir\u00e7ok ipucu da verdi. Ertesi g\u00fcn ameliyat g\u00fcn\u00fcyd\u00fc. Fred beni almaya geldi; Bern Almancas\u0131 konu\u015fuyor, oysa klinik sadece 50 metre uzaktayd\u0131. Klinikte \u00e7ok s\u0131cak kar\u015f\u0131land\u0131m ve her \u015fey bana anlat\u0131ld\u0131, tabii ki Bern Almancas\u0131yla! \u00d6n muayene de sorunsuz ge\u00e7ti ve ameliyata yava\u015f yava\u015f haz\u0131rlanabildim. \u00d6nce bana ameliyattan sonra d\u0131\u015far\u0131 \u00e7\u0131kmamam gerekti\u011fi i\u00e7in biraz yemek yemem tavsiye edildi. Ameliyat yakla\u015f\u0131k 17:30\u2019da planlanm\u0131\u015ft\u0131. Ameliyata \u00e7a\u011fr\u0131ld\u0131\u011f\u0131mda biraz gergindim. \u00d6nce birka\u00e7 dakika bir masaj koltu\u011funda dinlenebildim, sonra ameliyat masas\u0131na yatmam gerekti. Fred de yan\u0131mdayd\u0131; bana neler olaca\u011f\u0131n\u0131 ve neler yap\u0131laca\u011f\u0131n\u0131 anlatt\u0131, bu \u00e7ok iyiydi ve ben de kendimi buna b\u0131rakt\u0131m. \u015ea\u015f\u0131rt\u0131c\u0131 bir \u015fekilde \u00e7ok bir \u015fey hissetmedim, ac\u0131 hi\u00e7 yoktu. Sadece g\u00f6zde yap\u0131lan kesim biraz rahats\u0131z ediciydi. Sonras\u0131nda kalk\u0131p yan odadaki \u00e7ok karanl\u0131k bir odaya ge\u00e7ebildim ve orada g\u00fczel m\u00fczik e\u015fli\u011finde yakla\u015f\u0131k on be\u015f dakika dinlendim. Sonra tekrar klini\u011fin normal alan\u0131na d\u00f6nd\u00fcm. \u015ea\u015f\u0131rt\u0131c\u0131 bir \u015fekilde, zaten olduk\u00e7a iyi g\u00f6rebiliyordum ve \u0131\u015f\u0131k beni d\u00fc\u015f\u00fcnd\u00fc\u011f\u00fcm kadar rahats\u0131z etmedi. Yakla\u015f\u0131k bir saat sonra g\u00f6zlerim tekrar muayene edildi, tabii ki Fred de yan\u0131mdayd\u0131! Her \u015fey yolundayd\u0131, harika. Art\u0131k otele d\u00f6nebilirdim, tabii ki g\u00fcne\u015f g\u00f6zl\u00fc\u011f\u00fcyle, \u00e7\u00fcnk\u00fc d\u0131\u015far\u0131s\u0131 olduk\u00e7a parlakt\u0131. Ertesi g\u00fcn \u0130stanbul\u2019u ke\u015ffe \u00e7\u0131kt\u0131m. Zaten ne kadar iyi g\u00f6rebildi\u011fim harikayd\u0131. Biraz tats\u0131z bir olay: bir taksi \u015fof\u00f6r\u00fc taraf\u0131ndan olduk\u00e7a aleni bir \u015fekilde kand\u0131r\u0131ld\u0131m ve kaz\u0131kland\u0131m. Neyse ki, anla\u015f\u0131lan bu s\u0131k\u00e7a oluyormu\u015f. \u00d6\u011fleden sonra tekrar klinikte kontrole gitmem gerekiyordu. Herkes yine \u00e7ok dost canl\u0131s\u0131yd\u0131. Fred ve Arif oradayd\u0131. Her \u015fey m\u00fckemmel, %100 g\u00f6rme. \u00d6nceden her iki g\u00f6z\u00fcmde de -2.00 miyop vard\u0131. \u015eimdi de sevindirici bir \u015fey: Taksi \u015fof\u00f6r\u00fcnden bahsetti\u011fimde Arif hemen benimle bir \u015fehir turu yapmay\u0131 teklif etti. Onunla bu harikayd\u0131. Ancak gece yar\u0131s\u0131 otele geri d\u00f6nebildim. Arif ile \u00e7ok \u015fey ya\u015fad\u0131m. Ertesi g\u00fcn Arif beni otelden al\u0131p havaalan\u0131na g\u00f6t\u00fcrd\u00fc. \u0130stanbul gezisi sona ermi\u015fti. Yani, g\u00f6zlerini lazerle tedavi ettirmek isteyen herkese bunu yapmalar\u0131n\u0131 kesinlikle tavsiye edebilirim. \u0130stanbul ve T\u00fcrkiye\u2019den korkmay\u0131n. Swisslasik.ch\u2019in ilgisi de \u00e7ok iyi. Yani \u0130svi\u00e7re\u2019de \u00e7ok daha fazla para \u00f6demenin bir sebebi yok. \u0130stanbul\u2019daki ekibe ve Swisslasik.ch\u2019e \u00e7ok te\u015fekk\u00fcr ederim. \u00d6nceki Rapor Sonraki Rapor<\/p>\n","protected":false},"author":4,"featured_media":0,"parent":4243,"menu_order":0,"comment_status":"closed","ping_status":"closed","template":"","meta":{"_joinchat":[],"footnotes":""},"class_list":["post-4304","page","type-page","status-publish","hentry"],"acf":[],"_links":{"self":[{"href":"https:\/\/medicaltravel.at\/tr\/wp-json\/wp\/v2\/pages\/4304","targetHints":{"allow":["GET"]}}],"collection":[{"href":"https:\/\/medicaltravel.at\/tr\/wp-json\/wp\/v2\/pages"}],"about":[{"href":"https:\/\/medicaltravel.at\/tr\/wp-json\/wp\/v2\/types\/page"}],"author":[{"embeddable":true,"href":"https:\/\/medicaltravel.at\/tr\/wp-json\/wp\/v2\/users\/4"}],"replies":[{"embeddable":true,"href":"https:\/\/medicaltravel.at\/tr\/wp-json\/wp\/v2\/comments?post=4304"}],"version-history":[{"count":2,"href":"https:\/\/medicaltravel.at\/tr\/wp-json\/wp\/v2\/pages\/4304\/revisions"}],"predecessor-version":[{"id":5847,"href":"https:\/\/medicaltravel.at\/tr\/wp-json\/wp\/v2\/pages\/4304\/revisions\/5847"}],"up":[{"embeddable":true,"href":"https:\/\/medicaltravel.at\/tr\/wp-json\/wp\/v2\/pages\/4243"}],"wp:attachment":[{"href":"https:\/\/medicaltravel.at\/tr\/wp-json\/wp\/v2\/media?parent=4304"}],"curies":[{"name":"wp","href":"https:\/\/api.w.org\/{rel}","templated":true}]}}