{"id":4300,"date":"2025-09-28T11:25:43","date_gmt":"2025-09-28T10:25:43","guid":{"rendered":"https:\/\/medicaltravel.at\/hasta-hikayeleri\/eski-hasta-raporlari\/goez-lazeri-tuerkiye-anketi-24-mart-2007-cumartesi-tarihli-rapor\/"},"modified":"2026-01-13T18:19:32","modified_gmt":"2026-01-13T17:19:32","slug":"goez-lazeri-tuerkiye-anketi-24-mart-2007-cumartesi-tarihli-rapor","status":"publish","type":"page","link":"https:\/\/medicaltravel.at\/tr\/hasta-hikayeleri\/eski-hasta-raporlari\/goez-lazeri-tuerkiye-anketi-24-mart-2007-cumartesi-tarihli-rapor\/","title":{"rendered":"G\u00f6z Lazeri T\u00fcrkiye anketi \u2013 24 Mart 2007 Cumartesi tarihli rapor"},"content":{"rendered":"\n<h3 class=\"wp-block-heading\">G\u00f6z Lazeri T\u00fcrkiye anketi \u2013 24 Mart 2007 Cumartesi tarihli rapor<\/h3>\n\n\n\n<p>Swisslasik.ch Hasta Anketi<\/p>\n\n\n\n<p>Karar verme s\u00fcreciniz<br>-1 G\u00f6zlerinizi yurt d\u0131\u015f\u0131nda lazer yapt\u0131rmaya nas\u0131l ve neden karar verdiniz?<br>\u0130svi\u00e7re\u2019de \u00e7ok pahal\u0131 oldu\u011fu i\u00e7in. Zamanla g\u00f6zl\u00fck ve kontakt lens kullanmak zorla\u015ft\u0131; lensler g\u00f6z\u00fcm\u00fc art\u0131k rahats\u0131z ediyordu, eskisi gibi uyum sa\u011flayam\u0131yordum.<\/p>\n\n\n\n<p>-2 Bizi nas\u0131l tercih ettiniz?<br>\u0130nternet \u00fczerinden<\/p>\n\n\n\n<p>-3 \u015eirketimizle ilgili sizi en \u00e7ok etkileyen \u015fey neydi?<br>H\u0131zl\u0131, \u00e7abuk ve harika hizmet! \u0130\u00e7ten te\u015fekk\u00fcrler!<\/p>\n\n\n\n<p>-4 Swisslasik.ch gibi ba\u015fka sa\u011flay\u0131c\u0131lar buldunuz mu? Swisslasik.ch\u2019i farkl\u0131 k\u0131lan ne oldu? <br>Ba\u015fka sa\u011flay\u0131c\u0131 bulmad\u0131m, ama art\u0131k aramad\u0131m da. Swisslasik ba\u015ftan beri iyi bir izlenim b\u0131rakt\u0131! <\/p>\n\n\n\n<p>-5 Hala bir\u00e7ok ki\u015fi g\u00f6zlerini \u0130stanbul\u2019da lazer yapt\u0131rma konusunda \u00e7ekingen. Swisslasik.ch bu ki\u015filere nas\u0131l daha iyi ula\u015fabilir?<br>Belki dergilerde daha fazla haber\/yorum payla\u015f\u0131labilir; \u00f6rne\u011fin \u201cDas Beste\u201d dergisinde. <\/p>\n\n\n\n<p>Otel<br>-6 Resepsiyonda Almanca veya \u0130ngilizce konu\u015fan biri var m\u0131yd\u0131?<br>Evet, ama \u0130ngilizcesi \u00e7ok iyi de\u011fildi; yine de ileti\u015fim kurulabiliyordu.<\/p>\n\n\n\n<p>-7 Otel ve oda temiz miydi?<br>Evet, oda biraz k\u00fc\u00e7\u00fckt\u00fc.<\/p>\n\n\n\n<p>-8 \u00c7al\u0131\u015fanlar yard\u0131mc\u0131 ve samimi miydi?<br>\u00c7ok samimi ve yard\u0131mseverdi.<\/p>\n\n\n\n<p>-9 Kahvalt\u0131 iyiydi, uygun muydu?<br>\u0130yiydi! Ama Kutsal Cuma sabah\u0131 Noel m\u00fczi\u011fi \u00e7al\u0131yordu: Stille Nacht vs., ki bu da e\u011flenceliydi! <\/p>\n\n\n\n<p>-10 Rahat bir \u015fekilde uyuyabildiniz mi?<br>Daha \u00e7ok g\u00fcr\u00fclt\u00fcl\u00fcyd\u00fc, \u00f6zellikle di\u011fer, \u00e7o\u011funlukla gen\u00e7 misafirlerden rahats\u0131z olduk.<\/p>\n\n\n\n<p>-11 Sizden ekstra \u00fccret istendi mi?<br>Sauna ve spa alan\u0131 i\u00e7in.<\/p>\n\n\n\n<p>-12 Genel olarak otelden ne kadar memnunsunuz? (l\u00fctfen 1\u2019den 5\u2019e kadar bir say\u0131 verin)<br>5 <\/p>\n\n\n\n<p>Alma servisi<br>-13 G\u00f6revli gecikti mi? Geciktiyse ne kadar s\u00fcre? <br>Hay\u0131r<\/p>\n\n\n\n<p>-14 Her zaman yan\u0131n\u0131zdayd\u0131m\u0131d\u0131, yard\u0131mc\u0131 ve samimi miydi?<br> <br><br>Evet, \u00e7ok samimi ve ne\u015feliydi!<\/p>\n\n\n\n<p>-15 Size her seferinde otel ile hastane aras\u0131nda e\u015flik etti mi?<br>Evet, tabii ki.<\/p>\n\n\n\n<p>-16 Araba iyi kullan\u0131ld\u0131 m\u0131?<br> <br><br>Evet<\/p>\n\n\n\n<p>-17 Bagaj\u0131n\u0131z i\u00e7in yer problemi ya\u015fad\u0131n\u0131z m\u0131?<br>Hay\u0131r<\/p>\n\n\n\n<p>-18 Genel olarak alma servisinden ne kadar memnunsunuz? (l\u00fctfen 1\u2019den 5\u2019e kadar bir say\u0131 verin)<br>5 <\/p>\n\n\n\n<p>Klinik<br>-19 Nedenini bilmeden saatlerce beklemek zorunda kald\u0131n\u0131z m\u0131?<br>Hay\u0131r<\/p>\n\n\n\n<p>-20 Personel ve doktor taraf\u0131ndan iyi kar\u015f\u0131land\u0131n\u0131z m\u0131?<br>Evet, \u00e7ok iyi!<\/p>\n\n\n\n<p>-21 Ameliyat \u00f6ncesinde size yeterli bilgi verildi mi?<br>\u00c7ok h\u0131zl\u0131 oldu, ama verimliydi.<\/p>\n\n\n\n<p>-22 Ameliyat sonucundan ne kadar memnunsunuz?<br>\u00c7ok Memnunum.<\/p>\n\n\n\n<p>-23 Size Almanca konu\u015fan biri e\u015flik etti mi?<br>Evet, ama \u0130ngilizce de m\u00fcmk\u00fcn olabilirdi. Bazen bu kadar \u00e7ok dil duymak biraz kafa kar\u0131\u015ft\u0131r\u0131c\u0131yd\u0131. <\/p>\n\n\n\n<p>-24 Size ek masraflar yans\u0131t\u0131ld\u0131 m\u0131?<br>Hay\u0131r<\/p>\n\n\n\n<p>-25 Genel olarak klinikten ne kadar memnunsunuz? (l\u00fctfen 1\u2019den 5\u2019e kadar bir say\u0131 verin) <br>5 <\/p>\n\n\n\n<p>Swisslasikpass<br>-26 Swisslasikpassta hangi bilgileri faydal\u0131 buluyorsunuz?<br>Her ki\u015fi i\u00e7in ki\u015fisel olarak d\u00fczenlenmi\u015f olmas\u0131 \u00e7ok iyi, faydal\u0131 ve profesyonel buluyorum. T\u00fcm bilgiler \u00e7ok faydal\u0131! <\/p>\n\n\n\n<p>-27 Swisslasikpassta hangi bilgileri gereksiz buluyorsunuz?<br> <br><br>Hi\u00e7biri.<\/p>\n\n\n\n<p>-28 Yanl\u0131\u015f bilgiler var m\u0131?<br>Hay\u0131r, ama buna ek olarak bir \u015fehir haritas\u0131 da faydal\u0131 olurdu.<\/p>\n\n\n\n<p>-29 Biz neyi daha iyi yapabiliriz?<br>Swisslasik.ch<\/p>\n\n\n\n<p>-30 \u00d6zellikle ne iyiydi?<br>T\u00fcm bak\u0131m ekibi!<\/p>\n\n\n\n<p>-31 \u00d6zellikle ne k\u00f6t\u00fcyd\u00fc?<br>Otelin g\u00fcr\u00fclt\u00fcs\u00fc.<\/p>\n\n\n\n<p>-32 Biz neyi daha iyi yapabiliriz?<\/p>\n\n\n\n<p>-33 Genel olarak bizden ne kadar memnunsunuz? (l\u00fctfen 1\u2019den 5\u2019e kadar bir say\u0131 verin) 5 <\/p>\n\n\n\n<p>-34 Bizi ba\u015fkalar\u0131na tavsiye eder misiniz?<br>Evet, tabii ki!<\/p>\n\n\n\n<p>-35 Cevaplar\u0131n\u0131z\u0131 forum.swisslasik.ch sitesinde yay\u0131mlayabilir miyiz?<br>Ja, nat\u00fcrlich!<\/p>\n\n\n\n<p>-36 Telefon numaran\u0131z\u0131 \/ e-posta adresinizi, swisslasik.ch ile konu\u015fmak isteyen ilgililere verebilir miyiz?<br>Evet<\/p>\n\n\n\n<p>De\u011ferlendirme formu benzer sorularla zaten \u0130stanbul\u2019da doldurulmu\u015ftu!<\/p>\n\n\n\n<p>Bize zaman ay\u0131rd\u0131\u011f\u0131n\u0131z i\u00e7in \u00e7ok te\u015fekk\u00fcr ederiz!<\/p>\n\n\n\n<p>Swisslasik.ch<\/p>\n\n\n\n<div class=\"wp-block-group is-layout-grid wp-container-core-group-is-layout-baef362d wp-block-group-is-layout-grid\">\n<p><a href=\"https:\/\/medicaltravel.at\/home\/agb\/\" data-type=\"page\" data-id=\"2191\"><\/a><a href=\"https:\/\/medicaltravel.at\/tr\/hasta-hikayeleri\/eski-hasta-raporlari\/benim-goez-lazeri-deneyimim-tuerkiye-15-haziran-2007-cuma-tarihli-rapor\/\" data-type=\"link\" data-id=\"https:\/\/medicaltravel.at\/tr\/hasta-hikayeleri\/eski-hasta-raporlari\/benim-goez-lazeri-deneyimim-tuerkiye-15-haziran-2007-cuma-tarihli-rapor\/\">\u00d6nceki Rapor<\/a><\/p>\n\n\n\n<p class=\"has-text-align-right wp-container-content-5e2576f9\"><a href=\"https:\/\/medicaltravel.at\/home\/impressum\/\" data-type=\"page\" data-id=\"2193\"><\/a><a href=\"https:\/\/medicaltravel.at\/home\/berichte-von-patienten\/erfahrungsberichte\/erfahrungsbericht-zahnbehandlung-in-istanbul\/\" data-type=\"page\" data-id=\"981\"><\/a><a href=\"https:\/\/medicaltravel.at\/tr\/hasta-hikayeleri\/eski-hasta-raporlari\/lasik-tuerkiye-hasta-raporu-20-mart-2007-sali-tarihli-rapor\/\" data-type=\"link\" data-id=\"https:\/\/medicaltravel.at\/tr\/hasta-hikayeleri\/eski-hasta-raporlari\/lasik-tuerkiye-hasta-raporu-20-mart-2007-sali-tarihli-rapor\/\">Sonraki Rapor<\/a><\/p>\n<\/div>\n","protected":false},"excerpt":{"rendered":"<p>G\u00f6z Lazeri T\u00fcrkiye anketi \u2013 24 Mart 2007 Cumartesi tarihli rapor Swisslasik.ch Hasta Anketi Karar verme s\u00fcreciniz-1 G\u00f6zlerinizi yurt d\u0131\u015f\u0131nda lazer yapt\u0131rmaya nas\u0131l ve neden karar verdiniz?\u0130svi\u00e7re\u2019de \u00e7ok pahal\u0131 oldu\u011fu i\u00e7in. Zamanla g\u00f6zl\u00fck ve kontakt lens kullanmak zorla\u015ft\u0131; lensler g\u00f6z\u00fcm\u00fc art\u0131k rahats\u0131z ediyordu, eskisi gibi uyum sa\u011flayam\u0131yordum. -2 Bizi nas\u0131l tercih ettiniz?\u0130nternet \u00fczerinden -3 \u015eirketimizle ilgili sizi en \u00e7ok etkileyen \u015fey neydi?H\u0131zl\u0131, \u00e7abuk ve harika hizmet! \u0130\u00e7ten te\u015fekk\u00fcrler! -4 Swisslasik.ch gibi ba\u015fka sa\u011flay\u0131c\u0131lar buldunuz mu? Swisslasik.ch\u2019i farkl\u0131 k\u0131lan ne oldu? Ba\u015fka sa\u011flay\u0131c\u0131 bulmad\u0131m, ama art\u0131k aramad\u0131m da. Swisslasik ba\u015ftan beri iyi bir izlenim b\u0131rakt\u0131! -5 Hala bir\u00e7ok ki\u015fi g\u00f6zlerini \u0130stanbul\u2019da lazer yapt\u0131rma konusunda \u00e7ekingen. Swisslasik.ch bu ki\u015filere nas\u0131l daha iyi ula\u015fabilir?Belki dergilerde daha fazla haber\/yorum payla\u015f\u0131labilir; \u00f6rne\u011fin \u201cDas Beste\u201d dergisinde. Otel-6 Resepsiyonda Almanca veya \u0130ngilizce konu\u015fan biri var m\u0131yd\u0131?Evet, ama \u0130ngilizcesi \u00e7ok iyi de\u011fildi; yine de ileti\u015fim kurulabiliyordu. -7 Otel ve oda temiz miydi?Evet, oda biraz k\u00fc\u00e7\u00fckt\u00fc. -8 \u00c7al\u0131\u015fanlar yard\u0131mc\u0131 ve samimi miydi?\u00c7ok samimi ve yard\u0131mseverdi. -9 Kahvalt\u0131 iyiydi, uygun muydu?\u0130yiydi! Ama Kutsal Cuma sabah\u0131 Noel m\u00fczi\u011fi \u00e7al\u0131yordu: Stille Nacht vs., ki bu da e\u011flenceliydi! -10 Rahat bir \u015fekilde uyuyabildiniz mi?Daha \u00e7ok g\u00fcr\u00fclt\u00fcl\u00fcyd\u00fc, \u00f6zellikle di\u011fer, \u00e7o\u011funlukla gen\u00e7 misafirlerden rahats\u0131z olduk. -11 Sizden ekstra \u00fccret istendi mi?Sauna ve spa alan\u0131 i\u00e7in. -12 Genel olarak otelden ne kadar memnunsunuz? (l\u00fctfen 1\u2019den 5\u2019e kadar bir say\u0131 verin)5 Alma servisi-13 G\u00f6revli gecikti mi? Geciktiyse ne kadar s\u00fcre? Hay\u0131r -14 Her zaman yan\u0131n\u0131zdayd\u0131m\u0131d\u0131, yard\u0131mc\u0131 ve samimi miydi? Evet, \u00e7ok samimi ve ne\u015feliydi! -15 Size her seferinde otel ile hastane aras\u0131nda e\u015flik etti mi?Evet, tabii ki. -16 Araba iyi kullan\u0131ld\u0131 m\u0131? Evet -17 Bagaj\u0131n\u0131z i\u00e7in yer problemi ya\u015fad\u0131n\u0131z m\u0131?Hay\u0131r -18 Genel olarak alma servisinden ne kadar memnunsunuz? (l\u00fctfen 1\u2019den 5\u2019e kadar bir say\u0131 verin)5 Klinik-19 Nedenini bilmeden saatlerce beklemek zorunda kald\u0131n\u0131z m\u0131?Hay\u0131r -20 Personel ve doktor taraf\u0131ndan iyi kar\u015f\u0131land\u0131n\u0131z m\u0131?Evet, \u00e7ok iyi! -21 Ameliyat \u00f6ncesinde size yeterli bilgi verildi mi?\u00c7ok h\u0131zl\u0131 oldu, ama verimliydi. -22 Ameliyat sonucundan ne kadar memnunsunuz?\u00c7ok Memnunum. -23 Size Almanca konu\u015fan biri e\u015flik etti mi?Evet, ama \u0130ngilizce de m\u00fcmk\u00fcn olabilirdi. Bazen bu kadar \u00e7ok dil duymak biraz kafa kar\u0131\u015ft\u0131r\u0131c\u0131yd\u0131. -24 Size ek masraflar yans\u0131t\u0131ld\u0131 m\u0131?Hay\u0131r -25 Genel olarak klinikten ne kadar memnunsunuz? (l\u00fctfen 1\u2019den 5\u2019e kadar bir say\u0131 verin) 5 Swisslasikpass-26 Swisslasikpassta hangi bilgileri faydal\u0131 buluyorsunuz?Her ki\u015fi i\u00e7in ki\u015fisel olarak d\u00fczenlenmi\u015f olmas\u0131 \u00e7ok iyi, faydal\u0131 ve profesyonel buluyorum. T\u00fcm bilgiler \u00e7ok faydal\u0131! -27 Swisslasikpassta hangi bilgileri gereksiz buluyorsunuz? Hi\u00e7biri. -28 Yanl\u0131\u015f bilgiler var m\u0131?Hay\u0131r, ama buna ek olarak bir \u015fehir haritas\u0131 da faydal\u0131 olurdu. -29 Biz neyi daha iyi yapabiliriz?Swisslasik.ch -30 \u00d6zellikle ne iyiydi?T\u00fcm bak\u0131m ekibi! -31 \u00d6zellikle ne k\u00f6t\u00fcyd\u00fc?Otelin g\u00fcr\u00fclt\u00fcs\u00fc. -32 Biz neyi daha iyi yapabiliriz? -33 Genel olarak bizden ne kadar memnunsunuz? (l\u00fctfen 1\u2019den 5\u2019e kadar bir say\u0131 verin) 5 -34 Bizi ba\u015fkalar\u0131na tavsiye eder misiniz?Evet, tabii ki! -35 Cevaplar\u0131n\u0131z\u0131 forum.swisslasik.ch sitesinde yay\u0131mlayabilir miyiz?Ja, nat\u00fcrlich! -36 Telefon numaran\u0131z\u0131 \/ e-posta adresinizi, swisslasik.ch ile konu\u015fmak isteyen ilgililere verebilir miyiz?Evet De\u011ferlendirme formu benzer sorularla zaten \u0130stanbul\u2019da doldurulmu\u015ftu! Bize zaman ay\u0131rd\u0131\u011f\u0131n\u0131z i\u00e7in \u00e7ok te\u015fekk\u00fcr ederiz! Swisslasik.ch \u00d6nceki Rapor Sonraki Rapor<\/p>\n","protected":false},"author":4,"featured_media":0,"parent":4243,"menu_order":0,"comment_status":"closed","ping_status":"closed","template":"","meta":{"_joinchat":[],"footnotes":""},"class_list":["post-4300","page","type-page","status-publish","hentry"],"acf":[],"_links":{"self":[{"href":"https:\/\/medicaltravel.at\/tr\/wp-json\/wp\/v2\/pages\/4300","targetHints":{"allow":["GET"]}}],"collection":[{"href":"https:\/\/medicaltravel.at\/tr\/wp-json\/wp\/v2\/pages"}],"about":[{"href":"https:\/\/medicaltravel.at\/tr\/wp-json\/wp\/v2\/types\/page"}],"author":[{"embeddable":true,"href":"https:\/\/medicaltravel.at\/tr\/wp-json\/wp\/v2\/users\/4"}],"replies":[{"embeddable":true,"href":"https:\/\/medicaltravel.at\/tr\/wp-json\/wp\/v2\/comments?post=4300"}],"version-history":[{"count":2,"href":"https:\/\/medicaltravel.at\/tr\/wp-json\/wp\/v2\/pages\/4300\/revisions"}],"predecessor-version":[{"id":5865,"href":"https:\/\/medicaltravel.at\/tr\/wp-json\/wp\/v2\/pages\/4300\/revisions\/5865"}],"up":[{"embeddable":true,"href":"https:\/\/medicaltravel.at\/tr\/wp-json\/wp\/v2\/pages\/4243"}],"wp:attachment":[{"href":"https:\/\/medicaltravel.at\/tr\/wp-json\/wp\/v2\/media?parent=4300"}],"curies":[{"name":"wp","href":"https:\/\/api.w.org\/{rel}","templated":true}]}}