{"id":4260,"date":"2025-09-28T11:20:46","date_gmt":"2025-09-28T10:20:46","guid":{"rendered":"https:\/\/medicaltravel.at\/hasta-hikayeleri\/eski-hasta-raporlari\/goez-lazeri-14-aralik-2007-cuma-tarihli-rapor\/"},"modified":"2026-01-13T18:11:37","modified_gmt":"2026-01-13T17:11:37","slug":"goez-lazeri-14-aralik-2007-cuma-tarihli-rapor","status":"publish","type":"page","link":"https:\/\/medicaltravel.at\/tr\/hasta-hikayeleri\/eski-hasta-raporlari\/goez-lazeri-14-aralik-2007-cuma-tarihli-rapor\/","title":{"rendered":"G\u00f6z Lazeri \u2013 14 Aral\u0131k 2007 Cuma tarihli rapor"},"content":{"rendered":"\n<h3 class=\"wp-block-heading\">G\u00f6z Lazeri \u2013 14 Aral\u0131k 2007 Cuma tarihli rapor<\/h3>\n\n\n\n<p>Merhaba<\/p>\n\n\n\n<p>Bir s\u00fcredir g\u00f6zlerimi lazerle yapt\u0131rmay\u0131 d\u00fc\u015f\u00fcn\u00fcyorum ama maliyetler ve de\u011fi\u015fen g\u00f6z numaralar\u0131m beni durdurdu. \u015eimdi tekrar bu konuyu de\u011ferlendirdim. <\/p>\n\n\n\n<p>Ne yaz\u0131k ki ya da \u015fans eseri, bir spor sakatl\u0131\u011f\u0131 ya\u015fad\u0131m ve bu y\u00fczden g\u00f6zlerimin d\u00fczg\u00fcn bir \u015fekilde muayene edilmesi gerekiyordu. Bu y\u00fczden g\u00f6z doktorumla konu\u015ftum, bana \u0130svi\u00e7re\u2019de bir klinik \u00f6nerdi. Maliyetleri sordu\u011fumda ise, bir\u00e7ok hastas\u0131n\u0131n bunu \u0130stanbul\u2019da yapt\u0131rd\u0131\u011f\u0131n\u0131 s\u00f6yledi. <\/p>\n\n\n\n<p>Bu bana g\u00fcven verdi ve internetten biraz ara\u015ft\u0131rma yapt\u0131m, b\u00f6ylece Swisslasik ile kar\u015f\u0131la\u015ft\u0131m. \u0130lk izlenimim olumlu oldu, bu y\u00fczden onlara yazd\u0131m. H\u0131zl\u0131 bir cevap ald\u0131m ve iyi Almancayla yazm\u0131\u015flard\u0131, bu da bana iyi bir his verdi.  <\/p>\n\n\n\n<p>B\u00f6ylece kaydoldum ve paray\u0131 g\u00f6nderdim. Ertesi g\u00fcn, paran\u0131n g\u00f6nderildi\u011fine dair onay\u0131 ald\u0131m. Sonra \u0130stanbul\u2019a do\u011frudan ula\u015f\u0131p, belirli bir ameliyat tekni\u011fini yap\u0131p yapmad\u0131klar\u0131n\u0131 sormak ve sadece ad\u0131mla imzalamak i\u00e7in ileti\u015fime ge\u00e7ti\u011fimde, zaten kaydoldu\u011fumu biliyorlard\u0131. Bu da yine pozitif bir s\u00fcrpriz oldu, \u00e7\u00fcnk\u00fc kim \u0130svi\u00e7re\u2019de bunu kontrol etmek i\u00e7in u\u011fra\u015f\u0131r ki?    <\/p>\n\n\n\n<p>B\u00f6ylece t\u00fcm iyi izlenimlerle ama biraz da tedirgin olarak T\u00fcrkiye\u2019ye u\u00e7tum. Havaliman\u0131nda kar\u015f\u0131land\u0131m ve otele g\u00f6t\u00fcr\u00fcld\u00fcm. Yolculuk keyifliydi ve \u015fof\u00f6r iyi Almanca konu\u015fuyordu. Biraz kara mizah yap\u0131yordu, ben de bunu \u00e7ok cool buldum; b\u00f6ylece korkumuzu azaltmaya \u00e7al\u0131\u015ft\u0131.   <\/p>\n\n\n\n<p>Otel Taskim G\u00f6len\u2019di. Her \u015fey \u00e7ok temizdi ve kahvalt\u0131 b\u00fcfesi de iyiydi. Tek olumsuz y\u00f6n, biraz g\u00fcr\u00fclt\u00fc olmas\u0131yd\u0131; \u00f6zellikle \u015eampiyonlar Ligi ma\u00e7\u0131ndan sonra. Ayr\u0131ca \u015fu anda bu caddede in\u015faat \u00e7al\u0131\u015fmas\u0131 yap\u0131l\u0131yor, bu y\u00fczden biraz in\u015faat g\u00fcr\u00fclt\u00fcs\u00fc vard\u0131 ama bunun otelle bir ilgisi yoktu.    <\/p>\n\n\n\n<p>Klinikte s\u0131cak bir \u015fekilde kar\u015f\u0131land\u0131m ve burada da her \u015fey Almanca olarak a\u00e7\u0131kland\u0131. Ama doktor ayn\u0131 zamanda ak\u0131c\u0131 \u0130ngilizce de konu\u015fuyor. Bu y\u00fczden ger\u00e7ekten iyi bir his vard\u0131 ve ameliyat i\u00e7in b\u00fcy\u00fck bir heyecan duydum. \u00dcstelik \u00f6nceki g\u00fcn\u00fcn hastalar\u0131n\u0131n kontrol i\u00e7in geldi\u011fini g\u00f6r\u00fcnce heyecan\u0131m daha da artt\u0131.   <\/p>\n\n\n\n<p>Ameliyattan sonra g\u00f6zlerimde yakla\u015f\u0131k 10 dakika \u00e7ok g\u00fc\u00e7l\u00fc bir yanma oldu, ama damlalardan sonra ge\u00e7ti. Ve 2 saat sonra otelde tamamen iyiydim. \u015eimdi -4 ve -2,25 olan numaralar\u0131m +0,5 ve +0,25 oldu; bu \u00f6l\u00e7\u00fcm ameliyattan sonraki g\u00fcn yap\u0131ld\u0131. Yani bir gecede bamba\u015fka bir insan oldum. Evden \u00e7\u0131karken art\u0131k g\u00f6zl\u00fck ya da lens gibi bir \u015feye ihtiya\u00e7 duymamak ger\u00e7ekten harika bir his. Ama 2 g\u00fcn sonra s\u00f6yleyebilirim ki, tekrar kartal gibi g\u00f6r\u00fcyorum; bir g\u00f6z\u00fcmle h\u00e2l\u00e2 biraz zorluk ya\u015f\u0131yorum ama s\u00f6ylendi\u011fi gibi zamanla d\u00fczelece\u011fini umuyorum.     <\/p>\n\n\n\n<p>Sonu\u00e7 olarak sadece \u015funu s\u00f6yleyebilirim: bunu her zaman tekrar yapard\u0131m. Ve gerekirse tekrar oraya u\u00e7ar\u0131m. <\/p>\n\n\n\n<div class=\"wp-block-group is-layout-grid wp-container-core-group-is-layout-baef362d wp-block-group-is-layout-grid\">\n<p><a href=\"https:\/\/medicaltravel.at\/home\/agb\/\" data-type=\"page\" data-id=\"2191\"><\/a><a href=\"https:\/\/medicaltravel.at\/tr\/hasta-hikayeleri\/eski-hasta-raporlari\/benim-aralik-ayinda-tuerkiyedeki-lasik-ameliyatim-04-ocak-2008-cuma-tarihli-rapor\/\" data-type=\"link\" data-id=\"https:\/\/medicaltravel.at\/tr\/hasta-hikayeleri\/eski-hasta-raporlari\/benim-aralik-ayinda-tuerkiyedeki-lasik-ameliyatim-04-ocak-2008-cuma-tarihli-rapor\/\">\u00d6nceki Rapor<\/a><\/p>\n\n\n\n<p class=\"has-text-align-right wp-container-content-5e2576f9\"><a href=\"https:\/\/medicaltravel.at\/home\/impressum\/\" data-type=\"page\" data-id=\"2193\"><\/a><a href=\"https:\/\/medicaltravel.at\/home\/berichte-von-patienten\/erfahrungsberichte\/erfahrungsbericht-zahnbehandlung-in-istanbul\/\" data-type=\"page\" data-id=\"981\"><\/a><a href=\"https:\/\/medicaltravel.at\/tr\/hasta-hikayeleri\/eski-hasta-raporlari\/bizim-goez-lazeri-ameliyatimiz-istanbulda-28-kasim-2007-carsamba-tarihli-rapor\/\" data-type=\"link\" data-id=\"https:\/\/medicaltravel.at\/berichte-von-patienten\/altere-patientenberichte\/unsere-augenlaser-op-in-istanbul-bericht-vom-mittwoch-28-november-2007\/\">Sonraki Rapor<\/a><\/p>\n<\/div>\n","protected":false},"excerpt":{"rendered":"<p>G\u00f6z Lazeri \u2013 14 Aral\u0131k 2007 Cuma tarihli rapor Merhaba Bir s\u00fcredir g\u00f6zlerimi lazerle yapt\u0131rmay\u0131 d\u00fc\u015f\u00fcn\u00fcyorum ama maliyetler ve de\u011fi\u015fen g\u00f6z numaralar\u0131m beni durdurdu. \u015eimdi tekrar bu konuyu de\u011ferlendirdim. Ne yaz\u0131k ki ya da \u015fans eseri, bir spor sakatl\u0131\u011f\u0131 ya\u015fad\u0131m ve bu y\u00fczden g\u00f6zlerimin d\u00fczg\u00fcn bir \u015fekilde muayene edilmesi gerekiyordu. Bu y\u00fczden g\u00f6z doktorumla konu\u015ftum, bana \u0130svi\u00e7re\u2019de bir klinik \u00f6nerdi. Maliyetleri sordu\u011fumda ise, bir\u00e7ok hastas\u0131n\u0131n bunu \u0130stanbul\u2019da yapt\u0131rd\u0131\u011f\u0131n\u0131 s\u00f6yledi. Bu bana g\u00fcven verdi ve internetten biraz ara\u015ft\u0131rma yapt\u0131m, b\u00f6ylece Swisslasik ile kar\u015f\u0131la\u015ft\u0131m. \u0130lk izlenimim olumlu oldu, bu y\u00fczden onlara yazd\u0131m. H\u0131zl\u0131 bir cevap ald\u0131m ve iyi Almancayla yazm\u0131\u015flard\u0131, bu da bana iyi bir his verdi. B\u00f6ylece kaydoldum ve paray\u0131 g\u00f6nderdim. Ertesi g\u00fcn, paran\u0131n g\u00f6nderildi\u011fine dair onay\u0131 ald\u0131m. Sonra \u0130stanbul\u2019a do\u011frudan ula\u015f\u0131p, belirli bir ameliyat tekni\u011fini yap\u0131p yapmad\u0131klar\u0131n\u0131 sormak ve sadece ad\u0131mla imzalamak i\u00e7in ileti\u015fime ge\u00e7ti\u011fimde, zaten kaydoldu\u011fumu biliyorlard\u0131. Bu da yine pozitif bir s\u00fcrpriz oldu, \u00e7\u00fcnk\u00fc kim \u0130svi\u00e7re\u2019de bunu kontrol etmek i\u00e7in u\u011fra\u015f\u0131r ki? B\u00f6ylece t\u00fcm iyi izlenimlerle ama biraz da tedirgin olarak T\u00fcrkiye\u2019ye u\u00e7tum. Havaliman\u0131nda kar\u015f\u0131land\u0131m ve otele g\u00f6t\u00fcr\u00fcld\u00fcm. Yolculuk keyifliydi ve \u015fof\u00f6r iyi Almanca konu\u015fuyordu. Biraz kara mizah yap\u0131yordu, ben de bunu \u00e7ok cool buldum; b\u00f6ylece korkumuzu azaltmaya \u00e7al\u0131\u015ft\u0131. Otel Taskim G\u00f6len\u2019di. Her \u015fey \u00e7ok temizdi ve kahvalt\u0131 b\u00fcfesi de iyiydi. Tek olumsuz y\u00f6n, biraz g\u00fcr\u00fclt\u00fc olmas\u0131yd\u0131; \u00f6zellikle \u015eampiyonlar Ligi ma\u00e7\u0131ndan sonra. Ayr\u0131ca \u015fu anda bu caddede in\u015faat \u00e7al\u0131\u015fmas\u0131 yap\u0131l\u0131yor, bu y\u00fczden biraz in\u015faat g\u00fcr\u00fclt\u00fcs\u00fc vard\u0131 ama bunun otelle bir ilgisi yoktu. Klinikte s\u0131cak bir \u015fekilde kar\u015f\u0131land\u0131m ve burada da her \u015fey Almanca olarak a\u00e7\u0131kland\u0131. Ama doktor ayn\u0131 zamanda ak\u0131c\u0131 \u0130ngilizce de konu\u015fuyor. Bu y\u00fczden ger\u00e7ekten iyi bir his vard\u0131 ve ameliyat i\u00e7in b\u00fcy\u00fck bir heyecan duydum. \u00dcstelik \u00f6nceki g\u00fcn\u00fcn hastalar\u0131n\u0131n kontrol i\u00e7in geldi\u011fini g\u00f6r\u00fcnce heyecan\u0131m daha da artt\u0131. Ameliyattan sonra g\u00f6zlerimde yakla\u015f\u0131k 10 dakika \u00e7ok g\u00fc\u00e7l\u00fc bir yanma oldu, ama damlalardan sonra ge\u00e7ti. Ve 2 saat sonra otelde tamamen iyiydim. \u015eimdi -4 ve -2,25 olan numaralar\u0131m +0,5 ve +0,25 oldu; bu \u00f6l\u00e7\u00fcm ameliyattan sonraki g\u00fcn yap\u0131ld\u0131. Yani bir gecede bamba\u015fka bir insan oldum. Evden \u00e7\u0131karken art\u0131k g\u00f6zl\u00fck ya da lens gibi bir \u015feye ihtiya\u00e7 duymamak ger\u00e7ekten harika bir his. Ama 2 g\u00fcn sonra s\u00f6yleyebilirim ki, tekrar kartal gibi g\u00f6r\u00fcyorum; bir g\u00f6z\u00fcmle h\u00e2l\u00e2 biraz zorluk ya\u015f\u0131yorum ama s\u00f6ylendi\u011fi gibi zamanla d\u00fczelece\u011fini umuyorum. Sonu\u00e7 olarak sadece \u015funu s\u00f6yleyebilirim: bunu her zaman tekrar yapard\u0131m. Ve gerekirse tekrar oraya u\u00e7ar\u0131m. \u00d6nceki Rapor Sonraki Rapor<\/p>\n","protected":false},"author":4,"featured_media":0,"parent":4243,"menu_order":0,"comment_status":"closed","ping_status":"closed","template":"","meta":{"_joinchat":[],"footnotes":""},"class_list":["post-4260","page","type-page","status-publish","hentry"],"acf":[],"_links":{"self":[{"href":"https:\/\/medicaltravel.at\/tr\/wp-json\/wp\/v2\/pages\/4260","targetHints":{"allow":["GET"]}}],"collection":[{"href":"https:\/\/medicaltravel.at\/tr\/wp-json\/wp\/v2\/pages"}],"about":[{"href":"https:\/\/medicaltravel.at\/tr\/wp-json\/wp\/v2\/types\/page"}],"author":[{"embeddable":true,"href":"https:\/\/medicaltravel.at\/tr\/wp-json\/wp\/v2\/users\/4"}],"replies":[{"embeddable":true,"href":"https:\/\/medicaltravel.at\/tr\/wp-json\/wp\/v2\/comments?post=4260"}],"version-history":[{"count":5,"href":"https:\/\/medicaltravel.at\/tr\/wp-json\/wp\/v2\/pages\/4260\/revisions"}],"predecessor-version":[{"id":5863,"href":"https:\/\/medicaltravel.at\/tr\/wp-json\/wp\/v2\/pages\/4260\/revisions\/5863"}],"up":[{"embeddable":true,"href":"https:\/\/medicaltravel.at\/tr\/wp-json\/wp\/v2\/pages\/4243"}],"wp:attachment":[{"href":"https:\/\/medicaltravel.at\/tr\/wp-json\/wp\/v2\/media?parent=4260"}],"curies":[{"name":"wp","href":"https:\/\/api.w.org\/{rel}","templated":true}]}}