{"id":4256,"date":"2025-09-28T11:21:43","date_gmt":"2025-09-28T10:21:43","guid":{"rendered":"https:\/\/medicaltravel.at\/hasta-hikayeleri\/eski-hasta-raporlari\/goez-ameliyati-istanbulda-19-kasim-2007-pazartesi-tarihli-rapor\/"},"modified":"2026-01-13T18:12:45","modified_gmt":"2026-01-13T17:12:45","slug":"goez-ameliyati-istanbulda-19-kasim-2007-pazartesi-tarihli-rapor","status":"publish","type":"page","link":"https:\/\/medicaltravel.at\/tr\/hasta-hikayeleri\/eski-hasta-raporlari\/goez-ameliyati-istanbulda-19-kasim-2007-pazartesi-tarihli-rapor\/","title":{"rendered":"G\u00f6z Ameliyat\u0131 \u0130stanbul\u2019da \u2013 19 Kas\u0131m 2007 Pazartesi tarihli rapor"},"content":{"rendered":"\n<h3 class=\"wp-block-heading\">G\u00f6z ameliyat\u0131 \u0130stanbul\u2019da \u2013 19 Kas\u0131m 2007 Pazartesi tarihli rapor<\/h3>\n\n<p>Merhaba<\/p>\n\n<p>\u0130\u015fte \u0130stanbul\u2019daki EYEstar Klini\u011fi\u2019nde Swisslasik ile yapt\u0131rd\u0131\u011f\u0131m Lasik ameliyat\u0131 sonras\u0131 bir deneyimim.<\/p>\n\n<p>Ben 4 ya\u015f\u0131mdan beri g\u00f6zl\u00fck kullan\u0131yorum ve uzun zamand\u0131r g\u00f6zlerime lazer yapt\u0131rmay\u0131 d\u00fc\u015f\u00fcn\u00fcyordum. Sonunda beni bu karar\u0131 almaya iten sebep, g\u00f6zl\u00fck takman\u0131n dal\u0131\u015f yaparken \u00e7ok pratik olmamas\u0131yd\u0131, ayr\u0131ca ameliyat\u0131 sorunsuz atlatm\u0131\u015f baz\u0131 insanlar\u0131 da tan\u0131yordum. <\/p>\n\n<p>B\u00f6ylece uygun bir klinik aray\u0131\u015f\u0131 ba\u015flad\u0131. Arkada\u015flar\u0131mdan \u0130stanbul\u2019da ameliyat olma imk\u00e2n\u0131 oldu\u011funu ve bunun \u0130svi\u00e7re veya Almanya\u2019ya g\u00f6re \u00e7ok daha uygun fiyatl\u0131 oldu\u011funu biliyordum. Bu y\u00fczden internette ara\u015ft\u0131rma yapmaya ve ba\u011f\u0131ms\u0131z forumlarda deneyim yaz\u0131lar\u0131n\u0131 okumaya ba\u015flad\u0131m. Kendi subjektif de\u011ferlendirmeme g\u00f6re, Swisslasik bana en iyi kaliteyi sunan se\u00e7enek gibi g\u00f6r\u00fcnd\u00fc.   <\/p>\n\n<p>\u00d6n muayene, sadece Z\u00fcrih\u2019te yap\u0131labiliyordu, bu da Lausanne\u2019de ya\u015fayan biri olarak benim i\u00e7in pek pratik de\u011fildi. Sonu\u00e7 olarak, g\u00f6zbebeklerimin \u00e7ok b\u00fcy\u00fck oldu\u011fu ve gece g\u00f6r\u00fc\u015f\u00fcnde \u0131\u015f\u0131k halkas\u0131 olu\u015fma riskinin bulundu\u011fu tespit edildi. Bu y\u00fczden g\u00f6z doktoru bana daha \u00e7ok g\u00f6z i\u00e7ine yerle\u015ftirilen bir lensi \u00f6nerdi. Ben de bu m\u00fcdahaleyi yap\u0131p yapmamam konusunda tamamen ikna olmam\u0131\u015ft\u0131m, \u00e7\u00fcnk\u00fc bana \u00e7ok m\u00fcdahaleci geldi ve ayr\u0131ca normal fiyat\u0131n\u0131n iki kat\u0131 tutuyordu.<br\/> <\/p>\n\n<p>Yine de \u0130stanbul\u2019a u\u00e7tum ve ameliyat\u0131 yapacak g\u00f6z doktoru ile hangi y\u00f6ntemin benim i\u00e7in uygun olaca\u011f\u0131n\u0131 tekrar g\u00f6r\u00fc\u015ft\u00fcm. Doktor, g\u00f6zbebeklerimin Lasik ameliyat\u0131 i\u00e7in s\u0131n\u0131rda oldu\u011funu, fakat korneam\u0131n nispeten kal\u0131n olmas\u0131 nedeniyle Lasik ameliyat\u0131n\u0131n yap\u0131labilece\u011fini s\u00f6yledi ve ben de Lasik\u2019i tercih ettim. <\/p>\n\n<p>Ertesi g\u00fcn olduk\u00e7a heyecanl\u0131yd\u0131m ama bana teklif edilen sakinle\u015ftirici tableti almaya karar verdim. K\u0131sa bir s\u00fcre sonra haz\u0131rl\u0131k odas\u0131na g\u00f6t\u00fcr\u00fcld\u00fcm, g\u00f6z \u00e7evrem dezenfekte edildi ve k\u0131sa s\u00fcre sonra ameliyata al\u0131nd\u0131m. Lazer i\u015flemi olduk\u00e7a h\u0131zl\u0131 ge\u00e7ti ve bir anda ameliyattan \u00e7\u0131kar\u0131larak karanl\u0131k bir dinlenme odas\u0131na g\u00f6t\u00fcr\u00fcld\u00fcm. Ancak bunun i\u00e7in g\u00f6zlerimi a\u00e7mak zorundayd\u0131m ve ortaya \u00e7\u0131kan a\u011fr\u0131 bekledi\u011fimden daha fazlayd\u0131. Yine de benim izlenimim, benden sonra ameliyat olan ki\u015filerin bunu biraz daha iyi tolere ettikleri y\u00f6n\u00fcndeydi. Sonraki 30 dakika \u00e7ok rahats\u0131z ediciydi ama sonra kontrol i\u00e7in \u00e7a\u011fr\u0131ld\u0131m, g\u00f6zlerime anestezi damlas\u0131 damlat\u0131ld\u0131 ve ondan sonra her \u015fey giderek iyiye gitti.    <\/p>\n\n<p>Ameliyattan sonraki ilk ak\u015fam olduk\u00e7a uzun ge\u00e7ti, \u00e7\u00fcnk\u00fc g\u00f6zleri m\u00fcmk\u00fcn oldu\u011funca kapal\u0131 tutmak gerekiyordu ve saat ak\u015fam 5 oldu\u011fu i\u00e7in uyumak i\u00e7in \u00e7ok erken say\u0131l\u0131rd\u0131. Neyse, bu beklenen bir durumdu. <\/p>\n\n<p>Ertesi g\u00fcn saat 12\u2019de kontrol muayenem vard\u0131. Zaten olduk\u00e7a iyi g\u00f6rebiliyordum (g\u00f6z doktoruna g\u00f6re %90, bana g\u00f6re tam olarak o kadar iyi de\u011fil), bu durum g\u00fcn boyunca ve sonraki g\u00fcnlerde giderek daha da iyi hale geldi. Hatta kontrol\u00fcn \u00f6\u011fleden sonras\u0131n\u0131 gezip g\u00f6rmeye ay\u0131rabildim ve \u00e7ok \u015fey g\u00f6rd\u00fcm.<\/p>\n\n<p>Ameliyatla ilgili organizasyon \u00e7ok iyiydi. Havaliman\u0131ndan (u\u00e7ak zaman\u0131nda indi) hemen al\u0131nd\u0131m ve her zaman otelden klini\u011fe ve geri g\u00f6t\u00fcr\u00fcld\u00fcm. \u201c\u015eof\u00f6r\u201d ayn\u0131 zamanda klinikte de yard\u0131mc\u0131 oldu, bana bir\u00e7ok bilgi verdi ve genel olarak \u00e7ok faydal\u0131yd\u0131, t\u0131pk\u0131 di\u011fer klinik personeli gibi. Otel klasik anlamda 4 y\u0131ld\u0131zl\u0131 bir otel de\u011fildi, ama benim beklentilerimi tamamen kar\u015f\u0131lad\u0131 (temiz, \u00f6zel banyo vb.).<\/p>\n\n<p>Ameliyattan 4 g\u00fcn sonra art\u0131k hi\u00e7 g\u00f6zl\u00fck veya kontakt lens takmak zorunda olmaman\u0131n keyfini \u00e7\u0131kar\u0131yorum. Her g\u00fcn biraz daha iyi g\u00f6rd\u00fc\u011f\u00fcm\u00fc fark ediyorum ve art\u0131k g\u00f6zl\u00fc\u011f\u00fcmle g\u00f6rd\u00fc\u011f\u00fcm kadar iyi g\u00f6rebiliyorum. Sol g\u00f6z\u00fcm\u00fcn alt d\u0131\u015f \u00e7eyre\u011finde bazen bulan\u0131k bir leke g\u00f6r\u00fcyorum, ama her ge\u00e7en g\u00fcn daha az fark ediliyor ve umuyorum ki yak\u0131nda tamamen kaybolacak. Bunun d\u0131\u015f\u0131nda \u00e7ok iyiyim, herhangi bir iltihap veya ba\u015fka dikkat \u00e7ekici ya da rahats\u0131z edici bir durum yok. G\u00f6zlerim her zamanki gibi beyaz, k\u00fc\u00e7\u00fck damarlar olmadan.    <\/p>\n\n<p>Ki\u015fisel olarak benim izlenimim, EYEstar\u2019daki doktorlar\u0131n son derece iyi ve \u00e7ok deneyimli olduklar\u0131 y\u00f6n\u00fcnde ve di\u011fer Avrupa \u00fclkelerinde onlardan daha iyi doktorlar bulman\u0131n zor olaca\u011f\u0131.<\/p>\n\n<p>Karar vermenizde bol \u015fanslar.<\/p>\n\n<p>Aa evet; \u015fu ana kadar hi\u00e7 \u0131\u015f\u0131k halkas\u0131 g\u00f6rmedim.<\/p>\n\n<p>Hanne<\/p>\n\n<div class=\"wp-block-group is-layout-grid wp-container-core-group-is-layout-baef362d wp-block-group-is-layout-grid\">\n<p><a href=\"https:\/\/medicaltravel.at\/home\/agb\/\" data-type=\"page\" data-id=\"2191\"><\/a><a href=\"https:\/\/medicaltravel.at\/tr\/hasta-hikayeleri\/eski-hasta-raporlari\/bizim-goez-lazeri-ameliyatimiz-istanbulda-28-kasim-2007-carsamba-tarihli-rapor\/\" data-type=\"link\" data-id=\"https:\/\/medicaltravel.at\/berichte-von-patienten\/altere-patientenberichte\/unsere-augenlaser-op-in-istanbul-bericht-vom-mittwoch-28-november-2007\/\">\u00d6nceki Rapor<\/a><\/p>\n\n\n\n<p class=\"has-text-align-right wp-container-content-5e2576f9\"><a href=\"https:\/\/medicaltravel.at\/home\/impressum\/\" data-type=\"page\" data-id=\"2193\"><\/a><a href=\"https:\/\/medicaltravel.at\/home\/berichte-von-patienten\/erfahrungsberichte\/erfahrungsbericht-zahnbehandlung-in-istanbul\/\" data-type=\"page\" data-id=\"981\"><\/a><a href=\"https:\/\/medicaltravel.at\/tr\/hasta-hikayeleri\/eski-hasta-raporlari\/istanbuldaki-goez-lazer-ameliyatim-29-ekim-2007-pazartesi-tarihli-rapor\/\" data-type=\"link\" data-id=\"https:\/\/medicaltravel.at\/berichte-von-patienten\/altere-patientenberichte\/meine-augenlaser-op-in-istanbul-bericht-vom-montag-29-oktober-2007\/\">Sonraki Rapor<\/a><\/p>\n<\/div>\n","protected":false},"excerpt":{"rendered":"<p>G\u00f6z ameliyat\u0131 \u0130stanbul\u2019da \u2013 19 Kas\u0131m 2007 Pazartesi tarihli rapor Merhaba \u0130\u015fte \u0130stanbul\u2019daki EYEstar Klini\u011fi\u2019nde Swisslasik ile yapt\u0131rd\u0131\u011f\u0131m Lasik ameliyat\u0131 sonras\u0131 bir deneyimim. Ben 4 ya\u015f\u0131mdan beri g\u00f6zl\u00fck kullan\u0131yorum ve uzun zamand\u0131r g\u00f6zlerime lazer yapt\u0131rmay\u0131 d\u00fc\u015f\u00fcn\u00fcyordum. Sonunda beni bu karar\u0131 almaya iten sebep, g\u00f6zl\u00fck takman\u0131n dal\u0131\u015f yaparken \u00e7ok pratik olmamas\u0131yd\u0131, ayr\u0131ca ameliyat\u0131 sorunsuz atlatm\u0131\u015f baz\u0131 insanlar\u0131 da tan\u0131yordum. B\u00f6ylece uygun bir klinik aray\u0131\u015f\u0131 ba\u015flad\u0131. Arkada\u015flar\u0131mdan \u0130stanbul\u2019da ameliyat olma imk\u00e2n\u0131 oldu\u011funu ve bunun \u0130svi\u00e7re veya Almanya\u2019ya g\u00f6re \u00e7ok daha uygun fiyatl\u0131 oldu\u011funu biliyordum. Bu y\u00fczden internette ara\u015ft\u0131rma yapmaya ve ba\u011f\u0131ms\u0131z forumlarda deneyim yaz\u0131lar\u0131n\u0131 okumaya ba\u015flad\u0131m. Kendi subjektif de\u011ferlendirmeme g\u00f6re, Swisslasik bana en iyi kaliteyi sunan se\u00e7enek gibi g\u00f6r\u00fcnd\u00fc. \u00d6n muayene, sadece Z\u00fcrih\u2019te yap\u0131labiliyordu, bu da Lausanne\u2019de ya\u015fayan biri olarak benim i\u00e7in pek pratik de\u011fildi. Sonu\u00e7 olarak, g\u00f6zbebeklerimin \u00e7ok b\u00fcy\u00fck oldu\u011fu ve gece g\u00f6r\u00fc\u015f\u00fcnde \u0131\u015f\u0131k halkas\u0131 olu\u015fma riskinin bulundu\u011fu tespit edildi. Bu y\u00fczden g\u00f6z doktoru bana daha \u00e7ok g\u00f6z i\u00e7ine yerle\u015ftirilen bir lensi \u00f6nerdi. Ben de bu m\u00fcdahaleyi yap\u0131p yapmamam konusunda tamamen ikna olmam\u0131\u015ft\u0131m, \u00e7\u00fcnk\u00fc bana \u00e7ok m\u00fcdahaleci geldi ve ayr\u0131ca normal fiyat\u0131n\u0131n iki kat\u0131 tutuyordu. Yine de \u0130stanbul\u2019a u\u00e7tum ve ameliyat\u0131 yapacak g\u00f6z doktoru ile hangi y\u00f6ntemin benim i\u00e7in uygun olaca\u011f\u0131n\u0131 tekrar g\u00f6r\u00fc\u015ft\u00fcm. Doktor, g\u00f6zbebeklerimin Lasik ameliyat\u0131 i\u00e7in s\u0131n\u0131rda oldu\u011funu, fakat korneam\u0131n nispeten kal\u0131n olmas\u0131 nedeniyle Lasik ameliyat\u0131n\u0131n yap\u0131labilece\u011fini s\u00f6yledi ve ben de Lasik\u2019i tercih ettim. Ertesi g\u00fcn olduk\u00e7a heyecanl\u0131yd\u0131m ama bana teklif edilen sakinle\u015ftirici tableti almaya karar verdim. K\u0131sa bir s\u00fcre sonra haz\u0131rl\u0131k odas\u0131na g\u00f6t\u00fcr\u00fcld\u00fcm, g\u00f6z \u00e7evrem dezenfekte edildi ve k\u0131sa s\u00fcre sonra ameliyata al\u0131nd\u0131m. Lazer i\u015flemi olduk\u00e7a h\u0131zl\u0131 ge\u00e7ti ve bir anda ameliyattan \u00e7\u0131kar\u0131larak karanl\u0131k bir dinlenme odas\u0131na g\u00f6t\u00fcr\u00fcld\u00fcm. Ancak bunun i\u00e7in g\u00f6zlerimi a\u00e7mak zorundayd\u0131m ve ortaya \u00e7\u0131kan a\u011fr\u0131 bekledi\u011fimden daha fazlayd\u0131. Yine de benim izlenimim, benden sonra ameliyat olan ki\u015filerin bunu biraz daha iyi tolere ettikleri y\u00f6n\u00fcndeydi. Sonraki 30 dakika \u00e7ok rahats\u0131z ediciydi ama sonra kontrol i\u00e7in \u00e7a\u011fr\u0131ld\u0131m, g\u00f6zlerime anestezi damlas\u0131 damlat\u0131ld\u0131 ve ondan sonra her \u015fey giderek iyiye gitti. Ameliyattan sonraki ilk ak\u015fam olduk\u00e7a uzun ge\u00e7ti, \u00e7\u00fcnk\u00fc g\u00f6zleri m\u00fcmk\u00fcn oldu\u011funca kapal\u0131 tutmak gerekiyordu ve saat ak\u015fam 5 oldu\u011fu i\u00e7in uyumak i\u00e7in \u00e7ok erken say\u0131l\u0131rd\u0131. Neyse, bu beklenen bir durumdu. Ertesi g\u00fcn saat 12\u2019de kontrol muayenem vard\u0131. Zaten olduk\u00e7a iyi g\u00f6rebiliyordum (g\u00f6z doktoruna g\u00f6re %90, bana g\u00f6re tam olarak o kadar iyi de\u011fil), bu durum g\u00fcn boyunca ve sonraki g\u00fcnlerde giderek daha da iyi hale geldi. Hatta kontrol\u00fcn \u00f6\u011fleden sonras\u0131n\u0131 gezip g\u00f6rmeye ay\u0131rabildim ve \u00e7ok \u015fey g\u00f6rd\u00fcm. Ameliyatla ilgili organizasyon \u00e7ok iyiydi. Havaliman\u0131ndan (u\u00e7ak zaman\u0131nda indi) hemen al\u0131nd\u0131m ve her zaman otelden klini\u011fe ve geri g\u00f6t\u00fcr\u00fcld\u00fcm. \u201c\u015eof\u00f6r\u201d ayn\u0131 zamanda klinikte de yard\u0131mc\u0131 oldu, bana bir\u00e7ok bilgi verdi ve genel olarak \u00e7ok faydal\u0131yd\u0131, t\u0131pk\u0131 di\u011fer klinik personeli gibi. Otel klasik anlamda 4 y\u0131ld\u0131zl\u0131 bir otel de\u011fildi, ama benim beklentilerimi tamamen kar\u015f\u0131lad\u0131 (temiz, \u00f6zel banyo vb.). Ameliyattan 4 g\u00fcn sonra art\u0131k hi\u00e7 g\u00f6zl\u00fck veya kontakt lens takmak zorunda olmaman\u0131n keyfini \u00e7\u0131kar\u0131yorum. Her g\u00fcn biraz daha iyi g\u00f6rd\u00fc\u011f\u00fcm\u00fc fark ediyorum ve art\u0131k g\u00f6zl\u00fc\u011f\u00fcmle g\u00f6rd\u00fc\u011f\u00fcm kadar iyi g\u00f6rebiliyorum. Sol g\u00f6z\u00fcm\u00fcn alt d\u0131\u015f \u00e7eyre\u011finde bazen bulan\u0131k bir leke g\u00f6r\u00fcyorum, ama her ge\u00e7en g\u00fcn daha az fark ediliyor ve umuyorum ki yak\u0131nda tamamen kaybolacak. Bunun d\u0131\u015f\u0131nda \u00e7ok iyiyim, herhangi bir iltihap veya ba\u015fka dikkat \u00e7ekici ya da rahats\u0131z edici bir durum yok. G\u00f6zlerim her zamanki gibi beyaz, k\u00fc\u00e7\u00fck damarlar olmadan. Ki\u015fisel olarak benim izlenimim, EYEstar\u2019daki doktorlar\u0131n son derece iyi ve \u00e7ok deneyimli olduklar\u0131 y\u00f6n\u00fcnde ve di\u011fer Avrupa \u00fclkelerinde onlardan daha iyi doktorlar bulman\u0131n zor olaca\u011f\u0131. Karar vermenizde bol \u015fanslar. Aa evet; \u015fu ana kadar hi\u00e7 \u0131\u015f\u0131k halkas\u0131 g\u00f6rmedim. Hanne \u00d6nceki Rapor Sonraki Rapor<\/p>\n","protected":false},"author":4,"featured_media":0,"parent":4243,"menu_order":0,"comment_status":"closed","ping_status":"closed","template":"","meta":{"_joinchat":[],"footnotes":""},"class_list":["post-4256","page","type-page","status-publish","hentry"],"acf":[],"_links":{"self":[{"href":"https:\/\/medicaltravel.at\/tr\/wp-json\/wp\/v2\/pages\/4256","targetHints":{"allow":["GET"]}}],"collection":[{"href":"https:\/\/medicaltravel.at\/tr\/wp-json\/wp\/v2\/pages"}],"about":[{"href":"https:\/\/medicaltravel.at\/tr\/wp-json\/wp\/v2\/types\/page"}],"author":[{"embeddable":true,"href":"https:\/\/medicaltravel.at\/tr\/wp-json\/wp\/v2\/users\/4"}],"replies":[{"embeddable":true,"href":"https:\/\/medicaltravel.at\/tr\/wp-json\/wp\/v2\/comments?post=4256"}],"version-history":[{"count":3,"href":"https:\/\/medicaltravel.at\/tr\/wp-json\/wp\/v2\/pages\/4256\/revisions"}],"predecessor-version":[{"id":5516,"href":"https:\/\/medicaltravel.at\/tr\/wp-json\/wp\/v2\/pages\/4256\/revisions\/5516"}],"up":[{"embeddable":true,"href":"https:\/\/medicaltravel.at\/tr\/wp-json\/wp\/v2\/pages\/4243"}],"wp:attachment":[{"href":"https:\/\/medicaltravel.at\/tr\/wp-json\/wp\/v2\/media?parent=4256"}],"curies":[{"name":"wp","href":"https:\/\/api.w.org\/{rel}","templated":true}]}}