{"id":4248,"date":"2025-09-28T11:13:29","date_gmt":"2025-09-28T10:13:29","guid":{"rendered":"https:\/\/medicaltravel.at\/hasta-hikayeleri\/eski-hasta-raporlari\/goezler-lazerlendi-nihayet-27-mayis-2008-sali-tarihli-rapor\/"},"modified":"2026-01-13T17:58:53","modified_gmt":"2026-01-13T16:58:53","slug":"goezler-lazerlendi-nihayet-27-mayis-2008-sali-tarihli-rapor","status":"publish","type":"page","link":"https:\/\/medicaltravel.at\/tr\/hasta-hikayeleri\/eski-hasta-raporlari\/goezler-lazerlendi-nihayet-27-mayis-2008-sali-tarihli-rapor\/","title":{"rendered":"G\u00f6zler Lazerlendi \u2013 Nihayet!!! \u2013 27 May\u0131s 2008 Sal\u0131 tarihli rapor"},"content":{"rendered":"\n<h3 class=\"wp-block-heading\">G\u00f6zler Lazerlendi \u2013 Nihayet!!! \u2013 27 May\u0131s 2008 Sal\u0131 tarihli rapor<\/h3>\n\n<p>Uzun s\u00fcredir g\u00f6z lazeri d\u00fczeltmesi yapt\u0131rma fikri akl\u0131mdayd\u0131. Ablam\u0131n i\u015f arkada\u015f\u0131n\u0131n tavsiyesiyle, swisslasik \u00fczerinden uygun bir paket ayarlamaya karar verdim. \u0130ster e-posta yoluyla ister telefonda Bay Karaagacli-Leoni ile ileti\u015fime ge\u00e7iyor olsam da, her zaman ciddiye al\u0131nd\u0131\u011f\u0131m\u0131 hissettim ve sorular\u0131m\u0131 detayl\u0131 \u015fekilde cevaplamak i\u00e7in yeterince zaman ay\u0131rd\u0131\u011f\u0131 hissi vard\u0131.<br\/><br\/>Z\u00fcrih\u2019te swisslasik.ch\u2019de yap\u0131lan \u00f6n muayenede g\u00f6z doktorunun olumlu raporu sonras\u0131nda, birka\u00e7 ay sonra \u0130stanbul seyahatini kesin olarak ayarlamaya karar verdim. Seyahatten \u00f6nce operasyonla ilgili temel bilgiler ve \u0130stanbul haritas\u0131 dahil birka\u00e7 ipucu verildi. Hi\u00e7bir zaman gerginlik ya da korku hissetmedim, daha \u00e7ok operasyon ve \u00f6zellikle sonras\u0131 ile ilgili merak\u0131m \u00f6n plandayd\u0131.<br\/><br\/>21 May\u0131s 2008\u2019de \u0130stanbul\u2019a vard\u0131\u011f\u0131mda, pasaport kontrol\u00fcnden \u00f6nce, hastalar\u0131n ula\u015f\u0131m\u0131n\u0131 da organize eden eyestar klini\u011finin irtibat ki\u015fisi Birol\u2019dan bir telefon ald\u0131m. Havaliman\u0131nda \u00e7ok s\u0131cak bir kar\u015f\u0131lama sonras\u0131, \u0130svi\u00e7re\u2019den gelen \u00fc\u00e7 kad\u0131nla birlikte otele g\u00f6t\u00fcr\u00fcld\u00fck. Daha var\u0131\u015f g\u00fcn\u00fcn\u00fcn erken \u00f6\u011fleden sonrayd\u0131 ve klinik taraf\u0131ndan o g\u00fcn i\u00e7in \u00f6zel bir program yoktu, bu y\u00fczden g\u00fcn\u00fc \u0130stanbul\u2019u ke\u015ffetmek i\u00e7in kullanmak m\u00fckemmeldi.<br\/><br\/>Ertesi g\u00fcn sabah, \u0130svi\u00e7re\u2019de yap\u0131lan \u00f6n muayeneden daha detayl\u0131 bir muayene ger\u00e7ekle\u015fti ve doktor, ki\u015finin g\u00f6z lazeri i\u00e7in uygun olup olmad\u0131\u011f\u0131n\u0131 kesin olarak belirleyebildi. Klinik kolay bulunabiliyordu, fakat bu \u00f6nemli de\u011fildi \u00e7\u00fcnk\u00fc Birol t\u00fcm hastalar\u0131n ula\u015f\u0131m\u0131n\u0131 kendisi organize ediyordu; mesafeye g\u00f6re y\u00fcr\u00fcyerek veya ara\u00e7la. Eyestar\u2019daki kar\u015f\u0131lama \u00e7ok samimiydi ve olumlu bir izlenim b\u0131rakt\u0131. \u00d6nceden biraz gergin veya endi\u015feli olanlar i\u00e7in rahatlama f\u0131rsat\u0131 sunuyordu. Klinik lobisindeki dostane atmosfer, serin i\u00e7ecekler ve arka planda \u00e7alan m\u00fczik sayesinde rahatlamay\u0131 kolayla\u015ft\u0131r\u0131yordu.<br\/><br\/>Hastalar s\u0131rayla \u00e7e\u015fitli testlerden ge\u00e7ti ve klinik personeliyle tan\u0131\u015ft\u0131. Testlerin sonunda, operasyonu yapacak doktor beklenen sonu\u00e7lar\u0131 hastalarla payla\u015ft\u0131 ve \u00f6\u011fle yeme\u011fi i\u00e7in yakla\u015f\u0131k iki saatlik bir ara verdi. Testler s\u0131ras\u0131nda kullan\u0131lan g\u00f6z damlalar\u0131 nedeniyle g\u00f6r\u00fc\u015f\u00fcm \u00e7ok bulan\u0131kt\u0131 ve \u00e7ok hafif ba\u015f a\u011fr\u0131s\u0131 hissettim; muhtemelen o g\u00fcnk\u00fc \u00e7ok g\u00fc\u00e7l\u00fc g\u00fcne\u015fle de ilgiliydi.<br\/><br\/>\u0130stiklal Caddesi yak\u0131nlar\u0131nda lezzetli bir \u00f6\u011fle yeme\u011finin ard\u0131ndan tekrar klini\u011fe gittim. K\u0131sa bir beklemeden sonra operasyonun yap\u0131laca\u011f\u0131 kata \u00e7\u0131kt\u0131k. Giri\u015fte t\u00fcm hastalara ye\u015fil \u00f6nl\u00fck verildi, b\u00f6ylece sokak k\u0131yafetleri steril ortam i\u00e7in \u00f6rt\u00fclm\u00fc\u015f oldu.<br\/><br\/>Yak\u0131nda operasyon salonuna al\u0131nd\u0131m. Ba\u015f\u0131m\u0131 hafif\u00e7e yat\u0131r\u0131p sabitleyiciye yerle\u015ftirdikten sonra, ikinci s\u0131radaki g\u00f6z\u00fcm kapat\u0131ld\u0131. Sa\u011f g\u00f6z\u00fcm, istem d\u0131\u015f\u0131 kapanmamas\u0131 i\u00e7in bir kelep\u00e7e ile sabitlendi. Kesim s\u0131ras\u0131nda g\u00f6z\u00fcmde bask\u0131 hissettim. Sonraki ad\u0131m lazer uygulamas\u0131yd\u0131 ve arada g\u00f6zler defalarca y\u0131kand\u0131. Lazer hissedilmedi, kelep\u00e7e \u00e7\u0131kar\u0131ld\u0131\u011f\u0131nda ise ger\u00e7ekten rahatlad\u0131m. Sol g\u00f6zde kesim biraz daha belirgindi, lazer s\u0131ras\u0131nda ise hi\u00e7bir \u015fey hissetmedim.<br\/><br\/>Operasyon sonras\u0131 \u00f6zellikle sol g\u00f6zde yabanc\u0131 cisim hissi vard\u0131, fakat k\u0131sa s\u00fcre i\u00e7inde ge\u00e7ece\u011fi g\u00fcvenceyle s\u00f6ylendi. Doktor k\u0131sa bir kontrol yapt\u0131ktan sonra klini\u011fi terk edebildim; birka\u00e7 g\u00fcn kullanmam gereken g\u00f6z damlalar\u0131 ile birlikte bir po\u015fet verildi. Otelde dinlenmek i\u00e7in ba\u015f\u0131m\u0131 havlu ile kapatt\u0131m, b\u00f6ylece yeni operasyon ge\u00e7irmi\u015f g\u00f6zlerime kazara dokunmam\u0131\u015f oldum. Yakla\u015f\u0131k \u00fc\u00e7 saatlik dinlenmenin ard\u0131ndan ak\u015fam yeme\u011fi zaman\u0131 geldi. Ayn\u0131 deneyimi ya\u015fayan bir kad\u0131nla birlikte \u0130stiklal Caddesi boyunca bir restoran arad\u0131k.<br\/><br\/>G\u00f6r\u00fc\u015f\u00fcm art\u0131k neredeyse tamamen netti, neredeyse keskin g\u00f6r\u00fcyordum. Gece boyunca klinikten verilen g\u00f6z bandajlar\u0131, g\u00f6zleri kazara ovu\u015fturmay\u0131 \u00f6nledi. Ertesi g\u00fcn tuhaf bir his kalmad\u0131, keskin g\u00f6r\u00fc\u015f, son hat\u0131rlad\u0131\u011f\u0131m \u00e7ocukluk y\u0131llar\u0131mdaki gibi netti.<br\/><br\/>Son kontrol i\u00e7in tekrar eyestar\u2019a gittim. Doktor bana -0,5 sonucu verdi, yani neredeyse m\u00fckemmel g\u00f6r\u00fc\u015f; bu kadar d\u00fc\u015f\u00fck bir diyoptri ile herhangi bir eksiklik g\u00f6zlemlenmiyor. Operasyonun ba\u015far\u0131l\u0131 sonucu ve olumlu etkisi nedeniyle t\u00fcm klinik personeline veda ettim. Birol daha sonra beni arayarak ertesi g\u00fcn havaalan\u0131na g\u00f6t\u00fcrme zaman\u0131n\u0131 bildirdi.<br\/>Ba\u015flang\u0131\u00e7ta sadece g\u00f6zl\u00fckle g\u00f6rebildi\u011fim bu b\u00fcy\u00fcleyici \u015fehri, art\u0131k g\u00f6zl\u00fcks\u00fcz ve \u201cyeni g\u00f6zlerle\u201d d\u00f6rd\u00fcnc\u00fc g\u00fcn terk ettim. \u00d6zellikle eyestar\u2019daki son derece ilgili ve yetkin ekibe ve seyahatin planlanmas\u0131 ile rezervasyonunda eme\u011fi ge\u00e7en Bay Karaagacli-Leoni\u2019ye te\u015fekk\u00fcr ederim.<br\/><br\/>Sevgilerle \u2013 Mladen Milic, 26 May\u0131s 2008<\/p>\n\n<div class=\"wp-block-group is-layout-grid wp-container-core-group-is-layout-baef362d wp-block-group-is-layout-grid\">\n<p><a href=\"https:\/\/medicaltravel.at\/home\/agb\/\" data-type=\"page\" data-id=\"2191\"><\/a><a href=\"https:\/\/medicaltravel.at\/tr\/hasta-hikayeleri\/eski-hasta-raporlari\/benim-lasik-istanbul-deneyim-raporum-28-mayis-2008-carsamba-tarihli-rapor\/\" data-type=\"link\" data-id=\"https:\/\/medicaltravel.at\/berichte-von-patienten\/altere-patientenberichte\/mein-erfahrungsbericht-lasik-istanbul-bericht-vom-mittwoch-28-mai-2008\/\">\u00d6nceki Rapor<\/a><\/p>\n\n\n\n<p class=\"has-text-align-right wp-container-content-5e2576f9\"><a href=\"https:\/\/medicaltravel.at\/home\/impressum\/\" data-type=\"page\" data-id=\"2193\"><\/a><a href=\"https:\/\/medicaltravel.at\/home\/berichte-von-patienten\/erfahrungsberichte\/erfahrungsbericht-zahnbehandlung-in-istanbul\/\" data-type=\"page\" data-id=\"981\"><\/a><a href=\"https:\/\/medicaltravel.at\/tr\/hasta-hikayeleri\/eski-hasta-raporlari\/her-sey-lise-yillarinda-basladi-16-mayis-2008-cuma-tarihli-rapor\/\" data-type=\"link\" data-id=\"https:\/\/medicaltravel.at\/berichte-von-patienten\/altere-patientenberichte\/in-der-oberstufe-begann-alles-bericht-vom-freitag-16-mai-2008\/\">Sonraki Rapor<\/a><\/p>\n<\/div>\n","protected":false},"excerpt":{"rendered":"<p>G\u00f6zler Lazerlendi \u2013 Nihayet!!! \u2013 27 May\u0131s 2008 Sal\u0131 tarihli rapor Uzun s\u00fcredir g\u00f6z lazeri d\u00fczeltmesi yapt\u0131rma fikri akl\u0131mdayd\u0131. Ablam\u0131n i\u015f arkada\u015f\u0131n\u0131n tavsiyesiyle, swisslasik \u00fczerinden uygun bir paket ayarlamaya karar verdim. \u0130ster e-posta yoluyla ister telefonda Bay Karaagacli-Leoni ile ileti\u015fime ge\u00e7iyor olsam da, her zaman ciddiye al\u0131nd\u0131\u011f\u0131m\u0131 hissettim ve sorular\u0131m\u0131 detayl\u0131 \u015fekilde cevaplamak i\u00e7in yeterince zaman ay\u0131rd\u0131\u011f\u0131 hissi vard\u0131. Z\u00fcrih\u2019te swisslasik.ch\u2019de yap\u0131lan \u00f6n muayenede g\u00f6z doktorunun olumlu raporu sonras\u0131nda, birka\u00e7 ay sonra \u0130stanbul seyahatini kesin olarak ayarlamaya karar verdim. Seyahatten \u00f6nce operasyonla ilgili temel bilgiler ve \u0130stanbul haritas\u0131 dahil birka\u00e7 ipucu verildi. Hi\u00e7bir zaman gerginlik ya da korku hissetmedim, daha \u00e7ok operasyon ve \u00f6zellikle sonras\u0131 ile ilgili merak\u0131m \u00f6n plandayd\u0131. 21 May\u0131s 2008\u2019de \u0130stanbul\u2019a vard\u0131\u011f\u0131mda, pasaport kontrol\u00fcnden \u00f6nce, hastalar\u0131n ula\u015f\u0131m\u0131n\u0131 da organize eden eyestar klini\u011finin irtibat ki\u015fisi Birol\u2019dan bir telefon ald\u0131m. Havaliman\u0131nda \u00e7ok s\u0131cak bir kar\u015f\u0131lama sonras\u0131, \u0130svi\u00e7re\u2019den gelen \u00fc\u00e7 kad\u0131nla birlikte otele g\u00f6t\u00fcr\u00fcld\u00fck. Daha var\u0131\u015f g\u00fcn\u00fcn\u00fcn erken \u00f6\u011fleden sonrayd\u0131 ve klinik taraf\u0131ndan o g\u00fcn i\u00e7in \u00f6zel bir program yoktu, bu y\u00fczden g\u00fcn\u00fc \u0130stanbul\u2019u ke\u015ffetmek i\u00e7in kullanmak m\u00fckemmeldi. Ertesi g\u00fcn sabah, \u0130svi\u00e7re\u2019de yap\u0131lan \u00f6n muayeneden daha detayl\u0131 bir muayene ger\u00e7ekle\u015fti ve doktor, ki\u015finin g\u00f6z lazeri i\u00e7in uygun olup olmad\u0131\u011f\u0131n\u0131 kesin olarak belirleyebildi. Klinik kolay bulunabiliyordu, fakat bu \u00f6nemli de\u011fildi \u00e7\u00fcnk\u00fc Birol t\u00fcm hastalar\u0131n ula\u015f\u0131m\u0131n\u0131 kendisi organize ediyordu; mesafeye g\u00f6re y\u00fcr\u00fcyerek veya ara\u00e7la. Eyestar\u2019daki kar\u015f\u0131lama \u00e7ok samimiydi ve olumlu bir izlenim b\u0131rakt\u0131. \u00d6nceden biraz gergin veya endi\u015feli olanlar i\u00e7in rahatlama f\u0131rsat\u0131 sunuyordu. Klinik lobisindeki dostane atmosfer, serin i\u00e7ecekler ve arka planda \u00e7alan m\u00fczik sayesinde rahatlamay\u0131 kolayla\u015ft\u0131r\u0131yordu. Hastalar s\u0131rayla \u00e7e\u015fitli testlerden ge\u00e7ti ve klinik personeliyle tan\u0131\u015ft\u0131. Testlerin sonunda, operasyonu yapacak doktor beklenen sonu\u00e7lar\u0131 hastalarla payla\u015ft\u0131 ve \u00f6\u011fle yeme\u011fi i\u00e7in yakla\u015f\u0131k iki saatlik bir ara verdi. Testler s\u0131ras\u0131nda kullan\u0131lan g\u00f6z damlalar\u0131 nedeniyle g\u00f6r\u00fc\u015f\u00fcm \u00e7ok bulan\u0131kt\u0131 ve \u00e7ok hafif ba\u015f a\u011fr\u0131s\u0131 hissettim; muhtemelen o g\u00fcnk\u00fc \u00e7ok g\u00fc\u00e7l\u00fc g\u00fcne\u015fle de ilgiliydi. \u0130stiklal Caddesi yak\u0131nlar\u0131nda lezzetli bir \u00f6\u011fle yeme\u011finin ard\u0131ndan tekrar klini\u011fe gittim. K\u0131sa bir beklemeden sonra operasyonun yap\u0131laca\u011f\u0131 kata \u00e7\u0131kt\u0131k. Giri\u015fte t\u00fcm hastalara ye\u015fil \u00f6nl\u00fck verildi, b\u00f6ylece sokak k\u0131yafetleri steril ortam i\u00e7in \u00f6rt\u00fclm\u00fc\u015f oldu. Yak\u0131nda operasyon salonuna al\u0131nd\u0131m. Ba\u015f\u0131m\u0131 hafif\u00e7e yat\u0131r\u0131p sabitleyiciye yerle\u015ftirdikten sonra, ikinci s\u0131radaki g\u00f6z\u00fcm kapat\u0131ld\u0131. Sa\u011f g\u00f6z\u00fcm, istem d\u0131\u015f\u0131 kapanmamas\u0131 i\u00e7in bir kelep\u00e7e ile sabitlendi. Kesim s\u0131ras\u0131nda g\u00f6z\u00fcmde bask\u0131 hissettim. Sonraki ad\u0131m lazer uygulamas\u0131yd\u0131 ve arada g\u00f6zler defalarca y\u0131kand\u0131. Lazer hissedilmedi, kelep\u00e7e \u00e7\u0131kar\u0131ld\u0131\u011f\u0131nda ise ger\u00e7ekten rahatlad\u0131m. Sol g\u00f6zde kesim biraz daha belirgindi, lazer s\u0131ras\u0131nda ise hi\u00e7bir \u015fey hissetmedim. Operasyon sonras\u0131 \u00f6zellikle sol g\u00f6zde yabanc\u0131 cisim hissi vard\u0131, fakat k\u0131sa s\u00fcre i\u00e7inde ge\u00e7ece\u011fi g\u00fcvenceyle s\u00f6ylendi. Doktor k\u0131sa bir kontrol yapt\u0131ktan sonra klini\u011fi terk edebildim; birka\u00e7 g\u00fcn kullanmam gereken g\u00f6z damlalar\u0131 ile birlikte bir po\u015fet verildi. Otelde dinlenmek i\u00e7in ba\u015f\u0131m\u0131 havlu ile kapatt\u0131m, b\u00f6ylece yeni operasyon ge\u00e7irmi\u015f g\u00f6zlerime kazara dokunmam\u0131\u015f oldum. Yakla\u015f\u0131k \u00fc\u00e7 saatlik dinlenmenin ard\u0131ndan ak\u015fam yeme\u011fi zaman\u0131 geldi. Ayn\u0131 deneyimi ya\u015fayan bir kad\u0131nla birlikte \u0130stiklal Caddesi boyunca bir restoran arad\u0131k. G\u00f6r\u00fc\u015f\u00fcm art\u0131k neredeyse tamamen netti, neredeyse keskin g\u00f6r\u00fcyordum. Gece boyunca klinikten verilen g\u00f6z bandajlar\u0131, g\u00f6zleri kazara ovu\u015fturmay\u0131 \u00f6nledi. Ertesi g\u00fcn tuhaf bir his kalmad\u0131, keskin g\u00f6r\u00fc\u015f, son hat\u0131rlad\u0131\u011f\u0131m \u00e7ocukluk y\u0131llar\u0131mdaki gibi netti. Son kontrol i\u00e7in tekrar eyestar\u2019a gittim. Doktor bana -0,5 sonucu verdi, yani neredeyse m\u00fckemmel g\u00f6r\u00fc\u015f; bu kadar d\u00fc\u015f\u00fck bir diyoptri ile herhangi bir eksiklik g\u00f6zlemlenmiyor. Operasyonun ba\u015far\u0131l\u0131 sonucu ve olumlu etkisi nedeniyle t\u00fcm klinik personeline veda ettim. Birol daha sonra beni arayarak ertesi g\u00fcn havaalan\u0131na g\u00f6t\u00fcrme zaman\u0131n\u0131 bildirdi.Ba\u015flang\u0131\u00e7ta sadece g\u00f6zl\u00fckle g\u00f6rebildi\u011fim bu b\u00fcy\u00fcleyici \u015fehri, art\u0131k g\u00f6zl\u00fcks\u00fcz ve \u201cyeni g\u00f6zlerle\u201d d\u00f6rd\u00fcnc\u00fc g\u00fcn terk ettim. \u00d6zellikle eyestar\u2019daki son derece ilgili ve yetkin ekibe ve seyahatin planlanmas\u0131 ile rezervasyonunda eme\u011fi ge\u00e7en Bay Karaagacli-Leoni\u2019ye te\u015fekk\u00fcr ederim. Sevgilerle \u2013 Mladen Milic, 26 May\u0131s 2008 \u00d6nceki Rapor Sonraki Rapor<\/p>\n","protected":false},"author":4,"featured_media":0,"parent":4243,"menu_order":0,"comment_status":"closed","ping_status":"closed","template":"","meta":{"_joinchat":[],"footnotes":""},"class_list":["post-4248","page","type-page","status-publish","hentry"],"acf":[],"_links":{"self":[{"href":"https:\/\/medicaltravel.at\/tr\/wp-json\/wp\/v2\/pages\/4248","targetHints":{"allow":["GET"]}}],"collection":[{"href":"https:\/\/medicaltravel.at\/tr\/wp-json\/wp\/v2\/pages"}],"about":[{"href":"https:\/\/medicaltravel.at\/tr\/wp-json\/wp\/v2\/types\/page"}],"author":[{"embeddable":true,"href":"https:\/\/medicaltravel.at\/tr\/wp-json\/wp\/v2\/users\/4"}],"replies":[{"embeddable":true,"href":"https:\/\/medicaltravel.at\/tr\/wp-json\/wp\/v2\/comments?post=4248"}],"version-history":[{"count":3,"href":"https:\/\/medicaltravel.at\/tr\/wp-json\/wp\/v2\/pages\/4248\/revisions"}],"predecessor-version":[{"id":5514,"href":"https:\/\/medicaltravel.at\/tr\/wp-json\/wp\/v2\/pages\/4248\/revisions\/5514"}],"up":[{"embeddable":true,"href":"https:\/\/medicaltravel.at\/tr\/wp-json\/wp\/v2\/pages\/4243"}],"wp:attachment":[{"href":"https:\/\/medicaltravel.at\/tr\/wp-json\/wp\/v2\/media?parent=4248"}],"curies":[{"name":"wp","href":"https:\/\/api.w.org\/{rel}","templated":true}]}}