{"id":4243,"date":"2025-09-27T20:49:01","date_gmt":"2025-09-27T19:49:01","guid":{"rendered":"https:\/\/medicaltravel.at\/hasta-hikayeleri\/eski-hasta-raporlari\/"},"modified":"2026-01-04T21:38:57","modified_gmt":"2026-01-04T20:38:57","slug":"eski-hasta-raporlari","status":"publish","type":"page","link":"https:\/\/medicaltravel.at\/tr\/hasta-hikayeleri\/eski-hasta-raporlari\/","title":{"rendered":"Eski Hasta Raporlar\u0131"},"content":{"rendered":"\t\t<div data-elementor-type=\"wp-page\" data-elementor-id=\"4243\" class=\"elementor elementor-4243 elementor-974\" data-elementor-post-type=\"page\">\n\t\t\t\t<div class=\"elementor-element elementor-element-341bf2e5 e-flex e-con-boxed wpr-particle-no wpr-jarallax-no wpr-parallax-no wpr-sticky-section-no e-con e-parent\" data-id=\"341bf2e5\" data-element_type=\"container\" data-e-type=\"container\">\n\t\t\t\t\t<div class=\"e-con-inner\">\n\t\t<div class=\"elementor-element elementor-element-97dec94 e-con-full e-flex wpr-particle-no wpr-jarallax-no wpr-parallax-no wpr-sticky-section-no e-con e-child\" data-id=\"97dec94\" data-element_type=\"container\" data-e-type=\"container\">\n\t\t\t\t<div class=\"elementor-element elementor-element-8b54a12 elementor-widget elementor-widget-button\" data-id=\"8b54a12\" data-element_type=\"widget\" data-e-type=\"widget\" data-widget_type=\"button.default\">\n\t\t\t\t\t\t\t\t\t\t<a class=\"elementor-button elementor-button-link elementor-size-sm\" href=\"https:\/\/medicaltravel.at\/tr\/hasta-hikayeleri\/erfahrungsberichte-behandlungen-tuerkei\/\">\n\t\t\t\t\t\t<span class=\"elementor-button-content-wrapper\">\n\t\t\t\t\t\t\t\t\t<span class=\"elementor-button-text\">G\u00f6r\u00fc\u015f Raporlar\u0131<\/span>\n\t\t\t\t\t<\/span>\n\t\t\t\t\t<\/a>\n\t\t\t\t\t\t\t\t<\/div>\n\t\t\t\t<div class=\"elementor-element elementor-element-787fe8c elementor-widget elementor-widget-button\" data-id=\"787fe8c\" data-element_type=\"widget\" data-e-type=\"widget\" data-widget_type=\"button.default\">\n\t\t\t\t\t\t\t\t\t\t<a class=\"elementor-button elementor-button-link elementor-size-sm\" href=\"https:\/\/medicaltravel.at\/tr\/hasta-hikayeleri\/goerues-raporlari-2012\/\">\n\t\t\t\t\t\t<span class=\"elementor-button-content-wrapper\">\n\t\t\t\t\t\t\t\t\t<span class=\"elementor-button-text\">G\u00f6r\u00fc\u015f Raporlar\u0131 2012<\/span>\n\t\t\t\t\t<\/span>\n\t\t\t\t\t<\/a>\n\t\t\t\t\t\t\t\t<\/div>\n\t\t\t\t<div class=\"elementor-element elementor-element-d802cc5 elementor-widget elementor-widget-button\" data-id=\"d802cc5\" data-element_type=\"widget\" data-e-type=\"widget\" data-widget_type=\"button.default\">\n\t\t\t\t\t\t\t\t\t\t<a class=\"elementor-button elementor-button-link elementor-size-sm\" href=\"https:\/\/medicaltravel.at\/tr\/hasta-hikayeleri\/2011-yili-hasta-raporlari\/\">\n\t\t\t\t\t\t<span class=\"elementor-button-content-wrapper\">\n\t\t\t\t\t\t\t\t\t<span class=\"elementor-button-text\">2011 Y\u0131l\u0131 Hasta Raporlar\u0131<\/span>\n\t\t\t\t\t<\/span>\n\t\t\t\t\t<\/a>\n\t\t\t\t\t\t\t\t<\/div>\n\t\t\t\t<div class=\"elementor-element elementor-element-b3023a2 elementor-widget elementor-widget-button\" data-id=\"b3023a2\" data-element_type=\"widget\" data-e-type=\"widget\" data-widget_type=\"button.default\">\n\t\t\t\t\t\t\t\t\t\t<a class=\"elementor-button elementor-button-link elementor-size-sm\" href=\"https:\/\/medicaltravel.at\/tr\/hasta-hikayeleri\/2009-2010-deneyim-raporlari\/\">\n\t\t\t\t\t\t<span class=\"elementor-button-content-wrapper\">\n\t\t\t\t\t\t\t\t\t<span class=\"elementor-button-text\">2009-2010 Y\u0131llar\u0131 Aras\u0131 Hasta Raporlar\u0131<\/span>\n\t\t\t\t\t<\/span>\n\t\t\t\t\t<\/a>\n\t\t\t\t\t\t\t\t<\/div>\n\t\t\t\t<div class=\"elementor-element elementor-element-e64dc11 elementor-widget elementor-widget-button\" data-id=\"e64dc11\" data-element_type=\"widget\" data-e-type=\"widget\" data-widget_type=\"button.default\">\n\t\t\t\t\t\t\t\t\t\t<a class=\"elementor-button elementor-button-link elementor-size-sm\" href=\"https:\/\/medicaltravel.at\/tr\/hasta-hikayeleri\/2007-yili-hasta-raporlari\/\">\n\t\t\t\t\t\t<span class=\"elementor-button-content-wrapper\">\n\t\t\t\t\t\t\t\t\t<span class=\"elementor-button-text\">2007 Y\u0131l\u0131 Hasta Raporlar\u0131<\/span>\n\t\t\t\t\t<\/span>\n\t\t\t\t\t<\/a>\n\t\t\t\t\t\t\t\t<\/div>\n\t\t\t\t<div class=\"elementor-element elementor-element-edbb8d7 elementor-widget elementor-widget-button\" data-id=\"edbb8d7\" data-element_type=\"widget\" data-e-type=\"widget\" data-widget_type=\"button.default\">\n\t\t\t\t\t\t\t\t\t\t<a class=\"elementor-button elementor-button-link elementor-size-sm\" href=\"https:\/\/medicaltravel.at\/tr\/hasta-hikayeleri\/eski-hasta-raporlari\/\">\n\t\t\t\t\t\t<span class=\"elementor-button-content-wrapper\">\n\t\t\t\t\t\t\t\t\t<span class=\"elementor-button-text\">Daha \u00f6nceki hasta deneyimleri<\/span>\n\t\t\t\t\t<\/span>\n\t\t\t\t\t<\/a>\n\t\t\t\t\t\t\t\t<\/div>\n\t\t\t\t<\/div>\n\t\t\t\t<div class=\"elementor-element elementor-element-45015fe3 elementor-widget elementor-widget-text-editor\" data-id=\"45015fe3\" data-element_type=\"widget\" data-e-type=\"widget\" data-widget_type=\"text-editor.default\">\n\t\t\t\t\t\t\t\t\t<h2 class=\"wp-block-heading\">2006 HASTA RAPORLARI<\/h2>\n<ul class=\"wp-block-list\"><li><a href=\"https:\/\/medicaltravel.at\/tr\/hasta-hikayeleri\/eski-hasta-raporlari\/benim-lasik-ameliyatim-istanbulda-29-aralik-2008-pazartesi-tarihli-rapor\/\" data-type=\"page\" data-id=\"1325\">Benim LASIK AMEL\u0130YATIM \u0130STANBUL\u2019da \u2013 29 Aral\u0131k 2008 Pazartesi tarihli rapor<\/a><\/li>\n<li><a href=\"https:\/\/medicaltravel.at\/tr\/hasta-hikayeleri\/eski-hasta-raporlari\/goez-lazeri-deneyim-raporu-istanbul-22-aralik-2008-pazartesi-tarihli-rapor\/\" data-type=\"page\" data-id=\"1327\">G\u00f6z lazeri deneyim raporu \u0130STANBUL \u2013 22 Aral\u0131k 2008 Pazartesi tarihli rapor<\/a><\/li>\n<li><a href=\"https:\/\/medicaltravel.at\/tr\/hasta-hikayeleri\/eski-hasta-raporlari\/goez-lazeri-deneyim-raporu-istanbul-03-aralik-2008-carsamba-tarihli-rapor\/\" data-type=\"page\" data-id=\"1329\">G\u00f6z lazeri deneyim raporu \u0130stanbul \u2013 03 Aral\u0131k 2008 \u00c7ar\u015famba tarihli rapor<\/a><\/li>\n<li><a href=\"https:\/\/medicaltravel.at\/tr\/hasta-hikayeleri\/eski-hasta-raporlari\/bir-hayal-gercek-oldu-16-kasim-2008-pazar-tarihli-rapor\/\" data-type=\"page\" data-id=\"1331\">Bir hayal ger\u00e7ek oldu! \u2013 16 Kas\u0131m 2008 Pazar tarihli rapor <\/a><\/li>\n<li><a href=\"https:\/\/medicaltravel.at\/tr\/hasta-hikayeleri\/eski-hasta-raporlari\/sevincten-agladim-28-ekim-2008-sali-tarihli-rapor\/\" data-type=\"page\" data-id=\"1333\">Sevin\u00e7ten a\u011flad\u0131m!\u2026 \u2013 28 Ekim 2008 Sal\u0131 tarihli rapor<\/a><\/li>\n<li><a href=\"https:\/\/medicaltravel.at\/tr\/hasta-hikayeleri\/eski-hasta-raporlari\/goez-lazeri-yolculugumla-ilgili-notlarim-19-ekim-2008-pazar-tarihli-rapor\/\" data-type=\"page\" data-id=\"1335\">G\u00f6z lazeri yolculu\u011fumla ilgili notlar\u0131m \u2013 19 Ekim 2008 Pazar tarihli rapor<\/a><\/li>\n<li><a href=\"https:\/\/medicaltravel.at\/tr\/hasta-hikayeleri\/eski-hasta-raporlari\/goez-lazeri-deneyim-raporu-istanbulda-19-ekim-2008-pazar-tarihli-rapor\/\" data-type=\"page\" data-id=\"1337\">G\u00d6Z LAZER\u0130 deneyim raporu Istanbul\u2019da \u2013 19 Ekim 2008 Pazar tarihli rapor<\/a><\/li>\n<li><a href=\"https:\/\/medicaltravel.at\/tr\/hasta-hikayeleri\/eski-hasta-raporlari\/goez-lazeri-paket-duezenlemesi-09-agustos-2008-cumartesi-tarihli-rapor\/\" data-type=\"page\" data-id=\"1339\">G\u00f6z lazeri paket d\u00fczenlemesi \u2013 09 A\u011fustos 2008 Cumartesi tarihli rapor<\/a><\/li>\n<li><a href=\"https:\/\/medicaltravel.at\/tr\/hasta-hikayeleri\/eski-hasta-raporlari\/ameliyatimin-deneyim-raporu-istanbulda-04-temmuz-2008-cuma-tarihli-rapor\/\" data-type=\"page\" data-id=\"1341\">Ameliyat\u0131m\u0131n deneyim raporu Istanbul\u2019da \u2013 04 Temmuz 2008 Cuma tarihli rapor<\/a><\/li>\n<li><a href=\"https:\/\/medicaltravel.at\/tr\/hasta-hikayeleri\/eski-hasta-raporlari\/benim-lasik-istanbul-deneyim-raporum-28-mayis-2008-carsamba-tarihli-rapor\/\" data-type=\"page\" data-id=\"1343\">Benim LASIK \u0130STANBUL deneyim raporum \u2013 28 May\u0131s 2008 \u00c7ar\u015famba tarihli rapor<\/a><\/li>\n<li><a href=\"https:\/\/medicaltravel.at\/tr\/hasta-hikayeleri\/eski-hasta-raporlari\/goezler-lazerlendi-nihayet-27-mayis-2008-sali-tarihli-rapor\/\" data-type=\"page\" data-id=\"1345\">G\u00f6zler lazerlendi \u2013 nihayet!!! \u2013 27 May\u0131s 2008 Sal\u0131 tarihli rapor<\/a><\/li>\n<li><a href=\"https:\/\/medicaltravel.at\/tr\/hasta-hikayeleri\/eski-hasta-raporlari\/her-sey-lise-yillarinda-basladi-16-mayis-2008-cuma-tarihli-rapor\/\" data-type=\"page\" data-id=\"1347\">Her \u015fey lise y\u0131llar\u0131nda ba\u015flad\u0131\u2026 \u2013 16 May\u0131s 2008 Cuma tarihli rapor<\/a><\/li>\n<li><a href=\"https:\/\/medicaltravel.at\/tr\/hasta-hikayeleri\/eski-hasta-raporlari\/goez-lazeri-deneyim-raporu-istanbul-24-nisan-2008-persembe-tarihli-rapor\/\" data-type=\"page\" data-id=\"1349\">G\u00f6z lazeri deneyim raporu \u0130stanbul \u2013 24 Nisan 2008 Per\u015fembe tarihli rapor<\/a><\/li>\n<li><a href=\"https:\/\/medicaltravel.at\/tr\/hasta-hikayeleri\/eski-hasta-raporlari\/benim-goez-lasik-ameliyatim-istanbul-08-04-08-17-nisan-2008-persembe-tarihli-rapor\/\" data-type=\"page\" data-id=\"1351\">Benim G\u00f6z LASIK ameliyat\u0131m \u0130stanbul 08.04.08 \u2013 17 Nisan 2008 Per\u015fembe tarihli rapor<\/a><\/li>\n<li><a href=\"https:\/\/medicaltravel.at\/tr\/hasta-hikayeleri\/eski-hasta-raporlari\/benim-ameliyatimla-ilgili-deneyim-raporum-15-nisan-2008-sali-tarihli-rapor\/\" data-type=\"page\" data-id=\"1354\">Benim ameliyat\u0131mla ilgili deneyim raporum \u2013 15 Nisan 2008 Sal\u0131 tarihli rapor<\/a><\/li>\n<li><a href=\"https:\/\/medicaltravel.at\/tr\/hasta-hikayeleri\/eski-hasta-raporlari\/benim-goez-lazeri-ameliyati-deneyimim-26-mart-2008-carsamba-tarihli-rapor\/\" data-type=\"page\" data-id=\"1358\">Benim g\u00f6z lazeri ameliyat\u0131 deneyimim \u2013 26 Mart 2008 \u00c7ar\u015famba tarihli rapor<\/a><\/li>\n<li><a href=\"https:\/\/medicaltravel.at\/tr\/hasta-hikayeleri\/eski-hasta-raporlari\/kisa-ve-neredeyse-agrisiz-24-mart-2008-pazartesi-tarihli-rapor\/\" data-type=\"page\" data-id=\"1360\">K\u0131sa ve (neredeyse) a\u011fr\u0131s\u0131z \u2013 24 Mart 2008 Pazartesi tarihli rapor<\/a><\/li>\n<li><a href=\"https:\/\/medicaltravel.at\/tr\/hasta-hikayeleri\/eski-hasta-raporlari\/yaptim-17-mart-2008-pazartesi-tarihli-rapor\/\" data-type=\"page\" data-id=\"1362\">Yapt\u0131m!!! \u2013 17 Mart 2008 Pazartesi tarihli rapor<\/a><\/li>\n<li><a href=\"https:\/\/medicaltravel.at\/tr\/hasta-hikayeleri\/eski-hasta-raporlari\/bizim-lasik-deneyimimiz-istanbulda-06-mart-2008-persembe-tarihli-rapor\/\" data-type=\"page\" data-id=\"1364\">Bizim LASIK deneyimimiz \u0130stanbul\u2019da \u2013 06 Mart 2008 Per\u015fembe tarihli rapor<\/a><\/li>\n<li><a href=\"https:\/\/medicaltravel.at\/tr\/hasta-hikayeleri\/eski-hasta-raporlari\/benim-lasik-ameliyatimla-ilgili-deneyim-raporum-05-ocak-2008-cumartesi-tarihli-rapor\/\" data-type=\"page\" data-id=\"1366\">Benim LASIK ameliyat\u0131mla ilgili deneyim raporum \u2013 05 Ocak 2008 Cumartesi tarihli rapor<\/a><\/li>\n<li><a href=\"https:\/\/medicaltravel.at\/tr\/hasta-hikayeleri\/eski-hasta-raporlari\/benim-aralik-ayinda-tuerkiyedeki-lasik-ameliyatim-04-ocak-2008-cuma-tarihli-rapor\/\" data-type=\"page\" data-id=\"1368\">Benim Aral\u0131k ay\u0131nda T\u00fcrkiye\u2019deki LASIK ameliyat\u0131m \u2013 04 Ocak 2008 Cuma tarihli rapor<\/a><\/li>\n<li><a href=\"https:\/\/medicaltravel.at\/tr\/hasta-hikayeleri\/eski-hasta-raporlari\/goez-lazeri-14-aralik-2007-cuma-tarihli-rapor\/\" data-type=\"page\" data-id=\"1372\">G\u00f6z lazeri \u2013 14 Aral\u0131k 2007 Cuma tarihli rapor<\/a><\/li>\n<li><a href=\"https:\/\/medicaltravel.at\/tr\/hasta-hikayeleri\/eski-hasta-raporlari\/bizim-goez-lazeri-ameliyatimiz-istanbulda-28-kasim-2007-carsamba-tarihli-rapor\/\" data-type=\"page\" data-id=\"1374\">Bizim G\u00d6Z LAZER\u0130 ameliyat\u0131m\u0131z \u0130stanbul\u2019da \u2013 28 Kas\u0131m 2007 \u00c7ar\u015famba tarihli rapor<\/a><\/li>\n<li><a href=\"https:\/\/medicaltravel.at\/tr\/hasta-hikayeleri\/eski-hasta-raporlari\/goez-ameliyati-istanbulda-19-kasim-2007-pazartesi-tarihli-rapor\/\" data-type=\"page\" data-id=\"1376\">G\u00f6z ameliyat\u0131 \u0130stanbul\u2019da \u2013 19 Kas\u0131m 2007 Pazartesi tarihli rapor<\/a><\/li>\n<li><a href=\"https:\/\/medicaltravel.at\/tr\/hasta-hikayeleri\/eski-hasta-raporlari\/istanbuldaki-goez-lazer-ameliyatim-29-ekim-2007-pazartesi-tarihli-rapor\/\" data-type=\"page\" data-id=\"1378\">\u0130stanbul\u2019daki g\u00f6z lazer ameliyat\u0131m \u2013 29 Ekim 2007 Pazartesi tarihli rapor<\/a><\/li>\n<li><a href=\"https:\/\/medicaltravel.at\/tr\/hasta-hikayeleri\/eski-hasta-raporlari\/benim-istanbuldaki-lasik-ameliyati-deneyimim-28-ekim-2007-pazar-tarihli-rapor\/\" data-type=\"page\" data-id=\"1380\">Benim \u0130stanbul\u2019daki LASIK ameliyat\u0131 deneyimim \u2013 28 Ekim 2007 Pazar tarihli rapor<\/a><\/li>\n<li><a href=\"https:\/\/medicaltravel.at\/tr\/hasta-hikayeleri\/eski-hasta-raporlari\/goez-lazeri-deneyim-raporu-tuerkiye-02-ekim-2007-sali-tarihli-rapor\/\" data-type=\"page\" data-id=\"1382\">G\u00f6z lazeri deneyim raporu T\u00fcrkiye \u2013 02 Ekim 2007 Sal\u0131 tarihli rapor<\/a><\/li>\n<li><a href=\"https:\/\/medicaltravel.at\/tr\/hasta-hikayeleri\/eski-hasta-raporlari\/goez-lazeri-deneyim-raporu-tuerkiye-27-temmuz-2007-cuma-tarihli-rapor\/\" data-type=\"page\" data-id=\"1384\">G\u00f6z lazeri deneyim raporu T\u00fcrkiye \u2013 27 Temmuz 2007 Cuma tarihli rapor<\/a><\/li>\n<li><a href=\"https:\/\/medicaltravel.at\/tr\/hasta-hikayeleri\/eski-hasta-raporlari\/istanbulda-goez-lazeri-raporu-09-temmuz-2007-pazartesi-tarihli-rapor\/\" data-type=\"page\" data-id=\"1386\">\u0130stanbul\u2019da g\u00f6z lazeri raporu \u2013 09 Temmuz 2007 Pazartesi tarihli rapor<\/a><\/li>\n<li><a href=\"https:\/\/medicaltravel.at\/tr\/hasta-hikayeleri\/eski-hasta-raporlari\/lasik-istanbul-tuerkiye-deneyim-raporu-25-haziran-2007-pazartesi-tarihli-rapor\/\" data-type=\"page\" data-id=\"1388\">LASIK \u0130STANBUL \/ T\u00fcrkiye deneyim raporu \u2013 25 Haziran 2007 Pazartesi tarihli rapor<\/a><\/li>\n<li><a href=\"https:\/\/medicaltravel.at\/tr\/hasta-hikayeleri\/eski-hasta-raporlari\/benim-goez-lazeri-deneyimim-tuerkiye-15-haziran-2007-cuma-tarihli-rapor\/\" data-type=\"page\" data-id=\"1390\">Benim g\u00f6z lazeri deneyimim T\u00fcrkiye \u2013 15 Haziran 2007 Cuma tarihli rapor<\/a><\/li>\n<li><a href=\"https:\/\/medicaltravel.at\/tr\/hasta-hikayeleri\/eski-hasta-raporlari\/goez-lazeri-tuerkiye-anketi-24-mart-2007-cumartesi-tarihli-rapor\/\" data-type=\"page\" data-id=\"1392\">G\u00f6z lazeri T\u00fcrkiye anketi \u2013 24 Mart 2007 Cumartesi tarihli rapor<\/a><\/li>\n<li><a href=\"https:\/\/medicaltravel.at\/tr\/hasta-hikayeleri\/eski-hasta-raporlari\/lasik-tuerkiye-hasta-raporu-20-mart-2007-sali-tarihli-rapor\/\" data-type=\"page\" data-id=\"1394\">LASIK T\u00fcrkiye hasta raporu \u2013 20 Mart 2007 Sal\u0131 tarihli rapor<\/a><\/li>\n<li><a href=\"https:\/\/medicaltravel.at\/tr\/hasta-hikayeleri\/eski-hasta-raporlari\/goez-lazeri-deneyim-raporu-istanbul-29-ocak-2007-pazartesi-tarihli-rapor\/\" data-type=\"page\" data-id=\"1396\">G\u00f6z lazeri deneyim raporu \u0130stanbul \u2013 29 Ocak 2007 Pazartesi tarihli rapor<\/a><\/li>\n<li><a href=\"https:\/\/medicaltravel.at\/tr\/hasta-hikayeleri\/eski-hasta-raporlari\/lasik-ameliyati-istanbulda-05-aralik-2006-sali-tarihli-rapor\/\" data-type=\"page\" data-id=\"1398\">LASIK ameliyat\u0131 \u0130stanbul\u2019da \u2013 05 Aral\u0131k 2006 Sal\u0131 tarihli rapor<\/a><\/li>\n<li><a href=\"https:\/\/medicaltravel.at\/tr\/hasta-hikayeleri\/eski-hasta-raporlari\/lasik-istanbul-deneyim-raporu-29-kasim-2006-carsamba-tarihli-rapor\/\" data-type=\"page\" data-id=\"1400\">LASIK \u0130STANBUL deneyim raporu \u2013 29 Kas\u0131m 2006 \u00c7ar\u015famba tarihli rapor<\/a><\/li>\n<\/ul>\t\t\t\t\t\t\t\t<\/div>\n\t\t\t\t\t<\/div>\n\t\t\t\t<\/div>\n\t\t\t\t<\/div>\n\t\t","protected":false},"excerpt":{"rendered":"<p>G\u00f6r\u00fc\u015f Raporlar\u0131 G\u00f6r\u00fc\u015f Raporlar\u0131 2012 2011 Y\u0131l\u0131 Hasta Raporlar\u0131 2009-2010 Y\u0131llar\u0131 Aras\u0131 Hasta Raporlar\u0131 2007 Y\u0131l\u0131 Hasta Raporlar\u0131 Daha \u00f6nceki hasta deneyimleri 2006 HASTA RAPORLARI Benim LASIK AMEL\u0130YATIM \u0130STANBUL\u2019da \u2013 29 Aral\u0131k 2008 Pazartesi tarihli rapor G\u00f6z lazeri deneyim raporu \u0130STANBUL \u2013 22 Aral\u0131k 2008 Pazartesi tarihli rapor G\u00f6z lazeri deneyim raporu \u0130stanbul \u2013 03 Aral\u0131k 2008 \u00c7ar\u015famba tarihli rapor Bir hayal ger\u00e7ek oldu! \u2013 16 Kas\u0131m 2008 Pazar tarihli rapor Sevin\u00e7ten a\u011flad\u0131m!\u2026 \u2013 28 Ekim 2008 Sal\u0131 tarihli rapor G\u00f6z lazeri yolculu\u011fumla ilgili notlar\u0131m \u2013 19 Ekim 2008 Pazar tarihli rapor G\u00d6Z LAZER\u0130 deneyim raporu Istanbul\u2019da \u2013 19 Ekim 2008 Pazar tarihli rapor G\u00f6z lazeri paket d\u00fczenlemesi \u2013 09 A\u011fustos 2008 Cumartesi tarihli rapor Ameliyat\u0131m\u0131n deneyim raporu Istanbul\u2019da \u2013 04 Temmuz 2008 Cuma tarihli rapor Benim LASIK \u0130STANBUL deneyim raporum \u2013 28 May\u0131s 2008 \u00c7ar\u015famba tarihli rapor G\u00f6zler lazerlendi \u2013 nihayet!!! \u2013 27 May\u0131s 2008 Sal\u0131 tarihli rapor Her \u015fey lise y\u0131llar\u0131nda ba\u015flad\u0131\u2026 \u2013 16 May\u0131s 2008 Cuma tarihli rapor G\u00f6z lazeri deneyim raporu \u0130stanbul \u2013 24 Nisan 2008 Per\u015fembe tarihli rapor Benim G\u00f6z LASIK ameliyat\u0131m \u0130stanbul 08.04.08 \u2013 17 Nisan 2008 Per\u015fembe tarihli rapor Benim ameliyat\u0131mla ilgili deneyim raporum \u2013 15 Nisan 2008 Sal\u0131 tarihli rapor Benim g\u00f6z lazeri ameliyat\u0131 deneyimim \u2013 26 Mart 2008 \u00c7ar\u015famba tarihli rapor K\u0131sa ve (neredeyse) a\u011fr\u0131s\u0131z \u2013 24 Mart 2008 Pazartesi tarihli rapor Yapt\u0131m!!! \u2013 17 Mart 2008 Pazartesi tarihli rapor Bizim LASIK deneyimimiz \u0130stanbul\u2019da \u2013 06 Mart 2008 Per\u015fembe tarihli rapor Benim LASIK ameliyat\u0131mla ilgili deneyim raporum \u2013 05 Ocak 2008 Cumartesi tarihli rapor Benim Aral\u0131k ay\u0131nda T\u00fcrkiye\u2019deki LASIK ameliyat\u0131m \u2013 04 Ocak 2008 Cuma tarihli rapor G\u00f6z lazeri \u2013 14 Aral\u0131k 2007 Cuma tarihli rapor Bizim G\u00d6Z LAZER\u0130 ameliyat\u0131m\u0131z \u0130stanbul\u2019da \u2013 28 Kas\u0131m 2007 \u00c7ar\u015famba tarihli rapor G\u00f6z ameliyat\u0131 \u0130stanbul\u2019da \u2013 19 Kas\u0131m 2007 Pazartesi tarihli rapor \u0130stanbul\u2019daki g\u00f6z lazer ameliyat\u0131m \u2013 29 Ekim 2007 Pazartesi tarihli rapor Benim \u0130stanbul\u2019daki LASIK ameliyat\u0131 deneyimim \u2013 28 Ekim 2007 Pazar tarihli rapor G\u00f6z lazeri deneyim raporu T\u00fcrkiye \u2013 02 Ekim 2007 Sal\u0131 tarihli rapor G\u00f6z lazeri deneyim raporu T\u00fcrkiye \u2013 27 Temmuz 2007 Cuma tarihli rapor \u0130stanbul\u2019da g\u00f6z lazeri raporu \u2013 09 Temmuz 2007 Pazartesi tarihli rapor LASIK \u0130STANBUL \/ T\u00fcrkiye deneyim raporu \u2013 25 Haziran 2007 Pazartesi tarihli rapor Benim g\u00f6z lazeri deneyimim T\u00fcrkiye \u2013 15 Haziran 2007 Cuma tarihli rapor G\u00f6z lazeri T\u00fcrkiye anketi \u2013 24 Mart 2007 Cumartesi tarihli rapor LASIK T\u00fcrkiye hasta raporu \u2013 20 Mart 2007 Sal\u0131 tarihli rapor G\u00f6z lazeri deneyim raporu \u0130stanbul \u2013 29 Ocak 2007 Pazartesi tarihli rapor LASIK ameliyat\u0131 \u0130stanbul\u2019da \u2013 05 Aral\u0131k 2006 Sal\u0131 tarihli rapor LASIK \u0130STANBUL deneyim raporu \u2013 29 Kas\u0131m 2006 \u00c7ar\u015famba tarihli rapor<\/p>\n","protected":false},"author":4,"featured_media":0,"parent":4237,"menu_order":0,"comment_status":"closed","ping_status":"closed","template":"","meta":{"_joinchat":[],"footnotes":""},"class_list":["post-4243","page","type-page","status-publish","hentry"],"acf":[],"_links":{"self":[{"href":"https:\/\/medicaltravel.at\/tr\/wp-json\/wp\/v2\/pages\/4243","targetHints":{"allow":["GET"]}}],"collection":[{"href":"https:\/\/medicaltravel.at\/tr\/wp-json\/wp\/v2\/pages"}],"about":[{"href":"https:\/\/medicaltravel.at\/tr\/wp-json\/wp\/v2\/types\/page"}],"author":[{"embeddable":true,"href":"https:\/\/medicaltravel.at\/tr\/wp-json\/wp\/v2\/users\/4"}],"replies":[{"embeddable":true,"href":"https:\/\/medicaltravel.at\/tr\/wp-json\/wp\/v2\/comments?post=4243"}],"version-history":[{"count":5,"href":"https:\/\/medicaltravel.at\/tr\/wp-json\/wp\/v2\/pages\/4243\/revisions"}],"predecessor-version":[{"id":5520,"href":"https:\/\/medicaltravel.at\/tr\/wp-json\/wp\/v2\/pages\/4243\/revisions\/5520"}],"up":[{"embeddable":true,"href":"https:\/\/medicaltravel.at\/tr\/wp-json\/wp\/v2\/pages\/4237"}],"wp:attachment":[{"href":"https:\/\/medicaltravel.at\/tr\/wp-json\/wp\/v2\/media?parent=4243"}],"curies":[{"name":"wp","href":"https:\/\/api.w.org\/{rel}","templated":true}]}}