{"id":4060,"date":"2025-09-27T14:57:58","date_gmt":"2025-09-27T13:57:58","guid":{"rendered":"https:\/\/medicaltravel.at\/istanbul-tuerkiyede-goez-ameliyatlari\/goez-lazeri-ameliyati\/kimler-icin-uygundur\/"},"modified":"2026-01-04T21:24:06","modified_gmt":"2026-01-04T20:24:06","slug":"kimler-icin-uygundur","status":"publish","type":"page","link":"https:\/\/medicaltravel.at\/tr\/istanbul-tuerkiyede-goez-ameliyatlari\/goez-lazeri-ameliyati\/kimler-icin-uygundur\/","title":{"rendered":"Kimler \u0130\u00e7in Uygundur?"},"content":{"rendered":"\t\t<div data-elementor-type=\"wp-page\" data-elementor-id=\"4060\" class=\"elementor elementor-4060 elementor-826\" data-elementor-post-type=\"page\">\n\t\t\t\t<div class=\"elementor-element elementor-element-36c62bdd e-flex e-con-boxed wpr-particle-no wpr-jarallax-no wpr-parallax-no wpr-sticky-section-no e-con e-parent\" data-id=\"36c62bdd\" data-element_type=\"container\" data-e-type=\"container\">\n\t\t\t\t\t<div class=\"e-con-inner\">\n\t\t<div class=\"elementor-element elementor-element-0a02e36 e-con-full e-flex wpr-particle-no wpr-jarallax-no wpr-parallax-no wpr-sticky-section-no e-con e-child\" data-id=\"0a02e36\" data-element_type=\"container\" data-e-type=\"container\">\n\t\t\t\t<div class=\"elementor-element elementor-element-9dbfdb3 elementor-widget elementor-widget-button\" data-id=\"9dbfdb3\" data-element_type=\"widget\" data-e-type=\"widget\" data-widget_type=\"button.default\">\n\t\t\t\t\t\t\t\t\t\t<a class=\"elementor-button elementor-button-link elementor-size-sm\" href=\"https:\/\/medicaltravel.at\/tr\/istanbul-tuerkiyede-goez-ameliyatlari\/goez-lazeri-ameliyati\/tuerkiyede-goez-lazeri\/\">\n\t\t\t\t\t\t<span class=\"elementor-button-content-wrapper\">\n\t\t\t\t\t\t\t\t\t<span class=\"elementor-button-text\">G\u00f6z Lazeri Ameliyat\u0131<\/span>\n\t\t\t\t\t<\/span>\n\t\t\t\t\t<\/a>\n\t\t\t\t\t\t\t\t<\/div>\n\t\t\t\t<div class=\"elementor-element elementor-element-5bc3e69 elementor-widget elementor-widget-button\" data-id=\"5bc3e69\" data-element_type=\"widget\" data-e-type=\"widget\" data-widget_type=\"button.default\">\n\t\t\t\t\t\t\t\t\t\t<a class=\"elementor-button elementor-button-link elementor-size-sm\" href=\"https:\/\/medicaltravel.at\/tr\/istanbul-tuerkiyede-goez-ameliyatlari\/goez-lazeri-ameliyati\/kimler-icin-uygundur\/\">\n\t\t\t\t\t\t<span class=\"elementor-button-content-wrapper\">\n\t\t\t\t\t\t\t\t\t<span class=\"elementor-button-text\">Kimler \u0130\u00e7in Uygundur?<\/span>\n\t\t\t\t\t<\/span>\n\t\t\t\t\t<\/a>\n\t\t\t\t\t\t\t\t<\/div>\n\t\t\t\t<div class=\"elementor-element elementor-element-cbb487a elementor-widget elementor-widget-button\" data-id=\"cbb487a\" data-element_type=\"widget\" data-e-type=\"widget\" data-widget_type=\"button.default\">\n\t\t\t\t\t\t\t\t\t\t<a class=\"elementor-button elementor-button-link elementor-size-sm\" href=\"https:\/\/medicaltravel.at\/tr\/istanbul-tuerkiyede-goez-ameliyatlari\/goez-lazeri-ameliyati\/ameliyat-suereci\/\">\n\t\t\t\t\t\t<span class=\"elementor-button-content-wrapper\">\n\t\t\t\t\t\t\t\t\t<span class=\"elementor-button-text\">Ameliyat S\u00fcreci<\/span>\n\t\t\t\t\t<\/span>\n\t\t\t\t\t<\/a>\n\t\t\t\t\t\t\t\t<\/div>\n\t\t\t\t<div class=\"elementor-element elementor-element-9287be0 elementor-widget elementor-widget-button\" data-id=\"9287be0\" data-element_type=\"widget\" data-e-type=\"widget\" data-widget_type=\"button.default\">\n\t\t\t\t\t\t\t\t\t\t<a class=\"elementor-button elementor-button-link elementor-size-sm\" href=\"https:\/\/medicaltravel.at\/tr\/istanbul-tuerkiyede-goez-ameliyatlari\/goez-lazeri-ameliyati\/riskler\/\">\n\t\t\t\t\t\t<span class=\"elementor-button-content-wrapper\">\n\t\t\t\t\t\t\t\t\t<span class=\"elementor-button-text\">Riskler<\/span>\n\t\t\t\t\t<\/span>\n\t\t\t\t\t<\/a>\n\t\t\t\t\t\t\t\t<\/div>\n\t\t\t\t<\/div>\n\t\t\t\t<div class=\"elementor-element elementor-element-2ea2c34f elementor-widget elementor-widget-text-editor\" data-id=\"2ea2c34f\" data-element_type=\"widget\" data-e-type=\"widget\" data-widget_type=\"text-editor.default\">\n\t\t\t\t\t\t\t\t\t\n<h2 class=\"wp-block-heading\">G\u00f6z lazeri sizin i\u00e7in uygun mu?<\/h2>\n\n<p><strong>Bir\u00e7ok kriter bulunmaktad\u0131r. A\u015fa\u011f\u0131da en \u00f6nemli olanlar yer almaktad\u0131r: <\/strong><\/p>\n\n<ul class=\"wp-block-list\">\n<li>G\u00f6rme kusuru stabil olmal\u0131d\u0131r (son iki y\u0131lda g\u00f6zl\u00fck numaras\u0131nda yaln\u0131zca minimal de\u011fi\u015fiklikler olmal\u0131d\u0131r).<\/li>\n\n<li>Hasta en az 20 ya\u015f\u0131nda olmal\u0131d\u0131r. 65 ya\u015f\u0131n \u00fczerindeki ki\u015filerde ya\u015fa ba\u011fl\u0131 uza\u011f\u0131 g\u00f6rememe (presbiyopi) nedeniyle ba\u015far\u0131 biraz daha d\u00fc\u015f\u00fck olabilir. <\/li>\n\n<li>G\u00f6zde herhangi bir hastal\u0131k (\u00f6rne\u011fin katarakt, glokom, keratokonus) bulunmamal\u0131d\u0131r.<\/li>\n\n<li>Romatizma, diyabet ve benzeri hastal\u0131klar ameliyata engel olabilir. Mevcut herhangi bir hastal\u0131k hakk\u0131nda mutlaka bilgi verin. <\/li>\n\n<li>Kornea iyile\u015fmesini etkileyebilecek ila\u00e7lar kullan\u0131lmamal\u0131d\u0131r.<\/li>\n\n<li>Hamilelik ve emzirme d\u00f6neminde tedaviden ka\u00e7\u0131n\u0131lmal\u0131d\u0131r.<\/li>\n\n<li>Alerjisi olanlarda ameliyat, alerjisiz d\u00f6neme planlanmal\u0131d\u0131r.<\/li>\n\n<li>Kornea kal\u0131nl\u0131\u011f\u0131n\u0131z yeterli olmal\u0131d\u0131r (\u00f6n muayenede \u00f6l\u00e7\u00fclecektir).<\/li>\n\n<li>Hastan\u0131n psikolojik durumu sorunsuz olmal\u0131d\u0131r.<\/li>\n\n<li>Bu g\u00f6z ameliyat\u0131n\u0131n ne anlama geldi\u011fini mutlaka anlam\u0131\u015f olmal\u0131s\u0131n\u0131z. Art\u0131k akl\u0131n\u0131zda hi\u00e7bir soru kalmamal\u0131d\u0131r. <\/li>\n<\/ul>\n\n<p>Ameliyatla tedavi i\u00e7in \u015f\u00fcphesiz uygun olup olmad\u0131\u011f\u0131n\u0131za, yaln\u0131zca \u00f6n muayene ve te\u015fhis tamamland\u0131ktan sonra kesin olarak karar verilebilir.<\/p>\n\n<figure class=\"wp-block-image size-full\"><img fetchpriority=\"high\" decoding=\"async\" width=\"300\" height=\"449\" class=\"wp-image-1480\" src=\"https:\/\/medicaltravel.at\/wp-content\/uploads\/2025\/09\/Scharfsicht-beim-Sport-durch-Laserbehandlungen.-1.jpg\" alt=\"\" srcset=\"https:\/\/medicaltravel.at\/wp-content\/uploads\/2025\/09\/Scharfsicht-beim-Sport-durch-Laserbehandlungen.-1.jpg 300w, https:\/\/medicaltravel.at\/wp-content\/uploads\/2025\/09\/Scharfsicht-beim-Sport-durch-Laserbehandlungen.-1-200x300.jpg 200w\" sizes=\"(max-width: 300px) 100vw, 300px\" \/><\/figure>\n\n<p id=\"caption-attachment-651\">Laser tedavileri ile sporda keskin g\u00f6r\u00fc\u015f.<\/p>\n\n<p><strong>G\u00f6z lazer ameliyat\u0131 i\u00e7in motivasyonlar<\/strong><\/p>\n\n<p>G\u00f6zl\u00fck ve kontakt lens kullanmak her zaman problemsiz de\u011fildir.<\/p>\n\n<p>Bir\u00e7ok g\u00f6zl\u00fck kullan\u0131c\u0131s\u0131, g\u00fcnl\u00fck ya\u015famda, bo\u015f vakitlerde ve sporda g\u00f6r\u00fc\u015f alan\u0131 veya hareket kabiliyetinde k\u0131s\u0131tlanma hisseder. Ayr\u0131ca kozmetik veya psikolojik fakt\u00f6rler de iyi olma halini azaltabilir. G\u00f6zl\u00fckler baz\u0131 mesleklerde de engel olabilir (\u00f6rne\u011fin oyuncu, a\u015f\u00e7\u0131, polis\u2026). Tek tarafl\u0131 g\u00f6rme kusurlar\u0131 ve y\u00fcksek numaral\u0131 g\u00f6zl\u00fckler de ba\u015fka nedenler olabilir.   <\/p>\n\n<p>Kontakt lensler de her zaman kal\u0131c\u0131 bir \u00e7\u00f6z\u00fcm sunmaz, \u00e7\u00fcnk\u00fc rahats\u0131z edici tahri\u015fler veya temizlik \u00e7\u00f6z\u00fcmlerine kar\u015f\u0131 alerjiler toleranss\u0131zl\u0131k olarak ortaya \u00e7\u0131kabilir.<\/p>\n\n<p>Bu sorunlar\u0131 ya\u015fayan hastalar i\u00e7in refraktif cerrahi bir alternatif olabilir.<\/p>\n\n<p>Ancak g\u00f6zl\u00fck veya kontakt lensle tamamen memnun olan ve bunlarla \u00e7ok iyi idare eden ki\u015filerin genellikle g\u00f6zlerini ameliyat ettirmeleri i\u00e7in bir gerek\u00e7esi yoktur.<\/p>\n\n<figure class=\"wp-block-image size-full\"><img decoding=\"async\" width=\"300\" height=\"199\" class=\"wp-image-1481\" src=\"https:\/\/medicaltravel.at\/wp-content\/uploads\/2025\/09\/sportler03.jpg\" alt=\"\"><\/figure>\n\t\t\t\t\t\t\t\t<\/div>\n\t\t\t\t\t<\/div>\n\t\t\t\t<\/div>\n\t\t\t\t<\/div>\n\t\t","protected":false},"excerpt":{"rendered":"<p>G\u00f6z Lazeri Ameliyat\u0131 Kimler \u0130\u00e7in Uygundur? Ameliyat S\u00fcreci Riskler G\u00f6z lazeri sizin i\u00e7in uygun mu? Bir\u00e7ok kriter bulunmaktad\u0131r. A\u015fa\u011f\u0131da en \u00f6nemli olanlar yer almaktad\u0131r: G\u00f6rme kusuru stabil olmal\u0131d\u0131r (son iki y\u0131lda g\u00f6zl\u00fck numaras\u0131nda yaln\u0131zca minimal de\u011fi\u015fiklikler olmal\u0131d\u0131r). Hasta en az 20 ya\u015f\u0131nda olmal\u0131d\u0131r. 65 ya\u015f\u0131n \u00fczerindeki ki\u015filerde ya\u015fa ba\u011fl\u0131 uza\u011f\u0131 g\u00f6rememe (presbiyopi) nedeniyle ba\u015far\u0131 biraz daha d\u00fc\u015f\u00fck olabilir. G\u00f6zde herhangi bir hastal\u0131k (\u00f6rne\u011fin katarakt, glokom, keratokonus) bulunmamal\u0131d\u0131r. Romatizma, diyabet ve benzeri hastal\u0131klar ameliyata engel olabilir. Mevcut herhangi bir hastal\u0131k hakk\u0131nda mutlaka bilgi verin. Kornea iyile\u015fmesini etkileyebilecek ila\u00e7lar kullan\u0131lmamal\u0131d\u0131r. Hamilelik ve emzirme d\u00f6neminde tedaviden ka\u00e7\u0131n\u0131lmal\u0131d\u0131r. Alerjisi olanlarda ameliyat, alerjisiz d\u00f6neme planlanmal\u0131d\u0131r. Kornea kal\u0131nl\u0131\u011f\u0131n\u0131z yeterli olmal\u0131d\u0131r (\u00f6n muayenede \u00f6l\u00e7\u00fclecektir). Hastan\u0131n psikolojik durumu sorunsuz olmal\u0131d\u0131r. Bu g\u00f6z ameliyat\u0131n\u0131n ne anlama geldi\u011fini mutlaka anlam\u0131\u015f olmal\u0131s\u0131n\u0131z. Art\u0131k akl\u0131n\u0131zda hi\u00e7bir soru kalmamal\u0131d\u0131r. Ameliyatla tedavi i\u00e7in \u015f\u00fcphesiz uygun olup olmad\u0131\u011f\u0131n\u0131za, yaln\u0131zca \u00f6n muayene ve te\u015fhis tamamland\u0131ktan sonra kesin olarak karar verilebilir. Laser tedavileri ile sporda keskin g\u00f6r\u00fc\u015f. G\u00f6z lazer ameliyat\u0131 i\u00e7in motivasyonlar G\u00f6zl\u00fck ve kontakt lens kullanmak her zaman problemsiz de\u011fildir. Bir\u00e7ok g\u00f6zl\u00fck kullan\u0131c\u0131s\u0131, g\u00fcnl\u00fck ya\u015famda, bo\u015f vakitlerde ve sporda g\u00f6r\u00fc\u015f alan\u0131 veya hareket kabiliyetinde k\u0131s\u0131tlanma hisseder. Ayr\u0131ca kozmetik veya psikolojik fakt\u00f6rler de iyi olma halini azaltabilir. G\u00f6zl\u00fckler baz\u0131 mesleklerde de engel olabilir (\u00f6rne\u011fin oyuncu, a\u015f\u00e7\u0131, polis\u2026). Tek tarafl\u0131 g\u00f6rme kusurlar\u0131 ve y\u00fcksek numaral\u0131 g\u00f6zl\u00fckler de ba\u015fka nedenler olabilir. Kontakt lensler de her zaman kal\u0131c\u0131 bir \u00e7\u00f6z\u00fcm sunmaz, \u00e7\u00fcnk\u00fc rahats\u0131z edici tahri\u015fler veya temizlik \u00e7\u00f6z\u00fcmlerine kar\u015f\u0131 alerjiler toleranss\u0131zl\u0131k olarak ortaya \u00e7\u0131kabilir. Bu sorunlar\u0131 ya\u015fayan hastalar i\u00e7in refraktif cerrahi bir alternatif olabilir. Ancak g\u00f6zl\u00fck veya kontakt lensle tamamen memnun olan ve bunlarla \u00e7ok iyi idare eden ki\u015filerin genellikle g\u00f6zlerini ameliyat ettirmeleri i\u00e7in bir gerek\u00e7esi yoktur.<\/p>\n","protected":false},"author":4,"featured_media":0,"parent":3999,"menu_order":0,"comment_status":"closed","ping_status":"closed","template":"","meta":{"_joinchat":[],"footnotes":""},"class_list":["post-4060","page","type-page","status-publish","hentry"],"acf":[],"_links":{"self":[{"href":"https:\/\/medicaltravel.at\/tr\/wp-json\/wp\/v2\/pages\/4060","targetHints":{"allow":["GET"]}}],"collection":[{"href":"https:\/\/medicaltravel.at\/tr\/wp-json\/wp\/v2\/pages"}],"about":[{"href":"https:\/\/medicaltravel.at\/tr\/wp-json\/wp\/v2\/types\/page"}],"author":[{"embeddable":true,"href":"https:\/\/medicaltravel.at\/tr\/wp-json\/wp\/v2\/users\/4"}],"replies":[{"embeddable":true,"href":"https:\/\/medicaltravel.at\/tr\/wp-json\/wp\/v2\/comments?post=4060"}],"version-history":[{"count":9,"href":"https:\/\/medicaltravel.at\/tr\/wp-json\/wp\/v2\/pages\/4060\/revisions"}],"predecessor-version":[{"id":5506,"href":"https:\/\/medicaltravel.at\/tr\/wp-json\/wp\/v2\/pages\/4060\/revisions\/5506"}],"up":[{"embeddable":true,"href":"https:\/\/medicaltravel.at\/tr\/wp-json\/wp\/v2\/pages\/3999"}],"wp:attachment":[{"href":"https:\/\/medicaltravel.at\/tr\/wp-json\/wp\/v2\/media?parent=4060"}],"curies":[{"name":"wp","href":"https:\/\/api.w.org\/{rel}","templated":true}]}}