{"id":4037,"date":"2025-09-27T14:59:58","date_gmt":"2025-09-27T13:59:58","guid":{"rendered":"https:\/\/medicaltravel.at\/istanbul-tuerkiyede-goez-ameliyatlari\/goez-lazeri-ameliyati\/riskler\/"},"modified":"2025-12-26T16:12:48","modified_gmt":"2025-12-26T15:12:48","slug":"riskler","status":"publish","type":"page","link":"https:\/\/medicaltravel.at\/tr\/istanbul-tuerkiyede-goez-ameliyatlari\/goez-lazeri-ameliyati\/riskler\/","title":{"rendered":"Riskler"},"content":{"rendered":"\t\t<div data-elementor-type=\"wp-page\" data-elementor-id=\"4037\" class=\"elementor elementor-4037 elementor-830\" data-elementor-post-type=\"page\">\n\t\t\t\t<div class=\"elementor-element elementor-element-16f181e6 e-flex e-con-boxed wpr-particle-no wpr-jarallax-no wpr-parallax-no wpr-sticky-section-no e-con e-parent\" data-id=\"16f181e6\" data-element_type=\"container\" data-e-type=\"container\">\n\t\t\t\t\t<div class=\"e-con-inner\">\n\t\t<div class=\"elementor-element elementor-element-e8e145f e-con-full e-flex wpr-particle-no wpr-jarallax-no wpr-parallax-no wpr-sticky-section-no e-con e-child\" data-id=\"e8e145f\" data-element_type=\"container\" data-e-type=\"container\">\n\t\t\t\t<div class=\"elementor-element elementor-element-e78f213 elementor-widget elementor-widget-button\" data-id=\"e78f213\" data-element_type=\"widget\" data-e-type=\"widget\" data-widget_type=\"button.default\">\n\t\t\t\t\t\t\t\t\t\t<a class=\"elementor-button elementor-button-link elementor-size-sm\" href=\"https:\/\/medicaltravel.at\/tr\/istanbul-tuerkiyede-goez-ameliyatlari\/goez-lazeri-ameliyati\/tuerkiyede-goez-lazeri\/\">\n\t\t\t\t\t\t<span class=\"elementor-button-content-wrapper\">\n\t\t\t\t\t\t\t\t\t<span class=\"elementor-button-text\">G\u00f6z Lazeri Ameliyat\u0131<\/span>\n\t\t\t\t\t<\/span>\n\t\t\t\t\t<\/a>\n\t\t\t\t\t\t\t\t<\/div>\n\t\t\t\t<div class=\"elementor-element elementor-element-78692ae elementor-widget elementor-widget-button\" data-id=\"78692ae\" data-element_type=\"widget\" data-e-type=\"widget\" data-widget_type=\"button.default\">\n\t\t\t\t\t\t\t\t\t\t<a class=\"elementor-button elementor-button-link elementor-size-sm\" href=\"https:\/\/medicaltravel.at\/augenoperation-istanbul-tuerkei\/augen-lasern\/wer-ist-geeignet\/\">\n\t\t\t\t\t\t<span class=\"elementor-button-content-wrapper\">\n\t\t\t\t\t\t\t\t\t<span class=\"elementor-button-text\">Kimler i\u00e7in uygundur?<\/span>\n\t\t\t\t\t<\/span>\n\t\t\t\t\t<\/a>\n\t\t\t\t\t\t\t\t<\/div>\n\t\t\t\t<div class=\"elementor-element elementor-element-d8a8e88 elementor-widget elementor-widget-button\" data-id=\"d8a8e88\" data-element_type=\"widget\" data-e-type=\"widget\" data-widget_type=\"button.default\">\n\t\t\t\t\t\t\t\t\t\t<a class=\"elementor-button elementor-button-link elementor-size-sm\" href=\"https:\/\/medicaltravel.at\/tr\/istanbul-tuerkiyede-goez-ameliyatlari\/goez-lazeri-ameliyati\/ameliyat-suereci\/\">\n\t\t\t\t\t\t<span class=\"elementor-button-content-wrapper\">\n\t\t\t\t\t\t\t\t\t<span class=\"elementor-button-text\">Ameliyat S\u00fcreci<\/span>\n\t\t\t\t\t<\/span>\n\t\t\t\t\t<\/a>\n\t\t\t\t\t\t\t\t<\/div>\n\t\t\t\t<div class=\"elementor-element elementor-element-716427a elementor-widget elementor-widget-button\" data-id=\"716427a\" data-element_type=\"widget\" data-e-type=\"widget\" data-widget_type=\"button.default\">\n\t\t\t\t\t\t\t\t\t\t<a class=\"elementor-button elementor-button-link elementor-size-sm\" href=\"https:\/\/medicaltravel.at\/tr\/istanbul-tuerkiyede-goez-ameliyatlari\/goez-lazeri-ameliyati\/riskler\/\">\n\t\t\t\t\t\t<span class=\"elementor-button-content-wrapper\">\n\t\t\t\t\t\t\t\t\t<span class=\"elementor-button-text\">Riskler<\/span>\n\t\t\t\t\t<\/span>\n\t\t\t\t\t<\/a>\n\t\t\t\t\t\t\t\t<\/div>\n\t\t\t\t<\/div>\n\t\t\t\t<div class=\"elementor-element elementor-element-7743320 elementor-widget elementor-widget-text-editor\" data-id=\"7743320\" data-element_type=\"widget\" data-e-type=\"widget\" data-widget_type=\"text-editor.default\">\n\t\t\t\t\t\t\t\t\t\n<h2 class=\"wp-block-heading\">Riskler \u2013 G\u00f6z Lazer \u2013 LASIK<\/h2>\n\n<p>Ameliyat olmaya karar vermeden \u00f6nce, olas\u0131 komplikasyonlar hakk\u0131nda mutlaka bilgi edinmelisiniz.<\/p>\n\n<p>LASIK Ameliyat\u0131 sonras\u0131nda \u00f6ncekinden daha k\u00f6t\u00fc g\u00f6rme riski \u00e7ok d\u00fc\u015f\u00fckt\u00fcr.<\/p>\n\n<p>Ancak t\u00fcm t\u0131bbi i\u015flemlerde oldu\u011fu gibi, tamamen ortadan kald\u0131r\u0131lamayan bir risk vard\u0131r. LASIK\u2019te komplikasyon oran\u0131 %1\u2019in alt\u0131ndad\u0131r. Olas\u0131 komplikasyonlar \u015funlard\u0131r:  <\/p>\n\n<p><strong>Kuru G\u00f6z<\/strong><\/p>\n\n<p>LASIK\u2019te LASEK\u2019e g\u00f6re daha s\u0131k g\u00f6r\u00fclen bir sorun, g\u00f6z kurulu\u011fudur. Bu durum alt\u0131 aya (baz\u0131 durumlarda bir y\u0131la) kadar s\u00fcrebilir ve s\u0131k s\u0131k yapay g\u00f6zya\u015f\u0131 kullanmay\u0131 gerektirir. Neredeyse t\u00fcm hastalar bu sorunu ya\u015far.  <\/p>\n\n<p><strong>Parlama<\/strong><\/p>\n\n<p>LASIK\u2019te kornean\u0131n yaln\u0131zca bir k\u0131sm\u0131, yani \u201cz\u0131mparalan\u0131r\u201d gibi, tedavi edilir. Bu k\u0131s\u0131m, k\u0131rma kusuru ne kadar y\u00fcksekse o kadar k\u00fc\u00e7\u00fckt\u00fcr. Kalan kornea k\u0131sm\u0131nda k\u0131rma kusuru devam eder. Parlak \u0131\u015f\u0131kta ve g\u00fcnd\u00fcz bu sorun yaratmaz \u00e7\u00fcnk\u00fc pupil parlak \u0131\u015f\u0131kta k\u00fc\u00e7\u00fckt\u00fcr ve \u0131\u015f\u0131k yaln\u0131zca tedavi edilen kornea k\u0131sm\u0131ndan g\u00f6ze girebilir. Ancak \u00f6zellikle alacakaranl\u0131kta veya karanl\u0131kta pupil geni\u015fledi\u011finde, artan parlama, \u0131\u015f\u0131k halkalar\u0131 (halolar) ve \u00e7ift konturlar g\u00f6r\u00fclebilir. Bu durum gece ara\u00e7 kullan\u0131rken sorunlara yol a\u00e7abilir. Bu de\u011fi\u015fiklikler genellikle yaln\u0131zca -5 diyopterden fazla miyop ve hipermetrop hastalarda g\u00f6r\u00fcl\u00fcr.      <\/p>\n\n<p><strong>\u0130yile\u015fme S\u00fcresinin Uzamas\u0131<\/strong><\/p>\n\n<p>Romatizmal hastal\u0131k varl\u0131\u011f\u0131nda iyile\u015fme gecikebilir. Bu s\u00fcre zarf\u0131nda g\u00f6z doktorunuz taraf\u0131ndan d\u00fczenli olarak kontrol edilmeniz gerekir. <\/p>\n\n<p><strong>Kornea Kapa\u011f\u0131n\u0131n Kaymas\u0131<br><\/strong><\/p>\n\n<p>Nadir durumlarda, LASIK sonras\u0131 birka\u00e7 g\u00fcn i\u00e7inde \u00f6rne\u011fin g\u00f6zleri ovu\u015fturmak, kornea kapa\u011f\u0131n\u0131n kaymas\u0131na yol a\u00e7abilir ve bu da yeniden bir ameliyat gerektirebilir. Bu nedenle, ameliyattan sonraki ilk 48 saat boyunca g\u00f6zlerinizi ovu\u015fturmay\u0131n\u0131z! <\/p>\n\n<p><strong>Ameliyat Sonras\u0131 Kalan K\u0131rma Kusuru<br> <br><\/strong><\/p>\n\n<p>Preoperatif k\u0131rma kusurunun derecesine ba\u011fl\u0131 olarak, baz\u0131 hastalarda ameliyat sonras\u0131 az miktarda kalan k\u0131rma kusuru g\u00f6r\u00fclebilir. Bu gibi durumlarda, d\u00fczeltmenin stabil oldu\u011fu varsay\u0131larak, lazer ile bu kalan kusurun giderilmesi i\u00e7in yeniden LASIK (Re-LASIK) ameliyat\u0131 yap\u0131labilir. <\/p>\n\n<p><strong>Regresyon<\/strong><\/p>\n\n<p>Ameliyat sonras\u0131 \u00f6ncekinden daha k\u00f6t\u00fc g\u00f6rme riski \u00e7ok d\u00fc\u015f\u00fckt\u00fcr. Ancak, i\u015flem s\u0131ras\u0131nda k\u0131rma kusuru stabil de\u011filse veya iyile\u015fme s\u00fcreci nedeniyle yeniden artabilir. Bu durumlarda bazen ince ayar amac\u0131yla ek bir ameliyat gerekebilir; kalan k\u0131rma kusuru ise hafif bir g\u00f6zl\u00fck veya kontakt lensle d\u00fczeltilebilir.  <\/p>\n\n<p><strong>Flap Komplikasyonlar\u0131<\/strong><\/p>\n\n<p>LASIK ameliyat\u0131nda, otomatik keratom ad\u0131 verilen bir cihaz kullan\u0131larak bir kornea tabakas\u0131 (\u0130ngilizce: Flap) haz\u0131rlan\u0131r: Osilat\u00f6r bir b\u0131\u00e7ak yard\u0131m\u0131yla 0,16 mm kal\u0131nl\u0131\u011f\u0131nda bir kornea flap\u2019\u0131 olu\u015fturulur ve mente\u015fe gibi yukar\u0131 kald\u0131r\u0131l\u0131r. Nadir durumlarda (y\u00fczde 1\u2019den az) bu flap haz\u0131rlan\u0131rken komplikasyonlar ortaya \u00e7\u0131kabilir: <\/p>\n\n<p>\u0130nce flap: Kesim s\u0131ras\u0131nda flap \u00e7ok ince olabilir ve bu durum korneada k\u0131r\u0131\u015f\u0131kl\u0131k olu\u015fmas\u0131na yol a\u00e7abilir. Bu gibi durumlarda, ameliyattan hemen sonra g\u00f6z bir kontakt lens ile korunmal\u0131 ve d\u00fczenli olarak kontrol edilmelidir. \u0130\u015flem dikkatli bir \u015fekilde yap\u0131l\u0131rsa, ba\u015fka sorunlar ortaya \u00e7\u0131kmaz.  <\/p>\n\n<p>\u201cButtonhole\u201d veya \u201cd\u00fc\u011fme deli\u011fi\u201d olarak adland\u0131r\u0131lan durum, merkezi b\u00f6lgede delik bulunan \u00e7ok ince bir kornea tabakas\u0131d\u0131r. Bu gibi durumlarda lazer tedavisi yap\u0131lmamal\u0131, flap tekrar yerine yerle\u015ftirilmeli ve bir kontakt lens ile korunmal\u0131d\u0131r. Yakla\u015f\u0131k 3\u20134 ay sonra, biraz daha derin bir kesim yap\u0131larak lazer ameliyat\u0131 ger\u00e7ekle\u015ftirilebilir.  <\/p>\n\n<p>Serbest flap (Free Flap): Son derece nadir durumlarda, kornea flap\u2019\u0131 tamamen ayr\u0131labilir. Bu gibi durumlarda kornea flap\u2019\u0131 veya lentik\u00fcl tekrar yerine yerle\u015ftirilmeli, gerekirse ge\u00e7ici bir diki\u015fle sabitlenmeli ve\/veya bir kontakt lens ile korunmal\u0131d\u0131r. Yakla\u015f\u0131k 3\u20134 ay sonra yeni bir kesim haz\u0131rlanabilir ve LASIK i\u015flemi sorunsuz bir \u015fekilde ger\u00e7ekle\u015ftirilebilir.  <\/p>\n\n<p>Kesimle ilgili komplikasyonlar, kesimde kullan\u0131lan mikrokeratomun \u00f6zel bir lazer ile de\u011fi\u015ftirildi\u011fi yeni Femto-LASIK y\u00f6ntemiyle neredeyse tamamen \u00f6nlenebilir.<\/p>\n\n<p><strong>Epitelin \u0130\u00e7e Do\u011fru B\u00fcy\u00fcmesi<\/strong><\/p>\n\n<p>Bir di\u011fer nadir komplikasyon olarak, ilk birka\u00e7 hafta i\u00e7inde \u00fcst kornea tabakas\u0131 olan epitel, kornea flap\u2019\u0131n\u0131n alt\u0131na b\u00fcy\u00fcyebilir ve gerekirse ba\u015fka bir operasyonla \u00e7\u0131kar\u0131lmas\u0131 gerekebilir. Bu yan etki, LASIK\u2019ten 4\u20136 hafta sonra fark edilebilir. Bu nedenle planlanan kontrollerinize mutlaka gidiniz.  <\/p>\n\n<p><strong>Korneada \u00c7\u0131k\u0131nt\u0131 (protr\u00fczyon)<\/strong><\/p>\n\n<p>Son derece nadir durumlarda, kornean\u0131n a\u015f\u0131r\u0131 zay\u0131flamas\u0131 sonucu \u00e7\u0131k\u0131nt\u0131 (keratektazi) ve belirgin g\u00f6rme bozuklu\u011fu ortaya \u00e7\u0131kabilir. Ola\u011fan\u00fcst\u00fc durumlarda, bu komplikasyonlar\u0131n tedavisi i\u00e7in kornea nakli gerekebilir. <\/p>\n\n<p><strong>Enfeksiyonlar<\/strong><\/p>\n\n<p>Son derece nadir durumlarda, skar olu\u015fumuyla birlikte bir enfeksiyon da geli\u015febilir. Enfeksiyon durumunda etkili antibiyotik ila\u00e7lar mevcuttur. <\/p>\n\n<p><strong>LASEK\/PRK\u2019de di\u011fer riskler<\/strong><\/p>\n\n<p>LASEK\/PRK sonras\u0131 hafif ve geri d\u00f6n\u00fc\u015fl\u00fc kornea bulan\u0131kl\u0131klar\u0131 olu\u015fabilir. Bunlar ila\u00e7 tedavisi ile d\u00fczeltilebilir ve uzun vadede genellikle kendili\u011finden kaybolur (1\u20132 y\u0131l).  <\/p>\n\n<p><strong>Ameliyattan sonra iyi g\u00f6rebilmek i\u00e7in neler yapabilirsiniz?<\/strong><\/p>\n\n<ul class=\"wp-block-list\">\n<li>Romatizmal bir hastal\u0131\u011f\u0131n\u0131z varsa belirtiniz.<\/li>\n\n<li>Ameliyattan sonraki ilk g\u00fcnlerde g\u00f6zlerinizi ovu\u015fturmay\u0131n\u0131z!<\/li>\n\n<li>Size verilen g\u00f6z damlalar\u0131n\u0131 d\u00fczenli kullan\u0131n\u0131z; ancak sadece doktorunuzun belirtti\u011fi s\u00fcre boyunca kullan\u0131n\u0131z; bu g\u00fc\u00e7l\u00fc ila\u00e7lar\u0131n uzun s\u00fcreli kullan\u0131m\u0131 g\u00f6zlerinize zarar verebilir.<\/li>\n\n<li>Planlanan kontrol randevular\u0131n\u0131za mutlaka gidiniz.<\/li>\n\n<li>\u015eiddetli a\u011fr\u0131 veya ani g\u00f6rme bozuklu\u011fu durumunda derhal g\u00f6z doktorunuza ba\u015fvurunuz.<\/li>\n<\/ul>\n\t\t\t\t\t\t\t\t<\/div>\n\t\t\t\t\t<\/div>\n\t\t\t\t<\/div>\n\t\t\t\t<\/div>\n\t\t","protected":false},"excerpt":{"rendered":"<p>G\u00f6z Lazeri Ameliyat\u0131 Kimler i\u00e7in uygundur? Ameliyat S\u00fcreci Riskler Riskler \u2013 G\u00f6z Lazer \u2013 LASIK Ameliyat olmaya karar vermeden \u00f6nce, olas\u0131 komplikasyonlar hakk\u0131nda mutlaka bilgi edinmelisiniz. LASIK Ameliyat\u0131 sonras\u0131nda \u00f6ncekinden daha k\u00f6t\u00fc g\u00f6rme riski \u00e7ok d\u00fc\u015f\u00fckt\u00fcr. Ancak t\u00fcm t\u0131bbi i\u015flemlerde oldu\u011fu gibi, tamamen ortadan kald\u0131r\u0131lamayan bir risk vard\u0131r. LASIK\u2019te komplikasyon oran\u0131 %1\u2019in alt\u0131ndad\u0131r. Olas\u0131 komplikasyonlar \u015funlard\u0131r: Kuru G\u00f6z LASIK\u2019te LASEK\u2019e g\u00f6re daha s\u0131k g\u00f6r\u00fclen bir sorun, g\u00f6z kurulu\u011fudur. Bu durum alt\u0131 aya (baz\u0131 durumlarda bir y\u0131la) kadar s\u00fcrebilir ve s\u0131k s\u0131k yapay g\u00f6zya\u015f\u0131 kullanmay\u0131 gerektirir. Neredeyse t\u00fcm hastalar bu sorunu ya\u015far. Parlama LASIK\u2019te kornean\u0131n yaln\u0131zca bir k\u0131sm\u0131, yani \u201cz\u0131mparalan\u0131r\u201d gibi, tedavi edilir. Bu k\u0131s\u0131m, k\u0131rma kusuru ne kadar y\u00fcksekse o kadar k\u00fc\u00e7\u00fckt\u00fcr. Kalan kornea k\u0131sm\u0131nda k\u0131rma kusuru devam eder. Parlak \u0131\u015f\u0131kta ve g\u00fcnd\u00fcz bu sorun yaratmaz \u00e7\u00fcnk\u00fc pupil parlak \u0131\u015f\u0131kta k\u00fc\u00e7\u00fckt\u00fcr ve \u0131\u015f\u0131k yaln\u0131zca tedavi edilen kornea k\u0131sm\u0131ndan g\u00f6ze girebilir. Ancak \u00f6zellikle alacakaranl\u0131kta veya karanl\u0131kta pupil geni\u015fledi\u011finde, artan parlama, \u0131\u015f\u0131k halkalar\u0131 (halolar) ve \u00e7ift konturlar g\u00f6r\u00fclebilir. Bu durum gece ara\u00e7 kullan\u0131rken sorunlara yol a\u00e7abilir. Bu de\u011fi\u015fiklikler genellikle yaln\u0131zca -5 diyopterden fazla miyop ve hipermetrop hastalarda g\u00f6r\u00fcl\u00fcr. \u0130yile\u015fme S\u00fcresinin Uzamas\u0131 Romatizmal hastal\u0131k varl\u0131\u011f\u0131nda iyile\u015fme gecikebilir. Bu s\u00fcre zarf\u0131nda g\u00f6z doktorunuz taraf\u0131ndan d\u00fczenli olarak kontrol edilmeniz gerekir. Kornea Kapa\u011f\u0131n\u0131n Kaymas\u0131 Nadir durumlarda, LASIK sonras\u0131 birka\u00e7 g\u00fcn i\u00e7inde \u00f6rne\u011fin g\u00f6zleri ovu\u015fturmak, kornea kapa\u011f\u0131n\u0131n kaymas\u0131na yol a\u00e7abilir ve bu da yeniden bir ameliyat gerektirebilir. Bu nedenle, ameliyattan sonraki ilk 48 saat boyunca g\u00f6zlerinizi ovu\u015fturmay\u0131n\u0131z! Ameliyat Sonras\u0131 Kalan K\u0131rma Kusuru Preoperatif k\u0131rma kusurunun derecesine ba\u011fl\u0131 olarak, baz\u0131 hastalarda ameliyat sonras\u0131 az miktarda kalan k\u0131rma kusuru g\u00f6r\u00fclebilir. Bu gibi durumlarda, d\u00fczeltmenin stabil oldu\u011fu varsay\u0131larak, lazer ile bu kalan kusurun giderilmesi i\u00e7in yeniden LASIK (Re-LASIK) ameliyat\u0131 yap\u0131labilir. Regresyon Ameliyat sonras\u0131 \u00f6ncekinden daha k\u00f6t\u00fc g\u00f6rme riski \u00e7ok d\u00fc\u015f\u00fckt\u00fcr. Ancak, i\u015flem s\u0131ras\u0131nda k\u0131rma kusuru stabil de\u011filse veya iyile\u015fme s\u00fcreci nedeniyle yeniden artabilir. Bu durumlarda bazen ince ayar amac\u0131yla ek bir ameliyat gerekebilir; kalan k\u0131rma kusuru ise hafif bir g\u00f6zl\u00fck veya kontakt lensle d\u00fczeltilebilir. Flap Komplikasyonlar\u0131 LASIK ameliyat\u0131nda, otomatik keratom ad\u0131 verilen bir cihaz kullan\u0131larak bir kornea tabakas\u0131 (\u0130ngilizce: Flap) haz\u0131rlan\u0131r: Osilat\u00f6r bir b\u0131\u00e7ak yard\u0131m\u0131yla 0,16 mm kal\u0131nl\u0131\u011f\u0131nda bir kornea flap\u2019\u0131 olu\u015fturulur ve mente\u015fe gibi yukar\u0131 kald\u0131r\u0131l\u0131r. Nadir durumlarda (y\u00fczde 1\u2019den az) bu flap haz\u0131rlan\u0131rken komplikasyonlar ortaya \u00e7\u0131kabilir: \u0130nce flap: Kesim s\u0131ras\u0131nda flap \u00e7ok ince olabilir ve bu durum korneada k\u0131r\u0131\u015f\u0131kl\u0131k olu\u015fmas\u0131na yol a\u00e7abilir. Bu gibi durumlarda, ameliyattan hemen sonra g\u00f6z bir kontakt lens ile korunmal\u0131 ve d\u00fczenli olarak kontrol edilmelidir. \u0130\u015flem dikkatli bir \u015fekilde yap\u0131l\u0131rsa, ba\u015fka sorunlar ortaya \u00e7\u0131kmaz. \u201cButtonhole\u201d veya \u201cd\u00fc\u011fme deli\u011fi\u201d olarak adland\u0131r\u0131lan durum, merkezi b\u00f6lgede delik bulunan \u00e7ok ince bir kornea tabakas\u0131d\u0131r. Bu gibi durumlarda lazer tedavisi yap\u0131lmamal\u0131, flap tekrar yerine yerle\u015ftirilmeli ve bir kontakt lens ile korunmal\u0131d\u0131r. Yakla\u015f\u0131k 3\u20134 ay sonra, biraz daha derin bir kesim yap\u0131larak lazer ameliyat\u0131 ger\u00e7ekle\u015ftirilebilir. Serbest flap (Free Flap): Son derece nadir durumlarda, kornea flap\u2019\u0131 tamamen ayr\u0131labilir. Bu gibi durumlarda kornea flap\u2019\u0131 veya lentik\u00fcl tekrar yerine yerle\u015ftirilmeli, gerekirse ge\u00e7ici bir diki\u015fle sabitlenmeli ve\/veya bir kontakt lens ile korunmal\u0131d\u0131r. Yakla\u015f\u0131k 3\u20134 ay sonra yeni bir kesim haz\u0131rlanabilir ve LASIK i\u015flemi sorunsuz bir \u015fekilde ger\u00e7ekle\u015ftirilebilir. Kesimle ilgili komplikasyonlar, kesimde kullan\u0131lan mikrokeratomun \u00f6zel bir lazer ile de\u011fi\u015ftirildi\u011fi yeni Femto-LASIK y\u00f6ntemiyle neredeyse tamamen \u00f6nlenebilir. Epitelin \u0130\u00e7e Do\u011fru B\u00fcy\u00fcmesi Bir di\u011fer nadir komplikasyon olarak, ilk birka\u00e7 hafta i\u00e7inde \u00fcst kornea tabakas\u0131 olan epitel, kornea flap\u2019\u0131n\u0131n alt\u0131na b\u00fcy\u00fcyebilir ve gerekirse ba\u015fka bir operasyonla \u00e7\u0131kar\u0131lmas\u0131 gerekebilir. Bu yan etki, LASIK\u2019ten 4\u20136 hafta sonra fark edilebilir. Bu nedenle planlanan kontrollerinize mutlaka gidiniz. Korneada \u00c7\u0131k\u0131nt\u0131 (protr\u00fczyon) Son derece nadir durumlarda, kornean\u0131n a\u015f\u0131r\u0131 zay\u0131flamas\u0131 sonucu \u00e7\u0131k\u0131nt\u0131 (keratektazi) ve belirgin g\u00f6rme bozuklu\u011fu ortaya \u00e7\u0131kabilir. Ola\u011fan\u00fcst\u00fc durumlarda, bu komplikasyonlar\u0131n tedavisi i\u00e7in kornea nakli gerekebilir. Enfeksiyonlar Son derece nadir durumlarda, skar olu\u015fumuyla birlikte bir enfeksiyon da geli\u015febilir. Enfeksiyon durumunda etkili antibiyotik ila\u00e7lar mevcuttur. LASEK\/PRK\u2019de di\u011fer riskler LASEK\/PRK sonras\u0131 hafif ve geri d\u00f6n\u00fc\u015fl\u00fc kornea bulan\u0131kl\u0131klar\u0131 olu\u015fabilir. Bunlar ila\u00e7 tedavisi ile d\u00fczeltilebilir ve uzun vadede genellikle kendili\u011finden kaybolur (1\u20132 y\u0131l). Ameliyattan sonra iyi g\u00f6rebilmek i\u00e7in neler yapabilirsiniz? Romatizmal bir hastal\u0131\u011f\u0131n\u0131z varsa belirtiniz. Ameliyattan sonraki ilk g\u00fcnlerde g\u00f6zlerinizi ovu\u015fturmay\u0131n\u0131z! Size verilen g\u00f6z damlalar\u0131n\u0131 d\u00fczenli kullan\u0131n\u0131z; ancak sadece doktorunuzun belirtti\u011fi s\u00fcre boyunca kullan\u0131n\u0131z; bu g\u00fc\u00e7l\u00fc ila\u00e7lar\u0131n uzun s\u00fcreli kullan\u0131m\u0131 g\u00f6zlerinize zarar verebilir. Planlanan kontrol randevular\u0131n\u0131za mutlaka gidiniz. \u015eiddetli a\u011fr\u0131 veya ani g\u00f6rme bozuklu\u011fu durumunda derhal g\u00f6z doktorunuza ba\u015fvurunuz.<\/p>\n","protected":false},"author":4,"featured_media":0,"parent":3999,"menu_order":0,"comment_status":"closed","ping_status":"closed","template":"","meta":{"_joinchat":[],"footnotes":""},"class_list":["post-4037","page","type-page","status-publish","hentry"],"acf":[],"_links":{"self":[{"href":"https:\/\/medicaltravel.at\/tr\/wp-json\/wp\/v2\/pages\/4037","targetHints":{"allow":["GET"]}}],"collection":[{"href":"https:\/\/medicaltravel.at\/tr\/wp-json\/wp\/v2\/pages"}],"about":[{"href":"https:\/\/medicaltravel.at\/tr\/wp-json\/wp\/v2\/types\/page"}],"author":[{"embeddable":true,"href":"https:\/\/medicaltravel.at\/tr\/wp-json\/wp\/v2\/users\/4"}],"replies":[{"embeddable":true,"href":"https:\/\/medicaltravel.at\/tr\/wp-json\/wp\/v2\/comments?post=4037"}],"version-history":[{"count":5,"href":"https:\/\/medicaltravel.at\/tr\/wp-json\/wp\/v2\/pages\/4037\/revisions"}],"predecessor-version":[{"id":4043,"href":"https:\/\/medicaltravel.at\/tr\/wp-json\/wp\/v2\/pages\/4037\/revisions\/4043"}],"up":[{"embeddable":true,"href":"https:\/\/medicaltravel.at\/tr\/wp-json\/wp\/v2\/pages\/3999"}],"wp:attachment":[{"href":"https:\/\/medicaltravel.at\/tr\/wp-json\/wp\/v2\/media?parent=4037"}],"curies":[{"name":"wp","href":"https:\/\/api.w.org\/{rel}","templated":true}]}}