{"id":4008,"date":"2025-09-27T14:54:49","date_gmt":"2025-09-27T13:54:49","guid":{"rendered":"https:\/\/medicaltravel.at\/istanbul-tuerkiyede-goez-ameliyatlari\/goez-lazeri-ameliyati\/tuerkiyede-goez-lazeri\/"},"modified":"2026-01-04T21:21:31","modified_gmt":"2026-01-04T20:21:31","slug":"tuerkiyede-goez-lazeri","status":"publish","type":"page","link":"https:\/\/medicaltravel.at\/tr\/istanbul-tuerkiyede-goez-ameliyatlari\/goez-lazeri-ameliyati\/tuerkiyede-goez-lazeri\/","title":{"rendered":"T\u00fcrkiye\u2019de G\u00f6z Lazeri"},"content":{"rendered":"\t\t<div data-elementor-type=\"wp-page\" data-elementor-id=\"4008\" class=\"elementor elementor-4008 elementor-819\" data-elementor-post-type=\"page\">\n\t\t\t\t<div class=\"elementor-element elementor-element-5aad1815 e-flex e-con-boxed wpr-particle-no wpr-jarallax-no wpr-parallax-no wpr-sticky-section-no e-con e-parent\" data-id=\"5aad1815\" data-element_type=\"container\" data-e-type=\"container\">\n\t\t\t\t\t<div class=\"e-con-inner\">\n\t\t<div class=\"elementor-element elementor-element-46c8e0c e-con-full e-flex wpr-particle-no wpr-jarallax-no wpr-parallax-no wpr-sticky-section-no e-con e-child\" data-id=\"46c8e0c\" data-element_type=\"container\" data-e-type=\"container\">\n\t\t\t\t<div class=\"elementor-element elementor-element-1045650 elementor-widget elementor-widget-button\" data-id=\"1045650\" data-element_type=\"widget\" data-e-type=\"widget\" data-widget_type=\"button.default\">\n\t\t\t\t\t\t\t\t\t\t<a class=\"elementor-button elementor-button-link elementor-size-sm\" href=\"https:\/\/medicaltravel.at\/tr\/istanbul-tuerkiyede-goez-ameliyatlari\/goez-lazeri-ameliyati\/tuerkiyede-goez-lazeri\/\">\n\t\t\t\t\t\t<span class=\"elementor-button-content-wrapper\">\n\t\t\t\t\t\t\t\t\t<span class=\"elementor-button-text\">G\u00f6z Lazeri Ameliyat\u0131<\/span>\n\t\t\t\t\t<\/span>\n\t\t\t\t\t<\/a>\n\t\t\t\t\t\t\t\t<\/div>\n\t\t\t\t<div class=\"elementor-element elementor-element-a21f97e elementor-widget elementor-widget-button\" data-id=\"a21f97e\" data-element_type=\"widget\" data-e-type=\"widget\" data-widget_type=\"button.default\">\n\t\t\t\t\t\t\t\t\t\t<a class=\"elementor-button elementor-button-link elementor-size-sm\" href=\"https:\/\/medicaltravel.at\/tr\/relex-smile-lasik-tuerkiye-istanbul-antalya-izmir\/\">\n\t\t\t\t\t\t<span class=\"elementor-button-content-wrapper\">\n\t\t\t\t\t\t\t\t\t<span class=\"elementor-button-text\">ReLex Smile LASIK<\/span>\n\t\t\t\t\t<\/span>\n\t\t\t\t\t<\/a>\n\t\t\t\t\t\t\t\t<\/div>\n\t\t\t\t<div class=\"elementor-element elementor-element-0a876b7 elementor-widget elementor-widget-button\" data-id=\"0a876b7\" data-element_type=\"widget\" data-e-type=\"widget\" data-widget_type=\"button.default\">\n\t\t\t\t\t\t\t\t\t\t<a class=\"elementor-button elementor-button-link elementor-size-sm\" href=\"https:\/\/medicaltravel.at\/tr\/goez-ici-lens-implantasyonu\/\">\n\t\t\t\t\t\t<span class=\"elementor-button-content-wrapper\">\n\t\t\t\t\t\t\t\t\t<span class=\"elementor-button-text\">G\u00f6z \u0130\u00e7i Lens \u0130mplantasyonu<br> <br><\/span>\n\t\t\t\t\t<\/span>\n\t\t\t\t\t<\/a>\n\t\t\t\t\t\t\t\t<\/div>\n\t\t\t\t<div class=\"elementor-element elementor-element-414cc9d elementor-widget elementor-widget-button\" data-id=\"414cc9d\" data-element_type=\"widget\" data-e-type=\"widget\" data-widget_type=\"button.default\">\n\t\t\t\t\t\t\t\t\t\t<a class=\"elementor-button elementor-button-link elementor-size-sm\" href=\"https:\/\/medicaltravel.at\/tr\/multifokal-lens-implantasyonu\/\">\n\t\t\t\t\t\t<span class=\"elementor-button-content-wrapper\">\n\t\t\t\t\t\t\t\t\t<span class=\"elementor-button-text\">Multifokal Lensler<\/span>\n\t\t\t\t\t<\/span>\n\t\t\t\t\t<\/a>\n\t\t\t\t\t\t\t\t<\/div>\n\t\t\t\t<div class=\"elementor-element elementor-element-7dbf912 elementor-widget elementor-widget-button\" data-id=\"7dbf912\" data-element_type=\"widget\" data-e-type=\"widget\" data-widget_type=\"button.default\">\n\t\t\t\t\t\t\t\t\t\t<a class=\"elementor-button elementor-button-link elementor-size-sm\" href=\"https:\/\/medicaltravel.at\/tr\/istanbul-tuerkiyede-goez-ameliyatlari\/goez-lazeri-ameliyati\/kimler-icin-uygundur\/\">\n\t\t\t\t\t\t<span class=\"elementor-button-content-wrapper\">\n\t\t\t\t\t\t\t\t\t<span class=\"elementor-button-text\">Kimler i\u00e7in uygundur?<\/span>\n\t\t\t\t\t<\/span>\n\t\t\t\t\t<\/a>\n\t\t\t\t\t\t\t\t<\/div>\n\t\t\t\t<div class=\"elementor-element elementor-element-b5fc7ef elementor-widget elementor-widget-button\" data-id=\"b5fc7ef\" data-element_type=\"widget\" data-e-type=\"widget\" data-widget_type=\"button.default\">\n\t\t\t\t\t\t\t\t\t\t<a class=\"elementor-button elementor-button-link elementor-size-sm\" href=\"https:\/\/medicaltravel.at\/tr\/istanbul-tuerkiyede-goez-ameliyatlari\/goez-lazeri-ameliyati\/ameliyat-suereci\/\">\n\t\t\t\t\t\t<span class=\"elementor-button-content-wrapper\">\n\t\t\t\t\t\t\t\t\t<span class=\"elementor-button-text\">Ameliyat S\u00fcreci<\/span>\n\t\t\t\t\t<\/span>\n\t\t\t\t\t<\/a>\n\t\t\t\t\t\t\t\t<\/div>\n\t\t\t\t<div class=\"elementor-element elementor-element-de77bed elementor-widget elementor-widget-button\" data-id=\"de77bed\" data-element_type=\"widget\" data-e-type=\"widget\" data-widget_type=\"button.default\">\n\t\t\t\t\t\t\t\t\t\t<a class=\"elementor-button elementor-button-link elementor-size-sm\" href=\"https:\/\/medicaltravel.at\/tr\/istanbul-tuerkiyede-goez-ameliyatlari\/goez-lazeri-ameliyati\/riskler\/\">\n\t\t\t\t\t\t<span class=\"elementor-button-content-wrapper\">\n\t\t\t\t\t\t\t\t\t<span class=\"elementor-button-text\">Riskler<\/span>\n\t\t\t\t\t<\/span>\n\t\t\t\t\t<\/a>\n\t\t\t\t\t\t\t\t<\/div>\n\t\t\t\t<\/div>\n\t\t\t\t<div class=\"elementor-element elementor-element-345477a9 elementor-widget elementor-widget-text-editor\" data-id=\"345477a9\" data-element_type=\"widget\" data-e-type=\"widget\" data-widget_type=\"text-editor.default\">\n\t\t\t\t\t\t\t\t\t\n<h2 class=\"wp-block-heading\">T\u00fcrkiye\u2019de g\u00f6z lazeri \u2013 \u0130stanbul \u2013 Antalya<\/h2>\n\n<p>Burada T\u00fcrkiye\u2019de <strong>g\u00f6z lazeri ve lens implantasyonu ile ilgili detayl\u0131 bilgilere ula\u015fabilirsiniz.<\/strong><\/p>\n\n<p><strong>G\u00f6z Lazeri (kornea y\u00f6ntemleri):<br> <br><\/strong><\/p>\n\n<p>Pratikte iki farkl\u0131 kornea y\u00f6ntemi bulunmaktad\u0131r.<\/p>\n\n<p><strong>LASIK Laser-in-situ Keratomileusis<\/strong><br>\u201cLASIK\u201d kelimesi, lazer teknolojisi kullan\u0131larak kornean\u0131n i\u00e7 k\u0131sm\u0131n\u0131n yeniden \u015fekillendirilmesi olarak serbest\u00e7e \u00e7evrilebilir. 1990\u2019dan bu yana, bu y\u00f6ntemle yakla\u015f\u0131k 12 milyon <strong>g\u00f6z lazer tedavisi<\/strong> ger\u00e7ekle\u015ftirilmi\u015ftir. <strong>LASIK<\/strong>, t\u00fcm k\u0131rma kusurlar\u0131n\u0131n yakla\u015f\u0131k %90\u2019\u0131n\u0131 d\u00fczeltebilir. Geni\u015f uygulanabilirli\u011fi ve h\u0131zl\u0131 iyile\u015fme s\u00fcreci sayesinde, bu a\u011fr\u0131s\u0131z, teknik olarak geli\u015fmi\u015f ve \u00e7ok hassas operasyon d\u00fcnya \u00e7ap\u0131nda giderek daha pop\u00fcler hale gelmi\u015ftir. Genel olarak, <strong>LASIK<\/strong> ne kadar d\u00fc\u015f\u00fck k\u0131rma kusuruna uygulan\u0131rsa o kadar hassas olur. Pratikte, <strong>LASIK<\/strong> hafif ve orta dereceli miyopi, <strong>hafif hipermetropi ve hafif astigmatizmin<\/strong> d\u00fczeltilmesi i\u00e7in kullan\u0131l\u0131r. \u0130\u015flem ayakta tedavi \u015feklinde yap\u0131l\u0131r. Lazerle yap\u0131lan bu doku \u00e7\u0131karma i\u015flemi 30 ila 90 saniye s\u00fcrer. G\u00f6z takip sistemi, g\u00f6zleriniz istemsiz hareket etse bile lazer \u0131\u015f\u0131n\u0131 hizalamas\u0131n\u0131 s\u00fcrekli olarak (saniyede birka\u00e7 y\u00fcz kez) kontrol eder. <strong>LASIK y\u00f6nteminin \u00f6nemli noktalar\u0131:<\/strong>      <\/p>\n\n<ul class=\"wp-block-list\">\n<li>Elde edilen etkinin son derece y\u00fcksek hassasiyeti ve kararl\u0131l\u0131\u011f\u0131<\/li>\n\n<li>G\u00f6rme kusurunun d\u00fczeltilmesi kornean\u0131n i\u00e7inde ger\u00e7ekle\u015fir.<\/li>\n\n<li>Operasyon s\u0131ras\u0131nda ve sonras\u0131nda a\u011fr\u0131 yoktur.<\/li>\n<\/ul>\n\n<p>Pratikte \u00fc\u00e7 farkl\u0131 LASIK uygulamas\u0131 vard\u0131r:<\/p>\n\n<ul class=\"wp-block-list\">\n<li>Standart LASIK (mikrokeratom ile)<\/li>\n\n<li>Femto LASIK (lazer keratom ile)<\/li>\n\n<li><a href=\"https:\/\/medicaltravel.at\/tr\/relex-smile-lasik-tuerkiye-istanbul-antalya-izmir\/\" data-type=\"page\" data-id=\"809\">ReLex Smile Lasik<\/a><\/li>\n<\/ul>\n\n<p><strong>Standart LASIK (mikrokeratom ile)<\/strong><\/p>\n\n<p>\u00d6ncelikle doktor g\u00f6z kapa\u011f\u0131n\u0131 temizler. Ard\u0131ndan g\u00f6z kapa\u011f\u0131n\u0131 sabitlemek i\u00e7in bir kapak tutucu yerle\u015ftirilir. Bu y\u00f6ntemde, bilgisayar kontroll\u00fc bir mikrokeratom b\u0131\u00e7a\u011f\u0131 ile kornean\u0131n y\u00fczeyinden ince bir tabaka kesilerek kald\u0131r\u0131l\u0131r ve tabaka ile kornea aras\u0131nda yaln\u0131zca dar bir ba\u011flant\u0131 kal\u0131r. <\/p>\n\n<p>Bu y\u00f6ntem art\u0131k T\u00fcrkiye\u2019de neredeyse hi\u00e7 kullan\u0131lmamaktad\u0131r. Maalesef Avrupa\u2019da bu y\u00f6ntemi sunan ucuz g\u00f6z lazeri merkezleri vard\u0131r. L\u00fctfen uzak durun.  <\/p>\n\n<p><strong>Femto LASIK (IntraLase y\u00f6ntemi \u2013 lazer keratom ile) \u2013 I LASIK<\/strong><\/p>\n\n<p>Femto-LASIK, ayn\u0131 zamanda femtosaniye LASIK, \u201clazer LASIK\u201d veya \u201cIntra-LASIK (ILASIK)\u201d olarak da adland\u0131r\u0131l\u0131r, miyopi, hipermetropi ve astigmatizmin g\u00f6z lazeri tedavisinde yeni bir y\u00f6ntemdir. Femto-LASIK\u2019te eksimer lazere ek olarak femtosaniye lazer kullan\u0131l\u0131r. \u00d6nceden LASIK s\u0131ras\u0131nda \u00f6zel bir \u201cmini rende\u201d olan mikrokeratom ile korneadan ince bir lamel (flap) kesilip kald\u0131r\u0131l\u0131rd\u0131. Modern Femto-LASIK\u2019te femtosaniye lazer, mikrokeratomun yerini alarak LASIK tedavisinin mekanik cihaz kullan\u0131lmadan tamamen ger\u00e7ekle\u015ftirilmesini m\u00fcmk\u00fcn k\u0131lar.    Lazer kesimi yap\u0131ld\u0131ktan sonra, kornean\u0131n y\u00fczeysel tabakas\u0131 a\u00e7\u0131l\u0131r ve LASIK\u2019te oldu\u011fu gibi kornea, Excimer lazer ile yeniden \u015fekillendirilerek g\u00f6rme kusuru d\u00fczeltilir.<\/p>\n\n<p><strong>ReLEx SMILE PRO LASIK (\u00dc\u00e7\u00fcnc\u00fc Nesil G\u00f6z Lazerleri)<\/strong><br>ReLEx SMILE tedavisi, Femto-LASIK\u2019in bir geli\u015ftirilmi\u015f versiyonudur ve g\u00f6rme kusurlar\u0131n\u0131n \u00f6zellikle g\u00fcvenli ve nazik bir \u015fekilde d\u00fczeltilmesini sa\u011flar. Temel avantaj: ReLEx SMILE ile g\u00f6zlerinizi \u201cflap\u201d olu\u015fturmadan lazerleyebiliriz ve korneay\u0131 LASIK\u2019te oldu\u011fu gibi geni\u015f bir \u015fekilde a\u00e7mam\u0131za gerek yoktur. \u00d6zel bir femtosaniye lazer, kornean\u0131n i\u00e7inde ince ve \u00fc\u00e7 boyutlu bir disk haz\u0131rlar ve bu disk sadece yakla\u015f\u0131k 2 mm\u2019lik bir kornea giri\u015finden \u00e7\u0131kar\u0131l\u0131r. Bu y\u00f6ntem g\u00f6z\u00fc korur, kornea stabil kal\u0131r ve flap komplikasyonlar\u0131 ortadan kalkar. Bu minimal invaziv tedavi, miyopi, astigmatizm ve kuru g\u00f6zlerde birinci tercihimizdir. Daha fazla bilgi i\u00e7in l\u00fctfen <a href=\"https:\/\/medicaltravel.at\/tr\/relex-smile-lasik-tuerkiye-istanbul-antalya-izmir\/\" data-type=\"page\" data-id=\"809\">buraya<\/a> bak\u0131n\u0131z.     <\/p>\n\n<p><strong>LASEK (Laser Epithelial Keratomileusis)<\/strong><br>LASEK i\u015flemi, PRK ile LASIK aras\u0131nda bir y\u00f6ntem olarak d\u00fc\u015f\u00fcn\u00fclebilir. G\u00f6ze nispeten d\u00fc\u015f\u00fck k\u0131rma kusuru olan (miyopi ve astigmatizmde 4 diyoptri, hipermetropide 3,5 diyoptri) ve korneas\u0131 LASIK ile tedavi edilemeyecek kadar ince olan g\u00f6zlerde uygulanabilir. LASIK\u2019in aksine, bu y\u00f6ntemde kornean\u0131n arka y\u00fcz\u00fc de\u011fil \u00f6n y\u00fcz\u00fc tedavi edilir. Bununla birlikte, tedavi \u00f6ncesinde korneadan alkol \u00e7\u00f6zeltisi ile bir flap kald\u0131r\u0131l\u0131r ve i\u015flem sonras\u0131nda eski yerine konur; burada kendi kendine sabitlenir.   <\/p>\n\n<p><strong>Lens Y\u00f6ntemleri<\/strong><br>Korneal y\u00f6ntem, y\u00fcksek k\u0131rma kusurlar\u0131nda do\u011fal bir s\u0131n\u0131ra ula\u015f\u0131r ve bu s\u0131n\u0131r a\u015f\u0131lmamal\u0131d\u0131r. Miyopide bu s\u0131n\u0131r yakla\u015f\u0131k -10 diyoptri, hipermetropide ise +4 diyoptridir. Bu y\u00f6ntem ayn\u0131 zamanda ya\u015fa ba\u011fl\u0131 yak\u0131n g\u00f6r\u00fc\u015f kayb\u0131 (<a href=\"https:\/\/medicaltravel.at\/tr\/multifokal-lens-implantasyonu\/\" data-type=\"page\" data-id=\"823\">presbiyop<\/a>i) i\u00e7in de uygulan\u0131r.   Daha fazla bilgi i\u00e7in l\u00fctfen <a href=\"https:\/\/medicaltravel.at\/tr\/goez-ici-lens-implantasyonu\/\" data-type=\"page\" data-id=\"821\">buraya<\/a> t\u0131klay\u0131n.<\/p>\n\t\t\t\t\t\t\t\t<\/div>\n\t\t\t\t\t<\/div>\n\t\t\t\t<\/div>\n\t\t\t\t<\/div>\n\t\t","protected":false},"excerpt":{"rendered":"<p>G\u00f6z Lazeri Ameliyat\u0131 ReLex Smile LASIK G\u00f6z \u0130\u00e7i Lens \u0130mplantasyonu Multifokal Lensler Kimler i\u00e7in uygundur? Ameliyat S\u00fcreci Riskler T\u00fcrkiye\u2019de g\u00f6z lazeri \u2013 \u0130stanbul \u2013 Antalya Burada T\u00fcrkiye\u2019de g\u00f6z lazeri ve lens implantasyonu ile ilgili detayl\u0131 bilgilere ula\u015fabilirsiniz. G\u00f6z Lazeri (kornea y\u00f6ntemleri): Pratikte iki farkl\u0131 kornea y\u00f6ntemi bulunmaktad\u0131r. LASIK Laser-in-situ Keratomileusis\u201cLASIK\u201d kelimesi, lazer teknolojisi kullan\u0131larak kornean\u0131n i\u00e7 k\u0131sm\u0131n\u0131n yeniden \u015fekillendirilmesi olarak serbest\u00e7e \u00e7evrilebilir. 1990\u2019dan bu yana, bu y\u00f6ntemle yakla\u015f\u0131k 12 milyon g\u00f6z lazer tedavisi ger\u00e7ekle\u015ftirilmi\u015ftir. LASIK, t\u00fcm k\u0131rma kusurlar\u0131n\u0131n yakla\u015f\u0131k %90\u2019\u0131n\u0131 d\u00fczeltebilir. Geni\u015f uygulanabilirli\u011fi ve h\u0131zl\u0131 iyile\u015fme s\u00fcreci sayesinde, bu a\u011fr\u0131s\u0131z, teknik olarak geli\u015fmi\u015f ve \u00e7ok hassas operasyon d\u00fcnya \u00e7ap\u0131nda giderek daha pop\u00fcler hale gelmi\u015ftir. Genel olarak, LASIK ne kadar d\u00fc\u015f\u00fck k\u0131rma kusuruna uygulan\u0131rsa o kadar hassas olur. Pratikte, LASIK hafif ve orta dereceli miyopi, hafif hipermetropi ve hafif astigmatizmin d\u00fczeltilmesi i\u00e7in kullan\u0131l\u0131r. \u0130\u015flem ayakta tedavi \u015feklinde yap\u0131l\u0131r. Lazerle yap\u0131lan bu doku \u00e7\u0131karma i\u015flemi 30 ila 90 saniye s\u00fcrer. G\u00f6z takip sistemi, g\u00f6zleriniz istemsiz hareket etse bile lazer \u0131\u015f\u0131n\u0131 hizalamas\u0131n\u0131 s\u00fcrekli olarak (saniyede birka\u00e7 y\u00fcz kez) kontrol eder. LASIK y\u00f6nteminin \u00f6nemli noktalar\u0131: Elde edilen etkinin son derece y\u00fcksek hassasiyeti ve kararl\u0131l\u0131\u011f\u0131 G\u00f6rme kusurunun d\u00fczeltilmesi kornean\u0131n i\u00e7inde ger\u00e7ekle\u015fir. Operasyon s\u0131ras\u0131nda ve sonras\u0131nda a\u011fr\u0131 yoktur. Pratikte \u00fc\u00e7 farkl\u0131 LASIK uygulamas\u0131 vard\u0131r: Standart LASIK (mikrokeratom ile) Femto LASIK (lazer keratom ile) ReLex Smile Lasik Standart LASIK (mikrokeratom ile) \u00d6ncelikle doktor g\u00f6z kapa\u011f\u0131n\u0131 temizler. Ard\u0131ndan g\u00f6z kapa\u011f\u0131n\u0131 sabitlemek i\u00e7in bir kapak tutucu yerle\u015ftirilir. Bu y\u00f6ntemde, bilgisayar kontroll\u00fc bir mikrokeratom b\u0131\u00e7a\u011f\u0131 ile kornean\u0131n y\u00fczeyinden ince bir tabaka kesilerek kald\u0131r\u0131l\u0131r ve tabaka ile kornea aras\u0131nda yaln\u0131zca dar bir ba\u011flant\u0131 kal\u0131r. Bu y\u00f6ntem art\u0131k T\u00fcrkiye\u2019de neredeyse hi\u00e7 kullan\u0131lmamaktad\u0131r. Maalesef Avrupa\u2019da bu y\u00f6ntemi sunan ucuz g\u00f6z lazeri merkezleri vard\u0131r. L\u00fctfen uzak durun. Femto LASIK (IntraLase y\u00f6ntemi \u2013 lazer keratom ile) \u2013 I LASIK Femto-LASIK, ayn\u0131 zamanda femtosaniye LASIK, \u201clazer LASIK\u201d veya \u201cIntra-LASIK (ILASIK)\u201d olarak da adland\u0131r\u0131l\u0131r, miyopi, hipermetropi ve astigmatizmin g\u00f6z lazeri tedavisinde yeni bir y\u00f6ntemdir. Femto-LASIK\u2019te eksimer lazere ek olarak femtosaniye lazer kullan\u0131l\u0131r. \u00d6nceden LASIK s\u0131ras\u0131nda \u00f6zel bir \u201cmini rende\u201d olan mikrokeratom ile korneadan ince bir lamel (flap) kesilip kald\u0131r\u0131l\u0131rd\u0131. Modern Femto-LASIK\u2019te femtosaniye lazer, mikrokeratomun yerini alarak LASIK tedavisinin mekanik cihaz kullan\u0131lmadan tamamen ger\u00e7ekle\u015ftirilmesini m\u00fcmk\u00fcn k\u0131lar. Lazer kesimi yap\u0131ld\u0131ktan sonra, kornean\u0131n y\u00fczeysel tabakas\u0131 a\u00e7\u0131l\u0131r ve LASIK\u2019te oldu\u011fu gibi kornea, Excimer lazer ile yeniden \u015fekillendirilerek g\u00f6rme kusuru d\u00fczeltilir. ReLEx SMILE PRO LASIK (\u00dc\u00e7\u00fcnc\u00fc Nesil G\u00f6z Lazerleri)ReLEx SMILE tedavisi, Femto-LASIK\u2019in bir geli\u015ftirilmi\u015f versiyonudur ve g\u00f6rme kusurlar\u0131n\u0131n \u00f6zellikle g\u00fcvenli ve nazik bir \u015fekilde d\u00fczeltilmesini sa\u011flar. Temel avantaj: ReLEx SMILE ile g\u00f6zlerinizi \u201cflap\u201d olu\u015fturmadan lazerleyebiliriz ve korneay\u0131 LASIK\u2019te oldu\u011fu gibi geni\u015f bir \u015fekilde a\u00e7mam\u0131za gerek yoktur. \u00d6zel bir femtosaniye lazer, kornean\u0131n i\u00e7inde ince ve \u00fc\u00e7 boyutlu bir disk haz\u0131rlar ve bu disk sadece yakla\u015f\u0131k 2 mm\u2019lik bir kornea giri\u015finden \u00e7\u0131kar\u0131l\u0131r. Bu y\u00f6ntem g\u00f6z\u00fc korur, kornea stabil kal\u0131r ve flap komplikasyonlar\u0131 ortadan kalkar. Bu minimal invaziv tedavi, miyopi, astigmatizm ve kuru g\u00f6zlerde birinci tercihimizdir. Daha fazla bilgi i\u00e7in l\u00fctfen buraya bak\u0131n\u0131z. LASEK (Laser Epithelial Keratomileusis)LASEK i\u015flemi, PRK ile LASIK aras\u0131nda bir y\u00f6ntem olarak d\u00fc\u015f\u00fcn\u00fclebilir. G\u00f6ze nispeten d\u00fc\u015f\u00fck k\u0131rma kusuru olan (miyopi ve astigmatizmde 4 diyoptri, hipermetropide 3,5 diyoptri) ve korneas\u0131 LASIK ile tedavi edilemeyecek kadar ince olan g\u00f6zlerde uygulanabilir. LASIK\u2019in aksine, bu y\u00f6ntemde kornean\u0131n arka y\u00fcz\u00fc de\u011fil \u00f6n y\u00fcz\u00fc tedavi edilir. Bununla birlikte, tedavi \u00f6ncesinde korneadan alkol \u00e7\u00f6zeltisi ile bir flap kald\u0131r\u0131l\u0131r ve i\u015flem sonras\u0131nda eski yerine konur; burada kendi kendine sabitlenir. Lens Y\u00f6ntemleriKorneal y\u00f6ntem, y\u00fcksek k\u0131rma kusurlar\u0131nda do\u011fal bir s\u0131n\u0131ra ula\u015f\u0131r ve bu s\u0131n\u0131r a\u015f\u0131lmamal\u0131d\u0131r. Miyopide bu s\u0131n\u0131r yakla\u015f\u0131k -10 diyoptri, hipermetropide ise +4 diyoptridir. Bu y\u00f6ntem ayn\u0131 zamanda ya\u015fa ba\u011fl\u0131 yak\u0131n g\u00f6r\u00fc\u015f kayb\u0131 (presbiyopi) i\u00e7in de uygulan\u0131r. Daha fazla bilgi i\u00e7in l\u00fctfen buraya t\u0131klay\u0131n.<\/p>\n","protected":false},"author":4,"featured_media":0,"parent":3999,"menu_order":0,"comment_status":"closed","ping_status":"closed","template":"","meta":{"_joinchat":[],"footnotes":""},"class_list":["post-4008","page","type-page","status-publish","hentry"],"acf":[],"_links":{"self":[{"href":"https:\/\/medicaltravel.at\/tr\/wp-json\/wp\/v2\/pages\/4008","targetHints":{"allow":["GET"]}}],"collection":[{"href":"https:\/\/medicaltravel.at\/tr\/wp-json\/wp\/v2\/pages"}],"about":[{"href":"https:\/\/medicaltravel.at\/tr\/wp-json\/wp\/v2\/types\/page"}],"author":[{"embeddable":true,"href":"https:\/\/medicaltravel.at\/tr\/wp-json\/wp\/v2\/users\/4"}],"replies":[{"embeddable":true,"href":"https:\/\/medicaltravel.at\/tr\/wp-json\/wp\/v2\/comments?post=4008"}],"version-history":[{"count":9,"href":"https:\/\/medicaltravel.at\/tr\/wp-json\/wp\/v2\/pages\/4008\/revisions"}],"predecessor-version":[{"id":5498,"href":"https:\/\/medicaltravel.at\/tr\/wp-json\/wp\/v2\/pages\/4008\/revisions\/5498"}],"up":[{"embeddable":true,"href":"https:\/\/medicaltravel.at\/tr\/wp-json\/wp\/v2\/pages\/3999"}],"wp:attachment":[{"href":"https:\/\/medicaltravel.at\/tr\/wp-json\/wp\/v2\/media?parent=4008"}],"curies":[{"name":"wp","href":"https:\/\/api.w.org\/{rel}","templated":true}]}}