{"id":3987,"date":"2025-09-27T14:39:58","date_gmt":"2025-09-27T13:39:58","guid":{"rendered":"https:\/\/medicaltravel.at\/istanbul-tuerkiyede-goez-ameliyatlari\/"},"modified":"2026-01-04T21:19:59","modified_gmt":"2026-01-04T20:19:59","slug":"istanbul-tuerkiyede-goez-ameliyatlari","status":"publish","type":"page","link":"https:\/\/medicaltravel.at\/tr\/istanbul-tuerkiyede-goez-ameliyatlari\/","title":{"rendered":"\u0130stanbul \u2013 T\u00fcrkiye\u2019de G\u00f6z Ameliyatlar\u0131"},"content":{"rendered":"\t\t<div data-elementor-type=\"wp-page\" data-elementor-id=\"3987\" class=\"elementor elementor-3987 elementor-807\" data-elementor-post-type=\"page\">\n\t\t\t\t<div class=\"elementor-element elementor-element-4a5eefd1 e-flex e-con-boxed wpr-particle-no wpr-jarallax-no wpr-parallax-no wpr-sticky-section-no e-con e-parent\" data-id=\"4a5eefd1\" data-element_type=\"container\" data-e-type=\"container\">\n\t\t\t\t\t<div class=\"e-con-inner\">\n\t\t<div class=\"elementor-element elementor-element-607a262 e-con-full e-flex wpr-particle-no wpr-jarallax-no wpr-parallax-no wpr-sticky-section-no e-con e-child\" data-id=\"607a262\" data-element_type=\"container\" data-e-type=\"container\">\n\t\t\t\t<div class=\"elementor-element elementor-element-1ec120b elementor-widget elementor-widget-button\" data-id=\"1ec120b\" data-element_type=\"widget\" data-e-type=\"widget\" data-widget_type=\"button.default\">\n\t\t\t\t\t\t\t\t\t\t<a class=\"elementor-button elementor-button-link elementor-size-sm\" href=\"https:\/\/medicaltravel.at\/tr\/relex-smile-lasik-tuerkiye-istanbul-antalya-izmir\/\">\n\t\t\t\t\t\t<span class=\"elementor-button-content-wrapper\">\n\t\t\t\t\t\t\t\t\t<span class=\"elementor-button-text\">ReLex Smile Lasik<\/span>\n\t\t\t\t\t<\/span>\n\t\t\t\t\t<\/a>\n\t\t\t\t\t\t\t\t<\/div>\n\t\t\t\t<div class=\"elementor-element elementor-element-91ce27d elementor-widget elementor-widget-button\" data-id=\"91ce27d\" data-element_type=\"widget\" data-e-type=\"widget\" data-widget_type=\"button.default\">\n\t\t\t\t\t\t\t\t\t\t<a class=\"elementor-button elementor-button-link elementor-size-sm\" href=\"https:\/\/medicaltravel.at\/tr\/istanbul-tuerkiyede-goez-ameliyatlari\/goez-lazeri-hakkinda-sorular\/\">\n\t\t\t\t\t\t<span class=\"elementor-button-content-wrapper\">\n\t\t\t\t\t\t\t\t\t<span class=\"elementor-button-text\">G\u00f6z Lazeri Hakk\u0131nda Sorular<\/span>\n\t\t\t\t\t<\/span>\n\t\t\t\t\t<\/a>\n\t\t\t\t\t\t\t\t<\/div>\n\t\t\t\t<div class=\"elementor-element elementor-element-81c0ca1 elementor-widget elementor-widget-button\" data-id=\"81c0ca1\" data-element_type=\"widget\" data-e-type=\"widget\" data-widget_type=\"button.default\">\n\t\t\t\t\t\t\t\t\t\t<a class=\"elementor-button elementor-button-link elementor-size-sm\" href=\"https:\/\/medicaltravel.at\/tr\/istanbul-tuerkiyede-goez-ameliyatlari\/goez-ile-ilgili-her-sey\/\">\n\t\t\t\t\t\t<span class=\"elementor-button-content-wrapper\">\n\t\t\t\t\t\t\t\t\t<span class=\"elementor-button-text\">G\u00f6z \u0130le \u0130lgili Her \u015eey<\/span>\n\t\t\t\t\t<\/span>\n\t\t\t\t\t<\/a>\n\t\t\t\t\t\t\t\t<\/div>\n\t\t\t\t<div class=\"elementor-element elementor-element-aa46917 elementor-widget elementor-widget-button\" data-id=\"aa46917\" data-element_type=\"widget\" data-e-type=\"widget\" data-widget_type=\"button.default\">\n\t\t\t\t\t\t\t\t\t\t<a class=\"elementor-button elementor-button-link elementor-size-sm\" href=\"https:\/\/medicaltravel.at\/tr\/istanbul-tuerkiyede-goez-ameliyatlari\/goez-lazeri-ameliyati\/tuerkiyede-goez-lazeri\/\">\n\t\t\t\t\t\t<span class=\"elementor-button-content-wrapper\">\n\t\t\t\t\t\t\t\t\t<span class=\"elementor-button-text\">G\u00f6z Lazeri Ameliyat\u0131<\/span>\n\t\t\t\t\t<\/span>\n\t\t\t\t\t<\/a>\n\t\t\t\t\t\t\t\t<\/div>\n\t\t\t\t<div class=\"elementor-element elementor-element-ea47838 elementor-widget elementor-widget-button\" data-id=\"ea47838\" data-element_type=\"widget\" data-e-type=\"widget\" data-widget_type=\"button.default\">\n\t\t\t\t\t\t\t\t\t\t<a class=\"elementor-button elementor-button-link elementor-size-sm\" href=\"https:\/\/medicaltravel.at\/tr\/augenlaser-lasik\/istanbulda-lasik\/istanbulda-lasik\/\">\n\t\t\t\t\t\t<span class=\"elementor-button-content-wrapper\">\n\t\t\t\t\t\t\t\t\t<span class=\"elementor-button-text\">G\u00f6z Lazeri-LASIK<\/span>\n\t\t\t\t\t<\/span>\n\t\t\t\t\t<\/a>\n\t\t\t\t\t\t\t\t<\/div>\n\t\t\t\t<\/div>\n\t\t\t\t<div class=\"elementor-element elementor-element-53a40ded elementor-widget elementor-widget-text-editor\" data-id=\"53a40ded\" data-element_type=\"widget\" data-e-type=\"widget\" data-widget_type=\"text-editor.default\">\n\t\t\t\t\t\t\t\t\t<h3 class=\"wp-block-heading\"><strong>T\u00fcrkiye\u2019de LASIK G\u00f6z Ameliyatlar\u0131<\/strong><span style=\"color: inherit; font-family: inherit; font-size: 1.5rem;\"> <\/span><\/h3><h5 class=\"wp-block-heading\"><strong>G\u00d6Z LAZER\u0130 \u2013 LASIK<br> <br><\/strong><\/h5><p><strong>Refraktif Cerrahi<br> <br><\/strong><\/p><p>Refraktif cerrahi, <strong>g\u00f6rme kusurlar\u0131n\u0131n cerrahi olarak d\u00fczeltilmesini <\/strong>ama\u00e7lar.<\/p><p>Bu g\u00f6z sa\u011fl\u0131\u011f\u0131 alan\u0131, geleneksel g\u00f6rme yard\u0131mc\u0131lar\u0131yla sorun ya\u015fayan ve karma\u015f\u0131k g\u00f6rme kusurlar\u0131 olan insanlara yard\u0131mc\u0131 olmaya uzmanla\u015fm\u0131\u015ft\u0131r.<\/p><p>Kornea veya lens \u00fczerinde yap\u0131lan cerrahi bir m\u00fcdahale ile, k\u0131rma hatas\u0131n\u0131n \u00f6yle d\u00fczeltilmesi hedeflenir ki \u0131\u015f\u0131k \u0131\u015f\u0131nlar\u0131 veya g\u00f6r\u00fcnt\u00fcler, ek optik yard\u0131ma gerek kalmadan retina \u00fczerinde net bir \u015fekilde olu\u015fsun.<\/p><p><strong>Y\u00f6ntemlerin bir bak\u0131\u015fta \u00f6zeti<\/strong><\/p><p>Refraktif cerrahinin yenilik\u00e7i y\u00f6ntemleri <strong>uzun y\u0131llard\u0131r uygulanmakta<\/strong> olup, g\u00f6z sa\u011fl\u0131\u011f\u0131 alan\u0131nda yeni yakla\u015f\u0131mlar sunmu\u015ftur.<\/p><p>Lens ve kornea y\u00f6ntemleri olarak ayr\u0131l\u0131r:<\/p><figure class=\"wp-block-image aligncenter\"><img decoding=\"async\" class=\"wp-image-254\" title=\"LASIK Tedavi Y\u00f6ntemleri\" src=\"https:\/\/www.swisslasik.ch\/wp-content\/uploads\/sites\/13\/2019\/02\/tabelle_verfahren.gif\" alt=\"\"><\/figure><p><strong>Tedavi y\u00f6ntemlerinin bir bak\u0131\u015fta \u00f6zeti<\/strong><\/p><figure class=\"wp-block-table\"><table class=\"has-fixed-layout\"><tbody><tr><th>Uygulama<\/th> <th>Yak\u0131n\u0131 G\u00f6rememe<\/th> <th>Uza\u011f\u0131 net g\u00f6rememe<\/th> <th>K\u0131rma kusuru <\/th><th>Ya\u015fa ba\u011fl\u0131 yak\u0131n g\u00f6r\u00fc\u015f kayb\u0131<\/th><\/tr><tr><td><em>Kornea Uygulamas\u0131<\/em><\/td><td> <\/td><td> <\/td><td> <\/td><td> <\/td><\/tr><tr><td>Femto\/I-LASIK<\/td> <td>Yakla\u015f\u0131k -12 dpt\u2019ye kadar*<\/td> <td>Yakla\u015f\u0131k +5 dpt\u2019ye kadar<\/td> <td>Yakla\u015f\u0131k 4,5 dpt\u2019ye kadar<\/td><td>\u2013<\/td><\/tr><tr><td>LASEK\/PRK<\/td> <td>Yakla\u015f\u0131k -8 dpt\u2019ye kadar<\/td> <td>Yakla\u015f\u0131k +3 dpt\u2019ye kadar <\/td><td>Yakla\u015f\u0131k 3 dpt\u2019ye kadar<\/td><td>\u2013<\/td><\/tr><tr><td><a href=\"https:\/\/medicaltravel.at\/tr\/relex-smile-lasik-tuerkiye-istanbul-antalya-izmir\/\" data-type=\"page\" data-id=\"809\">ReLex Smile LASIK<\/a><\/td> <td>Yakla\u015f\u0131k \u221210\u202fdpt\u2019ye kadar<\/td> <td>M\u00fcmk\u00fcn de\u011fil<\/td> <td>Yakla\u015f\u0131k \u22125\u202fdpt\u2019ye kadar<\/td> <td>\u2013<\/td><\/tr><tr><td>Supracor<\/td><td> <\/td><td>Evet<\/td><td> <\/td><td>Evet<\/td><\/tr><tr><td><em>Lens Uygulamas\u0131<\/em><\/td><td> <\/td><td> <\/td><td> <\/td><td> <\/td><td> <\/td><\/tr><tr><td><a href=\"https:\/\/medicaltravel.at\/tr\/goez-ici-lens-implantasyonu\/\" data-type=\"page\" data-id=\"821\">IOL<\/a><\/td><td>\u221225\u202fdpt\u2019ye kadar<\/td> <td>+13\u202fdpt\u2019ye kadar<\/td> <td>T\u00fcm de\u011ferler<\/td> <td>\u2013<\/td><\/tr><tr><td><a href=\"https:\/\/medicaltravel.at\/tr\/multifokal-lens-implantasyonu\/\" data-type=\"page\" data-id=\"823\">Multifokal Lensler<\/a><\/td> <td>25\u202fdpt\u2019ye kadar<\/td> <td>+13\u202fdpt\u2019ye kadar<\/td> <td>T\u00fcm de\u011ferler<\/td> <td>Evet<\/td><\/tr><\/tbody><\/table><\/figure><p><strong>Kornea Y\u00f6ntemleri (Eksimer Lazer teknolojisi)<\/strong><\/p><p>Eksimer\u201d terimi, \u0130ngilizce \u201cexcited dimer\u201d (uyar\u0131lm\u0131\u015f dimer) kelimesinden gelmektedir. Bu, so\u011fuk \u0131\u015f\u0131k lazerinin h\u00fccreler \u00fczerindeki etkisine at\u0131fta bulunur. T\u0131pta lazerler, \u00e7ok \u00e7e\u015fitli alanlarda uygulanmaktad\u0131r.  <\/p><p>1980\u2019lerin ba\u015f\u0131ndan beri eksimer lazer g\u00f6z cerrahisinde kullan\u0131lmaktad\u0131r. Eksimer lazer, miyopi, hipermetropi ve astigmatizmin tedavisinde uygulan\u0131r. Bunun avantaj\u0131, tedavi s\u00fcresinin minimuma indirilmesidir.  <\/p><p>Eksimer lazer ile iki farkl\u0131 y\u00f6ntem uygulan\u0131r:<\/p><ol class=\"wp-block-list\"><li><a href=\"https:\/\/medicaltravel.at\/tr\/istanbul-tuerkiyede-goez-ameliyatlari\/goez-lazeri-ameliyati\/tuerkiyede-goez-lazeri\/\" data-type=\"page\" data-id=\"819\"><strong>LASIK <\/strong><\/a>= Yerinde lazer keratomileusis y\u00f6ntemi (Standart \/ Femto-Intralase \/ ReLEx Smile)<\/li><li>LASEK\/PRK = Lazer (Alt)epitelyal Keratektomi<\/li><\/ol><p><strong>G\u00fcn\u00fcm\u00fczde neredeyse t\u00fcm tedaviler I-LASIK veya <a href=\"https:\/\/medicaltravel.at\/tr\/relex-smile-lasik-tuerkiye-istanbul-antalya-izmir\/\" data-type=\"page\" data-id=\"809\">ReLex Smile<\/a> LASIK ile yap\u0131lmaktad\u0131r.<\/strong><\/p><p>Daha <strong><a href=\"https:\/\/medicaltravel.at\/tr\/istanbul-tuerkiyede-goez-ameliyatlari\/goez-lazeri-ameliyati\/tuerkiyede-goez-lazeri\/\" data-type=\"page\" data-id=\"819\">fazla bilgiyi buradan bulabilirsiniz.<\/a><\/strong><\/p><p><strong>Lens Y\u00f6ntemleri<\/strong><br>Lens cerrahisi y\u00f6ntemleri \u00f6zellikle <strong>\u00e7ok y\u00fcksek g\u00f6rme kusurlar\u0131nda<\/strong> kullan\u0131l\u0131r; \u00e7\u00fcnk\u00fc yaln\u0131zca kornean\u0131n k\u0131rma g\u00fcc\u00fcn\u00fc de\u011fi\u015ftirmekle tam d\u00fczeltme m\u00fcmk\u00fcn de\u011fildir. Ayr\u0131ca ya\u015fa ba\u011fl\u0131 g\u00f6rme kayb\u0131n\u0131n (presbiyopi) d\u00fczeltilmesinde de bu y\u00f6ntem uygulan\u0131r. <\/p><p>Lens implantasyonu alan\u0131ndaki deneyimler neredeyse 50 y\u0131l\u0131 kapsamaktad\u0131r: \u0130lk yapay lensler, g\u00f6rme kusurlar\u0131n\u0131 d\u00fczeltmek amac\u0131yla 1950\u2019li y\u0131llarda kullan\u0131lmaya ba\u015flanm\u0131\u015ft\u0131r. Bir <strong><a href=\"https:\/\/medicaltravel.at\/tr\/goez-ici-lens-implantasyonu\/\" data-type=\"page\" data-id=\"821\">g\u00f6z i\u00e7i lensi (IOL lens<\/a><\/strong>) veya ya\u015fa ba\u011fl\u0131 g\u00f6rme kayb\u0131n\u0131 d\u00fczeltmek i\u00e7in <a href=\"https:\/\/medicaltravel.at\/tr\/multifokal-lens-implantasyonu\/\" data-type=\"page\" data-id=\"823\"><strong>multifokal (tri-fokal) lensler<\/strong><\/a> yerle\u015ftirilebilir. <\/p>\t\t\t\t\t\t\t\t<\/div>\n\t\t\t\t\t<\/div>\n\t\t\t\t<\/div>\n\t\t\t\t<\/div>\n\t\t","protected":false},"excerpt":{"rendered":"<p>ReLex Smile Lasik G\u00f6z Lazeri Hakk\u0131nda Sorular G\u00f6z \u0130le \u0130lgili Her \u015eey G\u00f6z Lazeri Ameliyat\u0131 G\u00f6z Lazeri-LASIK T\u00fcrkiye\u2019de LASIK G\u00f6z Ameliyatlar\u0131 G\u00d6Z LAZER\u0130 \u2013 LASIK Refraktif Cerrahi Refraktif cerrahi, g\u00f6rme kusurlar\u0131n\u0131n cerrahi olarak d\u00fczeltilmesini ama\u00e7lar. Bu g\u00f6z sa\u011fl\u0131\u011f\u0131 alan\u0131, geleneksel g\u00f6rme yard\u0131mc\u0131lar\u0131yla sorun ya\u015fayan ve karma\u015f\u0131k g\u00f6rme kusurlar\u0131 olan insanlara yard\u0131mc\u0131 olmaya uzmanla\u015fm\u0131\u015ft\u0131r. Kornea veya lens \u00fczerinde yap\u0131lan cerrahi bir m\u00fcdahale ile, k\u0131rma hatas\u0131n\u0131n \u00f6yle d\u00fczeltilmesi hedeflenir ki \u0131\u015f\u0131k \u0131\u015f\u0131nlar\u0131 veya g\u00f6r\u00fcnt\u00fcler, ek optik yard\u0131ma gerek kalmadan retina \u00fczerinde net bir \u015fekilde olu\u015fsun. Y\u00f6ntemlerin bir bak\u0131\u015fta \u00f6zeti Refraktif cerrahinin yenilik\u00e7i y\u00f6ntemleri uzun y\u0131llard\u0131r uygulanmakta olup, g\u00f6z sa\u011fl\u0131\u011f\u0131 alan\u0131nda yeni yakla\u015f\u0131mlar sunmu\u015ftur. Lens ve kornea y\u00f6ntemleri olarak ayr\u0131l\u0131r: Tedavi y\u00f6ntemlerinin bir bak\u0131\u015fta \u00f6zeti Uygulama Yak\u0131n\u0131 G\u00f6rememe Uza\u011f\u0131 net g\u00f6rememe K\u0131rma kusuru Ya\u015fa ba\u011fl\u0131 yak\u0131n g\u00f6r\u00fc\u015f kayb\u0131 Kornea Uygulamas\u0131 Femto\/I-LASIK Yakla\u015f\u0131k -12 dpt\u2019ye kadar* Yakla\u015f\u0131k +5 dpt\u2019ye kadar Yakla\u015f\u0131k 4,5 dpt\u2019ye kadar \u2013 LASEK\/PRK Yakla\u015f\u0131k -8 dpt\u2019ye kadar Yakla\u015f\u0131k +3 dpt\u2019ye kadar Yakla\u015f\u0131k 3 dpt\u2019ye kadar \u2013 ReLex Smile LASIK Yakla\u015f\u0131k \u221210\u202fdpt\u2019ye kadar M\u00fcmk\u00fcn de\u011fil Yakla\u015f\u0131k \u22125\u202fdpt\u2019ye kadar \u2013 Supracor Evet Evet Lens Uygulamas\u0131 IOL \u221225\u202fdpt\u2019ye kadar +13\u202fdpt\u2019ye kadar T\u00fcm de\u011ferler \u2013 Multifokal Lensler 25\u202fdpt\u2019ye kadar +13\u202fdpt\u2019ye kadar T\u00fcm de\u011ferler Evet Kornea Y\u00f6ntemleri (Eksimer Lazer teknolojisi) Eksimer\u201d terimi, \u0130ngilizce \u201cexcited dimer\u201d (uyar\u0131lm\u0131\u015f dimer) kelimesinden gelmektedir. Bu, so\u011fuk \u0131\u015f\u0131k lazerinin h\u00fccreler \u00fczerindeki etkisine at\u0131fta bulunur. T\u0131pta lazerler, \u00e7ok \u00e7e\u015fitli alanlarda uygulanmaktad\u0131r. 1980\u2019lerin ba\u015f\u0131ndan beri eksimer lazer g\u00f6z cerrahisinde kullan\u0131lmaktad\u0131r. Eksimer lazer, miyopi, hipermetropi ve astigmatizmin tedavisinde uygulan\u0131r. Bunun avantaj\u0131, tedavi s\u00fcresinin minimuma indirilmesidir. Eksimer lazer ile iki farkl\u0131 y\u00f6ntem uygulan\u0131r: LASIK = Yerinde lazer keratomileusis y\u00f6ntemi (Standart \/ Femto-Intralase \/ ReLEx Smile) LASEK\/PRK = Lazer (Alt)epitelyal Keratektomi G\u00fcn\u00fcm\u00fczde neredeyse t\u00fcm tedaviler I-LASIK veya ReLex Smile LASIK ile yap\u0131lmaktad\u0131r. Daha fazla bilgiyi buradan bulabilirsiniz. Lens Y\u00f6ntemleriLens cerrahisi y\u00f6ntemleri \u00f6zellikle \u00e7ok y\u00fcksek g\u00f6rme kusurlar\u0131nda kullan\u0131l\u0131r; \u00e7\u00fcnk\u00fc yaln\u0131zca kornean\u0131n k\u0131rma g\u00fcc\u00fcn\u00fc de\u011fi\u015ftirmekle tam d\u00fczeltme m\u00fcmk\u00fcn de\u011fildir. Ayr\u0131ca ya\u015fa ba\u011fl\u0131 g\u00f6rme kayb\u0131n\u0131n (presbiyopi) d\u00fczeltilmesinde de bu y\u00f6ntem uygulan\u0131r. Lens implantasyonu alan\u0131ndaki deneyimler neredeyse 50 y\u0131l\u0131 kapsamaktad\u0131r: \u0130lk yapay lensler, g\u00f6rme kusurlar\u0131n\u0131 d\u00fczeltmek amac\u0131yla 1950\u2019li y\u0131llarda kullan\u0131lmaya ba\u015flanm\u0131\u015ft\u0131r. Bir g\u00f6z i\u00e7i lensi (IOL lens) veya ya\u015fa ba\u011fl\u0131 g\u00f6rme kayb\u0131n\u0131 d\u00fczeltmek i\u00e7in multifokal (tri-fokal) lensler yerle\u015ftirilebilir.<\/p>\n","protected":false},"author":4,"featured_media":0,"parent":0,"menu_order":0,"comment_status":"closed","ping_status":"closed","template":"","meta":{"_joinchat":[],"footnotes":""},"class_list":["post-3987","page","type-page","status-publish","hentry"],"acf":[],"_links":{"self":[{"href":"https:\/\/medicaltravel.at\/tr\/wp-json\/wp\/v2\/pages\/3987","targetHints":{"allow":["GET"]}}],"collection":[{"href":"https:\/\/medicaltravel.at\/tr\/wp-json\/wp\/v2\/pages"}],"about":[{"href":"https:\/\/medicaltravel.at\/tr\/wp-json\/wp\/v2\/types\/page"}],"author":[{"embeddable":true,"href":"https:\/\/medicaltravel.at\/tr\/wp-json\/wp\/v2\/users\/4"}],"replies":[{"embeddable":true,"href":"https:\/\/medicaltravel.at\/tr\/wp-json\/wp\/v2\/comments?post=3987"}],"version-history":[{"count":17,"href":"https:\/\/medicaltravel.at\/tr\/wp-json\/wp\/v2\/pages\/3987\/revisions"}],"predecessor-version":[{"id":5494,"href":"https:\/\/medicaltravel.at\/tr\/wp-json\/wp\/v2\/pages\/3987\/revisions\/5494"}],"wp:attachment":[{"href":"https:\/\/medicaltravel.at\/tr\/wp-json\/wp\/v2\/media?parent=3987"}],"curies":[{"name":"wp","href":"https:\/\/api.w.org\/{rel}","templated":true}]}}