{"id":3972,"date":"2025-09-27T14:55:51","date_gmt":"2025-09-27T13:55:51","guid":{"rendered":"https:\/\/medicaltravel.at\/goez-ici-lens-implantasyonu\/"},"modified":"2025-12-26T18:33:42","modified_gmt":"2025-12-26T17:33:42","slug":"goez-ici-lens-implantasyonu","status":"publish","type":"page","link":"https:\/\/medicaltravel.at\/tr\/goez-ici-lens-implantasyonu\/","title":{"rendered":"G\u00f6z \u0130\u00e7i Lens \u0130mplantasyonu<br> <br>"},"content":{"rendered":"\t\t<div data-elementor-type=\"wp-page\" data-elementor-id=\"3972\" class=\"elementor elementor-3972 elementor-821\" data-elementor-post-type=\"page\">\n\t\t\t\t<div class=\"elementor-element elementor-element-2cf69ac1 e-flex e-con-boxed wpr-particle-no wpr-jarallax-no wpr-parallax-no wpr-sticky-section-no e-con e-parent\" data-id=\"2cf69ac1\" data-element_type=\"container\" data-e-type=\"container\">\n\t\t\t\t\t<div class=\"e-con-inner\">\n\t\t<div class=\"elementor-element elementor-element-84bff6f e-con-full e-flex wpr-particle-no wpr-jarallax-no wpr-parallax-no wpr-sticky-section-no e-con e-child\" data-id=\"84bff6f\" data-element_type=\"container\" data-e-type=\"container\">\n\t\t\t\t<div class=\"elementor-element elementor-element-267b390 elementor-widget elementor-widget-button\" data-id=\"267b390\" data-element_type=\"widget\" data-e-type=\"widget\" data-widget_type=\"button.default\">\n\t\t\t\t\t\t\t\t\t\t<a class=\"elementor-button elementor-button-link elementor-size-sm\" href=\"https:\/\/medicaltravel.at\/tr\/istanbul-tuerkiyede-goez-ameliyatlari\/goez-lazeri-ameliyati\/tuerkiyede-goez-lazeri\/\">\n\t\t\t\t\t\t<span class=\"elementor-button-content-wrapper\">\n\t\t\t\t\t\t\t\t\t<span class=\"elementor-button-text\">G\u00f6z Lazeri Ameliyat\u0131<\/span>\n\t\t\t\t\t<\/span>\n\t\t\t\t\t<\/a>\n\t\t\t\t\t\t\t\t<\/div>\n\t\t\t\t<div class=\"elementor-element elementor-element-d53fcce elementor-widget elementor-widget-button\" data-id=\"d53fcce\" data-element_type=\"widget\" data-e-type=\"widget\" data-widget_type=\"button.default\">\n\t\t\t\t\t\t\t\t\t\t<a class=\"elementor-button elementor-button-link elementor-size-sm\" href=\"https:\/\/medicaltravel.at\/relex-smile-lasik-istanbul-tuerkei\/\">\n\t\t\t\t\t\t<span class=\"elementor-button-content-wrapper\">\n\t\t\t\t\t\t\t\t\t<span class=\"elementor-button-text\">ReLex Smile LASIK<\/span>\n\t\t\t\t\t<\/span>\n\t\t\t\t\t<\/a>\n\t\t\t\t\t\t\t\t<\/div>\n\t\t\t\t<div class=\"elementor-element elementor-element-7ec3671 elementor-widget elementor-widget-button\" data-id=\"7ec3671\" data-element_type=\"widget\" data-e-type=\"widget\" data-widget_type=\"button.default\">\n\t\t\t\t\t\t\t\t\t\t<a class=\"elementor-button elementor-button-link elementor-size-sm\" href=\"https:\/\/medicaltravel.at\/tr\/goez-ici-lens-implantasyonu\/\">\n\t\t\t\t\t\t<span class=\"elementor-button-content-wrapper\">\n\t\t\t\t\t\t\t\t\t<span class=\"elementor-button-text\">G\u00f6z \u0130\u00e7i Lens \u0130mplantasyonu<br><br><\/span>\n\t\t\t\t\t<\/span>\n\t\t\t\t\t<\/a>\n\t\t\t\t\t\t\t\t<\/div>\n\t\t\t\t<div class=\"elementor-element elementor-element-fd20aea elementor-widget elementor-widget-button\" data-id=\"fd20aea\" data-element_type=\"widget\" data-e-type=\"widget\" data-widget_type=\"button.default\">\n\t\t\t\t\t\t\t\t\t\t<a class=\"elementor-button elementor-button-link elementor-size-sm\" href=\"https:\/\/medicaltravel.at\/multifokallinsenimplantation-istanbul-tuerkei\/\">\n\t\t\t\t\t\t<span class=\"elementor-button-content-wrapper\">\n\t\t\t\t\t\t\t\t\t<span class=\"elementor-button-text\">Multifokal Lensler<\/span>\n\t\t\t\t\t<\/span>\n\t\t\t\t\t<\/a>\n\t\t\t\t\t\t\t\t<\/div>\n\t\t\t\t<div class=\"elementor-element elementor-element-bd9d787 elementor-widget elementor-widget-button\" data-id=\"bd9d787\" data-element_type=\"widget\" data-e-type=\"widget\" data-widget_type=\"button.default\">\n\t\t\t\t\t\t\t\t\t\t<a class=\"elementor-button elementor-button-link elementor-size-sm\" href=\"https:\/\/medicaltravel.at\/tr\/istanbul-tuerkiyede-goez-ameliyatlari\/goez-lazeri-ameliyati\/kimler-icin-uygundur\/\">\n\t\t\t\t\t\t<span class=\"elementor-button-content-wrapper\">\n\t\t\t\t\t\t\t\t\t<span class=\"elementor-button-text\">Kimler i\u00e7in uygundur?<\/span>\n\t\t\t\t\t<\/span>\n\t\t\t\t\t<\/a>\n\t\t\t\t\t\t\t\t<\/div>\n\t\t\t\t<div class=\"elementor-element elementor-element-d213112 elementor-widget elementor-widget-button\" data-id=\"d213112\" data-element_type=\"widget\" data-e-type=\"widget\" data-widget_type=\"button.default\">\n\t\t\t\t\t\t\t\t\t\t<a class=\"elementor-button elementor-button-link elementor-size-sm\" href=\"https:\/\/medicaltravel.at\/tr\/istanbul-tuerkiyede-goez-ameliyatlari\/goez-lazeri-ameliyati\/ameliyat-suereci\/\">\n\t\t\t\t\t\t<span class=\"elementor-button-content-wrapper\">\n\t\t\t\t\t\t\t\t\t<span class=\"elementor-button-text\">Ameliyat S\u00fcreci<\/span>\n\t\t\t\t\t<\/span>\n\t\t\t\t\t<\/a>\n\t\t\t\t\t\t\t\t<\/div>\n\t\t\t\t<div class=\"elementor-element elementor-element-a908818 elementor-widget elementor-widget-button\" data-id=\"a908818\" data-element_type=\"widget\" data-e-type=\"widget\" data-widget_type=\"button.default\">\n\t\t\t\t\t\t\t\t\t\t<a class=\"elementor-button elementor-button-link elementor-size-sm\" href=\"https:\/\/medicaltravel.at\/tr\/istanbul-tuerkiyede-goez-ameliyatlari\/goez-lazeri-ameliyati\/riskler\/\">\n\t\t\t\t\t\t<span class=\"elementor-button-content-wrapper\">\n\t\t\t\t\t\t\t\t\t<span class=\"elementor-button-text\">Riskler<\/span>\n\t\t\t\t\t<\/span>\n\t\t\t\t\t<\/a>\n\t\t\t\t\t\t\t\t<\/div>\n\t\t\t\t<\/div>\n\t\t\t\t<div class=\"elementor-element elementor-element-7ca125c9 elementor-widget elementor-widget-text-editor\" data-id=\"7ca125c9\" data-element_type=\"widget\" data-e-type=\"widget\" data-widget_type=\"text-editor.default\">\n\t\t\t\t\t\t\t\t\t\n<h2 class=\"wp-block-heading\">G\u00f6z \u0130\u00e7i Lens \u0130mplantasyonlar\u0131 \u0130stanbul \u2013 T\u00fcrkiye<\/h2>\n\n<p><strong>G\u00f6z \u0130\u00e7i Lens \u0130mplantlar\u0131<\/strong><\/p>\n\n<p>Kornea (g\u00f6z\u00fcn saydam tabakas\u0131) y\u00f6ntemi, y\u00fcksek dereceli k\u0131rma kusurlar\u0131nda a\u015f\u0131lmamas\u0131 gereken do\u011fal bir s\u0131n\u0131ra ula\u015f\u0131r. Miyopide bu s\u0131n\u0131r yakla\u015f\u0131k -10 diyoptri, hipermetropide ise +4 diyoptri civar\u0131ndad\u0131r. Bu y\u00f6ntem presbiyopi (ya\u015fa ba\u011fl\u0131 g\u00f6rme bozuklu\u011fu) i\u00e7in de uygulanmaktad\u0131r.  <\/p>\n\n<p>Bu y\u00f6ntem 2 alana \/ iki b\u00f6l\u00fcme ayr\u0131l\u0131r:<\/p>\n\n<ul class=\"wp-block-list\">\n<li>G\u00f6z \u0130\u00e7i Lensler (Fakik G\u0130L)<br><br><\/li>\n\n<li>Ya\u015fa ba\u011fl\u0131 g\u00f6rme bozuklu\u011funda \u00e7ok odakl\u0131 (\u00fc\u00e7-odakl\u0131) lensler<\/li>\n\n<li><strong>G\u00f6z \u0130\u00e7i Lensler<\/strong><br>G\u00f6ze yerle\u015ftirilen intraok\u00fcler lensler sayesinde, y\u00fcksek derecede miyopi veya hipermetropisi bulunan ancak korneas\u0131 \u00e7ok ince oldu\u011fu i\u00e7in lazer m\u00fcdahalesine uygun olmayan g\u00f6zlerde g\u00f6rme kusuru <strong>FAK\u0130K-IOL<\/strong> ameliyat\u0131 ile d\u00fczeltilebilir; ayr\u0131ca y\u00fcksek dereceli kornea astigmatlar\u0131nda <strong>torik ICL lens implantasyonlar<\/strong>\u0131 da uygulanmakta olup, korneadaki olas\u0131 kusurlar\u0131n d\u00fczeltilmesi amac\u0131yla LASIK operasyonu ile birlikte uyguland\u0131\u011f\u0131nda miyopide 7 ile 25 diyoptri, hipermetropide ise 5 ile 13 diyoptri aras\u0131ndaki k\u0131rma kusurlar\u0131 d\u00fczeltilebilmektedir. <\/li>\n\n<li>\n<ul class=\"wp-block-list\">\n<li><strong>Uygulama Alan\u0131<\/strong><\/li>\n<\/ul>\n<\/li>\n<\/ul>\n\n<p>FAK\u0130K-IOL ameliyat\u0131, 18 ya\u015f\u0131ndan b\u00fcy\u00fck olan ve glokom (artm\u0131\u015f g\u00f6z i\u00e7i bas\u0131nc\u0131), belirli retina hastal\u0131klar\u0131 veya katarakt ve glokom gibi g\u00f6z hastal\u0131klar\u0131 bulunan hastalarda uygulanabilir. Bu ameliyat\u0131n yap\u0131labilir olup olmad\u0131\u011f\u0131na ise, g\u00f6rme kusurunun derecesi, karanl\u0131kta pupil a\u00e7\u0131kl\u0131\u011f\u0131 ve kornean\u0131n ayr\u0131nt\u0131l\u0131 yap\u0131s\u0131 gibi detaylar\u0131n belirlendi\u011fi kapsaml\u0131 \u00f6n muayeneler sonras\u0131nda karar verilebilir. <\/p>\n\n<ul class=\"wp-block-list\">\n<li>\n<ul class=\"wp-block-list\">\n<li><strong>Operasyon<\/strong><\/li>\n<\/ul>\n<\/li>\n<\/ul>\n\n<p>FAK\u0130K-IOL ameliyat\u0131, y\u00fcksek derecede miyopi veya hipermetropisi olan hastalarda g\u00fcvenli sonu\u00e7lar verir. G\u00f6z klini\u011fimizde bu i\u015flem i\u00e7in yaln\u0131zca en kaliteli yapay g\u00f6z i\u00e7i lensler kullan\u0131lmaktad\u0131r. Ameliyatla g\u00f6ze yerle\u015ftirilen yapay lens, \u00f6m\u00fcr boyu hem uyumlulu\u011funu hem de optik \u00f6zelliklerini korur. Yapay lens ameliyattan sonra ne \u00fc\u00e7\u00fcnc\u00fc ki\u015filer taraf\u0131ndan fark edilir ne de hasta taraf\u0131ndan yabanc\u0131 bir cisim olarak hissedilir.   <\/p>\n\n<ul class=\"wp-block-list\">\n<li><strong>Ya\u015fa Ba\u011fl\u0131 G\u00f6rme Bozuklu\u011funda \u00c7ok Odakl\u0131 Lensler<\/strong><br>Temel olarak bu yapay lensle, g\u00f6z\u00fcn yak\u0131n mesafelere odaklanma yetene\u011fini kaybetti\u011fi ya\u015fa ba\u011fl\u0131 g\u00f6rme bozuklu\u011fu (presbiyopi) d\u00fczeltilir. \u00c7ok odakl\u0131 lenslerde farkl\u0131 geni\u015flikteki konsantrik halkalar \u201c\u00fcst \u00fcste\u201d yerle\u015ftirilir. B\u00f6ylece \u00e7e\u015fitli g\u00f6r\u00fc\u015f alanlar\u0131 veya odak uzakl\u0131klar\u0131 olu\u015fur ve g\u00f6z bilin\u00e7sizce do\u011fru g\u00f6r\u00fc\u015f alan\u0131n\u0131 se\u00e7er. \u00c7ok odakl\u0131 lensler uzun s\u00fcredir kullan\u0131lmaktad\u0131r; son birka\u00e7 on y\u0131lda bu alanda yap\u0131lan b\u00fcy\u00fck ilerlemeler, bu t\u00fcr yapay lenslerle sa\u011flanan g\u00f6rme kalitesini \u00f6nemli \u00f6l\u00e7\u00fcde art\u0131rm\u0131\u015ft\u0131r.   Daha fazla bilgi i\u00e7in l\u00fctfen <a href=\"https:\/\/medicaltravel.at\/home\/multifokallinsenimplantation-istanbul-tuerkei\/\" data-type=\"page\" data-id=\"823\">buraya<\/a> t\u0131klay\u0131n.<\/li>\n<\/ul>\n\n<p>Daha fazla bilgi i\u00e7in bug\u00fcn bize <a href=\"https:\/\/www.medicaltravel.at\/kontakt\/\">e-posta <\/a>ile veya <a href=\"https:\/\/web.whatsapp.com\/send?phone=41%2078%20737%2035%2041&amp;text=&amp;source=&amp;data=\" target=\"_blank\" rel=\"noreferrer noopener\">WhatsApp \u00fczerinden (0041 787373541) <\/a>yazabilirsiniz.<\/p>\n\t\t\t\t\t\t\t\t<\/div>\n\t\t\t\t\t<\/div>\n\t\t\t\t<\/div>\n\t\t\t\t<\/div>\n\t\t","protected":false},"excerpt":{"rendered":"<p>G\u00f6z Lazeri Ameliyat\u0131 ReLex Smile LASIK G\u00f6z \u0130\u00e7i Lens \u0130mplantasyonu Multifokal Lensler Kimler i\u00e7in uygundur? Ameliyat S\u00fcreci Riskler G\u00f6z \u0130\u00e7i Lens \u0130mplantasyonlar\u0131 \u0130stanbul \u2013 T\u00fcrkiye G\u00f6z \u0130\u00e7i Lens \u0130mplantlar\u0131 Kornea (g\u00f6z\u00fcn saydam tabakas\u0131) y\u00f6ntemi, y\u00fcksek dereceli k\u0131rma kusurlar\u0131nda a\u015f\u0131lmamas\u0131 gereken do\u011fal bir s\u0131n\u0131ra ula\u015f\u0131r. Miyopide bu s\u0131n\u0131r yakla\u015f\u0131k -10 diyoptri, hipermetropide ise +4 diyoptri civar\u0131ndad\u0131r. Bu y\u00f6ntem presbiyopi (ya\u015fa ba\u011fl\u0131 g\u00f6rme bozuklu\u011fu) i\u00e7in de uygulanmaktad\u0131r. Bu y\u00f6ntem 2 alana \/ iki b\u00f6l\u00fcme ayr\u0131l\u0131r: G\u00f6z \u0130\u00e7i Lensler (Fakik G\u0130L) Ya\u015fa ba\u011fl\u0131 g\u00f6rme bozuklu\u011funda \u00e7ok odakl\u0131 (\u00fc\u00e7-odakl\u0131) lensler G\u00f6z \u0130\u00e7i LenslerG\u00f6ze yerle\u015ftirilen intraok\u00fcler lensler sayesinde, y\u00fcksek derecede miyopi veya hipermetropisi bulunan ancak korneas\u0131 \u00e7ok ince oldu\u011fu i\u00e7in lazer m\u00fcdahalesine uygun olmayan g\u00f6zlerde g\u00f6rme kusuru FAK\u0130K-IOL ameliyat\u0131 ile d\u00fczeltilebilir; ayr\u0131ca y\u00fcksek dereceli kornea astigmatlar\u0131nda torik ICL lens implantasyonlar\u0131 da uygulanmakta olup, korneadaki olas\u0131 kusurlar\u0131n d\u00fczeltilmesi amac\u0131yla LASIK operasyonu ile birlikte uyguland\u0131\u011f\u0131nda miyopide 7 ile 25 diyoptri, hipermetropide ise 5 ile 13 diyoptri aras\u0131ndaki k\u0131rma kusurlar\u0131 d\u00fczeltilebilmektedir. Uygulama Alan\u0131 FAK\u0130K-IOL ameliyat\u0131, 18 ya\u015f\u0131ndan b\u00fcy\u00fck olan ve glokom (artm\u0131\u015f g\u00f6z i\u00e7i bas\u0131nc\u0131), belirli retina hastal\u0131klar\u0131 veya katarakt ve glokom gibi g\u00f6z hastal\u0131klar\u0131 bulunan hastalarda uygulanabilir. Bu ameliyat\u0131n yap\u0131labilir olup olmad\u0131\u011f\u0131na ise, g\u00f6rme kusurunun derecesi, karanl\u0131kta pupil a\u00e7\u0131kl\u0131\u011f\u0131 ve kornean\u0131n ayr\u0131nt\u0131l\u0131 yap\u0131s\u0131 gibi detaylar\u0131n belirlendi\u011fi kapsaml\u0131 \u00f6n muayeneler sonras\u0131nda karar verilebilir. Operasyon FAK\u0130K-IOL ameliyat\u0131, y\u00fcksek derecede miyopi veya hipermetropisi olan hastalarda g\u00fcvenli sonu\u00e7lar verir. G\u00f6z klini\u011fimizde bu i\u015flem i\u00e7in yaln\u0131zca en kaliteli yapay g\u00f6z i\u00e7i lensler kullan\u0131lmaktad\u0131r. Ameliyatla g\u00f6ze yerle\u015ftirilen yapay lens, \u00f6m\u00fcr boyu hem uyumlulu\u011funu hem de optik \u00f6zelliklerini korur. Yapay lens ameliyattan sonra ne \u00fc\u00e7\u00fcnc\u00fc ki\u015filer taraf\u0131ndan fark edilir ne de hasta taraf\u0131ndan yabanc\u0131 bir cisim olarak hissedilir. Ya\u015fa Ba\u011fl\u0131 G\u00f6rme Bozuklu\u011funda \u00c7ok Odakl\u0131 LenslerTemel olarak bu yapay lensle, g\u00f6z\u00fcn yak\u0131n mesafelere odaklanma yetene\u011fini kaybetti\u011fi ya\u015fa ba\u011fl\u0131 g\u00f6rme bozuklu\u011fu (presbiyopi) d\u00fczeltilir. \u00c7ok odakl\u0131 lenslerde farkl\u0131 geni\u015flikteki konsantrik halkalar \u201c\u00fcst \u00fcste\u201d yerle\u015ftirilir. B\u00f6ylece \u00e7e\u015fitli g\u00f6r\u00fc\u015f alanlar\u0131 veya odak uzakl\u0131klar\u0131 olu\u015fur ve g\u00f6z bilin\u00e7sizce do\u011fru g\u00f6r\u00fc\u015f alan\u0131n\u0131 se\u00e7er. \u00c7ok odakl\u0131 lensler uzun s\u00fcredir kullan\u0131lmaktad\u0131r; son birka\u00e7 on y\u0131lda bu alanda yap\u0131lan b\u00fcy\u00fck ilerlemeler, bu t\u00fcr yapay lenslerle sa\u011flanan g\u00f6rme kalitesini \u00f6nemli \u00f6l\u00e7\u00fcde art\u0131rm\u0131\u015ft\u0131r. Daha fazla bilgi i\u00e7in l\u00fctfen buraya t\u0131klay\u0131n. Daha fazla bilgi i\u00e7in bug\u00fcn bize e-posta ile veya WhatsApp \u00fczerinden (0041 787373541) yazabilirsiniz.<\/p>\n","protected":false},"author":4,"featured_media":0,"parent":0,"menu_order":0,"comment_status":"closed","ping_status":"closed","template":"","meta":{"_joinchat":[],"footnotes":""},"class_list":["post-3972","page","type-page","status-publish","hentry"],"acf":[],"_links":{"self":[{"href":"https:\/\/medicaltravel.at\/tr\/wp-json\/wp\/v2\/pages\/3972","targetHints":{"allow":["GET"]}}],"collection":[{"href":"https:\/\/medicaltravel.at\/tr\/wp-json\/wp\/v2\/pages"}],"about":[{"href":"https:\/\/medicaltravel.at\/tr\/wp-json\/wp\/v2\/types\/page"}],"author":[{"embeddable":true,"href":"https:\/\/medicaltravel.at\/tr\/wp-json\/wp\/v2\/users\/4"}],"replies":[{"embeddable":true,"href":"https:\/\/medicaltravel.at\/tr\/wp-json\/wp\/v2\/comments?post=3972"}],"version-history":[{"count":10,"href":"https:\/\/medicaltravel.at\/tr\/wp-json\/wp\/v2\/pages\/3972\/revisions"}],"predecessor-version":[{"id":4110,"href":"https:\/\/medicaltravel.at\/tr\/wp-json\/wp\/v2\/pages\/3972\/revisions\/4110"}],"wp:attachment":[{"href":"https:\/\/medicaltravel.at\/tr\/wp-json\/wp\/v2\/media?parent=3972"}],"curies":[{"name":"wp","href":"https:\/\/api.w.org\/{rel}","templated":true}]}}