{"id":3952,"date":"2025-09-27T15:09:22","date_gmt":"2025-09-27T14:09:22","guid":{"rendered":"https:\/\/medicaltravel.at\/augenlaser-lasik\/izmirde-lasik\/izmirde-lasik\/"},"modified":"2025-12-26T18:29:37","modified_gmt":"2025-12-26T17:29:37","slug":"izmirde-lasik","status":"publish","type":"page","link":"https:\/\/medicaltravel.at\/tr\/augenlaser-lasik\/izmirde-lasik\/izmirde-lasik\/","title":{"rendered":"\u0130zmir\u2019de Lasik"},"content":{"rendered":"\t\t<div data-elementor-type=\"wp-page\" data-elementor-id=\"3952\" class=\"elementor elementor-3952 elementor-851\" data-elementor-post-type=\"page\">\n\t\t\t\t<div class=\"elementor-element elementor-element-6c5d4870 e-flex e-con-boxed wpr-particle-no wpr-jarallax-no wpr-parallax-no wpr-sticky-section-no e-con e-parent\" data-id=\"6c5d4870\" data-element_type=\"container\" data-e-type=\"container\">\n\t\t\t\t\t<div class=\"e-con-inner\">\n\t\t<div class=\"elementor-element elementor-element-f38a0e4 e-con-full e-flex wpr-particle-no wpr-jarallax-no wpr-parallax-no wpr-sticky-section-no e-con e-child\" data-id=\"f38a0e4\" data-element_type=\"container\" data-e-type=\"container\">\n\t\t\t\t<div class=\"elementor-element elementor-element-e1e6a80 elementor-widget elementor-widget-button\" data-id=\"e1e6a80\" data-element_type=\"widget\" data-e-type=\"widget\" data-widget_type=\"button.default\">\n\t\t\t\t\t\t\t\t\t\t<a class=\"elementor-button elementor-button-link elementor-size-sm\" href=\"https:\/\/medicaltravel.at\/tr\/augenlaser-lasik\/izmirde-lasik\/izmirde-lasik\/\">\n\t\t\t\t\t\t<span class=\"elementor-button-content-wrapper\">\n\t\t\t\t\t\t\t\t\t<span class=\"elementor-button-text\">\u0130zmir\u2019de Lasik<\/span>\n\t\t\t\t\t<\/span>\n\t\t\t\t\t<\/a>\n\t\t\t\t\t\t\t\t<\/div>\n\t\t\t\t<div class=\"elementor-element elementor-element-7b8fe2d elementor-widget elementor-widget-button\" data-id=\"7b8fe2d\" data-element_type=\"widget\" data-e-type=\"widget\" data-widget_type=\"button.default\">\n\t\t\t\t\t\t\t\t\t\t<a class=\"elementor-button elementor-button-link elementor-size-sm\" href=\"https:\/\/medicaltravel.at\/tr\/augenlaser-lasik\/izmirde-lasik\/maliyetler-fiyatlar-goez-lazer-multifokal-lens-implantasyonu-lasik-izmir\/\">\n\t\t\t\t\t\t<span class=\"elementor-button-content-wrapper\">\n\t\t\t\t\t\t\t\t\t<span class=\"elementor-button-text\">Maliyetler<\/span>\n\t\t\t\t\t<\/span>\n\t\t\t\t\t<\/a>\n\t\t\t\t\t\t\t\t<\/div>\n\t\t\t\t<div class=\"elementor-element elementor-element-0912732 elementor-widget elementor-widget-button\" data-id=\"0912732\" data-element_type=\"widget\" data-e-type=\"widget\" data-widget_type=\"button.default\">\n\t\t\t\t\t\t\t\t\t\t<a class=\"elementor-button elementor-button-link elementor-size-sm\" href=\"https:\/\/medicaltravel.at\/tr\/augenlaser-lasik\/izmirde-lasik\/bati-goez-klinigi-izmir\/\">\n\t\t\t\t\t\t<span class=\"elementor-button-content-wrapper\">\n\t\t\t\t\t\t\t\t\t<span class=\"elementor-button-text\">G\u00f6z Klini\u011fi<\/span>\n\t\t\t\t\t<\/span>\n\t\t\t\t\t<\/a>\n\t\t\t\t\t\t\t\t<\/div>\n\t\t\t\t<div class=\"elementor-element elementor-element-8ae731f elementor-widget elementor-widget-button\" data-id=\"8ae731f\" data-element_type=\"widget\" data-e-type=\"widget\" data-widget_type=\"button.default\">\n\t\t\t\t\t\t\t\t\t\t<a class=\"elementor-button elementor-button-link elementor-size-sm\" href=\"https:\/\/medicaltravel.at\/tr\/augenlaser-lasik\/izmirde-lasik\/izmirde-goez-lazer-lasik-teknolojisi\/\">\n\t\t\t\t\t\t<span class=\"elementor-button-content-wrapper\">\n\t\t\t\t\t\t\t\t\t<span class=\"elementor-button-text\">Teknoloji<\/span>\n\t\t\t\t\t<\/span>\n\t\t\t\t\t<\/a>\n\t\t\t\t\t\t\t\t<\/div>\n\t\t\t\t<\/div>\n\t\t\t\t<div class=\"elementor-element elementor-element-db108c8 elementor-widget elementor-widget-text-editor\" data-id=\"db108c8\" data-element_type=\"widget\" data-e-type=\"widget\" data-widget_type=\"text-editor.default\">\n\t\t\t\t\t\t\t\t\t\n<h2 class=\"wp-block-heading\">Lasik \u0130zmir \u2013 T\u00fcrkiye \u2013 Teklifimiz<\/h2>\n\n<p>Amac\u0131m\u0131z, g\u00fczel d\u00fcnya kenti <a href=\"https:\/\/medicaltravel.at\/warum-tuerkei\/staedte-der-tuerkei\/izmir-als-stadt\/\" data-type=\"page\" data-id=\"795\">\u0130zmir<\/a>\u2019de <strong>LASIK veya g\u00f6z lazeri ameliyat\u0131<\/strong> sayesinde \u201c<strong>g\u00f6rme yard\u0131m cihaz\u0131 olmadan ya\u015fama<\/strong>\u201d iste\u011finizi, t\u0131bbi ve organizasyonel a\u00e7\u0131dan y\u00fcksek kalitede ger\u00e7ekle\u015ftirmektir.<\/p>\n\n<p>G\u00fcvenilir, kapsaml\u0131 ve uygun fiyatl\u0131: \u0130\u015fte bizim konseptimiz.<\/p>\n\n<p><strong>G\u00fcveniliriz<\/strong><\/p>\n\n<p>G\u00f6zler en \u00f6nemli duyu organlar\u0131m\u0131zdan biri oldu\u011fu i\u00e7in, g\u00f6z lazer ameliyat\u0131na cesaret etmek her zaman kolay de\u011fildir.<\/p>\n\n<p>Bu i\u015flem yurtd\u0131\u015f\u0131nda yap\u0131lacaksa, daha da dikkatli olunmas\u0131 gerekir. Size g\u00fcvenli yolu g\u00f6sterir ve hayat\u0131n\u0131z\u0131n bu \u00f6nemli ad\u0131m\u0131nda size e\u015flik ederiz. <\/p>\n\n<p>MedicalTravel, sadece t<strong>\u0131bbi olanaklar hakk\u0131nda m\u00fcmk\u00fcn oldu\u011funca ayr\u0131nt\u0131l\u0131 bilgiler<\/strong> sunmakla kalmaz, ayn\u0131 zamanda olas\u0131 bir ameliyatla ili\u015fkili riskler hakk\u0131nda da bilgi verir.<\/p>\n\n<p>Yurtd\u0131\u015f\u0131nda g\u00f6z ameliyat\u0131 i\u00e7in <strong>\u201cher \u015fey dahil\u201d<\/strong> prensibini sunan Avrupa&#8217;daki tek kurulu\u015fuz.<\/p>\n\n<p>Bu, ba\u015ftan sona hizmetimizden yararlanaca\u011f\u0131n\u0131z ve b\u00f6ylece hi\u00e7bir \u015feyle kendiniz ilgilenmenize gerek kalmayaca\u011f\u0131 anlam\u0131na gelir.<\/p>\n\n<p>Hastane, <strong>10 y\u0131ll\u0131k<\/strong> ameliyat sonras\u0131 garanti vermektedir. Bu, olas\u0131 ikinci bir ameliyat\u0131n (\u00e7ok nadir ger\u00e7ekle\u015fir) \u00fccretsiz yap\u0131laca\u011f\u0131 anlam\u0131na gelir (ya\u015fa ba\u011fl\u0131 g\u00f6rme kusuru hari\u00e7). <\/p>\n\n<p><strong>Kapsaml\u0131 Hizmet<\/strong><br>\u0130zmir\u2019e bir g\u00f6z lazeri seyahati, belirli bir <strong>organizasyon<\/strong> gerektirir. Bu organizasyonu sizin i\u00e7in memnuniyetle \u00fcstleniyoruz. <\/p>\n\n<p>\u00dccretsiz, ba\u011flay\u0131c\u0131 olmayan ve ki\u015fisel dan\u0131\u015fmanl\u0131k hizmetimizden yararlanabilirsiniz. Dan\u0131\u015fmanl\u0131k dilleri Almanca, \u0130ngilizce ve T\u00fcrk\u00e7e\u2019dir. Frans\u0131zca dan\u0131\u015fmanl\u0131k yaz\u0131l\u0131 olarak da m\u00fcmk\u00fcnd\u00fcr. <\/p>\n\n<ul class=\"wp-block-list\">\n<li>\n<ul class=\"wp-block-list\">\n<li>Uygunluk i\u00e7in \u00f6n de\u011ferlendirme<\/li>\n<\/ul>\n<\/li>\n<\/ul>\n\n<p>L\u00fctfen bize do\u011fum y\u0131l\u0131n\u0131z dahil olmak \u00fczere g\u00f6zl\u00fck re\u00e7etenizi g\u00f6nderin. G\u00f6zlerinizin genellikle lazer ameliyat\u0131na uygun olup olmad\u0131\u011f\u0131n\u0131 size memnuniyetle bildirece\u011fiz.  <\/p>\n\n<figure class=\"wp-block-image size-full\"><img decoding=\"async\" width=\"200\" height=\"118\" class=\"wp-image-1508\" src=\"https:\/\/medicaltravel.at\/wp-content\/uploads\/2025\/09\/zahnreisen-1.jpg\" alt=\"\"><\/figure>\n\n<ul class=\"wp-block-list\">\n<li>\n<ul class=\"wp-block-list\">\n<li>\n<ul class=\"wp-block-list\">\n<li>U\u00e7u\u015f<\/li>\n<\/ul>\n<\/li>\n<\/ul>\n<\/li>\n<\/ul>\n\n<p>Biz \u00f6nerilerde bulunuruz, zaman ve \u015fekilde karar siz verirsiniz. U\u00e7u\u015flar\u0131n\u0131z\u0131 kolay ve uygun fiyatla online nereden rezerve edebilece\u011finiz konusunda size ipu\u00e7lar\u0131 veririz. <\/p>\n\n<figure class=\"wp-block-image size-full\"><img decoding=\"async\" width=\"200\" height=\"83\" class=\"wp-image-1509\" src=\"https:\/\/medicaltravel.at\/wp-content\/uploads\/2025\/09\/zahnbehandlung-im-ausland-1.jpg\" alt=\"\"><\/figure>\n\n<ul class=\"wp-block-list\">\n<li>\n<ul class=\"wp-block-list\">\n<li>\n<ul class=\"wp-block-list\">\n<li>Havaalan\u0131-Otel Transferi<\/li>\n<\/ul>\n<\/li>\n<\/ul>\n<\/li>\n<\/ul>\n\n<p><strong>Kar\u015f\u0131lama servisi <\/strong>sizi memnuniyetle otele g\u00f6t\u00fcr\u00fcr. Bu hizmet genellikle bireysel olarak d\u00fczenlenir ve bu nedenle saatlerce \u0130zmir trafi\u011finde dola\u015fan bir servis otob\u00fcs\u00fc de\u011fildir. \u00d6zel yolculu\u011funuzun keyfini \u00e7\u0131kar\u0131n!  <\/p>\n\n<ul class=\"wp-block-list\">\n<li>\n<ul class=\"wp-block-list\">\n<li>\n<ul class=\"wp-block-list\">\n<li>Otel<\/li>\n<\/ul>\n<\/li>\n<\/ul>\n<\/li>\n<\/ul>\n\n<p>Sizin i\u00e7in uygun olan se\u00e7enekleri sunuyoruz, karar sizin. <strong>Oteller hastanelerin yak\u0131n\u0131nda bulunmaktad\u0131r.<\/strong> Otel, lazer g\u00f6z ameliyat\u0131nda \u00e7ok \u00f6nemli bir rol oynar. Odan\u0131n hijyeni \u00e7ok iyi olmal\u0131d\u0131r. Sadece iyi ve temiz otellerle \u00e7al\u0131\u015f\u0131yoruz.    <\/p>\n\n<ul class=\"wp-block-list\">\n<li>\n<ul class=\"wp-block-list\">\n<li>\n<ul class=\"wp-block-list\">\n<li>Almanca Dilinde Destek<\/li>\n<\/ul>\n<\/li>\n<\/ul>\n<\/li>\n<\/ul>\n\n<p>Ameliyat ekibini anlaman\u0131z son derece \u00f6nemlidir. <strong>Almanca konu\u015fan \u00e7al\u0131\u015fanlar<\/strong> kusursuz bir ileti\u015fim sa\u011flar. Elbette bu hizmeti di\u011fer ulusal diller i\u00e7in de organize etmek m\u00fcmk\u00fcnd\u00fcr. <\/p>\n\n<ul class=\"wp-block-list\">\n<li>\n<ul class=\"wp-block-list\">\n<li>\n<ul class=\"wp-block-list\">\n<li>\u00d6n \u0130ncelemeleriniz<\/li>\n<\/ul>\n<\/li>\n<\/ul>\n<\/li>\n<\/ul>\n\n<p>G\u00f6zleriniz yerinde detayl\u0131 bir \u015fekilde muayene edilecektir. Her \u015fey kesin olarak olumluysa tedavi onaylan\u0131r. <\/p>\n\n<ul class=\"wp-block-list\">\n<li>\n<ul class=\"wp-block-list\">\n<li>\n<ul class=\"wp-block-list\">\n<li>G\u00f6z Ameliyat\u0131n\u0131z<\/li>\n<\/ul>\n<\/li>\n<\/ul>\n<\/li>\n<\/ul>\n\n<p>\u0130\u015fbirli\u011fi yap\u0131lan hastaneler, kapsaml\u0131 ara\u015ft\u0131rmalar ve yerinde incelemeler sonucunda, \u00e7e\u015fitli fakt\u00f6rler g\u00f6z \u00f6n\u00fcnde bulundurularak se\u00e7ilmi\u015ftir. Hastaneler, uluslararas\u0131 ge\u00e7erlili\u011fe sahip sertifikalara sahiptir. <a href=\"https:\/\/medicaltravel.at\/tr\/augenlaser-lasik\/izmirde-lasik\/bati-goez-klinigi-izmir\/\" data-type=\"page\" data-id=\"855\">Hastaneler hakk\u0131nda daha fazla bilgiyi burada bulabilirsiniz.<\/a> <\/p>\n\n<ul class=\"wp-block-list\">\n<li>\n<ul class=\"wp-block-list\">\n<li>\n<ul class=\"wp-block-list\">\n<li>Ertesi G\u00fcn Yap\u0131lacak Kontrol Muayenesi<\/li>\n<\/ul>\n<\/li>\n<\/ul>\n<\/li>\n<\/ul>\n\n<p>Ameliyattan hemen sonra yap\u0131lan ilk kontrol muayenesinin ard\u0131ndan, ertesi g\u00fcn bir kontrol muayenesi daha yap\u0131l\u0131r. Bu, ameliyat ekibinin ilk sonu\u00e7lar\u0131 kendisi analiz etmesini ve gerekli tedaviyi uygulamas\u0131n\u0131 sa\u011flar. Kontrol muayenesi zorunludur. Seyahat plan\u0131n\u0131z buna g\u00f6re d\u00fczenlenecektir.   <\/p>\n\n<ul class=\"wp-block-list\">\n<li>\n<ul class=\"wp-block-list\">\n<li>\n<ul class=\"wp-block-list\">\n<li>\u0130zmir \u015eehir Turlar\u0131 (\u0130ste\u011fe Ba\u011fl\u0131)<\/li>\n<\/ul>\n<\/li>\n<\/ul>\n<\/li>\n<\/ul>\n\n<p>Hizmetimiz sayesinde bir d\u00fcnya kenti deneyimleyebilirsiniz. Size, seyahat plan\u0131n\u0131za g\u00f6re neleri gezip yapabilece\u011finiz konusunda tavsiyelerde bulunuyoruz. B\u00f6ylece yeni ya\u015fam\u0131n\u0131za g\u00fczel an\u0131larla ba\u015flars\u0131n\u0131z. <a href=\"https:\/\/medicaltravel.at\/warum-tuerkei\/staedte-der-tuerkei\/izmir-als-stadt\/\" data-type=\"page\" data-id=\"795\">\u0130zmir hakk\u0131nda daha fazla bilgiyi buradan bulabilirsiniz.<\/a>  <\/p>\n\n<ul class=\"wp-block-list\">\n<li>\n<ul class=\"wp-block-list\">\n<li>\n<ul class=\"wp-block-list\">\n<li>Otel-Havaalan\u0131 Transferi<\/li>\n<\/ul>\n<\/li>\n<\/ul>\n<\/li>\n<\/ul>\n\n<p>Transfer ekibi, seyahatinizin son ana kadar olumlu bir deneyim olmas\u0131n\u0131 sa\u011flar.<\/p>\n\n<ul class=\"wp-block-list\">\n<li>\n<ul class=\"wp-block-list\">\n<li> <\/li>\n<\/ul>\n<\/li>\n<\/ul>\n\n<ul class=\"wp-block-list\">\n<li>\n<ul class=\"wp-block-list\">\n<li>\n<ul class=\"wp-block-list\">\n<li>MedicalTravelpass<\/li>\n<\/ul>\n<\/li>\n<\/ul>\n<\/li>\n<\/ul>\n\n<p>Bu, bizim benzersiz ek hizmetimizdir. MedicalTravel Pass, \u0130zmir\u2019deki konaklaman\u0131z ve g\u00f6zlerinizin iyile\u015fme s\u00fcreciyle ilgili t\u00fcm gerekli ki\u015fisel bilgileri i\u00e7erir. Pasaport boyutunda oldu\u011fu i\u00e7in her zaman yan\u0131n\u0131zda bulundurabilirsiniz. Seyahatinizden \u00f6nce size \u00f6zel olarak d\u00fczenlenecektir.   <\/p>\n\n<ul class=\"wp-block-list\">\n<li>\n<ul class=\"wp-block-list\">\n<li> <\/li>\n<\/ul>\n<\/li>\n<\/ul>\n\n<p><strong>Biz uygun fiyatl\u0131y\u0131z<\/strong><br>MedicalTravel, uygun fiyatlar\u0131 sayesinde art\u0131k herkesin g\u00f6z lazer ameliyat\u0131 olmas\u0131n\u0131 m\u00fcmk\u00fcn k\u0131l\u0131yor.<\/p>\n\n<ul class=\"wp-block-list\">\n<li>Avrupa&#8217;da neden daha pahal\u0131?<\/li>\n<\/ul>\n\n<p>Orta Avrupa \u00fclkeleri, d\u00fcnyan\u0131n en pahal\u0131 \u00fclkeleri aras\u0131nda yer almaktad\u0131r. Pahal\u0131 personel, bina kiralar\u0131 ve altyap\u0131 maliyetleri bunun nedenleridir. Ayr\u0131ca y\u00fcksek teknolojiye sahip makineler son derece pahal\u0131d\u0131r. Yap\u0131lan yat\u0131r\u0131m\u0131n kar\u015f\u0131l\u0131\u011f\u0131n\u0131 verebilmesi i\u00e7in y\u00fcksek say\u0131da hastaya ihtiya\u00e7 vard\u0131r.   <\/p>\n\n<ul class=\"wp-block-list\">\n<li>\u0130zmir\u2019de neden daha ucuz?<\/li>\n<\/ul>\n\n<p>OECD\u2019nin bir ara\u015ft\u0131rmas\u0131na g\u00f6re, Avusturya veya Almanya\u2019da 100 Euro olan bir \u015feye T\u00fcrkiye\u2019de yaln\u0131zca 45 Euro \u00f6denmektedir.<\/p>\n\n<p>Bu nedenle T\u00fcrkiye\u2019de bir cerrah\u0131n \u00fccreti, Avrupal\u0131 meslekta\u015f\u0131na k\u0131yasla belirgin \u015fekilde daha d\u00fc\u015f\u00fckt\u00fcr. Ayr\u0131ca yaln\u0131zca \u0130stanbul\u2019un yakla\u015f\u0131k 12 milyonluk bir n\u00fcfusu vard\u0131r. Bu da, y\u00fcksek teknoloji lazer makinelerinin tedarik maliyetleri ayn\u0131 olmas\u0131na ra\u011fmen, daha fazla hasta say\u0131s\u0131 sayesinde daha uygun fiyatlar sunulmas\u0131n\u0131 m\u00fcmk\u00fcn k\u0131lar.  <\/p>\n\n<p>Bu nedenle \u0130zmir, her y\u0131l Avrupa\u2019dan binlerce hastay\u0131 a\u011f\u0131rlamaktad\u0131r. Bu y\u00fczden MedicalTravel size yerel kaliteyi uygun fiyatlarla sunabilir. <\/p>\n\n<ul class=\"wp-block-list\">\n<li>Neden seyahatimizi MedicalTravel ile organize etmeliyim? Kendim de planlayabilirim? <\/li>\n<\/ul>\n\n<p>Ayr\u0131ca baz\u0131 \u015feyleri kendiniz de organize edebilirsiniz. Ancak bu \u00e7o\u011fu zaman zahmetli ve risklidir. Ayr\u0131ca MedicalTravel, \u2018HER \u015eEY DAH\u0130L\u2019 ilkesine sahiptir. Yurt d\u0131\u015f\u0131nda bir g\u00f6z ameliyat\u0131 ile ilgili ihtiyac\u0131n\u0131z olan her \u015feyle biz ilgileniriz. Sadece ameliyata kadar de\u011fil, sonras\u0131nda da g\u00fcvenilir ileti\u015fim orta\u011f\u0131n\u0131z oluruz.    <\/p>\n\t\t\t\t\t\t\t\t<\/div>\n\t\t\t\t\t<\/div>\n\t\t\t\t<\/div>\n\t\t\t\t<\/div>\n\t\t","protected":false},"excerpt":{"rendered":"<p>\u0130zmir\u2019de Lasik Maliyetler G\u00f6z Klini\u011fi Teknoloji Lasik \u0130zmir \u2013 T\u00fcrkiye \u2013 Teklifimiz Amac\u0131m\u0131z, g\u00fczel d\u00fcnya kenti \u0130zmir\u2019de LASIK veya g\u00f6z lazeri ameliyat\u0131 sayesinde \u201cg\u00f6rme yard\u0131m cihaz\u0131 olmadan ya\u015fama\u201d iste\u011finizi, t\u0131bbi ve organizasyonel a\u00e7\u0131dan y\u00fcksek kalitede ger\u00e7ekle\u015ftirmektir. G\u00fcvenilir, kapsaml\u0131 ve uygun fiyatl\u0131: \u0130\u015fte bizim konseptimiz. G\u00fcveniliriz G\u00f6zler en \u00f6nemli duyu organlar\u0131m\u0131zdan biri oldu\u011fu i\u00e7in, g\u00f6z lazer ameliyat\u0131na cesaret etmek her zaman kolay de\u011fildir. Bu i\u015flem yurtd\u0131\u015f\u0131nda yap\u0131lacaksa, daha da dikkatli olunmas\u0131 gerekir. Size g\u00fcvenli yolu g\u00f6sterir ve hayat\u0131n\u0131z\u0131n bu \u00f6nemli ad\u0131m\u0131nda size e\u015flik ederiz. MedicalTravel, sadece t\u0131bbi olanaklar hakk\u0131nda m\u00fcmk\u00fcn oldu\u011funca ayr\u0131nt\u0131l\u0131 bilgiler sunmakla kalmaz, ayn\u0131 zamanda olas\u0131 bir ameliyatla ili\u015fkili riskler hakk\u0131nda da bilgi verir. Yurtd\u0131\u015f\u0131nda g\u00f6z ameliyat\u0131 i\u00e7in \u201cher \u015fey dahil\u201d prensibini sunan Avrupa&#8217;daki tek kurulu\u015fuz. Bu, ba\u015ftan sona hizmetimizden yararlanaca\u011f\u0131n\u0131z ve b\u00f6ylece hi\u00e7bir \u015feyle kendiniz ilgilenmenize gerek kalmayaca\u011f\u0131 anlam\u0131na gelir. Hastane, 10 y\u0131ll\u0131k ameliyat sonras\u0131 garanti vermektedir. Bu, olas\u0131 ikinci bir ameliyat\u0131n (\u00e7ok nadir ger\u00e7ekle\u015fir) \u00fccretsiz yap\u0131laca\u011f\u0131 anlam\u0131na gelir (ya\u015fa ba\u011fl\u0131 g\u00f6rme kusuru hari\u00e7). Kapsaml\u0131 Hizmet\u0130zmir\u2019e bir g\u00f6z lazeri seyahati, belirli bir organizasyon gerektirir. Bu organizasyonu sizin i\u00e7in memnuniyetle \u00fcstleniyoruz. \u00dccretsiz, ba\u011flay\u0131c\u0131 olmayan ve ki\u015fisel dan\u0131\u015fmanl\u0131k hizmetimizden yararlanabilirsiniz. Dan\u0131\u015fmanl\u0131k dilleri Almanca, \u0130ngilizce ve T\u00fcrk\u00e7e\u2019dir. Frans\u0131zca dan\u0131\u015fmanl\u0131k yaz\u0131l\u0131 olarak da m\u00fcmk\u00fcnd\u00fcr. Uygunluk i\u00e7in \u00f6n de\u011ferlendirme L\u00fctfen bize do\u011fum y\u0131l\u0131n\u0131z dahil olmak \u00fczere g\u00f6zl\u00fck re\u00e7etenizi g\u00f6nderin. G\u00f6zlerinizin genellikle lazer ameliyat\u0131na uygun olup olmad\u0131\u011f\u0131n\u0131 size memnuniyetle bildirece\u011fiz. U\u00e7u\u015f Biz \u00f6nerilerde bulunuruz, zaman ve \u015fekilde karar siz verirsiniz. U\u00e7u\u015flar\u0131n\u0131z\u0131 kolay ve uygun fiyatla online nereden rezerve edebilece\u011finiz konusunda size ipu\u00e7lar\u0131 veririz. Havaalan\u0131-Otel Transferi Kar\u015f\u0131lama servisi sizi memnuniyetle otele g\u00f6t\u00fcr\u00fcr. Bu hizmet genellikle bireysel olarak d\u00fczenlenir ve bu nedenle saatlerce \u0130zmir trafi\u011finde dola\u015fan bir servis otob\u00fcs\u00fc de\u011fildir. \u00d6zel yolculu\u011funuzun keyfini \u00e7\u0131kar\u0131n! Otel Sizin i\u00e7in uygun olan se\u00e7enekleri sunuyoruz, karar sizin. Oteller hastanelerin yak\u0131n\u0131nda bulunmaktad\u0131r. Otel, lazer g\u00f6z ameliyat\u0131nda \u00e7ok \u00f6nemli bir rol oynar. Odan\u0131n hijyeni \u00e7ok iyi olmal\u0131d\u0131r. Sadece iyi ve temiz otellerle \u00e7al\u0131\u015f\u0131yoruz. Almanca Dilinde Destek Ameliyat ekibini anlaman\u0131z son derece \u00f6nemlidir. Almanca konu\u015fan \u00e7al\u0131\u015fanlar kusursuz bir ileti\u015fim sa\u011flar. Elbette bu hizmeti di\u011fer ulusal diller i\u00e7in de organize etmek m\u00fcmk\u00fcnd\u00fcr. \u00d6n \u0130ncelemeleriniz G\u00f6zleriniz yerinde detayl\u0131 bir \u015fekilde muayene edilecektir. Her \u015fey kesin olarak olumluysa tedavi onaylan\u0131r. G\u00f6z Ameliyat\u0131n\u0131z \u0130\u015fbirli\u011fi yap\u0131lan hastaneler, kapsaml\u0131 ara\u015ft\u0131rmalar ve yerinde incelemeler sonucunda, \u00e7e\u015fitli fakt\u00f6rler g\u00f6z \u00f6n\u00fcnde bulundurularak se\u00e7ilmi\u015ftir. Hastaneler, uluslararas\u0131 ge\u00e7erlili\u011fe sahip sertifikalara sahiptir. Hastaneler hakk\u0131nda daha fazla bilgiyi burada bulabilirsiniz. Ertesi G\u00fcn Yap\u0131lacak Kontrol Muayenesi Ameliyattan hemen sonra yap\u0131lan ilk kontrol muayenesinin ard\u0131ndan, ertesi g\u00fcn bir kontrol muayenesi daha yap\u0131l\u0131r. Bu, ameliyat ekibinin ilk sonu\u00e7lar\u0131 kendisi analiz etmesini ve gerekli tedaviyi uygulamas\u0131n\u0131 sa\u011flar. Kontrol muayenesi zorunludur. Seyahat plan\u0131n\u0131z buna g\u00f6re d\u00fczenlenecektir. \u0130zmir \u015eehir Turlar\u0131 (\u0130ste\u011fe Ba\u011fl\u0131) Hizmetimiz sayesinde bir d\u00fcnya kenti deneyimleyebilirsiniz. Size, seyahat plan\u0131n\u0131za g\u00f6re neleri gezip yapabilece\u011finiz konusunda tavsiyelerde bulunuyoruz. B\u00f6ylece yeni ya\u015fam\u0131n\u0131za g\u00fczel an\u0131larla ba\u015flars\u0131n\u0131z. \u0130zmir hakk\u0131nda daha fazla bilgiyi buradan bulabilirsiniz. Otel-Havaalan\u0131 Transferi Transfer ekibi, seyahatinizin son ana kadar olumlu bir deneyim olmas\u0131n\u0131 sa\u011flar. MedicalTravelpass Bu, bizim benzersiz ek hizmetimizdir. MedicalTravel Pass, \u0130zmir\u2019deki konaklaman\u0131z ve g\u00f6zlerinizin iyile\u015fme s\u00fcreciyle ilgili t\u00fcm gerekli ki\u015fisel bilgileri i\u00e7erir. Pasaport boyutunda oldu\u011fu i\u00e7in her zaman yan\u0131n\u0131zda bulundurabilirsiniz. Seyahatinizden \u00f6nce size \u00f6zel olarak d\u00fczenlenecektir. Biz uygun fiyatl\u0131y\u0131zMedicalTravel, uygun fiyatlar\u0131 sayesinde art\u0131k herkesin g\u00f6z lazer ameliyat\u0131 olmas\u0131n\u0131 m\u00fcmk\u00fcn k\u0131l\u0131yor. Avrupa&#8217;da neden daha pahal\u0131? Orta Avrupa \u00fclkeleri, d\u00fcnyan\u0131n en pahal\u0131 \u00fclkeleri aras\u0131nda yer almaktad\u0131r. Pahal\u0131 personel, bina kiralar\u0131 ve altyap\u0131 maliyetleri bunun nedenleridir. Ayr\u0131ca y\u00fcksek teknolojiye sahip makineler son derece pahal\u0131d\u0131r. Yap\u0131lan yat\u0131r\u0131m\u0131n kar\u015f\u0131l\u0131\u011f\u0131n\u0131 verebilmesi i\u00e7in y\u00fcksek say\u0131da hastaya ihtiya\u00e7 vard\u0131r. \u0130zmir\u2019de neden daha ucuz? OECD\u2019nin bir ara\u015ft\u0131rmas\u0131na g\u00f6re, Avusturya veya Almanya\u2019da 100 Euro olan bir \u015feye T\u00fcrkiye\u2019de yaln\u0131zca 45 Euro \u00f6denmektedir. Bu nedenle T\u00fcrkiye\u2019de bir cerrah\u0131n \u00fccreti, Avrupal\u0131 meslekta\u015f\u0131na k\u0131yasla belirgin \u015fekilde daha d\u00fc\u015f\u00fckt\u00fcr. Ayr\u0131ca yaln\u0131zca \u0130stanbul\u2019un yakla\u015f\u0131k 12 milyonluk bir n\u00fcfusu vard\u0131r. Bu da, y\u00fcksek teknoloji lazer makinelerinin tedarik maliyetleri ayn\u0131 olmas\u0131na ra\u011fmen, daha fazla hasta say\u0131s\u0131 sayesinde daha uygun fiyatlar sunulmas\u0131n\u0131 m\u00fcmk\u00fcn k\u0131lar. Bu nedenle \u0130zmir, her y\u0131l Avrupa\u2019dan binlerce hastay\u0131 a\u011f\u0131rlamaktad\u0131r. Bu y\u00fczden MedicalTravel size yerel kaliteyi uygun fiyatlarla sunabilir. Neden seyahatimizi MedicalTravel ile organize etmeliyim? Kendim de planlayabilirim? Ayr\u0131ca baz\u0131 \u015feyleri kendiniz de organize edebilirsiniz. Ancak bu \u00e7o\u011fu zaman zahmetli ve risklidir. Ayr\u0131ca MedicalTravel, \u2018HER \u015eEY DAH\u0130L\u2019 ilkesine sahiptir. Yurt d\u0131\u015f\u0131nda bir g\u00f6z ameliyat\u0131 ile ilgili ihtiyac\u0131n\u0131z olan her \u015feyle biz ilgileniriz. Sadece ameliyata kadar de\u011fil, sonras\u0131nda da g\u00fcvenilir ileti\u015fim orta\u011f\u0131n\u0131z oluruz.<\/p>\n","protected":false},"author":4,"featured_media":0,"parent":3882,"menu_order":0,"comment_status":"closed","ping_status":"closed","template":"","meta":{"_joinchat":[],"footnotes":""},"class_list":["post-3952","page","type-page","status-publish","hentry"],"acf":[],"_links":{"self":[{"href":"https:\/\/medicaltravel.at\/tr\/wp-json\/wp\/v2\/pages\/3952","targetHints":{"allow":["GET"]}}],"collection":[{"href":"https:\/\/medicaltravel.at\/tr\/wp-json\/wp\/v2\/pages"}],"about":[{"href":"https:\/\/medicaltravel.at\/tr\/wp-json\/wp\/v2\/types\/page"}],"author":[{"embeddable":true,"href":"https:\/\/medicaltravel.at\/tr\/wp-json\/wp\/v2\/users\/4"}],"replies":[{"embeddable":true,"href":"https:\/\/medicaltravel.at\/tr\/wp-json\/wp\/v2\/comments?post=3952"}],"version-history":[{"count":15,"href":"https:\/\/medicaltravel.at\/tr\/wp-json\/wp\/v2\/pages\/3952\/revisions"}],"predecessor-version":[{"id":4106,"href":"https:\/\/medicaltravel.at\/tr\/wp-json\/wp\/v2\/pages\/3952\/revisions\/4106"}],"up":[{"embeddable":true,"href":"https:\/\/medicaltravel.at\/tr\/wp-json\/wp\/v2\/pages\/3882"}],"wp:attachment":[{"href":"https:\/\/medicaltravel.at\/tr\/wp-json\/wp\/v2\/media?parent=3952"}],"curies":[{"name":"wp","href":"https:\/\/api.w.org\/{rel}","templated":true}]}}