{"id":3934,"date":"2025-09-27T15:09:50","date_gmt":"2025-09-27T14:09:50","guid":{"rendered":"https:\/\/medicaltravel.at\/augenlaser-lasik\/izmirde-lasik\/maliyetler-fiyatlar-goez-lazer-multifokal-lens-implantasyonu-lasik-izmir\/"},"modified":"2026-01-04T21:11:18","modified_gmt":"2026-01-04T20:11:18","slug":"maliyetler-fiyatlar-goez-lazer-multifokal-lens-implantasyonu-lasik-izmir","status":"publish","type":"page","link":"https:\/\/medicaltravel.at\/tr\/augenlaser-lasik\/izmirde-lasik\/maliyetler-fiyatlar-goez-lazer-multifokal-lens-implantasyonu-lasik-izmir\/","title":{"rendered":"Maliyetler Fiyatlar G\u00f6z Lazer Multifokal Lens \u0130mplantasyonu Lasik \u0130zmir"},"content":{"rendered":"\t\t<div data-elementor-type=\"wp-page\" data-elementor-id=\"3934\" class=\"elementor elementor-3934 elementor-853\" data-elementor-post-type=\"page\">\n\t\t\t\t<div class=\"elementor-element elementor-element-bb95b5b e-flex e-con-boxed wpr-particle-no wpr-jarallax-no wpr-parallax-no wpr-sticky-section-no e-con e-parent\" data-id=\"bb95b5b\" data-element_type=\"container\" data-e-type=\"container\">\n\t\t\t\t\t<div class=\"e-con-inner\">\n\t\t<div class=\"elementor-element elementor-element-e070709 e-con-full e-flex wpr-particle-no wpr-jarallax-no wpr-parallax-no wpr-sticky-section-no e-con e-child\" data-id=\"e070709\" data-element_type=\"container\" data-e-type=\"container\">\n\t\t\t\t<div class=\"elementor-element elementor-element-141fe47 elementor-widget elementor-widget-button\" data-id=\"141fe47\" data-element_type=\"widget\" data-e-type=\"widget\" data-widget_type=\"button.default\">\n\t\t\t\t\t\t\t\t\t\t<a class=\"elementor-button elementor-button-link elementor-size-sm\" href=\"https:\/\/medicaltravel.at\/tr\/augenlaser-lasik\/izmirde-lasik\/izmirde-lasik\/\">\n\t\t\t\t\t\t<span class=\"elementor-button-content-wrapper\">\n\t\t\t\t\t\t\t\t\t<span class=\"elementor-button-text\">\u0130zmir\u2019de Lasik<\/span>\n\t\t\t\t\t<\/span>\n\t\t\t\t\t<\/a>\n\t\t\t\t\t\t\t\t<\/div>\n\t\t\t\t<div class=\"elementor-element elementor-element-a01d3aa elementor-widget elementor-widget-button\" data-id=\"a01d3aa\" data-element_type=\"widget\" data-e-type=\"widget\" data-widget_type=\"button.default\">\n\t\t\t\t\t\t\t\t\t\t<a class=\"elementor-button elementor-button-link elementor-size-sm\" href=\"https:\/\/medicaltravel.at\/tr\/augenlaser-lasik\/izmirde-lasik\/maliyetler-fiyatlar-goez-lazer-multifokal-lens-implantasyonu-lasik-izmir\/\">\n\t\t\t\t\t\t<span class=\"elementor-button-content-wrapper\">\n\t\t\t\t\t\t\t\t\t<span class=\"elementor-button-text\">Maliyetler<\/span>\n\t\t\t\t\t<\/span>\n\t\t\t\t\t<\/a>\n\t\t\t\t\t\t\t\t<\/div>\n\t\t\t\t<div class=\"elementor-element elementor-element-227b7b2 elementor-widget elementor-widget-button\" data-id=\"227b7b2\" data-element_type=\"widget\" data-e-type=\"widget\" data-widget_type=\"button.default\">\n\t\t\t\t\t\t\t\t\t\t<a class=\"elementor-button elementor-button-link elementor-size-sm\" href=\"https:\/\/medicaltravel.at\/tr\/augenlaser-lasik\/izmirde-lasik\/bati-goez-klinigi-izmir\/\">\n\t\t\t\t\t\t<span class=\"elementor-button-content-wrapper\">\n\t\t\t\t\t\t\t\t\t<span class=\"elementor-button-text\">G\u00f6z Klini\u011fi<\/span>\n\t\t\t\t\t<\/span>\n\t\t\t\t\t<\/a>\n\t\t\t\t\t\t\t\t<\/div>\n\t\t\t\t<div class=\"elementor-element elementor-element-4effab9 elementor-widget elementor-widget-button\" data-id=\"4effab9\" data-element_type=\"widget\" data-e-type=\"widget\" data-widget_type=\"button.default\">\n\t\t\t\t\t\t\t\t\t\t<a class=\"elementor-button elementor-button-link elementor-size-sm\" href=\"https:\/\/medicaltravel.at\/tr\/augenlaser-lasik\/izmirde-lasik\/izmirde-goez-lazer-lasik-teknolojisi\/\">\n\t\t\t\t\t\t<span class=\"elementor-button-content-wrapper\">\n\t\t\t\t\t\t\t\t\t<span class=\"elementor-button-text\">Teknoloji<\/span>\n\t\t\t\t\t<\/span>\n\t\t\t\t\t<\/a>\n\t\t\t\t\t\t\t\t<\/div>\n\t\t\t\t<\/div>\n\t\t\t\t<div class=\"elementor-element elementor-element-493aafd4 elementor-widget elementor-widget-text-editor\" data-id=\"493aafd4\" data-element_type=\"widget\" data-e-type=\"widget\" data-widget_type=\"text-editor.default\">\n\t\t\t\t\t\t\t\t\t\n<h2 class=\"wp-block-heading\">G\u00f6z Lazer Lasik Maliyetleri \u2013 Fiyatlar \u0130zmir<\/h2>\n\n<p><strong>\u0130zmir\u2019de g\u00f6z lazer ameliyat\u0131n\u0131z i\u00e7in sundu\u011fumuz cazip teklif ve fiyatlar <\/strong>a\u015fa\u011f\u0131dad\u0131r. T\u00fcm fiyatlar her <strong>iki g\u00f6z i\u00e7in<\/strong> ge\u00e7erlidir.<br><br><strong>I-LASIK<\/strong> y\u00f6ntemi, 1390 \u20ac<\/p>\n\n<p><strong><a href=\"https:\/\/medicaltravel.at\/tr\/relex-smile-lasik-tuerkiye-istanbul-antalya-izmir\/\" data-type=\"page\" data-id=\"809\">ReLex Smile<\/a><\/strong> Y\u00f6ntemi, 2390 \u20ac<\/p>\n\n<p><strong>\u00d6n muayene<\/strong>, tedavi ger\u00e7ekle\u015firse \u00fccretsiz (Tedavi yap\u0131lmazsa yaln\u0131zca 150 \u20ac)<\/p>\n\n<p><strong>G\u00f6z i\u00e7i lensler<\/strong>, 2090 \u20ac\u2019dan ba\u015flayan fiyatlarla<\/p>\n\n<p><strong>Bu fiyatlara \u015funlar dahildir:<\/strong><\/p>\n\n<ul class=\"wp-block-list\">\n<li>Dan\u0131\u015fmanl\u0131k<\/li>\n\n<li>\u00d6n muayeneler ve dalga cephesi (<strong>wavefront<\/strong>) y\u00f6ntemiyle operasyon, ayr\u0131ca ertesi g\u00fcn klinikte kontrol muayenesi<\/li>\n\n<li>\u0130lk i\u015flemden sonra 10 y\u0131l i\u00e7inde olas\u0131 ikinci operasyon, ya\u015fa ba\u011fl\u0131 g\u00f6rme kusuru hari\u00e7 (g\u00f6z lazeri i\u00e7in ge\u00e7erlidir)<br><\/li>\n\n<li>Havaliman\u0131 &amp; Partner Otel &amp; Klinik transferleri<\/li>\n\n<li>Medicaltravelpass<\/li>\n\n<li>Partner otelde iki gece konaklama, kahvalt\u0131 dahil <\/li>\n<\/ul>\n\n<p><strong>Ek maliyetler: U\u00e7u\u015flar.<\/strong><br>Bu, mevcut u\u00e7ak biletine g\u00f6re 100 \u20ac\u2019dan ba\u015flamaktad\u0131r. L\u00fctfen bunu kendiniz rezerve edin.<\/p>\n\n<p><strong>\u00d6deme<\/strong><br>Her \u015feyi \u0130zmir\u2019de \u00f6deyebilir veya \u00f6nceden MedicalTravel\u2019e havale edebilirsiniz.<\/p>\n\n<p>\u015eimdi<a href=\"https:\/\/medicaltravel.at\/tr\/iletisim\/\" data-type=\"page\" data-id=\"976\"> buradan <\/a>veya <a href=\"https:\/\/wa.me\/41787373541\" target=\"_blank\" rel=\"noreferrer noopener\"><strong>WhatsApp<\/strong><\/a> \u00fczerinden bizimle ileti\u015fime ge\u00e7in.<\/p>\n\n<p>* T\u00fcm fiyatlar de\u011fi\u015fiklik g\u00f6sterebilir.<\/p>\n\t\t\t\t\t\t\t\t<\/div>\n\t\t\t\t\t<\/div>\n\t\t\t\t<\/div>\n\t\t\t\t<\/div>\n\t\t","protected":false},"excerpt":{"rendered":"<p>\u0130zmir\u2019de Lasik Maliyetler G\u00f6z Klini\u011fi Teknoloji G\u00f6z Lazer Lasik Maliyetleri \u2013 Fiyatlar \u0130zmir \u0130zmir\u2019de g\u00f6z lazer ameliyat\u0131n\u0131z i\u00e7in sundu\u011fumuz cazip teklif ve fiyatlar a\u015fa\u011f\u0131dad\u0131r. T\u00fcm fiyatlar her iki g\u00f6z i\u00e7in ge\u00e7erlidir. I-LASIK y\u00f6ntemi, 1390 \u20ac ReLex Smile Y\u00f6ntemi, 2390 \u20ac \u00d6n muayene, tedavi ger\u00e7ekle\u015firse \u00fccretsiz (Tedavi yap\u0131lmazsa yaln\u0131zca 150 \u20ac) G\u00f6z i\u00e7i lensler, 2090 \u20ac\u2019dan ba\u015flayan fiyatlarla Bu fiyatlara \u015funlar dahildir: Dan\u0131\u015fmanl\u0131k \u00d6n muayeneler ve dalga cephesi (wavefront) y\u00f6ntemiyle operasyon, ayr\u0131ca ertesi g\u00fcn klinikte kontrol muayenesi \u0130lk i\u015flemden sonra 10 y\u0131l i\u00e7inde olas\u0131 ikinci operasyon, ya\u015fa ba\u011fl\u0131 g\u00f6rme kusuru hari\u00e7 (g\u00f6z lazeri i\u00e7in ge\u00e7erlidir) Havaliman\u0131 &amp; Partner Otel &amp; Klinik transferleri Medicaltravelpass Partner otelde iki gece konaklama, kahvalt\u0131 dahil Ek maliyetler: U\u00e7u\u015flar.Bu, mevcut u\u00e7ak biletine g\u00f6re 100 \u20ac\u2019dan ba\u015flamaktad\u0131r. L\u00fctfen bunu kendiniz rezerve edin. \u00d6demeHer \u015feyi \u0130zmir\u2019de \u00f6deyebilir veya \u00f6nceden MedicalTravel\u2019e havale edebilirsiniz. \u015eimdi buradan veya WhatsApp \u00fczerinden bizimle ileti\u015fime ge\u00e7in. * T\u00fcm fiyatlar de\u011fi\u015fiklik g\u00f6sterebilir.<\/p>\n","protected":false},"author":4,"featured_media":0,"parent":3882,"menu_order":0,"comment_status":"closed","ping_status":"closed","template":"","meta":{"_joinchat":[],"footnotes":""},"class_list":["post-3934","page","type-page","status-publish","hentry"],"acf":[],"_links":{"self":[{"href":"https:\/\/medicaltravel.at\/tr\/wp-json\/wp\/v2\/pages\/3934","targetHints":{"allow":["GET"]}}],"collection":[{"href":"https:\/\/medicaltravel.at\/tr\/wp-json\/wp\/v2\/pages"}],"about":[{"href":"https:\/\/medicaltravel.at\/tr\/wp-json\/wp\/v2\/types\/page"}],"author":[{"embeddable":true,"href":"https:\/\/medicaltravel.at\/tr\/wp-json\/wp\/v2\/users\/4"}],"replies":[{"embeddable":true,"href":"https:\/\/medicaltravel.at\/tr\/wp-json\/wp\/v2\/comments?post=3934"}],"version-history":[{"count":9,"href":"https:\/\/medicaltravel.at\/tr\/wp-json\/wp\/v2\/pages\/3934\/revisions"}],"predecessor-version":[{"id":5488,"href":"https:\/\/medicaltravel.at\/tr\/wp-json\/wp\/v2\/pages\/3934\/revisions\/5488"}],"up":[{"embeddable":true,"href":"https:\/\/medicaltravel.at\/tr\/wp-json\/wp\/v2\/pages\/3882"}],"wp:attachment":[{"href":"https:\/\/medicaltravel.at\/tr\/wp-json\/wp\/v2\/media?parent=3934"}],"curies":[{"name":"wp","href":"https:\/\/api.w.org\/{rel}","templated":true}]}}