{"id":3912,"date":"2025-09-27T15:10:55","date_gmt":"2025-09-27T14:10:55","guid":{"rendered":"https:\/\/medicaltravel.at\/augenlaser-lasik\/izmirde-lasik\/bati-goez-klinigi-izmir\/"},"modified":"2026-01-04T21:13:50","modified_gmt":"2026-01-04T20:13:50","slug":"bati-goez-klinigi-izmir","status":"publish","type":"page","link":"https:\/\/medicaltravel.at\/tr\/augenlaser-lasik\/izmirde-lasik\/bati-goez-klinigi-izmir\/","title":{"rendered":"Bat\u0131 G\u00f6z Klini\u011fi \u0130zmir"},"content":{"rendered":"\t\t<div data-elementor-type=\"wp-page\" data-elementor-id=\"3912\" class=\"elementor elementor-3912 elementor-855\" data-elementor-post-type=\"page\">\n\t\t\t\t<div class=\"elementor-element elementor-element-9bf2b49 e-flex e-con-boxed wpr-particle-no wpr-jarallax-no wpr-parallax-no wpr-sticky-section-no e-con e-parent\" data-id=\"9bf2b49\" data-element_type=\"container\" data-e-type=\"container\">\n\t\t\t\t\t<div class=\"e-con-inner\">\n\t\t<div class=\"elementor-element elementor-element-9187b14 e-con-full e-flex wpr-particle-no wpr-jarallax-no wpr-parallax-no wpr-sticky-section-no e-con e-child\" data-id=\"9187b14\" data-element_type=\"container\" data-e-type=\"container\">\n\t\t\t\t<div class=\"elementor-element elementor-element-b9cfaf2 elementor-widget elementor-widget-button\" data-id=\"b9cfaf2\" data-element_type=\"widget\" data-e-type=\"widget\" data-widget_type=\"button.default\">\n\t\t\t\t\t\t\t\t\t\t<a class=\"elementor-button elementor-button-link elementor-size-sm\" href=\"https:\/\/medicaltravel.at\/tr\/augenlaser-lasik\/izmirde-lasik\/izmirde-lasik\/\">\n\t\t\t\t\t\t<span class=\"elementor-button-content-wrapper\">\n\t\t\t\t\t\t\t\t\t<span class=\"elementor-button-text\">\u0130zmir\u2019de Lasik<\/span>\n\t\t\t\t\t<\/span>\n\t\t\t\t\t<\/a>\n\t\t\t\t\t\t\t\t<\/div>\n\t\t\t\t<div class=\"elementor-element elementor-element-b357873 elementor-widget elementor-widget-button\" data-id=\"b357873\" data-element_type=\"widget\" data-e-type=\"widget\" data-widget_type=\"button.default\">\n\t\t\t\t\t\t\t\t\t\t<a class=\"elementor-button elementor-button-link elementor-size-sm\" href=\"https:\/\/medicaltravel.at\/tr\/augenlaser-lasik\/izmirde-lasik\/maliyetler-fiyatlar-goez-lazer-multifokal-lens-implantasyonu-lasik-izmir\/\">\n\t\t\t\t\t\t<span class=\"elementor-button-content-wrapper\">\n\t\t\t\t\t\t\t\t\t<span class=\"elementor-button-text\">Maliyetler<\/span>\n\t\t\t\t\t<\/span>\n\t\t\t\t\t<\/a>\n\t\t\t\t\t\t\t\t<\/div>\n\t\t\t\t<div class=\"elementor-element elementor-element-68aa90c elementor-widget elementor-widget-button\" data-id=\"68aa90c\" data-element_type=\"widget\" data-e-type=\"widget\" data-widget_type=\"button.default\">\n\t\t\t\t\t\t\t\t\t\t<a class=\"elementor-button elementor-button-link elementor-size-sm\" href=\"https:\/\/medicaltravel.at\/tr\/augenlaser-lasik\/izmirde-lasik\/bati-goez-klinigi-izmir\/\">\n\t\t\t\t\t\t<span class=\"elementor-button-content-wrapper\">\n\t\t\t\t\t\t\t\t\t<span class=\"elementor-button-text\">G\u00f6z Klini\u011fi<\/span>\n\t\t\t\t\t<\/span>\n\t\t\t\t\t<\/a>\n\t\t\t\t\t\t\t\t<\/div>\n\t\t\t\t<div class=\"elementor-element elementor-element-70281d5 elementor-widget elementor-widget-button\" data-id=\"70281d5\" data-element_type=\"widget\" data-e-type=\"widget\" data-widget_type=\"button.default\">\n\t\t\t\t\t\t\t\t\t\t<a class=\"elementor-button elementor-button-link elementor-size-sm\" href=\"https:\/\/medicaltravel.at\/tr\/augenlaser-lasik\/izmirde-lasik\/izmirde-goez-lazer-lasik-teknolojisi\/\">\n\t\t\t\t\t\t<span class=\"elementor-button-content-wrapper\">\n\t\t\t\t\t\t\t\t\t<span class=\"elementor-button-text\">Teknoloji<\/span>\n\t\t\t\t\t<\/span>\n\t\t\t\t\t<\/a>\n\t\t\t\t\t\t\t\t<\/div>\n\t\t\t\t<\/div>\n\t\t\t\t<div class=\"elementor-element elementor-element-26cc3119 elementor-widget elementor-widget-text-editor\" data-id=\"26cc3119\" data-element_type=\"widget\" data-e-type=\"widget\" data-widget_type=\"text-editor.default\">\n\t\t\t\t\t\t\t\t\t\n<h2 class=\"wp-block-heading\">G\u00f6z Klini\u011fi \u0130zmir \u2013 T\u00fcrkiye<\/h2>\n\n<h2 class=\"wp-block-heading\">BATI G\u00d6Z KL\u0130N\u0130\u011e\u0130 \u0130ZM\u0130R<\/h2>\n\n<p><strong>\u0130zmir\u2019deki G\u00f6z Lazer Klini\u011fi<\/strong><\/p>\n\n<p>MedicalTravel, <strong>d\u00fcnyan\u0131n en sayg\u0131n ve en iyi g\u00f6z lazer kliniklerinden<\/strong> biri olan <strong>Bat\u0131 G\u00f6z Klini\u011fi<\/strong>&#8216;nde g\u00f6z ameliyat\u0131 olman\u0131z\u0131 sa\u011flar.<\/p>\n\n<p>Bu, uluslararas\u0131 klinikler aras\u0131nda bir \u00f6l\u00e7\u00fct olup, kar\u015f\u0131lanmas\u0131 gereken \u00e7ok kapsaml\u0131 kriterler vard\u0131r. Bu klinik bu kriterleri kar\u015f\u0131lamakta ve Avrupa&#8217;n\u0131n en b\u00fcy\u00fck ve en modern \u00f6zel g\u00f6z lazer kliniklerinden biridir. <\/p>\n\n<p>Birinci s\u0131n\u0131f donan\u0131m, kusursuz hijyen ko\u015fullar\u0131 ve son derece deneyimli refraktif cerrahlar\u0131n yan\u0131 s\u0131ra, bu klinik I-LASIK ve <a href=\"https:\/\/medicaltravel.at\/tr\/relex-smile-lasik-tuerkiye-istanbul-antalya-izmir\/\" data-type=\"page\" data-id=\"809\">ReLex Smile Pro<\/a> i\u00e7in en yeni lazer teknolojisine sahiptir. B\u00f6ylece enstit\u00fc, teknik a\u00e7\u0131dan da en g\u00fcvenli seviyede konumlanmaktad\u0131r.<\/p>\n\n<p><strong>Bat\u0131 G\u00f6z Klini\u011fi,<\/strong> y\u0131llard\u0131r tedavileriyle hastalar\u0131n en y\u00fcksek beklentilerini kar\u015f\u0131lamakta ve her a\u00e7\u0131dan y\u00fcksek kaliteli bir tedavi garanti etmektedir.<\/p>\n\n<p>G\u00f6z lazer klini\u011fi, hijyenik a\u00e7\u0131dan kusursuz bir ortamda steril lazer tedavisi sunmakta ve en iyi tedavi odalar\u0131na sahiptir. \u00c7ift HEPA klima ve \u00e7oklu kesintisiz g\u00fc\u00e7 kayna\u011f\u0131 ile hastalar kendilerini g\u00fcvende ve rahat hisseder. En y\u00fcksek g\u00fcvenlik sa\u011flanmaktad\u0131r.  <\/p>\n\n<figure class=\"wp-block-image size-full\"><img fetchpriority=\"high\" decoding=\"async\" width=\"768\" height=\"512\" class=\"wp-image-1512\" src=\"https:\/\/medicaltravel.at\/wp-content\/uploads\/2025\/09\/bati_goz_Izmir_2-768x512-1.jpg\" alt=\"\" srcset=\"https:\/\/medicaltravel.at\/wp-content\/uploads\/2025\/09\/bati_goz_Izmir_2-768x512-1.jpg 768w, https:\/\/medicaltravel.at\/wp-content\/uploads\/2025\/09\/bati_goz_Izmir_2-768x512-1-300x200.jpg 300w\" sizes=\"(max-width: 768px) 100vw, 768px\" \/><\/figure>\n\n<p id=\"caption-attachment-8568\">Bat\u0131 G\u00f6z Klini\u011fi \u0130zmir<\/p>\n\n<p><strong>Bat\u0131 G\u00f6z Klini\u011fi, \u0130zmir<\/strong><br>\u201c\u0130zmir\u2019deki Bat\u0131 G\u00f6z Klini\u011fi\u2019nde, yaln\u0131zca \u015f\u00fcphe g\u00f6t\u00fcrmeden LASIK veya <strong><a href=\"https:\/\/medicaltravel.at\/tr\/multifokal-lens-implantasyonu\/\" data-type=\"page\" data-id=\"823\">lens implantasyonu<\/a><\/strong> i\u00e7in uygun olan hastalar ameliyat edilmektedir.\u201d Hastan\u0131n eksiksiz bilgilendirilmesi, ilerleyen s\u00fcre\u00e7te g\u00fcvenin sa\u011flanmas\u0131 ve dolay\u0131s\u0131yla tedavinin ba\u015far\u0131s\u0131 i\u00e7in en \u00f6nemli \u015fartt\u0131r.<\/p>\n\n<p>G\u00f6rme bozukluklar\u0131n\u0131n tedavisi i\u00e7in sadece en son teknolojiye sahip modern cihazlar kullan\u0131lmaktad\u0131r.<\/p>\n\n<p>Hastalar\u0131n ihtiya\u00e7lar\u0131 \u00f6n plandad\u0131r. Bu nedenle, en iyi tedavi y\u00f6ntemleri finansal kriterlerden \u00f6nceliklidir. <\/p>\n\n<p><strong>Hastalar\u0131n\u0131z\u0131n \u00f6zenli tedavisi i\u00e7in doktorlar<\/strong><\/p>\n\n<p><strong>Do\u00e7. Dr. Alper Yaz\u0131c\u0131<\/strong>, bug\u00fcne kadar birka\u00e7 bin ba\u015far\u0131l\u0131 i\u015flem ger\u00e7ekle\u015ftirmi\u015ftir ve bu nedenle bu alandaki en iyi uzmanlardan biridir.<\/p>\n\n<figure class=\"wp-block-image size-full\"><img decoding=\"async\" width=\"207\" height=\"243\" class=\"wp-image-1513\" src=\"https:\/\/medicaltravel.at\/wp-content\/uploads\/2025\/09\/Ass.-Prof.-Alper-Yazici.jpg\" alt=\"\"><\/figure>\n\n<p id=\"caption-attachment-8572\">Assoc. Prof. Alper Yaz\u0131c\u0131 <\/p>\n\t\t\t\t\t\t\t\t<\/div>\n\t\t\t\t\t<\/div>\n\t\t\t\t<\/div>\n\t\t\t\t<\/div>\n\t\t","protected":false},"excerpt":{"rendered":"<p>\u0130zmir\u2019de Lasik Maliyetler G\u00f6z Klini\u011fi Teknoloji G\u00f6z Klini\u011fi \u0130zmir \u2013 T\u00fcrkiye BATI G\u00d6Z KL\u0130N\u0130\u011e\u0130 \u0130ZM\u0130R \u0130zmir\u2019deki G\u00f6z Lazer Klini\u011fi MedicalTravel, d\u00fcnyan\u0131n en sayg\u0131n ve en iyi g\u00f6z lazer kliniklerinden biri olan Bat\u0131 G\u00f6z Klini\u011fi&#8216;nde g\u00f6z ameliyat\u0131 olman\u0131z\u0131 sa\u011flar. Bu, uluslararas\u0131 klinikler aras\u0131nda bir \u00f6l\u00e7\u00fct olup, kar\u015f\u0131lanmas\u0131 gereken \u00e7ok kapsaml\u0131 kriterler vard\u0131r. Bu klinik bu kriterleri kar\u015f\u0131lamakta ve Avrupa&#8217;n\u0131n en b\u00fcy\u00fck ve en modern \u00f6zel g\u00f6z lazer kliniklerinden biridir. Birinci s\u0131n\u0131f donan\u0131m, kusursuz hijyen ko\u015fullar\u0131 ve son derece deneyimli refraktif cerrahlar\u0131n yan\u0131 s\u0131ra, bu klinik I-LASIK ve ReLex Smile Pro i\u00e7in en yeni lazer teknolojisine sahiptir. B\u00f6ylece enstit\u00fc, teknik a\u00e7\u0131dan da en g\u00fcvenli seviyede konumlanmaktad\u0131r. Bat\u0131 G\u00f6z Klini\u011fi, y\u0131llard\u0131r tedavileriyle hastalar\u0131n en y\u00fcksek beklentilerini kar\u015f\u0131lamakta ve her a\u00e7\u0131dan y\u00fcksek kaliteli bir tedavi garanti etmektedir. G\u00f6z lazer klini\u011fi, hijyenik a\u00e7\u0131dan kusursuz bir ortamda steril lazer tedavisi sunmakta ve en iyi tedavi odalar\u0131na sahiptir. \u00c7ift HEPA klima ve \u00e7oklu kesintisiz g\u00fc\u00e7 kayna\u011f\u0131 ile hastalar kendilerini g\u00fcvende ve rahat hisseder. En y\u00fcksek g\u00fcvenlik sa\u011flanmaktad\u0131r. Bat\u0131 G\u00f6z Klini\u011fi \u0130zmir Bat\u0131 G\u00f6z Klini\u011fi, \u0130zmir\u201c\u0130zmir\u2019deki Bat\u0131 G\u00f6z Klini\u011fi\u2019nde, yaln\u0131zca \u015f\u00fcphe g\u00f6t\u00fcrmeden LASIK veya lens implantasyonu i\u00e7in uygun olan hastalar ameliyat edilmektedir.\u201d Hastan\u0131n eksiksiz bilgilendirilmesi, ilerleyen s\u00fcre\u00e7te g\u00fcvenin sa\u011flanmas\u0131 ve dolay\u0131s\u0131yla tedavinin ba\u015far\u0131s\u0131 i\u00e7in en \u00f6nemli \u015fartt\u0131r. G\u00f6rme bozukluklar\u0131n\u0131n tedavisi i\u00e7in sadece en son teknolojiye sahip modern cihazlar kullan\u0131lmaktad\u0131r. Hastalar\u0131n ihtiya\u00e7lar\u0131 \u00f6n plandad\u0131r. Bu nedenle, en iyi tedavi y\u00f6ntemleri finansal kriterlerden \u00f6nceliklidir. Hastalar\u0131n\u0131z\u0131n \u00f6zenli tedavisi i\u00e7in doktorlar Do\u00e7. Dr. Alper Yaz\u0131c\u0131, bug\u00fcne kadar birka\u00e7 bin ba\u015far\u0131l\u0131 i\u015flem ger\u00e7ekle\u015ftirmi\u015ftir ve bu nedenle bu alandaki en iyi uzmanlardan biridir. Assoc. Prof. Alper Yaz\u0131c\u0131<\/p>\n","protected":false},"author":4,"featured_media":0,"parent":3882,"menu_order":0,"comment_status":"closed","ping_status":"closed","template":"","meta":{"_joinchat":[],"footnotes":""},"class_list":["post-3912","page","type-page","status-publish","hentry"],"acf":[],"_links":{"self":[{"href":"https:\/\/medicaltravel.at\/tr\/wp-json\/wp\/v2\/pages\/3912","targetHints":{"allow":["GET"]}}],"collection":[{"href":"https:\/\/medicaltravel.at\/tr\/wp-json\/wp\/v2\/pages"}],"about":[{"href":"https:\/\/medicaltravel.at\/tr\/wp-json\/wp\/v2\/types\/page"}],"author":[{"embeddable":true,"href":"https:\/\/medicaltravel.at\/tr\/wp-json\/wp\/v2\/users\/4"}],"replies":[{"embeddable":true,"href":"https:\/\/medicaltravel.at\/tr\/wp-json\/wp\/v2\/comments?post=3912"}],"version-history":[{"count":22,"href":"https:\/\/medicaltravel.at\/tr\/wp-json\/wp\/v2\/pages\/3912\/revisions"}],"predecessor-version":[{"id":5492,"href":"https:\/\/medicaltravel.at\/tr\/wp-json\/wp\/v2\/pages\/3912\/revisions\/5492"}],"up":[{"embeddable":true,"href":"https:\/\/medicaltravel.at\/tr\/wp-json\/wp\/v2\/pages\/3882"}],"wp:attachment":[{"href":"https:\/\/medicaltravel.at\/tr\/wp-json\/wp\/v2\/media?parent=3912"}],"curies":[{"name":"wp","href":"https:\/\/api.w.org\/{rel}","templated":true}]}}