{"id":3874,"date":"2025-09-27T15:07:58","date_gmt":"2025-09-27T14:07:58","guid":{"rendered":"https:\/\/medicaltravel.at\/augenlaser-lasik\/istanbulda-lasik\/teknoloji-goez-lazer-istanbul\/"},"modified":"2026-01-04T20:50:09","modified_gmt":"2026-01-04T19:50:09","slug":"teknoloji-goez-lazer-istanbul","status":"publish","type":"page","link":"https:\/\/medicaltravel.at\/tr\/augenlaser-lasik\/istanbulda-lasik\/teknoloji-goez-lazer-istanbul\/","title":{"rendered":"Teknoloji \u2013 G\u00f6z Lazer \u0130stanbul"},"content":{"rendered":"\t\t<div data-elementor-type=\"wp-page\" data-elementor-id=\"3874\" class=\"elementor elementor-3874 elementor-847\" data-elementor-post-type=\"page\">\n\t\t\t\t<div class=\"elementor-element elementor-element-5ca9a0a5 e-flex e-con-boxed wpr-particle-no wpr-jarallax-no wpr-parallax-no wpr-sticky-section-no e-con e-parent\" data-id=\"5ca9a0a5\" data-element_type=\"container\" data-e-type=\"container\">\n\t\t\t\t\t<div class=\"e-con-inner\">\n\t\t<div class=\"elementor-element elementor-element-a6a8ea0 e-con-full e-flex wpr-particle-no wpr-jarallax-no wpr-parallax-no wpr-sticky-section-no e-con e-child\" data-id=\"a6a8ea0\" data-element_type=\"container\" data-e-type=\"container\">\n\t\t\t\t<div class=\"elementor-element elementor-element-4253e56 elementor-widget elementor-widget-button\" data-id=\"4253e56\" data-element_type=\"widget\" data-e-type=\"widget\" data-widget_type=\"button.default\">\n\t\t\t\t\t\t\t\t\t\t<a class=\"elementor-button elementor-button-link elementor-size-sm\" href=\"https:\/\/medicaltravel.at\/tr\/augenlaser-lasik\/istanbulda-lasik\/istanbulda-lasik\/\">\n\t\t\t\t\t\t<span class=\"elementor-button-content-wrapper\">\n\t\t\t\t\t\t\t\t\t<span class=\"elementor-button-text\">\u0130stanbul'da Lasik<\/span>\n\t\t\t\t\t<\/span>\n\t\t\t\t\t<\/a>\n\t\t\t\t\t\t\t\t<\/div>\n\t\t\t\t<div class=\"elementor-element elementor-element-74be232 elementor-widget elementor-widget-button\" data-id=\"74be232\" data-element_type=\"widget\" data-e-type=\"widget\" data-widget_type=\"button.default\">\n\t\t\t\t\t\t\t\t\t\t<a class=\"elementor-button elementor-button-link elementor-size-sm\" href=\"https:\/\/medicaltravel.at\/tr\/augenlaser-lasik\/istanbulda-lasik\/istanbulda-goez-lazer-lasik-fiyatlari-ve-maliyetleri\/\">\n\t\t\t\t\t\t<span class=\"elementor-button-content-wrapper\">\n\t\t\t\t\t\t\t\t\t<span class=\"elementor-button-text\">Fiyatlar<\/span>\n\t\t\t\t\t<\/span>\n\t\t\t\t\t<\/a>\n\t\t\t\t\t\t\t\t<\/div>\n\t\t\t\t<div class=\"elementor-element elementor-element-ebbdf3b elementor-widget elementor-widget-button\" data-id=\"ebbdf3b\" data-element_type=\"widget\" data-e-type=\"widget\" data-widget_type=\"button.default\">\n\t\t\t\t\t\t\t\t\t\t<a class=\"elementor-button elementor-button-link elementor-size-sm\" href=\"https:\/\/medicaltravel.at\/tr\/augenlaser-lasik\/istanbulda-lasik\/istanbul-goez-klinigi\/\">\n\t\t\t\t\t\t<span class=\"elementor-button-content-wrapper\">\n\t\t\t\t\t\t\t\t\t<span class=\"elementor-button-text\">G\u00f6z Klini\u011fi<\/span>\n\t\t\t\t\t<\/span>\n\t\t\t\t\t<\/a>\n\t\t\t\t\t\t\t\t<\/div>\n\t\t\t\t<div class=\"elementor-element elementor-element-4eba59a elementor-widget elementor-widget-button\" data-id=\"4eba59a\" data-element_type=\"widget\" data-e-type=\"widget\" data-widget_type=\"button.default\">\n\t\t\t\t\t\t\t\t\t\t<a class=\"elementor-button elementor-button-link elementor-size-sm\" href=\"https:\/\/medicaltravel.at\/tr\/augenlaser-lasik\/istanbulda-lasik\/birinci-goez-klinigi\/\">\n\t\t\t\t\t\t<span class=\"elementor-button-content-wrapper\">\n\t\t\t\t\t\t\t\t\t<span class=\"elementor-button-text\">Birinci G\u00f6z Klini\u011fi<\/span>\n\t\t\t\t\t<\/span>\n\t\t\t\t\t<\/a>\n\t\t\t\t\t\t\t\t<\/div>\n\t\t\t\t<div class=\"elementor-element elementor-element-409ab9c elementor-widget elementor-widget-button\" data-id=\"409ab9c\" data-element_type=\"widget\" data-e-type=\"widget\" data-widget_type=\"button.default\">\n\t\t\t\t\t\t\t\t\t\t<a class=\"elementor-button elementor-button-link elementor-size-sm\" href=\"https:\/\/medicaltravel.at\/tr\/augenlaser-lasik\/istanbulda-lasik\/bati-goez-klinigi-istanbul\/\">\n\t\t\t\t\t\t<span class=\"elementor-button-content-wrapper\">\n\t\t\t\t\t\t\t\t\t<span class=\"elementor-button-text\">Bat\u0131 G\u00f6z Klini\u011fi<\/span>\n\t\t\t\t\t<\/span>\n\t\t\t\t\t<\/a>\n\t\t\t\t\t\t\t\t<\/div>\n\t\t\t\t<div class=\"elementor-element elementor-element-c57eed9 elementor-widget elementor-widget-button\" data-id=\"c57eed9\" data-element_type=\"widget\" data-e-type=\"widget\" data-widget_type=\"button.default\">\n\t\t\t\t\t\t\t\t\t\t<a class=\"elementor-button elementor-button-link elementor-size-sm\" href=\"https:\/\/medicaltravel.at\/tr\/augenlaser-lasik\/istanbulda-lasik\/teknoloji-goez-lazer-istanbul\/\">\n\t\t\t\t\t\t<span class=\"elementor-button-content-wrapper\">\n\t\t\t\t\t\t\t\t\t<span class=\"elementor-button-text\">Teknoloji<\/span>\n\t\t\t\t\t<\/span>\n\t\t\t\t\t<\/a>\n\t\t\t\t\t\t\t\t<\/div>\n\t\t\t\t<\/div>\n\t\t\t\t<div class=\"elementor-element elementor-element-3327e07c elementor-widget elementor-widget-text-editor\" data-id=\"3327e07c\" data-element_type=\"widget\" data-e-type=\"widget\" data-widget_type=\"text-editor.default\">\n\t\t\t\t\t\t\t\t\t\n<h2 class=\"wp-block-heading\">G\u00f6z Lazer Teknolojisi \u0130stanbul<\/h2>\n\n<p>T\u00fcrk g\u00f6z kliniklerinin iyi itibar\u0131 ve ba\u015far\u0131s\u0131ndan, iyi e\u011fitimli bir ekip kadar, <strong>\u00fcst\u00fcn teknoloji<\/strong> de sorumludur.<\/p>\n\n<p>M\u00fckemmel sonu\u00e7lar i\u00e7in en \u00f6nemli \u00f6n ko\u015ful, do\u011fru bir tan\u0131d\u0131r. Bu nedenle WaveLight\u2019ta tan\u0131 sistemleri, lazer cihazlar\u0131yla en uygun \u015fekilde uyumlu hale getirilmi\u015ftir. \u00d6zel bir yaz\u0131l\u0131m yard\u0131m\u0131yla \u00f6l\u00e7\u00fcm sonu\u00e7lar\u0131 lazer sistemlerine aktar\u0131l\u0131r. <strong>B\u00f6ylece tedavi, hastan\u0131n g\u00f6z\u00fcn\u00fcn bireysel ihtiya\u00e7lar\u0131na m\u00fckemmel \u015fekilde uyarlanabilir<\/strong> ve g\u00fcvenilir ve hassas bir tedavi sonucu elde edilebilir.   <\/p>\n\n<p><strong>Cihazlar<\/strong><\/p>\n\n<ul class=\"wp-block-list\">\n<li>New Visx Star S4<\/li>\n\n<li><a href=\"https:\/\/medicaltravel.at\/tr\/relex-smile-lasik-tuerkiye-istanbul-antalya-izmir\/\" data-type=\"page\" data-id=\"809\">Visumax ReLex Smile Pro 800<\/a><\/li>\n<\/ul>\n\n<p>T\u00fcm cihazlar yenidir. Kliniklerimizde di\u011fer kliniklerden <strong>ikinci el cihazlar kullan\u0131lmamaktad\u0131r.<\/strong> <\/p>\n\n<p><strong>G\u00fcvenlik<\/strong><\/p>\n\n<p>Ya\u015fam kalitemiz, g\u00f6zlerimizin sa\u011fl\u0131\u011f\u0131ndan etkilenir. Bu nedenle g\u00fcvenlik, ba\u015far\u0131l\u0131 bir tedavi i\u00e7in temel bir \u00f6n ko\u015fuldur. Bu lazer cihazlar, yenilik\u00e7i bir g\u00fcvenlik ilkesine sahiptir: <strong>PerfectPulse Teknolojisi.<\/strong> Bu teknoloji, tedaviyi kornean\u0131n t\u00fcm e\u011fim ve a\u00e7\u0131lar\u0131 dikkate al\u0131narak ger\u00e7ekle\u015ftirmek i\u00e7in geli\u015ftirilmi\u015ftir.   <\/p>\n\n<p>T\u00fcm optik bile\u015fenlerin m\u00fch\u00fcrlenmesi sayesinde, nem ve s\u0131cakl\u0131k gibi \u00e7evresel a\u015f\u0131r\u0131 etkilerden kaynaklanan performans dalgalanmalar\u0131 \u00f6nlenir.<\/p>\n\n<p>G\u00f6z\u00fcn hareketlerini saniyede 400 kez takip eden <strong>y\u00fcksek h\u0131zl\u0131 g\u00f6z izleyici<\/strong>, lazer darbelerini nokta at\u0131\u015f\u0131yla yerle\u015ftirir ve lazer \u0131\u015f\u0131n\u0131n\u0131 6 milisaniyeden daha k\u0131sa s\u00fcrede ayarlar. B\u00f6ylece g\u00f6z hareket etse bile tedavi nokta at\u0131\u015f\u0131yla merkezlenmi\u015f kal\u0131r. <\/p>\n\n<p>Termal etkilerden kaynaklanan g\u00f6z kurumas\u0131 \u00f6nlenir ve b\u00f6ylece iyile\u015fme desteklenir.<\/p>\n\n<figure class=\"wp-block-image aligncenter\"><img decoding=\"async\" class=\"wp-image-512\" title=\"Femto LASIK\" src=\"https:\/\/www.medicaltravel.de\/wp-content\/uploads\/sites\/19\/2019\/06\/Femto-LASIK.jpg\" alt=\"\"><\/figure>\n\n<p><strong>Femto-LASIK<\/strong><\/p>\n\n<p>Klinik ayr\u0131ca <strong>Femto-LASIK<\/strong> tedavisini de sunmaktad\u0131r. Femto-LASIK, Femtosaniye-LASIK, \u2018Lazer-LASIK\u2019 veya \u2018\u0130ntra-LASIK\u2019 olarak da adland\u0131r\u0131l\u0131r ve miyopi, hipermetropi ve astigmatizm tedavisinde g\u00f6z lazerinin en yeni y\u00f6ntemini temsil eder. <\/p>\n\n<p>Femto-LASIK\u2019te, Excimer lazerin yan\u0131 s\u0131ra <strong>Femtosaniye lazer<\/strong> ad\u0131 verilen bir lazer kullan\u0131l\u0131r. Daha \u00f6nce LASIK\u2019te, korneadan ince bir tabaka (flap) kesmek ve a\u00e7mak i\u00e7in \u00f6zel bir \u2018mini rende\u2019 olan mikrokeratom kullan\u0131l\u0131rd\u0131. Modern Femto-LASIK\u2019te, mikrokeratom yerine Femtosaniye lazer kullan\u0131l\u0131r ve b\u00f6ylece LASIK tedavisinin tamamen mekanik cihazlar kullan\u0131lmadan yap\u0131lmas\u0131 m\u00fcmk\u00fcn olur \u2013 bu nedenle \u2018Lazer-LASIK\u2019 terimi kullan\u0131l\u0131r.  <br>Lazer kesimi yap\u0131ld\u0131ktan sonra, kornean\u0131n y\u00fczeysel tabakas\u0131 a\u00e7\u0131l\u0131r ve LASIK\u2019te oldu\u011fu gibi kornea, Excimer lazer ile yeniden \u015fekillendirilerek g\u00f6rme kusuru d\u00fczeltilir.<\/p>\n\n<p>Bu y\u00f6ntem \u00f6zellikle, kornean\u0131n mikrokeratom ile mekanik olarak kesilmesi konusunda daha \u00f6nce endi\u015fesi olan ve lazer kesiminin y\u00fcksek hassasiyetini tercih eden hastalar i\u00e7in uygundur.<\/p>\n\n<p><strong>ReLex Smile LASIK<\/strong><\/p>\n\n<p>ReLEx\u00ae smile, tek bir lazerle ger\u00e7ekle\u015ftirilen ilk g\u00f6z lazer prosed\u00fcr\u00fcd\u00fcr: Femtosaniye lazer VisuMax. Lazer prosed\u00fcr\u00fc a\u011fr\u0131s\u0131zd\u0131r ve LASIK i\u00e7in tipik olan flap gerektirmez.  VisuMax 800 SMILE Pro kullan\u0131lmaktad\u0131r.<\/p>\n\n<p>\u0130lk olarak, Femtosaniye Lazer VisuMax ile kornea i\u00e7 k\u0131sm\u0131ndaki kornea diski (lentikel) haz\u0131rlan\u0131r. Bu s\u0131rada parlak bir nokta g\u00f6r\u00fcrs\u00fcn\u00fcz, ancak neredeyse hi\u00e7bir \u015fey hissetmezsiniz. Lentikel haz\u0131rl\u0131\u011f\u0131n\u0131n hemen ard\u0131ndan, yine VisuMax ile 2 ila 3 mm b\u00fcy\u00fckl\u00fc\u011f\u00fcnde k\u00fc\u00e7\u00fck bir a\u00e7\u0131kl\u0131k a\u00e7\u0131l\u0131r. Cerrah bu a\u00e7\u0131kl\u0131ktan lentik\u00fcl\u00fc gev\u015fetir ve dikkatlice \u00e7\u0131kar\u0131r. Ard\u0131ndan k\u00fc\u00e7\u00fck kesik a\u00e7\u0131kl\u0131\u011f\u0131 tekrar kontrol edilir. Sonras\u0131nda, \u00e7o\u011fu hasta gibi, her \u015feyin ne kadar h\u0131zl\u0131 gitti\u011fine ve ne kadar az \u015fey hissetti\u011finize \u015fa\u015f\u0131racaks\u0131n\u0131z. K\u00fc\u00e7\u00fck a\u00e7\u0131kl\u0131k nedeniyle ameliyat sonras\u0131 herhangi bir \u00f6nlem al\u0131nmas\u0131 gerekmez, genellikle ertesi g\u00fcn spor yapabilir, sa\u00e7\u0131n\u0131z\u0131 y\u0131kayabilir veya du\u015f alabilirsiniz.       Daha fazla bilgi i\u00e7in l\u00fctfen <a href=\"https:\/\/www.medicaltravel.at\/relex-smile-lasik-istanbul-tuerkei\/\">buraya<\/a> t\u0131klay\u0131n.<\/p>\n\t\t\t\t\t\t\t\t<\/div>\n\t\t\t\t\t<\/div>\n\t\t\t\t<\/div>\n\t\t\t\t<\/div>\n\t\t","protected":false},"excerpt":{"rendered":"<p>\u0130stanbul&#8217;da Lasik Fiyatlar G\u00f6z Klini\u011fi Birinci G\u00f6z Klini\u011fi Bat\u0131 G\u00f6z Klini\u011fi Teknoloji G\u00f6z Lazer Teknolojisi \u0130stanbul T\u00fcrk g\u00f6z kliniklerinin iyi itibar\u0131 ve ba\u015far\u0131s\u0131ndan, iyi e\u011fitimli bir ekip kadar, \u00fcst\u00fcn teknoloji de sorumludur. M\u00fckemmel sonu\u00e7lar i\u00e7in en \u00f6nemli \u00f6n ko\u015ful, do\u011fru bir tan\u0131d\u0131r. Bu nedenle WaveLight\u2019ta tan\u0131 sistemleri, lazer cihazlar\u0131yla en uygun \u015fekilde uyumlu hale getirilmi\u015ftir. \u00d6zel bir yaz\u0131l\u0131m yard\u0131m\u0131yla \u00f6l\u00e7\u00fcm sonu\u00e7lar\u0131 lazer sistemlerine aktar\u0131l\u0131r. B\u00f6ylece tedavi, hastan\u0131n g\u00f6z\u00fcn\u00fcn bireysel ihtiya\u00e7lar\u0131na m\u00fckemmel \u015fekilde uyarlanabilir ve g\u00fcvenilir ve hassas bir tedavi sonucu elde edilebilir. Cihazlar New Visx Star S4 Visumax ReLex Smile Pro 800 T\u00fcm cihazlar yenidir. Kliniklerimizde di\u011fer kliniklerden ikinci el cihazlar kullan\u0131lmamaktad\u0131r. G\u00fcvenlik Ya\u015fam kalitemiz, g\u00f6zlerimizin sa\u011fl\u0131\u011f\u0131ndan etkilenir. Bu nedenle g\u00fcvenlik, ba\u015far\u0131l\u0131 bir tedavi i\u00e7in temel bir \u00f6n ko\u015fuldur. Bu lazer cihazlar, yenilik\u00e7i bir g\u00fcvenlik ilkesine sahiptir: PerfectPulse Teknolojisi. Bu teknoloji, tedaviyi kornean\u0131n t\u00fcm e\u011fim ve a\u00e7\u0131lar\u0131 dikkate al\u0131narak ger\u00e7ekle\u015ftirmek i\u00e7in geli\u015ftirilmi\u015ftir. T\u00fcm optik bile\u015fenlerin m\u00fch\u00fcrlenmesi sayesinde, nem ve s\u0131cakl\u0131k gibi \u00e7evresel a\u015f\u0131r\u0131 etkilerden kaynaklanan performans dalgalanmalar\u0131 \u00f6nlenir. G\u00f6z\u00fcn hareketlerini saniyede 400 kez takip eden y\u00fcksek h\u0131zl\u0131 g\u00f6z izleyici, lazer darbelerini nokta at\u0131\u015f\u0131yla yerle\u015ftirir ve lazer \u0131\u015f\u0131n\u0131n\u0131 6 milisaniyeden daha k\u0131sa s\u00fcrede ayarlar. B\u00f6ylece g\u00f6z hareket etse bile tedavi nokta at\u0131\u015f\u0131yla merkezlenmi\u015f kal\u0131r. Termal etkilerden kaynaklanan g\u00f6z kurumas\u0131 \u00f6nlenir ve b\u00f6ylece iyile\u015fme desteklenir. Femto-LASIK Klinik ayr\u0131ca Femto-LASIK tedavisini de sunmaktad\u0131r. Femto-LASIK, Femtosaniye-LASIK, \u2018Lazer-LASIK\u2019 veya \u2018\u0130ntra-LASIK\u2019 olarak da adland\u0131r\u0131l\u0131r ve miyopi, hipermetropi ve astigmatizm tedavisinde g\u00f6z lazerinin en yeni y\u00f6ntemini temsil eder. Femto-LASIK\u2019te, Excimer lazerin yan\u0131 s\u0131ra Femtosaniye lazer ad\u0131 verilen bir lazer kullan\u0131l\u0131r. Daha \u00f6nce LASIK\u2019te, korneadan ince bir tabaka (flap) kesmek ve a\u00e7mak i\u00e7in \u00f6zel bir \u2018mini rende\u2019 olan mikrokeratom kullan\u0131l\u0131rd\u0131. Modern Femto-LASIK\u2019te, mikrokeratom yerine Femtosaniye lazer kullan\u0131l\u0131r ve b\u00f6ylece LASIK tedavisinin tamamen mekanik cihazlar kullan\u0131lmadan yap\u0131lmas\u0131 m\u00fcmk\u00fcn olur \u2013 bu nedenle \u2018Lazer-LASIK\u2019 terimi kullan\u0131l\u0131r. Lazer kesimi yap\u0131ld\u0131ktan sonra, kornean\u0131n y\u00fczeysel tabakas\u0131 a\u00e7\u0131l\u0131r ve LASIK\u2019te oldu\u011fu gibi kornea, Excimer lazer ile yeniden \u015fekillendirilerek g\u00f6rme kusuru d\u00fczeltilir. Bu y\u00f6ntem \u00f6zellikle, kornean\u0131n mikrokeratom ile mekanik olarak kesilmesi konusunda daha \u00f6nce endi\u015fesi olan ve lazer kesiminin y\u00fcksek hassasiyetini tercih eden hastalar i\u00e7in uygundur. ReLex Smile LASIK ReLEx\u00ae smile, tek bir lazerle ger\u00e7ekle\u015ftirilen ilk g\u00f6z lazer prosed\u00fcr\u00fcd\u00fcr: Femtosaniye lazer VisuMax. Lazer prosed\u00fcr\u00fc a\u011fr\u0131s\u0131zd\u0131r ve LASIK i\u00e7in tipik olan flap gerektirmez. VisuMax 800 SMILE Pro kullan\u0131lmaktad\u0131r. \u0130lk olarak, Femtosaniye Lazer VisuMax ile kornea i\u00e7 k\u0131sm\u0131ndaki kornea diski (lentikel) haz\u0131rlan\u0131r. Bu s\u0131rada parlak bir nokta g\u00f6r\u00fcrs\u00fcn\u00fcz, ancak neredeyse hi\u00e7bir \u015fey hissetmezsiniz. Lentikel haz\u0131rl\u0131\u011f\u0131n\u0131n hemen ard\u0131ndan, yine VisuMax ile 2 ila 3 mm b\u00fcy\u00fckl\u00fc\u011f\u00fcnde k\u00fc\u00e7\u00fck bir a\u00e7\u0131kl\u0131k a\u00e7\u0131l\u0131r. Cerrah bu a\u00e7\u0131kl\u0131ktan lentik\u00fcl\u00fc gev\u015fetir ve dikkatlice \u00e7\u0131kar\u0131r. Ard\u0131ndan k\u00fc\u00e7\u00fck kesik a\u00e7\u0131kl\u0131\u011f\u0131 tekrar kontrol edilir. Sonras\u0131nda, \u00e7o\u011fu hasta gibi, her \u015feyin ne kadar h\u0131zl\u0131 gitti\u011fine ve ne kadar az \u015fey hissetti\u011finize \u015fa\u015f\u0131racaks\u0131n\u0131z. K\u00fc\u00e7\u00fck a\u00e7\u0131kl\u0131k nedeniyle ameliyat sonras\u0131 herhangi bir \u00f6nlem al\u0131nmas\u0131 gerekmez, genellikle ertesi g\u00fcn spor yapabilir, sa\u00e7\u0131n\u0131z\u0131 y\u0131kayabilir veya du\u015f alabilirsiniz. Daha fazla bilgi i\u00e7in l\u00fctfen buraya t\u0131klay\u0131n.<\/p>\n","protected":false},"author":4,"featured_media":0,"parent":3725,"menu_order":0,"comment_status":"closed","ping_status":"closed","template":"","meta":{"_joinchat":[],"footnotes":""},"class_list":["post-3874","page","type-page","status-publish","hentry"],"acf":[],"_links":{"self":[{"href":"https:\/\/medicaltravel.at\/tr\/wp-json\/wp\/v2\/pages\/3874","targetHints":{"allow":["GET"]}}],"collection":[{"href":"https:\/\/medicaltravel.at\/tr\/wp-json\/wp\/v2\/pages"}],"about":[{"href":"https:\/\/medicaltravel.at\/tr\/wp-json\/wp\/v2\/types\/page"}],"author":[{"embeddable":true,"href":"https:\/\/medicaltravel.at\/tr\/wp-json\/wp\/v2\/users\/4"}],"replies":[{"embeddable":true,"href":"https:\/\/medicaltravel.at\/tr\/wp-json\/wp\/v2\/comments?post=3874"}],"version-history":[{"count":9,"href":"https:\/\/medicaltravel.at\/tr\/wp-json\/wp\/v2\/pages\/3874\/revisions"}],"predecessor-version":[{"id":5484,"href":"https:\/\/medicaltravel.at\/tr\/wp-json\/wp\/v2\/pages\/3874\/revisions\/5484"}],"up":[{"embeddable":true,"href":"https:\/\/medicaltravel.at\/tr\/wp-json\/wp\/v2\/pages\/3725"}],"wp:attachment":[{"href":"https:\/\/medicaltravel.at\/tr\/wp-json\/wp\/v2\/media?parent=3874"}],"curies":[{"name":"wp","href":"https:\/\/api.w.org\/{rel}","templated":true}]}}