{"id":3852,"date":"2025-09-27T15:04:38","date_gmt":"2025-09-27T14:04:38","guid":{"rendered":"https:\/\/medicaltravel.at\/augenlaser-lasik\/istanbulda-lasik\/istanbulda-goez-lazer-lasik-fiyatlari-ve-maliyetleri\/"},"modified":"2026-01-04T17:22:01","modified_gmt":"2026-01-04T16:22:01","slug":"istanbulda-goez-lazer-lasik-fiyatlari-ve-maliyetleri","status":"publish","type":"page","link":"https:\/\/medicaltravel.at\/tr\/augenlaser-lasik\/istanbulda-lasik\/istanbulda-goez-lazer-lasik-fiyatlari-ve-maliyetleri\/","title":{"rendered":"\u0130stanbul\u2019da G\u00f6z Lazer (Lasik) Fiyatlar\u0131 ve Maliyetleri"},"content":{"rendered":"\t\t<div data-elementor-type=\"wp-page\" data-elementor-id=\"3852\" class=\"elementor elementor-3852 elementor-839\" data-elementor-post-type=\"page\">\n\t\t\t\t<div class=\"elementor-element elementor-element-7c768905 e-flex e-con-boxed wpr-particle-no wpr-jarallax-no wpr-parallax-no wpr-sticky-section-no e-con e-parent\" data-id=\"7c768905\" data-element_type=\"container\" data-e-type=\"container\">\n\t\t\t\t\t<div class=\"e-con-inner\">\n\t\t<div class=\"elementor-element elementor-element-3ef98f1 e-con-full e-flex wpr-particle-no wpr-jarallax-no wpr-parallax-no wpr-sticky-section-no e-con e-child\" data-id=\"3ef98f1\" data-element_type=\"container\" data-e-type=\"container\">\n\t\t\t\t<div class=\"elementor-element elementor-element-72de2d0 elementor-widget elementor-widget-button\" data-id=\"72de2d0\" data-element_type=\"widget\" data-e-type=\"widget\" data-widget_type=\"button.default\">\n\t\t\t\t\t\t\t\t\t\t<a class=\"elementor-button elementor-button-link elementor-size-sm\" href=\"https:\/\/medicaltravel.at\/tr\/augenlaser-lasik\/istanbulda-lasik\/istanbulda-lasik\/\">\n\t\t\t\t\t\t<span class=\"elementor-button-content-wrapper\">\n\t\t\t\t\t\t\t\t\t<span class=\"elementor-button-text\">\u0130stanbul'da Lasik<\/span>\n\t\t\t\t\t<\/span>\n\t\t\t\t\t<\/a>\n\t\t\t\t\t\t\t\t<\/div>\n\t\t\t\t<div class=\"elementor-element elementor-element-eb9fdd4 elementor-widget elementor-widget-button\" data-id=\"eb9fdd4\" data-element_type=\"widget\" data-e-type=\"widget\" data-widget_type=\"button.default\">\n\t\t\t\t\t\t\t\t\t\t<a class=\"elementor-button elementor-button-link elementor-size-sm\" href=\"https:\/\/medicaltravel.at\/tr\/augenlaser-lasik\/istanbulda-lasik\/istanbulda-goez-lazer-lasik-fiyatlari-ve-maliyetleri\/\">\n\t\t\t\t\t\t<span class=\"elementor-button-content-wrapper\">\n\t\t\t\t\t\t\t\t\t<span class=\"elementor-button-text\">Fiyatlar<\/span>\n\t\t\t\t\t<\/span>\n\t\t\t\t\t<\/a>\n\t\t\t\t\t\t\t\t<\/div>\n\t\t\t\t<div class=\"elementor-element elementor-element-da65328 elementor-widget elementor-widget-button\" data-id=\"da65328\" data-element_type=\"widget\" data-e-type=\"widget\" data-widget_type=\"button.default\">\n\t\t\t\t\t\t\t\t\t\t<a class=\"elementor-button elementor-button-link elementor-size-sm\" href=\"https:\/\/medicaltravel.at\/tr\/augenlaser-lasik\/istanbulda-lasik\/istanbul-goez-klinigi\/\">\n\t\t\t\t\t\t<span class=\"elementor-button-content-wrapper\">\n\t\t\t\t\t\t\t\t\t<span class=\"elementor-button-text\">G\u00f6z Klini\u011fi<\/span>\n\t\t\t\t\t<\/span>\n\t\t\t\t\t<\/a>\n\t\t\t\t\t\t\t\t<\/div>\n\t\t\t\t<div class=\"elementor-element elementor-element-458a86e elementor-widget elementor-widget-button\" data-id=\"458a86e\" data-element_type=\"widget\" data-e-type=\"widget\" data-widget_type=\"button.default\">\n\t\t\t\t\t\t\t\t\t\t<a class=\"elementor-button elementor-button-link elementor-size-sm\" href=\"https:\/\/medicaltravel.at\/tr\/augenlaser-lasik\/istanbulda-lasik\/birinci-goez-klinigi\/\">\n\t\t\t\t\t\t<span class=\"elementor-button-content-wrapper\">\n\t\t\t\t\t\t\t\t\t<span class=\"elementor-button-text\">Birinci G\u00f6z Klini\u011fi<\/span>\n\t\t\t\t\t<\/span>\n\t\t\t\t\t<\/a>\n\t\t\t\t\t\t\t\t<\/div>\n\t\t\t\t<div class=\"elementor-element elementor-element-eeb236e elementor-widget elementor-widget-button\" data-id=\"eeb236e\" data-element_type=\"widget\" data-e-type=\"widget\" data-widget_type=\"button.default\">\n\t\t\t\t\t\t\t\t\t\t<a class=\"elementor-button elementor-button-link elementor-size-sm\" href=\"https:\/\/medicaltravel.at\/tr\/augenlaser-lasik\/istanbulda-lasik\/bati-goez-klinigi-istanbul\/\">\n\t\t\t\t\t\t<span class=\"elementor-button-content-wrapper\">\n\t\t\t\t\t\t\t\t\t<span class=\"elementor-button-text\">Bat\u0131 G\u00f6z Klini\u011fi<\/span>\n\t\t\t\t\t<\/span>\n\t\t\t\t\t<\/a>\n\t\t\t\t\t\t\t\t<\/div>\n\t\t\t\t<div class=\"elementor-element elementor-element-e32ef49 elementor-widget elementor-widget-button\" data-id=\"e32ef49\" data-element_type=\"widget\" data-e-type=\"widget\" data-widget_type=\"button.default\">\n\t\t\t\t\t\t\t\t\t\t<a class=\"elementor-button elementor-button-link elementor-size-sm\" href=\"https:\/\/medicaltravel.at\/tr\/augenlaser-lasik\/istanbulda-lasik\/teknoloji-goez-lazer-istanbul\/\">\n\t\t\t\t\t\t<span class=\"elementor-button-content-wrapper\">\n\t\t\t\t\t\t\t\t\t<span class=\"elementor-button-text\">Teknoloji<\/span>\n\t\t\t\t\t<\/span>\n\t\t\t\t\t<\/a>\n\t\t\t\t\t\t\t\t<\/div>\n\t\t\t\t<\/div>\n\t\t\t\t<div class=\"elementor-element elementor-element-e639643 elementor-widget elementor-widget-text-editor\" data-id=\"e639643\" data-element_type=\"widget\" data-e-type=\"widget\" data-widget_type=\"text-editor.default\">\n\t\t\t\t\t\t\t\t\t\n<h2 class=\"wp-block-heading\">\u0130stanbul\u2019da G\u00f6z Lazer Fiyatlar\u0131<\/h2>\n\n<h2 class=\"wp-block-heading\"><strong>\u201cYurtd\u0131\u015f\u0131nda LASIK \u2013 \u0130stanbul, T\u00fcrkiye \u2013 F\u0130YATLAR<\/strong><\/h2>\n\n<p>\u0130<strong>stanbul\u2019daki g\u00f6z lazer ameliyat\u0131n\u0131z i\u00e7in cazip teklif ve fiyatlar\u0131m\u0131z \u015funlard\u0131r: <\/strong>T\u00fcm fiyatlar <strong>her iki g\u00f6z i\u00e7in ge\u00e7erlidir*<\/strong><\/p>\n\n<p><strong>I-LASIK <\/strong>Y\u00f6ntemi, 1300 \u20ac\u2019dan 1450 \u20ac\u2019ya kadar<\/p>\n\n<p><strong>LASEK <\/strong>Y\u00f6ntemi, 1100 \u20ac<\/p>\n\n<p><strong>ReLex Smile Pro LASIK<\/strong>, ab 2200 \u20ac<\/p>\n\n<p><strong>\u00d6n muayene<\/strong>, tedavi uyguland\u0131\u011f\u0131nda \u00fccretsizdir (tedavi uygulanmad\u0131\u011f\u0131nda sadece 100 ila 200 \u20ac aras\u0131nda bir \u00fccret al\u0131n\u0131r).<\/p>\n\n<p><strong>G\u00f6z \u0130\u00e7i Lensleri,<\/strong> 2200 \u20ac\u2019dan yakla\u015f\u0131k 4400 \u20ac\u2019ya kadar<\/p>\n\n<p>Bu fiyatlara \u015funlar dahildir:<\/p>\n\n<ul class=\"wp-block-list\">\n<li>Dan\u0131\u015fmanl\u0131k<\/li>\n\n<li>\u00d6n muayeneler ve dalga cephesi (wavefront) y\u00f6ntemiyle operasyon, ayr\u0131ca ertesi g\u00fcn klinikte kontrol muayenesi<\/li>\n\n<li><strong>\u00dcCRETS\u0130Z!<\/strong> Klinikte veya otelde 2 ila 3 gece konaklama, e\u015finiz veya refakat\u00e7iniz i\u00e7in de ge\u00e7erlidir (ilk g\u00f6z i\u00e7in ge\u00e7erlidir)<\/li>\n\n<li>\u0130kinci olas\u0131 operasyon, ilk i\u015flemden sonra 5 ila 10 y\u0131l i\u00e7inde, ya\u015fa ba\u011fl\u0131 g\u00f6rme bozuklu\u011fu (presbiyopi) hari\u00e7 (g\u00f6z lazeri i\u00e7in ge\u00e7erlidir)<\/li>\n\n<li>Havaalan\u0131, Otel ve Klinik Transferleri<\/li>\n\n<li>Medicaltravelpass<\/li>\n<\/ul>\n\n<p>Ek maliyetler: U\u00e7u\u015flar.<br><em>Bu, u\u00e7u\u015fun mevcut fiyat\u0131na ba\u011fl\u0131 olarak 100 Euro\u2019dan ba\u015flamaktad\u0131r. L\u00fctfen bunu kendiniz rezerve edin.<\/em><\/p>\n\n<p><strong>\u00d6deme<\/strong><br>T\u00fcm hizmetler (u\u00e7u\u015f hari\u00e7) \u0130stanbul\u2019da \u00f6denebilir veya \u00f6nceden MedicalTravel\u2019e havale edilebilir.<\/p>\n\n<p>* T\u00fcm fiyatlar de\u011fi\u015fiklik g\u00f6sterebilir.<\/p>\n\n<p>\u015eimdi<a href=\"https:\/\/medicaltravel.at\/tr\/iletisim\/\" data-type=\"page\" data-id=\"976\"> buradan <\/a>veya <a href=\"https:\/\/web.whatsapp.com\/send?phone=41%2078%20737%2035%2041&amp;text=&amp;source=&amp;data=\" target=\"_blank\" rel=\"noopener\"><strong>WhatsApp<\/strong><\/a> \u00fczerinden bizimle ileti\u015fime ge\u00e7in.<\/p>\n\t\t\t\t\t\t\t\t<\/div>\n\t\t\t\t\t<\/div>\n\t\t\t\t<\/div>\n\t\t\t\t<\/div>\n\t\t","protected":false},"excerpt":{"rendered":"<p>\u0130stanbul&#8217;da Lasik Fiyatlar G\u00f6z Klini\u011fi Birinci G\u00f6z Klini\u011fi Bat\u0131 G\u00f6z Klini\u011fi Teknoloji \u0130stanbul\u2019da G\u00f6z Lazer Fiyatlar\u0131 \u201cYurtd\u0131\u015f\u0131nda LASIK \u2013 \u0130stanbul, T\u00fcrkiye \u2013 F\u0130YATLAR \u0130stanbul\u2019daki g\u00f6z lazer ameliyat\u0131n\u0131z i\u00e7in cazip teklif ve fiyatlar\u0131m\u0131z \u015funlard\u0131r: T\u00fcm fiyatlar her iki g\u00f6z i\u00e7in ge\u00e7erlidir* I-LASIK Y\u00f6ntemi, 1300 \u20ac\u2019dan 1450 \u20ac\u2019ya kadar LASEK Y\u00f6ntemi, 1100 \u20ac ReLex Smile Pro LASIK, ab 2200 \u20ac \u00d6n muayene, tedavi uyguland\u0131\u011f\u0131nda \u00fccretsizdir (tedavi uygulanmad\u0131\u011f\u0131nda sadece 100 ila 200 \u20ac aras\u0131nda bir \u00fccret al\u0131n\u0131r). G\u00f6z \u0130\u00e7i Lensleri, 2200 \u20ac\u2019dan yakla\u015f\u0131k 4400 \u20ac\u2019ya kadar Bu fiyatlara \u015funlar dahildir: Dan\u0131\u015fmanl\u0131k \u00d6n muayeneler ve dalga cephesi (wavefront) y\u00f6ntemiyle operasyon, ayr\u0131ca ertesi g\u00fcn klinikte kontrol muayenesi \u00dcCRETS\u0130Z! Klinikte veya otelde 2 ila 3 gece konaklama, e\u015finiz veya refakat\u00e7iniz i\u00e7in de ge\u00e7erlidir (ilk g\u00f6z i\u00e7in ge\u00e7erlidir) \u0130kinci olas\u0131 operasyon, ilk i\u015flemden sonra 5 ila 10 y\u0131l i\u00e7inde, ya\u015fa ba\u011fl\u0131 g\u00f6rme bozuklu\u011fu (presbiyopi) hari\u00e7 (g\u00f6z lazeri i\u00e7in ge\u00e7erlidir) Havaalan\u0131, Otel ve Klinik Transferleri Medicaltravelpass Ek maliyetler: U\u00e7u\u015flar.Bu, u\u00e7u\u015fun mevcut fiyat\u0131na ba\u011fl\u0131 olarak 100 Euro\u2019dan ba\u015flamaktad\u0131r. L\u00fctfen bunu kendiniz rezerve edin. \u00d6demeT\u00fcm hizmetler (u\u00e7u\u015f hari\u00e7) \u0130stanbul\u2019da \u00f6denebilir veya \u00f6nceden MedicalTravel\u2019e havale edilebilir. * T\u00fcm fiyatlar de\u011fi\u015fiklik g\u00f6sterebilir. \u015eimdi buradan veya WhatsApp \u00fczerinden bizimle ileti\u015fime ge\u00e7in.<\/p>\n","protected":false},"author":4,"featured_media":0,"parent":3725,"menu_order":0,"comment_status":"closed","ping_status":"closed","template":"","meta":{"_joinchat":[],"footnotes":""},"class_list":["post-3852","page","type-page","status-publish","hentry"],"acf":[],"_links":{"self":[{"href":"https:\/\/medicaltravel.at\/tr\/wp-json\/wp\/v2\/pages\/3852","targetHints":{"allow":["GET"]}}],"collection":[{"href":"https:\/\/medicaltravel.at\/tr\/wp-json\/wp\/v2\/pages"}],"about":[{"href":"https:\/\/medicaltravel.at\/tr\/wp-json\/wp\/v2\/types\/page"}],"author":[{"embeddable":true,"href":"https:\/\/medicaltravel.at\/tr\/wp-json\/wp\/v2\/users\/4"}],"replies":[{"embeddable":true,"href":"https:\/\/medicaltravel.at\/tr\/wp-json\/wp\/v2\/comments?post=3852"}],"version-history":[{"count":10,"href":"https:\/\/medicaltravel.at\/tr\/wp-json\/wp\/v2\/pages\/3852\/revisions"}],"predecessor-version":[{"id":5381,"href":"https:\/\/medicaltravel.at\/tr\/wp-json\/wp\/v2\/pages\/3852\/revisions\/5381"}],"up":[{"embeddable":true,"href":"https:\/\/medicaltravel.at\/tr\/wp-json\/wp\/v2\/pages\/3725"}],"wp:attachment":[{"href":"https:\/\/medicaltravel.at\/tr\/wp-json\/wp\/v2\/media?parent=3852"}],"curies":[{"name":"wp","href":"https:\/\/api.w.org\/{rel}","templated":true}]}}