{"id":3798,"date":"2025-09-27T15:06:18","date_gmt":"2025-09-27T14:06:18","guid":{"rendered":"https:\/\/medicaltravel.at\/augenlaser-lasik\/istanbulda-lasik\/birinci-goez-klinigi\/"},"modified":"2026-01-04T20:46:49","modified_gmt":"2026-01-04T19:46:49","slug":"birinci-goez-klinigi","status":"publish","type":"page","link":"https:\/\/medicaltravel.at\/tr\/augenlaser-lasik\/istanbulda-lasik\/birinci-goez-klinigi\/","title":{"rendered":"Birinci G\u00f6z Klini\u011fi"},"content":{"rendered":"\t\t<div data-elementor-type=\"wp-page\" data-elementor-id=\"3798\" class=\"elementor elementor-3798 elementor-843\" data-elementor-post-type=\"page\">\n\t\t\t\t<div class=\"elementor-element elementor-element-7dba9cc0 e-flex e-con-boxed wpr-particle-no wpr-jarallax-no wpr-parallax-no wpr-sticky-section-no e-con e-parent\" data-id=\"7dba9cc0\" data-element_type=\"container\" data-e-type=\"container\">\n\t\t\t\t\t<div class=\"e-con-inner\">\n\t\t<div class=\"elementor-element elementor-element-f7cfe46 e-con-full e-flex wpr-particle-no wpr-jarallax-no wpr-parallax-no wpr-sticky-section-no e-con e-child\" data-id=\"f7cfe46\" data-element_type=\"container\" data-e-type=\"container\">\n\t\t\t\t<div class=\"elementor-element elementor-element-66e677f elementor-widget elementor-widget-button\" data-id=\"66e677f\" data-element_type=\"widget\" data-e-type=\"widget\" data-widget_type=\"button.default\">\n\t\t\t\t\t\t\t\t\t\t<a class=\"elementor-button elementor-button-link elementor-size-sm\" href=\"https:\/\/medicaltravel.at\/tr\/augenlaser-lasik\/istanbulda-lasik\/istanbulda-lasik\/\">\n\t\t\t\t\t\t<span class=\"elementor-button-content-wrapper\">\n\t\t\t\t\t\t\t\t\t<span class=\"elementor-button-text\">\u0130stanbul'da Lasik<\/span>\n\t\t\t\t\t<\/span>\n\t\t\t\t\t<\/a>\n\t\t\t\t\t\t\t\t<\/div>\n\t\t\t\t<div class=\"elementor-element elementor-element-402b8fa elementor-widget elementor-widget-button\" data-id=\"402b8fa\" data-element_type=\"widget\" data-e-type=\"widget\" data-widget_type=\"button.default\">\n\t\t\t\t\t\t\t\t\t\t<a class=\"elementor-button elementor-button-link elementor-size-sm\" href=\"https:\/\/medicaltravel.at\/tr\/augenlaser-lasik\/istanbulda-lasik\/istanbulda-goez-lazer-lasik-fiyatlari-ve-maliyetleri\/\">\n\t\t\t\t\t\t<span class=\"elementor-button-content-wrapper\">\n\t\t\t\t\t\t\t\t\t<span class=\"elementor-button-text\">Fiyatlar<\/span>\n\t\t\t\t\t<\/span>\n\t\t\t\t\t<\/a>\n\t\t\t\t\t\t\t\t<\/div>\n\t\t\t\t<div class=\"elementor-element elementor-element-d22195e elementor-widget elementor-widget-button\" data-id=\"d22195e\" data-element_type=\"widget\" data-e-type=\"widget\" data-widget_type=\"button.default\">\n\t\t\t\t\t\t\t\t\t\t<a class=\"elementor-button elementor-button-link elementor-size-sm\" href=\"https:\/\/medicaltravel.at\/tr\/augenlaser-lasik\/istanbulda-lasik\/istanbul-goez-klinigi\/\">\n\t\t\t\t\t\t<span class=\"elementor-button-content-wrapper\">\n\t\t\t\t\t\t\t\t\t<span class=\"elementor-button-text\">G\u00f6z Klini\u011fi<\/span>\n\t\t\t\t\t<\/span>\n\t\t\t\t\t<\/a>\n\t\t\t\t\t\t\t\t<\/div>\n\t\t\t\t<div class=\"elementor-element elementor-element-04f6952 elementor-widget elementor-widget-button\" data-id=\"04f6952\" data-element_type=\"widget\" data-e-type=\"widget\" data-widget_type=\"button.default\">\n\t\t\t\t\t\t\t\t\t\t<a class=\"elementor-button elementor-button-link elementor-size-sm\" href=\"https:\/\/medicaltravel.at\/tr\/augenlaser-lasik\/istanbulda-lasik\/birinci-goez-klinigi\/\">\n\t\t\t\t\t\t<span class=\"elementor-button-content-wrapper\">\n\t\t\t\t\t\t\t\t\t<span class=\"elementor-button-text\">Birinci G\u00f6z Klini\u011fi<\/span>\n\t\t\t\t\t<\/span>\n\t\t\t\t\t<\/a>\n\t\t\t\t\t\t\t\t<\/div>\n\t\t\t\t<div class=\"elementor-element elementor-element-ca37aa3 elementor-widget elementor-widget-button\" data-id=\"ca37aa3\" data-element_type=\"widget\" data-e-type=\"widget\" data-widget_type=\"button.default\">\n\t\t\t\t\t\t\t\t\t\t<a class=\"elementor-button elementor-button-link elementor-size-sm\" href=\"https:\/\/medicaltravel.at\/tr\/augenlaser-lasik\/istanbulda-lasik\/bati-goez-klinigi-istanbul\/\">\n\t\t\t\t\t\t<span class=\"elementor-button-content-wrapper\">\n\t\t\t\t\t\t\t\t\t<span class=\"elementor-button-text\">Bat\u0131 G\u00f6z Klini\u011fi<\/span>\n\t\t\t\t\t<\/span>\n\t\t\t\t\t<\/a>\n\t\t\t\t\t\t\t\t<\/div>\n\t\t\t\t<div class=\"elementor-element elementor-element-6d1f3b4 elementor-widget elementor-widget-button\" data-id=\"6d1f3b4\" data-element_type=\"widget\" data-e-type=\"widget\" data-widget_type=\"button.default\">\n\t\t\t\t\t\t\t\t\t\t<a class=\"elementor-button elementor-button-link elementor-size-sm\" href=\"https:\/\/medicaltravel.at\/tr\/augenlaser-lasik\/istanbulda-lasik\/teknoloji-goez-lazer-istanbul\/\">\n\t\t\t\t\t\t<span class=\"elementor-button-content-wrapper\">\n\t\t\t\t\t\t\t\t\t<span class=\"elementor-button-text\">Teknoloji<\/span>\n\t\t\t\t\t<\/span>\n\t\t\t\t\t<\/a>\n\t\t\t\t\t\t\t\t<\/div>\n\t\t\t\t<\/div>\n\t\t\t\t<div class=\"elementor-element elementor-element-2c1391b8 elementor-widget elementor-widget-text-editor\" data-id=\"2c1391b8\" data-element_type=\"widget\" data-e-type=\"widget\" data-widget_type=\"text-editor.default\">\n\t\t\t\t\t\t\t\t\t\n<h3 class=\"wp-block-heading\">Birinci G\u00f6z Lazer Klini\u011fi \u0130stanbul &#8211; T\u00fcrkiye<\/h3>\n\n<h3 class=\"wp-block-heading\"><strong>\u0130stanbul&#8217;daki G\u00f6z Lazer Klini\u011fi<\/strong><\/h3>\n\n<figure class=\"wp-block-image size-full\"><img fetchpriority=\"high\" decoding=\"async\" width=\"504\" height=\"300\" class=\"wp-image-1495\" src=\"https:\/\/medicaltravel.at\/wp-content\/uploads\/2025\/09\/Die-Augenlaserklinik-Birinci-in-Istanbul.jpg\" alt=\"\" srcset=\"https:\/\/medicaltravel.at\/wp-content\/uploads\/2025\/09\/Die-Augenlaserklinik-Birinci-in-Istanbul.jpg 504w, https:\/\/medicaltravel.at\/wp-content\/uploads\/2025\/09\/Die-Augenlaserklinik-Birinci-in-Istanbul-300x179.jpg 300w\" sizes=\"(max-width: 504px) 100vw, 504px\" \/><\/figure>\n\n<p id=\"caption-attachment-470\">\u0130stanbul&#8217;daki Birinci G\u00f6z Lazer Klini\u011fi<\/p>\n\n<p><strong>\u0130stanbul&#8217;daki G\u00f6z Lazer Klini\u011fi<\/strong><\/p>\n\n<p>MedicalTravel, <strong>d\u00fcnyan\u0131n en sayg\u0131n ve en iyi g\u00f6z lazer kliniklerinden<\/strong> biri olan Birinci G\u00f6z Klini\u011fi&#8217;nde g\u00f6z ameliyat\u0131 olman\u0131z\u0131 sa\u011flar.<\/p>\n\n<p>Klinik, toplam 8 kat ve 11.000 m\u00b2&#8217;lik bir alanda 25 muayene odas\u0131, 8 ameliyathane ve 41 yatak bulunmaktad\u0131r. Bunlar\u0131n aras\u0131nda 5 y\u0131ld\u0131zl\u0131 bir otelin konforuna sahip VIP konaklama odalar\u0131 da bulunmaktad\u0131r. <\/p>\n\n<p>FirstEye \u2013 Birincig\u00f6z G\u00f6z Lazer Merkezi, cerrahi m\u00fcdahaleleri en g\u00fcvenli ve rahat \u015fekilde ger\u00e7ekle\u015ftirebilmek i\u00e7in femtosaniye lazer ve Excimer Lazer VISX Star S4 gibi en modern teknolojik cihazlara sahiptir.<\/p>\n\n<p><strong>Kalite Y\u00f6netimi<\/strong><\/p>\n\n<p>T\u00dcV Sertifikas\u0131 ISO 9001, 20 y\u0131ld\u0131r verilen s\u00fcre\u00e7 odakl\u0131 bir kalite y\u00f6netim sertifikas\u0131d\u0131r. Esas olarak s\u00fcre\u00e7lerin optimizasyonunu yans\u0131t\u0131r ve t\u0131bbi tedavinin kalitesi veya kullan\u0131lan aletlerin teknik durumu hakk\u0131nda bilgi verir. <\/p>\n\n<figure class=\"wp-block-image size-full\"><img decoding=\"async\" width=\"487\" height=\"329\" class=\"wp-image-1497\" src=\"https:\/\/medicaltravel.at\/wp-content\/uploads\/2025\/09\/Birinci-Augenklinik-Der-Empfang.jpg\" alt=\"\" srcset=\"https:\/\/medicaltravel.at\/wp-content\/uploads\/2025\/09\/Birinci-Augenklinik-Der-Empfang.jpg 487w, https:\/\/medicaltravel.at\/wp-content\/uploads\/2025\/09\/Birinci-Augenklinik-Der-Empfang-300x203.jpg 300w\" sizes=\"(max-width: 487px) 100vw, 487px\" \/><\/figure>\n\n<p>G\u00f6rme bozukluklar\u0131n\u0131n tedavisi i\u00e7in sadece en son teknolojiye sahip modern cihazlar kullan\u0131lmaktad\u0131r.<\/p>\n\n<ul class=\"wp-block-list\">\n<li>ALLEGRO Topolyzer<\/li>\n\n<li>VISX Star S4 Excimer Lazer<\/li>\n\n<li>Intralase Femto Lasik<\/li>\n<\/ul>\n\n<p>Amerikal\u0131 VISX firmas\u0131n\u0131n Excimer Lazer VISX Star S4 cihaz\u0131, y\u0131llard\u0131r g\u00f6z lazer ameliyatlar\u0131nda teknolojik olarak en geli\u015fmi\u015f ve en s\u0131k kullan\u0131lan lazer cihazlar\u0131 aras\u0131nda yer almaktad\u0131r. \u00c7ok say\u0131da \u00e7al\u0131\u015fma, Excimer Lazer VISX STAR S4&#8217;\u00fcn \u015fu anda piyasada bulunan di\u011fer lazer sistemlerine k\u0131yasla \u00e7ok y\u00fcksek g\u00fcvenilirli\u011fi ve ola\u011fan\u00fcst\u00fc hassasiyetini do\u011frulamaktad\u0131r. Excimer Lazer ile Intralase Femtosaniye Lazer&#8217;in birle\u015ftirilmesi, g\u00f6z lazer tedavisinin en modern y\u00f6ntemini ortaya \u00e7\u0131karmaktad\u0131r. Bu y\u00f6ntem, iLasik veya bireysel Lasik olarak adland\u0131r\u0131lmaktad\u0131r.   <\/p>\n\n<p><strong>Dikkatli tedaviniz i\u00e7in ba\u015fhekim<\/strong><\/p>\n\n<p>Dr. Faik Oru\u00e7oglu, bug\u00fcne kadar say\u0131s\u0131z g\u00f6z lazer ameliyat\u0131n\u0131 ba\u015far\u0131yla ger\u00e7ekle\u015ftirmi\u015f ve bu alanda en iyilerden biridir.<\/p>\n\n<figure class=\"wp-block-image size-full\"><img decoding=\"async\" width=\"487\" height=\"273\" class=\"wp-image-1498\" src=\"https:\/\/medicaltravel.at\/wp-content\/uploads\/2025\/09\/Operationssaal-von-der-Augenklinik-in-Istanbul.jpg\" alt=\"\" srcset=\"https:\/\/medicaltravel.at\/wp-content\/uploads\/2025\/09\/Operationssaal-von-der-Augenklinik-in-Istanbul.jpg 487w, https:\/\/medicaltravel.at\/wp-content\/uploads\/2025\/09\/Operationssaal-von-der-Augenklinik-in-Istanbul-300x168.jpg 300w\" sizes=\"(max-width: 487px) 100vw, 487px\" \/><\/figure>\n\n<p>Dr. Sinan G\u00f6ker y\u00f6netimindeki \u0130stanbul Cerrahi Hastanesi&#8217;nde birka\u00e7 y\u0131l ba\u015far\u0131yla \u00e7al\u0131\u015fm\u0131\u015ft\u0131r.<\/p>\n\t\t\t\t\t\t\t\t<\/div>\n\t\t\t\t\t<\/div>\n\t\t\t\t<\/div>\n\t\t\t\t<\/div>\n\t\t","protected":false},"excerpt":{"rendered":"<p>\u0130stanbul&#8217;da Lasik Fiyatlar G\u00f6z Klini\u011fi Birinci G\u00f6z Klini\u011fi Bat\u0131 G\u00f6z Klini\u011fi Teknoloji Birinci G\u00f6z Lazer Klini\u011fi \u0130stanbul &#8211; T\u00fcrkiye \u0130stanbul&#8217;daki G\u00f6z Lazer Klini\u011fi \u0130stanbul&#8217;daki Birinci G\u00f6z Lazer Klini\u011fi \u0130stanbul&#8217;daki G\u00f6z Lazer Klini\u011fi MedicalTravel, d\u00fcnyan\u0131n en sayg\u0131n ve en iyi g\u00f6z lazer kliniklerinden biri olan Birinci G\u00f6z Klini\u011fi&#8217;nde g\u00f6z ameliyat\u0131 olman\u0131z\u0131 sa\u011flar. Klinik, toplam 8 kat ve 11.000 m\u00b2&#8217;lik bir alanda 25 muayene odas\u0131, 8 ameliyathane ve 41 yatak bulunmaktad\u0131r. Bunlar\u0131n aras\u0131nda 5 y\u0131ld\u0131zl\u0131 bir otelin konforuna sahip VIP konaklama odalar\u0131 da bulunmaktad\u0131r. FirstEye \u2013 Birincig\u00f6z G\u00f6z Lazer Merkezi, cerrahi m\u00fcdahaleleri en g\u00fcvenli ve rahat \u015fekilde ger\u00e7ekle\u015ftirebilmek i\u00e7in femtosaniye lazer ve Excimer Lazer VISX Star S4 gibi en modern teknolojik cihazlara sahiptir. Kalite Y\u00f6netimi T\u00dcV Sertifikas\u0131 ISO 9001, 20 y\u0131ld\u0131r verilen s\u00fcre\u00e7 odakl\u0131 bir kalite y\u00f6netim sertifikas\u0131d\u0131r. Esas olarak s\u00fcre\u00e7lerin optimizasyonunu yans\u0131t\u0131r ve t\u0131bbi tedavinin kalitesi veya kullan\u0131lan aletlerin teknik durumu hakk\u0131nda bilgi verir. G\u00f6rme bozukluklar\u0131n\u0131n tedavisi i\u00e7in sadece en son teknolojiye sahip modern cihazlar kullan\u0131lmaktad\u0131r. ALLEGRO Topolyzer VISX Star S4 Excimer Lazer Intralase Femto Lasik Amerikal\u0131 VISX firmas\u0131n\u0131n Excimer Lazer VISX Star S4 cihaz\u0131, y\u0131llard\u0131r g\u00f6z lazer ameliyatlar\u0131nda teknolojik olarak en geli\u015fmi\u015f ve en s\u0131k kullan\u0131lan lazer cihazlar\u0131 aras\u0131nda yer almaktad\u0131r. \u00c7ok say\u0131da \u00e7al\u0131\u015fma, Excimer Lazer VISX STAR S4&#8217;\u00fcn \u015fu anda piyasada bulunan di\u011fer lazer sistemlerine k\u0131yasla \u00e7ok y\u00fcksek g\u00fcvenilirli\u011fi ve ola\u011fan\u00fcst\u00fc hassasiyetini do\u011frulamaktad\u0131r. Excimer Lazer ile Intralase Femtosaniye Lazer&#8217;in birle\u015ftirilmesi, g\u00f6z lazer tedavisinin en modern y\u00f6ntemini ortaya \u00e7\u0131karmaktad\u0131r. Bu y\u00f6ntem, iLasik veya bireysel Lasik olarak adland\u0131r\u0131lmaktad\u0131r. Dikkatli tedaviniz i\u00e7in ba\u015fhekim Dr. Faik Oru\u00e7oglu, bug\u00fcne kadar say\u0131s\u0131z g\u00f6z lazer ameliyat\u0131n\u0131 ba\u015far\u0131yla ger\u00e7ekle\u015ftirmi\u015f ve bu alanda en iyilerden biridir. Dr. Sinan G\u00f6ker y\u00f6netimindeki \u0130stanbul Cerrahi Hastanesi&#8217;nde birka\u00e7 y\u0131l ba\u015far\u0131yla \u00e7al\u0131\u015fm\u0131\u015ft\u0131r.<\/p>\n","protected":false},"author":4,"featured_media":0,"parent":3725,"menu_order":0,"comment_status":"closed","ping_status":"closed","template":"","meta":{"_joinchat":[],"footnotes":""},"class_list":["post-3798","page","type-page","status-publish","hentry"],"acf":[],"_links":{"self":[{"href":"https:\/\/medicaltravel.at\/tr\/wp-json\/wp\/v2\/pages\/3798","targetHints":{"allow":["GET"]}}],"collection":[{"href":"https:\/\/medicaltravel.at\/tr\/wp-json\/wp\/v2\/pages"}],"about":[{"href":"https:\/\/medicaltravel.at\/tr\/wp-json\/wp\/v2\/types\/page"}],"author":[{"embeddable":true,"href":"https:\/\/medicaltravel.at\/tr\/wp-json\/wp\/v2\/users\/4"}],"replies":[{"embeddable":true,"href":"https:\/\/medicaltravel.at\/tr\/wp-json\/wp\/v2\/comments?post=3798"}],"version-history":[{"count":14,"href":"https:\/\/medicaltravel.at\/tr\/wp-json\/wp\/v2\/pages\/3798\/revisions"}],"predecessor-version":[{"id":5480,"href":"https:\/\/medicaltravel.at\/tr\/wp-json\/wp\/v2\/pages\/3798\/revisions\/5480"}],"up":[{"embeddable":true,"href":"https:\/\/medicaltravel.at\/tr\/wp-json\/wp\/v2\/pages\/3725"}],"wp:attachment":[{"href":"https:\/\/medicaltravel.at\/tr\/wp-json\/wp\/v2\/media?parent=3798"}],"curies":[{"name":"wp","href":"https:\/\/api.w.org\/{rel}","templated":true}]}}