{"id":3770,"date":"2025-09-27T15:07:00","date_gmt":"2025-09-27T14:07:00","guid":{"rendered":"https:\/\/medicaltravel.at\/augenlaser-lasik\/istanbulda-lasik\/bati-goez-klinigi-istanbul\/"},"modified":"2026-01-04T17:22:02","modified_gmt":"2026-01-04T16:22:02","slug":"bati-goez-klinigi-istanbul","status":"publish","type":"page","link":"https:\/\/medicaltravel.at\/tr\/augenlaser-lasik\/istanbulda-lasik\/bati-goez-klinigi-istanbul\/","title":{"rendered":"Bat\u0131 G\u00f6z Klini\u011fi \u0130stanbul"},"content":{"rendered":"\t\t<div data-elementor-type=\"wp-page\" data-elementor-id=\"3770\" class=\"elementor elementor-3770 elementor-845\" data-elementor-post-type=\"page\">\n\t\t\t\t<div class=\"elementor-element elementor-element-44877cde e-flex e-con-boxed wpr-particle-no wpr-jarallax-no wpr-parallax-no wpr-sticky-section-no e-con e-parent\" data-id=\"44877cde\" data-element_type=\"container\" data-e-type=\"container\">\n\t\t\t\t\t<div class=\"e-con-inner\">\n\t\t<div class=\"elementor-element elementor-element-41227ca e-con-full e-flex wpr-particle-no wpr-jarallax-no wpr-parallax-no wpr-sticky-section-no e-con e-child\" data-id=\"41227ca\" data-element_type=\"container\" data-e-type=\"container\">\n\t\t\t\t<div class=\"elementor-element elementor-element-edf37c7 elementor-widget elementor-widget-button\" data-id=\"edf37c7\" data-element_type=\"widget\" data-e-type=\"widget\" data-widget_type=\"button.default\">\n\t\t\t\t\t\t\t\t\t\t<a class=\"elementor-button elementor-button-link elementor-size-sm\" href=\"https:\/\/medicaltravel.at\/tr\/augenlaser-lasik\/istanbulda-lasik\/istanbulda-lasik\/\">\n\t\t\t\t\t\t<span class=\"elementor-button-content-wrapper\">\n\t\t\t\t\t\t\t\t\t<span class=\"elementor-button-text\">\u0130stanbul'da Lasik<\/span>\n\t\t\t\t\t<\/span>\n\t\t\t\t\t<\/a>\n\t\t\t\t\t\t\t\t<\/div>\n\t\t\t\t<div class=\"elementor-element elementor-element-a711c21 elementor-widget elementor-widget-button\" data-id=\"a711c21\" data-element_type=\"widget\" data-e-type=\"widget\" data-widget_type=\"button.default\">\n\t\t\t\t\t\t\t\t\t\t<a class=\"elementor-button elementor-button-link elementor-size-sm\" href=\"https:\/\/medicaltravel.at\/tr\/augenlaser-lasik\/istanbulda-lasik\/istanbulda-goez-lazer-lasik-fiyatlari-ve-maliyetleri\/\">\n\t\t\t\t\t\t<span class=\"elementor-button-content-wrapper\">\n\t\t\t\t\t\t\t\t\t<span class=\"elementor-button-text\">Fiyatlar<\/span>\n\t\t\t\t\t<\/span>\n\t\t\t\t\t<\/a>\n\t\t\t\t\t\t\t\t<\/div>\n\t\t\t\t<div class=\"elementor-element elementor-element-febe036 elementor-widget elementor-widget-button\" data-id=\"febe036\" data-element_type=\"widget\" data-e-type=\"widget\" data-widget_type=\"button.default\">\n\t\t\t\t\t\t\t\t\t\t<a class=\"elementor-button elementor-button-link elementor-size-sm\" href=\"https:\/\/medicaltravel.at\/tr\/augenlaser-lasik\/istanbulda-lasik\/istanbul-goez-klinigi\/\">\n\t\t\t\t\t\t<span class=\"elementor-button-content-wrapper\">\n\t\t\t\t\t\t\t\t\t<span class=\"elementor-button-text\">G\u00f6z Klini\u011fi<\/span>\n\t\t\t\t\t<\/span>\n\t\t\t\t\t<\/a>\n\t\t\t\t\t\t\t\t<\/div>\n\t\t\t\t<div class=\"elementor-element elementor-element-286444e elementor-widget elementor-widget-button\" data-id=\"286444e\" data-element_type=\"widget\" data-e-type=\"widget\" data-widget_type=\"button.default\">\n\t\t\t\t\t\t\t\t\t\t<a class=\"elementor-button elementor-button-link elementor-size-sm\" href=\"https:\/\/medicaltravel.at\/tr\/augenlaser-lasik\/istanbulda-lasik\/birinci-goez-klinigi\/\">\n\t\t\t\t\t\t<span class=\"elementor-button-content-wrapper\">\n\t\t\t\t\t\t\t\t\t<span class=\"elementor-button-text\">Birinci G\u00f6z Klini\u011fi<\/span>\n\t\t\t\t\t<\/span>\n\t\t\t\t\t<\/a>\n\t\t\t\t\t\t\t\t<\/div>\n\t\t\t\t<div class=\"elementor-element elementor-element-ffcf2e5 elementor-widget elementor-widget-button\" data-id=\"ffcf2e5\" data-element_type=\"widget\" data-e-type=\"widget\" data-widget_type=\"button.default\">\n\t\t\t\t\t\t\t\t\t\t<a class=\"elementor-button elementor-button-link elementor-size-sm\" href=\"https:\/\/medicaltravel.at\/tr\/augenlaser-lasik\/istanbulda-lasik\/bati-goez-klinigi-istanbul\/\">\n\t\t\t\t\t\t<span class=\"elementor-button-content-wrapper\">\n\t\t\t\t\t\t\t\t\t<span class=\"elementor-button-text\">Bat\u0131 G\u00f6z Klini\u011fi<\/span>\n\t\t\t\t\t<\/span>\n\t\t\t\t\t<\/a>\n\t\t\t\t\t\t\t\t<\/div>\n\t\t\t\t<div class=\"elementor-element elementor-element-03d619a elementor-widget elementor-widget-button\" data-id=\"03d619a\" data-element_type=\"widget\" data-e-type=\"widget\" data-widget_type=\"button.default\">\n\t\t\t\t\t\t\t\t\t\t<a class=\"elementor-button elementor-button-link elementor-size-sm\" href=\"https:\/\/medicaltravel.at\/tr\/augenlaser-lasik\/istanbulda-lasik\/teknoloji-goez-lazer-istanbul\/\">\n\t\t\t\t\t\t<span class=\"elementor-button-content-wrapper\">\n\t\t\t\t\t\t\t\t\t<span class=\"elementor-button-text\">Teknoloji<\/span>\n\t\t\t\t\t<\/span>\n\t\t\t\t\t<\/a>\n\t\t\t\t\t\t\t\t<\/div>\n\t\t\t\t<\/div>\n\t\t\t\t<div class=\"elementor-element elementor-element-78bf3d2f elementor-widget elementor-widget-text-editor\" data-id=\"78bf3d2f\" data-element_type=\"widget\" data-e-type=\"widget\" data-widget_type=\"text-editor.default\">\n\t\t\t\t\t\t\t\t\t\n<h2 class=\"wp-block-heading\">\u0130stanbul-T\u00fcrkiye&#8217;nin en iyi g\u00f6z lazer klini\u011fi<\/h2>\n\n<h2 class=\"wp-block-heading\"><strong>\u0130stanbul&#8217;da ReLex Smile Lasik<\/strong><\/h2>\n\n<figure class=\"wp-block-image size-full\"><img fetchpriority=\"high\" decoding=\"async\" width=\"408\" height=\"300\" class=\"wp-image-1500\" src=\"https:\/\/medicaltravel.at\/wp-content\/uploads\/2025\/09\/Bati-Augenklinik-in-Istanbul.jpg\" alt=\"\" srcset=\"https:\/\/medicaltravel.at\/wp-content\/uploads\/2025\/09\/Bati-Augenklinik-in-Istanbul.jpg 408w, https:\/\/medicaltravel.at\/wp-content\/uploads\/2025\/09\/Bati-Augenklinik-in-Istanbul-300x221.jpg 300w\" sizes=\"(max-width: 408px) 100vw, 408px\" \/><\/figure>\n\n<p id=\"caption-attachment-480\">\u0130stanbul&#8217;daki Bat\u0131 G\u00f6z Klini\u011fi<\/p>\n\n<p><strong>\u0130stanbul&#8217;<\/strong>daki <strong>BATI G\u00d6Z G\u00f6z Hastanesi,<\/strong> <strong>T\u00fcrkiye&#8217;nin en iyi g\u00f6z hastanelerinden<\/strong> biridir.<\/p>\n\n<p>\u0130stanbul&#8217;daki \u201cBATI G\u00d6Z\u201d G\u00f6z Klini\u011fi, Bo\u011faz&#8217;daki en modern ve en b\u00fcy\u00fck g\u00f6z kliniklerinden biridir. G\u00f6z klini\u011fi, CARL ZEISS \u015firketi taraf\u0131ndan \u201cM\u00fckemmellik Sertifikas\u0131\u201d ile sertifikaland\u0131r\u0131lm\u0131\u015f tek t\u0131p kurumudur. Her y\u0131l yakla\u015f\u0131k 5.000 hasta, y\u00fcksek nitelikli doktorlar taraf\u0131ndan ba\u015far\u0131yla tedavi edilmektedir. Klinik grubu, oftalmoloji alan\u0131nda \u00e7e\u015fitli disiplinlerde uzmanla\u015fm\u0131\u015f yetkin bir t\u0131bbi kadroya sahiptir.   <\/p>\n\n<p><strong>Bat\u0131 G\u00f6z Klini\u011fi,<\/strong> en yeni g\u00f6z lazer y\u00f6ntemi olan <strong>ReLex Smile Lasik<\/strong>&#8216;i de ba\u015far\u0131yla sunmaktad\u0131r.<\/p>\n\n<p><strong>ReLEx Smile Lasik nedir?<\/strong><br><a href=\"https:\/\/medicaltravel.at\/tr\/relex-smile-lasik-tuerkiye-istanbul-antalya-izmir\/\" data-type=\"page\" data-id=\"809\">ReLEx\u00ae smile,<\/a> tek bir lazerle ger\u00e7ekle\u015ftirilen ilk lazer g\u00f6z ameliyat\u0131d\u0131r: femtosaniye lazer VisuMax. Lazer ameliyat\u0131 a\u011fr\u0131s\u0131zd\u0131r ve LASIK ameliyatlar\u0131nda kullan\u0131lan tipik flep olu\u015fturma i\u015flemini gerektirmez. <\/p>\n\n<figure class=\"wp-block-image size-full\"><img decoding=\"async\" width=\"300\" height=\"225\" class=\"wp-image-1501\" src=\"https:\/\/medicaltravel.at\/wp-content\/uploads\/2025\/09\/MEL-90-Excimer-Laser-amp-VisuMax-Femto-Laser-Relax-Smile-300x225-1.jpg\" alt=\"\"><\/figure>\n\n<p>\u0130lk olarak, Femtosaniye Lazer VisuMax ile kornea i\u00e7 k\u0131sm\u0131ndaki kornea diski (lentikel) haz\u0131rlan\u0131r. Bu s\u0131rada parlak bir nokta g\u00f6r\u00fcrs\u00fcn\u00fcz, ancak neredeyse hi\u00e7bir \u015fey hissetmezsiniz. Lentikel haz\u0131rl\u0131\u011f\u0131n\u0131n hemen ard\u0131ndan, yine VisuMax ile 2 ila 3 mm b\u00fcy\u00fckl\u00fc\u011f\u00fcnde k\u00fc\u00e7\u00fck bir a\u00e7\u0131kl\u0131k a\u00e7\u0131l\u0131r. Cerrah bu a\u00e7\u0131kl\u0131ktan lentik\u00fcl\u00fc gev\u015fetir ve dikkatlice \u00e7\u0131kar\u0131r. Ard\u0131ndan k\u00fc\u00e7\u00fck kesik a\u00e7\u0131kl\u0131\u011f\u0131 tekrar kontrol edilir. Sonras\u0131nda, \u00e7o\u011fu hasta gibi, her \u015feyin ne kadar h\u0131zl\u0131 gitti\u011fine ve ne kadar az \u015fey hissetti\u011finize \u015fa\u015f\u0131racaks\u0131n\u0131z. K\u00fc\u00e7\u00fck a\u00e7\u0131kl\u0131k nedeniyle ameliyat sonras\u0131 herhangi bir \u00f6nlem al\u0131nmas\u0131 gerekmez, genellikle ertesi g\u00fcn spor yapabilir, sa\u00e7\u0131n\u0131z\u0131 y\u0131kayabilir veya du\u015f alabilirsiniz.      <\/p>\n\n<p><strong>Doktorlar Kimlerdir?<\/strong><\/p>\n\n<p><strong>Dr. Mehmet S\u00f6yler<\/strong><\/p>\n\n<figure class=\"wp-block-image size-full\"><img decoding=\"async\" width=\"300\" height=\"180\" class=\"wp-image-1503\" src=\"https:\/\/medicaltravel.at\/wp-content\/uploads\/2025\/09\/Dr.-Mehmet-Soyler.jpg\" alt=\"\"><\/figure>\n\n<p><strong>Maliyetler<\/strong><br>Femto Lasik: 1450 \u20ac<br>Relex Smile Lasik: 2399 \u20ac<br>Fiyatlar de\u011fi\u015febilir.<\/p>\n\n<p><strong>Bu fiyatlara a\u015fa\u011f\u0131daki hizmetler dahildir:<\/strong><\/p>\n\n<ul class=\"wp-block-list\">\n<li>Her iki g\u00f6z i\u00e7in tedaviler, \u00f6n ve son kontroller<\/li>\n\n<li>Havaalan\u0131-Klinik-Otel aras\u0131 transferler<\/li>\n\n<li>Ortak otelde iki gecelik konaklama, kahvalt\u0131 dahil <\/li>\n\n<li>\u0130lk G\u00f6z Damlas\u0131<\/li>\n\n<li>Doktor g\u00f6r\u00fc\u015fmelerinde Almanca destek<\/li>\n<\/ul>\n\n<p>Sorunuz mu var? <a href=\"https:\/\/medicaltravel.at\/tr\/iletisim\/\" data-type=\"page\" data-id=\"976\">Bug\u00fcn bizimle ileti\u015fime ge\u00e7in<\/a>. Sizi bekliyoruz. <\/p>\n\t\t\t\t\t\t\t\t<\/div>\n\t\t\t\t\t<\/div>\n\t\t\t\t<\/div>\n\t\t\t\t<\/div>\n\t\t","protected":false},"excerpt":{"rendered":"<p>\u0130stanbul&#8217;da Lasik Fiyatlar G\u00f6z Klini\u011fi Birinci G\u00f6z Klini\u011fi Bat\u0131 G\u00f6z Klini\u011fi Teknoloji \u0130stanbul-T\u00fcrkiye&#8217;nin en iyi g\u00f6z lazer klini\u011fi \u0130stanbul&#8217;da ReLex Smile Lasik \u0130stanbul&#8217;daki Bat\u0131 G\u00f6z Klini\u011fi \u0130stanbul&#8217;daki BATI G\u00d6Z G\u00f6z Hastanesi, T\u00fcrkiye&#8217;nin en iyi g\u00f6z hastanelerinden biridir. \u0130stanbul&#8217;daki \u201cBATI G\u00d6Z\u201d G\u00f6z Klini\u011fi, Bo\u011faz&#8217;daki en modern ve en b\u00fcy\u00fck g\u00f6z kliniklerinden biridir. G\u00f6z klini\u011fi, CARL ZEISS \u015firketi taraf\u0131ndan \u201cM\u00fckemmellik Sertifikas\u0131\u201d ile sertifikaland\u0131r\u0131lm\u0131\u015f tek t\u0131p kurumudur. Her y\u0131l yakla\u015f\u0131k 5.000 hasta, y\u00fcksek nitelikli doktorlar taraf\u0131ndan ba\u015far\u0131yla tedavi edilmektedir. Klinik grubu, oftalmoloji alan\u0131nda \u00e7e\u015fitli disiplinlerde uzmanla\u015fm\u0131\u015f yetkin bir t\u0131bbi kadroya sahiptir. Bat\u0131 G\u00f6z Klini\u011fi, en yeni g\u00f6z lazer y\u00f6ntemi olan ReLex Smile Lasik&#8216;i de ba\u015far\u0131yla sunmaktad\u0131r. ReLEx Smile Lasik nedir?ReLEx\u00ae smile, tek bir lazerle ger\u00e7ekle\u015ftirilen ilk lazer g\u00f6z ameliyat\u0131d\u0131r: femtosaniye lazer VisuMax. Lazer ameliyat\u0131 a\u011fr\u0131s\u0131zd\u0131r ve LASIK ameliyatlar\u0131nda kullan\u0131lan tipik flep olu\u015fturma i\u015flemini gerektirmez. \u0130lk olarak, Femtosaniye Lazer VisuMax ile kornea i\u00e7 k\u0131sm\u0131ndaki kornea diski (lentikel) haz\u0131rlan\u0131r. Bu s\u0131rada parlak bir nokta g\u00f6r\u00fcrs\u00fcn\u00fcz, ancak neredeyse hi\u00e7bir \u015fey hissetmezsiniz. Lentikel haz\u0131rl\u0131\u011f\u0131n\u0131n hemen ard\u0131ndan, yine VisuMax ile 2 ila 3 mm b\u00fcy\u00fckl\u00fc\u011f\u00fcnde k\u00fc\u00e7\u00fck bir a\u00e7\u0131kl\u0131k a\u00e7\u0131l\u0131r. Cerrah bu a\u00e7\u0131kl\u0131ktan lentik\u00fcl\u00fc gev\u015fetir ve dikkatlice \u00e7\u0131kar\u0131r. Ard\u0131ndan k\u00fc\u00e7\u00fck kesik a\u00e7\u0131kl\u0131\u011f\u0131 tekrar kontrol edilir. Sonras\u0131nda, \u00e7o\u011fu hasta gibi, her \u015feyin ne kadar h\u0131zl\u0131 gitti\u011fine ve ne kadar az \u015fey hissetti\u011finize \u015fa\u015f\u0131racaks\u0131n\u0131z. K\u00fc\u00e7\u00fck a\u00e7\u0131kl\u0131k nedeniyle ameliyat sonras\u0131 herhangi bir \u00f6nlem al\u0131nmas\u0131 gerekmez, genellikle ertesi g\u00fcn spor yapabilir, sa\u00e7\u0131n\u0131z\u0131 y\u0131kayabilir veya du\u015f alabilirsiniz. Doktorlar Kimlerdir? Dr. Mehmet S\u00f6yler MaliyetlerFemto Lasik: 1450 \u20acRelex Smile Lasik: 2399 \u20acFiyatlar de\u011fi\u015febilir. Bu fiyatlara a\u015fa\u011f\u0131daki hizmetler dahildir: Her iki g\u00f6z i\u00e7in tedaviler, \u00f6n ve son kontroller Havaalan\u0131-Klinik-Otel aras\u0131 transferler Ortak otelde iki gecelik konaklama, kahvalt\u0131 dahil \u0130lk G\u00f6z Damlas\u0131 Doktor g\u00f6r\u00fc\u015fmelerinde Almanca destek Sorunuz mu var? Bug\u00fcn bizimle ileti\u015fime ge\u00e7in. Sizi bekliyoruz.<\/p>\n","protected":false},"author":4,"featured_media":0,"parent":3725,"menu_order":0,"comment_status":"closed","ping_status":"closed","template":"","meta":{"_joinchat":[],"footnotes":""},"class_list":["post-3770","page","type-page","status-publish","hentry"],"acf":[],"_links":{"self":[{"href":"https:\/\/medicaltravel.at\/tr\/wp-json\/wp\/v2\/pages\/3770","targetHints":{"allow":["GET"]}}],"collection":[{"href":"https:\/\/medicaltravel.at\/tr\/wp-json\/wp\/v2\/pages"}],"about":[{"href":"https:\/\/medicaltravel.at\/tr\/wp-json\/wp\/v2\/types\/page"}],"author":[{"embeddable":true,"href":"https:\/\/medicaltravel.at\/tr\/wp-json\/wp\/v2\/users\/4"}],"replies":[{"embeddable":true,"href":"https:\/\/medicaltravel.at\/tr\/wp-json\/wp\/v2\/comments?post=3770"}],"version-history":[{"count":15,"href":"https:\/\/medicaltravel.at\/tr\/wp-json\/wp\/v2\/pages\/3770\/revisions"}],"predecessor-version":[{"id":5382,"href":"https:\/\/medicaltravel.at\/tr\/wp-json\/wp\/v2\/pages\/3770\/revisions\/5382"}],"up":[{"embeddable":true,"href":"https:\/\/medicaltravel.at\/tr\/wp-json\/wp\/v2\/pages\/3725"}],"wp:attachment":[{"href":"https:\/\/medicaltravel.at\/tr\/wp-json\/wp\/v2\/media?parent=3770"}],"curies":[{"name":"wp","href":"https:\/\/api.w.org\/{rel}","templated":true}]}}