{"id":3746,"date":"2025-09-27T15:05:31","date_gmt":"2025-09-27T14:05:31","guid":{"rendered":"https:\/\/medicaltravel.at\/augenlaser-lasik\/istanbulda-lasik\/istanbul-goez-klinigi\/"},"modified":"2026-01-04T20:42:12","modified_gmt":"2026-01-04T19:42:12","slug":"istanbul-goez-klinigi","status":"publish","type":"page","link":"https:\/\/medicaltravel.at\/tr\/augenlaser-lasik\/istanbulda-lasik\/istanbul-goez-klinigi\/","title":{"rendered":"\u0130stanbul G\u00f6z Klini\u011fi"},"content":{"rendered":"\t\t<div data-elementor-type=\"wp-page\" data-elementor-id=\"3746\" class=\"elementor elementor-3746 elementor-841\" data-elementor-post-type=\"page\">\n\t\t\t\t<div class=\"elementor-element elementor-element-9976559 e-flex e-con-boxed wpr-particle-no wpr-jarallax-no wpr-parallax-no wpr-sticky-section-no e-con e-parent\" data-id=\"9976559\" data-element_type=\"container\" data-e-type=\"container\">\n\t\t\t\t\t<div class=\"e-con-inner\">\n\t\t<div class=\"elementor-element elementor-element-db98fd2 e-con-full e-flex wpr-particle-no wpr-jarallax-no wpr-parallax-no wpr-sticky-section-no e-con e-child\" data-id=\"db98fd2\" data-element_type=\"container\" data-e-type=\"container\">\n\t\t\t\t<div class=\"elementor-element elementor-element-68b09fa elementor-widget elementor-widget-button\" data-id=\"68b09fa\" data-element_type=\"widget\" data-e-type=\"widget\" data-widget_type=\"button.default\">\n\t\t\t\t\t\t\t\t\t\t<a class=\"elementor-button elementor-button-link elementor-size-sm\" href=\"https:\/\/medicaltravel.at\/tr\/augenlaser-lasik\/istanbulda-lasik\/istanbulda-lasik\/\">\n\t\t\t\t\t\t<span class=\"elementor-button-content-wrapper\">\n\t\t\t\t\t\t\t\t\t<span class=\"elementor-button-text\">\u0130stanbul'da Lasik<\/span>\n\t\t\t\t\t<\/span>\n\t\t\t\t\t<\/a>\n\t\t\t\t\t\t\t\t<\/div>\n\t\t\t\t<div class=\"elementor-element elementor-element-cfd86ef elementor-widget elementor-widget-button\" data-id=\"cfd86ef\" data-element_type=\"widget\" data-e-type=\"widget\" data-widget_type=\"button.default\">\n\t\t\t\t\t\t\t\t\t\t<a class=\"elementor-button elementor-button-link elementor-size-sm\" href=\"https:\/\/medicaltravel.at\/tr\/augenlaser-lasik\/istanbulda-lasik\/istanbulda-goez-lazer-lasik-fiyatlari-ve-maliyetleri\/\">\n\t\t\t\t\t\t<span class=\"elementor-button-content-wrapper\">\n\t\t\t\t\t\t\t\t\t<span class=\"elementor-button-text\">Fiyatlar<\/span>\n\t\t\t\t\t<\/span>\n\t\t\t\t\t<\/a>\n\t\t\t\t\t\t\t\t<\/div>\n\t\t\t\t<div class=\"elementor-element elementor-element-29f3431 elementor-widget elementor-widget-button\" data-id=\"29f3431\" data-element_type=\"widget\" data-e-type=\"widget\" data-widget_type=\"button.default\">\n\t\t\t\t\t\t\t\t\t\t<a class=\"elementor-button elementor-button-link elementor-size-sm\" href=\"https:\/\/medicaltravel.at\/tr\/augenlaser-lasik\/istanbulda-lasik\/istanbul-goez-klinigi\/\">\n\t\t\t\t\t\t<span class=\"elementor-button-content-wrapper\">\n\t\t\t\t\t\t\t\t\t<span class=\"elementor-button-text\">G\u00f6z Klini\u011fi<\/span>\n\t\t\t\t\t<\/span>\n\t\t\t\t\t<\/a>\n\t\t\t\t\t\t\t\t<\/div>\n\t\t\t\t<div class=\"elementor-element elementor-element-d25efc6 elementor-widget elementor-widget-button\" data-id=\"d25efc6\" data-element_type=\"widget\" data-e-type=\"widget\" data-widget_type=\"button.default\">\n\t\t\t\t\t\t\t\t\t\t<a class=\"elementor-button elementor-button-link elementor-size-sm\" href=\"https:\/\/medicaltravel.at\/tr\/augenlaser-lasik\/istanbulda-lasik\/birinci-goez-klinigi\/\">\n\t\t\t\t\t\t<span class=\"elementor-button-content-wrapper\">\n\t\t\t\t\t\t\t\t\t<span class=\"elementor-button-text\">Birinci G\u00f6z Klini\u011fi<\/span>\n\t\t\t\t\t<\/span>\n\t\t\t\t\t<\/a>\n\t\t\t\t\t\t\t\t<\/div>\n\t\t\t\t<div class=\"elementor-element elementor-element-2d043ba elementor-widget elementor-widget-button\" data-id=\"2d043ba\" data-element_type=\"widget\" data-e-type=\"widget\" data-widget_type=\"button.default\">\n\t\t\t\t\t\t\t\t\t\t<a class=\"elementor-button elementor-button-link elementor-size-sm\" href=\"https:\/\/medicaltravel.at\/tr\/augenlaser-lasik\/istanbulda-lasik\/bati-goez-klinigi-istanbul\/\">\n\t\t\t\t\t\t<span class=\"elementor-button-content-wrapper\">\n\t\t\t\t\t\t\t\t\t<span class=\"elementor-button-text\">Bat\u0131 G\u00f6z Klini\u011fi<\/span>\n\t\t\t\t\t<\/span>\n\t\t\t\t\t<\/a>\n\t\t\t\t\t\t\t\t<\/div>\n\t\t\t\t<div class=\"elementor-element elementor-element-d4677c5 elementor-widget elementor-widget-button\" data-id=\"d4677c5\" data-element_type=\"widget\" data-e-type=\"widget\" data-widget_type=\"button.default\">\n\t\t\t\t\t\t\t\t\t\t<a class=\"elementor-button elementor-button-link elementor-size-sm\" href=\"https:\/\/medicaltravel.at\/tr\/augenlaser-lasik\/istanbulda-lasik\/teknoloji-goez-lazer-istanbul\/\">\n\t\t\t\t\t\t<span class=\"elementor-button-content-wrapper\">\n\t\t\t\t\t\t\t\t\t<span class=\"elementor-button-text\">Teknoloji<\/span>\n\t\t\t\t\t<\/span>\n\t\t\t\t\t<\/a>\n\t\t\t\t\t\t\t\t<\/div>\n\t\t\t\t<\/div>\n\t\t\t\t<div class=\"elementor-element elementor-element-5a509caa elementor-widget elementor-widget-text-editor\" data-id=\"5a509caa\" data-element_type=\"widget\" data-e-type=\"widget\" data-widget_type=\"text-editor.default\">\n\t\t\t\t\t\t\t\t\t\n<h3 class=\"wp-block-heading\">Ac\u0131badem G\u00f6z Klini\u011fi \u0130stanbul- T\u00fcrkiye<\/h3>\n\n<h3 class=\"wp-block-heading\"><strong>\u0130stanbul&#8217;daki Ac\u0131badem G\u00f6z Lazer Merkezi<\/strong><\/h3>\n\n<figure class=\"wp-block-image size-full\"><img fetchpriority=\"high\" decoding=\"async\" width=\"477\" height=\"300\" class=\"wp-image-1488\" src=\"https:\/\/medicaltravel.at\/wp-content\/uploads\/2025\/09\/Die-Augenlaserklinik-Acibadem-in-Istanbul.jpg\" alt=\"\" srcset=\"https:\/\/medicaltravel.at\/wp-content\/uploads\/2025\/09\/Die-Augenlaserklinik-Acibadem-in-Istanbul.jpg 477w, https:\/\/medicaltravel.at\/wp-content\/uploads\/2025\/09\/Die-Augenlaserklinik-Acibadem-in-Istanbul-300x189.jpg 300w\" sizes=\"(max-width: 477px) 100vw, 477px\" \/><\/figure>\n\n<p id=\"caption-attachment-463\">\u0130stanbul&#8217;daki Ac\u0131badem G\u00f6z Lazer Klini\u011fi<\/p>\n\n<p><strong>\u0130stanbul&#8217;daki G\u00f6z Lazer Klini\u011fi<\/strong><\/p>\n\n<p>MedicalTravel, <strong>d\u00fcnyan\u0131n en sayg\u0131n ve en iyi g\u00f6z lazer kliniklerinden<\/strong> biri olan Acibadem Hastanesi&#8217;nde g\u00f6z ameliyat\u0131 olman\u0131z\u0131 sa\u011flar.<\/p>\n\n<figure class=\"wp-block-image size-full\"><img decoding=\"async\" width=\"80\" height=\"80\" class=\"wp-image-1490\" src=\"https:\/\/medicaltravel.at\/wp-content\/uploads\/2025\/09\/RTEmagicC_jc_goldseal-1040x1040_converted__1__70.jpg.jpg\" alt=\"\"><\/figure>\n\n<p id=\"caption-attachment-276\">\u0130stanbul&#8217;daki G\u00f6z Lazer Klini\u011fimiz JCI sertifikal\u0131d\u0131r.<\/p>\n\n<p>Ac\u0131badem Hastanesi, ABD JCI (<a href=\"http:\/\/www.jointcommissioninternational.org\/\" target=\"_blank\" rel=\"noopener\">Joint Commission International<\/a>) sertifikas\u0131na sahiptir.<br>Bu sertifika, uluslararas\u0131 klinikler aras\u0131nda bir \u00f6l\u00e7\u00fct olup, \u00e7ok kapsaml\u0131 kriterlerin yerine getirilmesini gerektirir. Bu hastane bu kriterleri yerine getirmekte ve Avrupa&#8217;n\u0131n en b\u00fcy\u00fck ve en modern \u00f6zel hastanelerinden biridir. <\/p>\n\n<p>Birinci s\u0131n\u0131f donan\u0131m, kusursuz hijyen ko\u015fullar\u0131 ve son derece deneyimli refraktif cerrahlar\u0131n yan\u0131 s\u0131ra Ac\u0131badem, Visx Star S4 firmas\u0131na ait en yeni lazer teknolojisine sahiptir. B\u00f6ylece enstit\u00fc, teknik a\u00e7\u0131dan da en g\u00fcvenli seviyede konumlanmaktad\u0131r.<\/p>\n\n<p><strong>Ac\u0131badem<\/strong>, y\u0131llard\u0131r tedavileriyle hastalar\u0131n en y\u00fcksek beklentilerini kar\u015f\u0131l\u0131yor ve her a\u00e7\u0131dan y\u00fcksek kaliteli tedavi garantisi veriyor.<\/p>\n\n<figure class=\"wp-block-image size-full\"><img decoding=\"async\" width=\"510\" height=\"340\" class=\"wp-image-1491\" src=\"https:\/\/medicaltravel.at\/wp-content\/uploads\/2025\/09\/ISTANBULDAKI-GOZ-LASER-KLINIGI-Acibadem-Maslak.jpg\" alt=\"\" srcset=\"https:\/\/medicaltravel.at\/wp-content\/uploads\/2025\/09\/ISTANBULDAKI-GOZ-LASER-KLINIGI-Acibadem-Maslak.jpg 510w, https:\/\/medicaltravel.at\/wp-content\/uploads\/2025\/09\/ISTANBULDAKI-GOZ-LASER-KLINIGI-Acibadem-Maslak-300x200.jpg 300w\" sizes=\"(max-width: 510px) 100vw, 510px\" \/><\/figure>\n\n<p id=\"caption-attachment-464\">Ac\u0131badem Maslak \u0130stanbul G\u00f6z Klini\u011fi<\/p>\n\n<p>Ac\u0131badem, hijyenik a\u00e7\u0131dan kusursuz bir ortamda steril lazer tedavisi sunar ve en iyi tedavi odalar\u0131na sahiptir. \u00c7ift klima sistemi ve kesintisiz elektrik kayna\u011f\u0131 ile hastalar kendilerini g\u00fcvende ve rahat hissederler. <strong>En y\u00fcksek g\u00fcvenlik<\/strong> garantilidir. <\/p>\n\n<p>Ac\u0131badem\u2019de yaln\u0131zca LASIK ameliyat\u0131 i\u00e7in kesin olarak uygun oldu\u011fu belirlenen hastalar ameliyata al\u0131n\u0131r. Hastan\u0131n eksiksiz bilgilendirilmesi, ilerleyen s\u00fcre\u00e7te g\u00fcvenin sa\u011flanmas\u0131 ve dolay\u0131s\u0131yla tedavinin ba\u015far\u0131s\u0131 i\u00e7in en \u00f6nemli \u015fartt\u0131r.<\/p>\n\n<p>G\u00f6rme bozukluklar\u0131n\u0131n tedavisi i\u00e7in sadece en son teknolojiye sahip modern cihazlar kullan\u0131lmaktad\u0131r.<\/p>\n\n<ul class=\"wp-block-list\">\n<li>ALLEGRO Topolyzer<\/li>\n\n<li>Visx Star S4<\/li>\n\n<li>Femto Laser Technolas<\/li>\n<\/ul>\n\n<p><a href=\"https:\/\/medicaltravel.at\/tr\/augenlaser-lasik\/istanbulda-lasik\/teknoloji-goez-lazer-istanbul\/\" data-type=\"page\" data-id=\"847\">Cihazlar hakk\u0131nda daha fazla bilgiyi burada bulabilirsiniz.<\/a><\/p>\n\n<p>Ac\u0131badem hastalara \u00f6m\u00fcr boyu yaz\u0131l\u0131 garanti sunmaktad\u0131r. Ameliyat sonras\u0131, olas\u0131 bir ikinci ameliyat durumunda, takip tedavisi \u00f6m\u00fcr boyu \u00fccretsiz olarak ger\u00e7ekle\u015ftirilir (ya\u015fl\u0131l\u0131k g\u00f6z bozuklu\u011fu hari\u00e7). <\/p>\n\n<p>Hastalar\u0131n ihtiya\u00e7lar\u0131 \u00f6n plandad\u0131r. Bu nedenle, en iyi tedavi y\u00f6ntemleri finansal kriterlerden \u00f6nceliklidir. <\/p>\n\n<p><strong>\u00d6zenli tedaviniz i\u00e7in doktorunuz<\/strong><\/p>\n\n<p>Dr. Banu Co\u015far, bug\u00fcne kadar 10.000&#8217;den fazla g\u00f6z lazer ameliyat\u0131n\u0131 ba\u015far\u0131yla ger\u00e7ekle\u015ftirmi\u015ftir ve bu nedenle bu alanda en iyilerden biridir.<\/p>\n\n<figure class=\"wp-block-image size-full\"><img loading=\"lazy\" decoding=\"async\" width=\"150\" height=\"189\" class=\"wp-image-1492\" src=\"https:\/\/medicaltravel.at\/wp-content\/uploads\/2025\/09\/Asst.-Prof.-Dr.-Banu-Cosar.jpg\" alt=\"\"><\/figure>\n\n<p id=\"caption-attachment-466\">Prof. Dr. Banu Co\u015far<\/p>\n\n<p>Dr. Banu Co\u015far, Amerika Birle\u015fik Devletleri&#8217;ndeki Wills Eye Hospital&#8217;da da \u00e7al\u0131\u015fm\u0131\u015ft\u0131r. Hacettepe \u00dcniversitesi (T\u00fcrkiye&#8217;nin en iyi \u00fcniversitelerinden biri) ve Ankara Numune Ara\u015ft\u0131rma ve E\u011fitim Hastanesi&#8217;nde e\u011fitimini tamamlam\u0131\u015ft\u0131r. Ac\u0131badem G\u00f6z Merkezi \u0130stanbul&#8217;da oftalmoloji alan\u0131nda yard\u0131mc\u0131 do\u00e7ent olarak g\u00f6rev yapmaktad\u0131r. Dr. Co\u015far, T\u00fcrkiye&#8217;nin en iyi g\u00f6z lazer cerrahlar\u0131ndan biridir ve bir\u00e7ok cerrah\u0131 kendisi yeti\u015ftirmektedir.   <\/p>\n\n<p>\u00c7ok deneyimli olan bu doktor, uluslararas\u0131 medya ve kitaplarda 90&#8217;dan fazla makale, \u00f6zet ve \u00f6zet yay\u0131nlam\u0131\u015ft\u0131r. Doktor, uluslararas\u0131 kongrelere s\u0131k s\u0131k konu\u015fmac\u0131 olarak davet edilmekte ve iki oftalmoloji dergisine yaz\u0131lar yazmaktad\u0131r. Bir\u00e7ok televizyon kanal\u0131nda defalarca r\u00f6portaj yapm\u0131\u015ft\u0131r.  <\/p>\n\n<p><a href=\"https:\/\/medicaltravel.at\/wp-content\/uploads\/2025\/09\/Dr.-Banu-Cosar.pdf\" data-type=\"link\" data-id=\"https:\/\/medicaltravel.at\/wp-content\/uploads\/2025\/09\/Dr.-Banu-Cosar.pdf\">\u00d6zge\u00e7mi\u015fini burada bulabilirsiniz.<\/a><\/p>\n\t\t\t\t\t\t\t\t<\/div>\n\t\t\t\t\t<\/div>\n\t\t\t\t<\/div>\n\t\t\t\t<\/div>\n\t\t","protected":false},"excerpt":{"rendered":"<p>\u0130stanbul&#8217;da Lasik Fiyatlar G\u00f6z Klini\u011fi Birinci G\u00f6z Klini\u011fi Bat\u0131 G\u00f6z Klini\u011fi Teknoloji Ac\u0131badem G\u00f6z Klini\u011fi \u0130stanbul- T\u00fcrkiye \u0130stanbul&#8217;daki Ac\u0131badem G\u00f6z Lazer Merkezi \u0130stanbul&#8217;daki Ac\u0131badem G\u00f6z Lazer Klini\u011fi \u0130stanbul&#8217;daki G\u00f6z Lazer Klini\u011fi MedicalTravel, d\u00fcnyan\u0131n en sayg\u0131n ve en iyi g\u00f6z lazer kliniklerinden biri olan Acibadem Hastanesi&#8217;nde g\u00f6z ameliyat\u0131 olman\u0131z\u0131 sa\u011flar. \u0130stanbul&#8217;daki G\u00f6z Lazer Klini\u011fimiz JCI sertifikal\u0131d\u0131r. Ac\u0131badem Hastanesi, ABD JCI (Joint Commission International) sertifikas\u0131na sahiptir.Bu sertifika, uluslararas\u0131 klinikler aras\u0131nda bir \u00f6l\u00e7\u00fct olup, \u00e7ok kapsaml\u0131 kriterlerin yerine getirilmesini gerektirir. Bu hastane bu kriterleri yerine getirmekte ve Avrupa&#8217;n\u0131n en b\u00fcy\u00fck ve en modern \u00f6zel hastanelerinden biridir. Birinci s\u0131n\u0131f donan\u0131m, kusursuz hijyen ko\u015fullar\u0131 ve son derece deneyimli refraktif cerrahlar\u0131n yan\u0131 s\u0131ra Ac\u0131badem, Visx Star S4 firmas\u0131na ait en yeni lazer teknolojisine sahiptir. B\u00f6ylece enstit\u00fc, teknik a\u00e7\u0131dan da en g\u00fcvenli seviyede konumlanmaktad\u0131r. Ac\u0131badem, y\u0131llard\u0131r tedavileriyle hastalar\u0131n en y\u00fcksek beklentilerini kar\u015f\u0131l\u0131yor ve her a\u00e7\u0131dan y\u00fcksek kaliteli tedavi garantisi veriyor. Ac\u0131badem Maslak \u0130stanbul G\u00f6z Klini\u011fi Ac\u0131badem, hijyenik a\u00e7\u0131dan kusursuz bir ortamda steril lazer tedavisi sunar ve en iyi tedavi odalar\u0131na sahiptir. \u00c7ift klima sistemi ve kesintisiz elektrik kayna\u011f\u0131 ile hastalar kendilerini g\u00fcvende ve rahat hissederler. En y\u00fcksek g\u00fcvenlik garantilidir. Ac\u0131badem\u2019de yaln\u0131zca LASIK ameliyat\u0131 i\u00e7in kesin olarak uygun oldu\u011fu belirlenen hastalar ameliyata al\u0131n\u0131r. Hastan\u0131n eksiksiz bilgilendirilmesi, ilerleyen s\u00fcre\u00e7te g\u00fcvenin sa\u011flanmas\u0131 ve dolay\u0131s\u0131yla tedavinin ba\u015far\u0131s\u0131 i\u00e7in en \u00f6nemli \u015fartt\u0131r. G\u00f6rme bozukluklar\u0131n\u0131n tedavisi i\u00e7in sadece en son teknolojiye sahip modern cihazlar kullan\u0131lmaktad\u0131r. ALLEGRO Topolyzer Visx Star S4 Femto Laser Technolas Cihazlar hakk\u0131nda daha fazla bilgiyi burada bulabilirsiniz. Ac\u0131badem hastalara \u00f6m\u00fcr boyu yaz\u0131l\u0131 garanti sunmaktad\u0131r. Ameliyat sonras\u0131, olas\u0131 bir ikinci ameliyat durumunda, takip tedavisi \u00f6m\u00fcr boyu \u00fccretsiz olarak ger\u00e7ekle\u015ftirilir (ya\u015fl\u0131l\u0131k g\u00f6z bozuklu\u011fu hari\u00e7). Hastalar\u0131n ihtiya\u00e7lar\u0131 \u00f6n plandad\u0131r. Bu nedenle, en iyi tedavi y\u00f6ntemleri finansal kriterlerden \u00f6nceliklidir. \u00d6zenli tedaviniz i\u00e7in doktorunuz Dr. Banu Co\u015far, bug\u00fcne kadar 10.000&#8217;den fazla g\u00f6z lazer ameliyat\u0131n\u0131 ba\u015far\u0131yla ger\u00e7ekle\u015ftirmi\u015ftir ve bu nedenle bu alanda en iyilerden biridir. Prof. Dr. Banu Co\u015far Dr. Banu Co\u015far, Amerika Birle\u015fik Devletleri&#8217;ndeki Wills Eye Hospital&#8217;da da \u00e7al\u0131\u015fm\u0131\u015ft\u0131r. Hacettepe \u00dcniversitesi (T\u00fcrkiye&#8217;nin en iyi \u00fcniversitelerinden biri) ve Ankara Numune Ara\u015ft\u0131rma ve E\u011fitim Hastanesi&#8217;nde e\u011fitimini tamamlam\u0131\u015ft\u0131r. Ac\u0131badem G\u00f6z Merkezi \u0130stanbul&#8217;da oftalmoloji alan\u0131nda yard\u0131mc\u0131 do\u00e7ent olarak g\u00f6rev yapmaktad\u0131r. Dr. Co\u015far, T\u00fcrkiye&#8217;nin en iyi g\u00f6z lazer cerrahlar\u0131ndan biridir ve bir\u00e7ok cerrah\u0131 kendisi yeti\u015ftirmektedir. \u00c7ok deneyimli olan bu doktor, uluslararas\u0131 medya ve kitaplarda 90&#8217;dan fazla makale, \u00f6zet ve \u00f6zet yay\u0131nlam\u0131\u015ft\u0131r. Doktor, uluslararas\u0131 kongrelere s\u0131k s\u0131k konu\u015fmac\u0131 olarak davet edilmekte ve iki oftalmoloji dergisine yaz\u0131lar yazmaktad\u0131r. Bir\u00e7ok televizyon kanal\u0131nda defalarca r\u00f6portaj yapm\u0131\u015ft\u0131r. \u00d6zge\u00e7mi\u015fini burada bulabilirsiniz.<\/p>\n","protected":false},"author":4,"featured_media":0,"parent":3725,"menu_order":0,"comment_status":"closed","ping_status":"closed","template":"","meta":{"_joinchat":[],"footnotes":""},"class_list":["post-3746","page","type-page","status-publish","hentry"],"acf":[],"_links":{"self":[{"href":"https:\/\/medicaltravel.at\/tr\/wp-json\/wp\/v2\/pages\/3746","targetHints":{"allow":["GET"]}}],"collection":[{"href":"https:\/\/medicaltravel.at\/tr\/wp-json\/wp\/v2\/pages"}],"about":[{"href":"https:\/\/medicaltravel.at\/tr\/wp-json\/wp\/v2\/types\/page"}],"author":[{"embeddable":true,"href":"https:\/\/medicaltravel.at\/tr\/wp-json\/wp\/v2\/users\/4"}],"replies":[{"embeddable":true,"href":"https:\/\/medicaltravel.at\/tr\/wp-json\/wp\/v2\/comments?post=3746"}],"version-history":[{"count":6,"href":"https:\/\/medicaltravel.at\/tr\/wp-json\/wp\/v2\/pages\/3746\/revisions"}],"predecessor-version":[{"id":5478,"href":"https:\/\/medicaltravel.at\/tr\/wp-json\/wp\/v2\/pages\/3746\/revisions\/5478"}],"up":[{"embeddable":true,"href":"https:\/\/medicaltravel.at\/tr\/wp-json\/wp\/v2\/pages\/3725"}],"wp:attachment":[{"href":"https:\/\/medicaltravel.at\/tr\/wp-json\/wp\/v2\/media?parent=3746"}],"curies":[{"name":"wp","href":"https:\/\/api.w.org\/{rel}","templated":true}]}}