{"id":3717,"date":"2025-09-27T15:13:00","date_gmt":"2025-09-27T14:13:00","guid":{"rendered":"https:\/\/medicaltravel.at\/augenlaser-lasik\/lasik-in-antalya\/antalyada-lasik-goez-lazer-tedavisi\/"},"modified":"2025-12-26T18:12:38","modified_gmt":"2025-12-26T17:12:38","slug":"antalyada-lasik-goez-lazer-tedavisi","status":"publish","type":"page","link":"https:\/\/medicaltravel.at\/tr\/augenlaser-lasik\/lasik-in-antalya\/antalyada-lasik-goez-lazer-tedavisi\/","title":{"rendered":"Antalya&#8217;da Lasik G\u00f6z Lazer Tedavisi"},"content":{"rendered":"\t\t<div data-elementor-type=\"wp-page\" data-elementor-id=\"3717\" class=\"elementor elementor-3717 elementor-861\" data-elementor-post-type=\"page\">\n\t\t\t\t<div class=\"elementor-element elementor-element-25ba2dad e-flex e-con-boxed wpr-particle-no wpr-jarallax-no wpr-parallax-no wpr-sticky-section-no e-con e-parent\" data-id=\"25ba2dad\" data-element_type=\"container\" data-e-type=\"container\">\n\t\t\t\t\t<div class=\"e-con-inner\">\n\t\t<div class=\"elementor-element elementor-element-c3c0806 e-con-full e-flex wpr-particle-no wpr-jarallax-no wpr-parallax-no wpr-sticky-section-no e-con e-child\" data-id=\"c3c0806\" data-element_type=\"container\" data-e-type=\"container\">\n\t\t\t\t<div class=\"elementor-element elementor-element-86ed370 elementor-widget elementor-widget-button\" data-id=\"86ed370\" data-element_type=\"widget\" data-e-type=\"widget\" data-widget_type=\"button.default\">\n\t\t\t\t\t\t\t\t\t\t<a class=\"elementor-button elementor-button-link elementor-size-sm\" href=\"https:\/\/medicaltravel.at\/tr\/augenlaser-lasik\/lasik-in-antalya\/antalyada-lasik-goez-lazer-tedavisi\/\">\n\t\t\t\t\t\t<span class=\"elementor-button-content-wrapper\">\n\t\t\t\t\t\t\t\t\t<span class=\"elementor-button-text\">Antalya'da Lasik<\/span>\n\t\t\t\t\t<\/span>\n\t\t\t\t\t<\/a>\n\t\t\t\t\t\t\t\t<\/div>\n\t\t\t\t<div class=\"elementor-element elementor-element-e2ffd74 elementor-widget elementor-widget-button\" data-id=\"e2ffd74\" data-element_type=\"widget\" data-e-type=\"widget\" data-widget_type=\"button.default\">\n\t\t\t\t\t\t\t\t\t\t<a class=\"elementor-button elementor-button-link elementor-size-sm\" href=\"https:\/\/medicaltravel.at\/tr\/augenlaser-lasik\/lasik-in-antalya\/antalyada-goez-lazer-lasik-maliyetleri-fiyatlari\/\">\n\t\t\t\t\t\t<span class=\"elementor-button-content-wrapper\">\n\t\t\t\t\t\t\t\t\t<span class=\"elementor-button-text\">Maliyetler<\/span>\n\t\t\t\t\t<\/span>\n\t\t\t\t\t<\/a>\n\t\t\t\t\t\t\t\t<\/div>\n\t\t\t\t<div class=\"elementor-element elementor-element-12df60e elementor-widget elementor-widget-button\" data-id=\"12df60e\" data-element_type=\"widget\" data-e-type=\"widget\" data-widget_type=\"button.default\">\n\t\t\t\t\t\t\t\t\t\t<a class=\"elementor-button elementor-button-link elementor-size-sm\" href=\"https:\/\/medicaltravel.at\/tr\/augenlaser-lasik\/lasik-in-antalya\/goez-lazer-klinigi-goez-klinigi-antalya-duenya\/\">\n\t\t\t\t\t\t<span class=\"elementor-button-content-wrapper\">\n\t\t\t\t\t\t\t\t\t<span class=\"elementor-button-text\">G\u00f6z Lazer Klini\u011fi<\/span>\n\t\t\t\t\t<\/span>\n\t\t\t\t\t<\/a>\n\t\t\t\t\t\t\t\t<\/div>\n\t\t\t\t<div class=\"elementor-element elementor-element-f85cbe1 elementor-widget elementor-widget-button\" data-id=\"f85cbe1\" data-element_type=\"widget\" data-e-type=\"widget\" data-widget_type=\"button.default\">\n\t\t\t\t\t\t\t\t\t\t<a class=\"elementor-button elementor-button-link elementor-size-sm\" href=\"https:\/\/medicaltravel.at\/tr\/augenlaser-lasik\/lasik-in-antalya\/augenlasern-technologie-in-antalya\/\">\n\t\t\t\t\t\t<span class=\"elementor-button-content-wrapper\">\n\t\t\t\t\t\t\t\t\t<span class=\"elementor-button-text\">Teknoloji<\/span>\n\t\t\t\t\t<\/span>\n\t\t\t\t\t<\/a>\n\t\t\t\t\t\t\t\t<\/div>\n\t\t\t\t<\/div>\n\t\t\t\t<div class=\"elementor-element elementor-element-3cb4fc0 elementor-widget elementor-widget-text-editor\" data-id=\"3cb4fc0\" data-element_type=\"widget\" data-e-type=\"widget\" data-widget_type=\"text-editor.default\">\n\t\t\t\t\t\t\t\t\t\n<h2 class=\"wp-block-heading\">Antalya&#8217;da Lasik &#8211; T\u00fcrkiye &#8211; Teklifimiz<\/h2>\n\n<p>Amac\u0131m\u0131z, <strong>LASIK veya g\u00f6z lazer ameliyat\u0131<\/strong> sayesinde, g\u00fczel Antalya \u015fehrinde t\u0131bbi ve organizasyonel a\u00e7\u0131dan y\u00fcksek kalitede <strong>\u201cg\u00f6rme yard\u0131m\u0131 olmadan ya\u015famak<\/strong>\u201d iste\u011finizi ger\u00e7ekle\u015ftirmektir.<\/p>\n\n<p>G\u00fcvenilir, kapsaml\u0131 ve uygun fiyatl\u0131: \u0130\u015fte bizim konseptimiz.<\/p>\n\n<p><strong>G\u00fcveniliriz<\/strong><\/p>\n\n<p>G\u00f6zler en \u00f6nemli duyu organlar\u0131m\u0131zdan biri oldu\u011fu i\u00e7in, g\u00f6z lazer ameliyat\u0131na cesaret etmek her zaman kolay de\u011fildir.<\/p>\n\n<p>Bu i\u015flem yurtd\u0131\u015f\u0131nda yap\u0131lacaksa, daha da dikkatli olunmas\u0131 gerekir. Size g\u00fcvenli yolu g\u00f6sterir ve hayat\u0131n\u0131z\u0131n bu \u00f6nemli ad\u0131m\u0131nda size e\u015flik ederiz. <\/p>\n\n<p>MedicalTravel, t\u0131bbi imkanlar hakk\u0131nda m\u00fcmk\u00fcn oldu\u011funca ayr\u0131nt\u0131l\u0131 bilgilerin yan\u0131 s\u0131ra, olas\u0131 bir ameliyatla ilgili <strong><a href=\"https:\/\/www.medicaltravel.at\/augenoperation\/augen-lasern\/risiken\">riskler<\/a><\/strong> hakk\u0131nda da bilgi i\u00e7erir.<\/p>\n\n<p>Amac\u0131m\u0131z sizi ameliyata ikna etmek de\u011fildir.<\/p>\n\n<p>Yurtd\u0131\u015f\u0131nda g\u00f6z ameliyat\u0131 i\u00e7in <strong>\u201cher \u015fey dahil\u201d<\/strong> prensibini sunan Avrupa&#8217;daki tek kurulu\u015fuz.<\/p>\n\n<p>Bu, ba\u015ftan sona hizmetimizden yararlanaca\u011f\u0131n\u0131z ve b\u00f6ylece hi\u00e7bir \u015feyle kendiniz ilgilenmenize gerek kalmayaca\u011f\u0131 anlam\u0131na gelir.<\/p>\n\n<p><strong>Kapsaml\u0131 Hizmet<\/strong><\/p>\n\n<p>Antalya&#8217;ya g\u00f6z lazer tedavisi i\u00e7in seyahat etmek biraz <strong>organizasyon<\/strong> gerektirir. Bu organizasyonu sizin i\u00e7in seve seve \u00fcstleniriz. <\/p>\n\n<p>\u00dccretsiz, ba\u011flay\u0131c\u0131 olmayan ve ki\u015fisel dan\u0131\u015fmanl\u0131k hizmetimizden yararlanabilirsiniz.<\/p>\n\n<figure class=\"wp-block-image size-full\"><img decoding=\"async\" width=\"200\" height=\"118\" class=\"wp-image-1517\" src=\"https:\/\/medicaltravel.at\/wp-content\/uploads\/2025\/09\/zahnreisen-2.jpg\" alt=\"\"><\/figure>\n\n<ul class=\"wp-block-list\">\n<li>U\u00e7u\u015f<\/li>\n<\/ul>\n\n<p>Biz \u00f6nerilerde bulunuruz, ne zaman ve nas\u0131l olaca\u011f\u0131na siz karar verirsiniz. Rezervasyon sizin taraf\u0131n\u0131zdan yap\u0131l\u0131r. <\/p>\n\n<figure class=\"wp-block-image size-full\"><img decoding=\"async\" width=\"200\" height=\"83\" class=\"wp-image-1518\" src=\"https:\/\/medicaltravel.at\/wp-content\/uploads\/2025\/09\/zahnbehandlung-im-ausland-2.jpg\" alt=\"\"><\/figure>\n\n<ul class=\"wp-block-list\">\n<li>Havaalan\u0131-Otel Transferi<\/li>\n<\/ul>\n\n<p><strong>Al\u0131\u015f servisi<\/strong> sizi otelinize g\u00f6t\u00fcrmekten memnuniyet duyar. Bu servisler genellikle bireysel olarak ger\u00e7ekle\u015ftirilir ve bu nedenle Antalya trafi\u011finde saatlerce dola\u015fan bir servis otob\u00fcs\u00fc de\u011fildir. \u00d6zel yolculu\u011funuzun keyfini \u00e7\u0131kar\u0131n!  <\/p>\n\n<ul class=\"wp-block-list\">\n<li>Otel<\/li>\n<\/ul>\n\n<p>Sizin i\u00e7in uygun olan se\u00e7enekleri sunuyoruz, karar sizin. <strong>Oteller hastanelerin yak\u0131n\u0131nda bulunmaktad\u0131r.<\/strong> Otel, lazer g\u00f6z ameliyat\u0131nda \u00e7ok \u00f6nemli bir rol oynar. Odan\u0131n hijyeni \u00e7ok iyi olmal\u0131d\u0131r. Sadece iyi ve temiz otellerle \u00e7al\u0131\u015f\u0131yoruz.    <\/p>\n\n<ul class=\"wp-block-list\">\n<li>Almanca Dilinde Destek<\/li>\n<\/ul>\n\n<p>Ameliyat ekibini anlaman\u0131z son derece \u00f6nemlidir. <strong>Almanca konu\u015fan \u00e7al\u0131\u015fanlar<\/strong> kusursuz bir ileti\u015fim sa\u011flar. Elbette bu hizmeti di\u011fer ulusal diller i\u00e7in de organize etmek m\u00fcmk\u00fcnd\u00fcr. <\/p>\n\n<ul class=\"wp-block-list\">\n<li>\u00d6n \u0130ncelemeleriniz<\/li>\n<\/ul>\n\n<p>Antalya&#8217;da g\u00f6zleriniz kapsaml\u0131 bir \u015fekilde muayene edilecektir. T\u00fcm sonu\u00e7lar olumlu oldu\u011fu takdirde tedaviniz ger\u00e7ekle\u015ftirilecektir. Aksi takdirde tedaviniz iptal edilecektir.  <\/p>\n\n<ul class=\"wp-block-list\">\n<li>G\u00f6z Ameliyat\u0131n\u0131z<\/li>\n<\/ul>\n\n<p>\u0130\u015fbirli\u011fi yap\u0131lan hastaneler, kapsaml\u0131 ara\u015ft\u0131rmalar ve yerinde incelemeler sonucunda, \u00e7e\u015fitli fakt\u00f6rler g\u00f6z \u00f6n\u00fcnde bulundurularak se\u00e7ilmi\u015ftir. Hastaneler, uluslararas\u0131 ge\u00e7erlili\u011fe sahip sertifikalara sahiptir. <a href=\"https:\/\/medicaltravel.at\/tr\/augenlaser-lasik\/lasik-in-antalya\/goez-lazer-klinigi-goez-klinigi-antalya-duenya\/\" data-type=\"page\" data-id=\"865\">Hastaneler hakk\u0131nda daha fazla bilgiyi burada bulabilirsiniz.<\/a> <\/p>\n\n<ul class=\"wp-block-list\">\n<li>Ertesi g\u00fcn yap\u0131lacak kontrol muayenesi<\/li>\n<\/ul>\n\n<p>Ameliyattan hemen sonra yap\u0131lan ilk kontrol muayenesinin ard\u0131ndan, ertesi g\u00fcn bir kontrol muayenesi daha yap\u0131l\u0131r. Bu, ameliyat ekibinin ilk sonu\u00e7lar\u0131 kendisi analiz etmesini ve gerekli tedaviyi uygulamas\u0131n\u0131 sa\u011flar. Kontrol muayenesi zorunludur. Seyahat plan\u0131n\u0131z buna g\u00f6re d\u00fczenlenecektir.   <\/p>\n\n<ul class=\"wp-block-list\">\n<li>Otel-Havaalan\u0131 Transferi<\/li>\n<\/ul>\n\n<p>Transfer ekibi, seyahatinizin son ana kadar olumlu bir deneyim olmas\u0131n\u0131 sa\u011flar.<\/p>\n\n<ul class=\"wp-block-list\">\n<li>Medicaltravelpass<\/li>\n<\/ul>\n\n<p>Bu, bizim benzersiz ek hizmetimizdir. Medicaltravelpass, Antalya&#8217;daki konaklaman\u0131z ve g\u00f6zlerinizin iyile\u015fme s\u00fcreci hakk\u0131nda gerekli t\u00fcm bilgileri i\u00e7erir. Pasaport boyutunda oldu\u011fundan, her zaman elinizin alt\u0131nda bulundurabilirsiniz. Seyahate \u00e7\u0131kmadan \u00f6nce size \u00f6zel olarak d\u00fczenlenir.   <\/p>\n\n<p><strong>Biz uygun fiyatl\u0131y\u0131z<\/strong><br>MedicalTravel, uygun fiyatlar\u0131 sayesinde art\u0131k herkesin g\u00f6z lazer ameliyat\u0131 olmas\u0131n\u0131 m\u00fcmk\u00fcn k\u0131l\u0131yor.<\/p>\n\n<ul class=\"wp-block-list\">\n<li>Avrupa&#8217;da neden daha pahal\u0131?<\/li>\n<\/ul>\n\n<p>Orta Avrupa \u00fclkeleri d\u00fcnyan\u0131n en pahal\u0131 \u00fclkeleri aras\u0131ndad\u0131r. Bunun nedenleri aras\u0131nda pahal\u0131 personel, bina kiralar\u0131 ve altyap\u0131 maliyetleri say\u0131labilir. Ayr\u0131ca, y\u00fcksek teknolojili makineler de son derece pahal\u0131d\u0131r. Yat\u0131r\u0131m\u0131n karl\u0131 olmas\u0131 i\u00e7in hasta say\u0131s\u0131n\u0131n y\u00fcksek olmas\u0131 gerekir.   <\/p>\n\n<ul class=\"wp-block-list\">\n<li>Antalya&#8217;da neden daha ucuz?<\/li>\n<\/ul>\n\n<p>Avusturya&#8217;da 100 \u20ac olan bir \u015fey i\u00e7in T\u00fcrkiye&#8217;de sadece 45 \u20ac \u00f6d\u00fcyorsunuz, OECD&#8217;nin bir ara\u015ft\u0131rmas\u0131na g\u00f6re.<\/p>\n\n<p>Bu nedenle, T\u00fcrkiye&#8217;deki bir cerrah\u0131n \u00fccreti, Avrupal\u0131 meslekta\u015flar\u0131n\u0131n \u00fccretinden \u00f6nemli \u00f6l\u00e7\u00fcde daha d\u00fc\u015f\u00fckt\u00fcr. Ayr\u0131ca, Antalya&#8217;n\u0131n n\u00fcfusu tek ba\u015f\u0131na milyonlar\u0131 bulmaktad\u0131r. Bu da, y\u00fcksek teknolojili lazer makinelerinin tedarik maliyetleri ayn\u0131 olmas\u0131na ra\u011fmen, daha uygun fiyatlar sunulmas\u0131n\u0131 m\u00fcmk\u00fcn k\u0131lan daha y\u00fcksek hasta say\u0131s\u0131na yol a\u00e7maktad\u0131r.  <\/p>\n\n<p>Bu nedenle Antalya her y\u0131l Avrupa&#8217;dan binlerce hastay\u0131 a\u011f\u0131rlamaktad\u0131r. MedicalTravel size buradaki kaliteyi makul fiyatlarla sunabilir. <\/p>\n\n<ul class=\"wp-block-list\">\n<li>Neden seyahatimizi MedicalTravel ile organize etmeliyim? Kendim de planlayabilirim? <\/li>\n<\/ul>\n\n<p>Kendiniz de bir \u015feyler organize edebilirsiniz. Ancak bu genellikle zahmetli ve risklidir. Ayr\u0131ca: MedicalTravel, \u201cHER \u015eEY DAH\u0130L\u201d prensibini benimsemi\u015ftir. Yurtd\u0131\u015f\u0131nda g\u00f6z ameliyat\u0131 ile ilgili ihtiyac\u0131n\u0131z olan her \u015feyi biz hallederiz. Ameliyattan \u00f6nce oldu\u011fu kadar, ameliyattan sonra da g\u00fcvenilir orta\u011f\u0131n\u0131z olmaya devam ederiz.    <\/p>\n\n<p>Sorunuz mu var? <a href=\"https:\/\/www.medicaltravel.at\/kontakt\">Bizimle ileti\u015fime ge\u00e7mekten<\/a> memnuniyet duyar\u0131z. <\/p>\n\t\t\t\t\t\t\t\t<\/div>\n\t\t\t\t\t<\/div>\n\t\t\t\t<\/div>\n\t\t\t\t<\/div>\n\t\t","protected":false},"excerpt":{"rendered":"<p>Antalya&#8217;da Lasik Maliyetler G\u00f6z Lazer Klini\u011fi Teknoloji Antalya&#8217;da Lasik &#8211; T\u00fcrkiye &#8211; Teklifimiz Amac\u0131m\u0131z, LASIK veya g\u00f6z lazer ameliyat\u0131 sayesinde, g\u00fczel Antalya \u015fehrinde t\u0131bbi ve organizasyonel a\u00e7\u0131dan y\u00fcksek kalitede \u201cg\u00f6rme yard\u0131m\u0131 olmadan ya\u015famak\u201d iste\u011finizi ger\u00e7ekle\u015ftirmektir. G\u00fcvenilir, kapsaml\u0131 ve uygun fiyatl\u0131: \u0130\u015fte bizim konseptimiz. G\u00fcveniliriz G\u00f6zler en \u00f6nemli duyu organlar\u0131m\u0131zdan biri oldu\u011fu i\u00e7in, g\u00f6z lazer ameliyat\u0131na cesaret etmek her zaman kolay de\u011fildir. Bu i\u015flem yurtd\u0131\u015f\u0131nda yap\u0131lacaksa, daha da dikkatli olunmas\u0131 gerekir. Size g\u00fcvenli yolu g\u00f6sterir ve hayat\u0131n\u0131z\u0131n bu \u00f6nemli ad\u0131m\u0131nda size e\u015flik ederiz. MedicalTravel, t\u0131bbi imkanlar hakk\u0131nda m\u00fcmk\u00fcn oldu\u011funca ayr\u0131nt\u0131l\u0131 bilgilerin yan\u0131 s\u0131ra, olas\u0131 bir ameliyatla ilgili riskler hakk\u0131nda da bilgi i\u00e7erir. Amac\u0131m\u0131z sizi ameliyata ikna etmek de\u011fildir. Yurtd\u0131\u015f\u0131nda g\u00f6z ameliyat\u0131 i\u00e7in \u201cher \u015fey dahil\u201d prensibini sunan Avrupa&#8217;daki tek kurulu\u015fuz. Bu, ba\u015ftan sona hizmetimizden yararlanaca\u011f\u0131n\u0131z ve b\u00f6ylece hi\u00e7bir \u015feyle kendiniz ilgilenmenize gerek kalmayaca\u011f\u0131 anlam\u0131na gelir. Kapsaml\u0131 Hizmet Antalya&#8217;ya g\u00f6z lazer tedavisi i\u00e7in seyahat etmek biraz organizasyon gerektirir. Bu organizasyonu sizin i\u00e7in seve seve \u00fcstleniriz. \u00dccretsiz, ba\u011flay\u0131c\u0131 olmayan ve ki\u015fisel dan\u0131\u015fmanl\u0131k hizmetimizden yararlanabilirsiniz. U\u00e7u\u015f Biz \u00f6nerilerde bulunuruz, ne zaman ve nas\u0131l olaca\u011f\u0131na siz karar verirsiniz. Rezervasyon sizin taraf\u0131n\u0131zdan yap\u0131l\u0131r. Havaalan\u0131-Otel Transferi Al\u0131\u015f servisi sizi otelinize g\u00f6t\u00fcrmekten memnuniyet duyar. Bu servisler genellikle bireysel olarak ger\u00e7ekle\u015ftirilir ve bu nedenle Antalya trafi\u011finde saatlerce dola\u015fan bir servis otob\u00fcs\u00fc de\u011fildir. \u00d6zel yolculu\u011funuzun keyfini \u00e7\u0131kar\u0131n! Otel Sizin i\u00e7in uygun olan se\u00e7enekleri sunuyoruz, karar sizin. Oteller hastanelerin yak\u0131n\u0131nda bulunmaktad\u0131r. Otel, lazer g\u00f6z ameliyat\u0131nda \u00e7ok \u00f6nemli bir rol oynar. Odan\u0131n hijyeni \u00e7ok iyi olmal\u0131d\u0131r. Sadece iyi ve temiz otellerle \u00e7al\u0131\u015f\u0131yoruz. Almanca Dilinde Destek Ameliyat ekibini anlaman\u0131z son derece \u00f6nemlidir. Almanca konu\u015fan \u00e7al\u0131\u015fanlar kusursuz bir ileti\u015fim sa\u011flar. Elbette bu hizmeti di\u011fer ulusal diller i\u00e7in de organize etmek m\u00fcmk\u00fcnd\u00fcr. \u00d6n \u0130ncelemeleriniz Antalya&#8217;da g\u00f6zleriniz kapsaml\u0131 bir \u015fekilde muayene edilecektir. T\u00fcm sonu\u00e7lar olumlu oldu\u011fu takdirde tedaviniz ger\u00e7ekle\u015ftirilecektir. Aksi takdirde tedaviniz iptal edilecektir. G\u00f6z Ameliyat\u0131n\u0131z \u0130\u015fbirli\u011fi yap\u0131lan hastaneler, kapsaml\u0131 ara\u015ft\u0131rmalar ve yerinde incelemeler sonucunda, \u00e7e\u015fitli fakt\u00f6rler g\u00f6z \u00f6n\u00fcnde bulundurularak se\u00e7ilmi\u015ftir. Hastaneler, uluslararas\u0131 ge\u00e7erlili\u011fe sahip sertifikalara sahiptir. Hastaneler hakk\u0131nda daha fazla bilgiyi burada bulabilirsiniz. Ertesi g\u00fcn yap\u0131lacak kontrol muayenesi Ameliyattan hemen sonra yap\u0131lan ilk kontrol muayenesinin ard\u0131ndan, ertesi g\u00fcn bir kontrol muayenesi daha yap\u0131l\u0131r. Bu, ameliyat ekibinin ilk sonu\u00e7lar\u0131 kendisi analiz etmesini ve gerekli tedaviyi uygulamas\u0131n\u0131 sa\u011flar. Kontrol muayenesi zorunludur. Seyahat plan\u0131n\u0131z buna g\u00f6re d\u00fczenlenecektir. Otel-Havaalan\u0131 Transferi Transfer ekibi, seyahatinizin son ana kadar olumlu bir deneyim olmas\u0131n\u0131 sa\u011flar. Medicaltravelpass Bu, bizim benzersiz ek hizmetimizdir. Medicaltravelpass, Antalya&#8217;daki konaklaman\u0131z ve g\u00f6zlerinizin iyile\u015fme s\u00fcreci hakk\u0131nda gerekli t\u00fcm bilgileri i\u00e7erir. Pasaport boyutunda oldu\u011fundan, her zaman elinizin alt\u0131nda bulundurabilirsiniz. Seyahate \u00e7\u0131kmadan \u00f6nce size \u00f6zel olarak d\u00fczenlenir. Biz uygun fiyatl\u0131y\u0131zMedicalTravel, uygun fiyatlar\u0131 sayesinde art\u0131k herkesin g\u00f6z lazer ameliyat\u0131 olmas\u0131n\u0131 m\u00fcmk\u00fcn k\u0131l\u0131yor. Avrupa&#8217;da neden daha pahal\u0131? Orta Avrupa \u00fclkeleri d\u00fcnyan\u0131n en pahal\u0131 \u00fclkeleri aras\u0131ndad\u0131r. Bunun nedenleri aras\u0131nda pahal\u0131 personel, bina kiralar\u0131 ve altyap\u0131 maliyetleri say\u0131labilir. Ayr\u0131ca, y\u00fcksek teknolojili makineler de son derece pahal\u0131d\u0131r. Yat\u0131r\u0131m\u0131n karl\u0131 olmas\u0131 i\u00e7in hasta say\u0131s\u0131n\u0131n y\u00fcksek olmas\u0131 gerekir. Antalya&#8217;da neden daha ucuz? Avusturya&#8217;da 100 \u20ac olan bir \u015fey i\u00e7in T\u00fcrkiye&#8217;de sadece 45 \u20ac \u00f6d\u00fcyorsunuz, OECD&#8217;nin bir ara\u015ft\u0131rmas\u0131na g\u00f6re. Bu nedenle, T\u00fcrkiye&#8217;deki bir cerrah\u0131n \u00fccreti, Avrupal\u0131 meslekta\u015flar\u0131n\u0131n \u00fccretinden \u00f6nemli \u00f6l\u00e7\u00fcde daha d\u00fc\u015f\u00fckt\u00fcr. Ayr\u0131ca, Antalya&#8217;n\u0131n n\u00fcfusu tek ba\u015f\u0131na milyonlar\u0131 bulmaktad\u0131r. Bu da, y\u00fcksek teknolojili lazer makinelerinin tedarik maliyetleri ayn\u0131 olmas\u0131na ra\u011fmen, daha uygun fiyatlar sunulmas\u0131n\u0131 m\u00fcmk\u00fcn k\u0131lan daha y\u00fcksek hasta say\u0131s\u0131na yol a\u00e7maktad\u0131r. Bu nedenle Antalya her y\u0131l Avrupa&#8217;dan binlerce hastay\u0131 a\u011f\u0131rlamaktad\u0131r. MedicalTravel size buradaki kaliteyi makul fiyatlarla sunabilir. Neden seyahatimizi MedicalTravel ile organize etmeliyim? Kendim de planlayabilirim? Kendiniz de bir \u015feyler organize edebilirsiniz. Ancak bu genellikle zahmetli ve risklidir. Ayr\u0131ca: MedicalTravel, \u201cHER \u015eEY DAH\u0130L\u201d prensibini benimsemi\u015ftir. Yurtd\u0131\u015f\u0131nda g\u00f6z ameliyat\u0131 ile ilgili ihtiyac\u0131n\u0131z olan her \u015feyi biz hallederiz. Ameliyattan \u00f6nce oldu\u011fu kadar, ameliyattan sonra da g\u00fcvenilir orta\u011f\u0131n\u0131z olmaya devam ederiz. Sorunuz mu var? Bizimle ileti\u015fime ge\u00e7mekten memnuniyet duyar\u0131z.<\/p>\n","protected":false},"author":4,"featured_media":0,"parent":3640,"menu_order":0,"comment_status":"closed","ping_status":"closed","template":"","meta":{"_joinchat":[],"footnotes":""},"class_list":["post-3717","page","type-page","status-publish","hentry"],"acf":[],"_links":{"self":[{"href":"https:\/\/medicaltravel.at\/tr\/wp-json\/wp\/v2\/pages\/3717","targetHints":{"allow":["GET"]}}],"collection":[{"href":"https:\/\/medicaltravel.at\/tr\/wp-json\/wp\/v2\/pages"}],"about":[{"href":"https:\/\/medicaltravel.at\/tr\/wp-json\/wp\/v2\/types\/page"}],"author":[{"embeddable":true,"href":"https:\/\/medicaltravel.at\/tr\/wp-json\/wp\/v2\/users\/4"}],"replies":[{"embeddable":true,"href":"https:\/\/medicaltravel.at\/tr\/wp-json\/wp\/v2\/comments?post=3717"}],"version-history":[{"count":9,"href":"https:\/\/medicaltravel.at\/tr\/wp-json\/wp\/v2\/pages\/3717\/revisions"}],"predecessor-version":[{"id":4095,"href":"https:\/\/medicaltravel.at\/tr\/wp-json\/wp\/v2\/pages\/3717\/revisions\/4095"}],"up":[{"embeddable":true,"href":"https:\/\/medicaltravel.at\/tr\/wp-json\/wp\/v2\/pages\/3640"}],"wp:attachment":[{"href":"https:\/\/medicaltravel.at\/tr\/wp-json\/wp\/v2\/media?parent=3717"}],"curies":[{"name":"wp","href":"https:\/\/api.w.org\/{rel}","templated":true}]}}