{"id":3697,"date":"2025-09-27T15:15:44","date_gmt":"2025-09-27T14:15:44","guid":{"rendered":"https:\/\/medicaltravel.at\/augenlaser-lasik\/lasik-in-antalya\/augenlasern-technologie-in-antalya\/"},"modified":"2026-01-04T15:40:15","modified_gmt":"2026-01-04T14:40:15","slug":"augenlasern-technologie-in-antalya","status":"publish","type":"page","link":"https:\/\/medicaltravel.at\/tr\/augenlaser-lasik\/lasik-in-antalya\/augenlasern-technologie-in-antalya\/","title":{"rendered":"Antalya\u2019da G\u00f6z Lazeri Teknolojisi"},"content":{"rendered":"\t\t<div data-elementor-type=\"wp-page\" data-elementor-id=\"3697\" class=\"elementor elementor-3697 elementor-867\" data-elementor-post-type=\"page\">\n\t\t\t\t<div class=\"elementor-element elementor-element-64d8604b e-flex e-con-boxed wpr-particle-no wpr-jarallax-no wpr-parallax-no wpr-sticky-section-no e-con e-parent\" data-id=\"64d8604b\" data-element_type=\"container\" data-e-type=\"container\">\n\t\t\t\t\t<div class=\"e-con-inner\">\n\t\t<div class=\"elementor-element elementor-element-8a83837 e-con-full e-flex wpr-particle-no wpr-jarallax-no wpr-parallax-no wpr-sticky-section-no e-con e-child\" data-id=\"8a83837\" data-element_type=\"container\" data-e-type=\"container\">\n\t\t\t\t<div class=\"elementor-element elementor-element-e0e10e5 elementor-widget elementor-widget-button\" data-id=\"e0e10e5\" data-element_type=\"widget\" data-e-type=\"widget\" data-widget_type=\"button.default\">\n\t\t\t\t\t\t\t\t\t\t<a class=\"elementor-button elementor-button-link elementor-size-sm\" href=\"https:\/\/medicaltravel.at\/tr\/augenlaser-lasik\/lasik-in-antalya\/antalyada-lasik-goez-lazer-tedavisi\/\">\n\t\t\t\t\t\t<span class=\"elementor-button-content-wrapper\">\n\t\t\t\t\t\t\t\t\t<span class=\"elementor-button-text\">Antalya'da Lasik<\/span>\n\t\t\t\t\t<\/span>\n\t\t\t\t\t<\/a>\n\t\t\t\t\t\t\t\t<\/div>\n\t\t\t\t<div class=\"elementor-element elementor-element-f421413 elementor-widget elementor-widget-button\" data-id=\"f421413\" data-element_type=\"widget\" data-e-type=\"widget\" data-widget_type=\"button.default\">\n\t\t\t\t\t\t\t\t\t\t<a class=\"elementor-button elementor-button-link elementor-size-sm\" href=\"https:\/\/medicaltravel.at\/tr\/augenlaser-lasik\/lasik-in-antalya\/antalyada-goez-lazer-lasik-maliyetleri-fiyatlari\/\">\n\t\t\t\t\t\t<span class=\"elementor-button-content-wrapper\">\n\t\t\t\t\t\t\t\t\t<span class=\"elementor-button-text\">Maliyetler<\/span>\n\t\t\t\t\t<\/span>\n\t\t\t\t\t<\/a>\n\t\t\t\t\t\t\t\t<\/div>\n\t\t\t\t<div class=\"elementor-element elementor-element-e329a7e elementor-widget elementor-widget-button\" data-id=\"e329a7e\" data-element_type=\"widget\" data-e-type=\"widget\" data-widget_type=\"button.default\">\n\t\t\t\t\t\t\t\t\t\t<a class=\"elementor-button elementor-button-link elementor-size-sm\" href=\"https:\/\/medicaltravel.at\/tr\/augenlaser-lasik\/lasik-in-antalya\/goez-lazer-klinigi-goez-klinigi-antalya-duenya\/\">\n\t\t\t\t\t\t<span class=\"elementor-button-content-wrapper\">\n\t\t\t\t\t\t\t\t\t<span class=\"elementor-button-text\">G\u00f6z Lazer Klini\u011fi<\/span>\n\t\t\t\t\t<\/span>\n\t\t\t\t\t<\/a>\n\t\t\t\t\t\t\t\t<\/div>\n\t\t\t\t<div class=\"elementor-element elementor-element-c4f219a elementor-widget elementor-widget-button\" data-id=\"c4f219a\" data-element_type=\"widget\" data-e-type=\"widget\" data-widget_type=\"button.default\">\n\t\t\t\t\t\t\t\t\t\t<a class=\"elementor-button elementor-button-link elementor-size-sm\" href=\"https:\/\/medicaltravel.at\/tr\/augenlaser-lasik\/lasik-in-antalya\/augenlasern-technologie-in-antalya\/\">\n\t\t\t\t\t\t<span class=\"elementor-button-content-wrapper\">\n\t\t\t\t\t\t\t\t\t<span class=\"elementor-button-text\">Teknoloji<\/span>\n\t\t\t\t\t<\/span>\n\t\t\t\t\t<\/a>\n\t\t\t\t\t\t\t\t<\/div>\n\t\t\t\t<\/div>\n\t\t\t\t<div class=\"elementor-element elementor-element-576d5312 elementor-widget elementor-widget-text-editor\" data-id=\"576d5312\" data-element_type=\"widget\" data-e-type=\"widget\" data-widget_type=\"text-editor.default\">\n\t\t\t\t\t\t\t\t\t\n<p>G\u00f6z Lazeri G\u00f6z Lazer Antalya&#8217;da En \u0130yi LASIK Teknolojisi Antalya<\/p>\n\n<p>Talyag\u00f6z G\u00f6z Klini\u011fi, Almanya merkezli Carl Zeiss Meditec (ReLex Smile) firmas\u0131n\u0131n en yeni lazer teknolojilerini, Excimer Lazer MEL 80, Femtosaniye Lazer VisuMax ve CRS-Master&#8217;\u0131 kullanmaktad\u0131r.<\/p>\n\n<p>Carl Zeiss Meditec, VisuMax, Excimer Laser MEL 80 ve CRS-Master ile refraktif lazer cerrahisi i\u00e7in birbiriyle kusursuz bir \u015fekilde uyumlu \u00fc\u00e7 \u00fcst\u00fcn \u00fcr\u00fcn sunmaktad\u0131r. Ameliyat \u00f6ncesi te\u015fhis, ki\u015fiye \u00f6zel tedavi planlamas\u0131, hassas flepler, ard\u0131ndan en hassas refraktif d\u00fczeltme ve takip kontrolleri, rahat bir i\u015f ak\u0131\u015f\u0131, verimli hasta y\u00f6netimi ve en iyi tedavi sonu\u00e7lar\u0131n\u0131 m\u00fcmk\u00fcn k\u0131lar. <\/p>\n\n<p><strong>ReLex Smile LASIK<\/strong><\/p>\n\n<p>ReLEx\u00ae smile, tek bir lazerle ger\u00e7ekle\u015ftirilen ilk g\u00f6z lazer prosed\u00fcr\u00fcd\u00fcr: Femtosaniye lazer VisuMax. Lazer prosed\u00fcr\u00fc a\u011fr\u0131s\u0131zd\u0131r ve LASIK i\u00e7in tipik olan flap gerektirmez. <\/p>\n\n<p>\u0130lk olarak, Femtosaniye Lazer VisuMax ile kornea i\u00e7 k\u0131sm\u0131ndaki kornea diski (lentikel) haz\u0131rlan\u0131r. Bu s\u0131rada parlak bir nokta g\u00f6r\u00fcrs\u00fcn\u00fcz, ancak neredeyse hi\u00e7bir \u015fey hissetmezsiniz. Lentikel haz\u0131rl\u0131\u011f\u0131n\u0131n hemen ard\u0131ndan, yine VisuMax ile 2 ila 3 mm b\u00fcy\u00fckl\u00fc\u011f\u00fcnde k\u00fc\u00e7\u00fck bir a\u00e7\u0131kl\u0131k a\u00e7\u0131l\u0131r. Cerrah bu a\u00e7\u0131kl\u0131ktan lentik\u00fcl\u00fc gev\u015fetir ve dikkatlice \u00e7\u0131kar\u0131r. Ard\u0131ndan k\u00fc\u00e7\u00fck kesik a\u00e7\u0131kl\u0131\u011f\u0131 tekrar kontrol edilir. Sonras\u0131nda, \u00e7o\u011fu hasta gibi, her \u015feyin ne kadar h\u0131zl\u0131 gitti\u011fine ve ne kadar az \u015fey hissetti\u011finize \u015fa\u015f\u0131racaks\u0131n\u0131z. K\u00fc\u00e7\u00fck a\u00e7\u0131kl\u0131k nedeniyle ameliyat sonras\u0131 herhangi bir \u00f6nlem al\u0131nmas\u0131 gerekmez, genellikle ertesi g\u00fcn spor yapabilir, sa\u00e7\u0131n\u0131z\u0131 y\u0131kayabilir veya du\u015f alabilirsiniz. Daha fazla bilgiyi <a href=\"https:\/\/medicaltravel.at\/tr\/relex-smile-lasik-tuerkiye-istanbul-antalya-izmir\/\" data-type=\"page\" data-id=\"809\">burada<\/a> bulabilirsiniz.       <\/p>\n\n<figure class=\"wp-block-image size-full\"><img fetchpriority=\"high\" decoding=\"async\" width=\"300\" height=\"198\" class=\"wp-image-1526\" src=\"https:\/\/medicaltravel.at\/wp-content\/uploads\/2025\/09\/Hoch-Moderne-Gerate-fur-Ihre-Augenlaserbehandlung-in-Antalya-300x198-1.jpg\" alt=\"\"><\/figure>\n\n<p><strong>Excimer Lazer Mel 80<\/strong><br>Carl Zeiss Meditec, Excimer Lazer MEL 80 ile g\u00f6rme bozukluklar\u0131n\u0131n daha nazik, daha ki\u015fisel ve daha g\u00fcvenli bir \u015fekilde d\u00fczeltilmesini sa\u011flayan \u00fcst\u00fcn bir \u00fcr\u00fcn sunmaktad\u0131r. Bu son derece modern \u00e7al\u0131\u015fma platformunun t\u00fcm parametreleri, verimlilik, en iyi tedavi sonu\u00e7lar\u0131 ve h\u0131zl\u0131 g\u00f6rme iyile\u015fmesi i\u00e7in tasarlanm\u0131\u015ft\u0131r. Buna \u00f6zellikle son derece y\u00fcksek ablasyon h\u0131z\u0131, g\u00fc\u00e7l\u00fc g\u00f6z takip sistemi, iste\u011fe ba\u011fl\u0131 CRS Master ile ki\u015fiselle\u015ftirilmi\u015f tedavi planlamas\u0131 ve torsiyon dengeleme (\u201cG\u00f6z Kayd\u0131\u201d) katk\u0131da bulunmaktad\u0131r. Excimer Lazer MEL 80 ile tedavi s\u00fcresi \u00f6nemli \u00f6l\u00e7\u00fcde k\u0131salt\u0131labilir.   <\/p>\n\n<p>Bunun \u00f6nemli avantajlar\u0131 vard\u0131r:<br>\u2022 Elektrik yata\u011f\u0131 sadece k\u0131sa bir s\u00fcre a\u00e7\u0131k kal\u0131r; bu da dehidrasyonu \u00f6nler ve rejenerasyonu h\u0131zland\u0131r\u0131r.<\/p>\n\n<p>\u2022 Lazer at\u0131\u015f deseninin termal olarak optimize edilmi\u015f da\u011f\u0131l\u0131m\u0131, y\u00fcksek ablasyon h\u0131z\u0131na ra\u011fmen stroma dokusunu korur.<\/p>\n\n<p>\u2022 Hastalar rahatlar, sadece birka\u00e7 saniye boyunca sabitleme \u0131\u015f\u0131\u011f\u0131na odaklanmalar\u0131 gerekir.<\/p>\n\n<figure class=\"wp-block-image size-full\"><img decoding=\"async\" width=\"300\" height=\"200\" class=\"wp-image-1528\" src=\"https:\/\/medicaltravel.at\/wp-content\/uploads\/2025\/09\/Die-Talya-Augen-behandelt-Ihre-Augen-mit-modernsten-Geraten-300x200-1.jpg\" alt=\"\"><\/figure>\n\n<p><strong>Femtosaniye \u2013 VisuMax Lazer<\/strong><br>Yeni VisuMax femtosaniye lazer sistemi, son derece hassas ve ayn\u0131 zamanda nazik bir \u015fekilde ameliyat yap\u0131lmas\u0131n\u0131 sa\u011flar. Son derece modern lazer teknolojisi ve sistemin yenilik\u00e7i optik konsepti sayesinde, kornea kesiklerini daha hassas ve ayn\u0131 zamanda daha kolay bir \u015fekilde ger\u00e7ekle\u015ftirebilir. VisuMax&#8217;\u0131n 500 kHz&#8217;lik y\u00fcksek lazer darbe frekans\u0131, k\u0131sa tedavi s\u00fcreleri sa\u011flar. Kesim s\u00fcresi \u00f6nemli \u00f6l\u00e7\u00fcde k\u0131sal\u0131r.   <\/p>\n\n<p>VisuMax, performans\u0131n simgesidir:<\/p>\n\n<p>\u2022 500 kHz lazer darbe frekans\u0131<br>\u2022 H\u0131zl\u0131, hassas kornea kesimleri<br>\u2022 En modern tedavi se\u00e7enekleri<br>\u2022 Geli\u015ftirilmi\u015f klinik verimlilik<br>\u2022 Y\u00fcksek hasta konforu<\/p>\n\n<figure class=\"wp-block-image size-full\"><img decoding=\"async\" width=\"300\" height=\"215\" class=\"wp-image-1529\" src=\"https:\/\/medicaltravel.at\/wp-content\/uploads\/2025\/09\/CRS-Master-im-Einsatz-in-der-Augenklinik-in-Antalya-300x215-1.jpg\" alt=\"\"><\/figure>\n\n<p><strong>CRS-Master<\/strong><br>Ger\u00e7ekten ki\u015fiselle\u015ftirilmi\u015f bir tedavi i\u00e7in, en modern tedavi planlama arac\u0131 olan CRS-Master, dalga cephesi tan\u0131s\u0131 ve kornea topografisi verilerini MEL 80&#8217;e entegre eder ve size ger\u00e7ekten ki\u015fiselle\u015ftirilmi\u015f bir tedavi program\u0131 olu\u015fturma imkan\u0131 sunar. Hasta ile ilgili verileri de ek olarak dikkate alarak, lazer uygulamas\u0131 i\u00e7in hastalar\u0131n\u0131z\u0131n eksiksiz ve ki\u015fiselle\u015ftirilmi\u015f g\u00f6z profillerini elde edersiniz. Antalya&#8217;da en son teknoloji <\/p>\n\t\t\t\t\t\t\t\t<\/div>\n\t\t\t\t\t<\/div>\n\t\t\t\t<\/div>\n\t\t\t\t<\/div>\n\t\t","protected":false},"excerpt":{"rendered":"<p>Antalya&#8217;da Lasik Maliyetler G\u00f6z Lazer Klini\u011fi Teknoloji G\u00f6z Lazeri G\u00f6z Lazer Antalya&#8217;da En \u0130yi LASIK Teknolojisi Antalya Talyag\u00f6z G\u00f6z Klini\u011fi, Almanya merkezli Carl Zeiss Meditec (ReLex Smile) firmas\u0131n\u0131n en yeni lazer teknolojilerini, Excimer Lazer MEL 80, Femtosaniye Lazer VisuMax ve CRS-Master&#8217;\u0131 kullanmaktad\u0131r. Carl Zeiss Meditec, VisuMax, Excimer Laser MEL 80 ve CRS-Master ile refraktif lazer cerrahisi i\u00e7in birbiriyle kusursuz bir \u015fekilde uyumlu \u00fc\u00e7 \u00fcst\u00fcn \u00fcr\u00fcn sunmaktad\u0131r. Ameliyat \u00f6ncesi te\u015fhis, ki\u015fiye \u00f6zel tedavi planlamas\u0131, hassas flepler, ard\u0131ndan en hassas refraktif d\u00fczeltme ve takip kontrolleri, rahat bir i\u015f ak\u0131\u015f\u0131, verimli hasta y\u00f6netimi ve en iyi tedavi sonu\u00e7lar\u0131n\u0131 m\u00fcmk\u00fcn k\u0131lar. ReLex Smile LASIK ReLEx\u00ae smile, tek bir lazerle ger\u00e7ekle\u015ftirilen ilk g\u00f6z lazer prosed\u00fcr\u00fcd\u00fcr: Femtosaniye lazer VisuMax. Lazer prosed\u00fcr\u00fc a\u011fr\u0131s\u0131zd\u0131r ve LASIK i\u00e7in tipik olan flap gerektirmez. \u0130lk olarak, Femtosaniye Lazer VisuMax ile kornea i\u00e7 k\u0131sm\u0131ndaki kornea diski (lentikel) haz\u0131rlan\u0131r. Bu s\u0131rada parlak bir nokta g\u00f6r\u00fcrs\u00fcn\u00fcz, ancak neredeyse hi\u00e7bir \u015fey hissetmezsiniz. Lentikel haz\u0131rl\u0131\u011f\u0131n\u0131n hemen ard\u0131ndan, yine VisuMax ile 2 ila 3 mm b\u00fcy\u00fckl\u00fc\u011f\u00fcnde k\u00fc\u00e7\u00fck bir a\u00e7\u0131kl\u0131k a\u00e7\u0131l\u0131r. Cerrah bu a\u00e7\u0131kl\u0131ktan lentik\u00fcl\u00fc gev\u015fetir ve dikkatlice \u00e7\u0131kar\u0131r. Ard\u0131ndan k\u00fc\u00e7\u00fck kesik a\u00e7\u0131kl\u0131\u011f\u0131 tekrar kontrol edilir. Sonras\u0131nda, \u00e7o\u011fu hasta gibi, her \u015feyin ne kadar h\u0131zl\u0131 gitti\u011fine ve ne kadar az \u015fey hissetti\u011finize \u015fa\u015f\u0131racaks\u0131n\u0131z. K\u00fc\u00e7\u00fck a\u00e7\u0131kl\u0131k nedeniyle ameliyat sonras\u0131 herhangi bir \u00f6nlem al\u0131nmas\u0131 gerekmez, genellikle ertesi g\u00fcn spor yapabilir, sa\u00e7\u0131n\u0131z\u0131 y\u0131kayabilir veya du\u015f alabilirsiniz. Daha fazla bilgiyi burada bulabilirsiniz. Excimer Lazer Mel 80Carl Zeiss Meditec, Excimer Lazer MEL 80 ile g\u00f6rme bozukluklar\u0131n\u0131n daha nazik, daha ki\u015fisel ve daha g\u00fcvenli bir \u015fekilde d\u00fczeltilmesini sa\u011flayan \u00fcst\u00fcn bir \u00fcr\u00fcn sunmaktad\u0131r. Bu son derece modern \u00e7al\u0131\u015fma platformunun t\u00fcm parametreleri, verimlilik, en iyi tedavi sonu\u00e7lar\u0131 ve h\u0131zl\u0131 g\u00f6rme iyile\u015fmesi i\u00e7in tasarlanm\u0131\u015ft\u0131r. Buna \u00f6zellikle son derece y\u00fcksek ablasyon h\u0131z\u0131, g\u00fc\u00e7l\u00fc g\u00f6z takip sistemi, iste\u011fe ba\u011fl\u0131 CRS Master ile ki\u015fiselle\u015ftirilmi\u015f tedavi planlamas\u0131 ve torsiyon dengeleme (\u201cG\u00f6z Kayd\u0131\u201d) katk\u0131da bulunmaktad\u0131r. Excimer Lazer MEL 80 ile tedavi s\u00fcresi \u00f6nemli \u00f6l\u00e7\u00fcde k\u0131salt\u0131labilir. Bunun \u00f6nemli avantajlar\u0131 vard\u0131r:\u2022 Elektrik yata\u011f\u0131 sadece k\u0131sa bir s\u00fcre a\u00e7\u0131k kal\u0131r; bu da dehidrasyonu \u00f6nler ve rejenerasyonu h\u0131zland\u0131r\u0131r. \u2022 Lazer at\u0131\u015f deseninin termal olarak optimize edilmi\u015f da\u011f\u0131l\u0131m\u0131, y\u00fcksek ablasyon h\u0131z\u0131na ra\u011fmen stroma dokusunu korur. \u2022 Hastalar rahatlar, sadece birka\u00e7 saniye boyunca sabitleme \u0131\u015f\u0131\u011f\u0131na odaklanmalar\u0131 gerekir. Femtosaniye \u2013 VisuMax LazerYeni VisuMax femtosaniye lazer sistemi, son derece hassas ve ayn\u0131 zamanda nazik bir \u015fekilde ameliyat yap\u0131lmas\u0131n\u0131 sa\u011flar. Son derece modern lazer teknolojisi ve sistemin yenilik\u00e7i optik konsepti sayesinde, kornea kesiklerini daha hassas ve ayn\u0131 zamanda daha kolay bir \u015fekilde ger\u00e7ekle\u015ftirebilir. VisuMax&#8217;\u0131n 500 kHz&#8217;lik y\u00fcksek lazer darbe frekans\u0131, k\u0131sa tedavi s\u00fcreleri sa\u011flar. Kesim s\u00fcresi \u00f6nemli \u00f6l\u00e7\u00fcde k\u0131sal\u0131r. VisuMax, performans\u0131n simgesidir: \u2022 500 kHz lazer darbe frekans\u0131\u2022 H\u0131zl\u0131, hassas kornea kesimleri\u2022 En modern tedavi se\u00e7enekleri\u2022 Geli\u015ftirilmi\u015f klinik verimlilik\u2022 Y\u00fcksek hasta konforu CRS-MasterGer\u00e7ekten ki\u015fiselle\u015ftirilmi\u015f bir tedavi i\u00e7in, en modern tedavi planlama arac\u0131 olan CRS-Master, dalga cephesi tan\u0131s\u0131 ve kornea topografisi verilerini MEL 80&#8217;e entegre eder ve size ger\u00e7ekten ki\u015fiselle\u015ftirilmi\u015f bir tedavi program\u0131 olu\u015fturma imkan\u0131 sunar. Hasta ile ilgili verileri de ek olarak dikkate alarak, lazer uygulamas\u0131 i\u00e7in hastalar\u0131n\u0131z\u0131n eksiksiz ve ki\u015fiselle\u015ftirilmi\u015f g\u00f6z profillerini elde edersiniz. Antalya&#8217;da en son teknoloji<\/p>\n","protected":false},"author":4,"featured_media":0,"parent":3640,"menu_order":0,"comment_status":"closed","ping_status":"closed","template":"","meta":{"_joinchat":[],"footnotes":""},"class_list":["post-3697","page","type-page","status-publish","hentry"],"acf":[],"_links":{"self":[{"href":"https:\/\/medicaltravel.at\/tr\/wp-json\/wp\/v2\/pages\/3697","targetHints":{"allow":["GET"]}}],"collection":[{"href":"https:\/\/medicaltravel.at\/tr\/wp-json\/wp\/v2\/pages"}],"about":[{"href":"https:\/\/medicaltravel.at\/tr\/wp-json\/wp\/v2\/types\/page"}],"author":[{"embeddable":true,"href":"https:\/\/medicaltravel.at\/tr\/wp-json\/wp\/v2\/users\/4"}],"replies":[{"embeddable":true,"href":"https:\/\/medicaltravel.at\/tr\/wp-json\/wp\/v2\/comments?post=3697"}],"version-history":[{"count":10,"href":"https:\/\/medicaltravel.at\/tr\/wp-json\/wp\/v2\/pages\/3697\/revisions"}],"predecessor-version":[{"id":5347,"href":"https:\/\/medicaltravel.at\/tr\/wp-json\/wp\/v2\/pages\/3697\/revisions\/5347"}],"up":[{"embeddable":true,"href":"https:\/\/medicaltravel.at\/tr\/wp-json\/wp\/v2\/pages\/3640"}],"wp:attachment":[{"href":"https:\/\/medicaltravel.at\/tr\/wp-json\/wp\/v2\/media?parent=3697"}],"curies":[{"name":"wp","href":"https:\/\/api.w.org\/{rel}","templated":true}]}}