{"id":3683,"date":"2025-09-27T15:14:51","date_gmt":"2025-09-27T14:14:51","guid":{"rendered":"https:\/\/medicaltravel.at\/augenlaser-lasik\/lasik-in-antalya\/goez-lazer-klinigi-goez-klinigi-antalya-duenya\/"},"modified":"2025-12-26T18:54:53","modified_gmt":"2025-12-26T17:54:53","slug":"goez-lazer-klinigi-goez-klinigi-antalya-duenya","status":"publish","type":"page","link":"https:\/\/medicaltravel.at\/tr\/augenlaser-lasik\/lasik-in-antalya\/goez-lazer-klinigi-goez-klinigi-antalya-duenya\/","title":{"rendered":"G\u00f6z Lazer Klini\u011fi G\u00f6z Klini\u011fi Antalya D\u00fcnya"},"content":{"rendered":"\t\t<div data-elementor-type=\"wp-page\" data-elementor-id=\"3683\" class=\"elementor elementor-3683 elementor-865\" data-elementor-post-type=\"page\">\n\t\t\t\t<div class=\"elementor-element elementor-element-17b5fe69 e-flex e-con-boxed wpr-particle-no wpr-jarallax-no wpr-parallax-no wpr-sticky-section-no e-con e-parent\" data-id=\"17b5fe69\" data-element_type=\"container\" data-e-type=\"container\">\n\t\t\t\t\t<div class=\"e-con-inner\">\n\t\t<div class=\"elementor-element elementor-element-aaa4f19 e-con-full e-flex wpr-particle-no wpr-jarallax-no wpr-parallax-no wpr-sticky-section-no e-con e-child\" data-id=\"aaa4f19\" data-element_type=\"container\" data-e-type=\"container\">\n\t\t\t\t<div class=\"elementor-element elementor-element-6a27ccf elementor-widget elementor-widget-button\" data-id=\"6a27ccf\" data-element_type=\"widget\" data-e-type=\"widget\" data-widget_type=\"button.default\">\n\t\t\t\t\t\t\t\t\t\t<a class=\"elementor-button elementor-button-link elementor-size-sm\" href=\"https:\/\/medicaltravel.at\/tr\/augenlaser-lasik\/lasik-in-antalya\/antalyada-lasik-goez-lazer-tedavisi\/\">\n\t\t\t\t\t\t<span class=\"elementor-button-content-wrapper\">\n\t\t\t\t\t\t\t\t\t<span class=\"elementor-button-text\">Antalya'da Lasik<\/span>\n\t\t\t\t\t<\/span>\n\t\t\t\t\t<\/a>\n\t\t\t\t\t\t\t\t<\/div>\n\t\t\t\t<div class=\"elementor-element elementor-element-f2bb726 elementor-widget elementor-widget-button\" data-id=\"f2bb726\" data-element_type=\"widget\" data-e-type=\"widget\" data-widget_type=\"button.default\">\n\t\t\t\t\t\t\t\t\t\t<a class=\"elementor-button elementor-button-link elementor-size-sm\" href=\"https:\/\/medicaltravel.at\/tr\/augenlaser-lasik\/lasik-in-antalya\/antalyada-goez-lazer-lasik-maliyetleri-fiyatlari\/\">\n\t\t\t\t\t\t<span class=\"elementor-button-content-wrapper\">\n\t\t\t\t\t\t\t\t\t<span class=\"elementor-button-text\">Maliyetler<\/span>\n\t\t\t\t\t<\/span>\n\t\t\t\t\t<\/a>\n\t\t\t\t\t\t\t\t<\/div>\n\t\t\t\t<div class=\"elementor-element elementor-element-3f11ad4 elementor-widget elementor-widget-button\" data-id=\"3f11ad4\" data-element_type=\"widget\" data-e-type=\"widget\" data-widget_type=\"button.default\">\n\t\t\t\t\t\t\t\t\t\t<a class=\"elementor-button elementor-button-link elementor-size-sm\" href=\"https:\/\/medicaltravel.at\/tr\/augenlaser-lasik\/lasik-in-antalya\/goez-lazer-klinigi-goez-klinigi-antalya-duenya\/\">\n\t\t\t\t\t\t<span class=\"elementor-button-content-wrapper\">\n\t\t\t\t\t\t\t\t\t<span class=\"elementor-button-text\">G\u00f6z Lazer Klini\u011fi<\/span>\n\t\t\t\t\t<\/span>\n\t\t\t\t\t<\/a>\n\t\t\t\t\t\t\t\t<\/div>\n\t\t\t\t<div class=\"elementor-element elementor-element-a2bbc0d elementor-widget elementor-widget-button\" data-id=\"a2bbc0d\" data-element_type=\"widget\" data-e-type=\"widget\" data-widget_type=\"button.default\">\n\t\t\t\t\t\t\t\t\t\t<a class=\"elementor-button elementor-button-link elementor-size-sm\" href=\"https:\/\/medicaltravel.at\/tr\/augenlaser-lasik\/lasik-in-antalya\/augenlasern-technologie-in-antalya\/\">\n\t\t\t\t\t\t<span class=\"elementor-button-content-wrapper\">\n\t\t\t\t\t\t\t\t\t<span class=\"elementor-button-text\">Teknoloji<\/span>\n\t\t\t\t\t<\/span>\n\t\t\t\t\t<\/a>\n\t\t\t\t\t\t\t\t<\/div>\n\t\t\t\t<\/div>\n\t\t\t\t<div class=\"elementor-element elementor-element-76c2a4b7 elementor-widget elementor-widget-text-editor\" data-id=\"76c2a4b7\" data-element_type=\"widget\" data-e-type=\"widget\" data-widget_type=\"text-editor.default\">\n\t\t\t\t\t\t\t\t\t\n<h2 class=\"wp-block-heading\">D\u00fcnya G\u00f6z Hastanesi Antalya<\/h2>\n\n<figure class=\"wp-block-image size-full\"><img fetchpriority=\"high\" decoding=\"async\" width=\"768\" height=\"444\" class=\"wp-image-1522\" src=\"https:\/\/medicaltravel.at\/wp-content\/uploads\/2025\/09\/ANTALYA-ROTUS-768x444-1.jpg\" alt=\"\" srcset=\"https:\/\/medicaltravel.at\/wp-content\/uploads\/2025\/09\/ANTALYA-ROTUS-768x444-1.jpg 768w, https:\/\/medicaltravel.at\/wp-content\/uploads\/2025\/09\/ANTALYA-ROTUS-768x444-1-300x173.jpg 300w\" sizes=\"(max-width: 768px) 100vw, 768px\" \/><\/figure>\n\n<p id=\"caption-attachment-9622\">Antalya D\u00fcnya G\u00f6z Hastanesi<\/p>\n\n<p><strong>Antalya&#8217;daki D\u00fcnya G\u00f6z Laser Klini\u011fi<\/strong><\/p>\n\n<p>MedicalTravel, d\u00fcnyan\u0131n en sayg\u0131n ve en iyi g\u00f6z lazer kliniklerinden biri olan D\u00fcnya G\u00f6z Klini\u011fi&#8217;nde g\u00f6z ameliyat\u0131 olman\u0131z\u0131 sa\u011flar.<\/p>\n\n<p><strong>D\u00fcnyag\u00f6z G\u00f6z Klini\u011fi, <\/strong>T\u00fcrkiye&#8217;nin pop\u00fcler tatil beldesi Antalya&#8217;da bulunmaktad\u0131r.<\/p>\n\n<p>G\u00f6z klini\u011fi, Lasik y\u00f6ntemi ile g\u00f6z ameliyatlar\u0131nda uzmanla\u015fm\u0131\u015ft\u0131r ve g\u00f6rme bozukluklar\u0131n\u0131n d\u00fczeltilmesinde yaln\u0131zca en yeni ve en modern lazer teknolojisini kullanmaktad\u0131r. Burada s\u00f6z konusu olan sadece y\u00f6ntem de\u011fil, ayn\u0131 zamanda <a href=\"https:\/\/medicaltravel.at\/relex-smile-lasik-istanbul-tuerkei\/\" data-type=\"page\" data-id=\"809\">Relex Smile Pro<\/a> gibi en yeni ve en modern lazer cihazlar\u0131d\u0131r. <\/p>\n\n<figure class=\"wp-block-image size-full\"><img decoding=\"async\" width=\"768\" height=\"512\" class=\"wp-image-1523\" src=\"https:\/\/medicaltravel.at\/wp-content\/uploads\/2025\/09\/Empfang_web-768x512-1.jpg\" alt=\"\" srcset=\"https:\/\/medicaltravel.at\/wp-content\/uploads\/2025\/09\/Empfang_web-768x512-1.jpg 768w, https:\/\/medicaltravel.at\/wp-content\/uploads\/2025\/09\/Empfang_web-768x512-1-300x200.jpg 300w\" sizes=\"(max-width: 768px) 100vw, 768px\" \/><\/figure>\n\n<p id=\"caption-attachment-10073\">D\u00fcnya G\u00f6z Hastanesi Antalya Resepsiyon<\/p>\n\n<p>D\u00fcnya G\u00f6z Klini\u011fi, ISO 9001:2000 sertifikas\u0131na sahip oldu\u011fu i\u00e7in hi\u00e7bir Alman klini\u011finden geri kalmamaktad\u0131r. Hastalar i\u00e7in bunun somut anlam\u0131, burada kendilerini m\u00fckemmel bir e\u011fitim alm\u0131\u015f ve sadece en yeni lazer teknolojisini kullanan uzmanlar\u0131n ellerine teslim olmalar\u0131d\u0131r. <\/p>\n\n<p>Antalya G\u00f6z Klini\u011fi&#8217;nde Lasik tedavisi ile ya\u015fam kalitenizi art\u0131r\u0131n. Hastalar, klini\u011fin ba\u015fhekimleri taraf\u0131ndan \u00f6zel olarak tedavi edilir. <strong>D\u00fcnya G\u00f6z Klini\u011fi<\/strong>&#8216;nde, Avusturya&#8217;daki ile ayn\u0131 kalite standartlar\u0131nda g\u00f6z lazer tedavisi yapt\u0131r\u0131n ve ayn\u0131 zamanda \u00f6nemli miktarda tasarruf edin.  <\/p>\n\t\t\t\t\t\t\t\t<\/div>\n\t\t\t\t\t<\/div>\n\t\t\t\t<\/div>\n\t\t\t\t<\/div>\n\t\t","protected":false},"excerpt":{"rendered":"<p>Antalya&#8217;da Lasik Maliyetler G\u00f6z Lazer Klini\u011fi Teknoloji D\u00fcnya G\u00f6z Hastanesi Antalya Antalya D\u00fcnya G\u00f6z Hastanesi Antalya&#8217;daki D\u00fcnya G\u00f6z Laser Klini\u011fi MedicalTravel, d\u00fcnyan\u0131n en sayg\u0131n ve en iyi g\u00f6z lazer kliniklerinden biri olan D\u00fcnya G\u00f6z Klini\u011fi&#8217;nde g\u00f6z ameliyat\u0131 olman\u0131z\u0131 sa\u011flar. D\u00fcnyag\u00f6z G\u00f6z Klini\u011fi, T\u00fcrkiye&#8217;nin pop\u00fcler tatil beldesi Antalya&#8217;da bulunmaktad\u0131r. G\u00f6z klini\u011fi, Lasik y\u00f6ntemi ile g\u00f6z ameliyatlar\u0131nda uzmanla\u015fm\u0131\u015ft\u0131r ve g\u00f6rme bozukluklar\u0131n\u0131n d\u00fczeltilmesinde yaln\u0131zca en yeni ve en modern lazer teknolojisini kullanmaktad\u0131r. Burada s\u00f6z konusu olan sadece y\u00f6ntem de\u011fil, ayn\u0131 zamanda Relex Smile Pro gibi en yeni ve en modern lazer cihazlar\u0131d\u0131r. D\u00fcnya G\u00f6z Hastanesi Antalya Resepsiyon D\u00fcnya G\u00f6z Klini\u011fi, ISO 9001:2000 sertifikas\u0131na sahip oldu\u011fu i\u00e7in hi\u00e7bir Alman klini\u011finden geri kalmamaktad\u0131r. Hastalar i\u00e7in bunun somut anlam\u0131, burada kendilerini m\u00fckemmel bir e\u011fitim alm\u0131\u015f ve sadece en yeni lazer teknolojisini kullanan uzmanlar\u0131n ellerine teslim olmalar\u0131d\u0131r. Antalya G\u00f6z Klini\u011fi&#8217;nde Lasik tedavisi ile ya\u015fam kalitenizi art\u0131r\u0131n. Hastalar, klini\u011fin ba\u015fhekimleri taraf\u0131ndan \u00f6zel olarak tedavi edilir. D\u00fcnya G\u00f6z Klini\u011fi&#8216;nde, Avusturya&#8217;daki ile ayn\u0131 kalite standartlar\u0131nda g\u00f6z lazer tedavisi yapt\u0131r\u0131n ve ayn\u0131 zamanda \u00f6nemli miktarda tasarruf edin.<\/p>\n","protected":false},"author":4,"featured_media":0,"parent":3640,"menu_order":0,"comment_status":"closed","ping_status":"closed","template":"","meta":{"_joinchat":[],"footnotes":""},"class_list":["post-3683","page","type-page","status-publish","hentry"],"acf":[],"_links":{"self":[{"href":"https:\/\/medicaltravel.at\/tr\/wp-json\/wp\/v2\/pages\/3683","targetHints":{"allow":["GET"]}}],"collection":[{"href":"https:\/\/medicaltravel.at\/tr\/wp-json\/wp\/v2\/pages"}],"about":[{"href":"https:\/\/medicaltravel.at\/tr\/wp-json\/wp\/v2\/types\/page"}],"author":[{"embeddable":true,"href":"https:\/\/medicaltravel.at\/tr\/wp-json\/wp\/v2\/users\/4"}],"replies":[{"embeddable":true,"href":"https:\/\/medicaltravel.at\/tr\/wp-json\/wp\/v2\/comments?post=3683"}],"version-history":[{"count":13,"href":"https:\/\/medicaltravel.at\/tr\/wp-json\/wp\/v2\/pages\/3683\/revisions"}],"predecessor-version":[{"id":4135,"href":"https:\/\/medicaltravel.at\/tr\/wp-json\/wp\/v2\/pages\/3683\/revisions\/4135"}],"up":[{"embeddable":true,"href":"https:\/\/medicaltravel.at\/tr\/wp-json\/wp\/v2\/pages\/3640"}],"wp:attachment":[{"href":"https:\/\/medicaltravel.at\/tr\/wp-json\/wp\/v2\/media?parent=3683"}],"curies":[{"name":"wp","href":"https:\/\/api.w.org\/{rel}","templated":true}]}}