{"id":3648,"date":"2025-09-27T15:13:50","date_gmt":"2025-09-27T14:13:50","guid":{"rendered":"https:\/\/medicaltravel.at\/augenlaser-lasik\/lasik-in-antalya\/antalyada-goez-lazer-lasik-maliyetleri-fiyatlari\/"},"modified":"2026-02-06T15:52:34","modified_gmt":"2026-02-06T14:52:34","slug":"antalyada-goez-lazer-lasik-maliyetleri-fiyatlari","status":"publish","type":"page","link":"https:\/\/medicaltravel.at\/tr\/augenlaser-lasik\/lasik-in-antalya\/antalyada-goez-lazer-lasik-maliyetleri-fiyatlari\/","title":{"rendered":"Antalya&#8217;da G\u00f6z Lazer Lasik Maliyetleri Fiyatlar\u0131"},"content":{"rendered":"\t\t<div data-elementor-type=\"wp-page\" data-elementor-id=\"3648\" class=\"elementor elementor-3648 elementor-863\" data-elementor-post-type=\"page\">\n\t\t\t\t<div class=\"elementor-element elementor-element-41b8f92c e-flex e-con-boxed wpr-particle-no wpr-jarallax-no wpr-parallax-no wpr-sticky-section-no e-con e-parent\" data-id=\"41b8f92c\" data-element_type=\"container\" data-e-type=\"container\">\n\t\t\t\t\t<div class=\"e-con-inner\">\n\t\t<div class=\"elementor-element elementor-element-c158cfa e-con-full e-flex wpr-particle-no wpr-jarallax-no wpr-parallax-no wpr-sticky-section-no e-con e-child\" data-id=\"c158cfa\" data-element_type=\"container\" data-e-type=\"container\">\n\t\t\t\t<div class=\"elementor-element elementor-element-c826a3c elementor-widget elementor-widget-button\" data-id=\"c826a3c\" data-element_type=\"widget\" data-e-type=\"widget\" data-widget_type=\"button.default\">\n\t\t\t\t\t\t\t\t\t\t<a class=\"elementor-button elementor-button-link elementor-size-sm\" href=\"https:\/\/medicaltravel.at\/tr\/augenlaser-lasik\/lasik-in-antalya\/antalyada-lasik-goez-lazer-tedavisi\/\">\n\t\t\t\t\t\t<span class=\"elementor-button-content-wrapper\">\n\t\t\t\t\t\t\t\t\t<span class=\"elementor-button-text\">Antalya'da Lasik<\/span>\n\t\t\t\t\t<\/span>\n\t\t\t\t\t<\/a>\n\t\t\t\t\t\t\t\t<\/div>\n\t\t\t\t<div class=\"elementor-element elementor-element-5579a4b elementor-widget elementor-widget-button\" data-id=\"5579a4b\" data-element_type=\"widget\" data-e-type=\"widget\" data-widget_type=\"button.default\">\n\t\t\t\t\t\t\t\t\t\t<a class=\"elementor-button elementor-button-link elementor-size-sm\" href=\"https:\/\/medicaltravel.at\/tr\/augenlaser-lasik\/lasik-in-antalya\/antalyada-goez-lazer-lasik-maliyetleri-fiyatlari\/\">\n\t\t\t\t\t\t<span class=\"elementor-button-content-wrapper\">\n\t\t\t\t\t\t\t\t\t<span class=\"elementor-button-text\">Maliyetler<\/span>\n\t\t\t\t\t<\/span>\n\t\t\t\t\t<\/a>\n\t\t\t\t\t\t\t\t<\/div>\n\t\t\t\t<div class=\"elementor-element elementor-element-0858bf2 elementor-widget elementor-widget-button\" data-id=\"0858bf2\" data-element_type=\"widget\" data-e-type=\"widget\" data-widget_type=\"button.default\">\n\t\t\t\t\t\t\t\t\t\t<a class=\"elementor-button elementor-button-link elementor-size-sm\" href=\"https:\/\/medicaltravel.at\/tr\/augenlaser-lasik\/lasik-in-antalya\/goez-lazer-klinigi-goez-klinigi-antalya-duenya\/\">\n\t\t\t\t\t\t<span class=\"elementor-button-content-wrapper\">\n\t\t\t\t\t\t\t\t\t<span class=\"elementor-button-text\">G\u00f6z Lazer Klini\u011fi<\/span>\n\t\t\t\t\t<\/span>\n\t\t\t\t\t<\/a>\n\t\t\t\t\t\t\t\t<\/div>\n\t\t\t\t<div class=\"elementor-element elementor-element-60a8187 elementor-widget elementor-widget-button\" data-id=\"60a8187\" data-element_type=\"widget\" data-e-type=\"widget\" data-widget_type=\"button.default\">\n\t\t\t\t\t\t\t\t\t\t<a class=\"elementor-button elementor-button-link elementor-size-sm\" href=\"https:\/\/medicaltravel.at\/tr\/augenlaser-lasik\/lasik-in-antalya\/augenlasern-technologie-in-antalya\/\">\n\t\t\t\t\t\t<span class=\"elementor-button-content-wrapper\">\n\t\t\t\t\t\t\t\t\t<span class=\"elementor-button-text\">Teknoloji<\/span>\n\t\t\t\t\t<\/span>\n\t\t\t\t\t<\/a>\n\t\t\t\t\t\t\t\t<\/div>\n\t\t\t\t<\/div>\n\t\t\t\t<div class=\"elementor-element elementor-element-688493c9 elementor-widget elementor-widget-text-editor\" data-id=\"688493c9\" data-element_type=\"widget\" data-e-type=\"widget\" data-widget_type=\"text-editor.default\">\n\t\t\t\t\t\t\t\t\t<h3 class=\"wp-block-heading\">G\u00f6z Lazer Tedavisi Maliyetleri &#8211; Fiyatlar Antalya<\/h3><p><strong>Antalya&#8217;da Lasik ameliyat\u0131 i\u00e7in sundu\u011fumuz cazip teklifler ve fiyatlar: <\/strong>T\u00fcm fiyatlar iki g\u00f6z i\u00e7in ge\u00e7erlidir*.<\/p><p><strong>I- LASIK <\/strong>, 1190 \u20ac<\/p><p><strong>ReLex Smile LASIK<\/strong>, 2190 \u20ac<\/p><p><strong>\u00d6n muayene<\/strong>, tedavi uyguland\u0131\u011f\u0131nda \u00fccretsizdir (tedavi uygulanmad\u0131\u011f\u0131nda sadece 100 ila 200 \u20ac aras\u0131nda bir \u00fccret al\u0131n\u0131r).<\/p><p><strong>G\u00f6z lensleri<\/strong>, 2990 \u20ac&#8217;dan yakla\u015f\u0131k 3990 \u20ac&#8217;ya kadar<\/p><p><strong>Bu fiyatlara \u015funlar dahildir:<\/strong><\/p><p>+ Dan\u0131\u015fmanl\u0131k<br>+ \u00d6n muayene, tedavi, takip muayenesi<br>+ Havaalan\u0131 ve klinik transferleri<br>+ Klinikte iki gecelik konaklama dahil Kahvalt\u0131<br>+ Medicaltravelpass<br>+ Doktor g\u00f6r\u00fc\u015fmelerinde Almanca destek<\/p><p>Ek masraflar: U\u00e7ak biletleri<br>Bu, u\u00e7u\u015fun g\u00fcncel fiyat\u0131na ba\u011fl\u0131 olarak 100 Euro&#8217;dan ba\u015flayan bir maliyet getirecektir. L\u00fctfen bunu kendiniz rezerve edin.<\/p><p><strong>\u00d6deme<\/strong><br>\u00d6demeyi Antalya&#8217;da yapabilir veya MedicalTravel&#8217;a \u00f6nceden havale edebilirsiniz.<\/p><p>\u015eimdi <a href=\"https:\/\/medicaltravel.at\/tr\/iletisim\/\" data-type=\"page\" data-id=\"976\">buradan<\/a> veya <a href=\"https:\/\/wa.me\/41787373541\" target=\"_blank\" rel=\"noopener\">WhatsApp<\/a> \u00fczerinden bizimle ileti\u015fime ge\u00e7in.<\/p><p>* T\u00fcm fiyatlar de\u011fi\u015fiklik g\u00f6sterebilir.<\/p>\t\t\t\t\t\t\t\t<\/div>\n\t\t\t\t\t<\/div>\n\t\t\t\t<\/div>\n\t\t\t\t<\/div>\n\t\t","protected":false},"excerpt":{"rendered":"<p>Antalya&#8217;da Lasik Maliyetler G\u00f6z Lazer Klini\u011fi Teknoloji G\u00f6z Lazer Tedavisi Maliyetleri &#8211; Fiyatlar Antalya Antalya&#8217;da Lasik ameliyat\u0131 i\u00e7in sundu\u011fumuz cazip teklifler ve fiyatlar: T\u00fcm fiyatlar iki g\u00f6z i\u00e7in ge\u00e7erlidir*. I- LASIK , 1190 \u20ac ReLex Smile LASIK, 2190 \u20ac \u00d6n muayene, tedavi uyguland\u0131\u011f\u0131nda \u00fccretsizdir (tedavi uygulanmad\u0131\u011f\u0131nda sadece 100 ila 200 \u20ac aras\u0131nda bir \u00fccret al\u0131n\u0131r). G\u00f6z lensleri, 2990 \u20ac&#8217;dan yakla\u015f\u0131k 3990 \u20ac&#8217;ya kadar Bu fiyatlara \u015funlar dahildir: + Dan\u0131\u015fmanl\u0131k+ \u00d6n muayene, tedavi, takip muayenesi+ Havaalan\u0131 ve klinik transferleri+ Klinikte iki gecelik konaklama dahil Kahvalt\u0131+ Medicaltravelpass+ Doktor g\u00f6r\u00fc\u015fmelerinde Almanca destek Ek masraflar: U\u00e7ak biletleriBu, u\u00e7u\u015fun g\u00fcncel fiyat\u0131na ba\u011fl\u0131 olarak 100 Euro&#8217;dan ba\u015flayan bir maliyet getirecektir. L\u00fctfen bunu kendiniz rezerve edin. \u00d6deme\u00d6demeyi Antalya&#8217;da yapabilir veya MedicalTravel&#8217;a \u00f6nceden havale edebilirsiniz. \u015eimdi buradan veya WhatsApp \u00fczerinden bizimle ileti\u015fime ge\u00e7in. * T\u00fcm fiyatlar de\u011fi\u015fiklik g\u00f6sterebilir.<\/p>\n","protected":false},"author":4,"featured_media":0,"parent":3640,"menu_order":0,"comment_status":"closed","ping_status":"closed","template":"","meta":{"_joinchat":[],"footnotes":""},"class_list":["post-3648","page","type-page","status-publish","hentry"],"acf":[],"_links":{"self":[{"href":"https:\/\/medicaltravel.at\/tr\/wp-json\/wp\/v2\/pages\/3648","targetHints":{"allow":["GET"]}}],"collection":[{"href":"https:\/\/medicaltravel.at\/tr\/wp-json\/wp\/v2\/pages"}],"about":[{"href":"https:\/\/medicaltravel.at\/tr\/wp-json\/wp\/v2\/types\/page"}],"author":[{"embeddable":true,"href":"https:\/\/medicaltravel.at\/tr\/wp-json\/wp\/v2\/users\/4"}],"replies":[{"embeddable":true,"href":"https:\/\/medicaltravel.at\/tr\/wp-json\/wp\/v2\/comments?post=3648"}],"version-history":[{"count":11,"href":"https:\/\/medicaltravel.at\/tr\/wp-json\/wp\/v2\/pages\/3648\/revisions"}],"predecessor-version":[{"id":5880,"href":"https:\/\/medicaltravel.at\/tr\/wp-json\/wp\/v2\/pages\/3648\/revisions\/5880"}],"up":[{"embeddable":true,"href":"https:\/\/medicaltravel.at\/tr\/wp-json\/wp\/v2\/pages\/3640"}],"wp:attachment":[{"href":"https:\/\/medicaltravel.at\/tr\/wp-json\/wp\/v2\/media?parent=3648"}],"curies":[{"name":"wp","href":"https:\/\/api.w.org\/{rel}","templated":true}]}}