{"id":3626,"date":"2025-11-05T12:29:07","date_gmt":"2025-11-05T11:29:07","guid":{"rendered":"https:\/\/medicaltravel.at\/sartlar-ve-kosullar\/"},"modified":"2025-12-26T18:03:36","modified_gmt":"2025-12-26T17:03:36","slug":"sartlar-ve-kosullar","status":"publish","type":"page","link":"https:\/\/medicaltravel.at\/tr\/sartlar-ve-kosullar\/","title":{"rendered":"\u015eartlar ve Ko\u015fullar"},"content":{"rendered":"\t\t<div data-elementor-type=\"wp-page\" data-elementor-id=\"3626\" class=\"elementor elementor-3626 elementor-2191\" data-elementor-post-type=\"page\">\n\t\t\t\t<div class=\"elementor-element elementor-element-5270db58 e-flex e-con-boxed wpr-particle-no wpr-jarallax-no wpr-parallax-no wpr-sticky-section-no e-con e-parent\" data-id=\"5270db58\" data-element_type=\"container\" data-e-type=\"container\">\n\t\t\t\t\t<div class=\"e-con-inner\">\n\t\t\t\t<div class=\"elementor-element elementor-element-6b80c95c elementor-widget elementor-widget-text-editor\" data-id=\"6b80c95c\" data-element_type=\"widget\" data-e-type=\"widget\" data-widget_type=\"text-editor.default\">\n\t\t\t\t\t\t\t\t\t\n<p>MedicalTravel GmbH\u2019nin Genel \u0130\u015flem \u015eartlar\u0131<\/p>\n\n<p>Hizmetimiz yaln\u0131zca, u\u00e7ak biletleri, otel rezervasyonlar\u0131, klinik ve g\u00f6z doktorlar\u0131 ile randevu ayarlamalar\u0131 gibi ula\u015f\u0131m ve organizasyon hizmetlerinin arac\u0131l\u0131\u011f\u0131n\u0131 kapsar. Rezervasyonu yap\u0131lan seyahatin ger\u00e7ekle\u015ftirilmesi, bizim s\u00f6zle\u015fmesel y\u00fck\u00fcml\u00fcl\u00fcklerimiz kapsam\u0131nda de\u011fildir. Arac\u0131, bir seyahat acentesi de\u011fildir. Rezervasyon yap\u0131lan hizmetler, her biri ayr\u0131 olmak \u00fczere, seyahat \u015firketi veya havayolu, otel, klinik ve transfer \u015firketleri ile ayr\u0131 s\u00f6zle\u015fmeler olu\u015fturur.  Arac\u0131l\u0131k edilen hizmetin kendisi, bizim s\u00f6zle\u015fmesel y\u00fck\u00fcml\u00fcl\u00fcklerimizin bir par\u00e7as\u0131 de\u011fildir.<\/p>\n\n<p>Arac\u0131l\u0131k edilen hizmet sa\u011flay\u0131c\u0131lar\u0131yla ilgili bilgiler (fiyatlar vb.), yaln\u0131zca sorumlu hizmet sa\u011flay\u0131c\u0131lar\u0131n\u0131n bize iletti\u011fi bilgilere dayanmaktad\u0131r. Arac\u0131l\u0131k edilen hizmetlerde, hizmet sa\u011flay\u0131c\u0131n\u0131n d\u00fczg\u00fcn bir \u015fekilde hizmet sunmas\u0131ndan biz sorumlu de\u011filiz.<\/p>\n\n<p>T\u0131bbi kurulu\u015flar taraf\u0131ndan sunulan tedavilere dayanan talepler i\u00e7in taraf\u0131m\u0131zdan herhangi bir sorumluluk a\u00e7\u0131k\u00e7a hari\u00e7 tutulmu\u015ftur. T\u0131bbi tedavinin t\u00fcr\u00fcne karar verme yetkisi tamamen m\u00fc\u015fteriye aittir. \u00d6zellikle, tedavi hatalar\u0131ndan kaynaklanan sorumluluk taraf\u0131m\u0131zca kabul edilmez. Ameliyat, buna ba\u011fl\u0131 \u00f6n ve sonras\u0131 t\u0131bbi muayeneler ile di\u011fer t\u00fcm t\u0131bbi yan hizmetler, yaln\u0131zca arac\u0131l\u0131k edilebilen \u00fc\u00e7\u00fcnc\u00fc taraf hizmetlerdir. M\u00fc\u015fteri, seyahatin bu k\u0131sm\u0131yla ilgili s\u00f6zle\u015fmeyi do\u011frudan klinik ile yapar.<\/p>\n\t\t\t\t\t\t\t\t<\/div>\n\t\t\t\t\t<\/div>\n\t\t\t\t<\/div>\n\t\t\t\t<\/div>\n\t\t","protected":false},"excerpt":{"rendered":"<p>MedicalTravel GmbH\u2019nin Genel \u0130\u015flem \u015eartlar\u0131 Hizmetimiz yaln\u0131zca, u\u00e7ak biletleri, otel rezervasyonlar\u0131, klinik ve g\u00f6z doktorlar\u0131 ile randevu ayarlamalar\u0131 gibi ula\u015f\u0131m ve organizasyon hizmetlerinin arac\u0131l\u0131\u011f\u0131n\u0131 kapsar. Rezervasyonu yap\u0131lan seyahatin ger\u00e7ekle\u015ftirilmesi, bizim s\u00f6zle\u015fmesel y\u00fck\u00fcml\u00fcl\u00fcklerimiz kapsam\u0131nda de\u011fildir. Arac\u0131, bir seyahat acentesi de\u011fildir. Rezervasyon yap\u0131lan hizmetler, her biri ayr\u0131 olmak \u00fczere, seyahat \u015firketi veya havayolu, otel, klinik ve transfer \u015firketleri ile ayr\u0131 s\u00f6zle\u015fmeler olu\u015fturur. Arac\u0131l\u0131k edilen hizmetin kendisi, bizim s\u00f6zle\u015fmesel y\u00fck\u00fcml\u00fcl\u00fcklerimizin bir par\u00e7as\u0131 de\u011fildir. Arac\u0131l\u0131k edilen hizmet sa\u011flay\u0131c\u0131lar\u0131yla ilgili bilgiler (fiyatlar vb.), yaln\u0131zca sorumlu hizmet sa\u011flay\u0131c\u0131lar\u0131n\u0131n bize iletti\u011fi bilgilere dayanmaktad\u0131r. Arac\u0131l\u0131k edilen hizmetlerde, hizmet sa\u011flay\u0131c\u0131n\u0131n d\u00fczg\u00fcn bir \u015fekilde hizmet sunmas\u0131ndan biz sorumlu de\u011filiz. T\u0131bbi kurulu\u015flar taraf\u0131ndan sunulan tedavilere dayanan talepler i\u00e7in taraf\u0131m\u0131zdan herhangi bir sorumluluk a\u00e7\u0131k\u00e7a hari\u00e7 tutulmu\u015ftur. T\u0131bbi tedavinin t\u00fcr\u00fcne karar verme yetkisi tamamen m\u00fc\u015fteriye aittir. \u00d6zellikle, tedavi hatalar\u0131ndan kaynaklanan sorumluluk taraf\u0131m\u0131zca kabul edilmez. Ameliyat, buna ba\u011fl\u0131 \u00f6n ve sonras\u0131 t\u0131bbi muayeneler ile di\u011fer t\u00fcm t\u0131bbi yan hizmetler, yaln\u0131zca arac\u0131l\u0131k edilebilen \u00fc\u00e7\u00fcnc\u00fc taraf hizmetlerdir. M\u00fc\u015fteri, seyahatin bu k\u0131sm\u0131yla ilgili s\u00f6zle\u015fmeyi do\u011frudan klinik ile yapar.<\/p>\n","protected":false},"author":4,"featured_media":0,"parent":0,"menu_order":0,"comment_status":"closed","ping_status":"closed","template":"","meta":{"_joinchat":[],"footnotes":""},"class_list":["post-3626","page","type-page","status-publish","hentry"],"acf":[],"_links":{"self":[{"href":"https:\/\/medicaltravel.at\/tr\/wp-json\/wp\/v2\/pages\/3626","targetHints":{"allow":["GET"]}}],"collection":[{"href":"https:\/\/medicaltravel.at\/tr\/wp-json\/wp\/v2\/pages"}],"about":[{"href":"https:\/\/medicaltravel.at\/tr\/wp-json\/wp\/v2\/types\/page"}],"author":[{"embeddable":true,"href":"https:\/\/medicaltravel.at\/tr\/wp-json\/wp\/v2\/users\/4"}],"replies":[{"embeddable":true,"href":"https:\/\/medicaltravel.at\/tr\/wp-json\/wp\/v2\/comments?post=3626"}],"version-history":[{"count":11,"href":"https:\/\/medicaltravel.at\/tr\/wp-json\/wp\/v2\/pages\/3626\/revisions"}],"predecessor-version":[{"id":4085,"href":"https:\/\/medicaltravel.at\/tr\/wp-json\/wp\/v2\/pages\/3626\/revisions\/4085"}],"wp:attachment":[{"href":"https:\/\/medicaltravel.at\/tr\/wp-json\/wp\/v2\/media?parent=3626"}],"curies":[{"name":"wp","href":"https:\/\/api.w.org\/{rel}","templated":true}]}}