{"id":3571,"date":"2025-09-27T14:26:45","date_gmt":"2025-09-27T13:26:45","guid":{"rendered":"https:\/\/medicaltravel.at\/anasayfa\/"},"modified":"2026-01-04T17:26:31","modified_gmt":"2026-01-04T16:26:31","slug":"anasayfa","status":"publish","type":"page","link":"https:\/\/medicaltravel.at\/tr\/","title":{"rendered":"Anasayfa"},"content":{"rendered":"\t\t<div data-elementor-type=\"wp-page\" data-elementor-id=\"3571\" class=\"elementor elementor-3571 elementor-780\" data-elementor-post-type=\"page\">\n\t\t\t\t<div class=\"elementor-element elementor-element-191e8941 e-flex e-con-boxed wpr-particle-no wpr-jarallax-no wpr-parallax-no wpr-sticky-section-no wpr-equal-height-no e-con e-parent\" data-id=\"191e8941\" data-element_type=\"container\" data-e-type=\"container\">\n\t\t\t\t\t<div class=\"e-con-inner\">\n\t\t\t\t<div class=\"elementor-element elementor-element-223b9ee elementor-widget elementor-widget-text-editor\" data-id=\"223b9ee\" data-element_type=\"widget\" data-e-type=\"widget\" data-widget_type=\"text-editor.default\">\n\t\t\t\t\t\t\t\t\t<h3> <\/h3><h3 class=\"wp-block-heading\" style=\"text-align: center;\"><strong><span style=\"color: #000000;\">T\u00dcRK\u0130YE&#8217;DE G\u00dcZELL\u0130K UYGULAMALARI<\/span><\/strong><\/h3><h3 style=\"text-align: center;\"><strong><span style=\"color: #000000;\">T\u00dcRK\u0130YE&#8217;DE ESTET\u0130K AMEL\u0130YATLAR<\/span><\/strong><\/h3><figure class=\"wp-block-image size-full\"><span style=\"color: #000000;\"><img fetchpriority=\"high\" decoding=\"async\" width=\"525\" height=\"350\" class=\"wp-image-1415 aligncenter\" src=\"https:\/\/medicaltravel.at\/wp-content\/uploads\/2025\/09\/Wir-organisieren-Gesundheitsreisen-in-die-Turkei-fur-Schonheits-Eigenhaar-Zahn-Augen-und-Kinderwunschbehandlungen.jpg\" alt=\"\" srcset=\"https:\/\/medicaltravel.at\/wp-content\/uploads\/2025\/09\/Wir-organisieren-Gesundheitsreisen-in-die-Turkei-fur-Schonheits-Eigenhaar-Zahn-Augen-und-Kinderwunschbehandlungen.jpg 525w, https:\/\/medicaltravel.at\/wp-content\/uploads\/2025\/09\/Wir-organisieren-Gesundheitsreisen-in-die-Turkei-fur-Schonheits-Eigenhaar-Zahn-Augen-und-Kinderwunschbehandlungen-300x200.jpg 300w\" sizes=\"(max-width: 525px) 100vw, 525px\" \/><\/span><\/figure><p id=\"caption-attachment-17\" style=\"text-align: center;\"><span style=\"color: #000000;\">G\u00fczellik, sa\u00e7 ekimi, di\u015f, g\u00f6z ve t\u00fcp bebek tedavileri i\u00e7in T\u00fcrkiye&#8217;ye sa\u011fl\u0131k seyahatleri d\u00fczenliyoruz<\/span><\/p><p style=\"text-align: center;\"><span style=\"color: #000000;\"><strong>G\u00fczellik uygulaman\u0131z<\/strong> i\u00e7in y\u00fcksek fiyatlardan veya bekleme s\u00fcrelerinden b\u0131kt\u0131n\u0131z m\u0131?<\/span><\/p><p style=\"text-align: center;\"><span style=\"color: #000000;\">T\u00fcrkiye&#8217;de bir Sultan\/Sultane gibi <strong>a\u011f\u0131rlanmaya<\/strong> ne dersiniz? T\u00fcrkiye&#8217;nin \u00e7ok <strong>deneyimli estetik cerrahlar\u0131ndan<\/strong> daha iyi fiyatlarla yararlan\u0131r ve ayn\u0131 zamanda T\u00fcrkiye&#8217;nin <strong>(\u0130stanbul, Antalya, \u0130zmir, Bodrum)<\/strong> \u015fehirlerinin tad\u0131n\u0131 \u00e7\u0131kar\u0131rs\u0131n\u0131z. <\/span><\/p><p style=\"text-align: center;\"><span style=\"color: #000000;\">Sizin i\u00e7in u\u00e7ak, kar\u015f\u0131lama ve otel dahil olmak \u00fczere t\u00fcm organizasyonu yap\u0131yoruz ve A&#8217;dan Z&#8217;ye t\u00fcm <strong>estetik ameliyatlar\u0131<\/strong> sunuyoruz; meme ameliyatlar\u0131 (b\u00fcy\u00fctme, k\u00fc\u00e7\u00fcltme, dikle\u015ftirme, lifting), burun esteti\u011fi, ya\u011f ald\u0131rma (liposuction), g\u00f6z kapa\u011f\u0131 esteti\u011fi, <br>kar\u0131n germe, y\u00fcz germe (facelift), uyluk germe vb. <\/span><\/p><p style=\"text-align: center;\"><span style=\"color: #000000;\">G\u00fczellik ameliyatlar\u0131, <a style=\"color: #000000;\" href=\"https:\/\/medicaltravel.at\/tr\/estetik-cerrahi\/hastaneler\/istanbulun-en-iyi-estetik-klinigi\/\" data-type=\"page\" data-id=\"916\">g\u00fczellik klinikleri<\/a> ve <a style=\"color: #000000;\" href=\"https:\/\/medicaltravel.at\/tr\/estetik-cerrahi\/estetik-seyahat-teklifleri-estetik-seyahat-tuerkiye-istanbul-antalya\/\" data-type=\"page\" data-id=\"942\">maliyetler<\/a> hakk\u0131nda daha fazla bilgiyi <a style=\"color: #000000;\" href=\"https:\/\/medicaltravel.at\/tr\/estetik-cerrahi\/tuerkiyeye-estetik-amacli-seyahatler\/\" data-type=\"page\" data-id=\"911\">burada<\/a> bulabilirsiniz.<\/span><\/p><h2 class=\"wp-block-heading\"><span style=\"color: #000000;\"><img decoding=\"async\" width=\"404\" height=\"265\" class=\"wp-image-1416 alignright\" src=\"https:\/\/medicaltravel.at\/wp-content\/uploads\/2025\/09\/Eine-qualitative-Zahnbehandlung-kostet-nicht-mehr-ein-Vermogen.jpg\" alt=\"\" srcset=\"https:\/\/medicaltravel.at\/wp-content\/uploads\/2025\/09\/Eine-qualitative-Zahnbehandlung-kostet-nicht-mehr-ein-Vermogen.jpg 404w, https:\/\/medicaltravel.at\/wp-content\/uploads\/2025\/09\/Eine-qualitative-Zahnbehandlung-kostet-nicht-mehr-ein-Vermogen-300x197.jpg 300w\" sizes=\"(max-width: 404px) 100vw, 404px\" \/><\/span><\/h2><h3><span style=\"color: #000000;\"><strong>D\u0130\u015e \u0130MPLANTLARI, D\u0130\u015e D\u00dcZELTMELER\u0130, D\u0130\u015e KRONLARI, D\u0130\u015e K\u00d6PR\u00dcS\u00dc<\/strong><\/span><\/h3><p class=\"wp-block-heading\"><span style=\"color: #000000;\">K\u00fc\u00e7\u00fckten b\u00fcy\u00fc\u011fe <strong>di\u015f onar\u0131mlar\u0131na<\/strong> m\u0131 ihtiyac\u0131n\u0131z var veya sonunda tekrar <strong>g\u00fczelce g\u00fcl\u00fcmsemek<\/strong> mi istiyorsunuz?<\/span><span style=\"color: #000000;\">Y\u00fcksek kaliteli <strong>di\u015f tedavileri (\u00f6rne\u011fin di\u015f implantlar\u0131<\/strong>) T\u00fcrkiye&#8217;de %70&#8217;e varan tasarruf imkanlar\u0131yla uygun fiyatlarla mevcuttur!<\/span><br><br><span style=\"color: #000000;\">T\u00fcrkiye&#8217;nin muhte\u015fem \u015fehirlerinde (<strong>\u0130stanbul, Antalya, Ku\u015fadas\u0131, Bodrum<\/strong>) ac\u0131 veren di\u015f\u00e7i faturalar\u0131na sahip olmak yerine tatilinizin tad\u0131n\u0131 \u00e7\u0131kar\u0131n.<\/span><br><br><span style=\"color: #000000;\">\u00c7ok deneyimli di\u015f hekimlerine sahip <a style=\"color: #000000;\" href=\"https:\/\/medicaltravel.at\/tr\/dis-seyahati\/dis-klinikleri\/istanbuldaki-hospitadent-dis-klinigi\/\" data-type=\"page\" data-id=\"887\">di\u015f klinikleri<\/a> Alman hasta dan\u0131\u015fmanl\u0131\u011f\u0131na sahiptir. T\u00fcm seyahatiniz taraf\u0131m\u0131zdan \u00f6zenle organize edilecektir. Daha fazla bilgiyi l\u00fctfen burada bulabilirsiniz.<\/span><br><br><span style=\"color: #000000;\">Kaliteli bir di\u015f tedavisi art\u0131k bir servet de\u011ferinde de\u011fil<\/span><\/p><h2 class=\"wp-block-heading\"><span style=\"color: #000000;\"><strong><img decoding=\"async\" width=\"397\" height=\"265\" class=\"wp-image-1420 alignright\" src=\"https:\/\/medicaltravel.at\/wp-content\/uploads\/2025\/09\/Augenlaserbehandlungen-in-der-Turkei-spitze-Qualitat-zu-erschwinglichen-Preisen-1.jpg\" alt=\"\" srcset=\"https:\/\/medicaltravel.at\/wp-content\/uploads\/2025\/09\/Augenlaserbehandlungen-in-der-Turkei-spitze-Qualitat-zu-erschwinglichen-Preisen-1.jpg 397w, https:\/\/medicaltravel.at\/wp-content\/uploads\/2025\/09\/Augenlaserbehandlungen-in-der-Turkei-spitze-Qualitat-zu-erschwinglichen-Preisen-1-300x200.jpg 300w\" sizes=\"(max-width: 397px) 100vw, 397px\" \/><\/strong><\/span><\/h2><h3><span style=\"color: #000000;\"><strong>G\u00f6z Lazeri \u2013 T\u00fcrkiye&#8217;de LASIK<\/strong><\/span><\/h3><p><span style=\"color: #000000;\">MedicalTravel, <strong>g\u00f6z lazeri ve lens ameliyatlar\u0131n\u0131z\u0131<\/strong> T\u00fcrkiye&#8217;deki \u0130stanbul, \u0130zmir, Antalya, Kayseri&#8217;nin en iyi <strong><a style=\"color: #000000;\" href=\"https:\/\/medicaltravel.at\/tr\/augenlaser-lasik\/istanbulda-lasik\/istanbul-goez-klinigi\/\" data-type=\"page\" data-id=\"841\">g\u00f6z kliniklerinde<\/a><\/strong> organize etmektedir.<\/span><\/p><p><span style=\"color: #000000;\"><strong>T\u00fcrkiye<\/strong>, <strong>1 numara<\/strong> <strong><a style=\"color: #000000;\" href=\"https:\/\/medicaltravel.at\/tr\/istanbul-tuerkiyede-goez-ameliyatlari\/goez-lazeri-ameliyati\/tuerkiyede-goez-lazeri\/\" data-type=\"page\" data-id=\"819\">LASIK<\/a> ameliyatlar\u0131 ve <a style=\"color: #000000;\" href=\"https:\/\/medicaltravel.at\/tr\/relex-smile-lasik-tuerkiye-istanbul-antalya-izmir\/\" data-type=\"page\" data-id=\"809\">ReLex Smile<\/a><\/strong> destinasyonu haline gelmi\u015ftir. G\u00f6z tedavinizin yan\u0131 s\u0131ra, T\u00fcrkiye&#8217;nin g\u00fczel \u015fehirlerini yeni g\u00f6zlerle, g\u00f6zl\u00fck veya lens olmadan hayranl\u0131kla izleyebilirsiniz. <\/span><\/p><p><span style=\"color: #000000;\">\u0130ste\u011finizi ger\u00e7ekle\u015ftiriyor ve size <strong>d\u00fcnyaca \u00fcnl\u00fc g\u00f6z lazer kliniklerinde<\/strong> y\u00fcksek kaliteli bir g\u00f6z lazeri ameliyat\u0131 sa\u011fl\u0131yoruz. T\u00fcrkiye&#8217;deki LASIK ve g\u00f6z lazeri ameliyatlar\u0131, en son teknoloji, hijyen ve kaliteden \u00f6d\u00fcn vermeden <strong>uygun fiyatl\u0131 ve g\u00fcvenlidir<\/strong>. Daha fazla bilgiye <a style=\"color: #000000;\" href=\"https:\/\/medicaltravel.at\/tr\/augenlaser-lasik\/istanbulda-lasik\/istanbulda-lasik\/\" data-type=\"page\" data-id=\"837\">buradan<\/a> ula\u015fabilirsiniz.  <\/span><\/p><p id=\"caption-attachment-27\"><span style=\"color: #000000;\">T\u00fcrkiye&#8217;de g\u00f6z lazeri tedavileri, uygun fiyatlarla en y\u00fcksek kalite<\/span><\/p><h3><span style=\"color: #000000;\"><strong>IVF- T\u00dcP BEBEK TEDAV\u0130LER\u0130<\/strong><\/span><\/h3><h3 class=\"wp-block-heading\"><span style=\"color: #000000;\"><strong><img loading=\"lazy\" decoding=\"async\" width=\"396\" height=\"300\" class=\"wp-image-1419 alignright\" src=\"https:\/\/medicaltravel.at\/wp-content\/uploads\/2025\/09\/Erfullen-Sie-Ihren-Kinderwunsch-in-der-Turkei.jpg\" alt=\"\" srcset=\"https:\/\/medicaltravel.at\/wp-content\/uploads\/2025\/09\/Erfullen-Sie-Ihren-Kinderwunsch-in-der-Turkei.jpg 396w, https:\/\/medicaltravel.at\/wp-content\/uploads\/2025\/09\/Erfullen-Sie-Ihren-Kinderwunsch-in-der-Turkei-300x227.jpg 300w\" sizes=\"(max-width: 396px) 100vw, 396px\" \/><\/strong><\/span><\/h3><p><span style=\"color: #000000;\">Evlisiniz ve bir aile kurmak istiyorsunuz, ancak <strong>\u00e7ocuk sahibi olmak<\/strong> maalesef m\u00fcmk\u00fcn olmuyor mu?<\/span><\/p><p><span style=\"color: #000000;\"><strong>T\u00fcrkiye<\/strong>, a\u015fa\u011f\u0131dakilerle birinci s\u0131n\u0131f <a style=\"color: #000000;\" href=\"https:\/\/medicaltravel.at\/tr\/tuep-bebek\/cocuk-sahibi-olma-tedavisi-ivf-tuerkiye-istanbul-antalya\/\" data-type=\"page\" data-id=\"950\">t\u00fcp bebek tedavileri<\/a> sunmaktad\u0131r:<br>\u00c7ok y\u00fcksek ba\u015far\u0131 oranlar\u0131na sahip <a style=\"color: #000000;\" href=\"https:\/\/medicaltravel.at\/tr\/tuep-bebek\/tuep-bebek-ve-cocuk-sahibi-olma-tedavisinde-sunulan-hizmetler\/\" data-type=\"page\" data-id=\"960\">IVF veya ICSI<\/a> y\u00f6ntemleri. Ayr\u0131ca, T\u00fcrkiye yasalar\u0131 yapay d\u00f6llenme konusunda daha fazla denemeye izin vermektedir. <\/span><\/p><p><span style=\"color: #000000;\">Siz de <a style=\"color: #000000;\" href=\"https:\/\/medicaltravel.at\/tr\/tuep-bebek\/hastaneler\/prof-dr-guerkan-arikan-tuerkiyenin-en-iyi-ivf-doktorlarindan-biridir\/\" data-type=\"page\" data-id=\"954\">\u0130stanbul veya Antalya&#8217;daki \u00e7ok deneyimli IVF merkezlerinden<\/a> yararlan\u0131n. Daha fazla bilgi i\u00e7in <a style=\"color: #000000;\" href=\"https:\/\/medicaltravel.at\/tr\/tuep-bebek\/cocuk-sahibi-olma-tedavisi-ivf-tuerkiye-istanbul-antalya\/\" data-type=\"page\" data-id=\"950\">buraya<\/a> t\u0131klay\u0131n. <\/span><\/p><p><span style=\"color: #000000;\"><strong><a style=\"color: #000000;\" href=\"mailto:%20info@medicaltravel.net\">E-posta<\/a> veya <a style=\"color: #000000;\" href=\"https:\/\/wa.me\/41787373541\" target=\"_blank\" rel=\"noreferrer noopener\">WhatsApp<\/a> ile bizimle <a style=\"color: #000000;\" href=\"https:\/\/www.medicaltravel.at\/kontakt\">ileti\u015f<\/a><a style=\"color: #000000;\" href=\"https:\/\/medicaltravel.at\/tr\/iletisim\/\" data-type=\"page\" data-id=\"976\">i<\/a><a style=\"color: #000000;\" href=\"https:\/\/www.medicaltravel.at\/kontakt\">me<\/a> ge\u00e7menizi sab\u0131rs\u0131zl\u0131kla bekliyoruz.<\/strong><\/span><\/p><p id=\"caption-attachment-28\"><span style=\"color: #000000;\">T\u00fcrkiye&#8217;de \u00e7ocuk sahibi olma hayalinizi ger\u00e7ekle\u015ftirin<\/span><\/p>\t\t\t\t\t\t\t\t<\/div>\n\t\t\t\t\t<\/div>\n\t\t\t\t<\/div>\n\t\t\t\t<\/div>\n\t\t","protected":false},"excerpt":{"rendered":"<p>T\u00dcRK\u0130YE&#8217;DE G\u00dcZELL\u0130K UYGULAMALARI T\u00dcRK\u0130YE&#8217;DE ESTET\u0130K AMEL\u0130YATLAR G\u00fczellik, sa\u00e7 ekimi, di\u015f, g\u00f6z ve t\u00fcp bebek tedavileri i\u00e7in T\u00fcrkiye&#8217;ye sa\u011fl\u0131k seyahatleri d\u00fczenliyoruz G\u00fczellik uygulaman\u0131z i\u00e7in y\u00fcksek fiyatlardan veya bekleme s\u00fcrelerinden b\u0131kt\u0131n\u0131z m\u0131? T\u00fcrkiye&#8217;de bir Sultan\/Sultane gibi a\u011f\u0131rlanmaya ne dersiniz? T\u00fcrkiye&#8217;nin \u00e7ok deneyimli estetik cerrahlar\u0131ndan daha iyi fiyatlarla yararlan\u0131r ve ayn\u0131 zamanda T\u00fcrkiye&#8217;nin (\u0130stanbul, Antalya, \u0130zmir, Bodrum) \u015fehirlerinin tad\u0131n\u0131 \u00e7\u0131kar\u0131rs\u0131n\u0131z. Sizin i\u00e7in u\u00e7ak, kar\u015f\u0131lama ve otel dahil olmak \u00fczere t\u00fcm organizasyonu yap\u0131yoruz ve A&#8217;dan Z&#8217;ye t\u00fcm estetik ameliyatlar\u0131 sunuyoruz; meme ameliyatlar\u0131 (b\u00fcy\u00fctme, k\u00fc\u00e7\u00fcltme, dikle\u015ftirme, lifting), burun esteti\u011fi, ya\u011f ald\u0131rma (liposuction), g\u00f6z kapa\u011f\u0131 esteti\u011fi, kar\u0131n germe, y\u00fcz germe (facelift), uyluk germe vb. G\u00fczellik ameliyatlar\u0131, g\u00fczellik klinikleri ve maliyetler hakk\u0131nda daha fazla bilgiyi burada bulabilirsiniz. D\u0130\u015e \u0130MPLANTLARI, D\u0130\u015e D\u00dcZELTMELER\u0130, D\u0130\u015e KRONLARI, D\u0130\u015e K\u00d6PR\u00dcS\u00dc K\u00fc\u00e7\u00fckten b\u00fcy\u00fc\u011fe di\u015f onar\u0131mlar\u0131na m\u0131 ihtiyac\u0131n\u0131z var veya sonunda tekrar g\u00fczelce g\u00fcl\u00fcmsemek mi istiyorsunuz?Y\u00fcksek kaliteli di\u015f tedavileri (\u00f6rne\u011fin di\u015f implantlar\u0131) T\u00fcrkiye&#8217;de %70&#8217;e varan tasarruf imkanlar\u0131yla uygun fiyatlarla mevcuttur! T\u00fcrkiye&#8217;nin muhte\u015fem \u015fehirlerinde (\u0130stanbul, Antalya, Ku\u015fadas\u0131, Bodrum) ac\u0131 veren di\u015f\u00e7i faturalar\u0131na sahip olmak yerine tatilinizin tad\u0131n\u0131 \u00e7\u0131kar\u0131n. \u00c7ok deneyimli di\u015f hekimlerine sahip di\u015f klinikleri Alman hasta dan\u0131\u015fmanl\u0131\u011f\u0131na sahiptir. T\u00fcm seyahatiniz taraf\u0131m\u0131zdan \u00f6zenle organize edilecektir. Daha fazla bilgiyi l\u00fctfen burada bulabilirsiniz. Kaliteli bir di\u015f tedavisi art\u0131k bir servet de\u011ferinde de\u011fil G\u00f6z Lazeri \u2013 T\u00fcrkiye&#8217;de LASIK MedicalTravel, g\u00f6z lazeri ve lens ameliyatlar\u0131n\u0131z\u0131 T\u00fcrkiye&#8217;deki \u0130stanbul, \u0130zmir, Antalya, Kayseri&#8217;nin en iyi g\u00f6z kliniklerinde organize etmektedir. T\u00fcrkiye, 1 numara LASIK ameliyatlar\u0131 ve ReLex Smile destinasyonu haline gelmi\u015ftir. G\u00f6z tedavinizin yan\u0131 s\u0131ra, T\u00fcrkiye&#8217;nin g\u00fczel \u015fehirlerini yeni g\u00f6zlerle, g\u00f6zl\u00fck veya lens olmadan hayranl\u0131kla izleyebilirsiniz. \u0130ste\u011finizi ger\u00e7ekle\u015ftiriyor ve size d\u00fcnyaca \u00fcnl\u00fc g\u00f6z lazer kliniklerinde y\u00fcksek kaliteli bir g\u00f6z lazeri ameliyat\u0131 sa\u011fl\u0131yoruz. T\u00fcrkiye&#8217;deki LASIK ve g\u00f6z lazeri ameliyatlar\u0131, en son teknoloji, hijyen ve kaliteden \u00f6d\u00fcn vermeden uygun fiyatl\u0131 ve g\u00fcvenlidir. Daha fazla bilgiye buradan ula\u015fabilirsiniz. T\u00fcrkiye&#8217;de g\u00f6z lazeri tedavileri, uygun fiyatlarla en y\u00fcksek kalite IVF- T\u00dcP BEBEK TEDAV\u0130LER\u0130 Evlisiniz ve bir aile kurmak istiyorsunuz, ancak \u00e7ocuk sahibi olmak maalesef m\u00fcmk\u00fcn olmuyor mu? T\u00fcrkiye, a\u015fa\u011f\u0131dakilerle birinci s\u0131n\u0131f t\u00fcp bebek tedavileri sunmaktad\u0131r:\u00c7ok y\u00fcksek ba\u015far\u0131 oranlar\u0131na sahip IVF veya ICSI y\u00f6ntemleri. Ayr\u0131ca, T\u00fcrkiye yasalar\u0131 yapay d\u00f6llenme konusunda daha fazla denemeye izin vermektedir. Siz de \u0130stanbul veya Antalya&#8217;daki \u00e7ok deneyimli IVF merkezlerinden yararlan\u0131n. Daha fazla bilgi i\u00e7in buraya t\u0131klay\u0131n. E-posta veya WhatsApp ile bizimle ileti\u015fime ge\u00e7menizi sab\u0131rs\u0131zl\u0131kla bekliyoruz. T\u00fcrkiye&#8217;de \u00e7ocuk sahibi olma hayalinizi ger\u00e7ekle\u015ftirin<\/p>\n","protected":false},"author":4,"featured_media":0,"parent":0,"menu_order":0,"comment_status":"closed","ping_status":"closed","template":"elementor_canvas","meta":{"_joinchat":[],"footnotes":""},"class_list":["post-3571","page","type-page","status-publish","hentry"],"acf":[],"_links":{"self":[{"href":"https:\/\/medicaltravel.at\/tr\/wp-json\/wp\/v2\/pages\/3571","targetHints":{"allow":["GET"]}}],"collection":[{"href":"https:\/\/medicaltravel.at\/tr\/wp-json\/wp\/v2\/pages"}],"about":[{"href":"https:\/\/medicaltravel.at\/tr\/wp-json\/wp\/v2\/types\/page"}],"author":[{"embeddable":true,"href":"https:\/\/medicaltravel.at\/tr\/wp-json\/wp\/v2\/users\/4"}],"replies":[{"embeddable":true,"href":"https:\/\/medicaltravel.at\/tr\/wp-json\/wp\/v2\/comments?post=3571"}],"version-history":[{"count":15,"href":"https:\/\/medicaltravel.at\/tr\/wp-json\/wp\/v2\/pages\/3571\/revisions"}],"predecessor-version":[{"id":5393,"href":"https:\/\/medicaltravel.at\/tr\/wp-json\/wp\/v2\/pages\/3571\/revisions\/5393"}],"wp:attachment":[{"href":"https:\/\/medicaltravel.at\/tr\/wp-json\/wp\/v2\/media?parent=3571"}],"curies":[{"name":"wp","href":"https:\/\/api.w.org\/{rel}","templated":true}]}}